{"id":21423,"date":"2022-10-10T07:29:36","date_gmt":"2022-10-10T07:29:36","guid":{"rendered":"https:\/\/www.azur-scenic.com\/job\/"},"modified":"2023-06-12T16:17:14","modified_gmt":"2023-06-12T16:17:14","slug":"job","status":"publish","type":"page","link":"https:\/\/www.azur-scenic.com\/en\/job\/","title":{"rendered":"Job"},"content":{"rendered":"\t\t<div data-elementor-type=\"wp-page\" data-elementor-id=\"21423\" class=\"elementor elementor-21423 elementor-6199\" data-elementor-post-type=\"page\">\n\t\t\t\t\t\t<section class=\"elementor-section elementor-top-section elementor-element elementor-element-a735e49 elementor-section-boxed elementor-section-height-default elementor-section-height-default\" data-id=\"a735e49\" data-element_type=\"section\" data-e-type=\"section\">\n\t\t\t\t\t\t<div class=\"elementor-container elementor-column-gap-default\">\n\t\t\t\t\t<div class=\"elementor-column elementor-col-100 elementor-top-column elementor-element elementor-element-ca6bd07\" data-id=\"ca6bd07\" data-element_type=\"column\" data-e-type=\"column\">\n\t\t\t<div class=\"elementor-widget-wrap elementor-element-populated\">\n\t\t\t\t\t\t<div class=\"elementor-element elementor-element-5badb3e elementor-widget elementor-widget-heading\" data-id=\"5badb3e\" data-element_type=\"widget\" data-e-type=\"widget\" data-widget_type=\"heading.default\">\n\t\t\t\t<div class=\"elementor-widget-container\">\n\t\t\t\t\t<h1 class=\"elementor-heading-title elementor-size-default\">Join us!<\/h1>\t\t\t\t<\/div>\n\t\t\t\t<\/div>\n\t\t\t\t\t<\/div>\n\t\t<\/div>\n\t\t\t\t\t<\/div>\n\t\t<\/section>\n\t\t\t\t<section class=\"elementor-section elementor-top-section elementor-element elementor-element-7a1b281 elementor-section-boxed elementor-section-height-default elementor-section-height-default\" data-id=\"7a1b281\" data-element_type=\"section\" data-e-type=\"section\">\n\t\t\t\t\t\t<div class=\"elementor-container elementor-column-gap-default\">\n\t\t\t\t\t<div class=\"elementor-column elementor-col-100 elementor-top-column elementor-element elementor-element-03f1ed6\" data-id=\"03f1ed6\" data-element_type=\"column\" data-e-type=\"column\">\n\t\t\t<div class=\"elementor-widget-wrap elementor-element-populated\">\n\t\t\t\t\t\t<div class=\"elementor-element elementor-element-3c7c37f elementor-widget elementor-widget-text-editor\" data-id=\"3c7c37f\" data-element_type=\"widget\" data-e-type=\"widget\" data-widget_type=\"text-editor.default\">\n\t\t\t\t<div class=\"elementor-widget-container\">\n\t\t\t\t\t\t\t\t\t<p style=\"text-align: center;\">If you\u2019re passionate about <strong>culture<\/strong>&#8230; <br \/>If you want to dive into the world of <strong>shows<\/strong> and <strong>events<\/strong>&#8230;<\/p><p style=\"text-align: center;\">If you want to be part of a moderately-sized yet <strong>dynamic company<\/strong> where  <br \/>you\u2019ll be given <strong>a range of responsibilities<\/strong> that let you <strong>challenge yourself<\/strong> <br \/>in a professional setting where every day is different&#8230;<\/p><p style=\"text-align: center;\">Then why not join our <strong>young<\/strong> and <strong>dynamic<\/strong> team at Azur Sc\u00e9nic!<\/p>\t\t\t\t\t\t\t\t\t<\/div>\n\t\t\t\t<\/div>\n\t\t\t\t<div class=\"elementor-element elementor-element-898e9a7 elementor-widget elementor-widget-image\" data-id=\"898e9a7\" data-element_type=\"widget\" data-e-type=\"widget\" data-widget_type=\"image.default\">\n\t\t\t\t<div class=\"elementor-widget-container\">\n\t\t\t\t\t\t\t\t\t\t\t\t\t\t\t<img fetchpriority=\"high\" decoding=\"async\" width=\"2560\" height=\"691\" src=\"https:\/\/www.azur-scenic.com\/wp-content\/uploads\/colleagues-giving-fist-bump-scaled-e1665405647636.jpg\" class=\"attachment-full size-full wp-image-11168\" alt=\"\" srcset=\"https:\/\/www.azur-scenic.com\/wp-content\/uploads\/colleagues-giving-fist-bump-scaled-e1665405647636.jpg 2560w, https:\/\/www.azur-scenic.com\/wp-content\/uploads\/colleagues-giving-fist-bump-scaled-e1665405647636-100x27.jpg 100w, https:\/\/www.azur-scenic.com\/wp-content\/uploads\/colleagues-giving-fist-bump-scaled-e1665405647636-600x162.jpg 600w, https:\/\/www.azur-scenic.com\/wp-content\/uploads\/colleagues-giving-fist-bump-scaled-e1665405647636-300x81.jpg 300w, https:\/\/www.azur-scenic.com\/wp-content\/uploads\/colleagues-giving-fist-bump-scaled-e1665405647636-1024x276.jpg 1024w, https:\/\/www.azur-scenic.com\/wp-content\/uploads\/colleagues-giving-fist-bump-scaled-e1665405647636-768x207.jpg 768w, https:\/\/www.azur-scenic.com\/wp-content\/uploads\/colleagues-giving-fist-bump-scaled-e1665405647636-1536x415.jpg 1536w, https:\/\/www.azur-scenic.com\/wp-content\/uploads\/colleagues-giving-fist-bump-scaled-e1665405647636-2048x553.jpg 2048w\" sizes=\"(max-width: 2560px) 100vw, 2560px\" \/>\t\t\t\t\t\t\t\t\t\t\t\t\t\t\t<\/div>\n\t\t\t\t<\/div>\n\t\t\t\t\t<\/div>\n\t\t<\/div>\n\t\t\t\t\t<\/div>\n\t\t<\/section>\n\t\t\t\t<section class=\"elementor-section elementor-top-section elementor-element elementor-element-5a8e1b3 elementor-section-boxed elementor-section-height-default elementor-section-height-default\" data-id=\"5a8e1b3\" data-element_type=\"section\" data-e-type=\"section\">\n\t\t\t\t\t\t<div class=\"elementor-container elementor-column-gap-default\">\n\t\t\t\t\t<div class=\"elementor-column elementor-col-100 elementor-top-column elementor-element elementor-element-17d5644\" data-id=\"17d5644\" data-element_type=\"column\" data-e-type=\"column\">\n\t\t\t<div class=\"elementor-widget-wrap elementor-element-populated\">\n\t\t\t\t\t\t<div class=\"elementor-element elementor-element-cb2b386 elementor-widget elementor-widget-accordion\" data-id=\"cb2b386\" data-element_type=\"widget\" data-e-type=\"widget\" data-widget_type=\"accordion.default\">\n\t\t\t\t<div class=\"elementor-widget-container\">\n\t\t\t\t\t\t\t<div class=\"elementor-accordion\">\n\t\t\t\t\t\t\t<div class=\"elementor-accordion-item\">\n\t\t\t\t\t<div id=\"elementor-tab-title-2131\" class=\"elementor-tab-title\" data-tab=\"1\" role=\"button\" aria-controls=\"elementor-tab-content-2131\" aria-expanded=\"false\">\n\t\t\t\t\t\t\t\t\t\t\t\t\t<span class=\"elementor-accordion-icon elementor-accordion-icon-left\" aria-hidden=\"true\">\n\t\t\t\t\t\t\t\t\t\t\t\t\t\t\t<span class=\"elementor-accordion-icon-closed\"><i class=\"fas fa-caret-right\"><\/i><\/span>\n\t\t\t\t\t\t\t\t<span class=\"elementor-accordion-icon-opened\"><i class=\"fas fa-caret-down\"><\/i><\/span>\n\t\t\t\t\t\t\t\t\t\t\t\t\t\t<\/span>\n\t\t\t\t\t\t\t\t\t\t\t\t<a class=\"elementor-accordion-title\" tabindex=\"0\">SEND US A CV<\/a>\n\t\t\t\t\t<\/div>\n\t\t\t\t\t<div id=\"elementor-tab-content-2131\" class=\"elementor-tab-content elementor-clearfix\" data-tab=\"1\" role=\"region\" aria-labelledby=\"elementor-tab-title-2131\"><table style=\"border-collapse: collapse; width: 100%;\"><tbody><tr><td style=\"width: 29.3783%;\"><img decoding=\"async\" src=\"https:\/\/www.azur-scenic.com\/wp-content\/uploads\/pexels-lukas-590016-scaled.jpg\" alt=\"\" \/>\u00a0<\/td><td style=\"width: 70.5785%;\"><p>We\u2019re always looking for new, <strong>fresh talent<\/strong>.<\/p><p>If you\u2019ve got <strong>drive<\/strong> and <strong>like to see a job well done<\/strong>,\u00a0and you\u2019d like an in-depth training in the stage equipment industry&#8230;<\/p><p>Whatever your profile, why not send us your CV and become part of our team at one of our sales offices, stores and workshops in Paris (Villepinte), Lyon (Vienne) or Nice (St Jeannet), or bring your skills to our installation and service teams working throughout France and Europe.\u00a0<\/p><p>We want to hear from you today! Send us a CV and covering letter at <a href=\"mailto:rh@azur-scenic.com\">rh@azur-scenic.com<\/a><\/p><\/td><\/tr><\/tbody><\/table><\/div>\n\t\t\t\t<\/div>\n\t\t\t\t\t\t\t<div class=\"elementor-accordion-item\">\n\t\t\t\t\t<div id=\"elementor-tab-title-2132\" class=\"elementor-tab-title\" data-tab=\"2\" role=\"button\" aria-controls=\"elementor-tab-content-2132\" aria-expanded=\"false\">\n\t\t\t\t\t\t\t\t\t\t\t\t\t<span class=\"elementor-accordion-icon elementor-accordion-icon-left\" aria-hidden=\"true\">\n\t\t\t\t\t\t\t\t\t\t\t\t\t\t\t<span class=\"elementor-accordion-icon-closed\"><i class=\"fas fa-caret-right\"><\/i><\/span>\n\t\t\t\t\t\t\t\t<span class=\"elementor-accordion-icon-opened\"><i class=\"fas fa-caret-down\"><\/i><\/span>\n\t\t\t\t\t\t\t\t\t\t\t\t\t\t<\/span>\n\t\t\t\t\t\t\t\t\t\t\t\t<a class=\"elementor-accordion-title\" tabindex=\"0\">REPLY TO A JOB ADVERT<\/a>\n\t\t\t\t\t<\/div>\n\t\t\t\t\t<div id=\"elementor-tab-content-2132\" class=\"elementor-tab-content elementor-clearfix\" data-tab=\"2\" role=\"region\" aria-labelledby=\"elementor-tab-title-2132\"><table style=\"border-collapse: collapse; width: 100%; height: 24px;\"><tbody><tr style=\"height: 24px;\"><td style=\"width: 96.6214%; height: 24px;\"><p>There are currently no adverts at the present time. But why not send us your CV?<\/p><\/td><\/tr><\/tbody><\/table><\/div>\n\t\t\t\t<\/div>\n\t\t\t\t\t\t\t\t<\/div>\n\t\t\t\t\t\t<\/div>\n\t\t\t\t<\/div>\n\t\t\t\t\t<\/div>\n\t\t<\/div>\n\t\t\t\t\t<\/div>\n\t\t<\/section>\n\t\t\t\t<\/div>\n\t\t","protected":false},"excerpt":{"rendered":"<p>Join us! If you\u2019re passionate about culture&#8230; If you want to dive into the world of shows and events&#8230; If you want to be part of a moderately-sized yet dynamic company where you\u2019ll be given a range of responsibilities that let you challenge yourself in a professional setting where every day is different&#8230; Then why [&hellip;]<\/p>\n","protected":false},"author":1,"featured_media":0,"parent":0,"menu_order":0,"comment_status":"closed","ping_status":"closed","template":"","meta":{"_acf_changed":false,"footnotes":""},"class_list":["post-21423","page","type-page","status-publish","hentry"],"acf":[],"yoast_head":"<!-- This site is optimized with the Yoast SEO plugin v27.1.1 - https:\/\/yoast.com\/product\/yoast-seo-wordpress\/ -->\n<title>Job - Azur Scenic<\/title>\n<meta name=\"robots\" content=\"index, follow, max-snippet:-1, max-image-preview:large, max-video-preview:-1\" \/>\n<link rel=\"canonical\" href=\"https:\/\/www.azur-scenic.com\/en\/job\/\" \/>\n<meta property=\"og:locale\" content=\"en_US\" \/>\n<meta property=\"og:type\" content=\"article\" \/>\n<meta property=\"og:title\" content=\"Job - Azur Scenic\" \/>\n<meta property=\"og:description\" content=\"Join us! If you\u2019re passionate about culture&#8230; If you want to dive into the world of shows and events&#8230; If you want to be part of a moderately-sized yet dynamic company where you\u2019ll be given a range of responsibilities that let you challenge yourself in a professional setting where every day is different&#8230; Then why [&hellip;]\" \/>\n<meta property=\"og:url\" content=\"https:\/\/www.azur-scenic.com\/en\/job\/\" \/>\n<meta property=\"og:site_name\" content=\"Azur Scenic\" \/>\n<meta property=\"article:modified_time\" content=\"2023-06-12T16:17:14+00:00\" \/>\n<meta property=\"og:image\" content=\"https:\/\/www.azur-scenic.com\/wp-content\/uploads\/colleagues-giving-fist-bump-scaled-e1665405647636.jpg\" \/>\n<meta name=\"twitter:card\" content=\"summary_large_image\" \/>\n<meta name=\"twitter:label1\" content=\"Est. reading time\" \/>\n\t<meta name=\"twitter:data1\" content=\"2 minutes\" \/>\n<script type=\"application\/ld+json\" class=\"yoast-schema-graph\">{\"@context\":\"https:\/\/schema.org\",\"@graph\":[{\"@type\":\"WebPage\",\"@id\":\"https:\/\/www.azur-scenic.com\/en\/job\/\",\"url\":\"https:\/\/www.azur-scenic.com\/en\/job\/\",\"name\":\"Job - Azur Scenic\",\"isPartOf\":{\"@id\":\"https:\/\/www.azur-scenic.com\/en\/#website\"},\"primaryImageOfPage\":{\"@id\":\"https:\/\/www.azur-scenic.com\/en\/job\/#primaryimage\"},\"image\":{\"@id\":\"https:\/\/www.azur-scenic.com\/en\/job\/#primaryimage\"},\"thumbnailUrl\":\"https:\/\/www.azur-scenic.com\/wp-content\/uploads\/colleagues-giving-fist-bump-scaled-e1665405647636.jpg\",\"datePublished\":\"2022-10-10T07:29:36+00:00\",\"dateModified\":\"2023-06-12T16:17:14+00:00\",\"breadcrumb\":{\"@id\":\"https:\/\/www.azur-scenic.com\/en\/job\/#breadcrumb\"},\"inLanguage\":\"en-US\",\"potentialAction\":[{\"@type\":\"ReadAction\",\"target\":[\"https:\/\/www.azur-scenic.com\/en\/job\/\"]}]},{\"@type\":\"ImageObject\",\"inLanguage\":\"en-US\",\"@id\":\"https:\/\/www.azur-scenic.com\/en\/job\/#primaryimage\",\"url\":\"https:\/\/www.azur-scenic.com\/wp-content\/uploads\/colleagues-giving-fist-bump-scaled-e1665405647636.jpg\",\"contentUrl\":\"https:\/\/www.azur-scenic.com\/wp-content\/uploads\/colleagues-giving-fist-bump-scaled-e1665405647636.jpg\"},{\"@type\":\"BreadcrumbList\",\"@id\":\"https:\/\/www.azur-scenic.com\/en\/job\/#breadcrumb\",\"itemListElement\":[{\"@type\":\"ListItem\",\"position\":1,\"name\":\"Accueil\",\"item\":\"https:\/\/www.azur-scenic.com\/en\/\"},{\"@type\":\"ListItem\",\"position\":2,\"name\":\"Job\"}]},{\"@type\":\"WebSite\",\"@id\":\"https:\/\/www.azur-scenic.com\/en\/#website\",\"url\":\"https:\/\/www.azur-scenic.com\/en\/\",\"name\":\"Azur Scenic\",\"description\":\"Sp\u00e9cialiste de l\u2019\u00e9quipement sc\u00e9nique et de la d\u00e9coration int\u00e9rieure et \u00e9v\u00e9nementielle !\",\"publisher\":{\"@id\":\"https:\/\/www.azur-scenic.com\/en\/#organization\"},\"potentialAction\":[{\"@type\":\"SearchAction\",\"target\":{\"@type\":\"EntryPoint\",\"urlTemplate\":\"https:\/\/www.azur-scenic.com\/en\/?s={search_term_string}\"},\"query-input\":{\"@type\":\"PropertyValueSpecification\",\"valueRequired\":true,\"valueName\":\"search_term_string\"}}],\"inLanguage\":\"en-US\"},{\"@type\":\"Organization\",\"@id\":\"https:\/\/www.azur-scenic.com\/en\/#organization\",\"name\":\"AZUR SCENIC\",\"url\":\"https:\/\/www.azur-scenic.com\/en\/\",\"logo\":{\"@type\":\"ImageObject\",\"inLanguage\":\"en-US\",\"@id\":\"https:\/\/www.azur-scenic.com\/en\/#\/schema\/logo\/image\/\",\"url\":\"https:\/\/www.azur-scenic.com\/wp-content\/uploads\/2022\/09\/LOGO-AZUR-SCENIC-Fusion-web-236x64-1.jpg\",\"contentUrl\":\"https:\/\/www.azur-scenic.com\/wp-content\/uploads\/2022\/09\/LOGO-AZUR-SCENIC-Fusion-web-236x64-1.jpg\",\"width\":236,\"height\":64,\"caption\":\"AZUR SCENIC\"},\"image\":{\"@id\":\"https:\/\/www.azur-scenic.com\/en\/#\/schema\/logo\/image\/\"},\"sameAs\":[\"https:\/\/www.youtube.com\/channel\/UCPWM2mGPVUt4nYhNlm71WOA\",\"https:\/\/www.linkedin.com\/company\/33237605\/admin\/feed\/posts\/\"]}]}<\/script>\n<!-- \/ Yoast SEO plugin. -->","yoast_head_json":{"title":"Job - Azur Scenic","robots":{"index":"index","follow":"follow","max-snippet":"max-snippet:-1","max-image-preview":"max-image-preview:large","max-video-preview":"max-video-preview:-1"},"canonical":"https:\/\/www.azur-scenic.com\/en\/job\/","og_locale":"en_US","og_type":"article","og_title":"Job - Azur Scenic","og_description":"Join us! If you\u2019re passionate about culture&#8230; If you want to dive into the world of shows and events&#8230; If you want to be part of a moderately-sized yet dynamic company where you\u2019ll be given a range of responsibilities that let you challenge yourself in a professional setting where every day is different&#8230; Then why [&hellip;]","og_url":"https:\/\/www.azur-scenic.com\/en\/job\/","og_site_name":"Azur Scenic","article_modified_time":"2023-06-12T16:17:14+00:00","og_image":[{"url":"https:\/\/www.azur-scenic.com\/wp-content\/uploads\/colleagues-giving-fist-bump-scaled-e1665405647636.jpg","type":"","width":"","height":""}],"twitter_card":"summary_large_image","twitter_misc":{"Est. reading time":"2 minutes"},"schema":{"@context":"https:\/\/schema.org","@graph":[{"@type":"WebPage","@id":"https:\/\/www.azur-scenic.com\/en\/job\/","url":"https:\/\/www.azur-scenic.com\/en\/job\/","name":"Job - Azur Scenic","isPartOf":{"@id":"https:\/\/www.azur-scenic.com\/en\/#website"},"primaryImageOfPage":{"@id":"https:\/\/www.azur-scenic.com\/en\/job\/#primaryimage"},"image":{"@id":"https:\/\/www.azur-scenic.com\/en\/job\/#primaryimage"},"thumbnailUrl":"https:\/\/www.azur-scenic.com\/wp-content\/uploads\/colleagues-giving-fist-bump-scaled-e1665405647636.jpg","datePublished":"2022-10-10T07:29:36+00:00","dateModified":"2023-06-12T16:17:14+00:00","breadcrumb":{"@id":"https:\/\/www.azur-scenic.com\/en\/job\/#breadcrumb"},"inLanguage":"en-US","potentialAction":[{"@type":"ReadAction","target":["https:\/\/www.azur-scenic.com\/en\/job\/"]}]},{"@type":"ImageObject","inLanguage":"en-US","@id":"https:\/\/www.azur-scenic.com\/en\/job\/#primaryimage","url":"https:\/\/www.azur-scenic.com\/wp-content\/uploads\/colleagues-giving-fist-bump-scaled-e1665405647636.jpg","contentUrl":"https:\/\/www.azur-scenic.com\/wp-content\/uploads\/colleagues-giving-fist-bump-scaled-e1665405647636.jpg"},{"@type":"BreadcrumbList","@id":"https:\/\/www.azur-scenic.com\/en\/job\/#breadcrumb","itemListElement":[{"@type":"ListItem","position":1,"name":"Accueil","item":"https:\/\/www.azur-scenic.com\/en\/"},{"@type":"ListItem","position":2,"name":"Job"}]},{"@type":"WebSite","@id":"https:\/\/www.azur-scenic.com\/en\/#website","url":"https:\/\/www.azur-scenic.com\/en\/","name":"Azur Scenic","description":"Sp\u00e9cialiste de l\u2019\u00e9quipement sc\u00e9nique et de la d\u00e9coration int\u00e9rieure et \u00e9v\u00e9nementielle !","publisher":{"@id":"https:\/\/www.azur-scenic.com\/en\/#organization"},"potentialAction":[{"@type":"SearchAction","target":{"@type":"EntryPoint","urlTemplate":"https:\/\/www.azur-scenic.com\/en\/?s={search_term_string}"},"query-input":{"@type":"PropertyValueSpecification","valueRequired":true,"valueName":"search_term_string"}}],"inLanguage":"en-US"},{"@type":"Organization","@id":"https:\/\/www.azur-scenic.com\/en\/#organization","name":"AZUR SCENIC","url":"https:\/\/www.azur-scenic.com\/en\/","logo":{"@type":"ImageObject","inLanguage":"en-US","@id":"https:\/\/www.azur-scenic.com\/en\/#\/schema\/logo\/image\/","url":"https:\/\/www.azur-scenic.com\/wp-content\/uploads\/2022\/09\/LOGO-AZUR-SCENIC-Fusion-web-236x64-1.jpg","contentUrl":"https:\/\/www.azur-scenic.com\/wp-content\/uploads\/2022\/09\/LOGO-AZUR-SCENIC-Fusion-web-236x64-1.jpg","width":236,"height":64,"caption":"AZUR SCENIC"},"image":{"@id":"https:\/\/www.azur-scenic.com\/en\/#\/schema\/logo\/image\/"},"sameAs":["https:\/\/www.youtube.com\/channel\/UCPWM2mGPVUt4nYhNlm71WOA","https:\/\/www.linkedin.com\/company\/33237605\/admin\/feed\/posts\/"]}]}},"_links":{"self":[{"href":"https:\/\/www.azur-scenic.com\/en\/wp-json\/wp\/v2\/pages\/21423","targetHints":{"allow":["GET"]}}],"collection":[{"href":"https:\/\/www.azur-scenic.com\/en\/wp-json\/wp\/v2\/pages"}],"about":[{"href":"https:\/\/www.azur-scenic.com\/en\/wp-json\/wp\/v2\/types\/page"}],"author":[{"embeddable":true,"href":"https:\/\/www.azur-scenic.com\/en\/wp-json\/wp\/v2\/users\/1"}],"replies":[{"embeddable":true,"href":"https:\/\/www.azur-scenic.com\/en\/wp-json\/wp\/v2\/comments?post=21423"}],"version-history":[{"count":4,"href":"https:\/\/www.azur-scenic.com\/en\/wp-json\/wp\/v2\/pages\/21423\/revisions"}],"predecessor-version":[{"id":24263,"href":"https:\/\/www.azur-scenic.com\/en\/wp-json\/wp\/v2\/pages\/21423\/revisions\/24263"}],"wp:attachment":[{"href":"https:\/\/www.azur-scenic.com\/en\/wp-json\/wp\/v2\/media?parent=21423"}],"curies":[{"name":"wp","href":"https:\/\/api.w.org\/{rel}","templated":true}]}}