{"id":21429,"date":"2022-09-27T13:52:27","date_gmt":"2022-09-27T13:52:27","guid":{"rendered":"https:\/\/www.azur-scenic.com\/about-us\/"},"modified":"2023-06-12T16:11:10","modified_gmt":"2023-06-12T16:11:10","slug":"about-us","status":"publish","type":"page","link":"https:\/\/www.azur-scenic.com\/en\/about-us\/","title":{"rendered":"About us"},"content":{"rendered":"\t\t<div data-elementor-type=\"wp-page\" data-elementor-id=\"21429\" class=\"elementor elementor-21429 elementor-33\" data-elementor-post-type=\"page\">\n\t\t\t\t\t\t<section class=\"elementor-section elementor-top-section elementor-element elementor-element-226e2ad elementor-section-full_width elementor-section-height-default elementor-section-height-default\" data-id=\"226e2ad\" data-element_type=\"section\" data-e-type=\"section\">\n\t\t\t\t\t\t<div class=\"elementor-container elementor-column-gap-no\">\n\t\t\t\t\t<div class=\"elementor-column elementor-col-100 elementor-top-column elementor-element elementor-element-b8d68f9\" data-id=\"b8d68f9\" data-element_type=\"column\" data-e-type=\"column\">\n\t\t\t<div class=\"elementor-widget-wrap elementor-element-populated\">\n\t\t\t\t\t\t<div class=\"elementor-element elementor-element-6af4c90 elementor--h-position-center elementor--v-position-middle elementor-arrows-position-inside elementor-pagination-position-inside elementor-widget elementor-widget-slides\" data-id=\"6af4c90\" data-element_type=\"widget\" data-e-type=\"widget\" data-settings=\"{&quot;navigation&quot;:&quot;both&quot;,&quot;autoplay&quot;:&quot;yes&quot;,&quot;pause_on_hover&quot;:&quot;yes&quot;,&quot;pause_on_interaction&quot;:&quot;yes&quot;,&quot;autoplay_speed&quot;:5000,&quot;infinite&quot;:&quot;yes&quot;,&quot;transition&quot;:&quot;slide&quot;,&quot;transition_speed&quot;:500}\" data-widget_type=\"slides.default\">\n\t\t\t\t<div class=\"elementor-widget-container\">\n\t\t\t\t\t\t\t\t\t<div class=\"elementor-swiper\">\n\t\t\t\t\t<div class=\"elementor-slides-wrapper elementor-main-swiper swiper\" role=\"region\" aria-roledescription=\"carousel\" aria-label=\"Slides\" dir=\"ltr\" data-animation=\"fadeInUp\">\n\t\t\t\t<div class=\"swiper-wrapper elementor-slides\">\n\t\t\t\t\t\t\t\t\t\t<div class=\"elementor-repeater-item-fbeea96 swiper-slide\" role=\"group\" aria-roledescription=\"slide\"><div class=\"swiper-slide-bg\" role=\"img\" aria-label=\"azur-scenic_-_theatrelight\"><\/div><div class=\"swiper-slide-inner\" ><div class=\"swiper-slide-contents\"><\/div><\/div><\/div><div class=\"elementor-repeater-item-dc873a5 swiper-slide\" role=\"group\" aria-roledescription=\"slide\"><div class=\"swiper-slide-bg\" role=\"img\" aria-label=\"azur-scenic_-_concertaboutlight\"><\/div><div class=\"swiper-slide-inner\" ><div class=\"swiper-slide-contents\"><\/div><\/div><\/div><div class=\"elementor-repeater-item-1d2aaae swiper-slide\" role=\"group\" aria-roledescription=\"slide\"><div class=\"swiper-slide-bg\" role=\"img\" aria-label=\"azur-scenic_-_restaulight\"><\/div><div class=\"swiper-slide-inner\" ><div class=\"swiper-slide-contents\"><\/div><\/div><\/div>\t\t\t\t<\/div>\n\t\t\t\t\t\t\t\t\t\t\t\t\t\t\t<div class=\"elementor-swiper-button elementor-swiper-button-prev\" role=\"button\" tabindex=\"0\" aria-label=\"Previous slide\">\n\t\t\t\t\t\t\t<i aria-hidden=\"true\" class=\"eicon-chevron-left\"><\/i>\t\t\t\t\t\t<\/div>\n\t\t\t\t\t\t<div class=\"elementor-swiper-button elementor-swiper-button-next\" role=\"button\" tabindex=\"0\" aria-label=\"Next slide\">\n\t\t\t\t\t\t\t<i aria-hidden=\"true\" class=\"eicon-chevron-right\"><\/i>\t\t\t\t\t\t<\/div>\n\t\t\t\t\t\t\t\t\t\t\t\t\t\t\t\t<div class=\"swiper-pagination\"><\/div>\n\t\t\t\t\t\t\t\t\t\t\t\t<\/div>\n\t\t\t\t<\/div>\n\t\t\t\t\t\t\t\t<\/div>\n\t\t\t\t<\/div>\n\t\t\t\t\t<\/div>\n\t\t<\/div>\n\t\t\t\t\t<\/div>\n\t\t<\/section>\n\t\t\t\t<section class=\"elementor-section elementor-top-section elementor-element elementor-element-bf742e0 elementor-section-boxed elementor-section-height-default elementor-section-height-default\" data-id=\"bf742e0\" data-element_type=\"section\" data-e-type=\"section\">\n\t\t\t\t\t\t<div class=\"elementor-container elementor-column-gap-default\">\n\t\t\t\t\t<div class=\"elementor-column elementor-col-100 elementor-top-column elementor-element elementor-element-fcaef19\" data-id=\"fcaef19\" data-element_type=\"column\" data-e-type=\"column\">\n\t\t\t<div class=\"elementor-widget-wrap elementor-element-populated\">\n\t\t\t\t\t\t<div class=\"elementor-element elementor-element-31a412c elementor-widget elementor-widget-heading\" data-id=\"31a412c\" data-element_type=\"widget\" data-e-type=\"widget\" data-widget_type=\"heading.default\">\n\t\t\t\t<div class=\"elementor-widget-container\">\n\t\t\t\t\t<h1 class=\"elementor-heading-title elementor-size-default\">BY YOUR SIDE FOR MORE THAN 30 YEARS<\/h1>\t\t\t\t<\/div>\n\t\t\t\t<\/div>\n\t\t\t\t\t<\/div>\n\t\t<\/div>\n\t\t\t\t\t<\/div>\n\t\t<\/section>\n\t\t\t\t<section class=\"elementor-section elementor-top-section elementor-element elementor-element-5e96811 elementor-section-boxed elementor-section-height-default elementor-section-height-default\" data-id=\"5e96811\" data-element_type=\"section\" data-e-type=\"section\">\n\t\t\t\t\t\t<div class=\"elementor-container elementor-column-gap-default\">\n\t\t\t\t\t<div class=\"elementor-column elementor-col-100 elementor-top-column elementor-element elementor-element-9bc0dec\" data-id=\"9bc0dec\" data-element_type=\"column\" data-e-type=\"column\">\n\t\t\t<div class=\"elementor-widget-wrap elementor-element-populated\">\n\t\t\t\t\t\t<div class=\"elementor-element elementor-element-adf1fc0 elementor-widget elementor-widget-heading\" data-id=\"adf1fc0\" data-element_type=\"widget\" data-e-type=\"widget\" data-widget_type=\"heading.default\">\n\t\t\t\t<div class=\"elementor-widget-container\">\n\t\t\t\t\t<h3 class=\"elementor-heading-title elementor-size-default\">Experience, innovation, choice, and quality since 1989...<\/h3>\t\t\t\t<\/div>\n\t\t\t\t<\/div>\n\t\t\t\t<div class=\"elementor-element elementor-element-5c71116 elementor-widget elementor-widget-text-editor\" data-id=\"5c71116\" data-element_type=\"widget\" data-e-type=\"widget\" data-widget_type=\"text-editor.default\">\n\t\t\t\t<div class=\"elementor-widget-container\">\n\t\t\t\t\t\t\t\t\t<p>The market leader in France and an essential partner for all your events, Azur Scenic is the specialist for <strong>stage equipment<\/strong>\u00a0and <strong>events decorations<\/strong>, offering you a wide range of <strong>flame-retardant textiles<\/strong>, <strong>curtain tracks<\/strong>, <strong>screens<\/strong>\u00a0and <strong>stage accessories<\/strong>.<\/p>\n<p>Always with the same willingness to continue our adventure in the world of shows and events, our company has worked hard to carve out its place as\u00a0<strong>market leader in France for over 10 years<\/strong>\u00a0as well as one of\u00a0<strong>Europe\u2019s leading companies<\/strong>\u00a0in the sector.<\/p>\n<p>Hard-working, proactive, always willing to go the extra mile, our 33 years\u2019 of experience have a single aim: to meet and exceed your needs and make your dreams a reality. To achieve this goal, we are always working\u00a0<strong>to innovate<\/strong>\u00a0and offer you the textiles of tomorrow! It\u2019s your special requests that drive us: you imagine, we make it happen! Your event is our\u00a0<strong>passion<\/strong>!<\/p>\t\t\t\t\t\t\t\t<\/div>\n\t\t\t\t<\/div>\n\t\t\t\t<div class=\"elementor-element elementor-element-b8b1745 elementor-widget elementor-widget-image\" data-id=\"b8b1745\" data-element_type=\"widget\" data-e-type=\"widget\" data-widget_type=\"image.default\">\n\t\t\t\t<div class=\"elementor-widget-container\">\n\t\t\t\t\t\t\t\t\t\t\t\t\t\t\t<img fetchpriority=\"high\" decoding=\"async\" width=\"1650\" height=\"741\" src=\"https:\/\/www.azur-scenic.com\/wp-content\/uploads\/2022\/09\/azur-scenic-danse1_light.jpg\" class=\"attachment-full size-full wp-image-6366\" alt=\"\" srcset=\"https:\/\/www.azur-scenic.com\/wp-content\/uploads\/2022\/09\/azur-scenic-danse1_light.jpg 1650w, https:\/\/www.azur-scenic.com\/wp-content\/uploads\/2022\/09\/azur-scenic-danse1_light-100x45.jpg 100w, https:\/\/www.azur-scenic.com\/wp-content\/uploads\/2022\/09\/azur-scenic-danse1_light-600x269.jpg 600w, https:\/\/www.azur-scenic.com\/wp-content\/uploads\/2022\/09\/azur-scenic-danse1_light-300x135.jpg 300w, https:\/\/www.azur-scenic.com\/wp-content\/uploads\/2022\/09\/azur-scenic-danse1_light-1024x460.jpg 1024w, https:\/\/www.azur-scenic.com\/wp-content\/uploads\/2022\/09\/azur-scenic-danse1_light-768x345.jpg 768w, https:\/\/www.azur-scenic.com\/wp-content\/uploads\/2022\/09\/azur-scenic-danse1_light-1536x690.jpg 1536w\" sizes=\"(max-width: 1650px) 100vw, 1650px\" \/>\t\t\t\t\t\t\t\t\t\t\t\t\t\t\t<\/div>\n\t\t\t\t<\/div>\n\t\t\t\t<div class=\"elementor-element elementor-element-c54131f elementor-widget elementor-widget-heading\" data-id=\"c54131f\" data-element_type=\"widget\" data-e-type=\"widget\" data-widget_type=\"heading.default\">\n\t\t\t\t<div class=\"elementor-widget-container\">\n\t\t\t\t\t<h2 class=\"elementor-heading-title elementor-size-default\">INNOVATION: OUR VISION<\/h2>\t\t\t\t<\/div>\n\t\t\t\t<\/div>\n\t\t\t\t<div class=\"elementor-element elementor-element-5ebe83a elementor-widget elementor-widget-heading\" data-id=\"5ebe83a\" data-element_type=\"widget\" data-e-type=\"widget\" data-widget_type=\"heading.default\">\n\t\t\t\t<div class=\"elementor-widget-container\">\n\t\t\t\t\t<h3 class=\"elementor-heading-title elementor-size-default\">The world is ever-changing, and textiles and the needs of the stage are changing too!<\/h3>\t\t\t\t<\/div>\n\t\t\t\t<\/div>\n\t\t\t\t<div class=\"elementor-element elementor-element-2d795a0 elementor-widget elementor-widget-text-editor\" data-id=\"2d795a0\" data-element_type=\"widget\" data-e-type=\"widget\" data-widget_type=\"text-editor.default\">\n\t\t\t\t<div class=\"elementor-widget-container\">\n\t\t\t\t\t\t\t\t\t<p>We offer over<strong>\u00a0220 high-quality products<\/strong>\u00a0each selected by our purchasing department who are\u00a0constantly searching for <strong>new and innovative products<\/strong>\u00a0as well as new partners around the world to offer the classic products from the sector, but also to <strong>create future classics<\/strong>.<\/p><p>The\u00a0<strong>sheer diversity<\/strong>\u00a0of our range goes hand-in-hand with its originality, and the <strong>desire to innovate<\/strong>\u00a0and to set ourselves apart from the competition. That\u2019s how we are pleased to play a part in helping our customers\u00a0<strong>stand out<\/strong> and create new and exciting projects.<\/p><p>Azur Scenic is committed to going the extra mile to offer truly outstanding products and services. At Azur Scenic, it\u2019s not enough just to pick up on\u00a0<strong>coming trends<\/strong>\u00a0but to be at the cutting edge.<\/p>\t\t\t\t\t\t\t\t\t<\/div>\n\t\t\t\t<\/div>\n\t\t\t\t<div class=\"elementor-element elementor-element-e1307f7 elementor-widget elementor-widget-image\" data-id=\"e1307f7\" data-element_type=\"widget\" data-e-type=\"widget\" data-widget_type=\"image.default\">\n\t\t\t\t<div class=\"elementor-widget-container\">\n\t\t\t\t\t\t\t\t\t\t\t\t\t\t\t<img decoding=\"async\" width=\"1650\" height=\"248\" src=\"https:\/\/www.azur-scenic.com\/wp-content\/uploads\/2022\/09\/AZUR-SCENIC_-_laserlight.jpg\" class=\"attachment-full size-full wp-image-6369\" alt=\"\" srcset=\"https:\/\/www.azur-scenic.com\/wp-content\/uploads\/2022\/09\/AZUR-SCENIC_-_laserlight.jpg 1650w, https:\/\/www.azur-scenic.com\/wp-content\/uploads\/2022\/09\/AZUR-SCENIC_-_laserlight-100x15.jpg 100w, https:\/\/www.azur-scenic.com\/wp-content\/uploads\/2022\/09\/AZUR-SCENIC_-_laserlight-600x90.jpg 600w, https:\/\/www.azur-scenic.com\/wp-content\/uploads\/2022\/09\/AZUR-SCENIC_-_laserlight-300x45.jpg 300w, https:\/\/www.azur-scenic.com\/wp-content\/uploads\/2022\/09\/AZUR-SCENIC_-_laserlight-1024x154.jpg 1024w, https:\/\/www.azur-scenic.com\/wp-content\/uploads\/2022\/09\/AZUR-SCENIC_-_laserlight-768x115.jpg 768w, https:\/\/www.azur-scenic.com\/wp-content\/uploads\/2022\/09\/AZUR-SCENIC_-_laserlight-1536x231.jpg 1536w\" sizes=\"(max-width: 1650px) 100vw, 1650px\" \/>\t\t\t\t\t\t\t\t\t\t\t\t\t\t\t<\/div>\n\t\t\t\t<\/div>\n\t\t\t\t\t<\/div>\n\t\t<\/div>\n\t\t\t\t\t<\/div>\n\t\t<\/section>\n\t\t\t\t<\/div>\n\t\t","protected":false},"excerpt":{"rendered":"<p>Previous slide Next slide BY YOUR SIDE FOR MORE THAN 30 YEARS Experience, innovation, choice, and quality since 1989&#8230; The market leader in France and an essential partner for all your events, Azur Scenic is the specialist for stage equipment\u00a0and events decorations, offering you a wide range of flame-retardant textiles, curtain tracks, screens\u00a0and stage accessories. [&hellip;]<\/p>\n","protected":false},"author":1,"featured_media":0,"parent":0,"menu_order":0,"comment_status":"closed","ping_status":"closed","template":"","meta":{"_acf_changed":false,"footnotes":""},"class_list":["post-21429","page","type-page","status-publish","hentry"],"acf":[],"yoast_head":"<!-- This site is optimized with the Yoast SEO plugin v27.3 - https:\/\/yoast.com\/product\/yoast-seo-wordpress\/ -->\n<title>About us - Azur Scenic<\/title>\n<meta name=\"robots\" content=\"index, follow, max-snippet:-1, max-image-preview:large, max-video-preview:-1\" \/>\n<link rel=\"canonical\" href=\"https:\/\/www.azur-scenic.com\/en\/about-us\/\" \/>\n<meta property=\"og:locale\" content=\"en_US\" \/>\n<meta property=\"og:type\" content=\"article\" \/>\n<meta property=\"og:title\" content=\"About us - Azur Scenic\" \/>\n<meta property=\"og:description\" content=\"Previous slide Next slide BY YOUR SIDE FOR MORE THAN 30 YEARS Experience, innovation, choice, and quality since 1989&#8230; The market leader in France and an essential partner for all your events, Azur Scenic is the specialist for stage equipment\u00a0and events decorations, offering you a wide range of flame-retardant textiles, curtain tracks, screens\u00a0and stage accessories. [&hellip;]\" \/>\n<meta property=\"og:url\" content=\"https:\/\/www.azur-scenic.com\/en\/about-us\/\" \/>\n<meta property=\"og:site_name\" content=\"Azur Scenic\" \/>\n<meta property=\"article:modified_time\" content=\"2023-06-12T16:11:10+00:00\" \/>\n<meta property=\"og:image\" content=\"https:\/\/www.azur-scenic.com\/wp-content\/uploads\/2022\/09\/azur-scenic-danse1_light.jpg\" \/>\n<meta name=\"twitter:card\" content=\"summary_large_image\" \/>\n<meta name=\"twitter:label1\" content=\"Est. reading time\" \/>\n\t<meta name=\"twitter:data1\" content=\"2 minutes\" \/>\n<script type=\"application\/ld+json\" class=\"yoast-schema-graph\">{\"@context\":\"https:\\\/\\\/schema.org\",\"@graph\":[{\"@type\":\"WebPage\",\"@id\":\"https:\\\/\\\/www.azur-scenic.com\\\/en\\\/about-us\\\/\",\"url\":\"https:\\\/\\\/www.azur-scenic.com\\\/en\\\/about-us\\\/\",\"name\":\"About us - Azur Scenic\",\"isPartOf\":{\"@id\":\"https:\\\/\\\/www.azur-scenic.com\\\/en\\\/#website\"},\"primaryImageOfPage\":{\"@id\":\"https:\\\/\\\/www.azur-scenic.com\\\/en\\\/about-us\\\/#primaryimage\"},\"image\":{\"@id\":\"https:\\\/\\\/www.azur-scenic.com\\\/en\\\/about-us\\\/#primaryimage\"},\"thumbnailUrl\":\"https:\\\/\\\/www.azur-scenic.com\\\/wp-content\\\/uploads\\\/2022\\\/09\\\/azur-scenic-danse1_light.jpg\",\"datePublished\":\"2022-09-27T13:52:27+00:00\",\"dateModified\":\"2023-06-12T16:11:10+00:00\",\"breadcrumb\":{\"@id\":\"https:\\\/\\\/www.azur-scenic.com\\\/en\\\/about-us\\\/#breadcrumb\"},\"inLanguage\":\"en-US\",\"potentialAction\":[{\"@type\":\"ReadAction\",\"target\":[\"https:\\\/\\\/www.azur-scenic.com\\\/en\\\/about-us\\\/\"]}]},{\"@type\":\"ImageObject\",\"inLanguage\":\"en-US\",\"@id\":\"https:\\\/\\\/www.azur-scenic.com\\\/en\\\/about-us\\\/#primaryimage\",\"url\":\"https:\\\/\\\/www.azur-scenic.com\\\/wp-content\\\/uploads\\\/2022\\\/09\\\/azur-scenic-danse1_light.jpg\",\"contentUrl\":\"https:\\\/\\\/www.azur-scenic.com\\\/wp-content\\\/uploads\\\/2022\\\/09\\\/azur-scenic-danse1_light.jpg\"},{\"@type\":\"BreadcrumbList\",\"@id\":\"https:\\\/\\\/www.azur-scenic.com\\\/en\\\/about-us\\\/#breadcrumb\",\"itemListElement\":[{\"@type\":\"ListItem\",\"position\":1,\"name\":\"Accueil\",\"item\":\"https:\\\/\\\/www.azur-scenic.com\\\/en\\\/\"},{\"@type\":\"ListItem\",\"position\":2,\"name\":\"About us\"}]},{\"@type\":\"WebSite\",\"@id\":\"https:\\\/\\\/www.azur-scenic.com\\\/en\\\/#website\",\"url\":\"https:\\\/\\\/www.azur-scenic.com\\\/en\\\/\",\"name\":\"Azur Scenic\",\"description\":\"Sp\u00e9cialiste de l\u2019\u00e9quipement sc\u00e9nique et de la d\u00e9coration int\u00e9rieure et \u00e9v\u00e9nementielle !\",\"publisher\":{\"@id\":\"https:\\\/\\\/www.azur-scenic.com\\\/en\\\/#organization\"},\"potentialAction\":[{\"@type\":\"SearchAction\",\"target\":{\"@type\":\"EntryPoint\",\"urlTemplate\":\"https:\\\/\\\/www.azur-scenic.com\\\/en\\\/?s={search_term_string}\"},\"query-input\":{\"@type\":\"PropertyValueSpecification\",\"valueRequired\":true,\"valueName\":\"search_term_string\"}}],\"inLanguage\":\"en-US\"},{\"@type\":\"Organization\",\"@id\":\"https:\\\/\\\/www.azur-scenic.com\\\/en\\\/#organization\",\"name\":\"AZUR SCENIC\",\"url\":\"https:\\\/\\\/www.azur-scenic.com\\\/en\\\/\",\"logo\":{\"@type\":\"ImageObject\",\"inLanguage\":\"en-US\",\"@id\":\"https:\\\/\\\/www.azur-scenic.com\\\/en\\\/#\\\/schema\\\/logo\\\/image\\\/\",\"url\":\"https:\\\/\\\/www.azur-scenic.com\\\/wp-content\\\/uploads\\\/2022\\\/09\\\/LOGO-AZUR-SCENIC-Fusion-web-236x64-1.jpg\",\"contentUrl\":\"https:\\\/\\\/www.azur-scenic.com\\\/wp-content\\\/uploads\\\/2022\\\/09\\\/LOGO-AZUR-SCENIC-Fusion-web-236x64-1.jpg\",\"width\":236,\"height\":64,\"caption\":\"AZUR SCENIC\"},\"image\":{\"@id\":\"https:\\\/\\\/www.azur-scenic.com\\\/en\\\/#\\\/schema\\\/logo\\\/image\\\/\"},\"sameAs\":[\"https:\\\/\\\/www.youtube.com\\\/channel\\\/UCPWM2mGPVUt4nYhNlm71WOA\",\"https:\\\/\\\/www.linkedin.com\\\/company\\\/33237605\\\/admin\\\/feed\\\/posts\\\/\"]}]}<\/script>\n<!-- \/ Yoast SEO plugin. -->","yoast_head_json":{"title":"About us - Azur Scenic","robots":{"index":"index","follow":"follow","max-snippet":"max-snippet:-1","max-image-preview":"max-image-preview:large","max-video-preview":"max-video-preview:-1"},"canonical":"https:\/\/www.azur-scenic.com\/en\/about-us\/","og_locale":"en_US","og_type":"article","og_title":"About us - Azur Scenic","og_description":"Previous slide Next slide BY YOUR SIDE FOR MORE THAN 30 YEARS Experience, innovation, choice, and quality since 1989&#8230; The market leader in France and an essential partner for all your events, Azur Scenic is the specialist for stage equipment\u00a0and events decorations, offering you a wide range of flame-retardant textiles, curtain tracks, screens\u00a0and stage accessories. [&hellip;]","og_url":"https:\/\/www.azur-scenic.com\/en\/about-us\/","og_site_name":"Azur Scenic","article_modified_time":"2023-06-12T16:11:10+00:00","og_image":[{"url":"https:\/\/www.azur-scenic.com\/wp-content\/uploads\/2022\/09\/azur-scenic-danse1_light.jpg","type":"","width":"","height":""}],"twitter_card":"summary_large_image","twitter_misc":{"Est. reading time":"2 minutes"},"schema":{"@context":"https:\/\/schema.org","@graph":[{"@type":"WebPage","@id":"https:\/\/www.azur-scenic.com\/en\/about-us\/","url":"https:\/\/www.azur-scenic.com\/en\/about-us\/","name":"About us - Azur Scenic","isPartOf":{"@id":"https:\/\/www.azur-scenic.com\/en\/#website"},"primaryImageOfPage":{"@id":"https:\/\/www.azur-scenic.com\/en\/about-us\/#primaryimage"},"image":{"@id":"https:\/\/www.azur-scenic.com\/en\/about-us\/#primaryimage"},"thumbnailUrl":"https:\/\/www.azur-scenic.com\/wp-content\/uploads\/2022\/09\/azur-scenic-danse1_light.jpg","datePublished":"2022-09-27T13:52:27+00:00","dateModified":"2023-06-12T16:11:10+00:00","breadcrumb":{"@id":"https:\/\/www.azur-scenic.com\/en\/about-us\/#breadcrumb"},"inLanguage":"en-US","potentialAction":[{"@type":"ReadAction","target":["https:\/\/www.azur-scenic.com\/en\/about-us\/"]}]},{"@type":"ImageObject","inLanguage":"en-US","@id":"https:\/\/www.azur-scenic.com\/en\/about-us\/#primaryimage","url":"https:\/\/www.azur-scenic.com\/wp-content\/uploads\/2022\/09\/azur-scenic-danse1_light.jpg","contentUrl":"https:\/\/www.azur-scenic.com\/wp-content\/uploads\/2022\/09\/azur-scenic-danse1_light.jpg"},{"@type":"BreadcrumbList","@id":"https:\/\/www.azur-scenic.com\/en\/about-us\/#breadcrumb","itemListElement":[{"@type":"ListItem","position":1,"name":"Accueil","item":"https:\/\/www.azur-scenic.com\/en\/"},{"@type":"ListItem","position":2,"name":"About us"}]},{"@type":"WebSite","@id":"https:\/\/www.azur-scenic.com\/en\/#website","url":"https:\/\/www.azur-scenic.com\/en\/","name":"Azur Scenic","description":"Sp\u00e9cialiste de l\u2019\u00e9quipement sc\u00e9nique et de la d\u00e9coration int\u00e9rieure et \u00e9v\u00e9nementielle !","publisher":{"@id":"https:\/\/www.azur-scenic.com\/en\/#organization"},"potentialAction":[{"@type":"SearchAction","target":{"@type":"EntryPoint","urlTemplate":"https:\/\/www.azur-scenic.com\/en\/?s={search_term_string}"},"query-input":{"@type":"PropertyValueSpecification","valueRequired":true,"valueName":"search_term_string"}}],"inLanguage":"en-US"},{"@type":"Organization","@id":"https:\/\/www.azur-scenic.com\/en\/#organization","name":"AZUR SCENIC","url":"https:\/\/www.azur-scenic.com\/en\/","logo":{"@type":"ImageObject","inLanguage":"en-US","@id":"https:\/\/www.azur-scenic.com\/en\/#\/schema\/logo\/image\/","url":"https:\/\/www.azur-scenic.com\/wp-content\/uploads\/2022\/09\/LOGO-AZUR-SCENIC-Fusion-web-236x64-1.jpg","contentUrl":"https:\/\/www.azur-scenic.com\/wp-content\/uploads\/2022\/09\/LOGO-AZUR-SCENIC-Fusion-web-236x64-1.jpg","width":236,"height":64,"caption":"AZUR SCENIC"},"image":{"@id":"https:\/\/www.azur-scenic.com\/en\/#\/schema\/logo\/image\/"},"sameAs":["https:\/\/www.youtube.com\/channel\/UCPWM2mGPVUt4nYhNlm71WOA","https:\/\/www.linkedin.com\/company\/33237605\/admin\/feed\/posts\/"]}]}},"_links":{"self":[{"href":"https:\/\/www.azur-scenic.com\/en\/wp-json\/wp\/v2\/pages\/21429","targetHints":{"allow":["GET"]}}],"collection":[{"href":"https:\/\/www.azur-scenic.com\/en\/wp-json\/wp\/v2\/pages"}],"about":[{"href":"https:\/\/www.azur-scenic.com\/en\/wp-json\/wp\/v2\/types\/page"}],"author":[{"embeddable":true,"href":"https:\/\/www.azur-scenic.com\/en\/wp-json\/wp\/v2\/users\/1"}],"replies":[{"embeddable":true,"href":"https:\/\/www.azur-scenic.com\/en\/wp-json\/wp\/v2\/comments?post=21429"}],"version-history":[{"count":4,"href":"https:\/\/www.azur-scenic.com\/en\/wp-json\/wp\/v2\/pages\/21429\/revisions"}],"predecessor-version":[{"id":24259,"href":"https:\/\/www.azur-scenic.com\/en\/wp-json\/wp\/v2\/pages\/21429\/revisions\/24259"}],"wp:attachment":[{"href":"https:\/\/www.azur-scenic.com\/en\/wp-json\/wp\/v2\/media?parent=21429"}],"curies":[{"name":"wp","href":"https:\/\/api.w.org\/{rel}","templated":true}]}}