{"id":17117,"date":"2022-10-14T06:52:24","date_gmt":"2022-10-14T06:52:24","guid":{"rendered":"https:\/\/www.azur-scenic.com\/produit\/velours-seine\/"},"modified":"2023-08-02T12:54:22","modified_gmt":"2023-08-02T12:54:22","slug":"seine-velour","status":"publish","type":"product","link":"https:\/\/www.azur-scenic.com\/en\/product\/seine-velour\/","title":{"rendered":"Seine velour"},"content":{"rendered":"<table style=\"width: 40.101%;\">\n<thead>\n<tr>\n<th style=\"width: 31.5217%;\">Technical data<\/th>\n<th style=\"width: 29.3478%;\">Value<\/th>\n<th style=\"width: 37.3188%;\">Notes<\/th>\n<\/tr>\n<\/thead>\n<tbody>\n<tr>\n<td style=\"vertical-align: top; width: 31.5217%;\">Width<\/td>\n<td style=\"vertical-align: top; width: 29.3478%;\">\u00b1 140 cm<\/td>\n<td style=\"vertical-align: top; width: 37.3188%;\">\u00a0<\/td>\n<\/tr>\n<tr>\n<td style=\"vertical-align: top; width: 31.5217%;\">Weight<\/td>\n<td style=\"vertical-align: top; width: 29.3478%;\">\u00b1 500 g\/m\u00b2<\/td>\n<td style=\"vertical-align: top; width: 37.3188%;\">\u00a0<\/td>\n<\/tr>\n<tr>\n<td style=\"vertical-align: top; width: 31.5217%;\">Thickness<\/td>\n<td style=\"vertical-align: top; width: 29.3478%;\">\u00b1 1.8 mm<\/td>\n<td style=\"vertical-align: top; width: 37.3188%;\">\u00a0<\/td>\n<\/tr>\n<tr>\n<td style=\"vertical-align: top; width: 31.5217%;\">Flame-retardant rating<\/td>\n<td style=\"vertical-align: top; width: 29.3478%;\"><img decoding=\"async\" style=\"height: 20px; width: 20px;\" src=\"https:\/\/www.azur-scenic.com\/wp-content\/uploads\/csm_icon-flag-france_3304e5e3f9.png\" \/> M1<\/td>\n<td style=\"vertical-align: top; width: 37.3188%;\">Standard NF P92-507<\/td>\n<\/tr>\n<tr>\n<td style=\"vertical-align: top; width: 31.5217%;\">Composition<\/td>\n<td style=\"vertical-align: top; width: 66.6666%;\" colspan=\"2\">100% FR Polyester<\/td>\n<\/tr>\n<tr>\n<td style=\"vertical-align: top; width: 31.5217%;\">Roll length<\/td>\n<td style=\"vertical-align: top; width: 29.3478%;\">\u00b1 30\/35 m<\/td>\n<td style=\"vertical-align: top; width: 37.3188%;\">Lengths not calibrated, variable lengths<\/td>\n<\/tr>\n<tr>\n<td style=\"vertical-align: top; width: 31.5217%;\">Supplied in<\/td>\n<td style=\"vertical-align: top; width: 29.3478%;\">Rolled full-width<\/td>\n<td style=\"vertical-align: top; width: 37.3188%;\">\u00a0<\/td>\n<\/tr>\n<tr>\n<td style=\"vertical-align: top; width: 31.5217%;\">Cut-to-length<\/td>\n<td style=\"vertical-align: top; width: 29.3478%;\">Black colour: Yes<br \/>\nOther colours: according to stock<\/td>\n<td style=\"vertical-align: top; width: 37.3188%;\">\u00a0<\/td>\n<\/tr>\n<tr>\n<td style=\"vertical-align: top; width: 31.5217%;\">Abrasion resistance<\/td>\n<td style=\"vertical-align: top; width: 29.3478%;\">> 100,000 cycles (Martindale)<\/td>\n<td style=\"vertical-align: top; width: 37.3188%;\">Standard: ISO 12947<\/td>\n<\/tr>\n<tr>\n<td style=\"vertical-align: top; width: 31.5217%;\">Tensile strength at break<\/td>\n<td style=\"vertical-align: top; width: 29.3478%;\">Warp > 87 kg<br \/>\nWeft > 65 kg<\/td>\n<td style=\"vertical-align: top; width: 37.3188%;\">Standard: ISO 13934-1<\/td>\n<\/tr>\n<tr>\n<td style=\"vertical-align: top; width: 31.5217%;\">Elongation at break<\/td>\n<td style=\"vertical-align: top; width: 29.3478%;\">Warp > 19%<br \/>\nWeft > 20%<\/td>\n<td style=\"vertical-align: top; width: 37.3188%;\">Standard: ISO 13934-1<\/td>\n<\/tr>\n<tr>\n<td style=\"vertical-align: top; width: 31.5217%;\">Tear Force<\/td>\n<td style=\"vertical-align: top; width: 29.3478%;\">Warp > 20 N<br \/>\nWeft > 20 N<\/td>\n<td style=\"vertical-align: top; width: 37.3188%;\">Standard: ISO 13937-3<\/td>\n<\/tr>\n<tr>\n<td style=\"vertical-align: top; width: 31.5217%;\">Colour fastness to light<\/td>\n<td style=\"vertical-align: top; width: 29.3478%;\">6\/7<\/td>\n<td style=\"vertical-align: top; width: 37.3188%;\">Standard: ISO 105-B02<\/td>\n<\/tr>\n<\/tbody>\n<\/table>\n<p>\u00a0<\/p><\/p>\n","protected":false},"excerpt":{"rendered":"<p>The velour that <strong><span style=\"color: #f88523;\">combines<\/span> <\/strong> the <strong><span style=\"color: #f88523;\">advantages<\/span> <\/strong> of polyester and cotton!<\/p>\n<p>100% FR polyester, this velour is rated <strong><span style=\"color: #f88523;\">M1 flame-retardant<\/span><\/strong>, <strong><span style=\"color: #f88523;\">washable<\/span> and is suitable for<\/strong> <strong><span style=\"color: #f88523;\">outdoor use<\/span><\/strong>. It can therefore be used in public spaces, both <strong><span style=\"color: #f88523;\">indoors<\/span> as well as <\/strong>in the great outdoors!<\/p>\n<p>Seine velour is also <strong><span style=\"color: #f88523;\">matte finish<\/span> <\/strong>and offers an <strong><span style=\"color: #f88523;\">affordable alternative<\/span> <\/strong>to cotton velour. You\u2019ll love its rich colours with black-our properties, as well as its <span style=\"color: #f88523;\"><strong>amazing value for money<\/strong><\/span>!<\/p>\n<p>\u00a0<\/p>\n<table class=\"table\" style=\"background: #f7f7f7; width: 36.3895%;\">\n<tbody>\n<tr>\n<td style=\"width: 48.7552%;\"><strong>Width<\/strong>: \u00b1 140 cm<\/td>\n<td style=\"width: 49.5851%;\"><strong>Weight<\/strong>: \u00b1 500 g\/m\u00b2<\/td>\n<\/tr>\n<tr>\n<td style=\"width: 48.7552%;\"><strong>Flame-retardant rating<\/strong>: <img decoding=\"async\" style=\"height: 20px; width: 20px;\" src=\"https:\/\/www.azur-scenic.com\/wp-content\/uploads\/csm_icon-flag-france_3304e5e3f9.png\" \/> M1<\/td>\n<td style=\"width: 49.5851%;\"><strong>Composition<\/strong>: 100% FR Polyester<\/td>\n<\/tr>\n<\/tbody>\n<\/table>\n","protected":false},"featured_media":12669,"template":"","meta":{"_acf_changed":false},"product_brand":[],"product_cat":[898,893,894,895,896,897],"product_tag":[],"class_list":{"0":"post-17117","1":"product","2":"type-product","3":"status-publish","4":"has-post-thumbnail","6":"product_cat-all-products","7":"product_cat-stage-and-events-material","8":"product_cat-velour","9":"product_cat-polyester-velour","10":"product_cat-black-out","11":"product_cat-theatre","12":"pa_couleurs-002-en","13":"pa_couleurs-003-en","14":"pa_couleurs-200-en","15":"pa_couleurs-290-en","16":"pa_groupes-de-couleurs-black","17":"pa_textiles-suitable-for-outdoors-use","18":"pa_textiles-flame-retardant-rated","19":"pa_textiles-washable","20":"pa_textiles-black-out-and-or-screen-material","21":"pa_textiles-great-value","23":"first","24":"instock","25":"shipping-taxable","26":"purchasable","27":"product-type-variable"},"acf":[],"yoast_head":"<!-- This site is optimized with the Yoast SEO plugin v27.3 - https:\/\/yoast.com\/product\/yoast-seo-wordpress\/ -->\n<title>Seine velour - Azur Scenic<\/title>\n<meta name=\"robots\" content=\"index, follow, max-snippet:-1, max-image-preview:large, max-video-preview:-1\" \/>\n<link rel=\"canonical\" href=\"https:\/\/www.azur-scenic.com\/en\/product\/seine-velour\/\" \/>\n<meta property=\"og:locale\" content=\"en_US\" \/>\n<meta property=\"og:type\" content=\"article\" \/>\n<meta property=\"og:title\" content=\"Seine velour - Azur Scenic\" \/>\n<meta property=\"og:description\" content=\"The velour that combines the advantages of polyester and cotton! 100% FR polyester, this velour is rated M1 flame-retardant, washable and is suitable for outdoor use. It can therefore be used in public spaces, both indoors as well as in the great outdoors! Seine velour is also matte finish and offers an affordable alternative to cotton velour. You\u2019ll love its rich colours with black-our properties, as well as its amazing value for money! \u00a0  Width: \u00b1 140 cm Weight: \u00b1 500 g\/m\u00b2  Flame-retardant rating: M1 Composition: 100% FR Polyester\" \/>\n<meta property=\"og:url\" content=\"https:\/\/www.azur-scenic.com\/en\/product\/seine-velour\/\" \/>\n<meta property=\"og:site_name\" content=\"Azur Scenic\" \/>\n<meta property=\"article:modified_time\" content=\"2023-08-02T12:54:22+00:00\" \/>\n<meta property=\"og:image\" content=\"https:\/\/www.azur-scenic.com\/wp-content\/uploads\/Velours-Seine.jpg\" \/>\n\t<meta property=\"og:image:width\" content=\"1500\" \/>\n\t<meta property=\"og:image:height\" content=\"1500\" \/>\n\t<meta property=\"og:image:type\" content=\"image\/jpeg\" \/>\n<meta name=\"twitter:card\" content=\"summary_large_image\" \/>\n<script type=\"application\/ld+json\" class=\"yoast-schema-graph\">{\"@context\":\"https:\\\/\\\/schema.org\",\"@graph\":[{\"@type\":\"WebPage\",\"@id\":\"https:\\\/\\\/www.azur-scenic.com\\\/en\\\/product\\\/seine-velour\\\/\",\"url\":\"https:\\\/\\\/www.azur-scenic.com\\\/en\\\/product\\\/seine-velour\\\/\",\"name\":\"Seine velour - Azur Scenic\",\"isPartOf\":{\"@id\":\"https:\\\/\\\/www.azur-scenic.com\\\/en\\\/#website\"},\"primaryImageOfPage\":{\"@id\":\"https:\\\/\\\/www.azur-scenic.com\\\/en\\\/product\\\/seine-velour\\\/#primaryimage\"},\"image\":{\"@id\":\"https:\\\/\\\/www.azur-scenic.com\\\/en\\\/product\\\/seine-velour\\\/#primaryimage\"},\"thumbnailUrl\":\"https:\\\/\\\/www.azur-scenic.com\\\/wp-content\\\/uploads\\\/Velours-Seine.jpg\",\"datePublished\":\"2022-10-14T06:52:24+00:00\",\"dateModified\":\"2023-08-02T12:54:22+00:00\",\"breadcrumb\":{\"@id\":\"https:\\\/\\\/www.azur-scenic.com\\\/en\\\/product\\\/seine-velour\\\/#breadcrumb\"},\"inLanguage\":\"en-US\",\"potentialAction\":[{\"@type\":\"ReadAction\",\"target\":[\"https:\\\/\\\/www.azur-scenic.com\\\/en\\\/product\\\/seine-velour\\\/\"]}]},{\"@type\":\"ImageObject\",\"inLanguage\":\"en-US\",\"@id\":\"https:\\\/\\\/www.azur-scenic.com\\\/en\\\/product\\\/seine-velour\\\/#primaryimage\",\"url\":\"https:\\\/\\\/www.azur-scenic.com\\\/wp-content\\\/uploads\\\/Velours-Seine.jpg\",\"contentUrl\":\"https:\\\/\\\/www.azur-scenic.com\\\/wp-content\\\/uploads\\\/Velours-Seine.jpg\",\"width\":1500,\"height\":1500,\"caption\":\"Velours Seine Azur Scenic coloris noir\"},{\"@type\":\"BreadcrumbList\",\"@id\":\"https:\\\/\\\/www.azur-scenic.com\\\/en\\\/product\\\/seine-velour\\\/#breadcrumb\",\"itemListElement\":[{\"@type\":\"ListItem\",\"position\":1,\"name\":\"Accueil\",\"item\":\"https:\\\/\\\/www.azur-scenic.com\\\/en\\\/\"},{\"@type\":\"ListItem\",\"position\":2,\"name\":\"Produits\",\"item\":\"https:\\\/\\\/www.azur-scenic.com\\\/en\\\/?page_id=21438\"},{\"@type\":\"ListItem\",\"position\":3,\"name\":\"Seine velour\"}]},{\"@type\":\"WebSite\",\"@id\":\"https:\\\/\\\/www.azur-scenic.com\\\/en\\\/#website\",\"url\":\"https:\\\/\\\/www.azur-scenic.com\\\/en\\\/\",\"name\":\"Azur Scenic\",\"description\":\"Sp\u00e9cialiste de l\u2019\u00e9quipement sc\u00e9nique et de la d\u00e9coration int\u00e9rieure et \u00e9v\u00e9nementielle !\",\"publisher\":{\"@id\":\"https:\\\/\\\/www.azur-scenic.com\\\/en\\\/#organization\"},\"potentialAction\":[{\"@type\":\"SearchAction\",\"target\":{\"@type\":\"EntryPoint\",\"urlTemplate\":\"https:\\\/\\\/www.azur-scenic.com\\\/en\\\/?s={search_term_string}\"},\"query-input\":{\"@type\":\"PropertyValueSpecification\",\"valueRequired\":true,\"valueName\":\"search_term_string\"}}],\"inLanguage\":\"en-US\"},{\"@type\":\"Organization\",\"@id\":\"https:\\\/\\\/www.azur-scenic.com\\\/en\\\/#organization\",\"name\":\"AZUR SCENIC\",\"url\":\"https:\\\/\\\/www.azur-scenic.com\\\/en\\\/\",\"logo\":{\"@type\":\"ImageObject\",\"inLanguage\":\"en-US\",\"@id\":\"https:\\\/\\\/www.azur-scenic.com\\\/en\\\/#\\\/schema\\\/logo\\\/image\\\/\",\"url\":\"https:\\\/\\\/www.azur-scenic.com\\\/wp-content\\\/uploads\\\/2022\\\/09\\\/LOGO-AZUR-SCENIC-Fusion-web-236x64-1.jpg\",\"contentUrl\":\"https:\\\/\\\/www.azur-scenic.com\\\/wp-content\\\/uploads\\\/2022\\\/09\\\/LOGO-AZUR-SCENIC-Fusion-web-236x64-1.jpg\",\"width\":236,\"height\":64,\"caption\":\"AZUR SCENIC\"},\"image\":{\"@id\":\"https:\\\/\\\/www.azur-scenic.com\\\/en\\\/#\\\/schema\\\/logo\\\/image\\\/\"},\"sameAs\":[\"https:\\\/\\\/www.youtube.com\\\/channel\\\/UCPWM2mGPVUt4nYhNlm71WOA\",\"https:\\\/\\\/www.linkedin.com\\\/company\\\/33237605\\\/admin\\\/feed\\\/posts\\\/\"]}]}<\/script>\n<!-- \/ Yoast SEO plugin. -->","yoast_head_json":{"title":"Seine velour - Azur Scenic","robots":{"index":"index","follow":"follow","max-snippet":"max-snippet:-1","max-image-preview":"max-image-preview:large","max-video-preview":"max-video-preview:-1"},"canonical":"https:\/\/www.azur-scenic.com\/en\/product\/seine-velour\/","og_locale":"en_US","og_type":"article","og_title":"Seine velour - Azur Scenic","og_description":"The velour that combines the advantages of polyester and cotton! 100% FR polyester, this velour is rated M1 flame-retardant, washable and is suitable for outdoor use. It can therefore be used in public spaces, both indoors as well as in the great outdoors! Seine velour is also matte finish and offers an affordable alternative to cotton velour. You\u2019ll love its rich colours with black-our properties, as well as its amazing value for money! \u00a0  Width: \u00b1 140 cm Weight: \u00b1 500 g\/m\u00b2  Flame-retardant rating: M1 Composition: 100% FR Polyester","og_url":"https:\/\/www.azur-scenic.com\/en\/product\/seine-velour\/","og_site_name":"Azur Scenic","article_modified_time":"2023-08-02T12:54:22+00:00","og_image":[{"width":1500,"height":1500,"url":"https:\/\/www.azur-scenic.com\/wp-content\/uploads\/Velours-Seine.jpg","type":"image\/jpeg"}],"twitter_card":"summary_large_image","schema":{"@context":"https:\/\/schema.org","@graph":[{"@type":"WebPage","@id":"https:\/\/www.azur-scenic.com\/en\/product\/seine-velour\/","url":"https:\/\/www.azur-scenic.com\/en\/product\/seine-velour\/","name":"Seine velour - Azur Scenic","isPartOf":{"@id":"https:\/\/www.azur-scenic.com\/en\/#website"},"primaryImageOfPage":{"@id":"https:\/\/www.azur-scenic.com\/en\/product\/seine-velour\/#primaryimage"},"image":{"@id":"https:\/\/www.azur-scenic.com\/en\/product\/seine-velour\/#primaryimage"},"thumbnailUrl":"https:\/\/www.azur-scenic.com\/wp-content\/uploads\/Velours-Seine.jpg","datePublished":"2022-10-14T06:52:24+00:00","dateModified":"2023-08-02T12:54:22+00:00","breadcrumb":{"@id":"https:\/\/www.azur-scenic.com\/en\/product\/seine-velour\/#breadcrumb"},"inLanguage":"en-US","potentialAction":[{"@type":"ReadAction","target":["https:\/\/www.azur-scenic.com\/en\/product\/seine-velour\/"]}]},{"@type":"ImageObject","inLanguage":"en-US","@id":"https:\/\/www.azur-scenic.com\/en\/product\/seine-velour\/#primaryimage","url":"https:\/\/www.azur-scenic.com\/wp-content\/uploads\/Velours-Seine.jpg","contentUrl":"https:\/\/www.azur-scenic.com\/wp-content\/uploads\/Velours-Seine.jpg","width":1500,"height":1500,"caption":"Velours Seine Azur Scenic coloris noir"},{"@type":"BreadcrumbList","@id":"https:\/\/www.azur-scenic.com\/en\/product\/seine-velour\/#breadcrumb","itemListElement":[{"@type":"ListItem","position":1,"name":"Accueil","item":"https:\/\/www.azur-scenic.com\/en\/"},{"@type":"ListItem","position":2,"name":"Produits","item":"https:\/\/www.azur-scenic.com\/en\/?page_id=21438"},{"@type":"ListItem","position":3,"name":"Seine velour"}]},{"@type":"WebSite","@id":"https:\/\/www.azur-scenic.com\/en\/#website","url":"https:\/\/www.azur-scenic.com\/en\/","name":"Azur Scenic","description":"Sp\u00e9cialiste de l\u2019\u00e9quipement sc\u00e9nique et de la d\u00e9coration int\u00e9rieure et \u00e9v\u00e9nementielle !","publisher":{"@id":"https:\/\/www.azur-scenic.com\/en\/#organization"},"potentialAction":[{"@type":"SearchAction","target":{"@type":"EntryPoint","urlTemplate":"https:\/\/www.azur-scenic.com\/en\/?s={search_term_string}"},"query-input":{"@type":"PropertyValueSpecification","valueRequired":true,"valueName":"search_term_string"}}],"inLanguage":"en-US"},{"@type":"Organization","@id":"https:\/\/www.azur-scenic.com\/en\/#organization","name":"AZUR SCENIC","url":"https:\/\/www.azur-scenic.com\/en\/","logo":{"@type":"ImageObject","inLanguage":"en-US","@id":"https:\/\/www.azur-scenic.com\/en\/#\/schema\/logo\/image\/","url":"https:\/\/www.azur-scenic.com\/wp-content\/uploads\/2022\/09\/LOGO-AZUR-SCENIC-Fusion-web-236x64-1.jpg","contentUrl":"https:\/\/www.azur-scenic.com\/wp-content\/uploads\/2022\/09\/LOGO-AZUR-SCENIC-Fusion-web-236x64-1.jpg","width":236,"height":64,"caption":"AZUR SCENIC"},"image":{"@id":"https:\/\/www.azur-scenic.com\/en\/#\/schema\/logo\/image\/"},"sameAs":["https:\/\/www.youtube.com\/channel\/UCPWM2mGPVUt4nYhNlm71WOA","https:\/\/www.linkedin.com\/company\/33237605\/admin\/feed\/posts\/"]}]}},"_links":{"self":[{"href":"https:\/\/www.azur-scenic.com\/en\/wp-json\/wp\/v2\/product\/17117","targetHints":{"allow":["GET"]}}],"collection":[{"href":"https:\/\/www.azur-scenic.com\/en\/wp-json\/wp\/v2\/product"}],"about":[{"href":"https:\/\/www.azur-scenic.com\/en\/wp-json\/wp\/v2\/types\/product"}],"wp:featuredmedia":[{"embeddable":true,"href":"https:\/\/www.azur-scenic.com\/en\/wp-json\/wp\/v2\/media\/12669"}],"wp:attachment":[{"href":"https:\/\/www.azur-scenic.com\/en\/wp-json\/wp\/v2\/media?parent=17117"}],"wp:term":[{"taxonomy":"product_brand","embeddable":true,"href":"https:\/\/www.azur-scenic.com\/en\/wp-json\/wp\/v2\/product_brand?post=17117"},{"taxonomy":"product_cat","embeddable":true,"href":"https:\/\/www.azur-scenic.com\/en\/wp-json\/wp\/v2\/product_cat?post=17117"},{"taxonomy":"product_tag","embeddable":true,"href":"https:\/\/www.azur-scenic.com\/en\/wp-json\/wp\/v2\/product_tag?post=17117"}],"curies":[{"name":"wp","href":"https:\/\/api.w.org\/{rel}","templated":true}]}}