{"id":17136,"date":"2022-10-04T07:28:50","date_gmt":"2022-10-04T07:28:50","guid":{"rendered":"https:\/\/www.azur-scenic.com\/produit\/serge-absorber-co\/"},"modified":"2024-06-24T06:55:44","modified_gmt":"2024-06-24T06:55:44","slug":"serge-absorber-co","status":"publish","type":"product","link":"https:\/\/www.azur-scenic.com\/en\/product\/serge-absorber-co\/","title":{"rendered":"Serge Absorber CO"},"content":{"rendered":"<table>\n<thead>\n<tr>\n<th style=\"height: 15px; width: 193px;\">Technical data<\/th>\n<th style=\"height: 15px; width: 137px;\">Value<\/th>\n<th style=\"height: 15px; width: 198px;\">Notes<\/th>\n<\/tr>\n<\/thead>\n<tbody>\n<tr>\n<td style=\"height: 15px; vertical-align: top; width: 193px;\">Width<\/td>\n<td style=\"height: 15px; vertical-align: top; width: 137px;\">300 cm<\/td>\n<td style=\"height: 15px; vertical-align: top; width: 198px;\">\u00a0<\/td>\n<\/tr>\n<tr>\n<td style=\"height: 15px; vertical-align: top; width: 193px;\">Weight<\/td>\n<td style=\"height: 15px; vertical-align: top; width: 137px;\">500 g\/m\u00b2<\/td>\n<td style=\"height: 15px; vertical-align: top; width: 198px;\">\u00a0<\/td>\n<\/tr>\n<tr>\n<td style=\"height: 15px; vertical-align: top; width: 193px;\">Thickness<\/td>\n<td style=\"height: 15px; vertical-align: top; width: 137px;\">1.7 mm<\/td>\n<td style=\"height: 15px; vertical-align: top; width: 198px;\">\u00a0<\/td>\n<\/tr>\n<tr>\n<td style=\"height: 43px; vertical-align: top; width: 193px;\">Flame-retardant rating<\/td>\n<td style=\"height: 43px; vertical-align: top; width: 137px;\"><img decoding=\"async\" style=\"height: 20px; width: 20px;\" src=\"https:\/\/www.azur-scenic.com\/wp-content\/uploads\/icon-flag-france.png\" \/>M1<br \/>\n<img decoding=\"async\" style=\"height: 20px; width: 20px;\" src=\"https:\/\/www.azur-scenic.com\/wp-content\/uploads\/icon-flag-allemagne.png\" \/>B1<\/td>\n<td style=\"height: 43px; vertical-align: top; width: 198px;\">Standard: DIN 4102-1<\/td>\n<\/tr>\n<tr>\n<td style=\"height: 15px; vertical-align: top; width: 193px;\">Composition<\/td>\n<td style=\"height: 15px; vertical-align: top; width: 137px;\">80% Cotton<br \/>\n20% Viscose<\/td>\n<td style=\"height: 15px; vertical-align: top; width: 198px;\">\u00a0<\/td>\n<\/tr>\n<tr>\n<td style=\"height: 15px; vertical-align: top; width: 193px;\">Lengths<\/td>\n<td style=\"height: 15px; vertical-align: top; width: 137px;\">40 m (bales)<\/td>\n<td style=\"height: 15px; vertical-align: top; width: 198px;\">Cut-to-length possible<\/td>\n<\/tr>\n<tr>\n<td style=\"height: 76.3333px; vertical-align: top; width: 193px;\">Acoustic properties<br \/>\nWSAC<br \/>\nSAC<\/td>\n<td style=\"height: 76.3333px; vertical-align: top; width: 137px;\">0.85 \u03b1w<br \/>\n<span style=\"font-size: 13px;\">B (extreme absorption)<\/span><\/td>\n<td style=\"height: 76.3333px; vertical-align: top; width: 198px;\">Standards:<br \/>\nISO 354 &#8211; ISO 11654 &#8211; ASTM C423<\/td>\n<\/tr>\n<\/tbody>\n<\/table>\n<p>&nbsp;<\/p>\n","protected":false},"excerpt":{"rendered":"<p>This textile offers <strong><span style=\"color: #f88523;\">remarkable acoustic absorption<\/span><\/strong><strong>,\u00a0and is <\/strong>rated <strong><span style=\"color: #f88523;\">M1 flame-retardant<\/span>, <\/strong>making it an ideal solution for <strong><span style=\"color: #f88523;\">highly absorbent acoustic curtains<\/span>.<\/strong><\/p>\n<p>Composed of 20% viscose and 80% cotton, this thick fleece material is brushed on both sides to give it a <strong><span style=\"color: #f88523;\">wool serge appearance<\/span><\/strong><strong>\u00a0<\/strong>in\u00a0<strong><span style=\"color: #f88523;\">deep jet-black<\/span>.<\/strong><\/p>\n<p>Perfectly <strong><span style=\"color: #f88523;\">opaque<\/span><\/strong>, our Serge Absorber CO material can also be used for making <strong><span style=\"color: #f88523;\">stage curtains<\/span> and <\/strong><strong><span style=\"color: #f88523;\">black boxes<\/span>, <\/strong><strong><span style=\"color: #f88523;\">screen curtains,<\/span><\/strong> linings and even tensioned for\u00a0<strong><span style=\"color: #f88523;\">wall hangings<\/span>.<\/strong><\/p>\n<table class=\"table\" style=\"background: #f7f7f7;\">\n<tbody>\n<tr>\n<td><strong>Width<\/strong>: 300 cm<\/td>\n<td><strong>Weight<\/strong>: 500 g\/m\u00b2<\/td>\n<\/tr>\n<tr>\n<td>\n<p><strong>Flame-retardant rating<\/strong>:<\/p>\n<p><img decoding=\"async\" style=\"height: 20px; width: 20px;\" src=\"https:\/\/www.azur-scenic.com\/wp-content\/uploads\/icon-flag-france.png\" \/>\u00a0M1\u00a0\u00a0<img decoding=\"async\" style=\"height: 20px; width: 20px;\" src=\"https:\/\/www.azur-scenic.com\/wp-content\/uploads\/icon-flag-allemagne.png\" \/> B1<\/p>\n<\/td>\n<td style=\"vertical-align: top;\"><strong>Composition<\/strong>: 80% Cotton &#8211; 20% Viscose<\/td>\n<\/tr>\n<\/tbody>\n<\/table>\n","protected":false},"featured_media":14949,"template":"","meta":{"_acf_changed":false},"product_brand":[],"product_cat":[898,893,896,981,982,979,980],"product_tag":[],"class_list":{"0":"post-17136","1":"product","2":"type-product","3":"status-publish","4":"has-post-thumbnail","6":"product_cat-all-products","7":"product_cat-stage-and-events-material","8":"product_cat-black-out","9":"product_cat-decorative-fabrics","10":"product_cat-canvas-brushed-finishes","11":"product_cat-acoustic-solutions","12":"product_cat-acoustic-absorption","13":"pa_couleurs-003-en","14":"pa_groupes-de-couleurs-black","15":"pa_textiles-acoustic-absorbant","16":"pa_textiles-suitable-for-outdoors-use","17":"pa_textiles-flame-retardant-rated","18":"pa_textiles-washable","19":"pa_textiles-black-out-and-or-screen-material","21":"first","22":"instock","23":"shipping-taxable","24":"purchasable","25":"product-type-simple"},"acf":[],"yoast_head":"<!-- This site is optimized with the Yoast SEO plugin v27.1.1 - https:\/\/yoast.com\/product\/yoast-seo-wordpress\/ -->\n<title>Serge Absorber CO - Azur Scenic<\/title>\n<meta name=\"robots\" content=\"index, follow, max-snippet:-1, max-image-preview:large, max-video-preview:-1\" \/>\n<link rel=\"canonical\" href=\"https:\/\/www.azur-scenic.com\/en\/product\/serge-absorber-co\/\" \/>\n<meta property=\"og:locale\" content=\"en_US\" \/>\n<meta property=\"og:type\" content=\"article\" \/>\n<meta property=\"og:title\" content=\"Serge Absorber CO - Azur Scenic\" \/>\n<meta property=\"og:description\" content=\"This textile offers remarkable acoustic absorption,\u00a0and is rated M1 flame-retardant, making it an ideal solution for highly absorbent acoustic curtains. Composed of 20% viscose and 80% cotton, this thick fleece material is brushed on both sides to give it a wool serge appearance\u00a0in\u00a0deep jet-black. Perfectly opaque, our Serge Absorber CO material can also be used for making stage curtains and black boxes, screen curtains, linings and even tensioned for\u00a0wall hangings.    Width: 300 cm Weight: 500 g\/m\u00b2    Flame-retardant rating: \u00a0M1\u00a0\u00a0 B1  Composition: 80% Cotton - 20% Viscose\" \/>\n<meta property=\"og:url\" content=\"https:\/\/www.azur-scenic.com\/en\/product\/serge-absorber-co\/\" \/>\n<meta property=\"og:site_name\" content=\"Azur Scenic\" \/>\n<meta property=\"article:modified_time\" content=\"2024-06-24T06:55:44+00:00\" \/>\n<meta property=\"og:image\" content=\"https:\/\/www.azur-scenic.com\/wp-content\/uploads\/SERGE-ABSORBER-CO-scaled.jpg\" \/>\n\t<meta property=\"og:image:width\" content=\"2560\" \/>\n\t<meta property=\"og:image:height\" content=\"2560\" \/>\n\t<meta property=\"og:image:type\" content=\"image\/jpeg\" \/>\n<meta name=\"twitter:card\" content=\"summary_large_image\" \/>\n<meta name=\"twitter:label1\" content=\"Est. reading time\" \/>\n\t<meta name=\"twitter:data1\" content=\"1 minute\" \/>\n<script type=\"application\/ld+json\" class=\"yoast-schema-graph\">{\"@context\":\"https:\/\/schema.org\",\"@graph\":[{\"@type\":\"WebPage\",\"@id\":\"https:\/\/www.azur-scenic.com\/en\/product\/serge-absorber-co\/\",\"url\":\"https:\/\/www.azur-scenic.com\/en\/product\/serge-absorber-co\/\",\"name\":\"Serge Absorber CO - Azur Scenic\",\"isPartOf\":{\"@id\":\"https:\/\/www.azur-scenic.com\/en\/#website\"},\"primaryImageOfPage\":{\"@id\":\"https:\/\/www.azur-scenic.com\/en\/product\/serge-absorber-co\/#primaryimage\"},\"image\":{\"@id\":\"https:\/\/www.azur-scenic.com\/en\/product\/serge-absorber-co\/#primaryimage\"},\"thumbnailUrl\":\"https:\/\/www.azur-scenic.com\/wp-content\/uploads\/SERGE-ABSORBER-CO-scaled.jpg\",\"datePublished\":\"2022-10-04T07:28:50+00:00\",\"dateModified\":\"2024-06-24T06:55:44+00:00\",\"breadcrumb\":{\"@id\":\"https:\/\/www.azur-scenic.com\/en\/product\/serge-absorber-co\/#breadcrumb\"},\"inLanguage\":\"en-US\",\"potentialAction\":[{\"@type\":\"ReadAction\",\"target\":[\"https:\/\/www.azur-scenic.com\/en\/product\/serge-absorber-co\/\"]}]},{\"@type\":\"ImageObject\",\"inLanguage\":\"en-US\",\"@id\":\"https:\/\/www.azur-scenic.com\/en\/product\/serge-absorber-co\/#primaryimage\",\"url\":\"https:\/\/www.azur-scenic.com\/wp-content\/uploads\/SERGE-ABSORBER-CO-scaled.jpg\",\"contentUrl\":\"https:\/\/www.azur-scenic.com\/wp-content\/uploads\/SERGE-ABSORBER-CO-scaled.jpg\",\"width\":2560,\"height\":2560,\"caption\":\"SERGE ABSORBER CO\"},{\"@type\":\"BreadcrumbList\",\"@id\":\"https:\/\/www.azur-scenic.com\/en\/product\/serge-absorber-co\/#breadcrumb\",\"itemListElement\":[{\"@type\":\"ListItem\",\"position\":1,\"name\":\"Accueil\",\"item\":\"https:\/\/www.azur-scenic.com\/en\/\"},{\"@type\":\"ListItem\",\"position\":2,\"name\":\"Produits\",\"item\":\"https:\/\/www.azur-scenic.com\/en\/?page_id=21438\"},{\"@type\":\"ListItem\",\"position\":3,\"name\":\"Serge Absorber CO\"}]},{\"@type\":\"WebSite\",\"@id\":\"https:\/\/www.azur-scenic.com\/en\/#website\",\"url\":\"https:\/\/www.azur-scenic.com\/en\/\",\"name\":\"Azur Scenic\",\"description\":\"Sp\u00e9cialiste de l\u2019\u00e9quipement sc\u00e9nique et de la d\u00e9coration int\u00e9rieure et \u00e9v\u00e9nementielle !\",\"publisher\":{\"@id\":\"https:\/\/www.azur-scenic.com\/en\/#organization\"},\"potentialAction\":[{\"@type\":\"SearchAction\",\"target\":{\"@type\":\"EntryPoint\",\"urlTemplate\":\"https:\/\/www.azur-scenic.com\/en\/?s={search_term_string}\"},\"query-input\":{\"@type\":\"PropertyValueSpecification\",\"valueRequired\":true,\"valueName\":\"search_term_string\"}}],\"inLanguage\":\"en-US\"},{\"@type\":\"Organization\",\"@id\":\"https:\/\/www.azur-scenic.com\/en\/#organization\",\"name\":\"AZUR SCENIC\",\"url\":\"https:\/\/www.azur-scenic.com\/en\/\",\"logo\":{\"@type\":\"ImageObject\",\"inLanguage\":\"en-US\",\"@id\":\"https:\/\/www.azur-scenic.com\/en\/#\/schema\/logo\/image\/\",\"url\":\"https:\/\/www.azur-scenic.com\/wp-content\/uploads\/2022\/09\/LOGO-AZUR-SCENIC-Fusion-web-236x64-1.jpg\",\"contentUrl\":\"https:\/\/www.azur-scenic.com\/wp-content\/uploads\/2022\/09\/LOGO-AZUR-SCENIC-Fusion-web-236x64-1.jpg\",\"width\":236,\"height\":64,\"caption\":\"AZUR SCENIC\"},\"image\":{\"@id\":\"https:\/\/www.azur-scenic.com\/en\/#\/schema\/logo\/image\/\"},\"sameAs\":[\"https:\/\/www.youtube.com\/channel\/UCPWM2mGPVUt4nYhNlm71WOA\",\"https:\/\/www.linkedin.com\/company\/33237605\/admin\/feed\/posts\/\"]}]}<\/script>\n<!-- \/ Yoast SEO plugin. -->","yoast_head_json":{"title":"Serge Absorber CO - Azur Scenic","robots":{"index":"index","follow":"follow","max-snippet":"max-snippet:-1","max-image-preview":"max-image-preview:large","max-video-preview":"max-video-preview:-1"},"canonical":"https:\/\/www.azur-scenic.com\/en\/product\/serge-absorber-co\/","og_locale":"en_US","og_type":"article","og_title":"Serge Absorber CO - Azur Scenic","og_description":"This textile offers remarkable acoustic absorption,\u00a0and is rated M1 flame-retardant, making it an ideal solution for highly absorbent acoustic curtains. Composed of 20% viscose and 80% cotton, this thick fleece material is brushed on both sides to give it a wool serge appearance\u00a0in\u00a0deep jet-black. Perfectly opaque, our Serge Absorber CO material can also be used for making stage curtains and black boxes, screen curtains, linings and even tensioned for\u00a0wall hangings.    Width: 300 cm Weight: 500 g\/m\u00b2    Flame-retardant rating: \u00a0M1\u00a0\u00a0 B1  Composition: 80% Cotton - 20% Viscose","og_url":"https:\/\/www.azur-scenic.com\/en\/product\/serge-absorber-co\/","og_site_name":"Azur Scenic","article_modified_time":"2024-06-24T06:55:44+00:00","og_image":[{"width":2560,"height":2560,"url":"https:\/\/www.azur-scenic.com\/wp-content\/uploads\/SERGE-ABSORBER-CO-scaled.jpg","type":"image\/jpeg"}],"twitter_card":"summary_large_image","twitter_misc":{"Est. reading time":"1 minute"},"schema":{"@context":"https:\/\/schema.org","@graph":[{"@type":"WebPage","@id":"https:\/\/www.azur-scenic.com\/en\/product\/serge-absorber-co\/","url":"https:\/\/www.azur-scenic.com\/en\/product\/serge-absorber-co\/","name":"Serge Absorber CO - Azur Scenic","isPartOf":{"@id":"https:\/\/www.azur-scenic.com\/en\/#website"},"primaryImageOfPage":{"@id":"https:\/\/www.azur-scenic.com\/en\/product\/serge-absorber-co\/#primaryimage"},"image":{"@id":"https:\/\/www.azur-scenic.com\/en\/product\/serge-absorber-co\/#primaryimage"},"thumbnailUrl":"https:\/\/www.azur-scenic.com\/wp-content\/uploads\/SERGE-ABSORBER-CO-scaled.jpg","datePublished":"2022-10-04T07:28:50+00:00","dateModified":"2024-06-24T06:55:44+00:00","breadcrumb":{"@id":"https:\/\/www.azur-scenic.com\/en\/product\/serge-absorber-co\/#breadcrumb"},"inLanguage":"en-US","potentialAction":[{"@type":"ReadAction","target":["https:\/\/www.azur-scenic.com\/en\/product\/serge-absorber-co\/"]}]},{"@type":"ImageObject","inLanguage":"en-US","@id":"https:\/\/www.azur-scenic.com\/en\/product\/serge-absorber-co\/#primaryimage","url":"https:\/\/www.azur-scenic.com\/wp-content\/uploads\/SERGE-ABSORBER-CO-scaled.jpg","contentUrl":"https:\/\/www.azur-scenic.com\/wp-content\/uploads\/SERGE-ABSORBER-CO-scaled.jpg","width":2560,"height":2560,"caption":"SERGE ABSORBER CO"},{"@type":"BreadcrumbList","@id":"https:\/\/www.azur-scenic.com\/en\/product\/serge-absorber-co\/#breadcrumb","itemListElement":[{"@type":"ListItem","position":1,"name":"Accueil","item":"https:\/\/www.azur-scenic.com\/en\/"},{"@type":"ListItem","position":2,"name":"Produits","item":"https:\/\/www.azur-scenic.com\/en\/?page_id=21438"},{"@type":"ListItem","position":3,"name":"Serge Absorber CO"}]},{"@type":"WebSite","@id":"https:\/\/www.azur-scenic.com\/en\/#website","url":"https:\/\/www.azur-scenic.com\/en\/","name":"Azur Scenic","description":"Sp\u00e9cialiste de l\u2019\u00e9quipement sc\u00e9nique et de la d\u00e9coration int\u00e9rieure et \u00e9v\u00e9nementielle !","publisher":{"@id":"https:\/\/www.azur-scenic.com\/en\/#organization"},"potentialAction":[{"@type":"SearchAction","target":{"@type":"EntryPoint","urlTemplate":"https:\/\/www.azur-scenic.com\/en\/?s={search_term_string}"},"query-input":{"@type":"PropertyValueSpecification","valueRequired":true,"valueName":"search_term_string"}}],"inLanguage":"en-US"},{"@type":"Organization","@id":"https:\/\/www.azur-scenic.com\/en\/#organization","name":"AZUR SCENIC","url":"https:\/\/www.azur-scenic.com\/en\/","logo":{"@type":"ImageObject","inLanguage":"en-US","@id":"https:\/\/www.azur-scenic.com\/en\/#\/schema\/logo\/image\/","url":"https:\/\/www.azur-scenic.com\/wp-content\/uploads\/2022\/09\/LOGO-AZUR-SCENIC-Fusion-web-236x64-1.jpg","contentUrl":"https:\/\/www.azur-scenic.com\/wp-content\/uploads\/2022\/09\/LOGO-AZUR-SCENIC-Fusion-web-236x64-1.jpg","width":236,"height":64,"caption":"AZUR SCENIC"},"image":{"@id":"https:\/\/www.azur-scenic.com\/en\/#\/schema\/logo\/image\/"},"sameAs":["https:\/\/www.youtube.com\/channel\/UCPWM2mGPVUt4nYhNlm71WOA","https:\/\/www.linkedin.com\/company\/33237605\/admin\/feed\/posts\/"]}]}},"_links":{"self":[{"href":"https:\/\/www.azur-scenic.com\/en\/wp-json\/wp\/v2\/product\/17136","targetHints":{"allow":["GET"]}}],"collection":[{"href":"https:\/\/www.azur-scenic.com\/en\/wp-json\/wp\/v2\/product"}],"about":[{"href":"https:\/\/www.azur-scenic.com\/en\/wp-json\/wp\/v2\/types\/product"}],"wp:featuredmedia":[{"embeddable":true,"href":"https:\/\/www.azur-scenic.com\/en\/wp-json\/wp\/v2\/media\/14949"}],"wp:attachment":[{"href":"https:\/\/www.azur-scenic.com\/en\/wp-json\/wp\/v2\/media?parent=17136"}],"wp:term":[{"taxonomy":"product_brand","embeddable":true,"href":"https:\/\/www.azur-scenic.com\/en\/wp-json\/wp\/v2\/product_brand?post=17136"},{"taxonomy":"product_cat","embeddable":true,"href":"https:\/\/www.azur-scenic.com\/en\/wp-json\/wp\/v2\/product_cat?post=17136"},{"taxonomy":"product_tag","embeddable":true,"href":"https:\/\/www.azur-scenic.com\/en\/wp-json\/wp\/v2\/product_tag?post=17136"}],"curies":[{"name":"wp","href":"https:\/\/api.w.org\/{rel}","templated":true}]}}