{"id":17178,"date":"2022-10-04T07:28:42","date_gmt":"2022-10-04T07:28:42","guid":{"rendered":"https:\/\/www.azur-scenic.com\/produit\/tissu-doccultation-euro\/"},"modified":"2023-08-02T12:56:33","modified_gmt":"2023-08-02T12:56:33","slug":"euro-blackout-cloth","status":"publish","type":"product","link":"https:\/\/www.azur-scenic.com\/en\/product\/euro-blackout-cloth\/","title":{"rendered":"Euro blackout cloth"},"content":{"rendered":"<table style=\"width: 641px;\">\n<thead>\n<tr>\n<th style=\"width: 233px;\">Technical data<\/th>\n<th style=\"width: 184px;\">Value<\/th>\n<th style=\"width: 191px;\">Notes<\/th>\n<\/tr>\n<\/thead>\n<tbody>\n<tr>\n<td style=\"vertical-align: top; width: 233px;\">Width<\/td>\n<td style=\"vertical-align: top; width: 184px;\">280 cm<\/td>\n<td style=\"vertical-align: top; width: 191px;\">\u00a0<\/td>\n<\/tr>\n<tr>\n<td style=\"vertical-align: top; width: 233px;\">Weight<\/td>\n<td style=\"vertical-align: top; width: 184px;\">280 g\/m\u00b2<\/td>\n<td style=\"vertical-align: top; width: 191px;\">\u00a0<\/td>\n<\/tr>\n<tr>\n<td style=\"vertical-align: top; width: 233px;\">Thickness<\/td>\n<td style=\"vertical-align: top; width: 184px;\">0.37 mm<\/td>\n<td style=\"vertical-align: top; width: 191px;\">\u00a0<\/td>\n<\/tr>\n<tr>\n<td style=\"vertical-align: top; width: 233px;\">Flame-retardant rating<\/td>\n<td style=\"vertical-align: top; width: 184px;\"><img decoding=\"async\" style=\"height: 20px; width: 20px;\" src=\"https:\/\/www.azur-scenic.com\/wp-content\/uploads\/icon-flag-europe.png\" \/>\u00a0C1<br \/>\n<img decoding=\"async\" style=\"height: 20px; width: 20px;\" src=\"https:\/\/www.azur-scenic.com\/wp-content\/uploads\/icon-flag-allemagne.png\" \/> B1<br \/>\n<img decoding=\"async\" style=\"height: 20px; width: 20px;\" src=\"https:\/\/www.azur-scenic.com\/wp-content\/uploads\/icon-flag-uk.png\" \/> Type C<\/td>\n<td style=\"vertical-align: top; width: 191px;\">Standard EN 13773<br \/>\nStandard DIN 4102<br \/>\nStandard BS 5867<\/td>\n<\/tr>\n<tr>\n<td style=\"vertical-align: top; width: 233px;\">Composition<\/td>\n<td style=\"vertical-align: top; width: 378px;\" colspan=\"2\">100% Polyester with white acrylic flocking on reverse<\/td>\n<\/tr>\n<tr>\n<td style=\"vertical-align: top; width: 233px;\">Roll length<\/td>\n<td style=\"vertical-align: top; width: 184px;\">25 m<\/td>\n<td style=\"vertical-align: top; width: 191px;\">Cut-to-length:<br \/>\nWhite colour: Yes min. 5 m length<\/p>\n<p>Other colours: No, complete lengths only<\/p>\n<\/td>\n<\/tr>\n<tr>\n<td style=\"vertical-align: top; width: 233px;\">Optical index:<br \/>\nLight reflection<br \/>\nLight absorption<br \/>\nLight transmission<\/td>\n<td style=\"vertical-align: top; width: 184px;\">82%<br \/>\n18%<br \/>\n0%<\/td>\n<td style=\"vertical-align: top; width: 191px;\">DIN EN 410 2011<\/td>\n<\/tr>\n<tr>\n<td style=\"vertical-align: top; width: 233px;\">Thermal index:<br \/>\nSunlight reflection<br \/>\nSunlight absorption<br \/>\nSunlight transmission<br \/>\nUV Transmission<\/td>\n<td style=\"vertical-align: top; width: 184px;\">74%<br \/>\n26%<br \/>\n0%<br \/>\n0%<\/td>\n<td style=\"vertical-align: top; width: 191px;\">DIN EN 410 2011<\/td>\n<\/tr>\n<tr>\n<td style=\"vertical-align: top; width: 233px;\">Gt \/ Fc<\/td>\n<td style=\"vertical-align: top; width: 184px;\">Gt 33%<br \/>\nFc 55%<\/td>\n<td style=\"vertical-align: top; width: 191px;\">DIN EN 13363<br \/>\nDIN EN 14501<\/td>\n<\/tr>\n<tr>\n<td style=\"vertical-align: top; width: 233px;\">Light fastness<\/td>\n<td style=\"vertical-align: top; width: 184px;\">5 \/ 8<\/td>\n<td style=\"vertical-align: top; width: 191px;\">ISO 105 B02<\/td>\n<\/tr>\n<tr>\n<td style=\"vertical-align: top; width: 233px;\">Dimensional stability<\/td>\n<td style=\"vertical-align: top; width: 184px;\">Warp: -0.5%<br \/>\nWeft: 0%<\/td>\n<td style=\"vertical-align: top; width: 191px;\">ISO 5077<\/td>\n<\/tr>\n<tr>\n<td style=\"vertical-align: top; width: 233px;\">Tensile strength at break<\/td>\n<td style=\"vertical-align: top; width: 184px;\">Warp: 62 daN<br \/>\nWeft: 31 daN<\/td>\n<td style=\"vertical-align: top; width: 191px;\">ISO 13934-1<\/td>\n<\/tr>\n<tr>\n<td style=\"vertical-align: top; width: 233px;\">Elongation at break<\/td>\n<td style=\"vertical-align: top; width: 184px;\">Warp: 26 mm<br \/>\nWeft: 45 mm<\/td>\n<td style=\"vertical-align: top; width: 191px;\">ISO 13934-1<\/td>\n<\/tr>\n<\/tbody>\n<\/table>\n<p>\u00a0<\/p><\/p>\n","protected":false},"excerpt":{"rendered":"<p>A <span style=\"color: #f88523;\"><strong>low-cost alternative<\/strong><\/span>\u00a0to M1 rated blackout material,\u00a0our Euro blackout cloth meets <span style=\"color: #f88523;\"><strong>European standard <\/strong><\/span>\u00a0Class 1 in compliance with standard EN13773, as well as British and German flame-retardant safety standards.<\/p>\n<p>This perfectly <span style=\"color: #f88523;\"><strong>opaque<\/strong><\/span> material is available in a wide range of <span style=\"color: #f88523;\"><strong>colours<\/strong><\/span><strong> <\/strong>and can also be <span style=\"color: #f88523;\"><strong>dyed in your choice of colours<\/strong><\/span> on one side.<\/p>\n<p>A <span style=\"color: #f88523;\"><strong>100% blackout fabric<\/strong><\/span><strong>\u00a0<\/strong> with a particularly <span style=\"color: #f88523;\"><strong>fine finish<\/strong><\/span>, it also boasts an off-white treatment that gives it\u00a0<span style=\"color: #f88523;\"><strong>light-reflective and heat-reflective properties.<\/strong><\/span><strong>\u00a0<\/strong>In addition, this material is also<span style=\"color: #f88523;\"><strong> washable and UV-resistant<\/strong><\/span><strong>, <\/strong>making it suitable for use both indoors and outdoors.<\/p>\n<p>This textile is also great for making <span style=\"color: #f88523;\"><strong>blackout curtains<\/strong><\/span><strong>, as well as <\/strong>for <span style=\"color: #f88523;\"><strong>dressing stage flats<\/strong><\/span><strong>. <\/strong><\/p>\n<table class=\"table\" style=\"background-color: #f7f7f7; background-position: initial initial; background-repeat: initial initial; width: 640px;\">\n<tbody>\n<tr>\n<td style=\"width: 247px;\"><strong>Width<\/strong>: 280 cm<\/td>\n<td style=\"width: 377px;\"><strong>Weight<\/strong>:\u00a0280 g\/m\u00b2<\/td>\n<\/tr>\n<tr>\n<td style=\"width: 247px;\">\n<p><strong>Flame-retardant rating<\/strong>:<\/p>\n<p><img decoding=\"async\" style=\"height: 20px; width: 20px;\" src=\"https:\/\/www.azur-scenic.com\/wp-content\/uploads\/icon-flag-europe.png\" \/>\u00a0C1 \u00a0\u00a0<img decoding=\"async\" style=\"height: 20px; width: 20px;\" src=\"https:\/\/www.azur-scenic.com\/wp-content\/uploads\/icon-flag-allemagne.png\" \/> B1 \u00a0\u00a0<img decoding=\"async\" style=\"height: 20px; width: 20px;\" src=\"https:\/\/www.azur-scenic.com\/wp-content\/uploads\/icon-flag-uk.png\" \/>\u00a0Type C<\/p>\n<\/td>\n<td style=\"vertical-align: top; width: 377px;\">\n<p><strong>Composition<\/strong>:<\/p>\n<p>100% Polyester with white acrylic flocking on reverse<\/p>\n<\/td>\n<\/tr>\n<\/tbody>\n<\/table>\n","protected":false},"featured_media":8529,"template":"","meta":{"_acf_changed":false},"product_brand":[],"product_cat":[898,893,896,1027],"product_tag":[],"class_list":{"0":"post-17178","1":"product","2":"type-product","3":"status-publish","4":"has-post-thumbnail","6":"product_cat-all-products","7":"product_cat-stage-and-events-material","8":"product_cat-black-out","9":"product_cat-decoration","10":"pa_couleurs-003-en","11":"pa_couleurs-020-en","12":"pa_couleurs-100-en","13":"pa_couleurs-110-en","14":"pa_couleurs-120-en","15":"pa_couleurs-170-en","16":"pa_couleurs-180-en","17":"pa_couleurs-288-en","18":"pa_couleurs-501-en","19":"pa_couleurs-515-en","20":"pa_couleurs-520-en","21":"pa_couleurs-570-en","22":"pa_couleurs-580-en","23":"pa_couleurs-670-en","24":"pa_couleurs-708-en","25":"pa_couleurs-720-en","26":"pa_couleurs-760-en","27":"pa_couleurs-860-en","28":"pa_couleurs-999-en","29":"pa_groupes-de-couleurs-white","30":"pa_groupes-de-couleurs-blue","31":"pa_groupes-de-couleurs-greys","32":"pa_groupes-de-couleurs-brown-beige","33":"pa_groupes-de-couleurs-black","34":"pa_groupes-de-couleurs-pink","35":"pa_groupes-de-couleurs-red","36":"pa_groupes-de-couleurs-green","37":"pa_groupes-de-couleurs-purple","38":"pa_textiles-suitable-for-outdoors-use","39":"pa_textiles-flame-retardant-rated","40":"pa_textiles-washable","41":"pa_textiles-black-out-and-or-screen-material","42":"pa_textiles-uv-resistant","44":"first","45":"instock","46":"shipping-taxable","47":"purchasable","48":"product-type-variable"},"acf":[],"yoast_head":"<!-- This site is optimized with the Yoast SEO plugin v27.3 - https:\/\/yoast.com\/product\/yoast-seo-wordpress\/ -->\n<title>Euro blackout cloth - Azur Scenic<\/title>\n<meta name=\"robots\" content=\"index, follow, max-snippet:-1, max-image-preview:large, max-video-preview:-1\" \/>\n<link rel=\"canonical\" href=\"https:\/\/www.azur-scenic.com\/en\/product\/euro-blackout-cloth\/\" \/>\n<meta property=\"og:locale\" content=\"en_US\" \/>\n<meta property=\"og:type\" content=\"article\" \/>\n<meta property=\"og:title\" content=\"Euro blackout cloth - Azur Scenic\" \/>\n<meta property=\"og:description\" content=\"A low-cost alternative\u00a0to M1 rated blackout material,\u00a0our Euro blackout cloth meets European standard \u00a0Class 1 in compliance with standard EN13773, as well as British and German flame-retardant safety standards. This perfectly opaque material is available in a wide range of colours and can also be dyed in your choice of colours on one side. A 100% blackout fabric\u00a0 with a particularly fine finish, it also boasts an off-white treatment that gives it\u00a0light-reflective and heat-reflective properties.\u00a0In addition, this material is also washable and UV-resistant, making it suitable for use both indoors and outdoors. This textile is also great for making blackout curtains, as well as for dressing stage flats.   Width: 280 cm Weight:\u00a0280 g\/m\u00b2  Flame-retardant rating: \u00a0C1 \u00a0\u00a0 B1 \u00a0\u00a0\u00a0Type C  Composition: 100% Polyester with white acrylic flocking on reverse\" \/>\n<meta property=\"og:url\" content=\"https:\/\/www.azur-scenic.com\/en\/product\/euro-blackout-cloth\/\" \/>\n<meta property=\"og:site_name\" content=\"Azur Scenic\" \/>\n<meta property=\"article:modified_time\" content=\"2023-08-02T12:56:33+00:00\" \/>\n<meta property=\"og:image\" content=\"https:\/\/www.azur-scenic.com\/wp-content\/uploads\/4b2f969b53b7e220591c5df6d4800de1-scaled.jpg\" \/>\n\t<meta property=\"og:image:width\" content=\"1920\" \/>\n\t<meta property=\"og:image:height\" content=\"2560\" \/>\n\t<meta property=\"og:image:type\" content=\"image\/jpeg\" \/>\n<meta name=\"twitter:card\" content=\"summary_large_image\" \/>\n<meta name=\"twitter:label1\" content=\"Est. reading time\" \/>\n\t<meta name=\"twitter:data1\" content=\"1 minute\" \/>\n<script type=\"application\/ld+json\" class=\"yoast-schema-graph\">{\"@context\":\"https:\\\/\\\/schema.org\",\"@graph\":[{\"@type\":\"WebPage\",\"@id\":\"https:\\\/\\\/www.azur-scenic.com\\\/en\\\/product\\\/euro-blackout-cloth\\\/\",\"url\":\"https:\\\/\\\/www.azur-scenic.com\\\/en\\\/product\\\/euro-blackout-cloth\\\/\",\"name\":\"Euro blackout cloth - Azur Scenic\",\"isPartOf\":{\"@id\":\"https:\\\/\\\/www.azur-scenic.com\\\/en\\\/#website\"},\"primaryImageOfPage\":{\"@id\":\"https:\\\/\\\/www.azur-scenic.com\\\/en\\\/product\\\/euro-blackout-cloth\\\/#primaryimage\"},\"image\":{\"@id\":\"https:\\\/\\\/www.azur-scenic.com\\\/en\\\/product\\\/euro-blackout-cloth\\\/#primaryimage\"},\"thumbnailUrl\":\"https:\\\/\\\/www.azur-scenic.com\\\/wp-content\\\/uploads\\\/4b2f969b53b7e220591c5df6d4800de1-scaled.jpg\",\"datePublished\":\"2022-10-04T07:28:42+00:00\",\"dateModified\":\"2023-08-02T12:56:33+00:00\",\"breadcrumb\":{\"@id\":\"https:\\\/\\\/www.azur-scenic.com\\\/en\\\/product\\\/euro-blackout-cloth\\\/#breadcrumb\"},\"inLanguage\":\"en-US\",\"potentialAction\":[{\"@type\":\"ReadAction\",\"target\":[\"https:\\\/\\\/www.azur-scenic.com\\\/en\\\/product\\\/euro-blackout-cloth\\\/\"]}]},{\"@type\":\"ImageObject\",\"inLanguage\":\"en-US\",\"@id\":\"https:\\\/\\\/www.azur-scenic.com\\\/en\\\/product\\\/euro-blackout-cloth\\\/#primaryimage\",\"url\":\"https:\\\/\\\/www.azur-scenic.com\\\/wp-content\\\/uploads\\\/4b2f969b53b7e220591c5df6d4800de1-scaled.jpg\",\"contentUrl\":\"https:\\\/\\\/www.azur-scenic.com\\\/wp-content\\\/uploads\\\/4b2f969b53b7e220591c5df6d4800de1-scaled.jpg\",\"width\":1920,\"height\":2560},{\"@type\":\"BreadcrumbList\",\"@id\":\"https:\\\/\\\/www.azur-scenic.com\\\/en\\\/product\\\/euro-blackout-cloth\\\/#breadcrumb\",\"itemListElement\":[{\"@type\":\"ListItem\",\"position\":1,\"name\":\"Accueil\",\"item\":\"https:\\\/\\\/www.azur-scenic.com\\\/en\\\/\"},{\"@type\":\"ListItem\",\"position\":2,\"name\":\"Produits\",\"item\":\"https:\\\/\\\/www.azur-scenic.com\\\/en\\\/?page_id=21438\"},{\"@type\":\"ListItem\",\"position\":3,\"name\":\"Euro blackout cloth\"}]},{\"@type\":\"WebSite\",\"@id\":\"https:\\\/\\\/www.azur-scenic.com\\\/en\\\/#website\",\"url\":\"https:\\\/\\\/www.azur-scenic.com\\\/en\\\/\",\"name\":\"Azur Scenic\",\"description\":\"Sp\u00e9cialiste de l\u2019\u00e9quipement sc\u00e9nique et de la d\u00e9coration int\u00e9rieure et \u00e9v\u00e9nementielle !\",\"publisher\":{\"@id\":\"https:\\\/\\\/www.azur-scenic.com\\\/en\\\/#organization\"},\"potentialAction\":[{\"@type\":\"SearchAction\",\"target\":{\"@type\":\"EntryPoint\",\"urlTemplate\":\"https:\\\/\\\/www.azur-scenic.com\\\/en\\\/?s={search_term_string}\"},\"query-input\":{\"@type\":\"PropertyValueSpecification\",\"valueRequired\":true,\"valueName\":\"search_term_string\"}}],\"inLanguage\":\"en-US\"},{\"@type\":\"Organization\",\"@id\":\"https:\\\/\\\/www.azur-scenic.com\\\/en\\\/#organization\",\"name\":\"AZUR SCENIC\",\"url\":\"https:\\\/\\\/www.azur-scenic.com\\\/en\\\/\",\"logo\":{\"@type\":\"ImageObject\",\"inLanguage\":\"en-US\",\"@id\":\"https:\\\/\\\/www.azur-scenic.com\\\/en\\\/#\\\/schema\\\/logo\\\/image\\\/\",\"url\":\"https:\\\/\\\/www.azur-scenic.com\\\/wp-content\\\/uploads\\\/2022\\\/09\\\/LOGO-AZUR-SCENIC-Fusion-web-236x64-1.jpg\",\"contentUrl\":\"https:\\\/\\\/www.azur-scenic.com\\\/wp-content\\\/uploads\\\/2022\\\/09\\\/LOGO-AZUR-SCENIC-Fusion-web-236x64-1.jpg\",\"width\":236,\"height\":64,\"caption\":\"AZUR SCENIC\"},\"image\":{\"@id\":\"https:\\\/\\\/www.azur-scenic.com\\\/en\\\/#\\\/schema\\\/logo\\\/image\\\/\"},\"sameAs\":[\"https:\\\/\\\/www.youtube.com\\\/channel\\\/UCPWM2mGPVUt4nYhNlm71WOA\",\"https:\\\/\\\/www.linkedin.com\\\/company\\\/33237605\\\/admin\\\/feed\\\/posts\\\/\"]}]}<\/script>\n<!-- \/ Yoast SEO plugin. -->","yoast_head_json":{"title":"Euro blackout cloth - Azur Scenic","robots":{"index":"index","follow":"follow","max-snippet":"max-snippet:-1","max-image-preview":"max-image-preview:large","max-video-preview":"max-video-preview:-1"},"canonical":"https:\/\/www.azur-scenic.com\/en\/product\/euro-blackout-cloth\/","og_locale":"en_US","og_type":"article","og_title":"Euro blackout cloth - Azur Scenic","og_description":"A low-cost alternative\u00a0to M1 rated blackout material,\u00a0our Euro blackout cloth meets European standard \u00a0Class 1 in compliance with standard EN13773, as well as British and German flame-retardant safety standards. This perfectly opaque material is available in a wide range of colours and can also be dyed in your choice of colours on one side. A 100% blackout fabric\u00a0 with a particularly fine finish, it also boasts an off-white treatment that gives it\u00a0light-reflective and heat-reflective properties.\u00a0In addition, this material is also washable and UV-resistant, making it suitable for use both indoors and outdoors. This textile is also great for making blackout curtains, as well as for dressing stage flats.   Width: 280 cm Weight:\u00a0280 g\/m\u00b2  Flame-retardant rating: \u00a0C1 \u00a0\u00a0 B1 \u00a0\u00a0\u00a0Type C  Composition: 100% Polyester with white acrylic flocking on reverse","og_url":"https:\/\/www.azur-scenic.com\/en\/product\/euro-blackout-cloth\/","og_site_name":"Azur Scenic","article_modified_time":"2023-08-02T12:56:33+00:00","og_image":[{"width":1920,"height":2560,"url":"https:\/\/www.azur-scenic.com\/wp-content\/uploads\/4b2f969b53b7e220591c5df6d4800de1-scaled.jpg","type":"image\/jpeg"}],"twitter_card":"summary_large_image","twitter_misc":{"Est. reading time":"1 minute"},"schema":{"@context":"https:\/\/schema.org","@graph":[{"@type":"WebPage","@id":"https:\/\/www.azur-scenic.com\/en\/product\/euro-blackout-cloth\/","url":"https:\/\/www.azur-scenic.com\/en\/product\/euro-blackout-cloth\/","name":"Euro blackout cloth - Azur Scenic","isPartOf":{"@id":"https:\/\/www.azur-scenic.com\/en\/#website"},"primaryImageOfPage":{"@id":"https:\/\/www.azur-scenic.com\/en\/product\/euro-blackout-cloth\/#primaryimage"},"image":{"@id":"https:\/\/www.azur-scenic.com\/en\/product\/euro-blackout-cloth\/#primaryimage"},"thumbnailUrl":"https:\/\/www.azur-scenic.com\/wp-content\/uploads\/4b2f969b53b7e220591c5df6d4800de1-scaled.jpg","datePublished":"2022-10-04T07:28:42+00:00","dateModified":"2023-08-02T12:56:33+00:00","breadcrumb":{"@id":"https:\/\/www.azur-scenic.com\/en\/product\/euro-blackout-cloth\/#breadcrumb"},"inLanguage":"en-US","potentialAction":[{"@type":"ReadAction","target":["https:\/\/www.azur-scenic.com\/en\/product\/euro-blackout-cloth\/"]}]},{"@type":"ImageObject","inLanguage":"en-US","@id":"https:\/\/www.azur-scenic.com\/en\/product\/euro-blackout-cloth\/#primaryimage","url":"https:\/\/www.azur-scenic.com\/wp-content\/uploads\/4b2f969b53b7e220591c5df6d4800de1-scaled.jpg","contentUrl":"https:\/\/www.azur-scenic.com\/wp-content\/uploads\/4b2f969b53b7e220591c5df6d4800de1-scaled.jpg","width":1920,"height":2560},{"@type":"BreadcrumbList","@id":"https:\/\/www.azur-scenic.com\/en\/product\/euro-blackout-cloth\/#breadcrumb","itemListElement":[{"@type":"ListItem","position":1,"name":"Accueil","item":"https:\/\/www.azur-scenic.com\/en\/"},{"@type":"ListItem","position":2,"name":"Produits","item":"https:\/\/www.azur-scenic.com\/en\/?page_id=21438"},{"@type":"ListItem","position":3,"name":"Euro blackout cloth"}]},{"@type":"WebSite","@id":"https:\/\/www.azur-scenic.com\/en\/#website","url":"https:\/\/www.azur-scenic.com\/en\/","name":"Azur Scenic","description":"Sp\u00e9cialiste de l\u2019\u00e9quipement sc\u00e9nique et de la d\u00e9coration int\u00e9rieure et \u00e9v\u00e9nementielle !","publisher":{"@id":"https:\/\/www.azur-scenic.com\/en\/#organization"},"potentialAction":[{"@type":"SearchAction","target":{"@type":"EntryPoint","urlTemplate":"https:\/\/www.azur-scenic.com\/en\/?s={search_term_string}"},"query-input":{"@type":"PropertyValueSpecification","valueRequired":true,"valueName":"search_term_string"}}],"inLanguage":"en-US"},{"@type":"Organization","@id":"https:\/\/www.azur-scenic.com\/en\/#organization","name":"AZUR SCENIC","url":"https:\/\/www.azur-scenic.com\/en\/","logo":{"@type":"ImageObject","inLanguage":"en-US","@id":"https:\/\/www.azur-scenic.com\/en\/#\/schema\/logo\/image\/","url":"https:\/\/www.azur-scenic.com\/wp-content\/uploads\/2022\/09\/LOGO-AZUR-SCENIC-Fusion-web-236x64-1.jpg","contentUrl":"https:\/\/www.azur-scenic.com\/wp-content\/uploads\/2022\/09\/LOGO-AZUR-SCENIC-Fusion-web-236x64-1.jpg","width":236,"height":64,"caption":"AZUR SCENIC"},"image":{"@id":"https:\/\/www.azur-scenic.com\/en\/#\/schema\/logo\/image\/"},"sameAs":["https:\/\/www.youtube.com\/channel\/UCPWM2mGPVUt4nYhNlm71WOA","https:\/\/www.linkedin.com\/company\/33237605\/admin\/feed\/posts\/"]}]}},"_links":{"self":[{"href":"https:\/\/www.azur-scenic.com\/en\/wp-json\/wp\/v2\/product\/17178","targetHints":{"allow":["GET"]}}],"collection":[{"href":"https:\/\/www.azur-scenic.com\/en\/wp-json\/wp\/v2\/product"}],"about":[{"href":"https:\/\/www.azur-scenic.com\/en\/wp-json\/wp\/v2\/types\/product"}],"wp:featuredmedia":[{"embeddable":true,"href":"https:\/\/www.azur-scenic.com\/en\/wp-json\/wp\/v2\/media\/8529"}],"wp:attachment":[{"href":"https:\/\/www.azur-scenic.com\/en\/wp-json\/wp\/v2\/media?parent=17178"}],"wp:term":[{"taxonomy":"product_brand","embeddable":true,"href":"https:\/\/www.azur-scenic.com\/en\/wp-json\/wp\/v2\/product_brand?post=17178"},{"taxonomy":"product_cat","embeddable":true,"href":"https:\/\/www.azur-scenic.com\/en\/wp-json\/wp\/v2\/product_cat?post=17178"},{"taxonomy":"product_tag","embeddable":true,"href":"https:\/\/www.azur-scenic.com\/en\/wp-json\/wp\/v2\/product_tag?post=17178"}],"curies":[{"name":"wp","href":"https:\/\/api.w.org\/{rel}","templated":true}]}}