{"id":17198,"date":"2022-10-04T07:28:33","date_gmt":"2022-10-04T07:28:33","guid":{"rendered":"https:\/\/www.azur-scenic.com\/produit\/tissu-doccultation-m1\/"},"modified":"2024-10-23T12:39:18","modified_gmt":"2024-10-23T12:39:18","slug":"m1-blackout-cloth","status":"publish","type":"product","link":"https:\/\/www.azur-scenic.com\/en\/product\/m1-blackout-cloth\/","title":{"rendered":"M1 blackout cloth"},"content":{"rendered":"<table>\n<thead>\n<tr>\n<th style=\"width: 170px;\">Technical data<\/th>\n<th>Value<\/th>\n<th>Notes<\/th>\n<\/tr>\n<\/thead>\n<tbody>\n<tr>\n<td style=\"vertical-align: top;\">Width<\/td>\n<td style=\"vertical-align: top;\">280 cm<\/td>\n<td style=\"vertical-align: top;\">\u00a0<\/td>\n<\/tr>\n<tr>\n<td style=\"vertical-align: top;\">Weight<\/td>\n<td style=\"vertical-align: top;\">280 g\/m\u00b2<\/td>\n<td style=\"vertical-align: top;\">\u00a0<\/td>\n<\/tr>\n<tr>\n<td style=\"vertical-align: top;\">Thickness<\/td>\n<td style=\"vertical-align: top;\">0.37 mm<\/td>\n<td style=\"vertical-align: top;\">\u00a0<\/td>\n<\/tr>\n<tr>\n<td style=\"vertical-align: top;\">Flame-retardant rating<\/td>\n<td style=\"vertical-align: top;\"><img decoding=\"async\" style=\"height: 20px; width: 20px;\" src=\"https:\/\/www.azur-scenic.com\/wp-content\/uploads\/csm_icon-flag-france_3304e5e3f9.png\" \/> M1<\/td>\n<td style=\"vertical-align: top;\">Standard: NF P 92 507<\/td>\n<\/tr>\n<tr>\n<td style=\"vertical-align: top;\">Composition<\/td>\n<td style=\"vertical-align: top;\" colspan=\"2\">100% Polyester with white acrylic flocking on reverse<\/td>\n<\/tr>\n<tr>\n<td style=\"vertical-align: top;\">Roll length<\/td>\n<td style=\"vertical-align: top;\">Approx. 50 m<br \/>\n(in 2&#215;25)<\/td>\n<td style=\"vertical-align: top;\">Cut-to-length min. 5 m length<\/td>\n<\/tr>\n<tr>\n<td style=\"vertical-align: top;\">Acoustic absorption<\/td>\n<td style=\"vertical-align: top;\">NRC coefficient 0.38<\/td>\n<td style=\"vertical-align: top;\">\u00a0<\/td>\n<\/tr>\n<\/tbody>\n<\/table>\n<p><em>ATTENTION: This fabric is subject to major color variations between productions of the same color. Azur Scenic cannot guarantee a color match on multiple production runs, and cannot be held responsible for any color difference between the color delivered and the color selected on a sample.<\/em><\/p>\n","protected":false},"excerpt":{"rendered":"<p style=\"text-align: justify;\">A <strong><span style=\"color: #f88523;\">100% blackout material<\/span><\/strong> with a particularly <strong><span style=\"color: #f88523;\">\u00a0fine finish<\/span><\/strong>, with <span style=\"color: #f88523;\"><strong>M1 flame-retardant rating<\/strong><\/span> and available in an impressive range of <span style=\"color: #f88523;\"><strong>decorative colours<\/strong><\/span>.<br \/>\nWith an off-white treatment this product offers <span style=\"color: #f88523;\"><strong>light-reflective<\/strong><\/span> and <span style=\"color: #f88523;\"><strong>heat-reflective<\/strong><\/span> properties.<\/p>\n<p style=\"text-align: justify;\">In addition, this material is also <span style=\"color: #f88523;\"><strong>washable<\/strong><\/span> and<strong><span style=\"color: #f88523;\">UV-resistant<\/span><\/strong>, and can be used both <span style=\"color: #f88523;\"><strong>indoors<\/strong><\/span>\u00a0and <strong><span style=\"color: #f88523;\">outdoors<\/span><\/strong>.<br \/>\nThis textile is also great for making <strong><span style=\"color: #f88523;\">blackout curtains<\/span><\/strong>, as well as for <span style=\"color: #f88523;\"><strong>dressing stage flats<\/strong><\/span>.<\/p>\n<table class=\"table\" style=\"background-color: #f7f7f7; background-position: initial initial; background-repeat: initial initial; width: 640px;\">\n<tbody>\n<tr>\n<td style=\"width: 207px;\"><strong>Width<\/strong>: 280 cm<\/td>\n<td style=\"width: 417px;\"><strong>Weight<\/strong>:\u00a0280 g\/m\u00b2<\/td>\n<\/tr>\n<tr>\n<td style=\"width: 207px;\"><strong>Flame-retardant rating<\/strong>: <img decoding=\"async\" style=\"height: 20px; width: 20px;\" src=\"https:\/\/www.azur-scenic.com\/wp-content\/uploads\/csm_icon-flag-france_3304e5e3f9.png\" \/> M1<\/td>\n<td style=\"vertical-align: top; width: 417px;\"><strong>Composition<\/strong>: 100% PES<br \/>\n(with white acrylic flocking on reverse)<\/td>\n<\/tr>\n<\/tbody>\n<\/table>\n<p><em>ATTENTION: This fabric is subject to major color variations between productions of the same color<\/em><\/p>\n","protected":false},"featured_media":14613,"template":"","meta":{"_acf_changed":false},"product_brand":[],"product_cat":[898,893,896,1027],"product_tag":[],"class_list":{"0":"post-17198","1":"product","2":"type-product","3":"status-publish","4":"has-post-thumbnail","6":"product_cat-all-products","7":"product_cat-stage-and-events-material","8":"product_cat-black-out","9":"product_cat-decoration","10":"pa_couleurs-003-en","11":"pa_couleurs-100-en","12":"pa_couleurs-108-en","13":"pa_couleurs-110-en","14":"pa_couleurs-120-en","15":"pa_couleurs-170-en","16":"pa_couleurs-180-en","17":"pa_couleurs-288-en","18":"pa_couleurs-350-en","19":"pa_couleurs-440-en","20":"pa_couleurs-501-en","21":"pa_couleurs-515-en","22":"pa_couleurs-518-en","23":"pa_couleurs-520-en","24":"pa_couleurs-570-en","25":"pa_couleurs-580-en","26":"pa_couleurs-610-en","27":"pa_couleurs-611-en","28":"pa_couleurs-612-en","29":"pa_couleurs-637-en","30":"pa_couleurs-650-en","31":"pa_couleurs-670-en","32":"pa_couleurs-708-en","33":"pa_couleurs-715-en","34":"pa_couleurs-720-en","35":"pa_couleurs-760-en","36":"pa_couleurs-850-en","37":"pa_couleurs-860-en","38":"pa_couleurs-910-en","39":"pa_couleurs-960-en","40":"pa_groupes-de-couleurs-white","41":"pa_groupes-de-couleurs-blue","42":"pa_groupes-de-couleurs-greys","43":"pa_groupes-de-couleurs-yellow","44":"pa_groupes-de-couleurs-brown-beige","45":"pa_groupes-de-couleurs-black","46":"pa_groupes-de-couleurs-orange","47":"pa_groupes-de-couleurs-pink","48":"pa_groupes-de-couleurs-red","49":"pa_groupes-de-couleurs-green","50":"pa_groupes-de-couleurs-purple","51":"pa_textiles-suitable-for-outdoors-use","52":"pa_textiles-flame-retardant-rated","53":"pa_textiles-washable","54":"pa_textiles-black-out-and-or-screen-material","55":"pa_textiles-uv-resistant","57":"first","58":"instock","59":"shipping-taxable","60":"purchasable","61":"product-type-variable"},"acf":[],"yoast_head":"<!-- This site is optimized with the Yoast SEO plugin v27.1.1 - https:\/\/yoast.com\/product\/yoast-seo-wordpress\/ -->\n<title>M1 blackout cloth - Azur Scenic<\/title>\n<meta name=\"robots\" content=\"index, follow, max-snippet:-1, max-image-preview:large, max-video-preview:-1\" \/>\n<link rel=\"canonical\" href=\"https:\/\/www.azur-scenic.com\/en\/product\/m1-blackout-cloth\/\" \/>\n<meta property=\"og:locale\" content=\"en_US\" \/>\n<meta property=\"og:type\" content=\"article\" \/>\n<meta property=\"og:title\" content=\"M1 blackout cloth - Azur Scenic\" \/>\n<meta property=\"og:description\" content=\"A 100% blackout material with a particularly \u00a0fine finish, with M1 flame-retardant rating and available in an impressive range of decorative colours. With an off-white treatment this product offers light-reflective and heat-reflective properties. In addition, this material is also washable andUV-resistant, and can be used both indoors\u00a0and outdoors. This textile is also great for making blackout curtains, as well as for dressing stage flats.    Width: 280 cm Weight:\u00a0280 g\/m\u00b2   Flame-retardant rating: M1 Composition: 100% PES (with white acrylic flocking on reverse)    ATTENTION: This fabric is subject to major color variations between productions of the same color\" \/>\n<meta property=\"og:url\" content=\"https:\/\/www.azur-scenic.com\/en\/product\/m1-blackout-cloth\/\" \/>\n<meta property=\"og:site_name\" content=\"Azur Scenic\" \/>\n<meta property=\"article:modified_time\" content=\"2024-10-23T12:39:18+00:00\" \/>\n<meta property=\"og:image\" content=\"https:\/\/www.azur-scenic.com\/wp-content\/uploads\/TISSU-OCCULTATION-M1-ARDOISE.jpg\" \/>\n\t<meta property=\"og:image:width\" content=\"1824\" \/>\n\t<meta property=\"og:image:height\" content=\"1824\" \/>\n\t<meta property=\"og:image:type\" content=\"image\/jpeg\" \/>\n<meta name=\"twitter:card\" content=\"summary_large_image\" \/>\n<meta name=\"twitter:label1\" content=\"Est. reading time\" \/>\n\t<meta name=\"twitter:data1\" content=\"1 minute\" \/>\n<script type=\"application\/ld+json\" class=\"yoast-schema-graph\">{\"@context\":\"https:\/\/schema.org\",\"@graph\":[{\"@type\":\"WebPage\",\"@id\":\"https:\/\/www.azur-scenic.com\/en\/product\/m1-blackout-cloth\/\",\"url\":\"https:\/\/www.azur-scenic.com\/en\/product\/m1-blackout-cloth\/\",\"name\":\"M1 blackout cloth - Azur Scenic\",\"isPartOf\":{\"@id\":\"https:\/\/www.azur-scenic.com\/en\/#website\"},\"primaryImageOfPage\":{\"@id\":\"https:\/\/www.azur-scenic.com\/en\/product\/m1-blackout-cloth\/#primaryimage\"},\"image\":{\"@id\":\"https:\/\/www.azur-scenic.com\/en\/product\/m1-blackout-cloth\/#primaryimage\"},\"thumbnailUrl\":\"https:\/\/www.azur-scenic.com\/wp-content\/uploads\/TISSU-OCCULTATION-M1-ARDOISE.jpg\",\"datePublished\":\"2022-10-04T07:28:33+00:00\",\"dateModified\":\"2024-10-23T12:39:18+00:00\",\"breadcrumb\":{\"@id\":\"https:\/\/www.azur-scenic.com\/en\/product\/m1-blackout-cloth\/#breadcrumb\"},\"inLanguage\":\"en-US\",\"potentialAction\":[{\"@type\":\"ReadAction\",\"target\":[\"https:\/\/www.azur-scenic.com\/en\/product\/m1-blackout-cloth\/\"]}]},{\"@type\":\"ImageObject\",\"inLanguage\":\"en-US\",\"@id\":\"https:\/\/www.azur-scenic.com\/en\/product\/m1-blackout-cloth\/#primaryimage\",\"url\":\"https:\/\/www.azur-scenic.com\/wp-content\/uploads\/TISSU-OCCULTATION-M1-ARDOISE.jpg\",\"contentUrl\":\"https:\/\/www.azur-scenic.com\/wp-content\/uploads\/TISSU-OCCULTATION-M1-ARDOISE.jpg\",\"width\":1824,\"height\":1824,\"caption\":\"TISSU OCCULTATION M1 ARDOISE\"},{\"@type\":\"BreadcrumbList\",\"@id\":\"https:\/\/www.azur-scenic.com\/en\/product\/m1-blackout-cloth\/#breadcrumb\",\"itemListElement\":[{\"@type\":\"ListItem\",\"position\":1,\"name\":\"Accueil\",\"item\":\"https:\/\/www.azur-scenic.com\/en\/\"},{\"@type\":\"ListItem\",\"position\":2,\"name\":\"Produits\",\"item\":\"https:\/\/www.azur-scenic.com\/en\/?page_id=21438\"},{\"@type\":\"ListItem\",\"position\":3,\"name\":\"M1 blackout cloth\"}]},{\"@type\":\"WebSite\",\"@id\":\"https:\/\/www.azur-scenic.com\/en\/#website\",\"url\":\"https:\/\/www.azur-scenic.com\/en\/\",\"name\":\"Azur Scenic\",\"description\":\"Sp\u00e9cialiste de l\u2019\u00e9quipement sc\u00e9nique et de la d\u00e9coration int\u00e9rieure et \u00e9v\u00e9nementielle !\",\"publisher\":{\"@id\":\"https:\/\/www.azur-scenic.com\/en\/#organization\"},\"potentialAction\":[{\"@type\":\"SearchAction\",\"target\":{\"@type\":\"EntryPoint\",\"urlTemplate\":\"https:\/\/www.azur-scenic.com\/en\/?s={search_term_string}\"},\"query-input\":{\"@type\":\"PropertyValueSpecification\",\"valueRequired\":true,\"valueName\":\"search_term_string\"}}],\"inLanguage\":\"en-US\"},{\"@type\":\"Organization\",\"@id\":\"https:\/\/www.azur-scenic.com\/en\/#organization\",\"name\":\"AZUR SCENIC\",\"url\":\"https:\/\/www.azur-scenic.com\/en\/\",\"logo\":{\"@type\":\"ImageObject\",\"inLanguage\":\"en-US\",\"@id\":\"https:\/\/www.azur-scenic.com\/en\/#\/schema\/logo\/image\/\",\"url\":\"https:\/\/www.azur-scenic.com\/wp-content\/uploads\/2022\/09\/LOGO-AZUR-SCENIC-Fusion-web-236x64-1.jpg\",\"contentUrl\":\"https:\/\/www.azur-scenic.com\/wp-content\/uploads\/2022\/09\/LOGO-AZUR-SCENIC-Fusion-web-236x64-1.jpg\",\"width\":236,\"height\":64,\"caption\":\"AZUR SCENIC\"},\"image\":{\"@id\":\"https:\/\/www.azur-scenic.com\/en\/#\/schema\/logo\/image\/\"},\"sameAs\":[\"https:\/\/www.youtube.com\/channel\/UCPWM2mGPVUt4nYhNlm71WOA\",\"https:\/\/www.linkedin.com\/company\/33237605\/admin\/feed\/posts\/\"]}]}<\/script>\n<!-- \/ Yoast SEO plugin. -->","yoast_head_json":{"title":"M1 blackout cloth - Azur Scenic","robots":{"index":"index","follow":"follow","max-snippet":"max-snippet:-1","max-image-preview":"max-image-preview:large","max-video-preview":"max-video-preview:-1"},"canonical":"https:\/\/www.azur-scenic.com\/en\/product\/m1-blackout-cloth\/","og_locale":"en_US","og_type":"article","og_title":"M1 blackout cloth - Azur Scenic","og_description":"A 100% blackout material with a particularly \u00a0fine finish, with M1 flame-retardant rating and available in an impressive range of decorative colours. With an off-white treatment this product offers light-reflective and heat-reflective properties. In addition, this material is also washable andUV-resistant, and can be used both indoors\u00a0and outdoors. This textile is also great for making blackout curtains, as well as for dressing stage flats.    Width: 280 cm Weight:\u00a0280 g\/m\u00b2   Flame-retardant rating: M1 Composition: 100% PES (with white acrylic flocking on reverse)    ATTENTION: This fabric is subject to major color variations between productions of the same color","og_url":"https:\/\/www.azur-scenic.com\/en\/product\/m1-blackout-cloth\/","og_site_name":"Azur Scenic","article_modified_time":"2024-10-23T12:39:18+00:00","og_image":[{"width":1824,"height":1824,"url":"https:\/\/www.azur-scenic.com\/wp-content\/uploads\/TISSU-OCCULTATION-M1-ARDOISE.jpg","type":"image\/jpeg"}],"twitter_card":"summary_large_image","twitter_misc":{"Est. reading time":"1 minute"},"schema":{"@context":"https:\/\/schema.org","@graph":[{"@type":"WebPage","@id":"https:\/\/www.azur-scenic.com\/en\/product\/m1-blackout-cloth\/","url":"https:\/\/www.azur-scenic.com\/en\/product\/m1-blackout-cloth\/","name":"M1 blackout cloth - Azur Scenic","isPartOf":{"@id":"https:\/\/www.azur-scenic.com\/en\/#website"},"primaryImageOfPage":{"@id":"https:\/\/www.azur-scenic.com\/en\/product\/m1-blackout-cloth\/#primaryimage"},"image":{"@id":"https:\/\/www.azur-scenic.com\/en\/product\/m1-blackout-cloth\/#primaryimage"},"thumbnailUrl":"https:\/\/www.azur-scenic.com\/wp-content\/uploads\/TISSU-OCCULTATION-M1-ARDOISE.jpg","datePublished":"2022-10-04T07:28:33+00:00","dateModified":"2024-10-23T12:39:18+00:00","breadcrumb":{"@id":"https:\/\/www.azur-scenic.com\/en\/product\/m1-blackout-cloth\/#breadcrumb"},"inLanguage":"en-US","potentialAction":[{"@type":"ReadAction","target":["https:\/\/www.azur-scenic.com\/en\/product\/m1-blackout-cloth\/"]}]},{"@type":"ImageObject","inLanguage":"en-US","@id":"https:\/\/www.azur-scenic.com\/en\/product\/m1-blackout-cloth\/#primaryimage","url":"https:\/\/www.azur-scenic.com\/wp-content\/uploads\/TISSU-OCCULTATION-M1-ARDOISE.jpg","contentUrl":"https:\/\/www.azur-scenic.com\/wp-content\/uploads\/TISSU-OCCULTATION-M1-ARDOISE.jpg","width":1824,"height":1824,"caption":"TISSU OCCULTATION M1 ARDOISE"},{"@type":"BreadcrumbList","@id":"https:\/\/www.azur-scenic.com\/en\/product\/m1-blackout-cloth\/#breadcrumb","itemListElement":[{"@type":"ListItem","position":1,"name":"Accueil","item":"https:\/\/www.azur-scenic.com\/en\/"},{"@type":"ListItem","position":2,"name":"Produits","item":"https:\/\/www.azur-scenic.com\/en\/?page_id=21438"},{"@type":"ListItem","position":3,"name":"M1 blackout cloth"}]},{"@type":"WebSite","@id":"https:\/\/www.azur-scenic.com\/en\/#website","url":"https:\/\/www.azur-scenic.com\/en\/","name":"Azur Scenic","description":"Sp\u00e9cialiste de l\u2019\u00e9quipement sc\u00e9nique et de la d\u00e9coration int\u00e9rieure et \u00e9v\u00e9nementielle !","publisher":{"@id":"https:\/\/www.azur-scenic.com\/en\/#organization"},"potentialAction":[{"@type":"SearchAction","target":{"@type":"EntryPoint","urlTemplate":"https:\/\/www.azur-scenic.com\/en\/?s={search_term_string}"},"query-input":{"@type":"PropertyValueSpecification","valueRequired":true,"valueName":"search_term_string"}}],"inLanguage":"en-US"},{"@type":"Organization","@id":"https:\/\/www.azur-scenic.com\/en\/#organization","name":"AZUR SCENIC","url":"https:\/\/www.azur-scenic.com\/en\/","logo":{"@type":"ImageObject","inLanguage":"en-US","@id":"https:\/\/www.azur-scenic.com\/en\/#\/schema\/logo\/image\/","url":"https:\/\/www.azur-scenic.com\/wp-content\/uploads\/2022\/09\/LOGO-AZUR-SCENIC-Fusion-web-236x64-1.jpg","contentUrl":"https:\/\/www.azur-scenic.com\/wp-content\/uploads\/2022\/09\/LOGO-AZUR-SCENIC-Fusion-web-236x64-1.jpg","width":236,"height":64,"caption":"AZUR SCENIC"},"image":{"@id":"https:\/\/www.azur-scenic.com\/en\/#\/schema\/logo\/image\/"},"sameAs":["https:\/\/www.youtube.com\/channel\/UCPWM2mGPVUt4nYhNlm71WOA","https:\/\/www.linkedin.com\/company\/33237605\/admin\/feed\/posts\/"]}]}},"_links":{"self":[{"href":"https:\/\/www.azur-scenic.com\/en\/wp-json\/wp\/v2\/product\/17198","targetHints":{"allow":["GET"]}}],"collection":[{"href":"https:\/\/www.azur-scenic.com\/en\/wp-json\/wp\/v2\/product"}],"about":[{"href":"https:\/\/www.azur-scenic.com\/en\/wp-json\/wp\/v2\/types\/product"}],"wp:featuredmedia":[{"embeddable":true,"href":"https:\/\/www.azur-scenic.com\/en\/wp-json\/wp\/v2\/media\/14613"}],"wp:attachment":[{"href":"https:\/\/www.azur-scenic.com\/en\/wp-json\/wp\/v2\/media?parent=17198"}],"wp:term":[{"taxonomy":"product_brand","embeddable":true,"href":"https:\/\/www.azur-scenic.com\/en\/wp-json\/wp\/v2\/product_brand?post=17198"},{"taxonomy":"product_cat","embeddable":true,"href":"https:\/\/www.azur-scenic.com\/en\/wp-json\/wp\/v2\/product_cat?post=17198"},{"taxonomy":"product_tag","embeddable":true,"href":"https:\/\/www.azur-scenic.com\/en\/wp-json\/wp\/v2\/product_tag?post=17198"}],"curies":[{"name":"wp","href":"https:\/\/api.w.org\/{rel}","templated":true}]}}