{"id":17291,"date":"2022-10-04T07:28:33","date_gmt":"2022-10-04T07:28:33","guid":{"rendered":"https:\/\/www.azur-scenic.com\/produit\/track-motor-250\/"},"modified":"2023-08-02T12:58:37","modified_gmt":"2023-08-02T12:58:37","slug":"track-motor-250","status":"publish","type":"product","link":"https:\/\/www.azur-scenic.com\/en\/product\/track-motor-250\/","title":{"rendered":"Track Motor 250"},"content":{"rendered":"<p><p><strong>Power<\/strong>: 250 W<\/p>\n<p><strong>Max. curtain weight<\/strong>: 250 kg on straight track, 125 kg on shaped track<\/p>\n<p><strong>Max. speed<\/strong>: 0.6 m\/s<\/p>\n<p>Fixed speed<\/p>\n<p>Activation<\/p>\n<p><strong><span style=\"color: #f88523;\">Technical specifications, Options\u00a0&amp; Accessories<\/span><\/strong><br \/>\nDownload the technical specifications below<\/p><\/p>\n","protected":false},"excerpt":{"rendered":"<p><span style=\"color: #f88523; font-weight: 600;\">TM250<\/span>: a <span style=\"color: #f88523; font-weight: 600;\">powerful<\/span>, <span style=\"color: #f88523; font-weight: 600;\">silent<\/span>, <span style=\"color: #f88523; font-weight: 600;\">high-precision <\/span> motor designed for our <span style=\"color: #f88523; font-weight: 600;\">Heavy Track<\/span> and <span style=\"color: #f88523; font-weight: 600;\">Erail<\/span> curtain tracks.<\/p>\n<p>Its dual-pulley system offers excellent precision and lets you <span style=\"color: #f88523; font-weight: 600;\">open and close curtains and decorations<\/span> weighing<span style=\"color: #f88523; font-weight: 600;\">up to 250 kg<\/span> on straight curtain tracks with a <span style=\"color: #f88523; font-weight: 600;\">fixed speed<\/span> of 60 cm\/sec.<\/p>\n<p>To best suit your configuration and your budget, it can also be equipped with a <span style=\"color: #f88523; font-weight: 600;\">wired on-stage control<\/span> or <span style=\"color: #f88523; font-weight: 600;\">radio remote control<\/span>.<\/p>\n<p>In case of a power cut, it also features a permanent <span style=\"color: #f88523; font-weight: 600;\">manual operation<\/span> allowing you to activate the curtains by walk-along.<\/p>\n","protected":false},"featured_media":8508,"template":"","meta":{"_acf_changed":false},"product_brand":[],"product_cat":[898,1085,1086],"product_tag":[],"class_list":{"0":"post-17291","1":"product","2":"type-product","3":"status-publish","4":"has-post-thumbnail","6":"product_cat-all-products","7":"product_cat-technical-products","8":"product_cat-stage-curtain-tracks","9":"pa_techniques-made-to-measure","10":"pa_techniques-motorised","12":"first","13":"instock","14":"shipping-taxable","15":"purchasable","16":"product-type-simple"},"acf":[],"yoast_head":"<!-- This site is optimized with the Yoast SEO plugin v27.3 - https:\/\/yoast.com\/product\/yoast-seo-wordpress\/ -->\n<title>Track Motor 250 - Azur Scenic<\/title>\n<meta name=\"robots\" content=\"index, follow, max-snippet:-1, max-image-preview:large, max-video-preview:-1\" \/>\n<link rel=\"canonical\" href=\"https:\/\/www.azur-scenic.com\/en\/product\/track-motor-250\/\" \/>\n<meta property=\"og:locale\" content=\"en_US\" \/>\n<meta property=\"og:type\" content=\"article\" \/>\n<meta property=\"og:title\" content=\"Track Motor 250 - Azur Scenic\" \/>\n<meta property=\"og:description\" content=\"TM250: a powerful, silent, high-precision motor designed for our Heavy Track and Erail curtain tracks. Its dual-pulley system offers excellent precision and lets you open and close curtains and decorations weighingup to 250 kg on straight curtain tracks with a fixed speed of 60 cm\/sec. To best suit your configuration and your budget, it can also be equipped with a wired on-stage control or radio remote control. In case of a power cut, it also features a permanent manual operation allowing you to activate the curtains by walk-along.\" \/>\n<meta property=\"og:url\" content=\"https:\/\/www.azur-scenic.com\/en\/product\/track-motor-250\/\" \/>\n<meta property=\"og:site_name\" content=\"Azur Scenic\" \/>\n<meta property=\"article:modified_time\" content=\"2023-08-02T12:58:37+00:00\" \/>\n<meta property=\"og:image\" content=\"https:\/\/www.azur-scenic.com\/wp-content\/uploads\/8d82b7d9f9bb4fecbc4c1d1c69eb0784.png\" \/>\n\t<meta property=\"og:image:width\" content=\"1065\" \/>\n\t<meta property=\"og:image:height\" content=\"1065\" \/>\n\t<meta property=\"og:image:type\" content=\"image\/png\" \/>\n<meta name=\"twitter:card\" content=\"summary_large_image\" \/>\n<script type=\"application\/ld+json\" class=\"yoast-schema-graph\">{\"@context\":\"https:\\\/\\\/schema.org\",\"@graph\":[{\"@type\":\"WebPage\",\"@id\":\"https:\\\/\\\/www.azur-scenic.com\\\/en\\\/product\\\/track-motor-250\\\/\",\"url\":\"https:\\\/\\\/www.azur-scenic.com\\\/en\\\/product\\\/track-motor-250\\\/\",\"name\":\"Track Motor 250 - Azur Scenic\",\"isPartOf\":{\"@id\":\"https:\\\/\\\/www.azur-scenic.com\\\/en\\\/#website\"},\"primaryImageOfPage\":{\"@id\":\"https:\\\/\\\/www.azur-scenic.com\\\/en\\\/product\\\/track-motor-250\\\/#primaryimage\"},\"image\":{\"@id\":\"https:\\\/\\\/www.azur-scenic.com\\\/en\\\/product\\\/track-motor-250\\\/#primaryimage\"},\"thumbnailUrl\":\"https:\\\/\\\/www.azur-scenic.com\\\/wp-content\\\/uploads\\\/8d82b7d9f9bb4fecbc4c1d1c69eb0784.png\",\"datePublished\":\"2022-10-04T07:28:33+00:00\",\"dateModified\":\"2023-08-02T12:58:37+00:00\",\"breadcrumb\":{\"@id\":\"https:\\\/\\\/www.azur-scenic.com\\\/en\\\/product\\\/track-motor-250\\\/#breadcrumb\"},\"inLanguage\":\"en-US\",\"potentialAction\":[{\"@type\":\"ReadAction\",\"target\":[\"https:\\\/\\\/www.azur-scenic.com\\\/en\\\/product\\\/track-motor-250\\\/\"]}]},{\"@type\":\"ImageObject\",\"inLanguage\":\"en-US\",\"@id\":\"https:\\\/\\\/www.azur-scenic.com\\\/en\\\/product\\\/track-motor-250\\\/#primaryimage\",\"url\":\"https:\\\/\\\/www.azur-scenic.com\\\/wp-content\\\/uploads\\\/8d82b7d9f9bb4fecbc4c1d1c69eb0784.png\",\"contentUrl\":\"https:\\\/\\\/www.azur-scenic.com\\\/wp-content\\\/uploads\\\/8d82b7d9f9bb4fecbc4c1d1c69eb0784.png\",\"width\":1065,\"height\":1065},{\"@type\":\"BreadcrumbList\",\"@id\":\"https:\\\/\\\/www.azur-scenic.com\\\/en\\\/product\\\/track-motor-250\\\/#breadcrumb\",\"itemListElement\":[{\"@type\":\"ListItem\",\"position\":1,\"name\":\"Accueil\",\"item\":\"https:\\\/\\\/www.azur-scenic.com\\\/en\\\/\"},{\"@type\":\"ListItem\",\"position\":2,\"name\":\"Produits\",\"item\":\"https:\\\/\\\/www.azur-scenic.com\\\/en\\\/?page_id=21438\"},{\"@type\":\"ListItem\",\"position\":3,\"name\":\"Track Motor 250\"}]},{\"@type\":\"WebSite\",\"@id\":\"https:\\\/\\\/www.azur-scenic.com\\\/en\\\/#website\",\"url\":\"https:\\\/\\\/www.azur-scenic.com\\\/en\\\/\",\"name\":\"Azur Scenic\",\"description\":\"Sp\u00e9cialiste de l\u2019\u00e9quipement sc\u00e9nique et de la d\u00e9coration int\u00e9rieure et \u00e9v\u00e9nementielle !\",\"publisher\":{\"@id\":\"https:\\\/\\\/www.azur-scenic.com\\\/en\\\/#organization\"},\"potentialAction\":[{\"@type\":\"SearchAction\",\"target\":{\"@type\":\"EntryPoint\",\"urlTemplate\":\"https:\\\/\\\/www.azur-scenic.com\\\/en\\\/?s={search_term_string}\"},\"query-input\":{\"@type\":\"PropertyValueSpecification\",\"valueRequired\":true,\"valueName\":\"search_term_string\"}}],\"inLanguage\":\"en-US\"},{\"@type\":\"Organization\",\"@id\":\"https:\\\/\\\/www.azur-scenic.com\\\/en\\\/#organization\",\"name\":\"AZUR SCENIC\",\"url\":\"https:\\\/\\\/www.azur-scenic.com\\\/en\\\/\",\"logo\":{\"@type\":\"ImageObject\",\"inLanguage\":\"en-US\",\"@id\":\"https:\\\/\\\/www.azur-scenic.com\\\/en\\\/#\\\/schema\\\/logo\\\/image\\\/\",\"url\":\"https:\\\/\\\/www.azur-scenic.com\\\/wp-content\\\/uploads\\\/2022\\\/09\\\/LOGO-AZUR-SCENIC-Fusion-web-236x64-1.jpg\",\"contentUrl\":\"https:\\\/\\\/www.azur-scenic.com\\\/wp-content\\\/uploads\\\/2022\\\/09\\\/LOGO-AZUR-SCENIC-Fusion-web-236x64-1.jpg\",\"width\":236,\"height\":64,\"caption\":\"AZUR SCENIC\"},\"image\":{\"@id\":\"https:\\\/\\\/www.azur-scenic.com\\\/en\\\/#\\\/schema\\\/logo\\\/image\\\/\"},\"sameAs\":[\"https:\\\/\\\/www.youtube.com\\\/channel\\\/UCPWM2mGPVUt4nYhNlm71WOA\",\"https:\\\/\\\/www.linkedin.com\\\/company\\\/33237605\\\/admin\\\/feed\\\/posts\\\/\"]}]}<\/script>\n<!-- \/ Yoast SEO plugin. -->","yoast_head_json":{"title":"Track Motor 250 - Azur Scenic","robots":{"index":"index","follow":"follow","max-snippet":"max-snippet:-1","max-image-preview":"max-image-preview:large","max-video-preview":"max-video-preview:-1"},"canonical":"https:\/\/www.azur-scenic.com\/en\/product\/track-motor-250\/","og_locale":"en_US","og_type":"article","og_title":"Track Motor 250 - Azur Scenic","og_description":"TM250: a powerful, silent, high-precision motor designed for our Heavy Track and Erail curtain tracks. Its dual-pulley system offers excellent precision and lets you open and close curtains and decorations weighingup to 250 kg on straight curtain tracks with a fixed speed of 60 cm\/sec. To best suit your configuration and your budget, it can also be equipped with a wired on-stage control or radio remote control. In case of a power cut, it also features a permanent manual operation allowing you to activate the curtains by walk-along.","og_url":"https:\/\/www.azur-scenic.com\/en\/product\/track-motor-250\/","og_site_name":"Azur Scenic","article_modified_time":"2023-08-02T12:58:37+00:00","og_image":[{"width":1065,"height":1065,"url":"https:\/\/www.azur-scenic.com\/wp-content\/uploads\/8d82b7d9f9bb4fecbc4c1d1c69eb0784.png","type":"image\/png"}],"twitter_card":"summary_large_image","schema":{"@context":"https:\/\/schema.org","@graph":[{"@type":"WebPage","@id":"https:\/\/www.azur-scenic.com\/en\/product\/track-motor-250\/","url":"https:\/\/www.azur-scenic.com\/en\/product\/track-motor-250\/","name":"Track Motor 250 - Azur Scenic","isPartOf":{"@id":"https:\/\/www.azur-scenic.com\/en\/#website"},"primaryImageOfPage":{"@id":"https:\/\/www.azur-scenic.com\/en\/product\/track-motor-250\/#primaryimage"},"image":{"@id":"https:\/\/www.azur-scenic.com\/en\/product\/track-motor-250\/#primaryimage"},"thumbnailUrl":"https:\/\/www.azur-scenic.com\/wp-content\/uploads\/8d82b7d9f9bb4fecbc4c1d1c69eb0784.png","datePublished":"2022-10-04T07:28:33+00:00","dateModified":"2023-08-02T12:58:37+00:00","breadcrumb":{"@id":"https:\/\/www.azur-scenic.com\/en\/product\/track-motor-250\/#breadcrumb"},"inLanguage":"en-US","potentialAction":[{"@type":"ReadAction","target":["https:\/\/www.azur-scenic.com\/en\/product\/track-motor-250\/"]}]},{"@type":"ImageObject","inLanguage":"en-US","@id":"https:\/\/www.azur-scenic.com\/en\/product\/track-motor-250\/#primaryimage","url":"https:\/\/www.azur-scenic.com\/wp-content\/uploads\/8d82b7d9f9bb4fecbc4c1d1c69eb0784.png","contentUrl":"https:\/\/www.azur-scenic.com\/wp-content\/uploads\/8d82b7d9f9bb4fecbc4c1d1c69eb0784.png","width":1065,"height":1065},{"@type":"BreadcrumbList","@id":"https:\/\/www.azur-scenic.com\/en\/product\/track-motor-250\/#breadcrumb","itemListElement":[{"@type":"ListItem","position":1,"name":"Accueil","item":"https:\/\/www.azur-scenic.com\/en\/"},{"@type":"ListItem","position":2,"name":"Produits","item":"https:\/\/www.azur-scenic.com\/en\/?page_id=21438"},{"@type":"ListItem","position":3,"name":"Track Motor 250"}]},{"@type":"WebSite","@id":"https:\/\/www.azur-scenic.com\/en\/#website","url":"https:\/\/www.azur-scenic.com\/en\/","name":"Azur Scenic","description":"Sp\u00e9cialiste de l\u2019\u00e9quipement sc\u00e9nique et de la d\u00e9coration int\u00e9rieure et \u00e9v\u00e9nementielle !","publisher":{"@id":"https:\/\/www.azur-scenic.com\/en\/#organization"},"potentialAction":[{"@type":"SearchAction","target":{"@type":"EntryPoint","urlTemplate":"https:\/\/www.azur-scenic.com\/en\/?s={search_term_string}"},"query-input":{"@type":"PropertyValueSpecification","valueRequired":true,"valueName":"search_term_string"}}],"inLanguage":"en-US"},{"@type":"Organization","@id":"https:\/\/www.azur-scenic.com\/en\/#organization","name":"AZUR SCENIC","url":"https:\/\/www.azur-scenic.com\/en\/","logo":{"@type":"ImageObject","inLanguage":"en-US","@id":"https:\/\/www.azur-scenic.com\/en\/#\/schema\/logo\/image\/","url":"https:\/\/www.azur-scenic.com\/wp-content\/uploads\/2022\/09\/LOGO-AZUR-SCENIC-Fusion-web-236x64-1.jpg","contentUrl":"https:\/\/www.azur-scenic.com\/wp-content\/uploads\/2022\/09\/LOGO-AZUR-SCENIC-Fusion-web-236x64-1.jpg","width":236,"height":64,"caption":"AZUR SCENIC"},"image":{"@id":"https:\/\/www.azur-scenic.com\/en\/#\/schema\/logo\/image\/"},"sameAs":["https:\/\/www.youtube.com\/channel\/UCPWM2mGPVUt4nYhNlm71WOA","https:\/\/www.linkedin.com\/company\/33237605\/admin\/feed\/posts\/"]}]}},"_links":{"self":[{"href":"https:\/\/www.azur-scenic.com\/en\/wp-json\/wp\/v2\/product\/17291","targetHints":{"allow":["GET"]}}],"collection":[{"href":"https:\/\/www.azur-scenic.com\/en\/wp-json\/wp\/v2\/product"}],"about":[{"href":"https:\/\/www.azur-scenic.com\/en\/wp-json\/wp\/v2\/types\/product"}],"wp:featuredmedia":[{"embeddable":true,"href":"https:\/\/www.azur-scenic.com\/en\/wp-json\/wp\/v2\/media\/8508"}],"wp:attachment":[{"href":"https:\/\/www.azur-scenic.com\/en\/wp-json\/wp\/v2\/media?parent=17291"}],"wp:term":[{"taxonomy":"product_brand","embeddable":true,"href":"https:\/\/www.azur-scenic.com\/en\/wp-json\/wp\/v2\/product_brand?post=17291"},{"taxonomy":"product_cat","embeddable":true,"href":"https:\/\/www.azur-scenic.com\/en\/wp-json\/wp\/v2\/product_cat?post=17291"},{"taxonomy":"product_tag","embeddable":true,"href":"https:\/\/www.azur-scenic.com\/en\/wp-json\/wp\/v2\/product_tag?post=17291"}],"curies":[{"name":"wp","href":"https:\/\/api.w.org\/{rel}","templated":true}]}}