{"id":17302,"date":"2022-10-04T07:28:32","date_gmt":"2022-10-04T07:28:32","guid":{"rendered":"https:\/\/www.azur-scenic.com\/produit\/tapis-super-shine\/"},"modified":"2023-08-02T12:57:30","modified_gmt":"2023-08-02T12:57:30","slug":"hi-shine-flooring","status":"publish","type":"product","link":"https:\/\/www.azur-scenic.com\/en\/product\/hi-shine-flooring\/","title":{"rendered":"Hi Shine Flooring"},"content":{"rendered":"<table style=\"width: 47.1446%;\">\n<thead>\n<tr>\n<th style=\"width: 30.4729%;\">Technical data<\/th>\n<th style=\"width: 19.7898%;\">Value<\/th>\n<th style=\"width: 113.835%;\">Notes<\/th>\n<\/tr>\n<\/thead>\n<tbody>\n<tr>\n<td style=\"vertical-align: top; width: 30.4729%;\">Width<\/td>\n<td style=\"vertical-align: top; width: 19.7898%;\">150 cm<\/td>\n<td style=\"vertical-align: top; width: 113.835%;\">\u00a0<\/td>\n<\/tr>\n<tr>\n<td style=\"vertical-align: top; width: 30.4729%;\">Weight<\/td>\n<td style=\"vertical-align: top; width: 19.7898%;\">1960 g\/m\u00b2<\/td>\n<td style=\"vertical-align: top; width: 113.835%;\">\u00a0<\/td>\n<\/tr>\n<tr>\n<td style=\"vertical-align: top; width: 30.4729%;\">Thickness<\/td>\n<td style=\"vertical-align: top; width: 19.7898%;\">1.5 mm<\/td>\n<td style=\"vertical-align: top; width: 113.835%;\">\u00a0<\/td>\n<\/tr>\n<tr>\n<td style=\"vertical-align: top; width: 30.4729%;\">Flame-retardant rating<\/td>\n<td style=\"vertical-align: top; width: 19.7898%;\"><img decoding=\"async\" style=\"height: 20px; width: 20px;\" src=\"https:\/\/www.azur-scenic.com\/wp-content\/uploads\/icon-flag-europe.png\" \/> Bfl -S1<\/td>\n<td style=\"vertical-align: top; width: 113.835%;\">Standard: EN 13501-1<\/td>\n<\/tr>\n<tr>\n<td style=\"vertical-align: top; width: 30.4729%;\">Composition<\/td>\n<td style=\"vertical-align: top; width: 133.625%;\" colspan=\"2\" rowspan=\"1\">PVC + calendered polymer surface<\/td>\n<\/tr>\n<tr>\n<td style=\"vertical-align: top; width: 30.4729%;\">\n<p>Roll length<\/p>\n<p>\u00a0<\/p>\n<\/td>\n<td style=\"vertical-align: top; width: 19.7898%;\">10 ml (15\u00a0m\u00b2)<br \/>\n15 ml (22.5\u00a0m\u00b2)<br \/>\n20 ml (30\u00a0m\u00b2)<br \/>\n30 ml (45\u00a0m\u00b2)<\/td>\n<td style=\"vertical-align: top; width: 113.835%;\">Colours 002, 003, 100, 090, 092<br \/>\nColours 002, 003, 100, 090, 092<br \/>\nColours 002, 003, 100, 090, 092, 700<br \/>\nColours 002, 003, 100, 090, 092, 200<\/td>\n<\/tr>\n<tr>\n<td style=\"vertical-align: top; width: 30.4729%;\">Sound Insulation<\/td>\n<td style=\"vertical-align: top; width: 19.7898%;\">3 dB<\/td>\n<td style=\"vertical-align: top; width: 113.835%;\">Standard: EN ISO 717-2<\/td>\n<\/tr>\n<\/tbody>\n<\/table>\n","protected":false},"excerpt":{"rendered":"<p style=\"text-align: justify;\">Our <strong>Hi Shine Harlequin<\/strong> flooring is <span style=\"color: #f88523;\"><strong>Bfl -S1 flame-retardant rated<\/strong><\/span>, and is <strong>extremely scratch-resistant<\/strong> thanks to its <span style=\"color: #000000;\">polymer-based calendered surface.<\/span><\/p>\n<p style=\"text-align: justify;\">It\u2019s a perfect way to dress\u00a0<span style=\"color: #f88523;\"><strong>TV studios<\/strong><\/span>\u00a0or for equipping<span style=\"color: #f88523;\"><strong>\u00a0stage floors<\/strong><\/span>\u00a0for fashion shows, product launches, and more&#8230;<\/p>\n<p>Hi Shine Flooring will totally transform your floors thanks to a <span style=\"color: #f88523;\"><strong>high-gloss surface<\/strong><\/span>that guarantees sensational on-stage light shows.<\/p>\n<p>\u00a0<\/p>\n<table class=\"table\">\n<tbody>\n<tr>\n<td><strong>Width<\/strong>: 150 cm<\/td>\n<td><strong>Weight<\/strong>: 1960 g\/m\u00b2<\/td>\n<\/tr>\n<tr>\n<td><strong>Flame-retardant rating<\/strong>: <img decoding=\"async\" style=\"height: 20px; width: 20px;\" src=\"https:\/\/www.azur-scenic.com\/wp-content\/uploads\/icon-flag-europe.png\" \/> Bfl -S1<\/td>\n<td><strong>Composition<\/strong>: PVC (+ calendered polymer surface)<\/td>\n<\/tr>\n<\/tbody>\n<\/table>\n","protected":false},"featured_media":12745,"template":"","meta":{"_acf_changed":false},"product_brand":[],"product_cat":[898,1104,1105,897,1027,1106],"product_tag":[],"class_list":{"0":"post-17302","1":"product","2":"type-product","3":"status-publish","4":"has-post-thumbnail","6":"product_cat-all-products","7":"product_cat-floor-coverings-dance-flooring","8":"product_cat-dance-flooring","9":"product_cat-theatre","10":"product_cat-decoration","11":"product_cat-events","12":"pa_couleurs-002-en","13":"pa_couleurs-003-en","14":"pa_couleurs-090-en","15":"pa_couleurs-092-en","16":"pa_couleurs-100-en","17":"pa_couleurs-200-en","18":"pa_couleurs-700-en","19":"pa_groupes-de-couleurs-white","20":"pa_groupes-de-couleurs-blue","21":"pa_groupes-de-couleurs-greys","22":"pa_groupes-de-couleurs-black","23":"pa_groupes-de-couleurs-red","24":"pa_textiles-suitable-for-outdoors-use","25":"pa_textiles-gloss-lacquered-and-metallic","26":"pa_textiles-flame-retardant-rated","27":"pa_textiles-washable","29":"first","30":"instock","31":"shipping-taxable","32":"purchasable","33":"product-type-variable"},"acf":[],"yoast_head":"<!-- This site is optimized with the Yoast SEO plugin v27.3 - https:\/\/yoast.com\/product\/yoast-seo-wordpress\/ -->\n<title>Hi Shine Flooring - Azur Scenic<\/title>\n<meta name=\"robots\" content=\"index, follow, max-snippet:-1, max-image-preview:large, max-video-preview:-1\" \/>\n<link rel=\"canonical\" href=\"https:\/\/www.azur-scenic.com\/en\/product\/hi-shine-flooring\/\" \/>\n<meta property=\"og:locale\" content=\"en_US\" \/>\n<meta property=\"og:type\" content=\"article\" \/>\n<meta property=\"og:title\" content=\"Hi Shine Flooring - Azur Scenic\" \/>\n<meta property=\"og:description\" content=\"Our Hi Shine Harlequin flooring is Bfl -S1 flame-retardant rated, and is extremely scratch-resistant thanks to its polymer-based calendered surface. It\u2019s a perfect way to dress\u00a0TV studios\u00a0or for equipping\u00a0stage floors\u00a0for fashion shows, product launches, and more... Hi Shine Flooring will totally transform your floors thanks to a high-gloss surfacethat guarantees sensational on-stage light shows. \u00a0  Width: 150 cm Weight: 1960 g\/m\u00b2  Flame-retardant rating: Bfl -S1 Composition: PVC (+ calendered polymer surface)\" \/>\n<meta property=\"og:url\" content=\"https:\/\/www.azur-scenic.com\/en\/product\/hi-shine-flooring\/\" \/>\n<meta property=\"og:site_name\" content=\"Azur Scenic\" \/>\n<meta property=\"article:modified_time\" content=\"2023-08-02T12:57:30+00:00\" \/>\n<meta property=\"og:image\" content=\"https:\/\/www.azur-scenic.com\/wp-content\/uploads\/Hi-Shine-Argent.jpg\" \/>\n\t<meta property=\"og:image:width\" content=\"2048\" \/>\n\t<meta property=\"og:image:height\" content=\"2048\" \/>\n\t<meta property=\"og:image:type\" content=\"image\/jpeg\" \/>\n<meta name=\"twitter:card\" content=\"summary_large_image\" \/>\n<script type=\"application\/ld+json\" class=\"yoast-schema-graph\">{\"@context\":\"https:\\\/\\\/schema.org\",\"@graph\":[{\"@type\":\"WebPage\",\"@id\":\"https:\\\/\\\/www.azur-scenic.com\\\/en\\\/product\\\/hi-shine-flooring\\\/\",\"url\":\"https:\\\/\\\/www.azur-scenic.com\\\/en\\\/product\\\/hi-shine-flooring\\\/\",\"name\":\"Hi Shine Flooring - Azur Scenic\",\"isPartOf\":{\"@id\":\"https:\\\/\\\/www.azur-scenic.com\\\/en\\\/#website\"},\"primaryImageOfPage\":{\"@id\":\"https:\\\/\\\/www.azur-scenic.com\\\/en\\\/product\\\/hi-shine-flooring\\\/#primaryimage\"},\"image\":{\"@id\":\"https:\\\/\\\/www.azur-scenic.com\\\/en\\\/product\\\/hi-shine-flooring\\\/#primaryimage\"},\"thumbnailUrl\":\"https:\\\/\\\/www.azur-scenic.com\\\/wp-content\\\/uploads\\\/Hi-Shine-Argent.jpg\",\"datePublished\":\"2022-10-04T07:28:32+00:00\",\"dateModified\":\"2023-08-02T12:57:30+00:00\",\"breadcrumb\":{\"@id\":\"https:\\\/\\\/www.azur-scenic.com\\\/en\\\/product\\\/hi-shine-flooring\\\/#breadcrumb\"},\"inLanguage\":\"en-US\",\"potentialAction\":[{\"@type\":\"ReadAction\",\"target\":[\"https:\\\/\\\/www.azur-scenic.com\\\/en\\\/product\\\/hi-shine-flooring\\\/\"]}]},{\"@type\":\"ImageObject\",\"inLanguage\":\"en-US\",\"@id\":\"https:\\\/\\\/www.azur-scenic.com\\\/en\\\/product\\\/hi-shine-flooring\\\/#primaryimage\",\"url\":\"https:\\\/\\\/www.azur-scenic.com\\\/wp-content\\\/uploads\\\/Hi-Shine-Argent.jpg\",\"contentUrl\":\"https:\\\/\\\/www.azur-scenic.com\\\/wp-content\\\/uploads\\\/Hi-Shine-Argent.jpg\",\"width\":2048,\"height\":2048,\"caption\":\"Tapis Hi Shine Coloris Argent\"},{\"@type\":\"BreadcrumbList\",\"@id\":\"https:\\\/\\\/www.azur-scenic.com\\\/en\\\/product\\\/hi-shine-flooring\\\/#breadcrumb\",\"itemListElement\":[{\"@type\":\"ListItem\",\"position\":1,\"name\":\"Accueil\",\"item\":\"https:\\\/\\\/www.azur-scenic.com\\\/en\\\/\"},{\"@type\":\"ListItem\",\"position\":2,\"name\":\"Produits\",\"item\":\"https:\\\/\\\/www.azur-scenic.com\\\/en\\\/?page_id=21438\"},{\"@type\":\"ListItem\",\"position\":3,\"name\":\"Hi Shine Flooring\"}]},{\"@type\":\"WebSite\",\"@id\":\"https:\\\/\\\/www.azur-scenic.com\\\/en\\\/#website\",\"url\":\"https:\\\/\\\/www.azur-scenic.com\\\/en\\\/\",\"name\":\"Azur Scenic\",\"description\":\"Sp\u00e9cialiste de l\u2019\u00e9quipement sc\u00e9nique et de la d\u00e9coration int\u00e9rieure et \u00e9v\u00e9nementielle !\",\"publisher\":{\"@id\":\"https:\\\/\\\/www.azur-scenic.com\\\/en\\\/#organization\"},\"potentialAction\":[{\"@type\":\"SearchAction\",\"target\":{\"@type\":\"EntryPoint\",\"urlTemplate\":\"https:\\\/\\\/www.azur-scenic.com\\\/en\\\/?s={search_term_string}\"},\"query-input\":{\"@type\":\"PropertyValueSpecification\",\"valueRequired\":true,\"valueName\":\"search_term_string\"}}],\"inLanguage\":\"en-US\"},{\"@type\":\"Organization\",\"@id\":\"https:\\\/\\\/www.azur-scenic.com\\\/en\\\/#organization\",\"name\":\"AZUR SCENIC\",\"url\":\"https:\\\/\\\/www.azur-scenic.com\\\/en\\\/\",\"logo\":{\"@type\":\"ImageObject\",\"inLanguage\":\"en-US\",\"@id\":\"https:\\\/\\\/www.azur-scenic.com\\\/en\\\/#\\\/schema\\\/logo\\\/image\\\/\",\"url\":\"https:\\\/\\\/www.azur-scenic.com\\\/wp-content\\\/uploads\\\/2022\\\/09\\\/LOGO-AZUR-SCENIC-Fusion-web-236x64-1.jpg\",\"contentUrl\":\"https:\\\/\\\/www.azur-scenic.com\\\/wp-content\\\/uploads\\\/2022\\\/09\\\/LOGO-AZUR-SCENIC-Fusion-web-236x64-1.jpg\",\"width\":236,\"height\":64,\"caption\":\"AZUR SCENIC\"},\"image\":{\"@id\":\"https:\\\/\\\/www.azur-scenic.com\\\/en\\\/#\\\/schema\\\/logo\\\/image\\\/\"},\"sameAs\":[\"https:\\\/\\\/www.youtube.com\\\/channel\\\/UCPWM2mGPVUt4nYhNlm71WOA\",\"https:\\\/\\\/www.linkedin.com\\\/company\\\/33237605\\\/admin\\\/feed\\\/posts\\\/\"]}]}<\/script>\n<!-- \/ Yoast SEO plugin. -->","yoast_head_json":{"title":"Hi Shine Flooring - Azur Scenic","robots":{"index":"index","follow":"follow","max-snippet":"max-snippet:-1","max-image-preview":"max-image-preview:large","max-video-preview":"max-video-preview:-1"},"canonical":"https:\/\/www.azur-scenic.com\/en\/product\/hi-shine-flooring\/","og_locale":"en_US","og_type":"article","og_title":"Hi Shine Flooring - Azur Scenic","og_description":"Our Hi Shine Harlequin flooring is Bfl -S1 flame-retardant rated, and is extremely scratch-resistant thanks to its polymer-based calendered surface. It\u2019s a perfect way to dress\u00a0TV studios\u00a0or for equipping\u00a0stage floors\u00a0for fashion shows, product launches, and more... Hi Shine Flooring will totally transform your floors thanks to a high-gloss surfacethat guarantees sensational on-stage light shows. \u00a0  Width: 150 cm Weight: 1960 g\/m\u00b2  Flame-retardant rating: Bfl -S1 Composition: PVC (+ calendered polymer surface)","og_url":"https:\/\/www.azur-scenic.com\/en\/product\/hi-shine-flooring\/","og_site_name":"Azur Scenic","article_modified_time":"2023-08-02T12:57:30+00:00","og_image":[{"width":2048,"height":2048,"url":"https:\/\/www.azur-scenic.com\/wp-content\/uploads\/Hi-Shine-Argent.jpg","type":"image\/jpeg"}],"twitter_card":"summary_large_image","schema":{"@context":"https:\/\/schema.org","@graph":[{"@type":"WebPage","@id":"https:\/\/www.azur-scenic.com\/en\/product\/hi-shine-flooring\/","url":"https:\/\/www.azur-scenic.com\/en\/product\/hi-shine-flooring\/","name":"Hi Shine Flooring - Azur Scenic","isPartOf":{"@id":"https:\/\/www.azur-scenic.com\/en\/#website"},"primaryImageOfPage":{"@id":"https:\/\/www.azur-scenic.com\/en\/product\/hi-shine-flooring\/#primaryimage"},"image":{"@id":"https:\/\/www.azur-scenic.com\/en\/product\/hi-shine-flooring\/#primaryimage"},"thumbnailUrl":"https:\/\/www.azur-scenic.com\/wp-content\/uploads\/Hi-Shine-Argent.jpg","datePublished":"2022-10-04T07:28:32+00:00","dateModified":"2023-08-02T12:57:30+00:00","breadcrumb":{"@id":"https:\/\/www.azur-scenic.com\/en\/product\/hi-shine-flooring\/#breadcrumb"},"inLanguage":"en-US","potentialAction":[{"@type":"ReadAction","target":["https:\/\/www.azur-scenic.com\/en\/product\/hi-shine-flooring\/"]}]},{"@type":"ImageObject","inLanguage":"en-US","@id":"https:\/\/www.azur-scenic.com\/en\/product\/hi-shine-flooring\/#primaryimage","url":"https:\/\/www.azur-scenic.com\/wp-content\/uploads\/Hi-Shine-Argent.jpg","contentUrl":"https:\/\/www.azur-scenic.com\/wp-content\/uploads\/Hi-Shine-Argent.jpg","width":2048,"height":2048,"caption":"Tapis Hi Shine Coloris Argent"},{"@type":"BreadcrumbList","@id":"https:\/\/www.azur-scenic.com\/en\/product\/hi-shine-flooring\/#breadcrumb","itemListElement":[{"@type":"ListItem","position":1,"name":"Accueil","item":"https:\/\/www.azur-scenic.com\/en\/"},{"@type":"ListItem","position":2,"name":"Produits","item":"https:\/\/www.azur-scenic.com\/en\/?page_id=21438"},{"@type":"ListItem","position":3,"name":"Hi Shine Flooring"}]},{"@type":"WebSite","@id":"https:\/\/www.azur-scenic.com\/en\/#website","url":"https:\/\/www.azur-scenic.com\/en\/","name":"Azur Scenic","description":"Sp\u00e9cialiste de l\u2019\u00e9quipement sc\u00e9nique et de la d\u00e9coration int\u00e9rieure et \u00e9v\u00e9nementielle !","publisher":{"@id":"https:\/\/www.azur-scenic.com\/en\/#organization"},"potentialAction":[{"@type":"SearchAction","target":{"@type":"EntryPoint","urlTemplate":"https:\/\/www.azur-scenic.com\/en\/?s={search_term_string}"},"query-input":{"@type":"PropertyValueSpecification","valueRequired":true,"valueName":"search_term_string"}}],"inLanguage":"en-US"},{"@type":"Organization","@id":"https:\/\/www.azur-scenic.com\/en\/#organization","name":"AZUR SCENIC","url":"https:\/\/www.azur-scenic.com\/en\/","logo":{"@type":"ImageObject","inLanguage":"en-US","@id":"https:\/\/www.azur-scenic.com\/en\/#\/schema\/logo\/image\/","url":"https:\/\/www.azur-scenic.com\/wp-content\/uploads\/2022\/09\/LOGO-AZUR-SCENIC-Fusion-web-236x64-1.jpg","contentUrl":"https:\/\/www.azur-scenic.com\/wp-content\/uploads\/2022\/09\/LOGO-AZUR-SCENIC-Fusion-web-236x64-1.jpg","width":236,"height":64,"caption":"AZUR SCENIC"},"image":{"@id":"https:\/\/www.azur-scenic.com\/en\/#\/schema\/logo\/image\/"},"sameAs":["https:\/\/www.youtube.com\/channel\/UCPWM2mGPVUt4nYhNlm71WOA","https:\/\/www.linkedin.com\/company\/33237605\/admin\/feed\/posts\/"]}]}},"_links":{"self":[{"href":"https:\/\/www.azur-scenic.com\/en\/wp-json\/wp\/v2\/product\/17302","targetHints":{"allow":["GET"]}}],"collection":[{"href":"https:\/\/www.azur-scenic.com\/en\/wp-json\/wp\/v2\/product"}],"about":[{"href":"https:\/\/www.azur-scenic.com\/en\/wp-json\/wp\/v2\/types\/product"}],"wp:featuredmedia":[{"embeddable":true,"href":"https:\/\/www.azur-scenic.com\/en\/wp-json\/wp\/v2\/media\/12745"}],"wp:attachment":[{"href":"https:\/\/www.azur-scenic.com\/en\/wp-json\/wp\/v2\/media?parent=17302"}],"wp:term":[{"taxonomy":"product_brand","embeddable":true,"href":"https:\/\/www.azur-scenic.com\/en\/wp-json\/wp\/v2\/product_brand?post=17302"},{"taxonomy":"product_cat","embeddable":true,"href":"https:\/\/www.azur-scenic.com\/en\/wp-json\/wp\/v2\/product_cat?post=17302"},{"taxonomy":"product_tag","embeddable":true,"href":"https:\/\/www.azur-scenic.com\/en\/wp-json\/wp\/v2\/product_tag?post=17302"}],"curies":[{"name":"wp","href":"https:\/\/api.w.org\/{rel}","templated":true}]}}