{"id":17345,"date":"2022-10-04T07:28:32","date_gmt":"2022-10-04T07:28:32","guid":{"rendered":"https:\/\/www.azur-scenic.com\/produit\/tapis-de-danse-2\/"},"modified":"2023-08-02T12:57:26","modified_gmt":"2023-08-02T12:57:26","slug":"duo-dance-flooring","status":"publish","type":"product","link":"https:\/\/www.azur-scenic.com\/en\/product\/duo-dance-flooring\/","title":{"rendered":"Duo dance flooring"},"content":{"rendered":"<table>\n<thead>\n<tr>\n<th style=\"width: 170px;\">Technical data<\/th>\n<th>Value<\/th>\n<th>Notes<\/th>\n<\/tr>\n<\/thead>\n<tbody>\n<tr>\n<td style=\"vertical-align: top;\">Width<\/td>\n<td style=\"vertical-align: top;\">150 cm<br \/>\n200 cm<\/td>\n<td style=\"vertical-align: top;\">Colours 050 and 051 only<br \/>\nAll colours<\/td>\n<\/tr>\n<tr>\n<td style=\"vertical-align: top;\">Weight<\/td>\n<td style=\"vertical-align: top;\">1600 g\/m\u00b2<\/td>\n<td style=\"vertical-align: top;\">\u00a0<\/td>\n<\/tr>\n<tr>\n<td style=\"vertical-align: top;\">Thickness<\/td>\n<td style=\"vertical-align: top;\">1.25 mm<\/td>\n<td style=\"vertical-align: top;\">\u00a0<\/td>\n<\/tr>\n<tr>\n<td style=\"vertical-align: top;\">Flame-retardant rating<\/td>\n<td style=\"vertical-align: top;\"><img decoding=\"async\" style=\"height: 20px; width: 20px;\" src=\"https:\/\/www.azur-scenic.com\/wp-content\/uploads\/icon-flag-europe.png\" \/> Bfl -S1<\/td>\n<td style=\"vertical-align: top;\">Standard: NF EN 13501<\/td>\n<\/tr>\n<tr>\n<td style=\"vertical-align: top;\">Composition<\/td>\n<td style=\"vertical-align: top;\">100% PVC<\/td>\n<td style=\"vertical-align: top;\">\u00a0<\/td>\n<\/tr>\n<tr>\n<td style=\"vertical-align: top;\">\n<p>Roll length<\/p>\n<p>\u00a0<\/p>\n<\/td>\n<td style=\"vertical-align: top;\">10 m<br \/>\n15 m<br \/>\n20 m<br \/>\n25 m<br \/>\n30 m<\/td>\n<td style=\"vertical-align: top;\">(15 m\u00b2 or 20 m\u00b2 according to width)<br \/>\n(22.5 m\u00b2 or 30 m\u00b2 according to width)<br \/>\n(30 m\u00b2 or 40 m\u00b2 according to width)<br \/>\n(37.5 m\u00b2 or 50 m\u00b2 according to width)<br \/>\n(45 m\u00b2 or 60 m\u00b2 according to width)<\/td>\n<\/tr>\n<\/tbody>\n<\/table>\n","protected":false},"excerpt":{"rendered":"<p><strong>Duo<\/strong>, the standout dance flooring from premium brand <strong>Harlequin<\/strong><\/p>\n<p>This classic <span style=\"color: #f88523;\"><strong>matte-finish<\/strong><\/span> dance flooring is <span style=\"color: #f88523;\"><strong>Bfl-s1<\/strong><\/span> flame-retardant rated and ideal for equipping your <span style=\"color: #f88523;\"><strong>stage floors<\/strong><\/span> and <span style=\"color: #f88523;\"><strong>dance studios<\/strong><\/span>.<\/p>\n<p>A <span style=\"color: #f88523;\"><strong>double-sided, two-tone <\/strong><\/span> flooring comprising two layers of calendered\u00a0<span style=\"color: #f88523;\"><strong>non-slip PVC.\u00a0<\/strong><\/span>It can be used on both sides.<\/p>\n<p>To ensure it fits perfectly into any space, our flooring is available in <span style=\"color: #f88523;\"><strong>2 widths<\/strong><\/span>: 1.50 m\u00a0and 2 m.<\/p>\n<p>As well as a range of classic colours, it is also available in\u00a0<span style=\"color: #f88523;\"><strong>chroma key colours<\/strong><\/span> for digital keyed video, and grey\/black for\u00a0<span style=\"color: #f88523;\"><strong>projection\u00a0<\/strong><\/span>of images.<\/p>\n<p>\u00a0<\/p>\n<table class=\"table\">\n<tbody>\n<tr>\n<td><strong>Width<\/strong>: 150 &amp;\u00a0200 cm<\/td>\n<td style=\"vertical-align: top;\"><strong>Weight<\/strong>: 1600 g\/m\u00b2<\/td>\n<\/tr>\n<tr>\n<td><strong>Flame-retardant rating<\/strong>: \u00a0<img decoding=\"async\" style=\"height: 20px; width: 20px;\" src=\"https:\/\/www.azur-scenic.com\/wp-content\/uploads\/icon-flag-europe.png\" \/> Bfl -S1<\/td>\n<td><strong>Composition<\/strong>: 100% PVC<\/td>\n<\/tr>\n<\/tbody>\n<\/table>\n","protected":false},"featured_media":12683,"template":"","meta":{"_acf_changed":false},"product_brand":[],"product_cat":[898,1104,1105,897],"product_tag":[],"class_list":{"0":"post-17345","1":"product","2":"type-product","3":"status-publish","4":"has-post-thumbnail","6":"product_cat-all-products","7":"product_cat-floor-coverings-dance-flooring","8":"product_cat-dance-flooring","9":"product_cat-theatre","10":"pa_couleurs-050-en","11":"pa_couleurs-051-en","12":"pa_couleurs-052-en","13":"pa_couleurs-053-en","14":"pa_couleurs-055-en","15":"pa_couleurs-056-en","16":"pa_couleurs-057-en","17":"pa_couleurs-060-en","18":"pa_groupes-de-couleurs-white","19":"pa_groupes-de-couleurs-blue","20":"pa_groupes-de-couleurs-mixed","21":"pa_groupes-de-couleurs-greys","22":"pa_groupes-de-couleurs-brown-beige","23":"pa_groupes-de-couleurs-black","24":"pa_groupes-de-couleurs-red","25":"pa_groupes-de-couleurs-green","26":"pa_textiles-suitable-for-outdoors-use","27":"pa_textiles-flame-retardant-rated","28":"pa_textiles-washable","30":"first","31":"instock","32":"shipping-taxable","33":"purchasable","34":"product-type-variable"},"acf":[],"yoast_head":"<!-- This site is optimized with the Yoast SEO plugin v27.3 - https:\/\/yoast.com\/product\/yoast-seo-wordpress\/ -->\n<title>Duo dance flooring - Azur Scenic<\/title>\n<meta name=\"robots\" content=\"index, follow, max-snippet:-1, max-image-preview:large, max-video-preview:-1\" \/>\n<link rel=\"canonical\" href=\"https:\/\/www.azur-scenic.com\/en\/product\/duo-dance-flooring\/\" \/>\n<meta property=\"og:locale\" content=\"en_US\" \/>\n<meta property=\"og:type\" content=\"article\" \/>\n<meta property=\"og:title\" content=\"Duo dance flooring - Azur Scenic\" \/>\n<meta property=\"og:description\" content=\"Duo, the standout dance flooring from premium brand Harlequin This classic matte-finish dance flooring is Bfl-s1 flame-retardant rated and ideal for equipping your stage floors and dance studios. A double-sided, two-tone flooring comprising two layers of calendered\u00a0non-slip PVC.\u00a0It can be used on both sides. To ensure it fits perfectly into any space, our flooring is available in 2 widths: 1.50 m\u00a0and 2 m. As well as a range of classic colours, it is also available in\u00a0chroma key colours for digital keyed video, and grey\/black for\u00a0projection\u00a0of images. \u00a0  Width: 150 &amp;\u00a0200 cm Weight: 1600 g\/m\u00b2  Flame-retardant rating: \u00a0 Bfl -S1 Composition: 100% PVC\" \/>\n<meta property=\"og:url\" content=\"https:\/\/www.azur-scenic.com\/en\/product\/duo-dance-flooring\/\" \/>\n<meta property=\"og:site_name\" content=\"Azur Scenic\" \/>\n<meta property=\"article:modified_time\" content=\"2023-08-02T12:57:26+00:00\" \/>\n<meta property=\"og:image\" content=\"https:\/\/www.azur-scenic.com\/wp-content\/uploads\/Duo-noir-blanc.jpg\" \/>\n\t<meta property=\"og:image:width\" content=\"2560\" \/>\n\t<meta property=\"og:image:height\" content=\"2560\" \/>\n\t<meta property=\"og:image:type\" content=\"image\/jpeg\" \/>\n<meta name=\"twitter:card\" content=\"summary_large_image\" \/>\n<script type=\"application\/ld+json\" class=\"yoast-schema-graph\">{\"@context\":\"https:\\\/\\\/schema.org\",\"@graph\":[{\"@type\":\"WebPage\",\"@id\":\"https:\\\/\\\/www.azur-scenic.com\\\/en\\\/product\\\/duo-dance-flooring\\\/\",\"url\":\"https:\\\/\\\/www.azur-scenic.com\\\/en\\\/product\\\/duo-dance-flooring\\\/\",\"name\":\"Duo dance flooring - Azur Scenic\",\"isPartOf\":{\"@id\":\"https:\\\/\\\/www.azur-scenic.com\\\/en\\\/#website\"},\"primaryImageOfPage\":{\"@id\":\"https:\\\/\\\/www.azur-scenic.com\\\/en\\\/product\\\/duo-dance-flooring\\\/#primaryimage\"},\"image\":{\"@id\":\"https:\\\/\\\/www.azur-scenic.com\\\/en\\\/product\\\/duo-dance-flooring\\\/#primaryimage\"},\"thumbnailUrl\":\"https:\\\/\\\/www.azur-scenic.com\\\/wp-content\\\/uploads\\\/Duo-noir-blanc.jpg\",\"datePublished\":\"2022-10-04T07:28:32+00:00\",\"dateModified\":\"2023-08-02T12:57:26+00:00\",\"breadcrumb\":{\"@id\":\"https:\\\/\\\/www.azur-scenic.com\\\/en\\\/product\\\/duo-dance-flooring\\\/#breadcrumb\"},\"inLanguage\":\"en-US\",\"potentialAction\":[{\"@type\":\"ReadAction\",\"target\":[\"https:\\\/\\\/www.azur-scenic.com\\\/en\\\/product\\\/duo-dance-flooring\\\/\"]}]},{\"@type\":\"ImageObject\",\"inLanguage\":\"en-US\",\"@id\":\"https:\\\/\\\/www.azur-scenic.com\\\/en\\\/product\\\/duo-dance-flooring\\\/#primaryimage\",\"url\":\"https:\\\/\\\/www.azur-scenic.com\\\/wp-content\\\/uploads\\\/Duo-noir-blanc.jpg\",\"contentUrl\":\"https:\\\/\\\/www.azur-scenic.com\\\/wp-content\\\/uploads\\\/Duo-noir-blanc.jpg\",\"width\":2560,\"height\":2560,\"caption\":\"Tapis de danse Duo r\u00e9versible coloris noir\\\/gris pour projection\"},{\"@type\":\"BreadcrumbList\",\"@id\":\"https:\\\/\\\/www.azur-scenic.com\\\/en\\\/product\\\/duo-dance-flooring\\\/#breadcrumb\",\"itemListElement\":[{\"@type\":\"ListItem\",\"position\":1,\"name\":\"Accueil\",\"item\":\"https:\\\/\\\/www.azur-scenic.com\\\/en\\\/\"},{\"@type\":\"ListItem\",\"position\":2,\"name\":\"Produits\",\"item\":\"https:\\\/\\\/www.azur-scenic.com\\\/en\\\/?page_id=21438\"},{\"@type\":\"ListItem\",\"position\":3,\"name\":\"Duo dance flooring\"}]},{\"@type\":\"WebSite\",\"@id\":\"https:\\\/\\\/www.azur-scenic.com\\\/en\\\/#website\",\"url\":\"https:\\\/\\\/www.azur-scenic.com\\\/en\\\/\",\"name\":\"Azur Scenic\",\"description\":\"Sp\u00e9cialiste de l\u2019\u00e9quipement sc\u00e9nique et de la d\u00e9coration int\u00e9rieure et \u00e9v\u00e9nementielle !\",\"publisher\":{\"@id\":\"https:\\\/\\\/www.azur-scenic.com\\\/en\\\/#organization\"},\"potentialAction\":[{\"@type\":\"SearchAction\",\"target\":{\"@type\":\"EntryPoint\",\"urlTemplate\":\"https:\\\/\\\/www.azur-scenic.com\\\/en\\\/?s={search_term_string}\"},\"query-input\":{\"@type\":\"PropertyValueSpecification\",\"valueRequired\":true,\"valueName\":\"search_term_string\"}}],\"inLanguage\":\"en-US\"},{\"@type\":\"Organization\",\"@id\":\"https:\\\/\\\/www.azur-scenic.com\\\/en\\\/#organization\",\"name\":\"AZUR SCENIC\",\"url\":\"https:\\\/\\\/www.azur-scenic.com\\\/en\\\/\",\"logo\":{\"@type\":\"ImageObject\",\"inLanguage\":\"en-US\",\"@id\":\"https:\\\/\\\/www.azur-scenic.com\\\/en\\\/#\\\/schema\\\/logo\\\/image\\\/\",\"url\":\"https:\\\/\\\/www.azur-scenic.com\\\/wp-content\\\/uploads\\\/2022\\\/09\\\/LOGO-AZUR-SCENIC-Fusion-web-236x64-1.jpg\",\"contentUrl\":\"https:\\\/\\\/www.azur-scenic.com\\\/wp-content\\\/uploads\\\/2022\\\/09\\\/LOGO-AZUR-SCENIC-Fusion-web-236x64-1.jpg\",\"width\":236,\"height\":64,\"caption\":\"AZUR SCENIC\"},\"image\":{\"@id\":\"https:\\\/\\\/www.azur-scenic.com\\\/en\\\/#\\\/schema\\\/logo\\\/image\\\/\"},\"sameAs\":[\"https:\\\/\\\/www.youtube.com\\\/channel\\\/UCPWM2mGPVUt4nYhNlm71WOA\",\"https:\\\/\\\/www.linkedin.com\\\/company\\\/33237605\\\/admin\\\/feed\\\/posts\\\/\"]}]}<\/script>\n<!-- \/ Yoast SEO plugin. -->","yoast_head_json":{"title":"Duo dance flooring - Azur Scenic","robots":{"index":"index","follow":"follow","max-snippet":"max-snippet:-1","max-image-preview":"max-image-preview:large","max-video-preview":"max-video-preview:-1"},"canonical":"https:\/\/www.azur-scenic.com\/en\/product\/duo-dance-flooring\/","og_locale":"en_US","og_type":"article","og_title":"Duo dance flooring - Azur Scenic","og_description":"Duo, the standout dance flooring from premium brand Harlequin This classic matte-finish dance flooring is Bfl-s1 flame-retardant rated and ideal for equipping your stage floors and dance studios. A double-sided, two-tone flooring comprising two layers of calendered\u00a0non-slip PVC.\u00a0It can be used on both sides. To ensure it fits perfectly into any space, our flooring is available in 2 widths: 1.50 m\u00a0and 2 m. As well as a range of classic colours, it is also available in\u00a0chroma key colours for digital keyed video, and grey\/black for\u00a0projection\u00a0of images. \u00a0  Width: 150 &amp;\u00a0200 cm Weight: 1600 g\/m\u00b2  Flame-retardant rating: \u00a0 Bfl -S1 Composition: 100% PVC","og_url":"https:\/\/www.azur-scenic.com\/en\/product\/duo-dance-flooring\/","og_site_name":"Azur Scenic","article_modified_time":"2023-08-02T12:57:26+00:00","og_image":[{"width":2560,"height":2560,"url":"https:\/\/www.azur-scenic.com\/wp-content\/uploads\/Duo-noir-blanc.jpg","type":"image\/jpeg"}],"twitter_card":"summary_large_image","schema":{"@context":"https:\/\/schema.org","@graph":[{"@type":"WebPage","@id":"https:\/\/www.azur-scenic.com\/en\/product\/duo-dance-flooring\/","url":"https:\/\/www.azur-scenic.com\/en\/product\/duo-dance-flooring\/","name":"Duo dance flooring - Azur Scenic","isPartOf":{"@id":"https:\/\/www.azur-scenic.com\/en\/#website"},"primaryImageOfPage":{"@id":"https:\/\/www.azur-scenic.com\/en\/product\/duo-dance-flooring\/#primaryimage"},"image":{"@id":"https:\/\/www.azur-scenic.com\/en\/product\/duo-dance-flooring\/#primaryimage"},"thumbnailUrl":"https:\/\/www.azur-scenic.com\/wp-content\/uploads\/Duo-noir-blanc.jpg","datePublished":"2022-10-04T07:28:32+00:00","dateModified":"2023-08-02T12:57:26+00:00","breadcrumb":{"@id":"https:\/\/www.azur-scenic.com\/en\/product\/duo-dance-flooring\/#breadcrumb"},"inLanguage":"en-US","potentialAction":[{"@type":"ReadAction","target":["https:\/\/www.azur-scenic.com\/en\/product\/duo-dance-flooring\/"]}]},{"@type":"ImageObject","inLanguage":"en-US","@id":"https:\/\/www.azur-scenic.com\/en\/product\/duo-dance-flooring\/#primaryimage","url":"https:\/\/www.azur-scenic.com\/wp-content\/uploads\/Duo-noir-blanc.jpg","contentUrl":"https:\/\/www.azur-scenic.com\/wp-content\/uploads\/Duo-noir-blanc.jpg","width":2560,"height":2560,"caption":"Tapis de danse Duo r\u00e9versible coloris noir\/gris pour projection"},{"@type":"BreadcrumbList","@id":"https:\/\/www.azur-scenic.com\/en\/product\/duo-dance-flooring\/#breadcrumb","itemListElement":[{"@type":"ListItem","position":1,"name":"Accueil","item":"https:\/\/www.azur-scenic.com\/en\/"},{"@type":"ListItem","position":2,"name":"Produits","item":"https:\/\/www.azur-scenic.com\/en\/?page_id=21438"},{"@type":"ListItem","position":3,"name":"Duo dance flooring"}]},{"@type":"WebSite","@id":"https:\/\/www.azur-scenic.com\/en\/#website","url":"https:\/\/www.azur-scenic.com\/en\/","name":"Azur Scenic","description":"Sp\u00e9cialiste de l\u2019\u00e9quipement sc\u00e9nique et de la d\u00e9coration int\u00e9rieure et \u00e9v\u00e9nementielle !","publisher":{"@id":"https:\/\/www.azur-scenic.com\/en\/#organization"},"potentialAction":[{"@type":"SearchAction","target":{"@type":"EntryPoint","urlTemplate":"https:\/\/www.azur-scenic.com\/en\/?s={search_term_string}"},"query-input":{"@type":"PropertyValueSpecification","valueRequired":true,"valueName":"search_term_string"}}],"inLanguage":"en-US"},{"@type":"Organization","@id":"https:\/\/www.azur-scenic.com\/en\/#organization","name":"AZUR SCENIC","url":"https:\/\/www.azur-scenic.com\/en\/","logo":{"@type":"ImageObject","inLanguage":"en-US","@id":"https:\/\/www.azur-scenic.com\/en\/#\/schema\/logo\/image\/","url":"https:\/\/www.azur-scenic.com\/wp-content\/uploads\/2022\/09\/LOGO-AZUR-SCENIC-Fusion-web-236x64-1.jpg","contentUrl":"https:\/\/www.azur-scenic.com\/wp-content\/uploads\/2022\/09\/LOGO-AZUR-SCENIC-Fusion-web-236x64-1.jpg","width":236,"height":64,"caption":"AZUR SCENIC"},"image":{"@id":"https:\/\/www.azur-scenic.com\/en\/#\/schema\/logo\/image\/"},"sameAs":["https:\/\/www.youtube.com\/channel\/UCPWM2mGPVUt4nYhNlm71WOA","https:\/\/www.linkedin.com\/company\/33237605\/admin\/feed\/posts\/"]}]}},"_links":{"self":[{"href":"https:\/\/www.azur-scenic.com\/en\/wp-json\/wp\/v2\/product\/17345","targetHints":{"allow":["GET"]}}],"collection":[{"href":"https:\/\/www.azur-scenic.com\/en\/wp-json\/wp\/v2\/product"}],"about":[{"href":"https:\/\/www.azur-scenic.com\/en\/wp-json\/wp\/v2\/types\/product"}],"wp:featuredmedia":[{"embeddable":true,"href":"https:\/\/www.azur-scenic.com\/en\/wp-json\/wp\/v2\/media\/12683"}],"wp:attachment":[{"href":"https:\/\/www.azur-scenic.com\/en\/wp-json\/wp\/v2\/media?parent=17345"}],"wp:term":[{"taxonomy":"product_brand","embeddable":true,"href":"https:\/\/www.azur-scenic.com\/en\/wp-json\/wp\/v2\/product_brand?post=17345"},{"taxonomy":"product_cat","embeddable":true,"href":"https:\/\/www.azur-scenic.com\/en\/wp-json\/wp\/v2\/product_cat?post=17345"},{"taxonomy":"product_tag","embeddable":true,"href":"https:\/\/www.azur-scenic.com\/en\/wp-json\/wp\/v2\/product_tag?post=17345"}],"curies":[{"name":"wp","href":"https:\/\/api.w.org\/{rel}","templated":true}]}}