{"id":17354,"date":"2022-10-04T07:28:31","date_gmt":"2022-10-04T07:28:31","guid":{"rendered":"https:\/\/www.azur-scenic.com\/produit\/m-track\/"},"modified":"2023-08-02T12:58:33","modified_gmt":"2023-08-02T12:58:33","slug":"m-track","status":"publish","type":"product","link":"https:\/\/www.azur-scenic.com\/en\/product\/m-track\/","title":{"rendered":"M-Track"},"content":{"rendered":"<p><p>Aluminium rail in <span style=\"color: #f88523; font-weight: 600;\">white\u00a0<\/span>or\u00a0<span style=\"color: #f88523;\"><strong>black<\/strong><\/span>.<\/p>\n<p>Can be activated in <strong><span style=\"color: #f88523;\">walk-along<\/span><\/strong> (without pull) or <strong><span style=\"color: #f88523;\">manual corded curtain pull<\/span><\/strong> (polyester curtain cord)<\/p>\n<p><span style=\"color: #f88523; font-weight: 600;\">Dual rail<strong> for multiple curtains<\/strong><\/span>\u00a0to allow <strong><span style=\"color: #f88523;\">multiple opening configurations<\/span><\/strong>.<\/p>\n<p>Can be installed with <strong><span style=\"color: #f88523;\">ceiling mountings<\/span><\/strong>, <strong><span style=\"color: #f88523;\">wall mountings<\/span><\/strong> on brackets, on <strong><span style=\"color: #f88523;\">tubes<\/span><\/strong> using clamps (tube \u00d8 50 mm).<\/p>\n<p><strong><span style=\"color: #f88523;\">Technical specifications, Options\u00a0&amp; Accessories<\/span><\/strong><br \/>\nDownload the technical specifications below.\u00a0<\/p>\n<p>\u00a0<\/p><\/p>\n","protected":false},"excerpt":{"rendered":"<p><span style=\"color: #f88523; font-weight: 600;\"><strong>Double-track curtain rail<\/strong><\/span>\u00a0for <span style=\"color: #f88523; font-weight: 600;\">stage\u00a0<\/span>(concert halls, performance venues, etc.) and for <span style=\"color: #f88523; font-weight: 600;\">interior design<\/span> (offices, hotels, museums, etc.) allowing you to <span style=\"color: #f88523; font-weight: 600;\">put two curtains next to each other<\/span>, and offering <span style=\"color: #f88523; font-weight: 600;\">multiple opening configurations<\/span>.<\/p>\n<p>\u00a0<\/p>\n","protected":false},"featured_media":8496,"template":"","meta":{"_acf_changed":false},"product_brand":[],"product_cat":[898,1085,1169],"product_tag":[],"class_list":{"0":"post-17354","1":"product","2":"type-product","3":"status-publish","4":"has-post-thumbnail","6":"product_cat-all-products","7":"product_cat-technical-products","8":"product_cat-multi-function-curtain-track","9":"pa_techniques-walk-along","10":"pa_techniques-made-to-measure","11":"pa_techniques-wall-mounted","12":"pa_techniques-ceiling-mounted","13":"pa_techniques-tube-mounted","14":"pa_techniques-double-track-system","15":"pa_techniques-single-track-system","16":"pa_techniques-manual","18":"first","19":"instock","20":"shipping-taxable","21":"purchasable","22":"product-type-simple"},"acf":[],"yoast_head":"<!-- This site is optimized with the Yoast SEO plugin v27.3 - https:\/\/yoast.com\/product\/yoast-seo-wordpress\/ -->\n<title>M-Track - Azur Scenic<\/title>\n<meta name=\"robots\" content=\"index, follow, max-snippet:-1, max-image-preview:large, max-video-preview:-1\" \/>\n<link rel=\"canonical\" href=\"https:\/\/www.azur-scenic.com\/en\/product\/m-track\/\" \/>\n<meta property=\"og:locale\" content=\"en_US\" \/>\n<meta property=\"og:type\" content=\"article\" \/>\n<meta property=\"og:title\" content=\"M-Track - Azur Scenic\" \/>\n<meta property=\"og:description\" content=\"Double-track curtain rail\u00a0for stage\u00a0(concert halls, performance venues, etc.) and for interior design (offices, hotels, museums, etc.) allowing you to put two curtains next to each other, and offering multiple opening configurations. \u00a0\" \/>\n<meta property=\"og:url\" content=\"https:\/\/www.azur-scenic.com\/en\/product\/m-track\/\" \/>\n<meta property=\"og:site_name\" content=\"Azur Scenic\" \/>\n<meta property=\"article:modified_time\" content=\"2023-08-02T12:58:33+00:00\" \/>\n<meta property=\"og:image\" content=\"https:\/\/www.azur-scenic.com\/wp-content\/uploads\/d2f4bb6e1dfe92a9cf6c1d17196443aa.jpg\" \/>\n\t<meta property=\"og:image:width\" content=\"768\" \/>\n\t<meta property=\"og:image:height\" content=\"768\" \/>\n\t<meta property=\"og:image:type\" content=\"image\/jpeg\" \/>\n<meta name=\"twitter:card\" content=\"summary_large_image\" \/>\n<script type=\"application\/ld+json\" class=\"yoast-schema-graph\">{\"@context\":\"https:\\\/\\\/schema.org\",\"@graph\":[{\"@type\":\"WebPage\",\"@id\":\"https:\\\/\\\/www.azur-scenic.com\\\/en\\\/product\\\/m-track\\\/\",\"url\":\"https:\\\/\\\/www.azur-scenic.com\\\/en\\\/product\\\/m-track\\\/\",\"name\":\"M-Track - Azur Scenic\",\"isPartOf\":{\"@id\":\"https:\\\/\\\/www.azur-scenic.com\\\/en\\\/#website\"},\"primaryImageOfPage\":{\"@id\":\"https:\\\/\\\/www.azur-scenic.com\\\/en\\\/product\\\/m-track\\\/#primaryimage\"},\"image\":{\"@id\":\"https:\\\/\\\/www.azur-scenic.com\\\/en\\\/product\\\/m-track\\\/#primaryimage\"},\"thumbnailUrl\":\"https:\\\/\\\/www.azur-scenic.com\\\/wp-content\\\/uploads\\\/d2f4bb6e1dfe92a9cf6c1d17196443aa.jpg\",\"datePublished\":\"2022-10-04T07:28:31+00:00\",\"dateModified\":\"2023-08-02T12:58:33+00:00\",\"breadcrumb\":{\"@id\":\"https:\\\/\\\/www.azur-scenic.com\\\/en\\\/product\\\/m-track\\\/#breadcrumb\"},\"inLanguage\":\"en-US\",\"potentialAction\":[{\"@type\":\"ReadAction\",\"target\":[\"https:\\\/\\\/www.azur-scenic.com\\\/en\\\/product\\\/m-track\\\/\"]}]},{\"@type\":\"ImageObject\",\"inLanguage\":\"en-US\",\"@id\":\"https:\\\/\\\/www.azur-scenic.com\\\/en\\\/product\\\/m-track\\\/#primaryimage\",\"url\":\"https:\\\/\\\/www.azur-scenic.com\\\/wp-content\\\/uploads\\\/d2f4bb6e1dfe92a9cf6c1d17196443aa.jpg\",\"contentUrl\":\"https:\\\/\\\/www.azur-scenic.com\\\/wp-content\\\/uploads\\\/d2f4bb6e1dfe92a9cf6c1d17196443aa.jpg\",\"width\":768,\"height\":768},{\"@type\":\"BreadcrumbList\",\"@id\":\"https:\\\/\\\/www.azur-scenic.com\\\/en\\\/product\\\/m-track\\\/#breadcrumb\",\"itemListElement\":[{\"@type\":\"ListItem\",\"position\":1,\"name\":\"Accueil\",\"item\":\"https:\\\/\\\/www.azur-scenic.com\\\/en\\\/\"},{\"@type\":\"ListItem\",\"position\":2,\"name\":\"Produits\",\"item\":\"https:\\\/\\\/www.azur-scenic.com\\\/en\\\/?page_id=21438\"},{\"@type\":\"ListItem\",\"position\":3,\"name\":\"M-Track\"}]},{\"@type\":\"WebSite\",\"@id\":\"https:\\\/\\\/www.azur-scenic.com\\\/en\\\/#website\",\"url\":\"https:\\\/\\\/www.azur-scenic.com\\\/en\\\/\",\"name\":\"Azur Scenic\",\"description\":\"Sp\u00e9cialiste de l\u2019\u00e9quipement sc\u00e9nique et de la d\u00e9coration int\u00e9rieure et \u00e9v\u00e9nementielle !\",\"publisher\":{\"@id\":\"https:\\\/\\\/www.azur-scenic.com\\\/en\\\/#organization\"},\"potentialAction\":[{\"@type\":\"SearchAction\",\"target\":{\"@type\":\"EntryPoint\",\"urlTemplate\":\"https:\\\/\\\/www.azur-scenic.com\\\/en\\\/?s={search_term_string}\"},\"query-input\":{\"@type\":\"PropertyValueSpecification\",\"valueRequired\":true,\"valueName\":\"search_term_string\"}}],\"inLanguage\":\"en-US\"},{\"@type\":\"Organization\",\"@id\":\"https:\\\/\\\/www.azur-scenic.com\\\/en\\\/#organization\",\"name\":\"AZUR SCENIC\",\"url\":\"https:\\\/\\\/www.azur-scenic.com\\\/en\\\/\",\"logo\":{\"@type\":\"ImageObject\",\"inLanguage\":\"en-US\",\"@id\":\"https:\\\/\\\/www.azur-scenic.com\\\/en\\\/#\\\/schema\\\/logo\\\/image\\\/\",\"url\":\"https:\\\/\\\/www.azur-scenic.com\\\/wp-content\\\/uploads\\\/2022\\\/09\\\/LOGO-AZUR-SCENIC-Fusion-web-236x64-1.jpg\",\"contentUrl\":\"https:\\\/\\\/www.azur-scenic.com\\\/wp-content\\\/uploads\\\/2022\\\/09\\\/LOGO-AZUR-SCENIC-Fusion-web-236x64-1.jpg\",\"width\":236,\"height\":64,\"caption\":\"AZUR SCENIC\"},\"image\":{\"@id\":\"https:\\\/\\\/www.azur-scenic.com\\\/en\\\/#\\\/schema\\\/logo\\\/image\\\/\"},\"sameAs\":[\"https:\\\/\\\/www.youtube.com\\\/channel\\\/UCPWM2mGPVUt4nYhNlm71WOA\",\"https:\\\/\\\/www.linkedin.com\\\/company\\\/33237605\\\/admin\\\/feed\\\/posts\\\/\"]}]}<\/script>\n<!-- \/ Yoast SEO plugin. -->","yoast_head_json":{"title":"M-Track - Azur Scenic","robots":{"index":"index","follow":"follow","max-snippet":"max-snippet:-1","max-image-preview":"max-image-preview:large","max-video-preview":"max-video-preview:-1"},"canonical":"https:\/\/www.azur-scenic.com\/en\/product\/m-track\/","og_locale":"en_US","og_type":"article","og_title":"M-Track - Azur Scenic","og_description":"Double-track curtain rail\u00a0for stage\u00a0(concert halls, performance venues, etc.) and for interior design (offices, hotels, museums, etc.) allowing you to put two curtains next to each other, and offering multiple opening configurations. \u00a0","og_url":"https:\/\/www.azur-scenic.com\/en\/product\/m-track\/","og_site_name":"Azur Scenic","article_modified_time":"2023-08-02T12:58:33+00:00","og_image":[{"width":768,"height":768,"url":"https:\/\/www.azur-scenic.com\/wp-content\/uploads\/d2f4bb6e1dfe92a9cf6c1d17196443aa.jpg","type":"image\/jpeg"}],"twitter_card":"summary_large_image","schema":{"@context":"https:\/\/schema.org","@graph":[{"@type":"WebPage","@id":"https:\/\/www.azur-scenic.com\/en\/product\/m-track\/","url":"https:\/\/www.azur-scenic.com\/en\/product\/m-track\/","name":"M-Track - Azur Scenic","isPartOf":{"@id":"https:\/\/www.azur-scenic.com\/en\/#website"},"primaryImageOfPage":{"@id":"https:\/\/www.azur-scenic.com\/en\/product\/m-track\/#primaryimage"},"image":{"@id":"https:\/\/www.azur-scenic.com\/en\/product\/m-track\/#primaryimage"},"thumbnailUrl":"https:\/\/www.azur-scenic.com\/wp-content\/uploads\/d2f4bb6e1dfe92a9cf6c1d17196443aa.jpg","datePublished":"2022-10-04T07:28:31+00:00","dateModified":"2023-08-02T12:58:33+00:00","breadcrumb":{"@id":"https:\/\/www.azur-scenic.com\/en\/product\/m-track\/#breadcrumb"},"inLanguage":"en-US","potentialAction":[{"@type":"ReadAction","target":["https:\/\/www.azur-scenic.com\/en\/product\/m-track\/"]}]},{"@type":"ImageObject","inLanguage":"en-US","@id":"https:\/\/www.azur-scenic.com\/en\/product\/m-track\/#primaryimage","url":"https:\/\/www.azur-scenic.com\/wp-content\/uploads\/d2f4bb6e1dfe92a9cf6c1d17196443aa.jpg","contentUrl":"https:\/\/www.azur-scenic.com\/wp-content\/uploads\/d2f4bb6e1dfe92a9cf6c1d17196443aa.jpg","width":768,"height":768},{"@type":"BreadcrumbList","@id":"https:\/\/www.azur-scenic.com\/en\/product\/m-track\/#breadcrumb","itemListElement":[{"@type":"ListItem","position":1,"name":"Accueil","item":"https:\/\/www.azur-scenic.com\/en\/"},{"@type":"ListItem","position":2,"name":"Produits","item":"https:\/\/www.azur-scenic.com\/en\/?page_id=21438"},{"@type":"ListItem","position":3,"name":"M-Track"}]},{"@type":"WebSite","@id":"https:\/\/www.azur-scenic.com\/en\/#website","url":"https:\/\/www.azur-scenic.com\/en\/","name":"Azur Scenic","description":"Sp\u00e9cialiste de l\u2019\u00e9quipement sc\u00e9nique et de la d\u00e9coration int\u00e9rieure et \u00e9v\u00e9nementielle !","publisher":{"@id":"https:\/\/www.azur-scenic.com\/en\/#organization"},"potentialAction":[{"@type":"SearchAction","target":{"@type":"EntryPoint","urlTemplate":"https:\/\/www.azur-scenic.com\/en\/?s={search_term_string}"},"query-input":{"@type":"PropertyValueSpecification","valueRequired":true,"valueName":"search_term_string"}}],"inLanguage":"en-US"},{"@type":"Organization","@id":"https:\/\/www.azur-scenic.com\/en\/#organization","name":"AZUR SCENIC","url":"https:\/\/www.azur-scenic.com\/en\/","logo":{"@type":"ImageObject","inLanguage":"en-US","@id":"https:\/\/www.azur-scenic.com\/en\/#\/schema\/logo\/image\/","url":"https:\/\/www.azur-scenic.com\/wp-content\/uploads\/2022\/09\/LOGO-AZUR-SCENIC-Fusion-web-236x64-1.jpg","contentUrl":"https:\/\/www.azur-scenic.com\/wp-content\/uploads\/2022\/09\/LOGO-AZUR-SCENIC-Fusion-web-236x64-1.jpg","width":236,"height":64,"caption":"AZUR SCENIC"},"image":{"@id":"https:\/\/www.azur-scenic.com\/en\/#\/schema\/logo\/image\/"},"sameAs":["https:\/\/www.youtube.com\/channel\/UCPWM2mGPVUt4nYhNlm71WOA","https:\/\/www.linkedin.com\/company\/33237605\/admin\/feed\/posts\/"]}]}},"_links":{"self":[{"href":"https:\/\/www.azur-scenic.com\/en\/wp-json\/wp\/v2\/product\/17354","targetHints":{"allow":["GET"]}}],"collection":[{"href":"https:\/\/www.azur-scenic.com\/en\/wp-json\/wp\/v2\/product"}],"about":[{"href":"https:\/\/www.azur-scenic.com\/en\/wp-json\/wp\/v2\/types\/product"}],"wp:featuredmedia":[{"embeddable":true,"href":"https:\/\/www.azur-scenic.com\/en\/wp-json\/wp\/v2\/media\/8496"}],"wp:attachment":[{"href":"https:\/\/www.azur-scenic.com\/en\/wp-json\/wp\/v2\/media?parent=17354"}],"wp:term":[{"taxonomy":"product_brand","embeddable":true,"href":"https:\/\/www.azur-scenic.com\/en\/wp-json\/wp\/v2\/product_brand?post=17354"},{"taxonomy":"product_cat","embeddable":true,"href":"https:\/\/www.azur-scenic.com\/en\/wp-json\/wp\/v2\/product_cat?post=17354"},{"taxonomy":"product_tag","embeddable":true,"href":"https:\/\/www.azur-scenic.com\/en\/wp-json\/wp\/v2\/product_tag?post=17354"}],"curies":[{"name":"wp","href":"https:\/\/api.w.org\/{rel}","templated":true}]}}