{"id":17361,"date":"2022-10-04T07:28:30","date_gmt":"2022-10-04T07:28:30","guid":{"rendered":"https:\/\/www.azur-scenic.com\/produit\/ecran-frontal-perfore\/"},"modified":"2023-08-02T12:53:06","modified_gmt":"2023-08-02T12:53:06","slug":"perfore-front-screen","status":"publish","type":"product","link":"https:\/\/www.azur-scenic.com\/en\/product\/perfore-front-screen\/","title":{"rendered":"Perfore front screen"},"content":{"rendered":"<table style=\"width: 602px;\">\n<thead>\n<tr>\n<th style=\"width: 170px;\">Technical data<\/th>\n<th style=\"width: 201px;\">Value<\/th>\n<th style=\"width: 202px;\">Notes<\/th>\n<\/tr>\n<\/thead>\n<tbody>\n<tr>\n<td style=\"vertical-align: top;\">Width<\/td>\n<td style=\"vertical-align: top; width: 201px;\">230 cm<\/td>\n<td style=\"vertical-align: top; width: 202px;\">\u00a0<\/td>\n<\/tr>\n<tr>\n<td style=\"vertical-align: top;\">Weight<\/td>\n<td style=\"vertical-align: top; width: 201px;\">410 g\/m\u00b2<\/td>\n<td style=\"vertical-align: top; width: 202px;\">\u00a0<\/td>\n<\/tr>\n<tr>\n<td style=\"vertical-align: top;\">Thickness<\/td>\n<td style=\"vertical-align: top; width: 201px;\">0.3 mm<\/td>\n<td style=\"vertical-align: top; width: 202px;\">\u00a0<\/td>\n<\/tr>\n<tr>\n<td style=\"vertical-align: top;\">Flame-retardant rating<\/td>\n<td style=\"vertical-align: top; width: 201px;\"><img decoding=\"async\" style=\"height: 20px; width: 20px;\" src=\"https:\/\/www.azur-scenic.com\/wp-content\/uploads\/icon-flag-france.png?1542281963\" \/> M1<br \/>\n<img decoding=\"async\" style=\"height: 20px; width: 20px;\" src=\"https:\/\/www.azur-scenic.com\/wp-content\/uploads\/icon-flag-usa.png?1542281963\" \/>\u00a0Pass<\/td>\n<td style=\"vertical-align: top; width: 202px;\">Standard: NF P 92-503<\/td>\n<\/tr>\n<tr>\n<td style=\"vertical-align: top;\">Composition<\/td>\n<td style=\"vertical-align: top; width: 201px;\">100% PVC<\/td>\n<td style=\"vertical-align: top; width: 202px;\">\u00a0<\/td>\n<\/tr>\n<tr>\n<td style=\"vertical-align: top;\">Roll length<\/td>\n<td style=\"vertical-align: top; width: 201px;\">120 m<\/td>\n<td style=\"vertical-align: top; width: 202px;\">Cut-to-length possible<\/td>\n<\/tr>\n<\/tbody>\n<\/table>\n<p>\u00a0<\/p>\n<table>\n<thead>\n<tr>\n<th style=\"text-align: left; width: 150px;\">Perforations<\/th>\n<th style=\"text-align: left; width: 189px;\">Value<\/th>\n<th style=\"text-align: left; width: 187px;\">Notes<\/th>\n<\/tr>\n<\/thead>\n<tbody>\n<tr>\n<td style=\"vertical-align: top; width: 150px;\">Perforations \u00d8<\/td>\n<td style=\"vertical-align: top; width: 189px;\">1.3 mm<\/td>\n<td style=\"vertical-align: top; width: 187px;\">\u00a0<\/td>\n<\/tr>\n<tr>\n<td style=\"vertical-align: top; width: 150px;\">Openness factor<\/td>\n<td style=\"vertical-align: top; width: 189px;\">4.70%<\/td>\n<td style=\"vertical-align: top; width: 187px;\">\u00a0<\/td>\n<\/tr>\n<tr>\n<td style=\"vertical-align: top; width: 150px;\">Recommended spectator distance<\/td>\n<td style=\"vertical-align: top; width: 189px;\">3.70 m<\/td>\n<td style=\"vertical-align: top; width: 187px;\">\u00a0<\/td>\n<\/tr>\n<tr>\n<td style=\"vertical-align: top; width: 150px;\">Elongation at break<\/td>\n<td style=\"vertical-align: top; width: 189px;\">Machine direction: > 160%<br \/>\nTransverse direction: > 160%<\/td>\n<td style=\"vertical-align: top; width: 187px;\">Standard: NF EN ISO 527-3<\/td>\n<\/tr>\n<tr>\n<td style=\"vertical-align: top; width: 150px;\">Tensile strength at break<\/td>\n<td style=\"vertical-align: top; width: 189px;\">Machine direction: > 12 MPa<br \/>\nTransverse direction: > 12 MPa<\/td>\n<td style=\"vertical-align: top; width: 187px;\">Standard: NF EN ISO 527-3<\/td>\n<\/tr>\n<\/tbody>\n<\/table>\n","protected":false},"excerpt":{"rendered":"<p>The essential screen for <span style=\"color: #f88523;\"><strong>front projection<\/strong><\/span> in its <span style=\"color: #f88523;\"><strong>perforated\u00a0<\/strong><\/span> and <span style=\"color: #f88523;\"><strong>sound transmissible<\/strong> version<\/span>, in <span style=\"color: #f88523;\"><strong>matte optical white<\/strong><\/span>, rated <span style=\"color: #f88523;\"><strong>M1 flame-retardant<\/strong><\/span>.<\/p>\n<p>This perforated screen is suited for <span style=\"color: #f88523;\"><strong>front projection <\/strong><\/span> such as, for example, <span style=\"color: #f88523;\"><strong>cinema screens<\/strong><\/span> and for <span style=\"color: #f88523;\"><strong>dressing events structures<\/strong><\/span> designed for projections and positioned in front of sounds sources. (The perforations in this screen give it <span style=\"color: #f88523;\"><strong>acoustic transparency<\/strong><\/span> properties).<\/p>\n<p>During manufacture, we ensure a perfectly regular surface to offer you <span style=\"color: #f88523;\"><strong>optimum optical properties<\/strong><\/span>.<\/p>\n<p>We make <span style=\"color: #f88523;\"><strong>super-thin, super-smooth and virtually-invisible weld seams<\/strong><\/span> in our weld assembly workshops that allow our screens to be <span style=\"color: #f88523;\"><strong>suspended<\/strong><\/span>, tensioned on <span style=\"color: #f88523;\"><strong>frames<\/strong><\/span> and even mounted on<span style=\"color: #f88523;\"><strong>motorised rollers<\/strong><\/span>.<\/p>\n<p>This 100% PVC screen is\u00a0<span style=\"color: #f88523;\"><strong>washable<\/strong><\/span> and is suitable for use <span style=\"color: #f88523;\"><strong>outdoors<\/strong><\/span> as well as indoors.<br \/>\nIts perforations give make it <span style=\"color: #f88523;\"><strong>air-permeable<\/strong><\/span> to ensure stability in windy locations.<\/p>\n<p>\u00a0<\/p>\n<table class=\"table\" style=\"width: 560px;\">\n<tbody>\n<tr>\n<td style=\"width: 294px;\"><strong>Width<\/strong>: 230 cm<\/td>\n<td style=\"width: 246px;\"><strong>Weight<\/strong>: 410 g\/m\u00b2<\/td>\n<\/tr>\n<tr>\n<td style=\"width: 294px;\"><strong>Flame-retardant rating<\/strong>:\u00a0\u00a0<img decoding=\"async\" style=\"height: 20px; width: 20px;\" src=\"https:\/\/www.azur-scenic.com\/wp-content\/uploads\/icon-flag-france.png?1542281963\" \/> M1\u00a0\u00a0<img decoding=\"async\" style=\"height: 20px; width: 20px;\" src=\"https:\/\/www.azur-scenic.com\/wp-content\/uploads\/icon-flag-usa.png?1542281963\" \/>\u00a0Pass<\/td>\n<td style=\"width: 246px;\"><strong>Composition<\/strong>: 100% PVC<\/td>\n<\/tr>\n<\/tbody>\n<\/table>\n","protected":false},"featured_media":8475,"template":"","meta":{"_acf_changed":false},"product_brand":[],"product_cat":[898,1200,1201],"product_tag":[],"class_list":{"0":"post-17361","1":"product","2":"type-product","3":"status-publish","4":"has-post-thumbnail","6":"product_cat-all-products","7":"product_cat-projection-screens-pvc-canvas","8":"product_cat-front-projection-screens","9":"pa_couleurs-2243-002-en","10":"pa_groupes-de-couleurs-white","11":"pa_textiles-suitable-for-outdoors-use","12":"pa_textiles-flame-retardant-rated","13":"pa_textiles-washable","14":"pa_textiles-wind-permeable","15":"pa_textiles-front-projection","16":"pa_textiles-acoustic-transparency","18":"first","19":"instock","20":"shipping-taxable","21":"purchasable","22":"product-type-simple"},"acf":[],"yoast_head":"<!-- This site is optimized with the Yoast SEO plugin v27.3 - https:\/\/yoast.com\/product\/yoast-seo-wordpress\/ -->\n<title>Perfore front screen - Azur Scenic<\/title>\n<meta name=\"robots\" content=\"index, follow, max-snippet:-1, max-image-preview:large, max-video-preview:-1\" \/>\n<link rel=\"canonical\" href=\"https:\/\/www.azur-scenic.com\/en\/product\/perfore-front-screen\/\" \/>\n<meta property=\"og:locale\" content=\"en_US\" \/>\n<meta property=\"og:type\" content=\"article\" \/>\n<meta property=\"og:title\" content=\"Perfore front screen - Azur Scenic\" \/>\n<meta property=\"og:description\" content=\"The essential screen for front projection in its perforated\u00a0 and sound transmissible version, in matte optical white, rated M1 flame-retardant. This perforated screen is suited for front projection such as, for example, cinema screens and for dressing events structures designed for projections and positioned in front of sounds sources. (The perforations in this screen give it acoustic transparency properties). During manufacture, we ensure a perfectly regular surface to offer you optimum optical properties. We make super-thin, super-smooth and virtually-invisible weld seams in our weld assembly workshops that allow our screens to be suspended, tensioned on frames and even mounted onmotorised rollers. This 100% PVC screen is\u00a0washable and is suitable for use outdoors as well as indoors. Its perforations give make it air-permeable to ensure stability in windy locations. \u00a0  Width: 230 cm Weight: 410 g\/m\u00b2  Flame-retardant rating:\u00a0\u00a0 M1\u00a0\u00a0\u00a0Pass Composition: 100% PVC\" \/>\n<meta property=\"og:url\" content=\"https:\/\/www.azur-scenic.com\/en\/product\/perfore-front-screen\/\" \/>\n<meta property=\"og:site_name\" content=\"Azur Scenic\" \/>\n<meta property=\"article:modified_time\" content=\"2023-08-02T12:53:06+00:00\" \/>\n<meta property=\"og:image\" content=\"https:\/\/www.azur-scenic.com\/wp-content\/uploads\/c8153b43298ffb281f3e78e4bbe0a7c1.jpg\" \/>\n\t<meta property=\"og:image:width\" content=\"1200\" \/>\n\t<meta property=\"og:image:height\" content=\"1200\" \/>\n\t<meta property=\"og:image:type\" content=\"image\/jpeg\" \/>\n<meta name=\"twitter:card\" content=\"summary_large_image\" \/>\n<script type=\"application\/ld+json\" class=\"yoast-schema-graph\">{\"@context\":\"https:\\\/\\\/schema.org\",\"@graph\":[{\"@type\":\"WebPage\",\"@id\":\"https:\\\/\\\/www.azur-scenic.com\\\/en\\\/product\\\/perfore-front-screen\\\/\",\"url\":\"https:\\\/\\\/www.azur-scenic.com\\\/en\\\/product\\\/perfore-front-screen\\\/\",\"name\":\"Perfore front screen - Azur Scenic\",\"isPartOf\":{\"@id\":\"https:\\\/\\\/www.azur-scenic.com\\\/en\\\/#website\"},\"primaryImageOfPage\":{\"@id\":\"https:\\\/\\\/www.azur-scenic.com\\\/en\\\/product\\\/perfore-front-screen\\\/#primaryimage\"},\"image\":{\"@id\":\"https:\\\/\\\/www.azur-scenic.com\\\/en\\\/product\\\/perfore-front-screen\\\/#primaryimage\"},\"thumbnailUrl\":\"https:\\\/\\\/www.azur-scenic.com\\\/wp-content\\\/uploads\\\/c8153b43298ffb281f3e78e4bbe0a7c1.jpg\",\"datePublished\":\"2022-10-04T07:28:30+00:00\",\"dateModified\":\"2023-08-02T12:53:06+00:00\",\"breadcrumb\":{\"@id\":\"https:\\\/\\\/www.azur-scenic.com\\\/en\\\/product\\\/perfore-front-screen\\\/#breadcrumb\"},\"inLanguage\":\"en-US\",\"potentialAction\":[{\"@type\":\"ReadAction\",\"target\":[\"https:\\\/\\\/www.azur-scenic.com\\\/en\\\/product\\\/perfore-front-screen\\\/\"]}]},{\"@type\":\"ImageObject\",\"inLanguage\":\"en-US\",\"@id\":\"https:\\\/\\\/www.azur-scenic.com\\\/en\\\/product\\\/perfore-front-screen\\\/#primaryimage\",\"url\":\"https:\\\/\\\/www.azur-scenic.com\\\/wp-content\\\/uploads\\\/c8153b43298ffb281f3e78e4bbe0a7c1.jpg\",\"contentUrl\":\"https:\\\/\\\/www.azur-scenic.com\\\/wp-content\\\/uploads\\\/c8153b43298ffb281f3e78e4bbe0a7c1.jpg\",\"width\":1200,\"height\":1200},{\"@type\":\"BreadcrumbList\",\"@id\":\"https:\\\/\\\/www.azur-scenic.com\\\/en\\\/product\\\/perfore-front-screen\\\/#breadcrumb\",\"itemListElement\":[{\"@type\":\"ListItem\",\"position\":1,\"name\":\"Accueil\",\"item\":\"https:\\\/\\\/www.azur-scenic.com\\\/en\\\/\"},{\"@type\":\"ListItem\",\"position\":2,\"name\":\"Produits\",\"item\":\"https:\\\/\\\/www.azur-scenic.com\\\/en\\\/?page_id=21438\"},{\"@type\":\"ListItem\",\"position\":3,\"name\":\"Perfore front screen\"}]},{\"@type\":\"WebSite\",\"@id\":\"https:\\\/\\\/www.azur-scenic.com\\\/en\\\/#website\",\"url\":\"https:\\\/\\\/www.azur-scenic.com\\\/en\\\/\",\"name\":\"Azur Scenic\",\"description\":\"Sp\u00e9cialiste de l\u2019\u00e9quipement sc\u00e9nique et de la d\u00e9coration int\u00e9rieure et \u00e9v\u00e9nementielle !\",\"publisher\":{\"@id\":\"https:\\\/\\\/www.azur-scenic.com\\\/en\\\/#organization\"},\"potentialAction\":[{\"@type\":\"SearchAction\",\"target\":{\"@type\":\"EntryPoint\",\"urlTemplate\":\"https:\\\/\\\/www.azur-scenic.com\\\/en\\\/?s={search_term_string}\"},\"query-input\":{\"@type\":\"PropertyValueSpecification\",\"valueRequired\":true,\"valueName\":\"search_term_string\"}}],\"inLanguage\":\"en-US\"},{\"@type\":\"Organization\",\"@id\":\"https:\\\/\\\/www.azur-scenic.com\\\/en\\\/#organization\",\"name\":\"AZUR SCENIC\",\"url\":\"https:\\\/\\\/www.azur-scenic.com\\\/en\\\/\",\"logo\":{\"@type\":\"ImageObject\",\"inLanguage\":\"en-US\",\"@id\":\"https:\\\/\\\/www.azur-scenic.com\\\/en\\\/#\\\/schema\\\/logo\\\/image\\\/\",\"url\":\"https:\\\/\\\/www.azur-scenic.com\\\/wp-content\\\/uploads\\\/2022\\\/09\\\/LOGO-AZUR-SCENIC-Fusion-web-236x64-1.jpg\",\"contentUrl\":\"https:\\\/\\\/www.azur-scenic.com\\\/wp-content\\\/uploads\\\/2022\\\/09\\\/LOGO-AZUR-SCENIC-Fusion-web-236x64-1.jpg\",\"width\":236,\"height\":64,\"caption\":\"AZUR SCENIC\"},\"image\":{\"@id\":\"https:\\\/\\\/www.azur-scenic.com\\\/en\\\/#\\\/schema\\\/logo\\\/image\\\/\"},\"sameAs\":[\"https:\\\/\\\/www.youtube.com\\\/channel\\\/UCPWM2mGPVUt4nYhNlm71WOA\",\"https:\\\/\\\/www.linkedin.com\\\/company\\\/33237605\\\/admin\\\/feed\\\/posts\\\/\"]}]}<\/script>\n<!-- \/ Yoast SEO plugin. -->","yoast_head_json":{"title":"Perfore front screen - Azur Scenic","robots":{"index":"index","follow":"follow","max-snippet":"max-snippet:-1","max-image-preview":"max-image-preview:large","max-video-preview":"max-video-preview:-1"},"canonical":"https:\/\/www.azur-scenic.com\/en\/product\/perfore-front-screen\/","og_locale":"en_US","og_type":"article","og_title":"Perfore front screen - Azur Scenic","og_description":"The essential screen for front projection in its perforated\u00a0 and sound transmissible version, in matte optical white, rated M1 flame-retardant. This perforated screen is suited for front projection such as, for example, cinema screens and for dressing events structures designed for projections and positioned in front of sounds sources. (The perforations in this screen give it acoustic transparency properties). During manufacture, we ensure a perfectly regular surface to offer you optimum optical properties. We make super-thin, super-smooth and virtually-invisible weld seams in our weld assembly workshops that allow our screens to be suspended, tensioned on frames and even mounted onmotorised rollers. This 100% PVC screen is\u00a0washable and is suitable for use outdoors as well as indoors. Its perforations give make it air-permeable to ensure stability in windy locations. \u00a0  Width: 230 cm Weight: 410 g\/m\u00b2  Flame-retardant rating:\u00a0\u00a0 M1\u00a0\u00a0\u00a0Pass Composition: 100% PVC","og_url":"https:\/\/www.azur-scenic.com\/en\/product\/perfore-front-screen\/","og_site_name":"Azur Scenic","article_modified_time":"2023-08-02T12:53:06+00:00","og_image":[{"width":1200,"height":1200,"url":"https:\/\/www.azur-scenic.com\/wp-content\/uploads\/c8153b43298ffb281f3e78e4bbe0a7c1.jpg","type":"image\/jpeg"}],"twitter_card":"summary_large_image","schema":{"@context":"https:\/\/schema.org","@graph":[{"@type":"WebPage","@id":"https:\/\/www.azur-scenic.com\/en\/product\/perfore-front-screen\/","url":"https:\/\/www.azur-scenic.com\/en\/product\/perfore-front-screen\/","name":"Perfore front screen - Azur Scenic","isPartOf":{"@id":"https:\/\/www.azur-scenic.com\/en\/#website"},"primaryImageOfPage":{"@id":"https:\/\/www.azur-scenic.com\/en\/product\/perfore-front-screen\/#primaryimage"},"image":{"@id":"https:\/\/www.azur-scenic.com\/en\/product\/perfore-front-screen\/#primaryimage"},"thumbnailUrl":"https:\/\/www.azur-scenic.com\/wp-content\/uploads\/c8153b43298ffb281f3e78e4bbe0a7c1.jpg","datePublished":"2022-10-04T07:28:30+00:00","dateModified":"2023-08-02T12:53:06+00:00","breadcrumb":{"@id":"https:\/\/www.azur-scenic.com\/en\/product\/perfore-front-screen\/#breadcrumb"},"inLanguage":"en-US","potentialAction":[{"@type":"ReadAction","target":["https:\/\/www.azur-scenic.com\/en\/product\/perfore-front-screen\/"]}]},{"@type":"ImageObject","inLanguage":"en-US","@id":"https:\/\/www.azur-scenic.com\/en\/product\/perfore-front-screen\/#primaryimage","url":"https:\/\/www.azur-scenic.com\/wp-content\/uploads\/c8153b43298ffb281f3e78e4bbe0a7c1.jpg","contentUrl":"https:\/\/www.azur-scenic.com\/wp-content\/uploads\/c8153b43298ffb281f3e78e4bbe0a7c1.jpg","width":1200,"height":1200},{"@type":"BreadcrumbList","@id":"https:\/\/www.azur-scenic.com\/en\/product\/perfore-front-screen\/#breadcrumb","itemListElement":[{"@type":"ListItem","position":1,"name":"Accueil","item":"https:\/\/www.azur-scenic.com\/en\/"},{"@type":"ListItem","position":2,"name":"Produits","item":"https:\/\/www.azur-scenic.com\/en\/?page_id=21438"},{"@type":"ListItem","position":3,"name":"Perfore front screen"}]},{"@type":"WebSite","@id":"https:\/\/www.azur-scenic.com\/en\/#website","url":"https:\/\/www.azur-scenic.com\/en\/","name":"Azur Scenic","description":"Sp\u00e9cialiste de l\u2019\u00e9quipement sc\u00e9nique et de la d\u00e9coration int\u00e9rieure et \u00e9v\u00e9nementielle !","publisher":{"@id":"https:\/\/www.azur-scenic.com\/en\/#organization"},"potentialAction":[{"@type":"SearchAction","target":{"@type":"EntryPoint","urlTemplate":"https:\/\/www.azur-scenic.com\/en\/?s={search_term_string}"},"query-input":{"@type":"PropertyValueSpecification","valueRequired":true,"valueName":"search_term_string"}}],"inLanguage":"en-US"},{"@type":"Organization","@id":"https:\/\/www.azur-scenic.com\/en\/#organization","name":"AZUR SCENIC","url":"https:\/\/www.azur-scenic.com\/en\/","logo":{"@type":"ImageObject","inLanguage":"en-US","@id":"https:\/\/www.azur-scenic.com\/en\/#\/schema\/logo\/image\/","url":"https:\/\/www.azur-scenic.com\/wp-content\/uploads\/2022\/09\/LOGO-AZUR-SCENIC-Fusion-web-236x64-1.jpg","contentUrl":"https:\/\/www.azur-scenic.com\/wp-content\/uploads\/2022\/09\/LOGO-AZUR-SCENIC-Fusion-web-236x64-1.jpg","width":236,"height":64,"caption":"AZUR SCENIC"},"image":{"@id":"https:\/\/www.azur-scenic.com\/en\/#\/schema\/logo\/image\/"},"sameAs":["https:\/\/www.youtube.com\/channel\/UCPWM2mGPVUt4nYhNlm71WOA","https:\/\/www.linkedin.com\/company\/33237605\/admin\/feed\/posts\/"]}]}},"_links":{"self":[{"href":"https:\/\/www.azur-scenic.com\/en\/wp-json\/wp\/v2\/product\/17361","targetHints":{"allow":["GET"]}}],"collection":[{"href":"https:\/\/www.azur-scenic.com\/en\/wp-json\/wp\/v2\/product"}],"about":[{"href":"https:\/\/www.azur-scenic.com\/en\/wp-json\/wp\/v2\/types\/product"}],"wp:featuredmedia":[{"embeddable":true,"href":"https:\/\/www.azur-scenic.com\/en\/wp-json\/wp\/v2\/media\/8475"}],"wp:attachment":[{"href":"https:\/\/www.azur-scenic.com\/en\/wp-json\/wp\/v2\/media?parent=17361"}],"wp:term":[{"taxonomy":"product_brand","embeddable":true,"href":"https:\/\/www.azur-scenic.com\/en\/wp-json\/wp\/v2\/product_brand?post=17361"},{"taxonomy":"product_cat","embeddable":true,"href":"https:\/\/www.azur-scenic.com\/en\/wp-json\/wp\/v2\/product_cat?post=17361"},{"taxonomy":"product_tag","embeddable":true,"href":"https:\/\/www.azur-scenic.com\/en\/wp-json\/wp\/v2\/product_tag?post=17361"}],"curies":[{"name":"wp","href":"https:\/\/api.w.org\/{rel}","templated":true}]}}