{"id":17369,"date":"2022-10-04T07:28:29","date_gmt":"2022-10-04T07:28:29","guid":{"rendered":"https:\/\/www.azur-scenic.com\/produit\/serge-absorber-cs\/"},"modified":"2023-08-02T12:56:18","modified_gmt":"2023-08-02T12:56:18","slug":"serge-absorber-cs","status":"publish","type":"product","link":"https:\/\/www.azur-scenic.com\/en\/product\/serge-absorber-cs\/","title":{"rendered":"Serge Absorber CS"},"content":{"rendered":"<table>\n<thead>\n<tr>\n<th style=\"height: 15px; width: 193px;\">Technical data<\/th>\n<th style=\"height: 15px; width: 137px;\">Value<\/th>\n<th style=\"height: 15px; width: 198px;\">Notes<\/th>\n<\/tr>\n<\/thead>\n<tbody>\n<tr>\n<td style=\"height: 15px; vertical-align: top; width: 193px;\">Width<\/td>\n<td style=\"height: 15px; vertical-align: top; width: 137px;\">300 cm<\/td>\n<td style=\"height: 15px; vertical-align: top; width: 198px;\">\u00a0<\/td>\n<\/tr>\n<tr>\n<td style=\"height: 15px; vertical-align: top; width: 193px;\">Weight<\/td>\n<td style=\"height: 15px; vertical-align: top; width: 137px;\">500 g\/m\u00b2<\/td>\n<td style=\"height: 15px; vertical-align: top; width: 198px;\">\u00a0<\/td>\n<\/tr>\n<tr>\n<td style=\"height: 15px; vertical-align: top; width: 193px;\">Thickness<\/td>\n<td style=\"height: 15px; vertical-align: top; width: 137px;\">2.3 mm<\/td>\n<td style=\"height: 15px; vertical-align: top; width: 198px;\">\u00a0<\/td>\n<\/tr>\n<tr>\n<td style=\"height: 43px; vertical-align: top; width: 193px;\">Flame-retardant rating<\/td>\n<td style=\"height: 43px; vertical-align: top; width: 137px;\"><img decoding=\"async\" style=\"height: 20px; width: 20px;\" src=\"https:\/\/www.azur-scenic.com\/wp-content\/uploads\/csm_icon-flag-france_3304e5e3f9.png\" \/> M2<br \/>\n<img decoding=\"async\" style=\"height: 20px; width: 20px;\" src=\"https:\/\/www.azur-scenic.com\/wp-content\/uploads\/icon-flag-allemagne.png\" \/> B1<\/td>\n<td style=\"height: 43px; vertical-align: top; width: 198px;\">Standard: NF P 92-503<br \/>\nStandard: DIN 4102-1<\/td>\n<\/tr>\n<tr>\n<td style=\"height: 15px; vertical-align: top; width: 193px;\">Composition<\/td>\n<td style=\"height: 15px; vertical-align: top; width: 137px;\">100% FR Polyester<\/td>\n<td style=\"height: 15px; vertical-align: top; width: 198px;\">\u00a0<\/td>\n<\/tr>\n<tr>\n<td style=\"height: 15px; vertical-align: top; width: 193px;\">Lengths<\/td>\n<td style=\"height: 15px; vertical-align: top; width: 137px;\">30 m (bales)<\/td>\n<td style=\"height: 15px; vertical-align: top; width: 198px;\">Cut-to-length possible<\/td>\n<\/tr>\n<tr>\n<td style=\"height: 76.3333px; vertical-align: top; width: 193px;\">Acoustic properties<br \/>\nWSAC<br \/>\nSAC<br \/>\nNRC<br \/>\nSAA<\/td>\n<td style=\"height: 76.3333px; vertical-align: top; width: 137px;\">1 \u03b1w<br \/>\nA <span style=\"font-size: 13px;\">(extreme absorption)<\/span><br \/>\n0.95<br \/>\n0.94<\/td>\n<td style=\"height: 76.3333px; vertical-align: top; width: 198px;\">Standards:<br \/>\nISO 354 &#8211; ISO 11654 &#8211; ASTM C423<\/td>\n<\/tr>\n<\/tbody>\n<\/table>\n<p>\u00a0<\/p><\/p>\n","protected":false},"excerpt":{"rendered":"<p>Textile with <strong><span style=\"color: #f88523;\">supreme acoustic absorption properties<\/span><\/strong>, intrinsically <strong><span style=\"color: #f88523;\">flame-retardant<\/span><\/strong>, and perfect for <span style=\"color: #f88523;\"><strong>controlling the acoustic environment<\/strong><\/span> of all sorts of spaces.<br \/>\nThis thick fleece material features a brushed-effect on both sides and imitates perfectly the <span style=\"color: #f88523;\"><strong>appearance<\/strong><\/span> of a <span style=\"color: #f88523;\"><strong>sumptuous wool serge<\/strong><\/span>, available in <span style=\"color: #f88523;\"><strong>deep jet-black<\/strong><\/span>.<br \/>\nIn 100% FR polyester, it is <span style=\"color: #f88523;\"><strong>washable<\/strong><\/span> and particularly <span style=\"color: #f88523;\"><strong>hard-wearing<\/strong><\/span>. It can therefore be used both <span style=\"color: #f88523;\"><strong>outdoors<\/strong><\/span> and indoors.<br \/>\nHighly appreciated for making <strong><span style=\"color: #f88523;\">high-sound-absorbency acoustic curtains<\/span><\/strong>, it can also be used for <span style=\"color: #f88523;\"><strong>screen curtains<\/strong><\/span>, stage curtains, linings, and even tensioned to create wall hangings and coverings.<br \/>\nFully <strong><span style=\"color: #f88523;\">opaque<\/span><\/strong>, our Serge Absorber CS can also be used to make <strong><span style=\"color: #f88523;\">black boxes<\/span><\/strong>.<\/p>\n<table class=\"table\" style=\"background: #f7f7f7;\">\n<tbody>\n<tr>\n<td><strong>Width<\/strong>: 300 cm<\/td>\n<td><strong>Weight<\/strong>: 500 g\/m\u00b2<\/td>\n<\/tr>\n<tr>\n<td><strong>Flame-retardant rating<\/strong>: <img decoding=\"async\" style=\"height: 20px; width: 20px;\" src=\"https:\/\/www.azur-scenic.com\/wp-content\/uploads\/csm_icon-flag-france_3304e5e3f9.png\" \/> M2 <img decoding=\"async\" style=\"height: 20px; width: 20px;\" src=\"https:\/\/www.azur-scenic.com\/wp-content\/uploads\/icon-flag-allemagne.png\" \/> B1<\/td>\n<td style=\"vertical-align: top;\"><strong>Composition<\/strong>: 100% FR Polyester<\/td>\n<\/tr>\n<\/tbody>\n<\/table>\n","protected":false},"featured_media":14957,"template":"","meta":{"_acf_changed":false},"product_brand":[],"product_cat":[898,893,896,981,982,979,980],"product_tag":[],"class_list":{"0":"post-17369","1":"product","2":"type-product","3":"status-publish","4":"has-post-thumbnail","6":"product_cat-all-products","7":"product_cat-stage-and-events-material","8":"product_cat-black-out","9":"product_cat-decorative-fabrics","10":"product_cat-canvas-brushed-finishes","11":"product_cat-acoustic-solutions","12":"product_cat-acoustic-absorption","13":"pa_couleurs-003-en","14":"pa_groupes-de-couleurs-black","15":"pa_textiles-acoustic-absorbant","16":"pa_textiles-suitable-for-outdoors-use","17":"pa_textiles-flame-retardant-rated","18":"pa_textiles-washable","19":"pa_textiles-black-out-and-or-screen-material","21":"first","22":"instock","23":"shipping-taxable","24":"purchasable","25":"product-type-simple"},"acf":[],"yoast_head":"<!-- This site is optimized with the Yoast SEO plugin v27.3 - https:\/\/yoast.com\/product\/yoast-seo-wordpress\/ -->\n<title>Serge Absorber CS - Azur Scenic<\/title>\n<meta name=\"robots\" content=\"index, follow, max-snippet:-1, max-image-preview:large, max-video-preview:-1\" \/>\n<link rel=\"canonical\" href=\"https:\/\/www.azur-scenic.com\/en\/product\/serge-absorber-cs\/\" \/>\n<meta property=\"og:locale\" content=\"en_US\" \/>\n<meta property=\"og:type\" content=\"article\" \/>\n<meta property=\"og:title\" content=\"Serge Absorber CS - Azur Scenic\" \/>\n<meta property=\"og:description\" content=\"Textile with supreme acoustic absorption properties, intrinsically flame-retardant, and perfect for controlling the acoustic environment of all sorts of spaces. This thick fleece material features a brushed-effect on both sides and imitates perfectly the appearance of a sumptuous wool serge, available in deep jet-black. In 100% FR polyester, it is washable and particularly hard-wearing. It can therefore be used both outdoors and indoors. Highly appreciated for making high-sound-absorbency acoustic curtains, it can also be used for screen curtains, stage curtains, linings, and even tensioned to create wall hangings and coverings. Fully opaque, our Serge Absorber CS can also be used to make black boxes.  Width: 300 cm Weight: 500 g\/m\u00b2  Flame-retardant rating: M2 B1 Composition: 100% FR Polyester\" \/>\n<meta property=\"og:url\" content=\"https:\/\/www.azur-scenic.com\/en\/product\/serge-absorber-cs\/\" \/>\n<meta property=\"og:site_name\" content=\"Azur Scenic\" \/>\n<meta property=\"article:modified_time\" content=\"2023-08-02T12:56:18+00:00\" \/>\n<meta property=\"og:image\" content=\"https:\/\/www.azur-scenic.com\/wp-content\/uploads\/SERGE-ABSORBER-CS-scaled.jpg\" \/>\n\t<meta property=\"og:image:width\" content=\"2560\" \/>\n\t<meta property=\"og:image:height\" content=\"2560\" \/>\n\t<meta property=\"og:image:type\" content=\"image\/jpeg\" \/>\n<meta name=\"twitter:card\" content=\"summary_large_image\" \/>\n<script type=\"application\/ld+json\" class=\"yoast-schema-graph\">{\"@context\":\"https:\\\/\\\/schema.org\",\"@graph\":[{\"@type\":\"WebPage\",\"@id\":\"https:\\\/\\\/www.azur-scenic.com\\\/en\\\/product\\\/serge-absorber-cs\\\/\",\"url\":\"https:\\\/\\\/www.azur-scenic.com\\\/en\\\/product\\\/serge-absorber-cs\\\/\",\"name\":\"Serge Absorber CS - Azur Scenic\",\"isPartOf\":{\"@id\":\"https:\\\/\\\/www.azur-scenic.com\\\/en\\\/#website\"},\"primaryImageOfPage\":{\"@id\":\"https:\\\/\\\/www.azur-scenic.com\\\/en\\\/product\\\/serge-absorber-cs\\\/#primaryimage\"},\"image\":{\"@id\":\"https:\\\/\\\/www.azur-scenic.com\\\/en\\\/product\\\/serge-absorber-cs\\\/#primaryimage\"},\"thumbnailUrl\":\"https:\\\/\\\/www.azur-scenic.com\\\/wp-content\\\/uploads\\\/SERGE-ABSORBER-CS-scaled.jpg\",\"datePublished\":\"2022-10-04T07:28:29+00:00\",\"dateModified\":\"2023-08-02T12:56:18+00:00\",\"breadcrumb\":{\"@id\":\"https:\\\/\\\/www.azur-scenic.com\\\/en\\\/product\\\/serge-absorber-cs\\\/#breadcrumb\"},\"inLanguage\":\"en-US\",\"potentialAction\":[{\"@type\":\"ReadAction\",\"target\":[\"https:\\\/\\\/www.azur-scenic.com\\\/en\\\/product\\\/serge-absorber-cs\\\/\"]}]},{\"@type\":\"ImageObject\",\"inLanguage\":\"en-US\",\"@id\":\"https:\\\/\\\/www.azur-scenic.com\\\/en\\\/product\\\/serge-absorber-cs\\\/#primaryimage\",\"url\":\"https:\\\/\\\/www.azur-scenic.com\\\/wp-content\\\/uploads\\\/SERGE-ABSORBER-CS-scaled.jpg\",\"contentUrl\":\"https:\\\/\\\/www.azur-scenic.com\\\/wp-content\\\/uploads\\\/SERGE-ABSORBER-CS-scaled.jpg\",\"width\":2560,\"height\":2560,\"caption\":\"SERGE ABSORBER CS\"},{\"@type\":\"BreadcrumbList\",\"@id\":\"https:\\\/\\\/www.azur-scenic.com\\\/en\\\/product\\\/serge-absorber-cs\\\/#breadcrumb\",\"itemListElement\":[{\"@type\":\"ListItem\",\"position\":1,\"name\":\"Accueil\",\"item\":\"https:\\\/\\\/www.azur-scenic.com\\\/en\\\/\"},{\"@type\":\"ListItem\",\"position\":2,\"name\":\"Produits\",\"item\":\"https:\\\/\\\/www.azur-scenic.com\\\/en\\\/?page_id=21438\"},{\"@type\":\"ListItem\",\"position\":3,\"name\":\"Serge Absorber CS\"}]},{\"@type\":\"WebSite\",\"@id\":\"https:\\\/\\\/www.azur-scenic.com\\\/en\\\/#website\",\"url\":\"https:\\\/\\\/www.azur-scenic.com\\\/en\\\/\",\"name\":\"Azur Scenic\",\"description\":\"Sp\u00e9cialiste de l\u2019\u00e9quipement sc\u00e9nique et de la d\u00e9coration int\u00e9rieure et \u00e9v\u00e9nementielle !\",\"publisher\":{\"@id\":\"https:\\\/\\\/www.azur-scenic.com\\\/en\\\/#organization\"},\"potentialAction\":[{\"@type\":\"SearchAction\",\"target\":{\"@type\":\"EntryPoint\",\"urlTemplate\":\"https:\\\/\\\/www.azur-scenic.com\\\/en\\\/?s={search_term_string}\"},\"query-input\":{\"@type\":\"PropertyValueSpecification\",\"valueRequired\":true,\"valueName\":\"search_term_string\"}}],\"inLanguage\":\"en-US\"},{\"@type\":\"Organization\",\"@id\":\"https:\\\/\\\/www.azur-scenic.com\\\/en\\\/#organization\",\"name\":\"AZUR SCENIC\",\"url\":\"https:\\\/\\\/www.azur-scenic.com\\\/en\\\/\",\"logo\":{\"@type\":\"ImageObject\",\"inLanguage\":\"en-US\",\"@id\":\"https:\\\/\\\/www.azur-scenic.com\\\/en\\\/#\\\/schema\\\/logo\\\/image\\\/\",\"url\":\"https:\\\/\\\/www.azur-scenic.com\\\/wp-content\\\/uploads\\\/2022\\\/09\\\/LOGO-AZUR-SCENIC-Fusion-web-236x64-1.jpg\",\"contentUrl\":\"https:\\\/\\\/www.azur-scenic.com\\\/wp-content\\\/uploads\\\/2022\\\/09\\\/LOGO-AZUR-SCENIC-Fusion-web-236x64-1.jpg\",\"width\":236,\"height\":64,\"caption\":\"AZUR SCENIC\"},\"image\":{\"@id\":\"https:\\\/\\\/www.azur-scenic.com\\\/en\\\/#\\\/schema\\\/logo\\\/image\\\/\"},\"sameAs\":[\"https:\\\/\\\/www.youtube.com\\\/channel\\\/UCPWM2mGPVUt4nYhNlm71WOA\",\"https:\\\/\\\/www.linkedin.com\\\/company\\\/33237605\\\/admin\\\/feed\\\/posts\\\/\"]}]}<\/script>\n<!-- \/ Yoast SEO plugin. -->","yoast_head_json":{"title":"Serge Absorber CS - Azur Scenic","robots":{"index":"index","follow":"follow","max-snippet":"max-snippet:-1","max-image-preview":"max-image-preview:large","max-video-preview":"max-video-preview:-1"},"canonical":"https:\/\/www.azur-scenic.com\/en\/product\/serge-absorber-cs\/","og_locale":"en_US","og_type":"article","og_title":"Serge Absorber CS - Azur Scenic","og_description":"Textile with supreme acoustic absorption properties, intrinsically flame-retardant, and perfect for controlling the acoustic environment of all sorts of spaces. This thick fleece material features a brushed-effect on both sides and imitates perfectly the appearance of a sumptuous wool serge, available in deep jet-black. In 100% FR polyester, it is washable and particularly hard-wearing. It can therefore be used both outdoors and indoors. Highly appreciated for making high-sound-absorbency acoustic curtains, it can also be used for screen curtains, stage curtains, linings, and even tensioned to create wall hangings and coverings. Fully opaque, our Serge Absorber CS can also be used to make black boxes.  Width: 300 cm Weight: 500 g\/m\u00b2  Flame-retardant rating: M2 B1 Composition: 100% FR Polyester","og_url":"https:\/\/www.azur-scenic.com\/en\/product\/serge-absorber-cs\/","og_site_name":"Azur Scenic","article_modified_time":"2023-08-02T12:56:18+00:00","og_image":[{"width":2560,"height":2560,"url":"https:\/\/www.azur-scenic.com\/wp-content\/uploads\/SERGE-ABSORBER-CS-scaled.jpg","type":"image\/jpeg"}],"twitter_card":"summary_large_image","schema":{"@context":"https:\/\/schema.org","@graph":[{"@type":"WebPage","@id":"https:\/\/www.azur-scenic.com\/en\/product\/serge-absorber-cs\/","url":"https:\/\/www.azur-scenic.com\/en\/product\/serge-absorber-cs\/","name":"Serge Absorber CS - Azur Scenic","isPartOf":{"@id":"https:\/\/www.azur-scenic.com\/en\/#website"},"primaryImageOfPage":{"@id":"https:\/\/www.azur-scenic.com\/en\/product\/serge-absorber-cs\/#primaryimage"},"image":{"@id":"https:\/\/www.azur-scenic.com\/en\/product\/serge-absorber-cs\/#primaryimage"},"thumbnailUrl":"https:\/\/www.azur-scenic.com\/wp-content\/uploads\/SERGE-ABSORBER-CS-scaled.jpg","datePublished":"2022-10-04T07:28:29+00:00","dateModified":"2023-08-02T12:56:18+00:00","breadcrumb":{"@id":"https:\/\/www.azur-scenic.com\/en\/product\/serge-absorber-cs\/#breadcrumb"},"inLanguage":"en-US","potentialAction":[{"@type":"ReadAction","target":["https:\/\/www.azur-scenic.com\/en\/product\/serge-absorber-cs\/"]}]},{"@type":"ImageObject","inLanguage":"en-US","@id":"https:\/\/www.azur-scenic.com\/en\/product\/serge-absorber-cs\/#primaryimage","url":"https:\/\/www.azur-scenic.com\/wp-content\/uploads\/SERGE-ABSORBER-CS-scaled.jpg","contentUrl":"https:\/\/www.azur-scenic.com\/wp-content\/uploads\/SERGE-ABSORBER-CS-scaled.jpg","width":2560,"height":2560,"caption":"SERGE ABSORBER CS"},{"@type":"BreadcrumbList","@id":"https:\/\/www.azur-scenic.com\/en\/product\/serge-absorber-cs\/#breadcrumb","itemListElement":[{"@type":"ListItem","position":1,"name":"Accueil","item":"https:\/\/www.azur-scenic.com\/en\/"},{"@type":"ListItem","position":2,"name":"Produits","item":"https:\/\/www.azur-scenic.com\/en\/?page_id=21438"},{"@type":"ListItem","position":3,"name":"Serge Absorber CS"}]},{"@type":"WebSite","@id":"https:\/\/www.azur-scenic.com\/en\/#website","url":"https:\/\/www.azur-scenic.com\/en\/","name":"Azur Scenic","description":"Sp\u00e9cialiste de l\u2019\u00e9quipement sc\u00e9nique et de la d\u00e9coration int\u00e9rieure et \u00e9v\u00e9nementielle !","publisher":{"@id":"https:\/\/www.azur-scenic.com\/en\/#organization"},"potentialAction":[{"@type":"SearchAction","target":{"@type":"EntryPoint","urlTemplate":"https:\/\/www.azur-scenic.com\/en\/?s={search_term_string}"},"query-input":{"@type":"PropertyValueSpecification","valueRequired":true,"valueName":"search_term_string"}}],"inLanguage":"en-US"},{"@type":"Organization","@id":"https:\/\/www.azur-scenic.com\/en\/#organization","name":"AZUR SCENIC","url":"https:\/\/www.azur-scenic.com\/en\/","logo":{"@type":"ImageObject","inLanguage":"en-US","@id":"https:\/\/www.azur-scenic.com\/en\/#\/schema\/logo\/image\/","url":"https:\/\/www.azur-scenic.com\/wp-content\/uploads\/2022\/09\/LOGO-AZUR-SCENIC-Fusion-web-236x64-1.jpg","contentUrl":"https:\/\/www.azur-scenic.com\/wp-content\/uploads\/2022\/09\/LOGO-AZUR-SCENIC-Fusion-web-236x64-1.jpg","width":236,"height":64,"caption":"AZUR SCENIC"},"image":{"@id":"https:\/\/www.azur-scenic.com\/en\/#\/schema\/logo\/image\/"},"sameAs":["https:\/\/www.youtube.com\/channel\/UCPWM2mGPVUt4nYhNlm71WOA","https:\/\/www.linkedin.com\/company\/33237605\/admin\/feed\/posts\/"]}]}},"_links":{"self":[{"href":"https:\/\/www.azur-scenic.com\/en\/wp-json\/wp\/v2\/product\/17369","targetHints":{"allow":["GET"]}}],"collection":[{"href":"https:\/\/www.azur-scenic.com\/en\/wp-json\/wp\/v2\/product"}],"about":[{"href":"https:\/\/www.azur-scenic.com\/en\/wp-json\/wp\/v2\/types\/product"}],"wp:featuredmedia":[{"embeddable":true,"href":"https:\/\/www.azur-scenic.com\/en\/wp-json\/wp\/v2\/media\/14957"}],"wp:attachment":[{"href":"https:\/\/www.azur-scenic.com\/en\/wp-json\/wp\/v2\/media?parent=17369"}],"wp:term":[{"taxonomy":"product_brand","embeddable":true,"href":"https:\/\/www.azur-scenic.com\/en\/wp-json\/wp\/v2\/product_brand?post=17369"},{"taxonomy":"product_cat","embeddable":true,"href":"https:\/\/www.azur-scenic.com\/en\/wp-json\/wp\/v2\/product_cat?post=17369"},{"taxonomy":"product_tag","embeddable":true,"href":"https:\/\/www.azur-scenic.com\/en\/wp-json\/wp\/v2\/product_tag?post=17369"}],"curies":[{"name":"wp","href":"https:\/\/api.w.org\/{rel}","templated":true}]}}