{"id":17372,"date":"2022-10-04T07:28:28","date_gmt":"2022-10-04T07:28:28","guid":{"rendered":"https:\/\/www.azur-scenic.com\/produit\/erail\/"},"modified":"2023-08-02T12:58:33","modified_gmt":"2023-08-02T12:58:33","slug":"erail","status":"publish","type":"product","link":"https:\/\/www.azur-scenic.com\/en\/product\/erail\/","title":{"rendered":"Erail"},"content":{"rendered":"<p><p>Extruded aluminium rails in <strong><span style=\"color: #f88523;\">black<\/span><\/strong> (other RAL colours available on demand).<\/p>\n<p>Can be activated in <strong><span style=\"color: #f88523;\">walk-along<\/span><\/strong> (without pull), <strong><span style=\"color: #f88523;\">manual corded curtain pull<\/span><\/strong> (polyester curtain cord \u00d8 8\u00a0mm) or <strong><span style=\"color: #f88523;\">motorised<\/span><\/strong> (Kevlar curtain cord \u00d8 8\u00a0mm).<\/p>\n<p>Installation of <strong><span style=\"color: #f88523;\">curtain cord<\/span><\/strong> in <strong><span style=\"color: #f88523;\">upper guide channel<\/span><\/strong>.<\/p>\n<p>Possibility of <strong><span style=\"color: #f88523;\">shaping to-measure<\/span><\/strong> (all activations) with minimum radius 500 mm.<\/p>\n<p>Installation in <strong><span style=\"color: #f88523;\">single curtain tracks for 1 or 2 curtains<\/span><\/strong> (central overlap approx. 30\u00a0cm) or on <strong><span style=\"color: #f88523;\">double-track curtain rails<\/span><\/strong> with overlap (standard central overlap 1\u00a0m, other overlaps available to order).<\/p>\n<p>Can be installed with <strong><span style=\"color: #f88523;\">ceiling mountings<\/span><\/strong>, <strong><span style=\"color: #f88523;\">wall mountings<\/span><\/strong> on brackets, on <strong><span style=\"color: #f88523;\">tubes<\/span><\/strong> using clamps (tube \u00d8 50 mm).<\/p>\n<p><strong><span style=\"color: #f88523;\">Technical specifications, Options\u00a0&amp; Accessories<\/span><\/strong><br \/>\nDownload the technical specifications below.<\/p>\n<p>\u00a0<\/p><\/p>\n","protected":false},"excerpt":{"rendered":"<p><strong><span style=\"color: #f88523;\">Versatile, high-precision stage curtain tracks<\/span><\/strong>, ideal for equipping stages of all types including concert halls, performance venues and amphitheatres that use <strong><span style=\"color: #f88523;\">moderate loads<\/span><\/strong> such as velvet stage curtains, sight screens and black-out curtains.<\/p>\n<p><strong><span style=\"color: #f88523;\">Strong<\/span><\/strong>,\u00a0<strong><span style=\"color: #f88523;\">compact<\/span><\/strong>,\u00a0and <strong><span style=\"color: #f88523;\">silent<\/span><\/strong>\u00a0thanks to its bearing rollers, and with a high-quality <strong><span style=\"color: #f88523;\">matte black<\/span><\/strong> finish, it\u2019s a perfectly unobtrusive addition to your performance spaces, including performance spaces, stages, performance venues, museums, offices, and more&#8230;<\/p>\n<p>The <strong><span style=\"color: #f88523;\">profile can be shaped to order<\/span><\/strong>\u00a0to fit perfectly into your performance space, even with the most original configuration.<\/p>\n","protected":false},"featured_media":8445,"template":"","meta":{"_acf_changed":false},"product_brand":[],"product_cat":[898,1085,1086,1208,897],"product_tag":[],"class_list":{"0":"post-17372","1":"product","2":"type-product","3":"status-publish","4":"has-post-thumbnail","6":"product_cat-all-products","7":"product_cat-technical-products","8":"product_cat-stage-curtain-tracks","9":"product_cat-erail","10":"product_cat-theatre","11":"pa_techniques-walk-along","12":"pa_techniques-shapeable","13":"pa_techniques-made-to-measure","14":"pa_techniques-wall-mounted","15":"pa_techniques-ceiling-mounted","16":"pa_techniques-tube-mounted","17":"pa_techniques-double-track-system","18":"pa_techniques-single-track-system","19":"pa_techniques-manual","20":"pa_techniques-motorised","22":"first","23":"instock","24":"shipping-taxable","25":"purchasable","26":"product-type-simple"},"acf":[],"yoast_head":"<!-- This site is optimized with the Yoast SEO plugin v27.3 - https:\/\/yoast.com\/product\/yoast-seo-wordpress\/ -->\n<title>Erail - Azur Scenic<\/title>\n<meta name=\"robots\" content=\"index, follow, max-snippet:-1, max-image-preview:large, max-video-preview:-1\" \/>\n<link rel=\"canonical\" href=\"https:\/\/www.azur-scenic.com\/en\/product\/erail\/\" \/>\n<meta property=\"og:locale\" content=\"en_US\" \/>\n<meta property=\"og:type\" content=\"article\" \/>\n<meta property=\"og:title\" content=\"Erail - Azur Scenic\" \/>\n<meta property=\"og:description\" content=\"Versatile, high-precision stage curtain tracks, ideal for equipping stages of all types including concert halls, performance venues and amphitheatres that use moderate loads such as velvet stage curtains, sight screens and black-out curtains. Strong,\u00a0compact,\u00a0and silent\u00a0thanks to its bearing rollers, and with a high-quality matte black finish, it\u2019s a perfectly unobtrusive addition to your performance spaces, including performance spaces, stages, performance venues, museums, offices, and more... The profile can be shaped to order\u00a0to fit perfectly into your performance space, even with the most original configuration.\" \/>\n<meta property=\"og:url\" content=\"https:\/\/www.azur-scenic.com\/en\/product\/erail\/\" \/>\n<meta property=\"og:site_name\" content=\"Azur Scenic\" \/>\n<meta property=\"article:modified_time\" content=\"2023-08-02T12:58:33+00:00\" \/>\n<meta property=\"og:image\" content=\"https:\/\/www.azur-scenic.com\/wp-content\/uploads\/cb6288f1f9719e0315c69e648553d505.jpg\" \/>\n\t<meta property=\"og:image:width\" content=\"1323\" \/>\n\t<meta property=\"og:image:height\" content=\"1323\" \/>\n\t<meta property=\"og:image:type\" content=\"image\/jpeg\" \/>\n<meta name=\"twitter:card\" content=\"summary_large_image\" \/>\n<meta name=\"twitter:label1\" content=\"Est. reading time\" \/>\n\t<meta name=\"twitter:data1\" content=\"1 minute\" \/>\n<script type=\"application\/ld+json\" class=\"yoast-schema-graph\">{\"@context\":\"https:\\\/\\\/schema.org\",\"@graph\":[{\"@type\":\"WebPage\",\"@id\":\"https:\\\/\\\/www.azur-scenic.com\\\/en\\\/product\\\/erail\\\/\",\"url\":\"https:\\\/\\\/www.azur-scenic.com\\\/en\\\/product\\\/erail\\\/\",\"name\":\"Erail - Azur Scenic\",\"isPartOf\":{\"@id\":\"https:\\\/\\\/www.azur-scenic.com\\\/en\\\/#website\"},\"primaryImageOfPage\":{\"@id\":\"https:\\\/\\\/www.azur-scenic.com\\\/en\\\/product\\\/erail\\\/#primaryimage\"},\"image\":{\"@id\":\"https:\\\/\\\/www.azur-scenic.com\\\/en\\\/product\\\/erail\\\/#primaryimage\"},\"thumbnailUrl\":\"https:\\\/\\\/www.azur-scenic.com\\\/wp-content\\\/uploads\\\/cb6288f1f9719e0315c69e648553d505.jpg\",\"datePublished\":\"2022-10-04T07:28:28+00:00\",\"dateModified\":\"2023-08-02T12:58:33+00:00\",\"breadcrumb\":{\"@id\":\"https:\\\/\\\/www.azur-scenic.com\\\/en\\\/product\\\/erail\\\/#breadcrumb\"},\"inLanguage\":\"en-US\",\"potentialAction\":[{\"@type\":\"ReadAction\",\"target\":[\"https:\\\/\\\/www.azur-scenic.com\\\/en\\\/product\\\/erail\\\/\"]}]},{\"@type\":\"ImageObject\",\"inLanguage\":\"en-US\",\"@id\":\"https:\\\/\\\/www.azur-scenic.com\\\/en\\\/product\\\/erail\\\/#primaryimage\",\"url\":\"https:\\\/\\\/www.azur-scenic.com\\\/wp-content\\\/uploads\\\/cb6288f1f9719e0315c69e648553d505.jpg\",\"contentUrl\":\"https:\\\/\\\/www.azur-scenic.com\\\/wp-content\\\/uploads\\\/cb6288f1f9719e0315c69e648553d505.jpg\",\"width\":1323,\"height\":1323},{\"@type\":\"BreadcrumbList\",\"@id\":\"https:\\\/\\\/www.azur-scenic.com\\\/en\\\/product\\\/erail\\\/#breadcrumb\",\"itemListElement\":[{\"@type\":\"ListItem\",\"position\":1,\"name\":\"Accueil\",\"item\":\"https:\\\/\\\/www.azur-scenic.com\\\/en\\\/\"},{\"@type\":\"ListItem\",\"position\":2,\"name\":\"Produits\",\"item\":\"https:\\\/\\\/www.azur-scenic.com\\\/en\\\/?page_id=21438\"},{\"@type\":\"ListItem\",\"position\":3,\"name\":\"Erail\"}]},{\"@type\":\"WebSite\",\"@id\":\"https:\\\/\\\/www.azur-scenic.com\\\/en\\\/#website\",\"url\":\"https:\\\/\\\/www.azur-scenic.com\\\/en\\\/\",\"name\":\"Azur Scenic\",\"description\":\"Sp\u00e9cialiste de l\u2019\u00e9quipement sc\u00e9nique et de la d\u00e9coration int\u00e9rieure et \u00e9v\u00e9nementielle !\",\"publisher\":{\"@id\":\"https:\\\/\\\/www.azur-scenic.com\\\/en\\\/#organization\"},\"potentialAction\":[{\"@type\":\"SearchAction\",\"target\":{\"@type\":\"EntryPoint\",\"urlTemplate\":\"https:\\\/\\\/www.azur-scenic.com\\\/en\\\/?s={search_term_string}\"},\"query-input\":{\"@type\":\"PropertyValueSpecification\",\"valueRequired\":true,\"valueName\":\"search_term_string\"}}],\"inLanguage\":\"en-US\"},{\"@type\":\"Organization\",\"@id\":\"https:\\\/\\\/www.azur-scenic.com\\\/en\\\/#organization\",\"name\":\"AZUR SCENIC\",\"url\":\"https:\\\/\\\/www.azur-scenic.com\\\/en\\\/\",\"logo\":{\"@type\":\"ImageObject\",\"inLanguage\":\"en-US\",\"@id\":\"https:\\\/\\\/www.azur-scenic.com\\\/en\\\/#\\\/schema\\\/logo\\\/image\\\/\",\"url\":\"https:\\\/\\\/www.azur-scenic.com\\\/wp-content\\\/uploads\\\/2022\\\/09\\\/LOGO-AZUR-SCENIC-Fusion-web-236x64-1.jpg\",\"contentUrl\":\"https:\\\/\\\/www.azur-scenic.com\\\/wp-content\\\/uploads\\\/2022\\\/09\\\/LOGO-AZUR-SCENIC-Fusion-web-236x64-1.jpg\",\"width\":236,\"height\":64,\"caption\":\"AZUR SCENIC\"},\"image\":{\"@id\":\"https:\\\/\\\/www.azur-scenic.com\\\/en\\\/#\\\/schema\\\/logo\\\/image\\\/\"},\"sameAs\":[\"https:\\\/\\\/www.youtube.com\\\/channel\\\/UCPWM2mGPVUt4nYhNlm71WOA\",\"https:\\\/\\\/www.linkedin.com\\\/company\\\/33237605\\\/admin\\\/feed\\\/posts\\\/\"]}]}<\/script>\n<!-- \/ Yoast SEO plugin. -->","yoast_head_json":{"title":"Erail - Azur Scenic","robots":{"index":"index","follow":"follow","max-snippet":"max-snippet:-1","max-image-preview":"max-image-preview:large","max-video-preview":"max-video-preview:-1"},"canonical":"https:\/\/www.azur-scenic.com\/en\/product\/erail\/","og_locale":"en_US","og_type":"article","og_title":"Erail - Azur Scenic","og_description":"Versatile, high-precision stage curtain tracks, ideal for equipping stages of all types including concert halls, performance venues and amphitheatres that use moderate loads such as velvet stage curtains, sight screens and black-out curtains. Strong,\u00a0compact,\u00a0and silent\u00a0thanks to its bearing rollers, and with a high-quality matte black finish, it\u2019s a perfectly unobtrusive addition to your performance spaces, including performance spaces, stages, performance venues, museums, offices, and more... The profile can be shaped to order\u00a0to fit perfectly into your performance space, even with the most original configuration.","og_url":"https:\/\/www.azur-scenic.com\/en\/product\/erail\/","og_site_name":"Azur Scenic","article_modified_time":"2023-08-02T12:58:33+00:00","og_image":[{"width":1323,"height":1323,"url":"https:\/\/www.azur-scenic.com\/wp-content\/uploads\/cb6288f1f9719e0315c69e648553d505.jpg","type":"image\/jpeg"}],"twitter_card":"summary_large_image","twitter_misc":{"Est. reading time":"1 minute"},"schema":{"@context":"https:\/\/schema.org","@graph":[{"@type":"WebPage","@id":"https:\/\/www.azur-scenic.com\/en\/product\/erail\/","url":"https:\/\/www.azur-scenic.com\/en\/product\/erail\/","name":"Erail - Azur Scenic","isPartOf":{"@id":"https:\/\/www.azur-scenic.com\/en\/#website"},"primaryImageOfPage":{"@id":"https:\/\/www.azur-scenic.com\/en\/product\/erail\/#primaryimage"},"image":{"@id":"https:\/\/www.azur-scenic.com\/en\/product\/erail\/#primaryimage"},"thumbnailUrl":"https:\/\/www.azur-scenic.com\/wp-content\/uploads\/cb6288f1f9719e0315c69e648553d505.jpg","datePublished":"2022-10-04T07:28:28+00:00","dateModified":"2023-08-02T12:58:33+00:00","breadcrumb":{"@id":"https:\/\/www.azur-scenic.com\/en\/product\/erail\/#breadcrumb"},"inLanguage":"en-US","potentialAction":[{"@type":"ReadAction","target":["https:\/\/www.azur-scenic.com\/en\/product\/erail\/"]}]},{"@type":"ImageObject","inLanguage":"en-US","@id":"https:\/\/www.azur-scenic.com\/en\/product\/erail\/#primaryimage","url":"https:\/\/www.azur-scenic.com\/wp-content\/uploads\/cb6288f1f9719e0315c69e648553d505.jpg","contentUrl":"https:\/\/www.azur-scenic.com\/wp-content\/uploads\/cb6288f1f9719e0315c69e648553d505.jpg","width":1323,"height":1323},{"@type":"BreadcrumbList","@id":"https:\/\/www.azur-scenic.com\/en\/product\/erail\/#breadcrumb","itemListElement":[{"@type":"ListItem","position":1,"name":"Accueil","item":"https:\/\/www.azur-scenic.com\/en\/"},{"@type":"ListItem","position":2,"name":"Produits","item":"https:\/\/www.azur-scenic.com\/en\/?page_id=21438"},{"@type":"ListItem","position":3,"name":"Erail"}]},{"@type":"WebSite","@id":"https:\/\/www.azur-scenic.com\/en\/#website","url":"https:\/\/www.azur-scenic.com\/en\/","name":"Azur Scenic","description":"Sp\u00e9cialiste de l\u2019\u00e9quipement sc\u00e9nique et de la d\u00e9coration int\u00e9rieure et \u00e9v\u00e9nementielle !","publisher":{"@id":"https:\/\/www.azur-scenic.com\/en\/#organization"},"potentialAction":[{"@type":"SearchAction","target":{"@type":"EntryPoint","urlTemplate":"https:\/\/www.azur-scenic.com\/en\/?s={search_term_string}"},"query-input":{"@type":"PropertyValueSpecification","valueRequired":true,"valueName":"search_term_string"}}],"inLanguage":"en-US"},{"@type":"Organization","@id":"https:\/\/www.azur-scenic.com\/en\/#organization","name":"AZUR SCENIC","url":"https:\/\/www.azur-scenic.com\/en\/","logo":{"@type":"ImageObject","inLanguage":"en-US","@id":"https:\/\/www.azur-scenic.com\/en\/#\/schema\/logo\/image\/","url":"https:\/\/www.azur-scenic.com\/wp-content\/uploads\/2022\/09\/LOGO-AZUR-SCENIC-Fusion-web-236x64-1.jpg","contentUrl":"https:\/\/www.azur-scenic.com\/wp-content\/uploads\/2022\/09\/LOGO-AZUR-SCENIC-Fusion-web-236x64-1.jpg","width":236,"height":64,"caption":"AZUR SCENIC"},"image":{"@id":"https:\/\/www.azur-scenic.com\/en\/#\/schema\/logo\/image\/"},"sameAs":["https:\/\/www.youtube.com\/channel\/UCPWM2mGPVUt4nYhNlm71WOA","https:\/\/www.linkedin.com\/company\/33237605\/admin\/feed\/posts\/"]}]}},"_links":{"self":[{"href":"https:\/\/www.azur-scenic.com\/en\/wp-json\/wp\/v2\/product\/17372","targetHints":{"allow":["GET"]}}],"collection":[{"href":"https:\/\/www.azur-scenic.com\/en\/wp-json\/wp\/v2\/product"}],"about":[{"href":"https:\/\/www.azur-scenic.com\/en\/wp-json\/wp\/v2\/types\/product"}],"wp:featuredmedia":[{"embeddable":true,"href":"https:\/\/www.azur-scenic.com\/en\/wp-json\/wp\/v2\/media\/8445"}],"wp:attachment":[{"href":"https:\/\/www.azur-scenic.com\/en\/wp-json\/wp\/v2\/media?parent=17372"}],"wp:term":[{"taxonomy":"product_brand","embeddable":true,"href":"https:\/\/www.azur-scenic.com\/en\/wp-json\/wp\/v2\/product_brand?post=17372"},{"taxonomy":"product_cat","embeddable":true,"href":"https:\/\/www.azur-scenic.com\/en\/wp-json\/wp\/v2\/product_cat?post=17372"},{"taxonomy":"product_tag","embeddable":true,"href":"https:\/\/www.azur-scenic.com\/en\/wp-json\/wp\/v2\/product_tag?post=17372"}],"curies":[{"name":"wp","href":"https:\/\/api.w.org\/{rel}","templated":true}]}}