{"id":17376,"date":"2022-10-04T07:28:28","date_gmt":"2022-10-04T07:28:28","guid":{"rendered":"https:\/\/www.azur-scenic.com\/produit\/ecran-blackout\/"},"modified":"2023-08-02T12:53:00","modified_gmt":"2023-08-02T12:53:00","slug":"blackout-screen","status":"publish","type":"product","link":"https:\/\/www.azur-scenic.com\/en\/product\/blackout-screen\/","title":{"rendered":"Blackout screen"},"content":{"rendered":"<table>\n<thead>\n<tr>\n<th style=\"width: 170px;\">Technical data<\/th>\n<th>Value<\/th>\n<th>Notes<\/th>\n<\/tr>\n<\/thead>\n<tbody>\n<tr>\n<td style=\"vertical-align: top;\">Width<\/td>\n<td style=\"vertical-align: top;\">210 cm<\/td>\n<td style=\"vertical-align: top;\">\u00a0<\/td>\n<\/tr>\n<tr>\n<td style=\"vertical-align: top;\">Weight<\/td>\n<td style=\"vertical-align: top;\">560 g\/m\u00b2<\/td>\n<td style=\"vertical-align: top;\">Standard: NF T 54-101<\/td>\n<\/tr>\n<tr>\n<td style=\"vertical-align: top;\">Thickness<\/td>\n<td style=\"vertical-align: top;\">0.42 mm<\/td>\n<td style=\"vertical-align: top;\">Standard: NF T 54-101<\/td>\n<\/tr>\n<tr>\n<td style=\"vertical-align: top;\">Flame-retardant rating<\/td>\n<td style=\"vertical-align: top;\"><img decoding=\"async\" style=\"height: 20px; width: 20px;\" src=\"https:\/\/www.azur-scenic.com\/wp-content\/uploads\/csm_icon-flag-france_3304e5e3f9.png\" \/> M1<\/td>\n<td style=\"vertical-align: top;\">Standard: NF P 92-507<\/td>\n<\/tr>\n<tr>\n<td style=\"vertical-align: top;\">Composition<\/td>\n<td style=\"vertical-align: top;\">100% PVC<\/td>\n<td style=\"vertical-align: top;\">\u00a0<\/td>\n<\/tr>\n<tr>\n<td style=\"vertical-align: top;\">Roll length<\/td>\n<td style=\"vertical-align: top;\">100 m<\/td>\n<td style=\"vertical-align: top;\">Cut-to-length possible<\/td>\n<\/tr>\n<\/tbody>\n<\/table>\n","protected":false},"excerpt":{"rendered":"<p>Flexible PVC screen for <span style=\"color: #f88523;\"><strong>front-projection<\/strong><\/span> available in <span style=\"color: #f88523;\"><strong>white<\/strong><\/span> with <span style=\"color: #f88523;\"><strong>100% black-out back<\/strong><\/span>, <span style=\"color: #f88523;\"><strong>M1 flame-retardant<\/strong><\/span> rating, for making all types of <span style=\"color: #f88523;\"><strong>front-projection screens<\/strong><\/span>.<br \/>\nIts blackout back prevents interference from light sources positioned behind the screen (daylight, projectors, etc.). This cloth is therefore recommended for making screens positioned in front of windows, glass walls, etc.<br \/>\nThe Blackout screen is particularly appreciated for installation on <span style=\"color: #f88523;\"><strong>flats with tensioners<\/strong><\/span>, but it can also be used for making classic projection screens.<br \/>\nDuring manufacture, we ensure a perfectly regular surface to offer you <span style=\"color: #f88523;\"><strong>optimum optical properties<\/strong><\/span>.<br \/>\nWe also ensure <span style=\"color: #f88523;\"><strong>the flattest possible surface<\/strong><\/span>, working in our <span style=\"color: #f88523;\"><strong>HF welding workshops<\/strong><\/span> to offer super-thin, super-smooth and virtually-invisible welds for <span style=\"color: #f88523;\"><strong>suspended screens<\/strong><\/span>, or <span style=\"color: #f88523;\"><strong>tensioned on frames<\/strong><\/span> and even mounted on <span style=\"color: #f88523;\"><strong>motorised rollers<\/strong><\/span>.<br \/>\nThis 100% PVC fabric is <span style=\"color: #f88523;\"><strong>washable<\/strong><\/span> and suitable for used both indoors and <span style=\"color: #f88523;\"><strong>outdoors<\/strong><\/span>. It also has <strong><span style=\"color: #f88523;\">sound-insulation<\/span><\/strong> properties.<\/p>\n<table class=\"table\">\n<tbody>\n<tr>\n<td><strong>Width<\/strong>: 210 cm<\/td>\n<td><strong>Weight<\/strong>: 560 g\/m\u00b2<\/td>\n<\/tr>\n<tr>\n<td><strong>Flame-retardant rating<\/strong>: <img decoding=\"async\" style=\"height: 20px; width: 20px;\" src=\"https:\/\/www.azur-scenic.com\/wp-content\/uploads\/csm_icon-flag-france_3304e5e3f9.png\" \/> M1<\/td>\n<td><strong>Composition<\/strong>: 100% PVC<\/td>\n<\/tr>\n<\/tbody>\n<\/table>\n","protected":false},"featured_media":8436,"template":"","meta":{"_acf_changed":false},"product_brand":[],"product_cat":[898,893,896,1200,1201],"product_tag":[],"class_list":{"0":"post-17376","1":"product","2":"type-product","3":"status-publish","4":"has-post-thumbnail","6":"product_cat-all-products","7":"product_cat-stage-and-events-material","8":"product_cat-black-out","9":"product_cat-projection-screens-pvc-canvas","10":"product_cat-front-projection-screens","11":"pa_couleurs-050-en","12":"pa_groupes-de-couleurs-white","13":"pa_groupes-de-couleurs-black","14":"pa_textiles-suitable-for-outdoors-use","15":"pa_textiles-flame-retardant-rated","16":"pa_textiles-acoustic-insulation","17":"pa_textiles-washable","18":"pa_textiles-black-out-and-or-screen-material","19":"pa_textiles-front-projection","21":"first","22":"instock","23":"shipping-taxable","24":"purchasable","25":"product-type-simple"},"acf":[],"yoast_head":"<!-- This site is optimized with the Yoast SEO plugin v27.1.1 - https:\/\/yoast.com\/product\/yoast-seo-wordpress\/ -->\n<title>Blackout screen - Azur Scenic<\/title>\n<meta name=\"robots\" content=\"index, follow, max-snippet:-1, max-image-preview:large, max-video-preview:-1\" \/>\n<link rel=\"canonical\" href=\"https:\/\/www.azur-scenic.com\/en\/product\/blackout-screen\/\" \/>\n<meta property=\"og:locale\" content=\"en_US\" \/>\n<meta property=\"og:type\" content=\"article\" \/>\n<meta property=\"og:title\" content=\"Blackout screen - Azur Scenic\" \/>\n<meta property=\"og:description\" content=\"Flexible PVC screen for front-projection available in white with 100% black-out back, M1 flame-retardant rating, for making all types of front-projection screens. Its blackout back prevents interference from light sources positioned behind the screen (daylight, projectors, etc.). This cloth is therefore recommended for making screens positioned in front of windows, glass walls, etc. The Blackout screen is particularly appreciated for installation on flats with tensioners, but it can also be used for making classic projection screens. During manufacture, we ensure a perfectly regular surface to offer you optimum optical properties. We also ensure the flattest possible surface, working in our HF welding workshops to offer super-thin, super-smooth and virtually-invisible welds for suspended screens, or tensioned on frames and even mounted on motorised rollers. This 100% PVC fabric is washable and suitable for used both indoors and outdoors. It also has sound-insulation properties.  Width: 210 cm Weight: 560 g\/m\u00b2  Flame-retardant rating: M1 Composition: 100% PVC\" \/>\n<meta property=\"og:url\" content=\"https:\/\/www.azur-scenic.com\/en\/product\/blackout-screen\/\" \/>\n<meta property=\"og:site_name\" content=\"Azur Scenic\" \/>\n<meta property=\"article:modified_time\" content=\"2023-08-02T12:53:00+00:00\" \/>\n<meta property=\"og:image\" content=\"https:\/\/www.azur-scenic.com\/wp-content\/uploads\/243eb1458aa3bae812869380a0cf2e49-scaled.jpg\" \/>\n\t<meta property=\"og:image:width\" content=\"2560\" \/>\n\t<meta property=\"og:image:height\" content=\"2560\" \/>\n\t<meta property=\"og:image:type\" content=\"image\/jpeg\" \/>\n<meta name=\"twitter:card\" content=\"summary_large_image\" \/>\n<script type=\"application\/ld+json\" class=\"yoast-schema-graph\">{\"@context\":\"https:\/\/schema.org\",\"@graph\":[{\"@type\":\"WebPage\",\"@id\":\"https:\/\/www.azur-scenic.com\/en\/product\/blackout-screen\/\",\"url\":\"https:\/\/www.azur-scenic.com\/en\/product\/blackout-screen\/\",\"name\":\"Blackout screen - Azur Scenic\",\"isPartOf\":{\"@id\":\"https:\/\/www.azur-scenic.com\/en\/#website\"},\"primaryImageOfPage\":{\"@id\":\"https:\/\/www.azur-scenic.com\/en\/product\/blackout-screen\/#primaryimage\"},\"image\":{\"@id\":\"https:\/\/www.azur-scenic.com\/en\/product\/blackout-screen\/#primaryimage\"},\"thumbnailUrl\":\"https:\/\/www.azur-scenic.com\/wp-content\/uploads\/243eb1458aa3bae812869380a0cf2e49-scaled.jpg\",\"datePublished\":\"2022-10-04T07:28:28+00:00\",\"dateModified\":\"2023-08-02T12:53:00+00:00\",\"breadcrumb\":{\"@id\":\"https:\/\/www.azur-scenic.com\/en\/product\/blackout-screen\/#breadcrumb\"},\"inLanguage\":\"en-US\",\"potentialAction\":[{\"@type\":\"ReadAction\",\"target\":[\"https:\/\/www.azur-scenic.com\/en\/product\/blackout-screen\/\"]}]},{\"@type\":\"ImageObject\",\"inLanguage\":\"en-US\",\"@id\":\"https:\/\/www.azur-scenic.com\/en\/product\/blackout-screen\/#primaryimage\",\"url\":\"https:\/\/www.azur-scenic.com\/wp-content\/uploads\/243eb1458aa3bae812869380a0cf2e49-scaled.jpg\",\"contentUrl\":\"https:\/\/www.azur-scenic.com\/wp-content\/uploads\/243eb1458aa3bae812869380a0cf2e49-scaled.jpg\",\"width\":2560,\"height\":2560},{\"@type\":\"BreadcrumbList\",\"@id\":\"https:\/\/www.azur-scenic.com\/en\/product\/blackout-screen\/#breadcrumb\",\"itemListElement\":[{\"@type\":\"ListItem\",\"position\":1,\"name\":\"Accueil\",\"item\":\"https:\/\/www.azur-scenic.com\/en\/\"},{\"@type\":\"ListItem\",\"position\":2,\"name\":\"Produits\",\"item\":\"https:\/\/www.azur-scenic.com\/en\/?page_id=21438\"},{\"@type\":\"ListItem\",\"position\":3,\"name\":\"Blackout screen\"}]},{\"@type\":\"WebSite\",\"@id\":\"https:\/\/www.azur-scenic.com\/en\/#website\",\"url\":\"https:\/\/www.azur-scenic.com\/en\/\",\"name\":\"Azur Scenic\",\"description\":\"Sp\u00e9cialiste de l\u2019\u00e9quipement sc\u00e9nique et de la d\u00e9coration int\u00e9rieure et \u00e9v\u00e9nementielle !\",\"publisher\":{\"@id\":\"https:\/\/www.azur-scenic.com\/en\/#organization\"},\"potentialAction\":[{\"@type\":\"SearchAction\",\"target\":{\"@type\":\"EntryPoint\",\"urlTemplate\":\"https:\/\/www.azur-scenic.com\/en\/?s={search_term_string}\"},\"query-input\":{\"@type\":\"PropertyValueSpecification\",\"valueRequired\":true,\"valueName\":\"search_term_string\"}}],\"inLanguage\":\"en-US\"},{\"@type\":\"Organization\",\"@id\":\"https:\/\/www.azur-scenic.com\/en\/#organization\",\"name\":\"AZUR SCENIC\",\"url\":\"https:\/\/www.azur-scenic.com\/en\/\",\"logo\":{\"@type\":\"ImageObject\",\"inLanguage\":\"en-US\",\"@id\":\"https:\/\/www.azur-scenic.com\/en\/#\/schema\/logo\/image\/\",\"url\":\"https:\/\/www.azur-scenic.com\/wp-content\/uploads\/2022\/09\/LOGO-AZUR-SCENIC-Fusion-web-236x64-1.jpg\",\"contentUrl\":\"https:\/\/www.azur-scenic.com\/wp-content\/uploads\/2022\/09\/LOGO-AZUR-SCENIC-Fusion-web-236x64-1.jpg\",\"width\":236,\"height\":64,\"caption\":\"AZUR SCENIC\"},\"image\":{\"@id\":\"https:\/\/www.azur-scenic.com\/en\/#\/schema\/logo\/image\/\"},\"sameAs\":[\"https:\/\/www.youtube.com\/channel\/UCPWM2mGPVUt4nYhNlm71WOA\",\"https:\/\/www.linkedin.com\/company\/33237605\/admin\/feed\/posts\/\"]}]}<\/script>\n<!-- \/ Yoast SEO plugin. -->","yoast_head_json":{"title":"Blackout screen - Azur Scenic","robots":{"index":"index","follow":"follow","max-snippet":"max-snippet:-1","max-image-preview":"max-image-preview:large","max-video-preview":"max-video-preview:-1"},"canonical":"https:\/\/www.azur-scenic.com\/en\/product\/blackout-screen\/","og_locale":"en_US","og_type":"article","og_title":"Blackout screen - Azur Scenic","og_description":"Flexible PVC screen for front-projection available in white with 100% black-out back, M1 flame-retardant rating, for making all types of front-projection screens. Its blackout back prevents interference from light sources positioned behind the screen (daylight, projectors, etc.). This cloth is therefore recommended for making screens positioned in front of windows, glass walls, etc. The Blackout screen is particularly appreciated for installation on flats with tensioners, but it can also be used for making classic projection screens. During manufacture, we ensure a perfectly regular surface to offer you optimum optical properties. We also ensure the flattest possible surface, working in our HF welding workshops to offer super-thin, super-smooth and virtually-invisible welds for suspended screens, or tensioned on frames and even mounted on motorised rollers. This 100% PVC fabric is washable and suitable for used both indoors and outdoors. It also has sound-insulation properties.  Width: 210 cm Weight: 560 g\/m\u00b2  Flame-retardant rating: M1 Composition: 100% PVC","og_url":"https:\/\/www.azur-scenic.com\/en\/product\/blackout-screen\/","og_site_name":"Azur Scenic","article_modified_time":"2023-08-02T12:53:00+00:00","og_image":[{"width":2560,"height":2560,"url":"https:\/\/www.azur-scenic.com\/wp-content\/uploads\/243eb1458aa3bae812869380a0cf2e49-scaled.jpg","type":"image\/jpeg"}],"twitter_card":"summary_large_image","schema":{"@context":"https:\/\/schema.org","@graph":[{"@type":"WebPage","@id":"https:\/\/www.azur-scenic.com\/en\/product\/blackout-screen\/","url":"https:\/\/www.azur-scenic.com\/en\/product\/blackout-screen\/","name":"Blackout screen - Azur Scenic","isPartOf":{"@id":"https:\/\/www.azur-scenic.com\/en\/#website"},"primaryImageOfPage":{"@id":"https:\/\/www.azur-scenic.com\/en\/product\/blackout-screen\/#primaryimage"},"image":{"@id":"https:\/\/www.azur-scenic.com\/en\/product\/blackout-screen\/#primaryimage"},"thumbnailUrl":"https:\/\/www.azur-scenic.com\/wp-content\/uploads\/243eb1458aa3bae812869380a0cf2e49-scaled.jpg","datePublished":"2022-10-04T07:28:28+00:00","dateModified":"2023-08-02T12:53:00+00:00","breadcrumb":{"@id":"https:\/\/www.azur-scenic.com\/en\/product\/blackout-screen\/#breadcrumb"},"inLanguage":"en-US","potentialAction":[{"@type":"ReadAction","target":["https:\/\/www.azur-scenic.com\/en\/product\/blackout-screen\/"]}]},{"@type":"ImageObject","inLanguage":"en-US","@id":"https:\/\/www.azur-scenic.com\/en\/product\/blackout-screen\/#primaryimage","url":"https:\/\/www.azur-scenic.com\/wp-content\/uploads\/243eb1458aa3bae812869380a0cf2e49-scaled.jpg","contentUrl":"https:\/\/www.azur-scenic.com\/wp-content\/uploads\/243eb1458aa3bae812869380a0cf2e49-scaled.jpg","width":2560,"height":2560},{"@type":"BreadcrumbList","@id":"https:\/\/www.azur-scenic.com\/en\/product\/blackout-screen\/#breadcrumb","itemListElement":[{"@type":"ListItem","position":1,"name":"Accueil","item":"https:\/\/www.azur-scenic.com\/en\/"},{"@type":"ListItem","position":2,"name":"Produits","item":"https:\/\/www.azur-scenic.com\/en\/?page_id=21438"},{"@type":"ListItem","position":3,"name":"Blackout screen"}]},{"@type":"WebSite","@id":"https:\/\/www.azur-scenic.com\/en\/#website","url":"https:\/\/www.azur-scenic.com\/en\/","name":"Azur Scenic","description":"Sp\u00e9cialiste de l\u2019\u00e9quipement sc\u00e9nique et de la d\u00e9coration int\u00e9rieure et \u00e9v\u00e9nementielle !","publisher":{"@id":"https:\/\/www.azur-scenic.com\/en\/#organization"},"potentialAction":[{"@type":"SearchAction","target":{"@type":"EntryPoint","urlTemplate":"https:\/\/www.azur-scenic.com\/en\/?s={search_term_string}"},"query-input":{"@type":"PropertyValueSpecification","valueRequired":true,"valueName":"search_term_string"}}],"inLanguage":"en-US"},{"@type":"Organization","@id":"https:\/\/www.azur-scenic.com\/en\/#organization","name":"AZUR SCENIC","url":"https:\/\/www.azur-scenic.com\/en\/","logo":{"@type":"ImageObject","inLanguage":"en-US","@id":"https:\/\/www.azur-scenic.com\/en\/#\/schema\/logo\/image\/","url":"https:\/\/www.azur-scenic.com\/wp-content\/uploads\/2022\/09\/LOGO-AZUR-SCENIC-Fusion-web-236x64-1.jpg","contentUrl":"https:\/\/www.azur-scenic.com\/wp-content\/uploads\/2022\/09\/LOGO-AZUR-SCENIC-Fusion-web-236x64-1.jpg","width":236,"height":64,"caption":"AZUR SCENIC"},"image":{"@id":"https:\/\/www.azur-scenic.com\/en\/#\/schema\/logo\/image\/"},"sameAs":["https:\/\/www.youtube.com\/channel\/UCPWM2mGPVUt4nYhNlm71WOA","https:\/\/www.linkedin.com\/company\/33237605\/admin\/feed\/posts\/"]}]}},"_links":{"self":[{"href":"https:\/\/www.azur-scenic.com\/en\/wp-json\/wp\/v2\/product\/17376","targetHints":{"allow":["GET"]}}],"collection":[{"href":"https:\/\/www.azur-scenic.com\/en\/wp-json\/wp\/v2\/product"}],"about":[{"href":"https:\/\/www.azur-scenic.com\/en\/wp-json\/wp\/v2\/types\/product"}],"wp:featuredmedia":[{"embeddable":true,"href":"https:\/\/www.azur-scenic.com\/en\/wp-json\/wp\/v2\/media\/8436"}],"wp:attachment":[{"href":"https:\/\/www.azur-scenic.com\/en\/wp-json\/wp\/v2\/media?parent=17376"}],"wp:term":[{"taxonomy":"product_brand","embeddable":true,"href":"https:\/\/www.azur-scenic.com\/en\/wp-json\/wp\/v2\/product_brand?post=17376"},{"taxonomy":"product_cat","embeddable":true,"href":"https:\/\/www.azur-scenic.com\/en\/wp-json\/wp\/v2\/product_cat?post=17376"},{"taxonomy":"product_tag","embeddable":true,"href":"https:\/\/www.azur-scenic.com\/en\/wp-json\/wp\/v2\/product_tag?post=17376"}],"curies":[{"name":"wp","href":"https:\/\/api.w.org\/{rel}","templated":true}]}}