{"id":17399,"date":"2022-10-04T07:28:25","date_gmt":"2022-10-04T07:28:25","guid":{"rendered":"https:\/\/www.azur-scenic.com\/produit\/standex-soft\/"},"modified":"2023-08-02T12:53:12","modified_gmt":"2023-08-02T12:53:12","slug":"standex-soft","status":"publish","type":"product","link":"https:\/\/www.azur-scenic.com\/en\/product\/standex-soft\/","title":{"rendered":"Standex Soft"},"content":{"rendered":"<table>\n<thead>\n<tr>\n<th style=\"width: 170px;\">Technical data<\/th>\n<th style=\"width: 136px;\">Value<\/th>\n<th style=\"width: 222px;\">Notes<\/th>\n<\/tr>\n<\/thead>\n<tbody>\n<tr>\n<td style=\"vertical-align: top;\">Width<\/td>\n<td style=\"vertical-align: top; width: 136px;\">220 cm<\/td>\n<td style=\"vertical-align: top; width: 222px;\">\u00a0<\/td>\n<\/tr>\n<tr>\n<td style=\"vertical-align: top;\">Weight<\/td>\n<td style=\"vertical-align: top; width: 136px;\">260 g\/m\u00b2<\/td>\n<td style=\"vertical-align: top; width: 222px;\">\u00a0<\/td>\n<\/tr>\n<tr>\n<td style=\"vertical-align: top;\">Thickness<\/td>\n<td style=\"vertical-align: top; width: 136px;\">0.4 mm<\/td>\n<td style=\"vertical-align: top; width: 222px;\">\u00a0<\/td>\n<\/tr>\n<tr>\n<td style=\"vertical-align: top;\">Flame-retardant rating<\/td>\n<td style=\"vertical-align: top; width: 136px;\"><img decoding=\"async\" style=\"height: 20px; width: 20px;\" src=\"https:\/\/www.azur-scenic.com\/wp-content\/uploads\/csm_icon-flag-france_3304e5e3f9.png\" \/> M1<\/td>\n<td style=\"vertical-align: top; width: 222px;\">Standards: NFP92-507<\/td>\n<\/tr>\n<tr>\n<td style=\"vertical-align: top;\">Composition<\/td>\n<td style=\"vertical-align: top;\" colspan=\"2\">100% Polyester base + PVC treatment<\/td>\n<\/tr>\n<tr>\n<td style=\"vertical-align: top;\">Roll length<\/td>\n<td style=\"vertical-align: top; width: 136px;\">50 m<br \/>\n(rolled, full-width)<\/td>\n<td style=\"vertical-align: top; width: 222px;\">Cut-to-length available according to stock<\/td>\n<\/tr>\n<\/tbody>\n<\/table>\n","protected":false},"excerpt":{"rendered":"<p>Polyester weave with PVC <span style=\"color: #f88523;\"><strong>treatment<\/strong><\/span> on 1 side, Standex Soft is a <span style=\"color: #f88523;\"><strong>waterproof<\/strong><\/span> material.<\/p>\n<p><span style=\"color: #f88523;\"><strong>M1 flame-retardant<\/strong><\/span> rated, <span style=\"color: #f88523;\"><strong>washable<\/strong><\/span> and very <span style=\"color: #f88523;\"><strong>hard-wearing<\/strong><\/span>, this textile is suitable for use indoors and <span style=\"color: #f88523;\"><strong>outdoors<\/strong><\/span>. Perfect for <span style=\"color: #f88523;\"><strong>dressing stage flats<\/strong><\/span> using staples, it can also be used for <span style=\"color: #f88523;\"><strong>set and stage design<\/strong><\/span>, for making sheaths for covering structures, and more&#8230;<\/p>\n<p>The treated side of Standex is plain, with a <span style=\"color: #f88523;\"><strong>smooth, fine finish<\/strong><\/span> and available in 3 colours, while the overside offers a woven look.<br \/>\n\u00a0<\/p>\n<table class=\"table\">\n<tbody>\n<tr>\n<td><strong>Width<\/strong>: 220 cm<\/td>\n<td style=\"vertical-align: top;\"><strong>Weight<\/strong>: 260 g\/m\u00b2<\/td>\n<\/tr>\n<tr>\n<td><strong>Flame-retardant rating<\/strong>: <img decoding=\"async\" style=\"height: 20px; width: 20px;\" src=\"https:\/\/www.azur-scenic.com\/wp-content\/uploads\/csm_icon-flag-france_3304e5e3f9.png\" \/> M1<\/td>\n<td><strong>Composition<\/strong>: 100% Polyester base<br \/>\n+ PVC treatment<\/td>\n<\/tr>\n<\/tbody>\n<\/table>\n","protected":false},"featured_media":16842,"template":"","meta":{"_acf_changed":false},"product_brand":[],"product_cat":[893,981,1233,1200,1234],"product_tag":[],"class_list":{"0":"post-17399","1":"product","2":"type-product","3":"status-publish","4":"has-post-thumbnail","6":"product_cat-stage-and-events-material","7":"product_cat-decorative-fabrics","8":"product_cat-pvc-decorative-material","9":"product_cat-projection-screens-pvc-canvas","10":"product_cat-miscellaneous-pvc","11":"pa_couleurs-002-en","12":"pa_couleurs-003-en","13":"pa_couleurs-110-en","14":"pa_couleurs-250-en","15":"pa_couleurs-765-en","16":"pa_groupes-de-couleurs-white","17":"pa_groupes-de-couleurs-blue","18":"pa_groupes-de-couleurs-greys","19":"pa_groupes-de-couleurs-black","20":"pa_groupes-de-couleurs-red","21":"pa_textiles-suitable-for-outdoors-use","22":"pa_textiles-flame-retardant-rated","23":"pa_textiles-acoustic-insulation","24":"pa_textiles-washable","25":"pa_textiles-great-value","27":"first","28":"instock","29":"shipping-taxable","30":"purchasable","31":"product-type-variable"},"acf":[],"yoast_head":"<!-- This site is optimized with the Yoast SEO plugin v27.3 - https:\/\/yoast.com\/product\/yoast-seo-wordpress\/ -->\n<title>Standex Soft - Azur Scenic<\/title>\n<meta name=\"robots\" content=\"index, follow, max-snippet:-1, max-image-preview:large, max-video-preview:-1\" \/>\n<link rel=\"canonical\" href=\"https:\/\/www.azur-scenic.com\/en\/product\/standex-soft\/\" \/>\n<meta property=\"og:locale\" content=\"en_US\" \/>\n<meta property=\"og:type\" content=\"article\" \/>\n<meta property=\"og:title\" content=\"Standex Soft - Azur Scenic\" \/>\n<meta property=\"og:description\" content=\"Polyester weave with PVC treatment on 1 side, Standex Soft is a waterproof material. M1 flame-retardant rated, washable and very hard-wearing, this textile is suitable for use indoors and outdoors. Perfect for dressing stage flats using staples, it can also be used for set and stage design, for making sheaths for covering structures, and more... The treated side of Standex is plain, with a smooth, fine finish and available in 3 colours, while the overside offers a woven look. \u00a0  Width: 220 cm Weight: 260 g\/m\u00b2  Flame-retardant rating: M1 Composition: 100% Polyester base + PVC treatment\" \/>\n<meta property=\"og:url\" content=\"https:\/\/www.azur-scenic.com\/en\/product\/standex-soft\/\" \/>\n<meta property=\"og:site_name\" content=\"Azur Scenic\" \/>\n<meta property=\"article:modified_time\" content=\"2023-08-02T12:53:12+00:00\" \/>\n<meta property=\"og:image\" content=\"https:\/\/www.azur-scenic.com\/wp-content\/uploads\/STANDEX-SOFT-BLANC-scaled.jpg\" \/>\n\t<meta property=\"og:image:width\" content=\"2560\" \/>\n\t<meta property=\"og:image:height\" content=\"2560\" \/>\n\t<meta property=\"og:image:type\" content=\"image\/jpeg\" \/>\n<meta name=\"twitter:card\" content=\"summary_large_image\" \/>\n<script type=\"application\/ld+json\" class=\"yoast-schema-graph\">{\"@context\":\"https:\\\/\\\/schema.org\",\"@graph\":[{\"@type\":\"WebPage\",\"@id\":\"https:\\\/\\\/www.azur-scenic.com\\\/en\\\/product\\\/standex-soft\\\/\",\"url\":\"https:\\\/\\\/www.azur-scenic.com\\\/en\\\/product\\\/standex-soft\\\/\",\"name\":\"Standex Soft - Azur Scenic\",\"isPartOf\":{\"@id\":\"https:\\\/\\\/www.azur-scenic.com\\\/en\\\/#website\"},\"primaryImageOfPage\":{\"@id\":\"https:\\\/\\\/www.azur-scenic.com\\\/en\\\/product\\\/standex-soft\\\/#primaryimage\"},\"image\":{\"@id\":\"https:\\\/\\\/www.azur-scenic.com\\\/en\\\/product\\\/standex-soft\\\/#primaryimage\"},\"thumbnailUrl\":\"https:\\\/\\\/www.azur-scenic.com\\\/wp-content\\\/uploads\\\/STANDEX-SOFT-BLANC-scaled.jpg\",\"datePublished\":\"2022-10-04T07:28:25+00:00\",\"dateModified\":\"2023-08-02T12:53:12+00:00\",\"breadcrumb\":{\"@id\":\"https:\\\/\\\/www.azur-scenic.com\\\/en\\\/product\\\/standex-soft\\\/#breadcrumb\"},\"inLanguage\":\"en-US\",\"potentialAction\":[{\"@type\":\"ReadAction\",\"target\":[\"https:\\\/\\\/www.azur-scenic.com\\\/en\\\/product\\\/standex-soft\\\/\"]}]},{\"@type\":\"ImageObject\",\"inLanguage\":\"en-US\",\"@id\":\"https:\\\/\\\/www.azur-scenic.com\\\/en\\\/product\\\/standex-soft\\\/#primaryimage\",\"url\":\"https:\\\/\\\/www.azur-scenic.com\\\/wp-content\\\/uploads\\\/STANDEX-SOFT-BLANC-scaled.jpg\",\"contentUrl\":\"https:\\\/\\\/www.azur-scenic.com\\\/wp-content\\\/uploads\\\/STANDEX-SOFT-BLANC-scaled.jpg\",\"width\":2560,\"height\":2560,\"caption\":\"STANDEX SOFT BLANC\"},{\"@type\":\"BreadcrumbList\",\"@id\":\"https:\\\/\\\/www.azur-scenic.com\\\/en\\\/product\\\/standex-soft\\\/#breadcrumb\",\"itemListElement\":[{\"@type\":\"ListItem\",\"position\":1,\"name\":\"Accueil\",\"item\":\"https:\\\/\\\/www.azur-scenic.com\\\/en\\\/\"},{\"@type\":\"ListItem\",\"position\":2,\"name\":\"Produits\",\"item\":\"https:\\\/\\\/www.azur-scenic.com\\\/en\\\/?page_id=21438\"},{\"@type\":\"ListItem\",\"position\":3,\"name\":\"Standex Soft\"}]},{\"@type\":\"WebSite\",\"@id\":\"https:\\\/\\\/www.azur-scenic.com\\\/en\\\/#website\",\"url\":\"https:\\\/\\\/www.azur-scenic.com\\\/en\\\/\",\"name\":\"Azur Scenic\",\"description\":\"Sp\u00e9cialiste de l\u2019\u00e9quipement sc\u00e9nique et de la d\u00e9coration int\u00e9rieure et \u00e9v\u00e9nementielle !\",\"publisher\":{\"@id\":\"https:\\\/\\\/www.azur-scenic.com\\\/en\\\/#organization\"},\"potentialAction\":[{\"@type\":\"SearchAction\",\"target\":{\"@type\":\"EntryPoint\",\"urlTemplate\":\"https:\\\/\\\/www.azur-scenic.com\\\/en\\\/?s={search_term_string}\"},\"query-input\":{\"@type\":\"PropertyValueSpecification\",\"valueRequired\":true,\"valueName\":\"search_term_string\"}}],\"inLanguage\":\"en-US\"},{\"@type\":\"Organization\",\"@id\":\"https:\\\/\\\/www.azur-scenic.com\\\/en\\\/#organization\",\"name\":\"AZUR SCENIC\",\"url\":\"https:\\\/\\\/www.azur-scenic.com\\\/en\\\/\",\"logo\":{\"@type\":\"ImageObject\",\"inLanguage\":\"en-US\",\"@id\":\"https:\\\/\\\/www.azur-scenic.com\\\/en\\\/#\\\/schema\\\/logo\\\/image\\\/\",\"url\":\"https:\\\/\\\/www.azur-scenic.com\\\/wp-content\\\/uploads\\\/2022\\\/09\\\/LOGO-AZUR-SCENIC-Fusion-web-236x64-1.jpg\",\"contentUrl\":\"https:\\\/\\\/www.azur-scenic.com\\\/wp-content\\\/uploads\\\/2022\\\/09\\\/LOGO-AZUR-SCENIC-Fusion-web-236x64-1.jpg\",\"width\":236,\"height\":64,\"caption\":\"AZUR SCENIC\"},\"image\":{\"@id\":\"https:\\\/\\\/www.azur-scenic.com\\\/en\\\/#\\\/schema\\\/logo\\\/image\\\/\"},\"sameAs\":[\"https:\\\/\\\/www.youtube.com\\\/channel\\\/UCPWM2mGPVUt4nYhNlm71WOA\",\"https:\\\/\\\/www.linkedin.com\\\/company\\\/33237605\\\/admin\\\/feed\\\/posts\\\/\"]}]}<\/script>\n<!-- \/ Yoast SEO plugin. -->","yoast_head_json":{"title":"Standex Soft - Azur Scenic","robots":{"index":"index","follow":"follow","max-snippet":"max-snippet:-1","max-image-preview":"max-image-preview:large","max-video-preview":"max-video-preview:-1"},"canonical":"https:\/\/www.azur-scenic.com\/en\/product\/standex-soft\/","og_locale":"en_US","og_type":"article","og_title":"Standex Soft - Azur Scenic","og_description":"Polyester weave with PVC treatment on 1 side, Standex Soft is a waterproof material. M1 flame-retardant rated, washable and very hard-wearing, this textile is suitable for use indoors and outdoors. Perfect for dressing stage flats using staples, it can also be used for set and stage design, for making sheaths for covering structures, and more... The treated side of Standex is plain, with a smooth, fine finish and available in 3 colours, while the overside offers a woven look. \u00a0  Width: 220 cm Weight: 260 g\/m\u00b2  Flame-retardant rating: M1 Composition: 100% Polyester base + PVC treatment","og_url":"https:\/\/www.azur-scenic.com\/en\/product\/standex-soft\/","og_site_name":"Azur Scenic","article_modified_time":"2023-08-02T12:53:12+00:00","og_image":[{"width":2560,"height":2560,"url":"https:\/\/www.azur-scenic.com\/wp-content\/uploads\/STANDEX-SOFT-BLANC-scaled.jpg","type":"image\/jpeg"}],"twitter_card":"summary_large_image","schema":{"@context":"https:\/\/schema.org","@graph":[{"@type":"WebPage","@id":"https:\/\/www.azur-scenic.com\/en\/product\/standex-soft\/","url":"https:\/\/www.azur-scenic.com\/en\/product\/standex-soft\/","name":"Standex Soft - Azur Scenic","isPartOf":{"@id":"https:\/\/www.azur-scenic.com\/en\/#website"},"primaryImageOfPage":{"@id":"https:\/\/www.azur-scenic.com\/en\/product\/standex-soft\/#primaryimage"},"image":{"@id":"https:\/\/www.azur-scenic.com\/en\/product\/standex-soft\/#primaryimage"},"thumbnailUrl":"https:\/\/www.azur-scenic.com\/wp-content\/uploads\/STANDEX-SOFT-BLANC-scaled.jpg","datePublished":"2022-10-04T07:28:25+00:00","dateModified":"2023-08-02T12:53:12+00:00","breadcrumb":{"@id":"https:\/\/www.azur-scenic.com\/en\/product\/standex-soft\/#breadcrumb"},"inLanguage":"en-US","potentialAction":[{"@type":"ReadAction","target":["https:\/\/www.azur-scenic.com\/en\/product\/standex-soft\/"]}]},{"@type":"ImageObject","inLanguage":"en-US","@id":"https:\/\/www.azur-scenic.com\/en\/product\/standex-soft\/#primaryimage","url":"https:\/\/www.azur-scenic.com\/wp-content\/uploads\/STANDEX-SOFT-BLANC-scaled.jpg","contentUrl":"https:\/\/www.azur-scenic.com\/wp-content\/uploads\/STANDEX-SOFT-BLANC-scaled.jpg","width":2560,"height":2560,"caption":"STANDEX SOFT BLANC"},{"@type":"BreadcrumbList","@id":"https:\/\/www.azur-scenic.com\/en\/product\/standex-soft\/#breadcrumb","itemListElement":[{"@type":"ListItem","position":1,"name":"Accueil","item":"https:\/\/www.azur-scenic.com\/en\/"},{"@type":"ListItem","position":2,"name":"Produits","item":"https:\/\/www.azur-scenic.com\/en\/?page_id=21438"},{"@type":"ListItem","position":3,"name":"Standex Soft"}]},{"@type":"WebSite","@id":"https:\/\/www.azur-scenic.com\/en\/#website","url":"https:\/\/www.azur-scenic.com\/en\/","name":"Azur Scenic","description":"Sp\u00e9cialiste de l\u2019\u00e9quipement sc\u00e9nique et de la d\u00e9coration int\u00e9rieure et \u00e9v\u00e9nementielle !","publisher":{"@id":"https:\/\/www.azur-scenic.com\/en\/#organization"},"potentialAction":[{"@type":"SearchAction","target":{"@type":"EntryPoint","urlTemplate":"https:\/\/www.azur-scenic.com\/en\/?s={search_term_string}"},"query-input":{"@type":"PropertyValueSpecification","valueRequired":true,"valueName":"search_term_string"}}],"inLanguage":"en-US"},{"@type":"Organization","@id":"https:\/\/www.azur-scenic.com\/en\/#organization","name":"AZUR SCENIC","url":"https:\/\/www.azur-scenic.com\/en\/","logo":{"@type":"ImageObject","inLanguage":"en-US","@id":"https:\/\/www.azur-scenic.com\/en\/#\/schema\/logo\/image\/","url":"https:\/\/www.azur-scenic.com\/wp-content\/uploads\/2022\/09\/LOGO-AZUR-SCENIC-Fusion-web-236x64-1.jpg","contentUrl":"https:\/\/www.azur-scenic.com\/wp-content\/uploads\/2022\/09\/LOGO-AZUR-SCENIC-Fusion-web-236x64-1.jpg","width":236,"height":64,"caption":"AZUR SCENIC"},"image":{"@id":"https:\/\/www.azur-scenic.com\/en\/#\/schema\/logo\/image\/"},"sameAs":["https:\/\/www.youtube.com\/channel\/UCPWM2mGPVUt4nYhNlm71WOA","https:\/\/www.linkedin.com\/company\/33237605\/admin\/feed\/posts\/"]}]}},"_links":{"self":[{"href":"https:\/\/www.azur-scenic.com\/en\/wp-json\/wp\/v2\/product\/17399","targetHints":{"allow":["GET"]}}],"collection":[{"href":"https:\/\/www.azur-scenic.com\/en\/wp-json\/wp\/v2\/product"}],"about":[{"href":"https:\/\/www.azur-scenic.com\/en\/wp-json\/wp\/v2\/types\/product"}],"wp:featuredmedia":[{"embeddable":true,"href":"https:\/\/www.azur-scenic.com\/en\/wp-json\/wp\/v2\/media\/16842"}],"wp:attachment":[{"href":"https:\/\/www.azur-scenic.com\/en\/wp-json\/wp\/v2\/media?parent=17399"}],"wp:term":[{"taxonomy":"product_brand","embeddable":true,"href":"https:\/\/www.azur-scenic.com\/en\/wp-json\/wp\/v2\/product_brand?post=17399"},{"taxonomy":"product_cat","embeddable":true,"href":"https:\/\/www.azur-scenic.com\/en\/wp-json\/wp\/v2\/product_cat?post=17399"},{"taxonomy":"product_tag","embeddable":true,"href":"https:\/\/www.azur-scenic.com\/en\/wp-json\/wp\/v2\/product_tag?post=17399"}],"curies":[{"name":"wp","href":"https:\/\/api.w.org\/{rel}","templated":true}]}}