{"id":17417,"date":"2022-10-04T07:28:25","date_gmt":"2022-10-04T07:28:25","guid":{"rendered":"https:\/\/www.azur-scenic.com\/produit\/tulle-gobelin-mat-cs\/"},"modified":"2024-10-10T11:57:03","modified_gmt":"2024-10-10T11:57:03","slug":"gobelin-mat-cs-scrim","status":"publish","type":"product","link":"https:\/\/www.azur-scenic.com\/en\/product\/gobelin-mat-cs-scrim\/","title":{"rendered":"Gobelin Mat CS Scrim"},"content":{"rendered":"<table>\n<thead>\n<tr>\n<th style=\"width: 170px;\">Technical data<\/th>\n<th>Value<\/th>\n<th>Notes<\/th>\n<\/tr>\n<\/thead>\n<tbody>\n<tr>\n<td style=\"vertical-align: top;\">Mesh size<\/td>\n<td style=\"vertical-align: top;\">4 x 2 mm<\/td>\n<td style=\"vertical-align: top;\">Sharkstooth mesh with 2-ply weave<\/td>\n<\/tr>\n<tr>\n<td style=\"vertical-align: top;\">Width<\/td>\n<td style=\"vertical-align: top;\">600 cm<\/td>\n<td>&nbsp;<\/td>\n<\/tr>\n<tr>\n<td style=\"vertical-align: top;\">Weight<\/td>\n<td style=\"vertical-align: top;\">120 g\/m\u00b2<\/td>\n<td>&nbsp;<\/td>\n<\/tr>\n<tr>\n<td style=\"vertical-align: top;\">Thickness<\/td>\n<td style=\"vertical-align: top;\">0.93 mm<\/td>\n<td>&nbsp;<\/td>\n<\/tr>\n<tr>\n<td style=\"vertical-align: top;\">Flame-retardant rating<\/td>\n<td style=\"vertical-align: top;\"><img decoding=\"async\" style=\"height: 20px; width: 20px;\" src=\"https:\/\/www.azur-scenic.com\/wp-content\/uploads\/icon-flag-france.png?1542281963\" \/> M1<\/td>\n<td>Standard: NF P 92-503-507<\/td>\n<\/tr>\n<tr>\n<td style=\"vertical-align: top;\">Composition<\/td>\n<td style=\"vertical-align: top;\" colspan=\"2\" rowspan=\"1\">100% FR Polyester<\/td>\n<\/tr>\n<tr>\n<td style=\"vertical-align: top;\">Roll length<\/td>\n<td style=\"vertical-align: top;\">\u00b1 50 &#8211; 70 m<\/td>\n<td style=\"vertical-align: top;\">Rolled centre-folded (in 3\u00a0m)<br \/>\nCut-to-length possible<\/td>\n<\/tr>\n<\/tbody>\n<\/table>\n","protected":false},"excerpt":{"rendered":"<p><strong><em>This product is offered as a discontinued product while stocks last in white color only. <\/em><\/strong><br \/>\n<strong><em>The M1 certificate was issued in 2018 and has not been renewed. <\/em><\/strong><br \/>\n<strong><em>As a substitute, see the reference <a href=\"https:\/\/www.azur-scenic.com\/en\/product\/gobelin-cs-scrim\/\">Gobelin CS Scrim<\/a>. <\/em><\/strong><\/p>\n<p>The <span style=\"color: #f88523;\"><strong>waterproof<\/strong><\/span> version of the superb Gobelin scrim!<br \/>\nIn FR polyester, this <span style=\"color: #f88523;\"><strong>ultra-matte finish<\/strong><\/span> scrim is rated <span style=\"color: #f88523;\"><strong>M1<\/strong><\/span> and is <span style=\"color: #f88523;\"><strong>washable<\/strong><\/span> without losing its flame-retardant properties, meaning it can be used both indoors and <span style=\"color: #f88523;\"><strong>outdoors<\/strong><\/span>.<\/p>\n<p>With its rectangular sharkstooth scrim, this <span style=\"color: #f88523;\"><strong>stage scrim<\/strong><\/span> is ideal for theatrical <span style=\"color: #f88523;\"><strong>apparition and disappearing special effects<\/strong><\/span>.<br \/>\nBy playing with the lighting, you can make the elements positioned behind the scrim appear &#8211; the back lighting making the scrim see-through &#8211; or disappear completely from the spectators\u2019 view &#8211; front and\/or side lighting making the scrim opaque.<br \/>\nIt can also be used as a creative <span style=\"color: #f88523;\"><strong>front-projection<\/strong><\/span> and <span style=\"color: #f88523;\"><strong>rear-projection screen<\/strong><\/span>, or used in two layers to create <span style=\"color: #f88523;\"><strong>shimmering effects<\/strong><\/span>.<br \/>\nIt can also be <span style=\"color: #f88523;\"><strong>painted<\/strong><\/span> to create the most grandiose sets and scenery.<br \/>\nLike most scrim materials, it lets sound through, offering <span style=\"color: #f88523;\"><strong>perfect acoustic transparency<\/strong><\/span>, and can also be installed in front of speakers without problems.<\/p>\n<p>&nbsp;<\/p>\n<table class=\"table\">\n<tbody>\n<tr>\n<td><strong>Width<\/strong>: 600 cm<\/td>\n<td><strong>Weight<\/strong>: 120 g\/m\u00b2<\/td>\n<\/tr>\n<tr>\n<td><strong>Flame-retardant rating<\/strong>: <img decoding=\"async\" style=\"height: 20px; width: 20px;\" src=\"https:\/\/www.azur-scenic.com\/wp-content\/uploads\/icon-flag-france.png?1542281963\" \/> M1<\/td>\n<td><strong>Composition<\/strong>: 100% FR Polyester<\/td>\n<\/tr>\n<\/tbody>\n<\/table>\n","protected":false},"featured_media":13887,"template":"","meta":{"_acf_changed":false},"product_brand":[],"product_cat":[898,893,1126,979,1127],"product_tag":[],"class_list":{"0":"post-17417","1":"product","2":"type-product","3":"status-publish","4":"has-post-thumbnail","6":"product_cat-all-products","7":"product_cat-stage-and-events-material","8":"product_cat-scrims-and-gauzes","9":"product_cat-acoustic-solutions","10":"product_cat-acoustic-transparency","11":"pa_couleurs-002-en","12":"pa_groupes-de-couleurs-white","13":"pa_textiles-suitable-for-outdoors-use","14":"pa_textiles-flame-retardant-rated","15":"pa_textiles-special-effects","16":"pa_textiles-washable","17":"pa_textiles-front-projection","18":"pa_textiles-rear-projection","19":"pa_textiles-acoustic-transparency","20":"pa_textiles-transparent-and-translucent","21":"pa_textiles-very-large-width","23":"first","24":"instock","25":"shipping-taxable","26":"purchasable","27":"product-type-variable"},"acf":[],"yoast_head":"<!-- This site is optimized with the Yoast SEO plugin v27.1.1 - https:\/\/yoast.com\/product\/yoast-seo-wordpress\/ -->\n<title>Gobelin Mat CS Scrim - Azur Scenic<\/title>\n<meta name=\"robots\" content=\"index, follow, max-snippet:-1, max-image-preview:large, max-video-preview:-1\" \/>\n<link rel=\"canonical\" href=\"https:\/\/www.azur-scenic.com\/en\/product\/gobelin-mat-cs-scrim\/\" \/>\n<meta property=\"og:locale\" content=\"en_US\" \/>\n<meta property=\"og:type\" content=\"article\" \/>\n<meta property=\"og:title\" content=\"Gobelin Mat CS Scrim - Azur Scenic\" \/>\n<meta property=\"og:description\" content=\"This product is offered as a discontinued product while stocks last in white color only.  The M1 certificate was issued in 2018 and has not been renewed.  As a substitute, see the reference Gobelin CS Scrim.  The waterproof version of the superb Gobelin scrim! In FR polyester, this ultra-matte finish scrim is rated M1 and is washable without losing its flame-retardant properties, meaning it can be used both indoors and outdoors. With its rectangular sharkstooth scrim, this stage scrim is ideal for theatrical apparition and disappearing special effects. By playing with the lighting, you can make the elements positioned behind the scrim appear - the back lighting making the scrim see-through - or disappear completely from the spectators\u2019 view - front and\/or side lighting making the scrim opaque. It can also be used as a creative front-projection and rear-projection screen, or used in two layers to create shimmering effects. It can also be painted to create the most grandiose sets and scenery. Like most scrim materials, it lets sound through, offering perfect acoustic transparency, and can also be installed in front of speakers without problems. &nbsp;    Width: 600 cm Weight: 120 g\/m\u00b2   Flame-retardant rating: M1 Composition: 100% FR Polyester\" \/>\n<meta property=\"og:url\" content=\"https:\/\/www.azur-scenic.com\/en\/product\/gobelin-mat-cs-scrim\/\" \/>\n<meta property=\"og:site_name\" content=\"Azur Scenic\" \/>\n<meta property=\"article:modified_time\" content=\"2024-10-10T11:57:03+00:00\" \/>\n<meta property=\"og:image\" content=\"https:\/\/www.azur-scenic.com\/wp-content\/uploads\/GOBELIN-CS-MAT-BLANC-scaled.jpg\" \/>\n\t<meta property=\"og:image:width\" content=\"2560\" \/>\n\t<meta property=\"og:image:height\" content=\"2560\" \/>\n\t<meta property=\"og:image:type\" content=\"image\/jpeg\" \/>\n<meta name=\"twitter:card\" content=\"summary_large_image\" \/>\n<meta name=\"twitter:label1\" content=\"Est. reading time\" \/>\n\t<meta name=\"twitter:data1\" content=\"1 minute\" \/>\n<script type=\"application\/ld+json\" class=\"yoast-schema-graph\">{\"@context\":\"https:\/\/schema.org\",\"@graph\":[{\"@type\":\"WebPage\",\"@id\":\"https:\/\/www.azur-scenic.com\/en\/product\/gobelin-mat-cs-scrim\/\",\"url\":\"https:\/\/www.azur-scenic.com\/en\/product\/gobelin-mat-cs-scrim\/\",\"name\":\"Gobelin Mat CS Scrim - Azur Scenic\",\"isPartOf\":{\"@id\":\"https:\/\/www.azur-scenic.com\/en\/#website\"},\"primaryImageOfPage\":{\"@id\":\"https:\/\/www.azur-scenic.com\/en\/product\/gobelin-mat-cs-scrim\/#primaryimage\"},\"image\":{\"@id\":\"https:\/\/www.azur-scenic.com\/en\/product\/gobelin-mat-cs-scrim\/#primaryimage\"},\"thumbnailUrl\":\"https:\/\/www.azur-scenic.com\/wp-content\/uploads\/GOBELIN-CS-MAT-BLANC-scaled.jpg\",\"datePublished\":\"2022-10-04T07:28:25+00:00\",\"dateModified\":\"2024-10-10T11:57:03+00:00\",\"breadcrumb\":{\"@id\":\"https:\/\/www.azur-scenic.com\/en\/product\/gobelin-mat-cs-scrim\/#breadcrumb\"},\"inLanguage\":\"en-US\",\"potentialAction\":[{\"@type\":\"ReadAction\",\"target\":[\"https:\/\/www.azur-scenic.com\/en\/product\/gobelin-mat-cs-scrim\/\"]}]},{\"@type\":\"ImageObject\",\"inLanguage\":\"en-US\",\"@id\":\"https:\/\/www.azur-scenic.com\/en\/product\/gobelin-mat-cs-scrim\/#primaryimage\",\"url\":\"https:\/\/www.azur-scenic.com\/wp-content\/uploads\/GOBELIN-CS-MAT-BLANC-scaled.jpg\",\"contentUrl\":\"https:\/\/www.azur-scenic.com\/wp-content\/uploads\/GOBELIN-CS-MAT-BLANC-scaled.jpg\",\"width\":2560,\"height\":2560,\"caption\":\"TULLE GOBELIN CS MAT BLANC\"},{\"@type\":\"BreadcrumbList\",\"@id\":\"https:\/\/www.azur-scenic.com\/en\/product\/gobelin-mat-cs-scrim\/#breadcrumb\",\"itemListElement\":[{\"@type\":\"ListItem\",\"position\":1,\"name\":\"Accueil\",\"item\":\"https:\/\/www.azur-scenic.com\/en\/\"},{\"@type\":\"ListItem\",\"position\":2,\"name\":\"Produits\",\"item\":\"https:\/\/www.azur-scenic.com\/en\/?page_id=21438\"},{\"@type\":\"ListItem\",\"position\":3,\"name\":\"Gobelin Mat CS Scrim\"}]},{\"@type\":\"WebSite\",\"@id\":\"https:\/\/www.azur-scenic.com\/en\/#website\",\"url\":\"https:\/\/www.azur-scenic.com\/en\/\",\"name\":\"Azur Scenic\",\"description\":\"Sp\u00e9cialiste de l\u2019\u00e9quipement sc\u00e9nique et de la d\u00e9coration int\u00e9rieure et \u00e9v\u00e9nementielle !\",\"publisher\":{\"@id\":\"https:\/\/www.azur-scenic.com\/en\/#organization\"},\"potentialAction\":[{\"@type\":\"SearchAction\",\"target\":{\"@type\":\"EntryPoint\",\"urlTemplate\":\"https:\/\/www.azur-scenic.com\/en\/?s={search_term_string}\"},\"query-input\":{\"@type\":\"PropertyValueSpecification\",\"valueRequired\":true,\"valueName\":\"search_term_string\"}}],\"inLanguage\":\"en-US\"},{\"@type\":\"Organization\",\"@id\":\"https:\/\/www.azur-scenic.com\/en\/#organization\",\"name\":\"AZUR SCENIC\",\"url\":\"https:\/\/www.azur-scenic.com\/en\/\",\"logo\":{\"@type\":\"ImageObject\",\"inLanguage\":\"en-US\",\"@id\":\"https:\/\/www.azur-scenic.com\/en\/#\/schema\/logo\/image\/\",\"url\":\"https:\/\/www.azur-scenic.com\/wp-content\/uploads\/2022\/09\/LOGO-AZUR-SCENIC-Fusion-web-236x64-1.jpg\",\"contentUrl\":\"https:\/\/www.azur-scenic.com\/wp-content\/uploads\/2022\/09\/LOGO-AZUR-SCENIC-Fusion-web-236x64-1.jpg\",\"width\":236,\"height\":64,\"caption\":\"AZUR SCENIC\"},\"image\":{\"@id\":\"https:\/\/www.azur-scenic.com\/en\/#\/schema\/logo\/image\/\"},\"sameAs\":[\"https:\/\/www.youtube.com\/channel\/UCPWM2mGPVUt4nYhNlm71WOA\",\"https:\/\/www.linkedin.com\/company\/33237605\/admin\/feed\/posts\/\"]}]}<\/script>\n<!-- \/ Yoast SEO plugin. -->","yoast_head_json":{"title":"Gobelin Mat CS Scrim - Azur Scenic","robots":{"index":"index","follow":"follow","max-snippet":"max-snippet:-1","max-image-preview":"max-image-preview:large","max-video-preview":"max-video-preview:-1"},"canonical":"https:\/\/www.azur-scenic.com\/en\/product\/gobelin-mat-cs-scrim\/","og_locale":"en_US","og_type":"article","og_title":"Gobelin Mat CS Scrim - Azur Scenic","og_description":"This product is offered as a discontinued product while stocks last in white color only.  The M1 certificate was issued in 2018 and has not been renewed.  As a substitute, see the reference Gobelin CS Scrim.  The waterproof version of the superb Gobelin scrim! In FR polyester, this ultra-matte finish scrim is rated M1 and is washable without losing its flame-retardant properties, meaning it can be used both indoors and outdoors. With its rectangular sharkstooth scrim, this stage scrim is ideal for theatrical apparition and disappearing special effects. By playing with the lighting, you can make the elements positioned behind the scrim appear - the back lighting making the scrim see-through - or disappear completely from the spectators\u2019 view - front and\/or side lighting making the scrim opaque. It can also be used as a creative front-projection and rear-projection screen, or used in two layers to create shimmering effects. It can also be painted to create the most grandiose sets and scenery. Like most scrim materials, it lets sound through, offering perfect acoustic transparency, and can also be installed in front of speakers without problems. &nbsp;    Width: 600 cm Weight: 120 g\/m\u00b2   Flame-retardant rating: M1 Composition: 100% FR Polyester","og_url":"https:\/\/www.azur-scenic.com\/en\/product\/gobelin-mat-cs-scrim\/","og_site_name":"Azur Scenic","article_modified_time":"2024-10-10T11:57:03+00:00","og_image":[{"width":2560,"height":2560,"url":"https:\/\/www.azur-scenic.com\/wp-content\/uploads\/GOBELIN-CS-MAT-BLANC-scaled.jpg","type":"image\/jpeg"}],"twitter_card":"summary_large_image","twitter_misc":{"Est. reading time":"1 minute"},"schema":{"@context":"https:\/\/schema.org","@graph":[{"@type":"WebPage","@id":"https:\/\/www.azur-scenic.com\/en\/product\/gobelin-mat-cs-scrim\/","url":"https:\/\/www.azur-scenic.com\/en\/product\/gobelin-mat-cs-scrim\/","name":"Gobelin Mat CS Scrim - Azur Scenic","isPartOf":{"@id":"https:\/\/www.azur-scenic.com\/en\/#website"},"primaryImageOfPage":{"@id":"https:\/\/www.azur-scenic.com\/en\/product\/gobelin-mat-cs-scrim\/#primaryimage"},"image":{"@id":"https:\/\/www.azur-scenic.com\/en\/product\/gobelin-mat-cs-scrim\/#primaryimage"},"thumbnailUrl":"https:\/\/www.azur-scenic.com\/wp-content\/uploads\/GOBELIN-CS-MAT-BLANC-scaled.jpg","datePublished":"2022-10-04T07:28:25+00:00","dateModified":"2024-10-10T11:57:03+00:00","breadcrumb":{"@id":"https:\/\/www.azur-scenic.com\/en\/product\/gobelin-mat-cs-scrim\/#breadcrumb"},"inLanguage":"en-US","potentialAction":[{"@type":"ReadAction","target":["https:\/\/www.azur-scenic.com\/en\/product\/gobelin-mat-cs-scrim\/"]}]},{"@type":"ImageObject","inLanguage":"en-US","@id":"https:\/\/www.azur-scenic.com\/en\/product\/gobelin-mat-cs-scrim\/#primaryimage","url":"https:\/\/www.azur-scenic.com\/wp-content\/uploads\/GOBELIN-CS-MAT-BLANC-scaled.jpg","contentUrl":"https:\/\/www.azur-scenic.com\/wp-content\/uploads\/GOBELIN-CS-MAT-BLANC-scaled.jpg","width":2560,"height":2560,"caption":"TULLE GOBELIN CS MAT BLANC"},{"@type":"BreadcrumbList","@id":"https:\/\/www.azur-scenic.com\/en\/product\/gobelin-mat-cs-scrim\/#breadcrumb","itemListElement":[{"@type":"ListItem","position":1,"name":"Accueil","item":"https:\/\/www.azur-scenic.com\/en\/"},{"@type":"ListItem","position":2,"name":"Produits","item":"https:\/\/www.azur-scenic.com\/en\/?page_id=21438"},{"@type":"ListItem","position":3,"name":"Gobelin Mat CS Scrim"}]},{"@type":"WebSite","@id":"https:\/\/www.azur-scenic.com\/en\/#website","url":"https:\/\/www.azur-scenic.com\/en\/","name":"Azur Scenic","description":"Sp\u00e9cialiste de l\u2019\u00e9quipement sc\u00e9nique et de la d\u00e9coration int\u00e9rieure et \u00e9v\u00e9nementielle !","publisher":{"@id":"https:\/\/www.azur-scenic.com\/en\/#organization"},"potentialAction":[{"@type":"SearchAction","target":{"@type":"EntryPoint","urlTemplate":"https:\/\/www.azur-scenic.com\/en\/?s={search_term_string}"},"query-input":{"@type":"PropertyValueSpecification","valueRequired":true,"valueName":"search_term_string"}}],"inLanguage":"en-US"},{"@type":"Organization","@id":"https:\/\/www.azur-scenic.com\/en\/#organization","name":"AZUR SCENIC","url":"https:\/\/www.azur-scenic.com\/en\/","logo":{"@type":"ImageObject","inLanguage":"en-US","@id":"https:\/\/www.azur-scenic.com\/en\/#\/schema\/logo\/image\/","url":"https:\/\/www.azur-scenic.com\/wp-content\/uploads\/2022\/09\/LOGO-AZUR-SCENIC-Fusion-web-236x64-1.jpg","contentUrl":"https:\/\/www.azur-scenic.com\/wp-content\/uploads\/2022\/09\/LOGO-AZUR-SCENIC-Fusion-web-236x64-1.jpg","width":236,"height":64,"caption":"AZUR SCENIC"},"image":{"@id":"https:\/\/www.azur-scenic.com\/en\/#\/schema\/logo\/image\/"},"sameAs":["https:\/\/www.youtube.com\/channel\/UCPWM2mGPVUt4nYhNlm71WOA","https:\/\/www.linkedin.com\/company\/33237605\/admin\/feed\/posts\/"]}]}},"_links":{"self":[{"href":"https:\/\/www.azur-scenic.com\/en\/wp-json\/wp\/v2\/product\/17417","targetHints":{"allow":["GET"]}}],"collection":[{"href":"https:\/\/www.azur-scenic.com\/en\/wp-json\/wp\/v2\/product"}],"about":[{"href":"https:\/\/www.azur-scenic.com\/en\/wp-json\/wp\/v2\/types\/product"}],"wp:featuredmedia":[{"embeddable":true,"href":"https:\/\/www.azur-scenic.com\/en\/wp-json\/wp\/v2\/media\/13887"}],"wp:attachment":[{"href":"https:\/\/www.azur-scenic.com\/en\/wp-json\/wp\/v2\/media?parent=17417"}],"wp:term":[{"taxonomy":"product_brand","embeddable":true,"href":"https:\/\/www.azur-scenic.com\/en\/wp-json\/wp\/v2\/product_brand?post=17417"},{"taxonomy":"product_cat","embeddable":true,"href":"https:\/\/www.azur-scenic.com\/en\/wp-json\/wp\/v2\/product_cat?post=17417"},{"taxonomy":"product_tag","embeddable":true,"href":"https:\/\/www.azur-scenic.com\/en\/wp-json\/wp\/v2\/product_tag?post=17417"}],"curies":[{"name":"wp","href":"https:\/\/api.w.org\/{rel}","templated":true}]}}