{"id":17420,"date":"2022-10-04T07:28:15","date_gmt":"2022-10-04T07:28:15","guid":{"rendered":"https:\/\/www.azur-scenic.com\/produit\/crochet-side-tuv-250kg\/"},"modified":"2023-08-02T12:58:07","modified_gmt":"2023-08-02T12:58:07","slug":"side-bracket-tuv-250-kg","status":"publish","type":"product","link":"https:\/\/www.azur-scenic.com\/en\/product\/side-bracket-tuv-250-kg\/","title":{"rendered":"Side bracket TUV 250 kg"},"content":{"rendered":"<p><p>Tube \u00d8: 48-51 mm<br \/>\nMax. load: 250 kg<br \/>\nMounting thread: M12<br \/>\nHanging thread: M10<br \/>\nComposition: Aluminium 6061 T6<br \/>\nUnit weight: 500 g<br \/>\nSupplied in: pack of 20<br \/>\n(available individually)<\/p><\/p>\n","protected":false},"excerpt":{"rendered":"<p>Side bracket TUV 250\u00a0kg for mounting on tube \u00d8 50 mm.<\/p>\n<p>Max. load: 250 kg.<\/p>\n<p>Colour: Black or Silver.<\/p>\n<p>Ref. ATCRSI250S (Silver)<br \/>\nRef. ATCRSI250B (Black)<\/p>\n","protected":false},"featured_media":8208,"template":"","meta":{"_acf_changed":false},"product_brand":[],"product_cat":[898,1221,1085,1223,1219,1241,1222],"product_tag":[],"class_list":{"0":"post-17420","1":"product","2":"type-product","3":"status-publish","4":"has-post-thumbnail","6":"product_cat-all-products","7":"product_cat-stage-equipment","8":"product_cat-technical-products","9":"product_cat-accessories-consumables","10":"product_cat-clamps-clips-and-hooks","11":"product_cat-tuv-hooks","12":"product_cat-mounting-accessories","14":"first","15":"instock","16":"shipping-taxable","17":"purchasable","18":"product-type-simple"},"acf":[],"yoast_head":"<!-- This site is optimized with the Yoast SEO plugin v27.1.1 - https:\/\/yoast.com\/product\/yoast-seo-wordpress\/ -->\n<title>Side bracket TUV 250 kg - Azur Scenic<\/title>\n<meta name=\"robots\" content=\"index, follow, max-snippet:-1, max-image-preview:large, max-video-preview:-1\" \/>\n<link rel=\"canonical\" href=\"https:\/\/www.azur-scenic.com\/en\/product\/side-bracket-tuv-250-kg\/\" \/>\n<meta property=\"og:locale\" content=\"en_US\" \/>\n<meta property=\"og:type\" content=\"article\" \/>\n<meta property=\"og:title\" content=\"Side bracket TUV 250 kg - Azur Scenic\" \/>\n<meta property=\"og:description\" content=\"Side bracket TUV 250\u00a0kg for mounting on tube \u00d8 50 mm. Max. load: 250 kg. Colour: Black or Silver. Ref. ATCRSI250S (Silver) Ref. ATCRSI250B (Black)\" \/>\n<meta property=\"og:url\" content=\"https:\/\/www.azur-scenic.com\/en\/product\/side-bracket-tuv-250-kg\/\" \/>\n<meta property=\"og:site_name\" content=\"Azur Scenic\" \/>\n<meta property=\"article:modified_time\" content=\"2023-08-02T12:58:07+00:00\" \/>\n<meta property=\"og:image\" content=\"https:\/\/www.azur-scenic.com\/wp-content\/uploads\/df473711a37c95cca3adcffa0df2c065.jpg\" \/>\n\t<meta property=\"og:image:width\" content=\"1559\" \/>\n\t<meta property=\"og:image:height\" content=\"1559\" \/>\n\t<meta property=\"og:image:type\" content=\"image\/jpeg\" \/>\n<meta name=\"twitter:card\" content=\"summary_large_image\" \/>\n<script type=\"application\/ld+json\" class=\"yoast-schema-graph\">{\"@context\":\"https:\/\/schema.org\",\"@graph\":[{\"@type\":\"WebPage\",\"@id\":\"https:\/\/www.azur-scenic.com\/en\/product\/side-bracket-tuv-250-kg\/\",\"url\":\"https:\/\/www.azur-scenic.com\/en\/product\/side-bracket-tuv-250-kg\/\",\"name\":\"Side bracket TUV 250 kg - Azur Scenic\",\"isPartOf\":{\"@id\":\"https:\/\/www.azur-scenic.com\/en\/#website\"},\"primaryImageOfPage\":{\"@id\":\"https:\/\/www.azur-scenic.com\/en\/product\/side-bracket-tuv-250-kg\/#primaryimage\"},\"image\":{\"@id\":\"https:\/\/www.azur-scenic.com\/en\/product\/side-bracket-tuv-250-kg\/#primaryimage\"},\"thumbnailUrl\":\"https:\/\/www.azur-scenic.com\/wp-content\/uploads\/df473711a37c95cca3adcffa0df2c065.jpg\",\"datePublished\":\"2022-10-04T07:28:15+00:00\",\"dateModified\":\"2023-08-02T12:58:07+00:00\",\"breadcrumb\":{\"@id\":\"https:\/\/www.azur-scenic.com\/en\/product\/side-bracket-tuv-250-kg\/#breadcrumb\"},\"inLanguage\":\"en-US\",\"potentialAction\":[{\"@type\":\"ReadAction\",\"target\":[\"https:\/\/www.azur-scenic.com\/en\/product\/side-bracket-tuv-250-kg\/\"]}]},{\"@type\":\"ImageObject\",\"inLanguage\":\"en-US\",\"@id\":\"https:\/\/www.azur-scenic.com\/en\/product\/side-bracket-tuv-250-kg\/#primaryimage\",\"url\":\"https:\/\/www.azur-scenic.com\/wp-content\/uploads\/df473711a37c95cca3adcffa0df2c065.jpg\",\"contentUrl\":\"https:\/\/www.azur-scenic.com\/wp-content\/uploads\/df473711a37c95cca3adcffa0df2c065.jpg\",\"width\":1559,\"height\":1559},{\"@type\":\"BreadcrumbList\",\"@id\":\"https:\/\/www.azur-scenic.com\/en\/product\/side-bracket-tuv-250-kg\/#breadcrumb\",\"itemListElement\":[{\"@type\":\"ListItem\",\"position\":1,\"name\":\"Accueil\",\"item\":\"https:\/\/www.azur-scenic.com\/en\/\"},{\"@type\":\"ListItem\",\"position\":2,\"name\":\"Produits\",\"item\":\"https:\/\/www.azur-scenic.com\/en\/?page_id=21438\"},{\"@type\":\"ListItem\",\"position\":3,\"name\":\"Side bracket TUV 250 kg\"}]},{\"@type\":\"WebSite\",\"@id\":\"https:\/\/www.azur-scenic.com\/en\/#website\",\"url\":\"https:\/\/www.azur-scenic.com\/en\/\",\"name\":\"Azur Scenic\",\"description\":\"Sp\u00e9cialiste de l\u2019\u00e9quipement sc\u00e9nique et de la d\u00e9coration int\u00e9rieure et \u00e9v\u00e9nementielle !\",\"publisher\":{\"@id\":\"https:\/\/www.azur-scenic.com\/en\/#organization\"},\"potentialAction\":[{\"@type\":\"SearchAction\",\"target\":{\"@type\":\"EntryPoint\",\"urlTemplate\":\"https:\/\/www.azur-scenic.com\/en\/?s={search_term_string}\"},\"query-input\":{\"@type\":\"PropertyValueSpecification\",\"valueRequired\":true,\"valueName\":\"search_term_string\"}}],\"inLanguage\":\"en-US\"},{\"@type\":\"Organization\",\"@id\":\"https:\/\/www.azur-scenic.com\/en\/#organization\",\"name\":\"AZUR SCENIC\",\"url\":\"https:\/\/www.azur-scenic.com\/en\/\",\"logo\":{\"@type\":\"ImageObject\",\"inLanguage\":\"en-US\",\"@id\":\"https:\/\/www.azur-scenic.com\/en\/#\/schema\/logo\/image\/\",\"url\":\"https:\/\/www.azur-scenic.com\/wp-content\/uploads\/2022\/09\/LOGO-AZUR-SCENIC-Fusion-web-236x64-1.jpg\",\"contentUrl\":\"https:\/\/www.azur-scenic.com\/wp-content\/uploads\/2022\/09\/LOGO-AZUR-SCENIC-Fusion-web-236x64-1.jpg\",\"width\":236,\"height\":64,\"caption\":\"AZUR SCENIC\"},\"image\":{\"@id\":\"https:\/\/www.azur-scenic.com\/en\/#\/schema\/logo\/image\/\"},\"sameAs\":[\"https:\/\/www.youtube.com\/channel\/UCPWM2mGPVUt4nYhNlm71WOA\",\"https:\/\/www.linkedin.com\/company\/33237605\/admin\/feed\/posts\/\"]}]}<\/script>\n<!-- \/ Yoast SEO plugin. -->","yoast_head_json":{"title":"Side bracket TUV 250 kg - Azur Scenic","robots":{"index":"index","follow":"follow","max-snippet":"max-snippet:-1","max-image-preview":"max-image-preview:large","max-video-preview":"max-video-preview:-1"},"canonical":"https:\/\/www.azur-scenic.com\/en\/product\/side-bracket-tuv-250-kg\/","og_locale":"en_US","og_type":"article","og_title":"Side bracket TUV 250 kg - Azur Scenic","og_description":"Side bracket TUV 250\u00a0kg for mounting on tube \u00d8 50 mm. Max. load: 250 kg. Colour: Black or Silver. Ref. ATCRSI250S (Silver) Ref. ATCRSI250B (Black)","og_url":"https:\/\/www.azur-scenic.com\/en\/product\/side-bracket-tuv-250-kg\/","og_site_name":"Azur Scenic","article_modified_time":"2023-08-02T12:58:07+00:00","og_image":[{"width":1559,"height":1559,"url":"https:\/\/www.azur-scenic.com\/wp-content\/uploads\/df473711a37c95cca3adcffa0df2c065.jpg","type":"image\/jpeg"}],"twitter_card":"summary_large_image","schema":{"@context":"https:\/\/schema.org","@graph":[{"@type":"WebPage","@id":"https:\/\/www.azur-scenic.com\/en\/product\/side-bracket-tuv-250-kg\/","url":"https:\/\/www.azur-scenic.com\/en\/product\/side-bracket-tuv-250-kg\/","name":"Side bracket TUV 250 kg - Azur Scenic","isPartOf":{"@id":"https:\/\/www.azur-scenic.com\/en\/#website"},"primaryImageOfPage":{"@id":"https:\/\/www.azur-scenic.com\/en\/product\/side-bracket-tuv-250-kg\/#primaryimage"},"image":{"@id":"https:\/\/www.azur-scenic.com\/en\/product\/side-bracket-tuv-250-kg\/#primaryimage"},"thumbnailUrl":"https:\/\/www.azur-scenic.com\/wp-content\/uploads\/df473711a37c95cca3adcffa0df2c065.jpg","datePublished":"2022-10-04T07:28:15+00:00","dateModified":"2023-08-02T12:58:07+00:00","breadcrumb":{"@id":"https:\/\/www.azur-scenic.com\/en\/product\/side-bracket-tuv-250-kg\/#breadcrumb"},"inLanguage":"en-US","potentialAction":[{"@type":"ReadAction","target":["https:\/\/www.azur-scenic.com\/en\/product\/side-bracket-tuv-250-kg\/"]}]},{"@type":"ImageObject","inLanguage":"en-US","@id":"https:\/\/www.azur-scenic.com\/en\/product\/side-bracket-tuv-250-kg\/#primaryimage","url":"https:\/\/www.azur-scenic.com\/wp-content\/uploads\/df473711a37c95cca3adcffa0df2c065.jpg","contentUrl":"https:\/\/www.azur-scenic.com\/wp-content\/uploads\/df473711a37c95cca3adcffa0df2c065.jpg","width":1559,"height":1559},{"@type":"BreadcrumbList","@id":"https:\/\/www.azur-scenic.com\/en\/product\/side-bracket-tuv-250-kg\/#breadcrumb","itemListElement":[{"@type":"ListItem","position":1,"name":"Accueil","item":"https:\/\/www.azur-scenic.com\/en\/"},{"@type":"ListItem","position":2,"name":"Produits","item":"https:\/\/www.azur-scenic.com\/en\/?page_id=21438"},{"@type":"ListItem","position":3,"name":"Side bracket TUV 250 kg"}]},{"@type":"WebSite","@id":"https:\/\/www.azur-scenic.com\/en\/#website","url":"https:\/\/www.azur-scenic.com\/en\/","name":"Azur Scenic","description":"Sp\u00e9cialiste de l\u2019\u00e9quipement sc\u00e9nique et de la d\u00e9coration int\u00e9rieure et \u00e9v\u00e9nementielle !","publisher":{"@id":"https:\/\/www.azur-scenic.com\/en\/#organization"},"potentialAction":[{"@type":"SearchAction","target":{"@type":"EntryPoint","urlTemplate":"https:\/\/www.azur-scenic.com\/en\/?s={search_term_string}"},"query-input":{"@type":"PropertyValueSpecification","valueRequired":true,"valueName":"search_term_string"}}],"inLanguage":"en-US"},{"@type":"Organization","@id":"https:\/\/www.azur-scenic.com\/en\/#organization","name":"AZUR SCENIC","url":"https:\/\/www.azur-scenic.com\/en\/","logo":{"@type":"ImageObject","inLanguage":"en-US","@id":"https:\/\/www.azur-scenic.com\/en\/#\/schema\/logo\/image\/","url":"https:\/\/www.azur-scenic.com\/wp-content\/uploads\/2022\/09\/LOGO-AZUR-SCENIC-Fusion-web-236x64-1.jpg","contentUrl":"https:\/\/www.azur-scenic.com\/wp-content\/uploads\/2022\/09\/LOGO-AZUR-SCENIC-Fusion-web-236x64-1.jpg","width":236,"height":64,"caption":"AZUR SCENIC"},"image":{"@id":"https:\/\/www.azur-scenic.com\/en\/#\/schema\/logo\/image\/"},"sameAs":["https:\/\/www.youtube.com\/channel\/UCPWM2mGPVUt4nYhNlm71WOA","https:\/\/www.linkedin.com\/company\/33237605\/admin\/feed\/posts\/"]}]}},"_links":{"self":[{"href":"https:\/\/www.azur-scenic.com\/en\/wp-json\/wp\/v2\/product\/17420","targetHints":{"allow":["GET"]}}],"collection":[{"href":"https:\/\/www.azur-scenic.com\/en\/wp-json\/wp\/v2\/product"}],"about":[{"href":"https:\/\/www.azur-scenic.com\/en\/wp-json\/wp\/v2\/types\/product"}],"wp:featuredmedia":[{"embeddable":true,"href":"https:\/\/www.azur-scenic.com\/en\/wp-json\/wp\/v2\/media\/8208"}],"wp:attachment":[{"href":"https:\/\/www.azur-scenic.com\/en\/wp-json\/wp\/v2\/media?parent=17420"}],"wp:term":[{"taxonomy":"product_brand","embeddable":true,"href":"https:\/\/www.azur-scenic.com\/en\/wp-json\/wp\/v2\/product_brand?post=17420"},{"taxonomy":"product_cat","embeddable":true,"href":"https:\/\/www.azur-scenic.com\/en\/wp-json\/wp\/v2\/product_cat?post=17420"},{"taxonomy":"product_tag","embeddable":true,"href":"https:\/\/www.azur-scenic.com\/en\/wp-json\/wp\/v2\/product_tag?post=17420"}],"curies":[{"name":"wp","href":"https:\/\/api.w.org\/{rel}","templated":true}]}}