{"id":17576,"date":"2022-10-04T07:27:54","date_gmt":"2022-10-04T07:27:54","guid":{"rendered":"https:\/\/www.azur-scenic.com\/produit\/drisse-pes-ultra-mate-pre-etiree\/"},"modified":"2023-08-02T12:57:50","modified_gmt":"2023-08-02T12:57:50","slug":"pes-pre-stretched-curtain-pull-with-ultra-matte-finish","status":"publish","type":"product","link":"https:\/\/www.azur-scenic.com\/en\/product\/pes-pre-stretched-curtain-pull-with-ultra-matte-finish\/","title":{"rendered":"PES pre-stretched curtain pull with ultra-matte finish"},"content":{"rendered":"<table>\n<thead>\n<tr>\n<th style=\"width: 200px;\">Ref.\u00a0<\/th>\n<th style=\"width: 200px;\">\u00d8<\/th>\n<th style=\"width: 145px;\">Colour<\/th>\n<\/tr>\n<\/thead>\n<tbody>\n<tr>\n<td style=\"vertical-align: top; width: 200px;\">ADM04N<\/td>\n<td style=\"vertical-align: top; width: 200px;\">4 mm<\/td>\n<td style=\"vertical-align: top; width: 145px;\">Black<\/td>\n<\/tr>\n<tr>\n<td style=\"vertical-align: top; width: 200px;\">ADM06N<\/td>\n<td style=\"vertical-align: top; width: 200px;\">6 mm<\/td>\n<td style=\"vertical-align: top; width: 145px;\">Black<\/td>\n<\/tr>\n<tr>\n<td style=\"vertical-align: top; width: 200px;\">ADM08N<\/td>\n<td style=\"vertical-align: top; width: 200px;\">8 mm<\/td>\n<td style=\"vertical-align: top; width: 145px;\">Black<\/td>\n<\/tr>\n<tr>\n<td style=\"vertical-align: top; width: 200px;\">ADM10N<\/td>\n<td style=\"vertical-align: top; width: 200px;\">10 mm<\/td>\n<td style=\"vertical-align: top; width: 145px;\">Black<\/td>\n<\/tr>\n<tr>\n<td style=\"vertical-align: top; width: 200px;\">ADM12N<\/td>\n<td style=\"vertical-align: top; width: 200px;\">12 mm<\/td>\n<td style=\"vertical-align: top; width: 145px;\">Black<\/td>\n<\/tr>\n<\/tbody>\n<\/table>\n","protected":false},"excerpt":{"rendered":"<p><strong>Pre-stretched theatre curtain cord with a textured, extra-mate cotton-effect outer.<\/strong><\/p>\n<p><strong>Supplied in<\/strong>: roll of 100 m<\/p>\n<p><strong>Colour<\/strong>: Black Diameters: 4 to 12 mm<\/p>\n<p><strong>Summary description<\/strong>:<\/p>\n<ul>\n<li>High-resistance polyester core, textured polyester outer<\/li>\n<li>Fine extra-matte finish<\/li>\n<li>Stretch-resistant and breakage-resistant<\/li>\n<\/ul>\n","protected":false},"featured_media":7884,"template":"","meta":{"_acf_changed":false},"product_brand":[],"product_cat":[898,1223,1287],"product_tag":[],"class_list":{"0":"post-17576","1":"product","2":"type-product","3":"status-publish","4":"has-post-thumbnail","6":"product_cat-all-products","7":"product_cat-accessories-consumables","8":"product_cat-curtain-ropes","10":"first","11":"instock","12":"shipping-taxable","13":"purchasable","14":"product-type-simple"},"acf":[],"yoast_head":"<!-- This site is optimized with the Yoast SEO plugin v27.3 - https:\/\/yoast.com\/product\/yoast-seo-wordpress\/ -->\n<title>PES pre-stretched curtain pull with ultra-matte finish - Azur Scenic<\/title>\n<meta name=\"robots\" content=\"index, follow, max-snippet:-1, max-image-preview:large, max-video-preview:-1\" \/>\n<link rel=\"canonical\" href=\"https:\/\/www.azur-scenic.com\/en\/product\/pes-pre-stretched-curtain-pull-with-ultra-matte-finish\/\" \/>\n<meta property=\"og:locale\" content=\"en_US\" \/>\n<meta property=\"og:type\" content=\"article\" \/>\n<meta property=\"og:title\" content=\"PES pre-stretched curtain pull with ultra-matte finish - Azur Scenic\" \/>\n<meta property=\"og:description\" content=\"Pre-stretched theatre curtain cord with a textured, extra-mate cotton-effect outer. Supplied in: roll of 100 m Colour: Black Diameters: 4 to 12 mm Summary description:  High-resistance polyester core, textured polyester outer Fine extra-matte finish Stretch-resistant and breakage-resistant\" \/>\n<meta property=\"og:url\" content=\"https:\/\/www.azur-scenic.com\/en\/product\/pes-pre-stretched-curtain-pull-with-ultra-matte-finish\/\" \/>\n<meta property=\"og:site_name\" content=\"Azur Scenic\" \/>\n<meta property=\"article:modified_time\" content=\"2023-08-02T12:57:50+00:00\" \/>\n<meta property=\"og:image\" content=\"https:\/\/www.azur-scenic.com\/wp-content\/uploads\/fe83c55aeaa57018850d1d5b932d44f6.jpg\" \/>\n\t<meta property=\"og:image:width\" content=\"652\" \/>\n\t<meta property=\"og:image:height\" content=\"652\" \/>\n\t<meta property=\"og:image:type\" content=\"image\/jpeg\" \/>\n<meta name=\"twitter:card\" content=\"summary_large_image\" \/>\n<script type=\"application\/ld+json\" class=\"yoast-schema-graph\">{\"@context\":\"https:\\\/\\\/schema.org\",\"@graph\":[{\"@type\":\"WebPage\",\"@id\":\"https:\\\/\\\/www.azur-scenic.com\\\/en\\\/product\\\/pes-pre-stretched-curtain-pull-with-ultra-matte-finish\\\/\",\"url\":\"https:\\\/\\\/www.azur-scenic.com\\\/en\\\/product\\\/pes-pre-stretched-curtain-pull-with-ultra-matte-finish\\\/\",\"name\":\"PES pre-stretched curtain pull with ultra-matte finish - Azur Scenic\",\"isPartOf\":{\"@id\":\"https:\\\/\\\/www.azur-scenic.com\\\/en\\\/#website\"},\"primaryImageOfPage\":{\"@id\":\"https:\\\/\\\/www.azur-scenic.com\\\/en\\\/product\\\/pes-pre-stretched-curtain-pull-with-ultra-matte-finish\\\/#primaryimage\"},\"image\":{\"@id\":\"https:\\\/\\\/www.azur-scenic.com\\\/en\\\/product\\\/pes-pre-stretched-curtain-pull-with-ultra-matte-finish\\\/#primaryimage\"},\"thumbnailUrl\":\"https:\\\/\\\/www.azur-scenic.com\\\/wp-content\\\/uploads\\\/fe83c55aeaa57018850d1d5b932d44f6.jpg\",\"datePublished\":\"2022-10-04T07:27:54+00:00\",\"dateModified\":\"2023-08-02T12:57:50+00:00\",\"breadcrumb\":{\"@id\":\"https:\\\/\\\/www.azur-scenic.com\\\/en\\\/product\\\/pes-pre-stretched-curtain-pull-with-ultra-matte-finish\\\/#breadcrumb\"},\"inLanguage\":\"en-US\",\"potentialAction\":[{\"@type\":\"ReadAction\",\"target\":[\"https:\\\/\\\/www.azur-scenic.com\\\/en\\\/product\\\/pes-pre-stretched-curtain-pull-with-ultra-matte-finish\\\/\"]}]},{\"@type\":\"ImageObject\",\"inLanguage\":\"en-US\",\"@id\":\"https:\\\/\\\/www.azur-scenic.com\\\/en\\\/product\\\/pes-pre-stretched-curtain-pull-with-ultra-matte-finish\\\/#primaryimage\",\"url\":\"https:\\\/\\\/www.azur-scenic.com\\\/wp-content\\\/uploads\\\/fe83c55aeaa57018850d1d5b932d44f6.jpg\",\"contentUrl\":\"https:\\\/\\\/www.azur-scenic.com\\\/wp-content\\\/uploads\\\/fe83c55aeaa57018850d1d5b932d44f6.jpg\",\"width\":652,\"height\":652},{\"@type\":\"BreadcrumbList\",\"@id\":\"https:\\\/\\\/www.azur-scenic.com\\\/en\\\/product\\\/pes-pre-stretched-curtain-pull-with-ultra-matte-finish\\\/#breadcrumb\",\"itemListElement\":[{\"@type\":\"ListItem\",\"position\":1,\"name\":\"Accueil\",\"item\":\"https:\\\/\\\/www.azur-scenic.com\\\/en\\\/\"},{\"@type\":\"ListItem\",\"position\":2,\"name\":\"Produits\",\"item\":\"https:\\\/\\\/www.azur-scenic.com\\\/en\\\/?page_id=21438\"},{\"@type\":\"ListItem\",\"position\":3,\"name\":\"PES pre-stretched curtain pull with ultra-matte finish\"}]},{\"@type\":\"WebSite\",\"@id\":\"https:\\\/\\\/www.azur-scenic.com\\\/en\\\/#website\",\"url\":\"https:\\\/\\\/www.azur-scenic.com\\\/en\\\/\",\"name\":\"Azur Scenic\",\"description\":\"Sp\u00e9cialiste de l\u2019\u00e9quipement sc\u00e9nique et de la d\u00e9coration int\u00e9rieure et \u00e9v\u00e9nementielle !\",\"publisher\":{\"@id\":\"https:\\\/\\\/www.azur-scenic.com\\\/en\\\/#organization\"},\"potentialAction\":[{\"@type\":\"SearchAction\",\"target\":{\"@type\":\"EntryPoint\",\"urlTemplate\":\"https:\\\/\\\/www.azur-scenic.com\\\/en\\\/?s={search_term_string}\"},\"query-input\":{\"@type\":\"PropertyValueSpecification\",\"valueRequired\":true,\"valueName\":\"search_term_string\"}}],\"inLanguage\":\"en-US\"},{\"@type\":\"Organization\",\"@id\":\"https:\\\/\\\/www.azur-scenic.com\\\/en\\\/#organization\",\"name\":\"AZUR SCENIC\",\"url\":\"https:\\\/\\\/www.azur-scenic.com\\\/en\\\/\",\"logo\":{\"@type\":\"ImageObject\",\"inLanguage\":\"en-US\",\"@id\":\"https:\\\/\\\/www.azur-scenic.com\\\/en\\\/#\\\/schema\\\/logo\\\/image\\\/\",\"url\":\"https:\\\/\\\/www.azur-scenic.com\\\/wp-content\\\/uploads\\\/2022\\\/09\\\/LOGO-AZUR-SCENIC-Fusion-web-236x64-1.jpg\",\"contentUrl\":\"https:\\\/\\\/www.azur-scenic.com\\\/wp-content\\\/uploads\\\/2022\\\/09\\\/LOGO-AZUR-SCENIC-Fusion-web-236x64-1.jpg\",\"width\":236,\"height\":64,\"caption\":\"AZUR SCENIC\"},\"image\":{\"@id\":\"https:\\\/\\\/www.azur-scenic.com\\\/en\\\/#\\\/schema\\\/logo\\\/image\\\/\"},\"sameAs\":[\"https:\\\/\\\/www.youtube.com\\\/channel\\\/UCPWM2mGPVUt4nYhNlm71WOA\",\"https:\\\/\\\/www.linkedin.com\\\/company\\\/33237605\\\/admin\\\/feed\\\/posts\\\/\"]}]}<\/script>\n<!-- \/ Yoast SEO plugin. -->","yoast_head_json":{"title":"PES pre-stretched curtain pull with ultra-matte finish - Azur Scenic","robots":{"index":"index","follow":"follow","max-snippet":"max-snippet:-1","max-image-preview":"max-image-preview:large","max-video-preview":"max-video-preview:-1"},"canonical":"https:\/\/www.azur-scenic.com\/en\/product\/pes-pre-stretched-curtain-pull-with-ultra-matte-finish\/","og_locale":"en_US","og_type":"article","og_title":"PES pre-stretched curtain pull with ultra-matte finish - Azur Scenic","og_description":"Pre-stretched theatre curtain cord with a textured, extra-mate cotton-effect outer. Supplied in: roll of 100 m Colour: Black Diameters: 4 to 12 mm Summary description:  High-resistance polyester core, textured polyester outer Fine extra-matte finish Stretch-resistant and breakage-resistant","og_url":"https:\/\/www.azur-scenic.com\/en\/product\/pes-pre-stretched-curtain-pull-with-ultra-matte-finish\/","og_site_name":"Azur Scenic","article_modified_time":"2023-08-02T12:57:50+00:00","og_image":[{"width":652,"height":652,"url":"https:\/\/www.azur-scenic.com\/wp-content\/uploads\/fe83c55aeaa57018850d1d5b932d44f6.jpg","type":"image\/jpeg"}],"twitter_card":"summary_large_image","schema":{"@context":"https:\/\/schema.org","@graph":[{"@type":"WebPage","@id":"https:\/\/www.azur-scenic.com\/en\/product\/pes-pre-stretched-curtain-pull-with-ultra-matte-finish\/","url":"https:\/\/www.azur-scenic.com\/en\/product\/pes-pre-stretched-curtain-pull-with-ultra-matte-finish\/","name":"PES pre-stretched curtain pull with ultra-matte finish - Azur Scenic","isPartOf":{"@id":"https:\/\/www.azur-scenic.com\/en\/#website"},"primaryImageOfPage":{"@id":"https:\/\/www.azur-scenic.com\/en\/product\/pes-pre-stretched-curtain-pull-with-ultra-matte-finish\/#primaryimage"},"image":{"@id":"https:\/\/www.azur-scenic.com\/en\/product\/pes-pre-stretched-curtain-pull-with-ultra-matte-finish\/#primaryimage"},"thumbnailUrl":"https:\/\/www.azur-scenic.com\/wp-content\/uploads\/fe83c55aeaa57018850d1d5b932d44f6.jpg","datePublished":"2022-10-04T07:27:54+00:00","dateModified":"2023-08-02T12:57:50+00:00","breadcrumb":{"@id":"https:\/\/www.azur-scenic.com\/en\/product\/pes-pre-stretched-curtain-pull-with-ultra-matte-finish\/#breadcrumb"},"inLanguage":"en-US","potentialAction":[{"@type":"ReadAction","target":["https:\/\/www.azur-scenic.com\/en\/product\/pes-pre-stretched-curtain-pull-with-ultra-matte-finish\/"]}]},{"@type":"ImageObject","inLanguage":"en-US","@id":"https:\/\/www.azur-scenic.com\/en\/product\/pes-pre-stretched-curtain-pull-with-ultra-matte-finish\/#primaryimage","url":"https:\/\/www.azur-scenic.com\/wp-content\/uploads\/fe83c55aeaa57018850d1d5b932d44f6.jpg","contentUrl":"https:\/\/www.azur-scenic.com\/wp-content\/uploads\/fe83c55aeaa57018850d1d5b932d44f6.jpg","width":652,"height":652},{"@type":"BreadcrumbList","@id":"https:\/\/www.azur-scenic.com\/en\/product\/pes-pre-stretched-curtain-pull-with-ultra-matte-finish\/#breadcrumb","itemListElement":[{"@type":"ListItem","position":1,"name":"Accueil","item":"https:\/\/www.azur-scenic.com\/en\/"},{"@type":"ListItem","position":2,"name":"Produits","item":"https:\/\/www.azur-scenic.com\/en\/?page_id=21438"},{"@type":"ListItem","position":3,"name":"PES pre-stretched curtain pull with ultra-matte finish"}]},{"@type":"WebSite","@id":"https:\/\/www.azur-scenic.com\/en\/#website","url":"https:\/\/www.azur-scenic.com\/en\/","name":"Azur Scenic","description":"Sp\u00e9cialiste de l\u2019\u00e9quipement sc\u00e9nique et de la d\u00e9coration int\u00e9rieure et \u00e9v\u00e9nementielle !","publisher":{"@id":"https:\/\/www.azur-scenic.com\/en\/#organization"},"potentialAction":[{"@type":"SearchAction","target":{"@type":"EntryPoint","urlTemplate":"https:\/\/www.azur-scenic.com\/en\/?s={search_term_string}"},"query-input":{"@type":"PropertyValueSpecification","valueRequired":true,"valueName":"search_term_string"}}],"inLanguage":"en-US"},{"@type":"Organization","@id":"https:\/\/www.azur-scenic.com\/en\/#organization","name":"AZUR SCENIC","url":"https:\/\/www.azur-scenic.com\/en\/","logo":{"@type":"ImageObject","inLanguage":"en-US","@id":"https:\/\/www.azur-scenic.com\/en\/#\/schema\/logo\/image\/","url":"https:\/\/www.azur-scenic.com\/wp-content\/uploads\/2022\/09\/LOGO-AZUR-SCENIC-Fusion-web-236x64-1.jpg","contentUrl":"https:\/\/www.azur-scenic.com\/wp-content\/uploads\/2022\/09\/LOGO-AZUR-SCENIC-Fusion-web-236x64-1.jpg","width":236,"height":64,"caption":"AZUR SCENIC"},"image":{"@id":"https:\/\/www.azur-scenic.com\/en\/#\/schema\/logo\/image\/"},"sameAs":["https:\/\/www.youtube.com\/channel\/UCPWM2mGPVUt4nYhNlm71WOA","https:\/\/www.linkedin.com\/company\/33237605\/admin\/feed\/posts\/"]}]}},"_links":{"self":[{"href":"https:\/\/www.azur-scenic.com\/en\/wp-json\/wp\/v2\/product\/17576","targetHints":{"allow":["GET"]}}],"collection":[{"href":"https:\/\/www.azur-scenic.com\/en\/wp-json\/wp\/v2\/product"}],"about":[{"href":"https:\/\/www.azur-scenic.com\/en\/wp-json\/wp\/v2\/types\/product"}],"wp:featuredmedia":[{"embeddable":true,"href":"https:\/\/www.azur-scenic.com\/en\/wp-json\/wp\/v2\/media\/7884"}],"wp:attachment":[{"href":"https:\/\/www.azur-scenic.com\/en\/wp-json\/wp\/v2\/media?parent=17576"}],"wp:term":[{"taxonomy":"product_brand","embeddable":true,"href":"https:\/\/www.azur-scenic.com\/en\/wp-json\/wp\/v2\/product_brand?post=17576"},{"taxonomy":"product_cat","embeddable":true,"href":"https:\/\/www.azur-scenic.com\/en\/wp-json\/wp\/v2\/product_cat?post=17576"},{"taxonomy":"product_tag","embeddable":true,"href":"https:\/\/www.azur-scenic.com\/en\/wp-json\/wp\/v2\/product_tag?post=17576"}],"curies":[{"name":"wp","href":"https:\/\/api.w.org\/{rel}","templated":true}]}}