{"id":17579,"date":"2022-10-04T07:27:53","date_gmt":"2022-10-04T07:27:53","guid":{"rendered":"https:\/\/www.azur-scenic.com\/produit\/devidoir-pour-tapis-de-danse\/"},"modified":"2023-08-02T12:58:01","modified_gmt":"2023-08-02T12:58:01","slug":"storage-reel-for-dance-flooring","status":"publish","type":"product","link":"https:\/\/www.azur-scenic.com\/en\/product\/storage-reel-for-dance-flooring\/","title":{"rendered":"Storage reel for dance flooring"},"content":{"rendered":"<p><p><strong>Wheeled trolley with reel bars ideal for moving and storing your dance flooring rolls.<\/strong><\/p>\n<p><strong>Supplied in<\/strong>: 6, 8 or 10 rolls (depending on model).<\/p>\n<p><strong>Max. width flooring<\/strong>: 160 cm.<br \/>\nCan be made-to-measure for carpet width 200 cm.<\/p>\n<p><strong>Colour<\/strong>: Black.<\/p>\n<p><strong>Summary description<\/strong>:<\/p>\n<ul>\n<li>Steel construction with black corrosion-resistant epoxy paint.<\/li>\n<li>Removable poles to hang rolls.<\/li>\n<li>4 casters including 2 with brakes.<\/li>\n<\/ul>\n<p><strong>References<\/strong>:<\/p>\n<ul>\n<li>ASDTD06 \u2013 Supplied in 6 rolls,<\/li>\n<li>ASDTD08 \u2013 Supplied in 8 rolls,<\/li>\n<li>ASDTD10 \u2013 Supplied in 10 rolls.<\/li>\n<\/ul>\n<p>Other dimensions available to order.<\/p><\/p>\n","protected":false},"excerpt":{"rendered":"<p>The essential accessory for <strong><span style=\"color: #f88523;\">storing rolls of dance flooring<\/span><\/strong> and other rolled materials for occasional use.<\/p>\n<p>Thanks to its integrated <strong><span style=\"color: #f88523;\">casters<\/span><\/strong> and <strong><span style=\"color: #f88523;\">removable poles<\/span><\/strong> our dance flooring rollers <strong><span style=\"color: #f88523;\">make moving<\/span><\/strong>, <strong><span style=\"color: #f88523;\">installation<\/span><\/strong>, and <strong><span style=\"color: #f88523;\">storage<\/span><\/strong> of your dance flooring <strong><span style=\"color: #f88523;\">child\u2019s play<\/span><\/strong>.<\/p>\n","protected":false},"featured_media":7869,"template":"","meta":{"_acf_changed":false},"product_brand":[],"product_cat":[898,1223,1289],"product_tag":[],"class_list":{"0":"post-17579","1":"product","2":"type-product","3":"status-publish","4":"has-post-thumbnail","6":"product_cat-all-products","7":"product_cat-accessories-consumables","8":"product_cat-storage-accessories","9":"pa_groupes-de-couleurs-mixed","11":"first","12":"instock","13":"shipping-taxable","14":"purchasable","15":"product-type-simple"},"acf":[],"yoast_head":"<!-- This site is optimized with the Yoast SEO plugin v27.3 - https:\/\/yoast.com\/product\/yoast-seo-wordpress\/ -->\n<title>Storage reel for dance flooring - Azur Scenic<\/title>\n<meta name=\"robots\" content=\"index, follow, max-snippet:-1, max-image-preview:large, max-video-preview:-1\" \/>\n<link rel=\"canonical\" href=\"https:\/\/www.azur-scenic.com\/en\/product\/storage-reel-for-dance-flooring\/\" \/>\n<meta property=\"og:locale\" content=\"en_US\" \/>\n<meta property=\"og:type\" content=\"article\" \/>\n<meta property=\"og:title\" content=\"Storage reel for dance flooring - Azur Scenic\" \/>\n<meta property=\"og:description\" content=\"The essential accessory for storing rolls of dance flooring and other rolled materials for occasional use. Thanks to its integrated casters and removable poles our dance flooring rollers make moving, installation, and storage of your dance flooring child\u2019s play.\" \/>\n<meta property=\"og:url\" content=\"https:\/\/www.azur-scenic.com\/en\/product\/storage-reel-for-dance-flooring\/\" \/>\n<meta property=\"og:site_name\" content=\"Azur Scenic\" \/>\n<meta property=\"article:modified_time\" content=\"2023-08-02T12:58:01+00:00\" \/>\n<meta property=\"og:image\" content=\"https:\/\/www.azur-scenic.com\/wp-content\/uploads\/ed28b32706766585d9d9657f38396684.jpg\" \/>\n\t<meta property=\"og:image:width\" content=\"2126\" \/>\n\t<meta property=\"og:image:height\" content=\"2126\" \/>\n\t<meta property=\"og:image:type\" content=\"image\/jpeg\" \/>\n<meta name=\"twitter:card\" content=\"summary_large_image\" \/>\n<script type=\"application\/ld+json\" class=\"yoast-schema-graph\">{\"@context\":\"https:\\\/\\\/schema.org\",\"@graph\":[{\"@type\":\"WebPage\",\"@id\":\"https:\\\/\\\/www.azur-scenic.com\\\/en\\\/product\\\/storage-reel-for-dance-flooring\\\/\",\"url\":\"https:\\\/\\\/www.azur-scenic.com\\\/en\\\/product\\\/storage-reel-for-dance-flooring\\\/\",\"name\":\"Storage reel for dance flooring - Azur Scenic\",\"isPartOf\":{\"@id\":\"https:\\\/\\\/www.azur-scenic.com\\\/en\\\/#website\"},\"primaryImageOfPage\":{\"@id\":\"https:\\\/\\\/www.azur-scenic.com\\\/en\\\/product\\\/storage-reel-for-dance-flooring\\\/#primaryimage\"},\"image\":{\"@id\":\"https:\\\/\\\/www.azur-scenic.com\\\/en\\\/product\\\/storage-reel-for-dance-flooring\\\/#primaryimage\"},\"thumbnailUrl\":\"https:\\\/\\\/www.azur-scenic.com\\\/wp-content\\\/uploads\\\/ed28b32706766585d9d9657f38396684.jpg\",\"datePublished\":\"2022-10-04T07:27:53+00:00\",\"dateModified\":\"2023-08-02T12:58:01+00:00\",\"breadcrumb\":{\"@id\":\"https:\\\/\\\/www.azur-scenic.com\\\/en\\\/product\\\/storage-reel-for-dance-flooring\\\/#breadcrumb\"},\"inLanguage\":\"en-US\",\"potentialAction\":[{\"@type\":\"ReadAction\",\"target\":[\"https:\\\/\\\/www.azur-scenic.com\\\/en\\\/product\\\/storage-reel-for-dance-flooring\\\/\"]}]},{\"@type\":\"ImageObject\",\"inLanguage\":\"en-US\",\"@id\":\"https:\\\/\\\/www.azur-scenic.com\\\/en\\\/product\\\/storage-reel-for-dance-flooring\\\/#primaryimage\",\"url\":\"https:\\\/\\\/www.azur-scenic.com\\\/wp-content\\\/uploads\\\/ed28b32706766585d9d9657f38396684.jpg\",\"contentUrl\":\"https:\\\/\\\/www.azur-scenic.com\\\/wp-content\\\/uploads\\\/ed28b32706766585d9d9657f38396684.jpg\",\"width\":2126,\"height\":2126},{\"@type\":\"BreadcrumbList\",\"@id\":\"https:\\\/\\\/www.azur-scenic.com\\\/en\\\/product\\\/storage-reel-for-dance-flooring\\\/#breadcrumb\",\"itemListElement\":[{\"@type\":\"ListItem\",\"position\":1,\"name\":\"Accueil\",\"item\":\"https:\\\/\\\/www.azur-scenic.com\\\/en\\\/\"},{\"@type\":\"ListItem\",\"position\":2,\"name\":\"Produits\",\"item\":\"https:\\\/\\\/www.azur-scenic.com\\\/en\\\/?page_id=21438\"},{\"@type\":\"ListItem\",\"position\":3,\"name\":\"Storage reel for dance flooring\"}]},{\"@type\":\"WebSite\",\"@id\":\"https:\\\/\\\/www.azur-scenic.com\\\/en\\\/#website\",\"url\":\"https:\\\/\\\/www.azur-scenic.com\\\/en\\\/\",\"name\":\"Azur Scenic\",\"description\":\"Sp\u00e9cialiste de l\u2019\u00e9quipement sc\u00e9nique et de la d\u00e9coration int\u00e9rieure et \u00e9v\u00e9nementielle !\",\"publisher\":{\"@id\":\"https:\\\/\\\/www.azur-scenic.com\\\/en\\\/#organization\"},\"potentialAction\":[{\"@type\":\"SearchAction\",\"target\":{\"@type\":\"EntryPoint\",\"urlTemplate\":\"https:\\\/\\\/www.azur-scenic.com\\\/en\\\/?s={search_term_string}\"},\"query-input\":{\"@type\":\"PropertyValueSpecification\",\"valueRequired\":true,\"valueName\":\"search_term_string\"}}],\"inLanguage\":\"en-US\"},{\"@type\":\"Organization\",\"@id\":\"https:\\\/\\\/www.azur-scenic.com\\\/en\\\/#organization\",\"name\":\"AZUR SCENIC\",\"url\":\"https:\\\/\\\/www.azur-scenic.com\\\/en\\\/\",\"logo\":{\"@type\":\"ImageObject\",\"inLanguage\":\"en-US\",\"@id\":\"https:\\\/\\\/www.azur-scenic.com\\\/en\\\/#\\\/schema\\\/logo\\\/image\\\/\",\"url\":\"https:\\\/\\\/www.azur-scenic.com\\\/wp-content\\\/uploads\\\/2022\\\/09\\\/LOGO-AZUR-SCENIC-Fusion-web-236x64-1.jpg\",\"contentUrl\":\"https:\\\/\\\/www.azur-scenic.com\\\/wp-content\\\/uploads\\\/2022\\\/09\\\/LOGO-AZUR-SCENIC-Fusion-web-236x64-1.jpg\",\"width\":236,\"height\":64,\"caption\":\"AZUR SCENIC\"},\"image\":{\"@id\":\"https:\\\/\\\/www.azur-scenic.com\\\/en\\\/#\\\/schema\\\/logo\\\/image\\\/\"},\"sameAs\":[\"https:\\\/\\\/www.youtube.com\\\/channel\\\/UCPWM2mGPVUt4nYhNlm71WOA\",\"https:\\\/\\\/www.linkedin.com\\\/company\\\/33237605\\\/admin\\\/feed\\\/posts\\\/\"]}]}<\/script>\n<!-- \/ Yoast SEO plugin. -->","yoast_head_json":{"title":"Storage reel for dance flooring - Azur Scenic","robots":{"index":"index","follow":"follow","max-snippet":"max-snippet:-1","max-image-preview":"max-image-preview:large","max-video-preview":"max-video-preview:-1"},"canonical":"https:\/\/www.azur-scenic.com\/en\/product\/storage-reel-for-dance-flooring\/","og_locale":"en_US","og_type":"article","og_title":"Storage reel for dance flooring - Azur Scenic","og_description":"The essential accessory for storing rolls of dance flooring and other rolled materials for occasional use. Thanks to its integrated casters and removable poles our dance flooring rollers make moving, installation, and storage of your dance flooring child\u2019s play.","og_url":"https:\/\/www.azur-scenic.com\/en\/product\/storage-reel-for-dance-flooring\/","og_site_name":"Azur Scenic","article_modified_time":"2023-08-02T12:58:01+00:00","og_image":[{"width":2126,"height":2126,"url":"https:\/\/www.azur-scenic.com\/wp-content\/uploads\/ed28b32706766585d9d9657f38396684.jpg","type":"image\/jpeg"}],"twitter_card":"summary_large_image","schema":{"@context":"https:\/\/schema.org","@graph":[{"@type":"WebPage","@id":"https:\/\/www.azur-scenic.com\/en\/product\/storage-reel-for-dance-flooring\/","url":"https:\/\/www.azur-scenic.com\/en\/product\/storage-reel-for-dance-flooring\/","name":"Storage reel for dance flooring - Azur Scenic","isPartOf":{"@id":"https:\/\/www.azur-scenic.com\/en\/#website"},"primaryImageOfPage":{"@id":"https:\/\/www.azur-scenic.com\/en\/product\/storage-reel-for-dance-flooring\/#primaryimage"},"image":{"@id":"https:\/\/www.azur-scenic.com\/en\/product\/storage-reel-for-dance-flooring\/#primaryimage"},"thumbnailUrl":"https:\/\/www.azur-scenic.com\/wp-content\/uploads\/ed28b32706766585d9d9657f38396684.jpg","datePublished":"2022-10-04T07:27:53+00:00","dateModified":"2023-08-02T12:58:01+00:00","breadcrumb":{"@id":"https:\/\/www.azur-scenic.com\/en\/product\/storage-reel-for-dance-flooring\/#breadcrumb"},"inLanguage":"en-US","potentialAction":[{"@type":"ReadAction","target":["https:\/\/www.azur-scenic.com\/en\/product\/storage-reel-for-dance-flooring\/"]}]},{"@type":"ImageObject","inLanguage":"en-US","@id":"https:\/\/www.azur-scenic.com\/en\/product\/storage-reel-for-dance-flooring\/#primaryimage","url":"https:\/\/www.azur-scenic.com\/wp-content\/uploads\/ed28b32706766585d9d9657f38396684.jpg","contentUrl":"https:\/\/www.azur-scenic.com\/wp-content\/uploads\/ed28b32706766585d9d9657f38396684.jpg","width":2126,"height":2126},{"@type":"BreadcrumbList","@id":"https:\/\/www.azur-scenic.com\/en\/product\/storage-reel-for-dance-flooring\/#breadcrumb","itemListElement":[{"@type":"ListItem","position":1,"name":"Accueil","item":"https:\/\/www.azur-scenic.com\/en\/"},{"@type":"ListItem","position":2,"name":"Produits","item":"https:\/\/www.azur-scenic.com\/en\/?page_id=21438"},{"@type":"ListItem","position":3,"name":"Storage reel for dance flooring"}]},{"@type":"WebSite","@id":"https:\/\/www.azur-scenic.com\/en\/#website","url":"https:\/\/www.azur-scenic.com\/en\/","name":"Azur Scenic","description":"Sp\u00e9cialiste de l\u2019\u00e9quipement sc\u00e9nique et de la d\u00e9coration int\u00e9rieure et \u00e9v\u00e9nementielle !","publisher":{"@id":"https:\/\/www.azur-scenic.com\/en\/#organization"},"potentialAction":[{"@type":"SearchAction","target":{"@type":"EntryPoint","urlTemplate":"https:\/\/www.azur-scenic.com\/en\/?s={search_term_string}"},"query-input":{"@type":"PropertyValueSpecification","valueRequired":true,"valueName":"search_term_string"}}],"inLanguage":"en-US"},{"@type":"Organization","@id":"https:\/\/www.azur-scenic.com\/en\/#organization","name":"AZUR SCENIC","url":"https:\/\/www.azur-scenic.com\/en\/","logo":{"@type":"ImageObject","inLanguage":"en-US","@id":"https:\/\/www.azur-scenic.com\/en\/#\/schema\/logo\/image\/","url":"https:\/\/www.azur-scenic.com\/wp-content\/uploads\/2022\/09\/LOGO-AZUR-SCENIC-Fusion-web-236x64-1.jpg","contentUrl":"https:\/\/www.azur-scenic.com\/wp-content\/uploads\/2022\/09\/LOGO-AZUR-SCENIC-Fusion-web-236x64-1.jpg","width":236,"height":64,"caption":"AZUR SCENIC"},"image":{"@id":"https:\/\/www.azur-scenic.com\/en\/#\/schema\/logo\/image\/"},"sameAs":["https:\/\/www.youtube.com\/channel\/UCPWM2mGPVUt4nYhNlm71WOA","https:\/\/www.linkedin.com\/company\/33237605\/admin\/feed\/posts\/"]}]}},"_links":{"self":[{"href":"https:\/\/www.azur-scenic.com\/en\/wp-json\/wp\/v2\/product\/17579","targetHints":{"allow":["GET"]}}],"collection":[{"href":"https:\/\/www.azur-scenic.com\/en\/wp-json\/wp\/v2\/product"}],"about":[{"href":"https:\/\/www.azur-scenic.com\/en\/wp-json\/wp\/v2\/types\/product"}],"wp:featuredmedia":[{"embeddable":true,"href":"https:\/\/www.azur-scenic.com\/en\/wp-json\/wp\/v2\/media\/7869"}],"wp:attachment":[{"href":"https:\/\/www.azur-scenic.com\/en\/wp-json\/wp\/v2\/media?parent=17579"}],"wp:term":[{"taxonomy":"product_brand","embeddable":true,"href":"https:\/\/www.azur-scenic.com\/en\/wp-json\/wp\/v2\/product_brand?post=17579"},{"taxonomy":"product_cat","embeddable":true,"href":"https:\/\/www.azur-scenic.com\/en\/wp-json\/wp\/v2\/product_cat?post=17579"},{"taxonomy":"product_tag","embeddable":true,"href":"https:\/\/www.azur-scenic.com\/en\/wp-json\/wp\/v2\/product_tag?post=17579"}],"curies":[{"name":"wp","href":"https:\/\/api.w.org\/{rel}","templated":true}]}}