{"id":17594,"date":"2022-10-04T07:27:49","date_gmt":"2022-10-04T07:27:49","guid":{"rendered":"https:\/\/www.azur-scenic.com\/produit\/track-motor-750\/"},"modified":"2023-08-02T12:58:38","modified_gmt":"2023-08-02T12:58:38","slug":"track-motor-750","status":"publish","type":"product","link":"https:\/\/www.azur-scenic.com\/en\/product\/track-motor-750\/","title":{"rendered":"Track Motor 750"},"content":{"rendered":"<p><p><strong>Power<\/strong>: 750 W<\/p>\n<p><strong>Max. curtain weight<\/strong>: 500 kg<\/p>\n<p><strong>Max. speed<\/strong>: 1 m\/s<\/p>\n<p>Fixed or variable speed<\/p>\n<p>Electric activation<\/p>\n<p><strong><span style=\"color: #f88523;\">Technical specifications, Options\u00a0&amp; Accessories<\/span><\/strong><br \/>\nDownload the technical specifications below<\/p><\/p>\n","protected":false},"excerpt":{"rendered":"<p><span style=\"color: #f88523; font-weight: 600;\">TM750<\/span>: a <span style=\"color: #f88523; font-weight: 600;\">powerful<\/span>, <span style=\"color: #f88523; font-weight: 600;\">silent<\/span>, <span style=\"color: #f88523; font-weight: 600;\">high-precision <\/span> motor, perfect for our <span style=\"color: #f88523; font-weight: 600;\">Heavy Track<\/span> curtain tracks and available with a multitude of <span style=\"color: #f88523; font-weight: 600;\">options<\/span> to <span style=\"color: #f88523; font-weight: 600;\">adapt<\/span> to your project requirements and budget without compromising on quality.<\/p>\n<p>The triple drive pulley offers unrivalled precision with maximum curtain cord friction and virtually no slippage, allowing you to <span style=\"color: #f88523; font-weight: 600;\">move curtains and scenery <\/span> weighing\u00a0<span style=\"color: #f88523; font-weight: 600;\">up to 500\u00a0kg<\/span>.<\/p>\n<p><span style=\"color: #f88523; font-weight: 600;\">Variable <\/span><span style=\"color: #f88523; font-weight: 600;\">speed<\/span> from 10 to 100\u00a0cm\/sec, <span style=\"color: #f88523; font-weight: 600;\">programmable acceleration and deceleration<\/span>, <span style=\"color: #f88523; font-weight: 600;\">dual-activation<\/span> (electric and manual), <span style=\"color: #f88523; font-weight: 600;\">controllable from the stage<\/span>,\u00a0<span style=\"color: #f88523; font-weight: 600;\">direct return<\/span> with shunt, industrial <span style=\"color: #f88523; font-weight: 600;\">radio control<\/span>, anything is possible!<\/p>\n","protected":false},"featured_media":7788,"template":"","meta":{"_acf_changed":false},"product_brand":[],"product_cat":[898,1085,1086,897],"product_tag":[],"class_list":{"0":"post-17594","1":"product","2":"type-product","3":"status-publish","4":"has-post-thumbnail","6":"product_cat-all-products","7":"product_cat-technical-products","8":"product_cat-stage-curtain-tracks","9":"product_cat-theatre","10":"pa_techniques-made-to-measure","11":"pa_techniques-motorised","13":"first","14":"instock","15":"shipping-taxable","16":"purchasable","17":"product-type-simple"},"acf":[],"yoast_head":"<!-- This site is optimized with the Yoast SEO plugin v27.3 - https:\/\/yoast.com\/product\/yoast-seo-wordpress\/ -->\n<title>Track Motor 750 - Azur Scenic<\/title>\n<meta name=\"robots\" content=\"index, follow, max-snippet:-1, max-image-preview:large, max-video-preview:-1\" \/>\n<link rel=\"canonical\" href=\"https:\/\/www.azur-scenic.com\/en\/product\/track-motor-750\/\" \/>\n<meta property=\"og:locale\" content=\"en_US\" \/>\n<meta property=\"og:type\" content=\"article\" \/>\n<meta property=\"og:title\" content=\"Track Motor 750 - Azur Scenic\" \/>\n<meta property=\"og:description\" content=\"TM750: a powerful, silent, high-precision motor, perfect for our Heavy Track curtain tracks and available with a multitude of options to adapt to your project requirements and budget without compromising on quality. The triple drive pulley offers unrivalled precision with maximum curtain cord friction and virtually no slippage, allowing you to move curtains and scenery weighing\u00a0up to 500\u00a0kg. Variable speed from 10 to 100\u00a0cm\/sec, programmable acceleration and deceleration, dual-activation (electric and manual), controllable from the stage,\u00a0direct return with shunt, industrial radio control, anything is possible!\" \/>\n<meta property=\"og:url\" content=\"https:\/\/www.azur-scenic.com\/en\/product\/track-motor-750\/\" \/>\n<meta property=\"og:site_name\" content=\"Azur Scenic\" \/>\n<meta property=\"article:modified_time\" content=\"2023-08-02T12:58:38+00:00\" \/>\n<meta property=\"og:image\" content=\"https:\/\/www.azur-scenic.com\/wp-content\/uploads\/1d6223694904c227f6eebcb4033314f9-scaled.jpg\" \/>\n\t<meta property=\"og:image:width\" content=\"2560\" \/>\n\t<meta property=\"og:image:height\" content=\"2560\" \/>\n\t<meta property=\"og:image:type\" content=\"image\/jpeg\" \/>\n<meta name=\"twitter:card\" content=\"summary_large_image\" \/>\n<script type=\"application\/ld+json\" class=\"yoast-schema-graph\">{\"@context\":\"https:\\\/\\\/schema.org\",\"@graph\":[{\"@type\":\"WebPage\",\"@id\":\"https:\\\/\\\/www.azur-scenic.com\\\/en\\\/product\\\/track-motor-750\\\/\",\"url\":\"https:\\\/\\\/www.azur-scenic.com\\\/en\\\/product\\\/track-motor-750\\\/\",\"name\":\"Track Motor 750 - Azur Scenic\",\"isPartOf\":{\"@id\":\"https:\\\/\\\/www.azur-scenic.com\\\/en\\\/#website\"},\"primaryImageOfPage\":{\"@id\":\"https:\\\/\\\/www.azur-scenic.com\\\/en\\\/product\\\/track-motor-750\\\/#primaryimage\"},\"image\":{\"@id\":\"https:\\\/\\\/www.azur-scenic.com\\\/en\\\/product\\\/track-motor-750\\\/#primaryimage\"},\"thumbnailUrl\":\"https:\\\/\\\/www.azur-scenic.com\\\/wp-content\\\/uploads\\\/1d6223694904c227f6eebcb4033314f9-scaled.jpg\",\"datePublished\":\"2022-10-04T07:27:49+00:00\",\"dateModified\":\"2023-08-02T12:58:38+00:00\",\"breadcrumb\":{\"@id\":\"https:\\\/\\\/www.azur-scenic.com\\\/en\\\/product\\\/track-motor-750\\\/#breadcrumb\"},\"inLanguage\":\"en-US\",\"potentialAction\":[{\"@type\":\"ReadAction\",\"target\":[\"https:\\\/\\\/www.azur-scenic.com\\\/en\\\/product\\\/track-motor-750\\\/\"]}]},{\"@type\":\"ImageObject\",\"inLanguage\":\"en-US\",\"@id\":\"https:\\\/\\\/www.azur-scenic.com\\\/en\\\/product\\\/track-motor-750\\\/#primaryimage\",\"url\":\"https:\\\/\\\/www.azur-scenic.com\\\/wp-content\\\/uploads\\\/1d6223694904c227f6eebcb4033314f9-scaled.jpg\",\"contentUrl\":\"https:\\\/\\\/www.azur-scenic.com\\\/wp-content\\\/uploads\\\/1d6223694904c227f6eebcb4033314f9-scaled.jpg\",\"width\":2560,\"height\":2560},{\"@type\":\"BreadcrumbList\",\"@id\":\"https:\\\/\\\/www.azur-scenic.com\\\/en\\\/product\\\/track-motor-750\\\/#breadcrumb\",\"itemListElement\":[{\"@type\":\"ListItem\",\"position\":1,\"name\":\"Accueil\",\"item\":\"https:\\\/\\\/www.azur-scenic.com\\\/en\\\/\"},{\"@type\":\"ListItem\",\"position\":2,\"name\":\"Produits\",\"item\":\"https:\\\/\\\/www.azur-scenic.com\\\/en\\\/?page_id=21438\"},{\"@type\":\"ListItem\",\"position\":3,\"name\":\"Track Motor 750\"}]},{\"@type\":\"WebSite\",\"@id\":\"https:\\\/\\\/www.azur-scenic.com\\\/en\\\/#website\",\"url\":\"https:\\\/\\\/www.azur-scenic.com\\\/en\\\/\",\"name\":\"Azur Scenic\",\"description\":\"Sp\u00e9cialiste de l\u2019\u00e9quipement sc\u00e9nique et de la d\u00e9coration int\u00e9rieure et \u00e9v\u00e9nementielle !\",\"publisher\":{\"@id\":\"https:\\\/\\\/www.azur-scenic.com\\\/en\\\/#organization\"},\"potentialAction\":[{\"@type\":\"SearchAction\",\"target\":{\"@type\":\"EntryPoint\",\"urlTemplate\":\"https:\\\/\\\/www.azur-scenic.com\\\/en\\\/?s={search_term_string}\"},\"query-input\":{\"@type\":\"PropertyValueSpecification\",\"valueRequired\":true,\"valueName\":\"search_term_string\"}}],\"inLanguage\":\"en-US\"},{\"@type\":\"Organization\",\"@id\":\"https:\\\/\\\/www.azur-scenic.com\\\/en\\\/#organization\",\"name\":\"AZUR SCENIC\",\"url\":\"https:\\\/\\\/www.azur-scenic.com\\\/en\\\/\",\"logo\":{\"@type\":\"ImageObject\",\"inLanguage\":\"en-US\",\"@id\":\"https:\\\/\\\/www.azur-scenic.com\\\/en\\\/#\\\/schema\\\/logo\\\/image\\\/\",\"url\":\"https:\\\/\\\/www.azur-scenic.com\\\/wp-content\\\/uploads\\\/2022\\\/09\\\/LOGO-AZUR-SCENIC-Fusion-web-236x64-1.jpg\",\"contentUrl\":\"https:\\\/\\\/www.azur-scenic.com\\\/wp-content\\\/uploads\\\/2022\\\/09\\\/LOGO-AZUR-SCENIC-Fusion-web-236x64-1.jpg\",\"width\":236,\"height\":64,\"caption\":\"AZUR SCENIC\"},\"image\":{\"@id\":\"https:\\\/\\\/www.azur-scenic.com\\\/en\\\/#\\\/schema\\\/logo\\\/image\\\/\"},\"sameAs\":[\"https:\\\/\\\/www.youtube.com\\\/channel\\\/UCPWM2mGPVUt4nYhNlm71WOA\",\"https:\\\/\\\/www.linkedin.com\\\/company\\\/33237605\\\/admin\\\/feed\\\/posts\\\/\"]}]}<\/script>\n<!-- \/ Yoast SEO plugin. -->","yoast_head_json":{"title":"Track Motor 750 - Azur Scenic","robots":{"index":"index","follow":"follow","max-snippet":"max-snippet:-1","max-image-preview":"max-image-preview:large","max-video-preview":"max-video-preview:-1"},"canonical":"https:\/\/www.azur-scenic.com\/en\/product\/track-motor-750\/","og_locale":"en_US","og_type":"article","og_title":"Track Motor 750 - Azur Scenic","og_description":"TM750: a powerful, silent, high-precision motor, perfect for our Heavy Track curtain tracks and available with a multitude of options to adapt to your project requirements and budget without compromising on quality. The triple drive pulley offers unrivalled precision with maximum curtain cord friction and virtually no slippage, allowing you to move curtains and scenery weighing\u00a0up to 500\u00a0kg. Variable speed from 10 to 100\u00a0cm\/sec, programmable acceleration and deceleration, dual-activation (electric and manual), controllable from the stage,\u00a0direct return with shunt, industrial radio control, anything is possible!","og_url":"https:\/\/www.azur-scenic.com\/en\/product\/track-motor-750\/","og_site_name":"Azur Scenic","article_modified_time":"2023-08-02T12:58:38+00:00","og_image":[{"width":2560,"height":2560,"url":"https:\/\/www.azur-scenic.com\/wp-content\/uploads\/1d6223694904c227f6eebcb4033314f9-scaled.jpg","type":"image\/jpeg"}],"twitter_card":"summary_large_image","schema":{"@context":"https:\/\/schema.org","@graph":[{"@type":"WebPage","@id":"https:\/\/www.azur-scenic.com\/en\/product\/track-motor-750\/","url":"https:\/\/www.azur-scenic.com\/en\/product\/track-motor-750\/","name":"Track Motor 750 - Azur Scenic","isPartOf":{"@id":"https:\/\/www.azur-scenic.com\/en\/#website"},"primaryImageOfPage":{"@id":"https:\/\/www.azur-scenic.com\/en\/product\/track-motor-750\/#primaryimage"},"image":{"@id":"https:\/\/www.azur-scenic.com\/en\/product\/track-motor-750\/#primaryimage"},"thumbnailUrl":"https:\/\/www.azur-scenic.com\/wp-content\/uploads\/1d6223694904c227f6eebcb4033314f9-scaled.jpg","datePublished":"2022-10-04T07:27:49+00:00","dateModified":"2023-08-02T12:58:38+00:00","breadcrumb":{"@id":"https:\/\/www.azur-scenic.com\/en\/product\/track-motor-750\/#breadcrumb"},"inLanguage":"en-US","potentialAction":[{"@type":"ReadAction","target":["https:\/\/www.azur-scenic.com\/en\/product\/track-motor-750\/"]}]},{"@type":"ImageObject","inLanguage":"en-US","@id":"https:\/\/www.azur-scenic.com\/en\/product\/track-motor-750\/#primaryimage","url":"https:\/\/www.azur-scenic.com\/wp-content\/uploads\/1d6223694904c227f6eebcb4033314f9-scaled.jpg","contentUrl":"https:\/\/www.azur-scenic.com\/wp-content\/uploads\/1d6223694904c227f6eebcb4033314f9-scaled.jpg","width":2560,"height":2560},{"@type":"BreadcrumbList","@id":"https:\/\/www.azur-scenic.com\/en\/product\/track-motor-750\/#breadcrumb","itemListElement":[{"@type":"ListItem","position":1,"name":"Accueil","item":"https:\/\/www.azur-scenic.com\/en\/"},{"@type":"ListItem","position":2,"name":"Produits","item":"https:\/\/www.azur-scenic.com\/en\/?page_id=21438"},{"@type":"ListItem","position":3,"name":"Track Motor 750"}]},{"@type":"WebSite","@id":"https:\/\/www.azur-scenic.com\/en\/#website","url":"https:\/\/www.azur-scenic.com\/en\/","name":"Azur Scenic","description":"Sp\u00e9cialiste de l\u2019\u00e9quipement sc\u00e9nique et de la d\u00e9coration int\u00e9rieure et \u00e9v\u00e9nementielle !","publisher":{"@id":"https:\/\/www.azur-scenic.com\/en\/#organization"},"potentialAction":[{"@type":"SearchAction","target":{"@type":"EntryPoint","urlTemplate":"https:\/\/www.azur-scenic.com\/en\/?s={search_term_string}"},"query-input":{"@type":"PropertyValueSpecification","valueRequired":true,"valueName":"search_term_string"}}],"inLanguage":"en-US"},{"@type":"Organization","@id":"https:\/\/www.azur-scenic.com\/en\/#organization","name":"AZUR SCENIC","url":"https:\/\/www.azur-scenic.com\/en\/","logo":{"@type":"ImageObject","inLanguage":"en-US","@id":"https:\/\/www.azur-scenic.com\/en\/#\/schema\/logo\/image\/","url":"https:\/\/www.azur-scenic.com\/wp-content\/uploads\/2022\/09\/LOGO-AZUR-SCENIC-Fusion-web-236x64-1.jpg","contentUrl":"https:\/\/www.azur-scenic.com\/wp-content\/uploads\/2022\/09\/LOGO-AZUR-SCENIC-Fusion-web-236x64-1.jpg","width":236,"height":64,"caption":"AZUR SCENIC"},"image":{"@id":"https:\/\/www.azur-scenic.com\/en\/#\/schema\/logo\/image\/"},"sameAs":["https:\/\/www.youtube.com\/channel\/UCPWM2mGPVUt4nYhNlm71WOA","https:\/\/www.linkedin.com\/company\/33237605\/admin\/feed\/posts\/"]}]}},"_links":{"self":[{"href":"https:\/\/www.azur-scenic.com\/en\/wp-json\/wp\/v2\/product\/17594","targetHints":{"allow":["GET"]}}],"collection":[{"href":"https:\/\/www.azur-scenic.com\/en\/wp-json\/wp\/v2\/product"}],"about":[{"href":"https:\/\/www.azur-scenic.com\/en\/wp-json\/wp\/v2\/types\/product"}],"wp:featuredmedia":[{"embeddable":true,"href":"https:\/\/www.azur-scenic.com\/en\/wp-json\/wp\/v2\/media\/7788"}],"wp:attachment":[{"href":"https:\/\/www.azur-scenic.com\/en\/wp-json\/wp\/v2\/media?parent=17594"}],"wp:term":[{"taxonomy":"product_brand","embeddable":true,"href":"https:\/\/www.azur-scenic.com\/en\/wp-json\/wp\/v2\/product_brand?post=17594"},{"taxonomy":"product_cat","embeddable":true,"href":"https:\/\/www.azur-scenic.com\/en\/wp-json\/wp\/v2\/product_cat?post=17594"},{"taxonomy":"product_tag","embeddable":true,"href":"https:\/\/www.azur-scenic.com\/en\/wp-json\/wp\/v2\/product_tag?post=17594"}],"curies":[{"name":"wp","href":"https:\/\/api.w.org\/{rel}","templated":true}]}}