{"id":17598,"date":"2022-10-04T07:27:49","date_gmt":"2022-10-04T07:27:49","guid":{"rendered":"https:\/\/www.azur-scenic.com\/produit\/heavy-track\/"},"modified":"2023-08-02T12:58:35","modified_gmt":"2023-08-02T12:58:35","slug":"heavy-track","status":"publish","type":"product","link":"https:\/\/www.azur-scenic.com\/en\/product\/heavy-track\/","title":{"rendered":"Heavy Track"},"content":{"rendered":"<p><p>Aluminium rails in <strong><span style=\"color: #f88523;\">black<\/span><\/strong> (other colours available on demand).<\/p>\n<p>Can be activated in <strong><span style=\"color: #f88523;\">walk-along<\/span><\/strong> (without pull), <strong><span style=\"color: #f88523;\">manual corded curtain pull<\/span><\/strong> (polyester curtain cord \u00d8 8\u00a0mm) or <strong><span style=\"color: #f88523;\">motorised<\/span><\/strong> (Kevlar curtain cord \u00d8 8\u00a0mm).<\/p>\n<p>Can be <strong><span style=\"color: #f88523;\">bent to shape<\/span><\/strong> (all curtain movements).<\/p>\n<p>Installation in <strong><span style=\"color: #f88523;\">single curtain tracks for 1 or 2 curtains<\/span><\/strong> (central overlap approx. 35\u00a0cm) or on <strong><span style=\"color: #f88523;\">double-track curtain rails<\/span><\/strong> with overlap (standard central overlap 1 m, other overlaps available to order).<\/p>\n<p>Can be installed with <strong><span style=\"color: #f88523;\">ceiling mountings<\/span><\/strong>, <strong><span style=\"color: #f88523;\">wall mountings<\/span><\/strong> on brackets, on <strong><span style=\"color: #f88523;\">tubes<\/span><\/strong> using clamps (tube \u00d8 50 mm).<\/p>\n<p><strong><span style=\"color: #f88523;\">Technical specifications, Options\u00a0&amp; Accessories<\/span><\/strong><br \/>\nDownload the technical specifications below<\/p>\n<p>\u00a0<\/p><\/p>\n","protected":false},"excerpt":{"rendered":"<p><strong><span style=\"color: #f88523;\">Fully modular stage curtain tracks<\/span><\/strong>, ideal for equipping any type of stage, including theatres, concert halls and performance venues where <strong><span style=\"color: #f88523;\">extra-heavy loads<\/span><\/strong> such as velour curtains, extra-large curtains, or acoustic curtains are in use.<\/p>\n<p>The <strong><span style=\"color: #f88523;\">quick, easy installation<\/span><\/strong> thanks to a <strong><span style=\"color: #f88523;\">super-heavy-duty and extremely rigid construction<\/span><\/strong> requires a minimum of anchor points (maximum spacing between anchor points: 3 m, adjustable according to curtain weight) makes a <strong><span style=\"color: #f88523;\">perfect material for touring<\/span><\/strong>where frequent assembly and disassembly are required.<\/p>\n","protected":false},"featured_media":7782,"template":"","meta":{"_acf_changed":false},"product_brand":[],"product_cat":[898,1085,1086,897],"product_tag":[],"class_list":{"0":"post-17598","1":"product","2":"type-product","3":"status-publish","4":"has-post-thumbnail","6":"product_cat-all-products","7":"product_cat-technical-products","8":"product_cat-stage-curtain-tracks","9":"product_cat-theatre","10":"pa_techniques-walk-along","11":"pa_techniques-shapeable","12":"pa_techniques-made-to-measure","13":"pa_techniques-wall-mounted","14":"pa_techniques-ceiling-mounted","15":"pa_techniques-tube-mounted","16":"pa_techniques-double-track-system","17":"pa_techniques-single-track-system","18":"pa_techniques-manual","19":"pa_techniques-motorised","21":"first","22":"instock","23":"shipping-taxable","24":"purchasable","25":"product-type-simple"},"acf":[],"yoast_head":"<!-- This site is optimized with the Yoast SEO plugin v27.3 - https:\/\/yoast.com\/product\/yoast-seo-wordpress\/ -->\n<title>Heavy Track - Azur Scenic<\/title>\n<meta name=\"robots\" content=\"index, follow, max-snippet:-1, max-image-preview:large, max-video-preview:-1\" \/>\n<link rel=\"canonical\" href=\"https:\/\/www.azur-scenic.com\/en\/product\/heavy-track\/\" \/>\n<meta property=\"og:locale\" content=\"en_US\" \/>\n<meta property=\"og:type\" content=\"article\" \/>\n<meta property=\"og:title\" content=\"Heavy Track - Azur Scenic\" \/>\n<meta property=\"og:description\" content=\"Fully modular stage curtain tracks, ideal for equipping any type of stage, including theatres, concert halls and performance venues where extra-heavy loads such as velour curtains, extra-large curtains, or acoustic curtains are in use. The quick, easy installation thanks to a super-heavy-duty and extremely rigid construction requires a minimum of anchor points (maximum spacing between anchor points: 3 m, adjustable according to curtain weight) makes a perfect material for touringwhere frequent assembly and disassembly are required.\" \/>\n<meta property=\"og:url\" content=\"https:\/\/www.azur-scenic.com\/en\/product\/heavy-track\/\" \/>\n<meta property=\"og:site_name\" content=\"Azur Scenic\" \/>\n<meta property=\"article:modified_time\" content=\"2023-08-02T12:58:35+00:00\" \/>\n<meta property=\"og:image\" content=\"https:\/\/www.azur-scenic.com\/wp-content\/uploads\/311bf19956fe6c0c64a7472fe1417dcd-4-scaled.jpg\" \/>\n\t<meta property=\"og:image:width\" content=\"2560\" \/>\n\t<meta property=\"og:image:height\" content=\"2560\" \/>\n\t<meta property=\"og:image:type\" content=\"image\/jpeg\" \/>\n<meta name=\"twitter:card\" content=\"summary_large_image\" \/>\n<script type=\"application\/ld+json\" class=\"yoast-schema-graph\">{\"@context\":\"https:\\\/\\\/schema.org\",\"@graph\":[{\"@type\":\"WebPage\",\"@id\":\"https:\\\/\\\/www.azur-scenic.com\\\/en\\\/product\\\/heavy-track\\\/\",\"url\":\"https:\\\/\\\/www.azur-scenic.com\\\/en\\\/product\\\/heavy-track\\\/\",\"name\":\"Heavy Track - Azur Scenic\",\"isPartOf\":{\"@id\":\"https:\\\/\\\/www.azur-scenic.com\\\/en\\\/#website\"},\"primaryImageOfPage\":{\"@id\":\"https:\\\/\\\/www.azur-scenic.com\\\/en\\\/product\\\/heavy-track\\\/#primaryimage\"},\"image\":{\"@id\":\"https:\\\/\\\/www.azur-scenic.com\\\/en\\\/product\\\/heavy-track\\\/#primaryimage\"},\"thumbnailUrl\":\"https:\\\/\\\/www.azur-scenic.com\\\/wp-content\\\/uploads\\\/311bf19956fe6c0c64a7472fe1417dcd-4-scaled.jpg\",\"datePublished\":\"2022-10-04T07:27:49+00:00\",\"dateModified\":\"2023-08-02T12:58:35+00:00\",\"breadcrumb\":{\"@id\":\"https:\\\/\\\/www.azur-scenic.com\\\/en\\\/product\\\/heavy-track\\\/#breadcrumb\"},\"inLanguage\":\"en-US\",\"potentialAction\":[{\"@type\":\"ReadAction\",\"target\":[\"https:\\\/\\\/www.azur-scenic.com\\\/en\\\/product\\\/heavy-track\\\/\"]}]},{\"@type\":\"ImageObject\",\"inLanguage\":\"en-US\",\"@id\":\"https:\\\/\\\/www.azur-scenic.com\\\/en\\\/product\\\/heavy-track\\\/#primaryimage\",\"url\":\"https:\\\/\\\/www.azur-scenic.com\\\/wp-content\\\/uploads\\\/311bf19956fe6c0c64a7472fe1417dcd-4-scaled.jpg\",\"contentUrl\":\"https:\\\/\\\/www.azur-scenic.com\\\/wp-content\\\/uploads\\\/311bf19956fe6c0c64a7472fe1417dcd-4-scaled.jpg\",\"width\":2560,\"height\":2560},{\"@type\":\"BreadcrumbList\",\"@id\":\"https:\\\/\\\/www.azur-scenic.com\\\/en\\\/product\\\/heavy-track\\\/#breadcrumb\",\"itemListElement\":[{\"@type\":\"ListItem\",\"position\":1,\"name\":\"Accueil\",\"item\":\"https:\\\/\\\/www.azur-scenic.com\\\/en\\\/\"},{\"@type\":\"ListItem\",\"position\":2,\"name\":\"Produits\",\"item\":\"https:\\\/\\\/www.azur-scenic.com\\\/en\\\/?page_id=21438\"},{\"@type\":\"ListItem\",\"position\":3,\"name\":\"Heavy Track\"}]},{\"@type\":\"WebSite\",\"@id\":\"https:\\\/\\\/www.azur-scenic.com\\\/en\\\/#website\",\"url\":\"https:\\\/\\\/www.azur-scenic.com\\\/en\\\/\",\"name\":\"Azur Scenic\",\"description\":\"Sp\u00e9cialiste de l\u2019\u00e9quipement sc\u00e9nique et de la d\u00e9coration int\u00e9rieure et \u00e9v\u00e9nementielle !\",\"publisher\":{\"@id\":\"https:\\\/\\\/www.azur-scenic.com\\\/en\\\/#organization\"},\"potentialAction\":[{\"@type\":\"SearchAction\",\"target\":{\"@type\":\"EntryPoint\",\"urlTemplate\":\"https:\\\/\\\/www.azur-scenic.com\\\/en\\\/?s={search_term_string}\"},\"query-input\":{\"@type\":\"PropertyValueSpecification\",\"valueRequired\":true,\"valueName\":\"search_term_string\"}}],\"inLanguage\":\"en-US\"},{\"@type\":\"Organization\",\"@id\":\"https:\\\/\\\/www.azur-scenic.com\\\/en\\\/#organization\",\"name\":\"AZUR SCENIC\",\"url\":\"https:\\\/\\\/www.azur-scenic.com\\\/en\\\/\",\"logo\":{\"@type\":\"ImageObject\",\"inLanguage\":\"en-US\",\"@id\":\"https:\\\/\\\/www.azur-scenic.com\\\/en\\\/#\\\/schema\\\/logo\\\/image\\\/\",\"url\":\"https:\\\/\\\/www.azur-scenic.com\\\/wp-content\\\/uploads\\\/2022\\\/09\\\/LOGO-AZUR-SCENIC-Fusion-web-236x64-1.jpg\",\"contentUrl\":\"https:\\\/\\\/www.azur-scenic.com\\\/wp-content\\\/uploads\\\/2022\\\/09\\\/LOGO-AZUR-SCENIC-Fusion-web-236x64-1.jpg\",\"width\":236,\"height\":64,\"caption\":\"AZUR SCENIC\"},\"image\":{\"@id\":\"https:\\\/\\\/www.azur-scenic.com\\\/en\\\/#\\\/schema\\\/logo\\\/image\\\/\"},\"sameAs\":[\"https:\\\/\\\/www.youtube.com\\\/channel\\\/UCPWM2mGPVUt4nYhNlm71WOA\",\"https:\\\/\\\/www.linkedin.com\\\/company\\\/33237605\\\/admin\\\/feed\\\/posts\\\/\"]}]}<\/script>\n<!-- \/ Yoast SEO plugin. -->","yoast_head_json":{"title":"Heavy Track - Azur Scenic","robots":{"index":"index","follow":"follow","max-snippet":"max-snippet:-1","max-image-preview":"max-image-preview:large","max-video-preview":"max-video-preview:-1"},"canonical":"https:\/\/www.azur-scenic.com\/en\/product\/heavy-track\/","og_locale":"en_US","og_type":"article","og_title":"Heavy Track - Azur Scenic","og_description":"Fully modular stage curtain tracks, ideal for equipping any type of stage, including theatres, concert halls and performance venues where extra-heavy loads such as velour curtains, extra-large curtains, or acoustic curtains are in use. The quick, easy installation thanks to a super-heavy-duty and extremely rigid construction requires a minimum of anchor points (maximum spacing between anchor points: 3 m, adjustable according to curtain weight) makes a perfect material for touringwhere frequent assembly and disassembly are required.","og_url":"https:\/\/www.azur-scenic.com\/en\/product\/heavy-track\/","og_site_name":"Azur Scenic","article_modified_time":"2023-08-02T12:58:35+00:00","og_image":[{"width":2560,"height":2560,"url":"https:\/\/www.azur-scenic.com\/wp-content\/uploads\/311bf19956fe6c0c64a7472fe1417dcd-4-scaled.jpg","type":"image\/jpeg"}],"twitter_card":"summary_large_image","schema":{"@context":"https:\/\/schema.org","@graph":[{"@type":"WebPage","@id":"https:\/\/www.azur-scenic.com\/en\/product\/heavy-track\/","url":"https:\/\/www.azur-scenic.com\/en\/product\/heavy-track\/","name":"Heavy Track - Azur Scenic","isPartOf":{"@id":"https:\/\/www.azur-scenic.com\/en\/#website"},"primaryImageOfPage":{"@id":"https:\/\/www.azur-scenic.com\/en\/product\/heavy-track\/#primaryimage"},"image":{"@id":"https:\/\/www.azur-scenic.com\/en\/product\/heavy-track\/#primaryimage"},"thumbnailUrl":"https:\/\/www.azur-scenic.com\/wp-content\/uploads\/311bf19956fe6c0c64a7472fe1417dcd-4-scaled.jpg","datePublished":"2022-10-04T07:27:49+00:00","dateModified":"2023-08-02T12:58:35+00:00","breadcrumb":{"@id":"https:\/\/www.azur-scenic.com\/en\/product\/heavy-track\/#breadcrumb"},"inLanguage":"en-US","potentialAction":[{"@type":"ReadAction","target":["https:\/\/www.azur-scenic.com\/en\/product\/heavy-track\/"]}]},{"@type":"ImageObject","inLanguage":"en-US","@id":"https:\/\/www.azur-scenic.com\/en\/product\/heavy-track\/#primaryimage","url":"https:\/\/www.azur-scenic.com\/wp-content\/uploads\/311bf19956fe6c0c64a7472fe1417dcd-4-scaled.jpg","contentUrl":"https:\/\/www.azur-scenic.com\/wp-content\/uploads\/311bf19956fe6c0c64a7472fe1417dcd-4-scaled.jpg","width":2560,"height":2560},{"@type":"BreadcrumbList","@id":"https:\/\/www.azur-scenic.com\/en\/product\/heavy-track\/#breadcrumb","itemListElement":[{"@type":"ListItem","position":1,"name":"Accueil","item":"https:\/\/www.azur-scenic.com\/en\/"},{"@type":"ListItem","position":2,"name":"Produits","item":"https:\/\/www.azur-scenic.com\/en\/?page_id=21438"},{"@type":"ListItem","position":3,"name":"Heavy Track"}]},{"@type":"WebSite","@id":"https:\/\/www.azur-scenic.com\/en\/#website","url":"https:\/\/www.azur-scenic.com\/en\/","name":"Azur Scenic","description":"Sp\u00e9cialiste de l\u2019\u00e9quipement sc\u00e9nique et de la d\u00e9coration int\u00e9rieure et \u00e9v\u00e9nementielle !","publisher":{"@id":"https:\/\/www.azur-scenic.com\/en\/#organization"},"potentialAction":[{"@type":"SearchAction","target":{"@type":"EntryPoint","urlTemplate":"https:\/\/www.azur-scenic.com\/en\/?s={search_term_string}"},"query-input":{"@type":"PropertyValueSpecification","valueRequired":true,"valueName":"search_term_string"}}],"inLanguage":"en-US"},{"@type":"Organization","@id":"https:\/\/www.azur-scenic.com\/en\/#organization","name":"AZUR SCENIC","url":"https:\/\/www.azur-scenic.com\/en\/","logo":{"@type":"ImageObject","inLanguage":"en-US","@id":"https:\/\/www.azur-scenic.com\/en\/#\/schema\/logo\/image\/","url":"https:\/\/www.azur-scenic.com\/wp-content\/uploads\/2022\/09\/LOGO-AZUR-SCENIC-Fusion-web-236x64-1.jpg","contentUrl":"https:\/\/www.azur-scenic.com\/wp-content\/uploads\/2022\/09\/LOGO-AZUR-SCENIC-Fusion-web-236x64-1.jpg","width":236,"height":64,"caption":"AZUR SCENIC"},"image":{"@id":"https:\/\/www.azur-scenic.com\/en\/#\/schema\/logo\/image\/"},"sameAs":["https:\/\/www.youtube.com\/channel\/UCPWM2mGPVUt4nYhNlm71WOA","https:\/\/www.linkedin.com\/company\/33237605\/admin\/feed\/posts\/"]}]}},"_links":{"self":[{"href":"https:\/\/www.azur-scenic.com\/en\/wp-json\/wp\/v2\/product\/17598","targetHints":{"allow":["GET"]}}],"collection":[{"href":"https:\/\/www.azur-scenic.com\/en\/wp-json\/wp\/v2\/product"}],"about":[{"href":"https:\/\/www.azur-scenic.com\/en\/wp-json\/wp\/v2\/types\/product"}],"wp:featuredmedia":[{"embeddable":true,"href":"https:\/\/www.azur-scenic.com\/en\/wp-json\/wp\/v2\/media\/7782"}],"wp:attachment":[{"href":"https:\/\/www.azur-scenic.com\/en\/wp-json\/wp\/v2\/media?parent=17598"}],"wp:term":[{"taxonomy":"product_brand","embeddable":true,"href":"https:\/\/www.azur-scenic.com\/en\/wp-json\/wp\/v2\/product_brand?post=17598"},{"taxonomy":"product_cat","embeddable":true,"href":"https:\/\/www.azur-scenic.com\/en\/wp-json\/wp\/v2\/product_cat?post=17598"},{"taxonomy":"product_tag","embeddable":true,"href":"https:\/\/www.azur-scenic.com\/en\/wp-json\/wp\/v2\/product_tag?post=17598"}],"curies":[{"name":"wp","href":"https:\/\/api.w.org\/{rel}","templated":true}]}}