{"id":17601,"date":"2022-10-04T07:27:48","date_gmt":"2022-10-04T07:27:48","guid":{"rendered":"https:\/\/www.azur-scenic.com\/produit\/studioscreen-4570\/"},"modified":"2023-08-02T12:58:21","modified_gmt":"2023-08-02T12:58:21","slug":"studioscreen-4570","status":"publish","type":"product","link":"https:\/\/www.azur-scenic.com\/en\/product\/studioscreen-4570\/","title":{"rendered":"StudioScreen 4570"},"content":{"rendered":"<p><p><strong><span style=\"color: #f88523;\">Cover<\/span><\/strong><br \/>\nCanvas is fully protected by a sturdy body with the ends enclosed by steel panels.<br \/>\nBlack (RAL 9005, Epoxy paint) or white (RAL 9010) epoxy as standard colours, other colours available.<\/p>\n<p><strong><span style=\"color: #f88523;\">Motor<\/span><\/strong><br \/>\nTubular drive &#8211; smooth and silent.<br \/>\nStandard order: 3-position wall-mounted switch (optional radio-control or DMX).<br \/>\nPower: 40 Nm.<br \/>\nSpeed: 17 RPM.<br \/>\nPower supply: 230 V \/ 50 Hz.<br \/>\nPower rating: 322 W.<\/p>\n<p><strong><span style=\"color: #f88523;\">Power supply<\/span><\/strong><br \/>\nPower lead located to right of screen (seen from front).<\/p>\n<p><strong><span style=\"color: #f88523;\">Weighting<\/span><\/strong><br \/>\nIncludes weighted pole, black, 20 mm x 35 mm height.<\/p>\n<p><strong><span style=\"color: #f88523;\">Fixing<\/span><\/strong><br \/>\nSliding ceiling mountings included<em> (wall or truss mountings optional).<\/em><br \/>\n3 mountings per screen of up to 6 m base.<br \/>\n4 supports per screen for screens of 6 to 7 m base.<\/p>\n<p><strong><span style=\"color: #f88523;\">Certification<\/span><\/strong><br \/>\nStudioScreen 4570 is IMQ certified<br \/>\nScreens are flame-retardant rated (M1 \/ B1).<\/p>\n<p><strong><span style=\"color: #f88523;\">Canvas finishes<\/span><\/strong><br \/>\nFinish &#8211; upper: screen without border (5 cm black border optional).<br \/>\nFinish &#8211; sides: screen without border (5 cm black border optional).<br \/>\nFinish &#8211; lower section: 10 cm black border.<\/p>\n<p><strong><span style=\"color: #f88523;\">Technical specifications<\/span><\/strong><br \/>\nSee PDF in the &#8220;Downloads&#8221; tab below.<\/p><\/p>\n","protected":false},"excerpt":{"rendered":"<p><strong><span style=\"color: #0bace4;\">Attractive, silent and easy to install motorised screen<br \/>\nFor projections from 4.50 m to 7 m wide.<\/span><\/strong><\/p>\n<p>A <strong><span style=\"color: #f88523;\">motorised roller screen<\/span><\/strong> available in <strong><span style=\"color: #f88523;\">a range of dimensions<\/span><\/strong> &#8211; from 4.50 to 7 m base &#8211; and <strong><span style=\"color: #f88523;\">aspect ratios<\/span><\/strong> &#8211; 4:3, 16:9 and 16:10 &#8211; designed specially for large projection surfaces.<\/p>\n<p>Roller system is compatible with various projection screens (<strong><span style=\"color: #f88523;\">face and rear<\/span><\/strong>).<\/p>\n<p>StudioScreen 4570 offers an <strong><span style=\"color: #f88523;\">attractive and harmonious design<\/span><\/strong> thanks to its casing in a choice of black or white as standard, combined with a <strong><span style=\"color: #f88523;\">silent motor<\/span><\/strong>. With its sliding supports, <strong><span style=\"color: #f88523;\">installation is a piece of cake<\/span><\/strong> for use in meeting rooms, university amphitheatres and lecture halls, theatres and concert halls&#8230;<\/p>\n","protected":false},"featured_media":7734,"template":"","meta":{"_acf_changed":false},"product_brand":[],"product_cat":[898,1085,1293,1027],"product_tag":[],"class_list":{"0":"post-17601","1":"product","2":"type-product","3":"status-publish","4":"has-post-thumbnail","6":"product_cat-all-products","7":"product_cat-technical-products","8":"product_cat-motorised-screens","9":"product_cat-decoration","10":"pa_techniques-made-to-measure","11":"pa_textiles-flame-retardant-rated","12":"pa_textiles-front-projection","13":"pa_textiles-rear-projection","15":"first","16":"instock","17":"shipping-taxable","18":"purchasable","19":"product-type-simple"},"acf":[],"yoast_head":"<!-- This site is optimized with the Yoast SEO plugin v27.3 - https:\/\/yoast.com\/product\/yoast-seo-wordpress\/ -->\n<title>StudioScreen 4570 - Azur Scenic<\/title>\n<meta name=\"robots\" content=\"index, follow, max-snippet:-1, max-image-preview:large, max-video-preview:-1\" \/>\n<link rel=\"canonical\" href=\"https:\/\/www.azur-scenic.com\/en\/product\/studioscreen-4570\/\" \/>\n<meta property=\"og:locale\" content=\"en_US\" \/>\n<meta property=\"og:type\" content=\"article\" \/>\n<meta property=\"og:title\" content=\"StudioScreen 4570 - Azur Scenic\" \/>\n<meta property=\"og:description\" content=\"Attractive, silent and easy to install motorised screen For projections from 4.50 m to 7 m wide. A motorised roller screen available in a range of dimensions - from 4.50 to 7 m base - and aspect ratios - 4:3, 16:9 and 16:10 - designed specially for large projection surfaces. Roller system is compatible with various projection screens (face and rear). StudioScreen 4570 offers an attractive and harmonious design thanks to its casing in a choice of black or white as standard, combined with a silent motor. With its sliding supports, installation is a piece of cake for use in meeting rooms, university amphitheatres and lecture halls, theatres and concert halls...\" \/>\n<meta property=\"og:url\" content=\"https:\/\/www.azur-scenic.com\/en\/product\/studioscreen-4570\/\" \/>\n<meta property=\"og:site_name\" content=\"Azur Scenic\" \/>\n<meta property=\"article:modified_time\" content=\"2023-08-02T12:58:21+00:00\" \/>\n<meta property=\"og:image\" content=\"https:\/\/www.azur-scenic.com\/wp-content\/uploads\/27c61aa6cc9ed4e76c7875ef472671c5.jpg\" \/>\n\t<meta property=\"og:image:width\" content=\"945\" \/>\n\t<meta property=\"og:image:height\" content=\"945\" \/>\n\t<meta property=\"og:image:type\" content=\"image\/jpeg\" \/>\n<meta name=\"twitter:card\" content=\"summary_large_image\" \/>\n<meta name=\"twitter:label1\" content=\"Est. reading time\" \/>\n\t<meta name=\"twitter:data1\" content=\"1 minute\" \/>\n<script type=\"application\/ld+json\" class=\"yoast-schema-graph\">{\"@context\":\"https:\\\/\\\/schema.org\",\"@graph\":[{\"@type\":\"WebPage\",\"@id\":\"https:\\\/\\\/www.azur-scenic.com\\\/en\\\/product\\\/studioscreen-4570\\\/\",\"url\":\"https:\\\/\\\/www.azur-scenic.com\\\/en\\\/product\\\/studioscreen-4570\\\/\",\"name\":\"StudioScreen 4570 - Azur Scenic\",\"isPartOf\":{\"@id\":\"https:\\\/\\\/www.azur-scenic.com\\\/en\\\/#website\"},\"primaryImageOfPage\":{\"@id\":\"https:\\\/\\\/www.azur-scenic.com\\\/en\\\/product\\\/studioscreen-4570\\\/#primaryimage\"},\"image\":{\"@id\":\"https:\\\/\\\/www.azur-scenic.com\\\/en\\\/product\\\/studioscreen-4570\\\/#primaryimage\"},\"thumbnailUrl\":\"https:\\\/\\\/www.azur-scenic.com\\\/wp-content\\\/uploads\\\/27c61aa6cc9ed4e76c7875ef472671c5.jpg\",\"datePublished\":\"2022-10-04T07:27:48+00:00\",\"dateModified\":\"2023-08-02T12:58:21+00:00\",\"breadcrumb\":{\"@id\":\"https:\\\/\\\/www.azur-scenic.com\\\/en\\\/product\\\/studioscreen-4570\\\/#breadcrumb\"},\"inLanguage\":\"en-US\",\"potentialAction\":[{\"@type\":\"ReadAction\",\"target\":[\"https:\\\/\\\/www.azur-scenic.com\\\/en\\\/product\\\/studioscreen-4570\\\/\"]}]},{\"@type\":\"ImageObject\",\"inLanguage\":\"en-US\",\"@id\":\"https:\\\/\\\/www.azur-scenic.com\\\/en\\\/product\\\/studioscreen-4570\\\/#primaryimage\",\"url\":\"https:\\\/\\\/www.azur-scenic.com\\\/wp-content\\\/uploads\\\/27c61aa6cc9ed4e76c7875ef472671c5.jpg\",\"contentUrl\":\"https:\\\/\\\/www.azur-scenic.com\\\/wp-content\\\/uploads\\\/27c61aa6cc9ed4e76c7875ef472671c5.jpg\",\"width\":945,\"height\":945},{\"@type\":\"BreadcrumbList\",\"@id\":\"https:\\\/\\\/www.azur-scenic.com\\\/en\\\/product\\\/studioscreen-4570\\\/#breadcrumb\",\"itemListElement\":[{\"@type\":\"ListItem\",\"position\":1,\"name\":\"Accueil\",\"item\":\"https:\\\/\\\/www.azur-scenic.com\\\/en\\\/\"},{\"@type\":\"ListItem\",\"position\":2,\"name\":\"Produits\",\"item\":\"https:\\\/\\\/www.azur-scenic.com\\\/en\\\/?page_id=21438\"},{\"@type\":\"ListItem\",\"position\":3,\"name\":\"StudioScreen 4570\"}]},{\"@type\":\"WebSite\",\"@id\":\"https:\\\/\\\/www.azur-scenic.com\\\/en\\\/#website\",\"url\":\"https:\\\/\\\/www.azur-scenic.com\\\/en\\\/\",\"name\":\"Azur Scenic\",\"description\":\"Sp\u00e9cialiste de l\u2019\u00e9quipement sc\u00e9nique et de la d\u00e9coration int\u00e9rieure et \u00e9v\u00e9nementielle !\",\"publisher\":{\"@id\":\"https:\\\/\\\/www.azur-scenic.com\\\/en\\\/#organization\"},\"potentialAction\":[{\"@type\":\"SearchAction\",\"target\":{\"@type\":\"EntryPoint\",\"urlTemplate\":\"https:\\\/\\\/www.azur-scenic.com\\\/en\\\/?s={search_term_string}\"},\"query-input\":{\"@type\":\"PropertyValueSpecification\",\"valueRequired\":true,\"valueName\":\"search_term_string\"}}],\"inLanguage\":\"en-US\"},{\"@type\":\"Organization\",\"@id\":\"https:\\\/\\\/www.azur-scenic.com\\\/en\\\/#organization\",\"name\":\"AZUR SCENIC\",\"url\":\"https:\\\/\\\/www.azur-scenic.com\\\/en\\\/\",\"logo\":{\"@type\":\"ImageObject\",\"inLanguage\":\"en-US\",\"@id\":\"https:\\\/\\\/www.azur-scenic.com\\\/en\\\/#\\\/schema\\\/logo\\\/image\\\/\",\"url\":\"https:\\\/\\\/www.azur-scenic.com\\\/wp-content\\\/uploads\\\/2022\\\/09\\\/LOGO-AZUR-SCENIC-Fusion-web-236x64-1.jpg\",\"contentUrl\":\"https:\\\/\\\/www.azur-scenic.com\\\/wp-content\\\/uploads\\\/2022\\\/09\\\/LOGO-AZUR-SCENIC-Fusion-web-236x64-1.jpg\",\"width\":236,\"height\":64,\"caption\":\"AZUR SCENIC\"},\"image\":{\"@id\":\"https:\\\/\\\/www.azur-scenic.com\\\/en\\\/#\\\/schema\\\/logo\\\/image\\\/\"},\"sameAs\":[\"https:\\\/\\\/www.youtube.com\\\/channel\\\/UCPWM2mGPVUt4nYhNlm71WOA\",\"https:\\\/\\\/www.linkedin.com\\\/company\\\/33237605\\\/admin\\\/feed\\\/posts\\\/\"]}]}<\/script>\n<!-- \/ Yoast SEO plugin. -->","yoast_head_json":{"title":"StudioScreen 4570 - Azur Scenic","robots":{"index":"index","follow":"follow","max-snippet":"max-snippet:-1","max-image-preview":"max-image-preview:large","max-video-preview":"max-video-preview:-1"},"canonical":"https:\/\/www.azur-scenic.com\/en\/product\/studioscreen-4570\/","og_locale":"en_US","og_type":"article","og_title":"StudioScreen 4570 - Azur Scenic","og_description":"Attractive, silent and easy to install motorised screen For projections from 4.50 m to 7 m wide. A motorised roller screen available in a range of dimensions - from 4.50 to 7 m base - and aspect ratios - 4:3, 16:9 and 16:10 - designed specially for large projection surfaces. Roller system is compatible with various projection screens (face and rear). StudioScreen 4570 offers an attractive and harmonious design thanks to its casing in a choice of black or white as standard, combined with a silent motor. With its sliding supports, installation is a piece of cake for use in meeting rooms, university amphitheatres and lecture halls, theatres and concert halls...","og_url":"https:\/\/www.azur-scenic.com\/en\/product\/studioscreen-4570\/","og_site_name":"Azur Scenic","article_modified_time":"2023-08-02T12:58:21+00:00","og_image":[{"width":945,"height":945,"url":"https:\/\/www.azur-scenic.com\/wp-content\/uploads\/27c61aa6cc9ed4e76c7875ef472671c5.jpg","type":"image\/jpeg"}],"twitter_card":"summary_large_image","twitter_misc":{"Est. reading time":"1 minute"},"schema":{"@context":"https:\/\/schema.org","@graph":[{"@type":"WebPage","@id":"https:\/\/www.azur-scenic.com\/en\/product\/studioscreen-4570\/","url":"https:\/\/www.azur-scenic.com\/en\/product\/studioscreen-4570\/","name":"StudioScreen 4570 - Azur Scenic","isPartOf":{"@id":"https:\/\/www.azur-scenic.com\/en\/#website"},"primaryImageOfPage":{"@id":"https:\/\/www.azur-scenic.com\/en\/product\/studioscreen-4570\/#primaryimage"},"image":{"@id":"https:\/\/www.azur-scenic.com\/en\/product\/studioscreen-4570\/#primaryimage"},"thumbnailUrl":"https:\/\/www.azur-scenic.com\/wp-content\/uploads\/27c61aa6cc9ed4e76c7875ef472671c5.jpg","datePublished":"2022-10-04T07:27:48+00:00","dateModified":"2023-08-02T12:58:21+00:00","breadcrumb":{"@id":"https:\/\/www.azur-scenic.com\/en\/product\/studioscreen-4570\/#breadcrumb"},"inLanguage":"en-US","potentialAction":[{"@type":"ReadAction","target":["https:\/\/www.azur-scenic.com\/en\/product\/studioscreen-4570\/"]}]},{"@type":"ImageObject","inLanguage":"en-US","@id":"https:\/\/www.azur-scenic.com\/en\/product\/studioscreen-4570\/#primaryimage","url":"https:\/\/www.azur-scenic.com\/wp-content\/uploads\/27c61aa6cc9ed4e76c7875ef472671c5.jpg","contentUrl":"https:\/\/www.azur-scenic.com\/wp-content\/uploads\/27c61aa6cc9ed4e76c7875ef472671c5.jpg","width":945,"height":945},{"@type":"BreadcrumbList","@id":"https:\/\/www.azur-scenic.com\/en\/product\/studioscreen-4570\/#breadcrumb","itemListElement":[{"@type":"ListItem","position":1,"name":"Accueil","item":"https:\/\/www.azur-scenic.com\/en\/"},{"@type":"ListItem","position":2,"name":"Produits","item":"https:\/\/www.azur-scenic.com\/en\/?page_id=21438"},{"@type":"ListItem","position":3,"name":"StudioScreen 4570"}]},{"@type":"WebSite","@id":"https:\/\/www.azur-scenic.com\/en\/#website","url":"https:\/\/www.azur-scenic.com\/en\/","name":"Azur Scenic","description":"Sp\u00e9cialiste de l\u2019\u00e9quipement sc\u00e9nique et de la d\u00e9coration int\u00e9rieure et \u00e9v\u00e9nementielle !","publisher":{"@id":"https:\/\/www.azur-scenic.com\/en\/#organization"},"potentialAction":[{"@type":"SearchAction","target":{"@type":"EntryPoint","urlTemplate":"https:\/\/www.azur-scenic.com\/en\/?s={search_term_string}"},"query-input":{"@type":"PropertyValueSpecification","valueRequired":true,"valueName":"search_term_string"}}],"inLanguage":"en-US"},{"@type":"Organization","@id":"https:\/\/www.azur-scenic.com\/en\/#organization","name":"AZUR SCENIC","url":"https:\/\/www.azur-scenic.com\/en\/","logo":{"@type":"ImageObject","inLanguage":"en-US","@id":"https:\/\/www.azur-scenic.com\/en\/#\/schema\/logo\/image\/","url":"https:\/\/www.azur-scenic.com\/wp-content\/uploads\/2022\/09\/LOGO-AZUR-SCENIC-Fusion-web-236x64-1.jpg","contentUrl":"https:\/\/www.azur-scenic.com\/wp-content\/uploads\/2022\/09\/LOGO-AZUR-SCENIC-Fusion-web-236x64-1.jpg","width":236,"height":64,"caption":"AZUR SCENIC"},"image":{"@id":"https:\/\/www.azur-scenic.com\/en\/#\/schema\/logo\/image\/"},"sameAs":["https:\/\/www.youtube.com\/channel\/UCPWM2mGPVUt4nYhNlm71WOA","https:\/\/www.linkedin.com\/company\/33237605\/admin\/feed\/posts\/"]}]}},"_links":{"self":[{"href":"https:\/\/www.azur-scenic.com\/en\/wp-json\/wp\/v2\/product\/17601","targetHints":{"allow":["GET"]}}],"collection":[{"href":"https:\/\/www.azur-scenic.com\/en\/wp-json\/wp\/v2\/product"}],"about":[{"href":"https:\/\/www.azur-scenic.com\/en\/wp-json\/wp\/v2\/types\/product"}],"wp:featuredmedia":[{"embeddable":true,"href":"https:\/\/www.azur-scenic.com\/en\/wp-json\/wp\/v2\/media\/7734"}],"wp:attachment":[{"href":"https:\/\/www.azur-scenic.com\/en\/wp-json\/wp\/v2\/media?parent=17601"}],"wp:term":[{"taxonomy":"product_brand","embeddable":true,"href":"https:\/\/www.azur-scenic.com\/en\/wp-json\/wp\/v2\/product_brand?post=17601"},{"taxonomy":"product_cat","embeddable":true,"href":"https:\/\/www.azur-scenic.com\/en\/wp-json\/wp\/v2\/product_cat?post=17601"},{"taxonomy":"product_tag","embeddable":true,"href":"https:\/\/www.azur-scenic.com\/en\/wp-json\/wp\/v2\/product_tag?post=17601"}],"curies":[{"name":"wp","href":"https:\/\/api.w.org\/{rel}","templated":true}]}}