{"id":17606,"date":"2022-10-04T07:27:47","date_gmt":"2022-10-04T07:27:47","guid":{"rendered":"https:\/\/www.azur-scenic.com\/produit\/no-limit-2\/"},"modified":"2023-08-02T12:58:20","modified_gmt":"2023-08-02T12:58:20","slug":"no-limit-2","status":"publish","type":"product","link":"https:\/\/www.azur-scenic.com\/en\/product\/no-limit-2\/","title":{"rendered":"No Limit 2"},"content":{"rendered":"<p><p><strong><span style=\"color: #f88523;\">Cover<\/span><\/strong><br \/>\nCanvas is fully protected by a closed body in black-anodised aluminium for limited weight and improved space-efficiency.<\/p>\n<p><strong><span style=\"color: #f88523;\">Roller system<\/span><\/strong><br \/>\nSuspended tubular winding with a full-length anti-warping system.<\/p>\n<p><strong><span style=\"color: #f88523;\">Motor<\/span><\/strong><br \/>\nSOMFY tubular dual-motor (5-year guarantee) with motor coupling module for perfect synchronisation. Standard order options: remote radio-control or wall-mounted (other controller options available).<br \/>\nFine-tuning at end of travel (top and bottom of screen)<br \/>\nPower: 110 Nm<br \/>\nSpeed: 17 RPM.<br \/>\nLifting speed: \u00b1 10 cm\/s.<\/p>\n<p><strong><span style=\"color: #f88523;\">Weighting<\/span><\/strong><br \/>\nIntegrated weighted pole (2.3 kg\/m).<\/p>\n<p><strong><span style=\"color: #f88523;\">Fixing<\/span><\/strong><br \/>\nMounting clamps for rods diameter \u00d8 48.3 to 50 mm inclusive<br \/>\nMountings every 2 to 3 m with possibility to adjust level.<\/p>\n<p><strong><span style=\"color: #f88523;\">Dimensions<\/span><\/strong><br \/>\nMaximum size is 60 m wide x 10 m high.<\/p>\n<p><strong><span style=\"color: #f88523;\">Supplied in:<\/span><\/strong><br \/>\nUp to 12 m long, can be pre-fitted into a wooden box. Over 12 m, packaged in multiple sections for on-site assembly by a team off specialist technicians.<\/p>\n<p><strong><span style=\"color: #f88523;\">Technical specifications<\/span><\/strong><br \/>\nSee PDF in the &#8220;Downloads&#8221; tab below.<\/p><\/p>\n","protected":false},"excerpt":{"rendered":"<p><strong><span style=\"color: #0bace4;\">Motorised screen with extra-large dimensions that\u2019s also space-efficient.<\/span><\/strong><\/p>\n<p>A <strong><span style=\"color: #f88523;\">motorised roller screen<\/span><\/strong> available entirely <strong><span style=\"color: #f88523;\">made-to-measure<\/span><\/strong>, designed specially for very large projection surfaces from <strong><span style=\"color: #f88523;\">8 to 60 m width<\/span><\/strong>.<\/p>\n<p>The roller system is compatible with various projection screens (<strong><span style=\"color: #f88523;\">front and rear<\/span><\/strong>).<\/p>\n<p>The black extruded aluminium body with 2 longitudinal steel supports gives it a <strong><span style=\"color: #f88523;\">superb rigidity<\/span><\/strong>. The roller cylinder rests on a cradle made of bearing-mounted ertalon tubing. It is supported by an anti-warp system that uses specially-calibrated suspensions to adjust the differences in level across the full width of the screen.<\/p>\n","protected":false},"featured_media":7713,"template":"","meta":{"_acf_changed":false},"product_brand":[],"product_cat":[898,1085,1293,897],"product_tag":[],"class_list":{"0":"post-17606","1":"product","2":"type-product","3":"status-publish","4":"has-post-thumbnail","6":"product_cat-all-products","7":"product_cat-technical-products","8":"product_cat-motorised-screens","9":"product_cat-theatre","10":"pa_techniques-made-to-measure","11":"pa_textiles-flame-retardant-rated","12":"pa_textiles-front-projection","13":"pa_textiles-rear-projection","15":"first","16":"instock","17":"shipping-taxable","18":"purchasable","19":"product-type-simple"},"acf":[],"yoast_head":"<!-- This site is optimized with the Yoast SEO plugin v27.3 - https:\/\/yoast.com\/product\/yoast-seo-wordpress\/ -->\n<title>No Limit 2 - Azur Scenic<\/title>\n<meta name=\"robots\" content=\"index, follow, max-snippet:-1, max-image-preview:large, max-video-preview:-1\" \/>\n<link rel=\"canonical\" href=\"https:\/\/www.azur-scenic.com\/en\/product\/no-limit-2\/\" \/>\n<meta property=\"og:locale\" content=\"en_US\" \/>\n<meta property=\"og:type\" content=\"article\" \/>\n<meta property=\"og:title\" content=\"No Limit 2 - Azur Scenic\" \/>\n<meta property=\"og:description\" content=\"Motorised screen with extra-large dimensions that\u2019s also space-efficient. A motorised roller screen available entirely made-to-measure, designed specially for very large projection surfaces from 8 to 60 m width. The roller system is compatible with various projection screens (front and rear). The black extruded aluminium body with 2 longitudinal steel supports gives it a superb rigidity. The roller cylinder rests on a cradle made of bearing-mounted ertalon tubing. It is supported by an anti-warp system that uses specially-calibrated suspensions to adjust the differences in level across the full width of the screen.\" \/>\n<meta property=\"og:url\" content=\"https:\/\/www.azur-scenic.com\/en\/product\/no-limit-2\/\" \/>\n<meta property=\"og:site_name\" content=\"Azur Scenic\" \/>\n<meta property=\"article:modified_time\" content=\"2023-08-02T12:58:20+00:00\" \/>\n<meta property=\"og:image\" content=\"https:\/\/www.azur-scenic.com\/wp-content\/uploads\/339a53336667a91bc4448399da22a815.jpg\" \/>\n\t<meta property=\"og:image:width\" content=\"945\" \/>\n\t<meta property=\"og:image:height\" content=\"945\" \/>\n\t<meta property=\"og:image:type\" content=\"image\/jpeg\" \/>\n<meta name=\"twitter:card\" content=\"summary_large_image\" \/>\n<meta name=\"twitter:label1\" content=\"Est. reading time\" \/>\n\t<meta name=\"twitter:data1\" content=\"1 minute\" \/>\n<script type=\"application\/ld+json\" class=\"yoast-schema-graph\">{\"@context\":\"https:\\\/\\\/schema.org\",\"@graph\":[{\"@type\":\"WebPage\",\"@id\":\"https:\\\/\\\/www.azur-scenic.com\\\/en\\\/product\\\/no-limit-2\\\/\",\"url\":\"https:\\\/\\\/www.azur-scenic.com\\\/en\\\/product\\\/no-limit-2\\\/\",\"name\":\"No Limit 2 - Azur Scenic\",\"isPartOf\":{\"@id\":\"https:\\\/\\\/www.azur-scenic.com\\\/en\\\/#website\"},\"primaryImageOfPage\":{\"@id\":\"https:\\\/\\\/www.azur-scenic.com\\\/en\\\/product\\\/no-limit-2\\\/#primaryimage\"},\"image\":{\"@id\":\"https:\\\/\\\/www.azur-scenic.com\\\/en\\\/product\\\/no-limit-2\\\/#primaryimage\"},\"thumbnailUrl\":\"https:\\\/\\\/www.azur-scenic.com\\\/wp-content\\\/uploads\\\/339a53336667a91bc4448399da22a815.jpg\",\"datePublished\":\"2022-10-04T07:27:47+00:00\",\"dateModified\":\"2023-08-02T12:58:20+00:00\",\"breadcrumb\":{\"@id\":\"https:\\\/\\\/www.azur-scenic.com\\\/en\\\/product\\\/no-limit-2\\\/#breadcrumb\"},\"inLanguage\":\"en-US\",\"potentialAction\":[{\"@type\":\"ReadAction\",\"target\":[\"https:\\\/\\\/www.azur-scenic.com\\\/en\\\/product\\\/no-limit-2\\\/\"]}]},{\"@type\":\"ImageObject\",\"inLanguage\":\"en-US\",\"@id\":\"https:\\\/\\\/www.azur-scenic.com\\\/en\\\/product\\\/no-limit-2\\\/#primaryimage\",\"url\":\"https:\\\/\\\/www.azur-scenic.com\\\/wp-content\\\/uploads\\\/339a53336667a91bc4448399da22a815.jpg\",\"contentUrl\":\"https:\\\/\\\/www.azur-scenic.com\\\/wp-content\\\/uploads\\\/339a53336667a91bc4448399da22a815.jpg\",\"width\":945,\"height\":945},{\"@type\":\"BreadcrumbList\",\"@id\":\"https:\\\/\\\/www.azur-scenic.com\\\/en\\\/product\\\/no-limit-2\\\/#breadcrumb\",\"itemListElement\":[{\"@type\":\"ListItem\",\"position\":1,\"name\":\"Accueil\",\"item\":\"https:\\\/\\\/www.azur-scenic.com\\\/en\\\/\"},{\"@type\":\"ListItem\",\"position\":2,\"name\":\"Produits\",\"item\":\"https:\\\/\\\/www.azur-scenic.com\\\/en\\\/?page_id=21438\"},{\"@type\":\"ListItem\",\"position\":3,\"name\":\"No Limit 2\"}]},{\"@type\":\"WebSite\",\"@id\":\"https:\\\/\\\/www.azur-scenic.com\\\/en\\\/#website\",\"url\":\"https:\\\/\\\/www.azur-scenic.com\\\/en\\\/\",\"name\":\"Azur Scenic\",\"description\":\"Sp\u00e9cialiste de l\u2019\u00e9quipement sc\u00e9nique et de la d\u00e9coration int\u00e9rieure et \u00e9v\u00e9nementielle !\",\"publisher\":{\"@id\":\"https:\\\/\\\/www.azur-scenic.com\\\/en\\\/#organization\"},\"potentialAction\":[{\"@type\":\"SearchAction\",\"target\":{\"@type\":\"EntryPoint\",\"urlTemplate\":\"https:\\\/\\\/www.azur-scenic.com\\\/en\\\/?s={search_term_string}\"},\"query-input\":{\"@type\":\"PropertyValueSpecification\",\"valueRequired\":true,\"valueName\":\"search_term_string\"}}],\"inLanguage\":\"en-US\"},{\"@type\":\"Organization\",\"@id\":\"https:\\\/\\\/www.azur-scenic.com\\\/en\\\/#organization\",\"name\":\"AZUR SCENIC\",\"url\":\"https:\\\/\\\/www.azur-scenic.com\\\/en\\\/\",\"logo\":{\"@type\":\"ImageObject\",\"inLanguage\":\"en-US\",\"@id\":\"https:\\\/\\\/www.azur-scenic.com\\\/en\\\/#\\\/schema\\\/logo\\\/image\\\/\",\"url\":\"https:\\\/\\\/www.azur-scenic.com\\\/wp-content\\\/uploads\\\/2022\\\/09\\\/LOGO-AZUR-SCENIC-Fusion-web-236x64-1.jpg\",\"contentUrl\":\"https:\\\/\\\/www.azur-scenic.com\\\/wp-content\\\/uploads\\\/2022\\\/09\\\/LOGO-AZUR-SCENIC-Fusion-web-236x64-1.jpg\",\"width\":236,\"height\":64,\"caption\":\"AZUR SCENIC\"},\"image\":{\"@id\":\"https:\\\/\\\/www.azur-scenic.com\\\/en\\\/#\\\/schema\\\/logo\\\/image\\\/\"},\"sameAs\":[\"https:\\\/\\\/www.youtube.com\\\/channel\\\/UCPWM2mGPVUt4nYhNlm71WOA\",\"https:\\\/\\\/www.linkedin.com\\\/company\\\/33237605\\\/admin\\\/feed\\\/posts\\\/\"]}]}<\/script>\n<!-- \/ Yoast SEO plugin. -->","yoast_head_json":{"title":"No Limit 2 - Azur Scenic","robots":{"index":"index","follow":"follow","max-snippet":"max-snippet:-1","max-image-preview":"max-image-preview:large","max-video-preview":"max-video-preview:-1"},"canonical":"https:\/\/www.azur-scenic.com\/en\/product\/no-limit-2\/","og_locale":"en_US","og_type":"article","og_title":"No Limit 2 - Azur Scenic","og_description":"Motorised screen with extra-large dimensions that\u2019s also space-efficient. A motorised roller screen available entirely made-to-measure, designed specially for very large projection surfaces from 8 to 60 m width. The roller system is compatible with various projection screens (front and rear). The black extruded aluminium body with 2 longitudinal steel supports gives it a superb rigidity. The roller cylinder rests on a cradle made of bearing-mounted ertalon tubing. It is supported by an anti-warp system that uses specially-calibrated suspensions to adjust the differences in level across the full width of the screen.","og_url":"https:\/\/www.azur-scenic.com\/en\/product\/no-limit-2\/","og_site_name":"Azur Scenic","article_modified_time":"2023-08-02T12:58:20+00:00","og_image":[{"width":945,"height":945,"url":"https:\/\/www.azur-scenic.com\/wp-content\/uploads\/339a53336667a91bc4448399da22a815.jpg","type":"image\/jpeg"}],"twitter_card":"summary_large_image","twitter_misc":{"Est. reading time":"1 minute"},"schema":{"@context":"https:\/\/schema.org","@graph":[{"@type":"WebPage","@id":"https:\/\/www.azur-scenic.com\/en\/product\/no-limit-2\/","url":"https:\/\/www.azur-scenic.com\/en\/product\/no-limit-2\/","name":"No Limit 2 - Azur Scenic","isPartOf":{"@id":"https:\/\/www.azur-scenic.com\/en\/#website"},"primaryImageOfPage":{"@id":"https:\/\/www.azur-scenic.com\/en\/product\/no-limit-2\/#primaryimage"},"image":{"@id":"https:\/\/www.azur-scenic.com\/en\/product\/no-limit-2\/#primaryimage"},"thumbnailUrl":"https:\/\/www.azur-scenic.com\/wp-content\/uploads\/339a53336667a91bc4448399da22a815.jpg","datePublished":"2022-10-04T07:27:47+00:00","dateModified":"2023-08-02T12:58:20+00:00","breadcrumb":{"@id":"https:\/\/www.azur-scenic.com\/en\/product\/no-limit-2\/#breadcrumb"},"inLanguage":"en-US","potentialAction":[{"@type":"ReadAction","target":["https:\/\/www.azur-scenic.com\/en\/product\/no-limit-2\/"]}]},{"@type":"ImageObject","inLanguage":"en-US","@id":"https:\/\/www.azur-scenic.com\/en\/product\/no-limit-2\/#primaryimage","url":"https:\/\/www.azur-scenic.com\/wp-content\/uploads\/339a53336667a91bc4448399da22a815.jpg","contentUrl":"https:\/\/www.azur-scenic.com\/wp-content\/uploads\/339a53336667a91bc4448399da22a815.jpg","width":945,"height":945},{"@type":"BreadcrumbList","@id":"https:\/\/www.azur-scenic.com\/en\/product\/no-limit-2\/#breadcrumb","itemListElement":[{"@type":"ListItem","position":1,"name":"Accueil","item":"https:\/\/www.azur-scenic.com\/en\/"},{"@type":"ListItem","position":2,"name":"Produits","item":"https:\/\/www.azur-scenic.com\/en\/?page_id=21438"},{"@type":"ListItem","position":3,"name":"No Limit 2"}]},{"@type":"WebSite","@id":"https:\/\/www.azur-scenic.com\/en\/#website","url":"https:\/\/www.azur-scenic.com\/en\/","name":"Azur Scenic","description":"Sp\u00e9cialiste de l\u2019\u00e9quipement sc\u00e9nique et de la d\u00e9coration int\u00e9rieure et \u00e9v\u00e9nementielle !","publisher":{"@id":"https:\/\/www.azur-scenic.com\/en\/#organization"},"potentialAction":[{"@type":"SearchAction","target":{"@type":"EntryPoint","urlTemplate":"https:\/\/www.azur-scenic.com\/en\/?s={search_term_string}"},"query-input":{"@type":"PropertyValueSpecification","valueRequired":true,"valueName":"search_term_string"}}],"inLanguage":"en-US"},{"@type":"Organization","@id":"https:\/\/www.azur-scenic.com\/en\/#organization","name":"AZUR SCENIC","url":"https:\/\/www.azur-scenic.com\/en\/","logo":{"@type":"ImageObject","inLanguage":"en-US","@id":"https:\/\/www.azur-scenic.com\/en\/#\/schema\/logo\/image\/","url":"https:\/\/www.azur-scenic.com\/wp-content\/uploads\/2022\/09\/LOGO-AZUR-SCENIC-Fusion-web-236x64-1.jpg","contentUrl":"https:\/\/www.azur-scenic.com\/wp-content\/uploads\/2022\/09\/LOGO-AZUR-SCENIC-Fusion-web-236x64-1.jpg","width":236,"height":64,"caption":"AZUR SCENIC"},"image":{"@id":"https:\/\/www.azur-scenic.com\/en\/#\/schema\/logo\/image\/"},"sameAs":["https:\/\/www.youtube.com\/channel\/UCPWM2mGPVUt4nYhNlm71WOA","https:\/\/www.linkedin.com\/company\/33237605\/admin\/feed\/posts\/"]}]}},"_links":{"self":[{"href":"https:\/\/www.azur-scenic.com\/en\/wp-json\/wp\/v2\/product\/17606","targetHints":{"allow":["GET"]}}],"collection":[{"href":"https:\/\/www.azur-scenic.com\/en\/wp-json\/wp\/v2\/product"}],"about":[{"href":"https:\/\/www.azur-scenic.com\/en\/wp-json\/wp\/v2\/types\/product"}],"wp:featuredmedia":[{"embeddable":true,"href":"https:\/\/www.azur-scenic.com\/en\/wp-json\/wp\/v2\/media\/7713"}],"wp:attachment":[{"href":"https:\/\/www.azur-scenic.com\/en\/wp-json\/wp\/v2\/media?parent=17606"}],"wp:term":[{"taxonomy":"product_brand","embeddable":true,"href":"https:\/\/www.azur-scenic.com\/en\/wp-json\/wp\/v2\/product_brand?post=17606"},{"taxonomy":"product_cat","embeddable":true,"href":"https:\/\/www.azur-scenic.com\/en\/wp-json\/wp\/v2\/product_cat?post=17606"},{"taxonomy":"product_tag","embeddable":true,"href":"https:\/\/www.azur-scenic.com\/en\/wp-json\/wp\/v2\/product_tag?post=17606"}],"curies":[{"name":"wp","href":"https:\/\/api.w.org\/{rel}","templated":true}]}}