{"id":17609,"date":"2022-10-04T07:27:47","date_gmt":"2022-10-04T07:27:47","guid":{"rendered":"https:\/\/www.azur-scenic.com\/produit\/studioscreen-3045\/"},"modified":"2023-08-02T12:58:21","modified_gmt":"2023-08-02T12:58:21","slug":"studioscreen-3045","status":"publish","type":"product","link":"https:\/\/www.azur-scenic.com\/en\/product\/studioscreen-3045\/","title":{"rendered":"StudioScreen 3045"},"content":{"rendered":"<p><p><strong><span style=\"color: #f88523;\">Cover<\/span><\/strong><br \/>\nCanvas is fully protected by an aluminium body enclosed on both ends by steel panels.<br \/>\nBlack as standard colour (RAL 9005, Epoxy paint), other colours available.<\/p>\n<p><strong><span style=\"color: #f88523;\">Motor<\/span><\/strong><br \/>\nTubular drive &#8211; smooth and silent.<br \/>\nStandard order: 3-position wall-mounted switch (optional remote radio-control available).<br \/>\nPower: 10 Nm.<br \/>\nSpeed: 17 RPM.<br \/>\nPower supply: 230 V \/ 50 Hz.<br \/>\nPower rating: 156 W.<\/p>\n<p><strong><span style=\"color: #f88523;\">Power supply<\/span><\/strong><br \/>\nPower lead located to right of screen (seen from front).<\/p>\n<p><strong><span style=\"color: #f88523;\">Weighting<\/span><\/strong><br \/>\nIncludes weighted pole: white for screens without border, black for screens with black border.<\/p>\n<p><strong><span style=\"color: #f88523;\">Fixing<\/span><\/strong><br \/>\nMulti-purpose mountings (wall or ceiling mountings) included.<\/p>\n<p><strong><span style=\"color: #f88523;\">Certification<\/span><\/strong><br \/>\nStudioScreen 3045 is IMQ certified<br \/>\nScreens are flame-retardant rated (M1 \/ B1).<\/p>\n<p><strong><span style=\"color: #f88523;\">Canvas finishes<\/span><\/strong><br \/>\nChoose from:<br \/>\nCanvas without borders<br \/>\nCanvas with black border (border 5 cm on sides and bottom, 30 cm at top)<\/p>\n<p><strong><span style=\"color: #f88523;\">Technical specifications<\/span><\/strong><br \/>\nSee PDF in the &#8220;Downloads&#8221; tab below.<\/p><\/p>\n","protected":false},"excerpt":{"rendered":"<p><strong><span style=\"color: #0bace4;\">Stylish, silent and easy to install motorised screen<br \/>\nFor projections from 3 m to 4.50 m wide.<\/span><\/strong><\/p>\n<p>A <strong><span style=\"color: #f88523;\">motorised roller screen<\/span><\/strong> available in <strong><span style=\"color: #f88523;\">a range of dimensions<\/span><\/strong> &#8211; from 3 to 4.50 m base &#8211; and aspect ratios &#8211; 1:1, 4:3, 16:9 and 16:10 &#8211; designed specially for medium-size projection surfaces.<\/p>\n<p>Roller system is compatible with various projection screens (<strong><span style=\"color: #f88523;\">face and rear<\/span><\/strong>).<\/p>\n<p>StudioScreen 3045 offers <strong><span style=\"color: #f88523;\">refined and elegant<\/span><\/strong> thanks to its concealed mountings and cables, combined with a <strong><span style=\"color: #f88523;\">silent motor<\/span><\/strong>. Thanks to the multi-purpose wall and ceiling mountings included, it offers <strong><span style=\"color: #f88523;\">easy installation<\/span><\/strong> and can be used to equip both private screening rooms as well as small and medium public theatres.<\/p>\n","protected":false},"featured_media":7725,"template":"","meta":{"_acf_changed":false},"product_brand":[],"product_cat":[898,1085,1293,1027],"product_tag":[],"class_list":{"0":"post-17609","1":"product","2":"type-product","3":"status-publish","4":"has-post-thumbnail","6":"product_cat-all-products","7":"product_cat-technical-products","8":"product_cat-motorised-screens","9":"product_cat-decoration","10":"pa_techniques-made-to-measure","11":"pa_textiles-flame-retardant-rated","12":"pa_textiles-front-projection","13":"pa_textiles-rear-projection","15":"first","16":"instock","17":"shipping-taxable","18":"purchasable","19":"product-type-simple"},"acf":[],"yoast_head":"<!-- This site is optimized with the Yoast SEO plugin v27.3 - https:\/\/yoast.com\/product\/yoast-seo-wordpress\/ -->\n<title>StudioScreen 3045 - Azur Scenic<\/title>\n<meta name=\"robots\" content=\"index, follow, max-snippet:-1, max-image-preview:large, max-video-preview:-1\" \/>\n<link rel=\"canonical\" href=\"https:\/\/www.azur-scenic.com\/en\/product\/studioscreen-3045\/\" \/>\n<meta property=\"og:locale\" content=\"en_US\" \/>\n<meta property=\"og:type\" content=\"article\" \/>\n<meta property=\"og:title\" content=\"StudioScreen 3045 - Azur Scenic\" \/>\n<meta property=\"og:description\" content=\"Stylish, silent and easy to install motorised screen For projections from 3 m to 4.50 m wide. A motorised roller screen available in a range of dimensions - from 3 to 4.50 m base - and aspect ratios - 1:1, 4:3, 16:9 and 16:10 - designed specially for medium-size projection surfaces. Roller system is compatible with various projection screens (face and rear). StudioScreen 3045 offers refined and elegant thanks to its concealed mountings and cables, combined with a silent motor. Thanks to the multi-purpose wall and ceiling mountings included, it offers easy installation and can be used to equip both private screening rooms as well as small and medium public theatres.\" \/>\n<meta property=\"og:url\" content=\"https:\/\/www.azur-scenic.com\/en\/product\/studioscreen-3045\/\" \/>\n<meta property=\"og:site_name\" content=\"Azur Scenic\" \/>\n<meta property=\"article:modified_time\" content=\"2023-08-02T12:58:21+00:00\" \/>\n<meta property=\"og:image\" content=\"https:\/\/www.azur-scenic.com\/wp-content\/uploads\/89376ab71fd6059c79dad664fc0f5b73.jpg\" \/>\n\t<meta property=\"og:image:width\" content=\"2244\" \/>\n\t<meta property=\"og:image:height\" content=\"2244\" \/>\n\t<meta property=\"og:image:type\" content=\"image\/jpeg\" \/>\n<meta name=\"twitter:card\" content=\"summary_large_image\" \/>\n<meta name=\"twitter:label1\" content=\"Est. reading time\" \/>\n\t<meta name=\"twitter:data1\" content=\"1 minute\" \/>\n<script type=\"application\/ld+json\" class=\"yoast-schema-graph\">{\"@context\":\"https:\\\/\\\/schema.org\",\"@graph\":[{\"@type\":\"WebPage\",\"@id\":\"https:\\\/\\\/www.azur-scenic.com\\\/en\\\/product\\\/studioscreen-3045\\\/\",\"url\":\"https:\\\/\\\/www.azur-scenic.com\\\/en\\\/product\\\/studioscreen-3045\\\/\",\"name\":\"StudioScreen 3045 - Azur Scenic\",\"isPartOf\":{\"@id\":\"https:\\\/\\\/www.azur-scenic.com\\\/en\\\/#website\"},\"primaryImageOfPage\":{\"@id\":\"https:\\\/\\\/www.azur-scenic.com\\\/en\\\/product\\\/studioscreen-3045\\\/#primaryimage\"},\"image\":{\"@id\":\"https:\\\/\\\/www.azur-scenic.com\\\/en\\\/product\\\/studioscreen-3045\\\/#primaryimage\"},\"thumbnailUrl\":\"https:\\\/\\\/www.azur-scenic.com\\\/wp-content\\\/uploads\\\/89376ab71fd6059c79dad664fc0f5b73.jpg\",\"datePublished\":\"2022-10-04T07:27:47+00:00\",\"dateModified\":\"2023-08-02T12:58:21+00:00\",\"breadcrumb\":{\"@id\":\"https:\\\/\\\/www.azur-scenic.com\\\/en\\\/product\\\/studioscreen-3045\\\/#breadcrumb\"},\"inLanguage\":\"en-US\",\"potentialAction\":[{\"@type\":\"ReadAction\",\"target\":[\"https:\\\/\\\/www.azur-scenic.com\\\/en\\\/product\\\/studioscreen-3045\\\/\"]}]},{\"@type\":\"ImageObject\",\"inLanguage\":\"en-US\",\"@id\":\"https:\\\/\\\/www.azur-scenic.com\\\/en\\\/product\\\/studioscreen-3045\\\/#primaryimage\",\"url\":\"https:\\\/\\\/www.azur-scenic.com\\\/wp-content\\\/uploads\\\/89376ab71fd6059c79dad664fc0f5b73.jpg\",\"contentUrl\":\"https:\\\/\\\/www.azur-scenic.com\\\/wp-content\\\/uploads\\\/89376ab71fd6059c79dad664fc0f5b73.jpg\",\"width\":2244,\"height\":2244},{\"@type\":\"BreadcrumbList\",\"@id\":\"https:\\\/\\\/www.azur-scenic.com\\\/en\\\/product\\\/studioscreen-3045\\\/#breadcrumb\",\"itemListElement\":[{\"@type\":\"ListItem\",\"position\":1,\"name\":\"Accueil\",\"item\":\"https:\\\/\\\/www.azur-scenic.com\\\/en\\\/\"},{\"@type\":\"ListItem\",\"position\":2,\"name\":\"Produits\",\"item\":\"https:\\\/\\\/www.azur-scenic.com\\\/en\\\/?page_id=21438\"},{\"@type\":\"ListItem\",\"position\":3,\"name\":\"StudioScreen 3045\"}]},{\"@type\":\"WebSite\",\"@id\":\"https:\\\/\\\/www.azur-scenic.com\\\/en\\\/#website\",\"url\":\"https:\\\/\\\/www.azur-scenic.com\\\/en\\\/\",\"name\":\"Azur Scenic\",\"description\":\"Sp\u00e9cialiste de l\u2019\u00e9quipement sc\u00e9nique et de la d\u00e9coration int\u00e9rieure et \u00e9v\u00e9nementielle !\",\"publisher\":{\"@id\":\"https:\\\/\\\/www.azur-scenic.com\\\/en\\\/#organization\"},\"potentialAction\":[{\"@type\":\"SearchAction\",\"target\":{\"@type\":\"EntryPoint\",\"urlTemplate\":\"https:\\\/\\\/www.azur-scenic.com\\\/en\\\/?s={search_term_string}\"},\"query-input\":{\"@type\":\"PropertyValueSpecification\",\"valueRequired\":true,\"valueName\":\"search_term_string\"}}],\"inLanguage\":\"en-US\"},{\"@type\":\"Organization\",\"@id\":\"https:\\\/\\\/www.azur-scenic.com\\\/en\\\/#organization\",\"name\":\"AZUR SCENIC\",\"url\":\"https:\\\/\\\/www.azur-scenic.com\\\/en\\\/\",\"logo\":{\"@type\":\"ImageObject\",\"inLanguage\":\"en-US\",\"@id\":\"https:\\\/\\\/www.azur-scenic.com\\\/en\\\/#\\\/schema\\\/logo\\\/image\\\/\",\"url\":\"https:\\\/\\\/www.azur-scenic.com\\\/wp-content\\\/uploads\\\/2022\\\/09\\\/LOGO-AZUR-SCENIC-Fusion-web-236x64-1.jpg\",\"contentUrl\":\"https:\\\/\\\/www.azur-scenic.com\\\/wp-content\\\/uploads\\\/2022\\\/09\\\/LOGO-AZUR-SCENIC-Fusion-web-236x64-1.jpg\",\"width\":236,\"height\":64,\"caption\":\"AZUR SCENIC\"},\"image\":{\"@id\":\"https:\\\/\\\/www.azur-scenic.com\\\/en\\\/#\\\/schema\\\/logo\\\/image\\\/\"},\"sameAs\":[\"https:\\\/\\\/www.youtube.com\\\/channel\\\/UCPWM2mGPVUt4nYhNlm71WOA\",\"https:\\\/\\\/www.linkedin.com\\\/company\\\/33237605\\\/admin\\\/feed\\\/posts\\\/\"]}]}<\/script>\n<!-- \/ Yoast SEO plugin. -->","yoast_head_json":{"title":"StudioScreen 3045 - Azur Scenic","robots":{"index":"index","follow":"follow","max-snippet":"max-snippet:-1","max-image-preview":"max-image-preview:large","max-video-preview":"max-video-preview:-1"},"canonical":"https:\/\/www.azur-scenic.com\/en\/product\/studioscreen-3045\/","og_locale":"en_US","og_type":"article","og_title":"StudioScreen 3045 - Azur Scenic","og_description":"Stylish, silent and easy to install motorised screen For projections from 3 m to 4.50 m wide. A motorised roller screen available in a range of dimensions - from 3 to 4.50 m base - and aspect ratios - 1:1, 4:3, 16:9 and 16:10 - designed specially for medium-size projection surfaces. Roller system is compatible with various projection screens (face and rear). StudioScreen 3045 offers refined and elegant thanks to its concealed mountings and cables, combined with a silent motor. Thanks to the multi-purpose wall and ceiling mountings included, it offers easy installation and can be used to equip both private screening rooms as well as small and medium public theatres.","og_url":"https:\/\/www.azur-scenic.com\/en\/product\/studioscreen-3045\/","og_site_name":"Azur Scenic","article_modified_time":"2023-08-02T12:58:21+00:00","og_image":[{"width":2244,"height":2244,"url":"https:\/\/www.azur-scenic.com\/wp-content\/uploads\/89376ab71fd6059c79dad664fc0f5b73.jpg","type":"image\/jpeg"}],"twitter_card":"summary_large_image","twitter_misc":{"Est. reading time":"1 minute"},"schema":{"@context":"https:\/\/schema.org","@graph":[{"@type":"WebPage","@id":"https:\/\/www.azur-scenic.com\/en\/product\/studioscreen-3045\/","url":"https:\/\/www.azur-scenic.com\/en\/product\/studioscreen-3045\/","name":"StudioScreen 3045 - Azur Scenic","isPartOf":{"@id":"https:\/\/www.azur-scenic.com\/en\/#website"},"primaryImageOfPage":{"@id":"https:\/\/www.azur-scenic.com\/en\/product\/studioscreen-3045\/#primaryimage"},"image":{"@id":"https:\/\/www.azur-scenic.com\/en\/product\/studioscreen-3045\/#primaryimage"},"thumbnailUrl":"https:\/\/www.azur-scenic.com\/wp-content\/uploads\/89376ab71fd6059c79dad664fc0f5b73.jpg","datePublished":"2022-10-04T07:27:47+00:00","dateModified":"2023-08-02T12:58:21+00:00","breadcrumb":{"@id":"https:\/\/www.azur-scenic.com\/en\/product\/studioscreen-3045\/#breadcrumb"},"inLanguage":"en-US","potentialAction":[{"@type":"ReadAction","target":["https:\/\/www.azur-scenic.com\/en\/product\/studioscreen-3045\/"]}]},{"@type":"ImageObject","inLanguage":"en-US","@id":"https:\/\/www.azur-scenic.com\/en\/product\/studioscreen-3045\/#primaryimage","url":"https:\/\/www.azur-scenic.com\/wp-content\/uploads\/89376ab71fd6059c79dad664fc0f5b73.jpg","contentUrl":"https:\/\/www.azur-scenic.com\/wp-content\/uploads\/89376ab71fd6059c79dad664fc0f5b73.jpg","width":2244,"height":2244},{"@type":"BreadcrumbList","@id":"https:\/\/www.azur-scenic.com\/en\/product\/studioscreen-3045\/#breadcrumb","itemListElement":[{"@type":"ListItem","position":1,"name":"Accueil","item":"https:\/\/www.azur-scenic.com\/en\/"},{"@type":"ListItem","position":2,"name":"Produits","item":"https:\/\/www.azur-scenic.com\/en\/?page_id=21438"},{"@type":"ListItem","position":3,"name":"StudioScreen 3045"}]},{"@type":"WebSite","@id":"https:\/\/www.azur-scenic.com\/en\/#website","url":"https:\/\/www.azur-scenic.com\/en\/","name":"Azur Scenic","description":"Sp\u00e9cialiste de l\u2019\u00e9quipement sc\u00e9nique et de la d\u00e9coration int\u00e9rieure et \u00e9v\u00e9nementielle !","publisher":{"@id":"https:\/\/www.azur-scenic.com\/en\/#organization"},"potentialAction":[{"@type":"SearchAction","target":{"@type":"EntryPoint","urlTemplate":"https:\/\/www.azur-scenic.com\/en\/?s={search_term_string}"},"query-input":{"@type":"PropertyValueSpecification","valueRequired":true,"valueName":"search_term_string"}}],"inLanguage":"en-US"},{"@type":"Organization","@id":"https:\/\/www.azur-scenic.com\/en\/#organization","name":"AZUR SCENIC","url":"https:\/\/www.azur-scenic.com\/en\/","logo":{"@type":"ImageObject","inLanguage":"en-US","@id":"https:\/\/www.azur-scenic.com\/en\/#\/schema\/logo\/image\/","url":"https:\/\/www.azur-scenic.com\/wp-content\/uploads\/2022\/09\/LOGO-AZUR-SCENIC-Fusion-web-236x64-1.jpg","contentUrl":"https:\/\/www.azur-scenic.com\/wp-content\/uploads\/2022\/09\/LOGO-AZUR-SCENIC-Fusion-web-236x64-1.jpg","width":236,"height":64,"caption":"AZUR SCENIC"},"image":{"@id":"https:\/\/www.azur-scenic.com\/en\/#\/schema\/logo\/image\/"},"sameAs":["https:\/\/www.youtube.com\/channel\/UCPWM2mGPVUt4nYhNlm71WOA","https:\/\/www.linkedin.com\/company\/33237605\/admin\/feed\/posts\/"]}]}},"_links":{"self":[{"href":"https:\/\/www.azur-scenic.com\/en\/wp-json\/wp\/v2\/product\/17609","targetHints":{"allow":["GET"]}}],"collection":[{"href":"https:\/\/www.azur-scenic.com\/en\/wp-json\/wp\/v2\/product"}],"about":[{"href":"https:\/\/www.azur-scenic.com\/en\/wp-json\/wp\/v2\/types\/product"}],"wp:featuredmedia":[{"embeddable":true,"href":"https:\/\/www.azur-scenic.com\/en\/wp-json\/wp\/v2\/media\/7725"}],"wp:attachment":[{"href":"https:\/\/www.azur-scenic.com\/en\/wp-json\/wp\/v2\/media?parent=17609"}],"wp:term":[{"taxonomy":"product_brand","embeddable":true,"href":"https:\/\/www.azur-scenic.com\/en\/wp-json\/wp\/v2\/product_brand?post=17609"},{"taxonomy":"product_cat","embeddable":true,"href":"https:\/\/www.azur-scenic.com\/en\/wp-json\/wp\/v2\/product_cat?post=17609"},{"taxonomy":"product_tag","embeddable":true,"href":"https:\/\/www.azur-scenic.com\/en\/wp-json\/wp\/v2\/product_tag?post=17609"}],"curies":[{"name":"wp","href":"https:\/\/api.w.org\/{rel}","templated":true}]}}