{"id":17613,"date":"2022-10-04T07:27:46","date_gmt":"2022-10-04T07:27:46","guid":{"rendered":"https:\/\/www.azur-scenic.com\/produit\/flightscreen\/"},"modified":"2023-08-02T12:58:18","modified_gmt":"2023-08-02T12:58:18","slug":"flightscreen","status":"publish","type":"product","link":"https:\/\/www.azur-scenic.com\/en\/product\/flightscreen\/","title":{"rendered":"FlightScreen"},"content":{"rendered":"<p><p><strong><span style=\"color: #f88523;\">Fast assembly and disassembly <\/span><\/strong><br \/>\nEasy-fit frame with clip hinges.<br \/>\nEasy mounting and tensioning of screenthanks to press-stud fastenings.<\/p>\n<p><strong><span style=\"color: #f88523;\">Easy to transport<\/span><\/strong><br \/>\nScreen supplied in light, hard-wearing ABS flight case.<br \/>\nA flight case with casters for to make moving even more practical.<\/p>\n<p><strong><span style=\"color: #f88523;\">Compatible canvases<\/span><\/strong><br \/>\nCanvas front: Matte white PVC with black black-out reverse <em>(Flame-retardant rating: M2). <\/em><br \/>\nRear-projection canvas: Grey PVC <em>(Flame-retardant rating: M2). <\/em><\/p>\n<p><strong><span style=\"color: #f88523;\">Finishing for screens<\/span><\/strong><br \/>\nBlack border with press-stud fasteners around the edge.<\/p>\n<p><strong><span style=\"color: #f88523;\">2 models to choose from<\/span><\/strong><br \/>\nFRONT: supplied with 1 front-projection screen.<br \/>\nMIXED: supplied with 2 screens (1 front-projection and 1 rear-projection screens).<\/p>\n<p><strong><span style=\"color: #f88523;\">Dimensions and weight<\/span><\/strong><br \/>\nSee PDF in the &#8220;Downloads&#8221; tab below.<\/p><\/p>\n","protected":false},"excerpt":{"rendered":"<p><strong><span style=\"color: #0bace4;\">Self-supporting folding screen for quick, easy assembly.<br \/>\nFor projections from 1.46 m to 8.80 m wide.<\/span><\/strong><\/p>\n<p>A <strong><span style=\"color: #f88523;\">collapsible screen<\/span><\/strong> that\u2019s easily <strong><span style=\"color: #f88523;\">transportable<\/span><\/strong> and available in a <strong><span style=\"color: #f88523;\">range of sizes<\/span><\/strong> from 1.46 m to 8.80 m base, and a choice of <strong><span style=\"color: #f88523;\">2 aspect ratios<\/span><\/strong> &#8211; 4:3 and 16:9.<\/p>\n<p>FlightScreen is available in 2 versions:<\/p>\n<ul>\n<li>FRONT version: supplied with 1 front-projection screen.<\/li>\n<li>MIXED version: supplied with 2 screens (1 front-projection and 1 rear-projection screens).<\/li>\n<\/ul>\n<p>Supplied in its own light, heavy-duty <strong><span style=\"color: #f88523;\">flight case<\/span><\/strong> with casters, the FlightScreen is the perfect screen for your <strong><span style=\"color: #f88523;\">temporary installations<\/span><\/strong> including touring shows, conferences, etc.<\/p>\n","protected":false},"featured_media":7695,"template":"","meta":{"_acf_changed":false},"product_brand":[],"product_cat":[898,1085,1297,1299,1106],"product_tag":[],"class_list":{"0":"post-17613","1":"product","2":"type-product","3":"status-publish","4":"has-post-thumbnail","6":"product_cat-all-products","7":"product_cat-technical-products","8":"product_cat-frames-and-folding-portable-screens","9":"product_cat-flight-screen","10":"product_cat-events","11":"pa_techniques-made-to-measure","12":"pa_textiles-flame-retardant-rated","13":"pa_textiles-front-projection","14":"pa_textiles-rear-projection","16":"first","17":"instock","18":"shipping-taxable","19":"purchasable","20":"product-type-simple"},"acf":[],"yoast_head":"<!-- This site is optimized with the Yoast SEO plugin v27.3 - https:\/\/yoast.com\/product\/yoast-seo-wordpress\/ -->\n<title>FlightScreen - Azur Scenic<\/title>\n<meta name=\"robots\" content=\"index, follow, max-snippet:-1, max-image-preview:large, max-video-preview:-1\" \/>\n<link rel=\"canonical\" href=\"https:\/\/www.azur-scenic.com\/en\/product\/flightscreen\/\" \/>\n<meta property=\"og:locale\" content=\"en_US\" \/>\n<meta property=\"og:type\" content=\"article\" \/>\n<meta property=\"og:title\" content=\"FlightScreen - Azur Scenic\" \/>\n<meta property=\"og:description\" content=\"Self-supporting folding screen for quick, easy assembly. For projections from 1.46 m to 8.80 m wide. A collapsible screen that\u2019s easily transportable and available in a range of sizes from 1.46 m to 8.80 m base, and a choice of 2 aspect ratios - 4:3 and 16:9. FlightScreen is available in 2 versions:  FRONT version: supplied with 1 front-projection screen. MIXED version: supplied with 2 screens (1 front-projection and 1 rear-projection screens). Supplied in its own light, heavy-duty flight case with casters, the FlightScreen is the perfect screen for your temporary installations including touring shows, conferences, etc.\" \/>\n<meta property=\"og:url\" content=\"https:\/\/www.azur-scenic.com\/en\/product\/flightscreen\/\" \/>\n<meta property=\"og:site_name\" content=\"Azur Scenic\" \/>\n<meta property=\"article:modified_time\" content=\"2023-08-02T12:58:18+00:00\" \/>\n<meta property=\"og:image\" content=\"https:\/\/www.azur-scenic.com\/wp-content\/uploads\/c969060b87ac98fb2bcef7a6f31d7ae5.jpg\" \/>\n\t<meta property=\"og:image:width\" content=\"354\" \/>\n\t<meta property=\"og:image:height\" content=\"354\" \/>\n\t<meta property=\"og:image:type\" content=\"image\/jpeg\" \/>\n<meta name=\"twitter:card\" content=\"summary_large_image\" \/>\n<meta name=\"twitter:label1\" content=\"Est. reading time\" \/>\n\t<meta name=\"twitter:data1\" content=\"1 minute\" \/>\n<script type=\"application\/ld+json\" class=\"yoast-schema-graph\">{\"@context\":\"https:\\\/\\\/schema.org\",\"@graph\":[{\"@type\":\"WebPage\",\"@id\":\"https:\\\/\\\/www.azur-scenic.com\\\/en\\\/product\\\/flightscreen\\\/\",\"url\":\"https:\\\/\\\/www.azur-scenic.com\\\/en\\\/product\\\/flightscreen\\\/\",\"name\":\"FlightScreen - Azur Scenic\",\"isPartOf\":{\"@id\":\"https:\\\/\\\/www.azur-scenic.com\\\/en\\\/#website\"},\"primaryImageOfPage\":{\"@id\":\"https:\\\/\\\/www.azur-scenic.com\\\/en\\\/product\\\/flightscreen\\\/#primaryimage\"},\"image\":{\"@id\":\"https:\\\/\\\/www.azur-scenic.com\\\/en\\\/product\\\/flightscreen\\\/#primaryimage\"},\"thumbnailUrl\":\"https:\\\/\\\/www.azur-scenic.com\\\/wp-content\\\/uploads\\\/c969060b87ac98fb2bcef7a6f31d7ae5.jpg\",\"datePublished\":\"2022-10-04T07:27:46+00:00\",\"dateModified\":\"2023-08-02T12:58:18+00:00\",\"breadcrumb\":{\"@id\":\"https:\\\/\\\/www.azur-scenic.com\\\/en\\\/product\\\/flightscreen\\\/#breadcrumb\"},\"inLanguage\":\"en-US\",\"potentialAction\":[{\"@type\":\"ReadAction\",\"target\":[\"https:\\\/\\\/www.azur-scenic.com\\\/en\\\/product\\\/flightscreen\\\/\"]}]},{\"@type\":\"ImageObject\",\"inLanguage\":\"en-US\",\"@id\":\"https:\\\/\\\/www.azur-scenic.com\\\/en\\\/product\\\/flightscreen\\\/#primaryimage\",\"url\":\"https:\\\/\\\/www.azur-scenic.com\\\/wp-content\\\/uploads\\\/c969060b87ac98fb2bcef7a6f31d7ae5.jpg\",\"contentUrl\":\"https:\\\/\\\/www.azur-scenic.com\\\/wp-content\\\/uploads\\\/c969060b87ac98fb2bcef7a6f31d7ae5.jpg\",\"width\":354,\"height\":354},{\"@type\":\"BreadcrumbList\",\"@id\":\"https:\\\/\\\/www.azur-scenic.com\\\/en\\\/product\\\/flightscreen\\\/#breadcrumb\",\"itemListElement\":[{\"@type\":\"ListItem\",\"position\":1,\"name\":\"Accueil\",\"item\":\"https:\\\/\\\/www.azur-scenic.com\\\/en\\\/\"},{\"@type\":\"ListItem\",\"position\":2,\"name\":\"Produits\",\"item\":\"https:\\\/\\\/www.azur-scenic.com\\\/en\\\/?page_id=21438\"},{\"@type\":\"ListItem\",\"position\":3,\"name\":\"FlightScreen\"}]},{\"@type\":\"WebSite\",\"@id\":\"https:\\\/\\\/www.azur-scenic.com\\\/en\\\/#website\",\"url\":\"https:\\\/\\\/www.azur-scenic.com\\\/en\\\/\",\"name\":\"Azur Scenic\",\"description\":\"Sp\u00e9cialiste de l\u2019\u00e9quipement sc\u00e9nique et de la d\u00e9coration int\u00e9rieure et \u00e9v\u00e9nementielle !\",\"publisher\":{\"@id\":\"https:\\\/\\\/www.azur-scenic.com\\\/en\\\/#organization\"},\"potentialAction\":[{\"@type\":\"SearchAction\",\"target\":{\"@type\":\"EntryPoint\",\"urlTemplate\":\"https:\\\/\\\/www.azur-scenic.com\\\/en\\\/?s={search_term_string}\"},\"query-input\":{\"@type\":\"PropertyValueSpecification\",\"valueRequired\":true,\"valueName\":\"search_term_string\"}}],\"inLanguage\":\"en-US\"},{\"@type\":\"Organization\",\"@id\":\"https:\\\/\\\/www.azur-scenic.com\\\/en\\\/#organization\",\"name\":\"AZUR SCENIC\",\"url\":\"https:\\\/\\\/www.azur-scenic.com\\\/en\\\/\",\"logo\":{\"@type\":\"ImageObject\",\"inLanguage\":\"en-US\",\"@id\":\"https:\\\/\\\/www.azur-scenic.com\\\/en\\\/#\\\/schema\\\/logo\\\/image\\\/\",\"url\":\"https:\\\/\\\/www.azur-scenic.com\\\/wp-content\\\/uploads\\\/2022\\\/09\\\/LOGO-AZUR-SCENIC-Fusion-web-236x64-1.jpg\",\"contentUrl\":\"https:\\\/\\\/www.azur-scenic.com\\\/wp-content\\\/uploads\\\/2022\\\/09\\\/LOGO-AZUR-SCENIC-Fusion-web-236x64-1.jpg\",\"width\":236,\"height\":64,\"caption\":\"AZUR SCENIC\"},\"image\":{\"@id\":\"https:\\\/\\\/www.azur-scenic.com\\\/en\\\/#\\\/schema\\\/logo\\\/image\\\/\"},\"sameAs\":[\"https:\\\/\\\/www.youtube.com\\\/channel\\\/UCPWM2mGPVUt4nYhNlm71WOA\",\"https:\\\/\\\/www.linkedin.com\\\/company\\\/33237605\\\/admin\\\/feed\\\/posts\\\/\"]}]}<\/script>\n<!-- \/ Yoast SEO plugin. -->","yoast_head_json":{"title":"FlightScreen - Azur Scenic","robots":{"index":"index","follow":"follow","max-snippet":"max-snippet:-1","max-image-preview":"max-image-preview:large","max-video-preview":"max-video-preview:-1"},"canonical":"https:\/\/www.azur-scenic.com\/en\/product\/flightscreen\/","og_locale":"en_US","og_type":"article","og_title":"FlightScreen - Azur Scenic","og_description":"Self-supporting folding screen for quick, easy assembly. For projections from 1.46 m to 8.80 m wide. A collapsible screen that\u2019s easily transportable and available in a range of sizes from 1.46 m to 8.80 m base, and a choice of 2 aspect ratios - 4:3 and 16:9. FlightScreen is available in 2 versions:  FRONT version: supplied with 1 front-projection screen. MIXED version: supplied with 2 screens (1 front-projection and 1 rear-projection screens). Supplied in its own light, heavy-duty flight case with casters, the FlightScreen is the perfect screen for your temporary installations including touring shows, conferences, etc.","og_url":"https:\/\/www.azur-scenic.com\/en\/product\/flightscreen\/","og_site_name":"Azur Scenic","article_modified_time":"2023-08-02T12:58:18+00:00","og_image":[{"width":354,"height":354,"url":"https:\/\/www.azur-scenic.com\/wp-content\/uploads\/c969060b87ac98fb2bcef7a6f31d7ae5.jpg","type":"image\/jpeg"}],"twitter_card":"summary_large_image","twitter_misc":{"Est. reading time":"1 minute"},"schema":{"@context":"https:\/\/schema.org","@graph":[{"@type":"WebPage","@id":"https:\/\/www.azur-scenic.com\/en\/product\/flightscreen\/","url":"https:\/\/www.azur-scenic.com\/en\/product\/flightscreen\/","name":"FlightScreen - Azur Scenic","isPartOf":{"@id":"https:\/\/www.azur-scenic.com\/en\/#website"},"primaryImageOfPage":{"@id":"https:\/\/www.azur-scenic.com\/en\/product\/flightscreen\/#primaryimage"},"image":{"@id":"https:\/\/www.azur-scenic.com\/en\/product\/flightscreen\/#primaryimage"},"thumbnailUrl":"https:\/\/www.azur-scenic.com\/wp-content\/uploads\/c969060b87ac98fb2bcef7a6f31d7ae5.jpg","datePublished":"2022-10-04T07:27:46+00:00","dateModified":"2023-08-02T12:58:18+00:00","breadcrumb":{"@id":"https:\/\/www.azur-scenic.com\/en\/product\/flightscreen\/#breadcrumb"},"inLanguage":"en-US","potentialAction":[{"@type":"ReadAction","target":["https:\/\/www.azur-scenic.com\/en\/product\/flightscreen\/"]}]},{"@type":"ImageObject","inLanguage":"en-US","@id":"https:\/\/www.azur-scenic.com\/en\/product\/flightscreen\/#primaryimage","url":"https:\/\/www.azur-scenic.com\/wp-content\/uploads\/c969060b87ac98fb2bcef7a6f31d7ae5.jpg","contentUrl":"https:\/\/www.azur-scenic.com\/wp-content\/uploads\/c969060b87ac98fb2bcef7a6f31d7ae5.jpg","width":354,"height":354},{"@type":"BreadcrumbList","@id":"https:\/\/www.azur-scenic.com\/en\/product\/flightscreen\/#breadcrumb","itemListElement":[{"@type":"ListItem","position":1,"name":"Accueil","item":"https:\/\/www.azur-scenic.com\/en\/"},{"@type":"ListItem","position":2,"name":"Produits","item":"https:\/\/www.azur-scenic.com\/en\/?page_id=21438"},{"@type":"ListItem","position":3,"name":"FlightScreen"}]},{"@type":"WebSite","@id":"https:\/\/www.azur-scenic.com\/en\/#website","url":"https:\/\/www.azur-scenic.com\/en\/","name":"Azur Scenic","description":"Sp\u00e9cialiste de l\u2019\u00e9quipement sc\u00e9nique et de la d\u00e9coration int\u00e9rieure et \u00e9v\u00e9nementielle !","publisher":{"@id":"https:\/\/www.azur-scenic.com\/en\/#organization"},"potentialAction":[{"@type":"SearchAction","target":{"@type":"EntryPoint","urlTemplate":"https:\/\/www.azur-scenic.com\/en\/?s={search_term_string}"},"query-input":{"@type":"PropertyValueSpecification","valueRequired":true,"valueName":"search_term_string"}}],"inLanguage":"en-US"},{"@type":"Organization","@id":"https:\/\/www.azur-scenic.com\/en\/#organization","name":"AZUR SCENIC","url":"https:\/\/www.azur-scenic.com\/en\/","logo":{"@type":"ImageObject","inLanguage":"en-US","@id":"https:\/\/www.azur-scenic.com\/en\/#\/schema\/logo\/image\/","url":"https:\/\/www.azur-scenic.com\/wp-content\/uploads\/2022\/09\/LOGO-AZUR-SCENIC-Fusion-web-236x64-1.jpg","contentUrl":"https:\/\/www.azur-scenic.com\/wp-content\/uploads\/2022\/09\/LOGO-AZUR-SCENIC-Fusion-web-236x64-1.jpg","width":236,"height":64,"caption":"AZUR SCENIC"},"image":{"@id":"https:\/\/www.azur-scenic.com\/en\/#\/schema\/logo\/image\/"},"sameAs":["https:\/\/www.youtube.com\/channel\/UCPWM2mGPVUt4nYhNlm71WOA","https:\/\/www.linkedin.com\/company\/33237605\/admin\/feed\/posts\/"]}]}},"_links":{"self":[{"href":"https:\/\/www.azur-scenic.com\/en\/wp-json\/wp\/v2\/product\/17613","targetHints":{"allow":["GET"]}}],"collection":[{"href":"https:\/\/www.azur-scenic.com\/en\/wp-json\/wp\/v2\/product"}],"about":[{"href":"https:\/\/www.azur-scenic.com\/en\/wp-json\/wp\/v2\/types\/product"}],"wp:featuredmedia":[{"embeddable":true,"href":"https:\/\/www.azur-scenic.com\/en\/wp-json\/wp\/v2\/media\/7695"}],"wp:attachment":[{"href":"https:\/\/www.azur-scenic.com\/en\/wp-json\/wp\/v2\/media?parent=17613"}],"wp:term":[{"taxonomy":"product_brand","embeddable":true,"href":"https:\/\/www.azur-scenic.com\/en\/wp-json\/wp\/v2\/product_brand?post=17613"},{"taxonomy":"product_cat","embeddable":true,"href":"https:\/\/www.azur-scenic.com\/en\/wp-json\/wp\/v2\/product_cat?post=17613"},{"taxonomy":"product_tag","embeddable":true,"href":"https:\/\/www.azur-scenic.com\/en\/wp-json\/wp\/v2\/product_tag?post=17613"}],"curies":[{"name":"wp","href":"https:\/\/api.w.org\/{rel}","templated":true}]}}