{"id":17621,"date":"2022-10-04T07:27:44","date_gmt":"2022-10-04T07:27:44","guid":{"rendered":"https:\/\/www.azur-scenic.com\/produit\/soundproof-cloth\/"},"modified":"2024-11-14T12:55:34","modified_gmt":"2024-11-14T12:55:34","slug":"soundproof-cloth","status":"publish","type":"product","link":"https:\/\/www.azur-scenic.com\/en\/product\/soundproof-cloth\/","title":{"rendered":"Soundproof Cloth"},"content":{"rendered":"<table>\n<thead>\n<tr>\n<th style=\"width: 170px;\">\u00a0<\/th>\n<th>Soundproof Cloth 5<\/th>\n<th>Soundproof Cloth 7<\/th>\n<\/tr>\n<\/thead>\n<tbody>\n<tr>\n<td><strong>Dimensions<\/strong><\/td>\n<td>Made-to-measure<\/td>\n<td>Made-to-measure<\/td>\n<\/tr>\n<tr>\n<td><strong>Weight<\/strong><\/td>\n<td>2500 g\/m<sup>2<\/sup><\/td>\n<td>3500 g\/m<sup>2<\/sup><\/td>\n<\/tr>\n<tr>\n<td><strong>Flame-retardant rating<\/strong><\/td>\n<td><img decoding=\"async\" style=\"height: 20px; width: 20px;\" src=\"https:\/\/www.azur-scenic.com\/wp-content\/uploads\/csm_icon-flag-france_3304e5e3f9.png\" \/> M1<\/td>\n<td><img decoding=\"async\" style=\"height: 20px; width: 20px;\" src=\"https:\/\/www.azur-scenic.com\/wp-content\/uploads\/csm_icon-flag-france_3304e5e3f9.png\" \/> M1<\/td>\n<\/tr>\n<tr>\n<td><strong>Composition<\/strong><\/td>\n<td>&nbsp;<\/td>\n<td>&nbsp;<\/td>\n<\/tr>\n<tr>\n<td>Front:<\/td>\n<td>Monte Cristo velour<br \/>\n(flat)<\/td>\n<td>Monte Cristo velour<br \/>\n(flat)<\/td>\n<\/tr>\n<tr>\n<td>Lining:<\/td>\n<td>Opaque 3000<br \/>\n(flat)<\/td>\n<td>Opaque 3000<br \/>\n(flat)<\/td>\n<\/tr>\n<tr>\n<td>Middle layers:<\/td>\n<td>Kalmuk (2 layers)<br \/>\nPVC (1 layer)<\/td>\n<td>Kalmuk (3 layers)<br \/>\nPVC (2 layers)<\/td>\n<\/tr>\n<tr>\n<td colspan=\"2\" rowspan=\"1\"><strong>Acoustic properties<\/strong><\/td>\n<td>&nbsp;<\/td>\n<\/tr>\n<tr>\n<td>Estimated weighted insulation:<\/td>\n<td>\u00b1 16 dB<\/td>\n<td>\u00b1 18 dB<\/td>\n<\/tr>\n<tr>\n<td>High-frequency insulation:<\/td>\n<td>\u00b1 45 dB<\/td>\n<td>\u00b1 60 dB<\/td>\n<\/tr>\n<tr>\n<td>Low-frequency insulation:<\/td>\n<td>\u00b1 10 dB<\/td>\n<td>\u00b1 12 dB<\/td>\n<\/tr>\n<\/tbody>\n<\/table>\n<p>*Graphs and results based on in-house tests<\/p>\n","protected":false},"excerpt":{"rendered":"<p><strong>Are the noises from the surrounding area intruding on your space?<br \/>\nWant to limit the noise impact of your premises?<br \/>\nWant to divide a room to make two distinct spaces?<\/strong><\/p>\n<p>Easily create <strong><span style=\"color: #f88523;\">distinct spaces<\/span><\/strong> both <strong><span style=\"color: #f88523;\">acoustically<\/span><\/strong> and <strong><span style=\"color: #f88523;\">visually<\/span><\/strong> thanks to our comprehensive solutions for multi-ply acoustic curtains. By combining alternate absorbent and insulating layers, they guarantee <strong><span style=\"color: #f88523;\">the best possible sound control<\/span><\/strong>!<\/p>\n<p>Available in 2 versions (<strong><span style=\"color: #f88523;\">5 or 7 layers<\/span><\/strong>), with a fine <strong><span style=\"color: #f88523;\">flat finish<\/span><\/strong>, <strong><span style=\"color: #f88523;\">M1 flame-retardant<\/span><\/strong> rated and <strong><span style=\"color: #f88523;\">easy to use<\/span><\/strong>, Soundproof Cloth is your ideal partner to resolve <strong><span style=\"color: #f88523;\">sound insulation challenges<\/span><\/strong> of all kinds.<\/p>\n<table class=\"table\">\n<tbody>\n<tr>\n<th style=\"width: 119px;\">\u00a0<\/th>\n<th style=\"text-align: left; width: 109px;\">Soundproof Cloth 5<\/th>\n<th style=\"text-align: left; width: 108px;\">Soundproof Cloth 7<\/th>\n<\/tr>\n<tr>\n<td style=\"width: 119px;\"><strong>Dimensions<\/strong><\/td>\n<td style=\"width: 109px;\">Made-to-measure<\/td>\n<td style=\"width: 108px;\">Made-to-measure<\/td>\n<\/tr>\n<tr>\n<td style=\"width: 119px;\"><strong>Flame-retardant rating<\/strong><\/td>\n<td style=\"width: 109px;\"><img decoding=\"async\" style=\"height: 20px; width: 20px;\" src=\"https:\/\/www.azur-scenic.com\/wp-content\/uploads\/csm_icon-flag-france_3304e5e3f9.png\" \/> M1<\/td>\n<td style=\"width: 108px;\"><img decoding=\"async\" style=\"height: 20px; width: 20px;\" src=\"https:\/\/www.azur-scenic.com\/wp-content\/uploads\/csm_icon-flag-france_3304e5e3f9.png\" \/> M1<\/td>\n<\/tr>\n<tr>\n<td style=\"width: 119px;\"><strong>Weight<\/strong><\/td>\n<td style=\"width: 109px;\">2500 g\/m<sup>2<\/sup><\/td>\n<td style=\"width: 108px;\">3500 g\/m<sup>2<\/sup><\/td>\n<\/tr>\n<\/tbody>\n<\/table>\n","protected":false},"featured_media":7683,"template":"","meta":{"_acf_changed":false},"product_brand":[],"product_cat":[898,979,1304],"product_tag":[],"class_list":{"0":"post-17621","1":"product","2":"type-product","3":"status-publish","4":"has-post-thumbnail","6":"product_cat-all-products","7":"product_cat-acoustic-solutions","8":"product_cat-sound-insulation","9":"pa_couleurs-003-en","10":"pa_couleurs-100-en","11":"pa_couleurs-250-en","12":"pa_couleurs-292-en","13":"pa_couleurs-790-en","14":"pa_groupes-de-couleurs-blue","15":"pa_groupes-de-couleurs-mixed","16":"pa_groupes-de-couleurs-greys","17":"pa_groupes-de-couleurs-red","18":"pa_textiles-flame-retardant-rated","19":"pa_textiles-acoustic-insulation","20":"pa_textiles-black-out-and-or-screen-material","22":"first","23":"instock","24":"shipping-taxable","25":"purchasable","26":"product-type-variable"},"acf":[],"yoast_head":"<!-- This site is optimized with the Yoast SEO plugin v27.3 - https:\/\/yoast.com\/product\/yoast-seo-wordpress\/ -->\n<title>Soundproof Cloth - Azur Scenic<\/title>\n<meta name=\"robots\" content=\"index, follow, max-snippet:-1, max-image-preview:large, max-video-preview:-1\" \/>\n<link rel=\"canonical\" href=\"https:\/\/www.azur-scenic.com\/en\/product\/soundproof-cloth\/\" \/>\n<meta property=\"og:locale\" content=\"en_US\" \/>\n<meta property=\"og:type\" content=\"article\" \/>\n<meta property=\"og:title\" content=\"Soundproof Cloth - Azur Scenic\" \/>\n<meta property=\"og:description\" content=\"Are the noises from the surrounding area intruding on your space? Want to limit the noise impact of your premises? Want to divide a room to make two distinct spaces? Easily create distinct spaces both acoustically and visually thanks to our comprehensive solutions for multi-ply acoustic curtains. By combining alternate absorbent and insulating layers, they guarantee the best possible sound control! Available in 2 versions (5 or 7 layers), with a fine flat finish, M1 flame-retardant rated and easy to use, Soundproof Cloth is your ideal partner to resolve sound insulation challenges of all kinds.    \u00a0 Soundproof Cloth 5 Soundproof Cloth 7   Dimensions Made-to-measure Made-to-measure   Flame-retardant rating  M1  M1   Weight 2500 g\/m2 3500 g\/m2\" \/>\n<meta property=\"og:url\" content=\"https:\/\/www.azur-scenic.com\/en\/product\/soundproof-cloth\/\" \/>\n<meta property=\"og:site_name\" content=\"Azur Scenic\" \/>\n<meta property=\"article:modified_time\" content=\"2024-11-14T12:55:34+00:00\" \/>\n<meta property=\"og:image\" content=\"https:\/\/www.azur-scenic.com\/wp-content\/uploads\/6e8ceb455f65832473e30025d03f0c3b.png\" \/>\n\t<meta property=\"og:image:width\" content=\"800\" \/>\n\t<meta property=\"og:image:height\" content=\"534\" \/>\n\t<meta property=\"og:image:type\" content=\"image\/png\" \/>\n<meta name=\"twitter:card\" content=\"summary_large_image\" \/>\n<meta name=\"twitter:label1\" content=\"Est. reading time\" \/>\n\t<meta name=\"twitter:data1\" content=\"2 minutes\" \/>\n<script type=\"application\/ld+json\" class=\"yoast-schema-graph\">{\"@context\":\"https:\\\/\\\/schema.org\",\"@graph\":[{\"@type\":\"WebPage\",\"@id\":\"https:\\\/\\\/www.azur-scenic.com\\\/en\\\/product\\\/soundproof-cloth\\\/\",\"url\":\"https:\\\/\\\/www.azur-scenic.com\\\/en\\\/product\\\/soundproof-cloth\\\/\",\"name\":\"Soundproof Cloth - Azur Scenic\",\"isPartOf\":{\"@id\":\"https:\\\/\\\/www.azur-scenic.com\\\/en\\\/#website\"},\"primaryImageOfPage\":{\"@id\":\"https:\\\/\\\/www.azur-scenic.com\\\/en\\\/product\\\/soundproof-cloth\\\/#primaryimage\"},\"image\":{\"@id\":\"https:\\\/\\\/www.azur-scenic.com\\\/en\\\/product\\\/soundproof-cloth\\\/#primaryimage\"},\"thumbnailUrl\":\"https:\\\/\\\/www.azur-scenic.com\\\/wp-content\\\/uploads\\\/6e8ceb455f65832473e30025d03f0c3b.png\",\"datePublished\":\"2022-10-04T07:27:44+00:00\",\"dateModified\":\"2024-11-14T12:55:34+00:00\",\"breadcrumb\":{\"@id\":\"https:\\\/\\\/www.azur-scenic.com\\\/en\\\/product\\\/soundproof-cloth\\\/#breadcrumb\"},\"inLanguage\":\"en-US\",\"potentialAction\":[{\"@type\":\"ReadAction\",\"target\":[\"https:\\\/\\\/www.azur-scenic.com\\\/en\\\/product\\\/soundproof-cloth\\\/\"]}]},{\"@type\":\"ImageObject\",\"inLanguage\":\"en-US\",\"@id\":\"https:\\\/\\\/www.azur-scenic.com\\\/en\\\/product\\\/soundproof-cloth\\\/#primaryimage\",\"url\":\"https:\\\/\\\/www.azur-scenic.com\\\/wp-content\\\/uploads\\\/6e8ceb455f65832473e30025d03f0c3b.png\",\"contentUrl\":\"https:\\\/\\\/www.azur-scenic.com\\\/wp-content\\\/uploads\\\/6e8ceb455f65832473e30025d03f0c3b.png\",\"width\":800,\"height\":534},{\"@type\":\"BreadcrumbList\",\"@id\":\"https:\\\/\\\/www.azur-scenic.com\\\/en\\\/product\\\/soundproof-cloth\\\/#breadcrumb\",\"itemListElement\":[{\"@type\":\"ListItem\",\"position\":1,\"name\":\"Accueil\",\"item\":\"https:\\\/\\\/www.azur-scenic.com\\\/en\\\/\"},{\"@type\":\"ListItem\",\"position\":2,\"name\":\"Produits\",\"item\":\"https:\\\/\\\/www.azur-scenic.com\\\/en\\\/?page_id=21438\"},{\"@type\":\"ListItem\",\"position\":3,\"name\":\"Soundproof Cloth\"}]},{\"@type\":\"WebSite\",\"@id\":\"https:\\\/\\\/www.azur-scenic.com\\\/en\\\/#website\",\"url\":\"https:\\\/\\\/www.azur-scenic.com\\\/en\\\/\",\"name\":\"Azur Scenic\",\"description\":\"Sp\u00e9cialiste de l\u2019\u00e9quipement sc\u00e9nique et de la d\u00e9coration int\u00e9rieure et \u00e9v\u00e9nementielle !\",\"publisher\":{\"@id\":\"https:\\\/\\\/www.azur-scenic.com\\\/en\\\/#organization\"},\"potentialAction\":[{\"@type\":\"SearchAction\",\"target\":{\"@type\":\"EntryPoint\",\"urlTemplate\":\"https:\\\/\\\/www.azur-scenic.com\\\/en\\\/?s={search_term_string}\"},\"query-input\":{\"@type\":\"PropertyValueSpecification\",\"valueRequired\":true,\"valueName\":\"search_term_string\"}}],\"inLanguage\":\"en-US\"},{\"@type\":\"Organization\",\"@id\":\"https:\\\/\\\/www.azur-scenic.com\\\/en\\\/#organization\",\"name\":\"AZUR SCENIC\",\"url\":\"https:\\\/\\\/www.azur-scenic.com\\\/en\\\/\",\"logo\":{\"@type\":\"ImageObject\",\"inLanguage\":\"en-US\",\"@id\":\"https:\\\/\\\/www.azur-scenic.com\\\/en\\\/#\\\/schema\\\/logo\\\/image\\\/\",\"url\":\"https:\\\/\\\/www.azur-scenic.com\\\/wp-content\\\/uploads\\\/2022\\\/09\\\/LOGO-AZUR-SCENIC-Fusion-web-236x64-1.jpg\",\"contentUrl\":\"https:\\\/\\\/www.azur-scenic.com\\\/wp-content\\\/uploads\\\/2022\\\/09\\\/LOGO-AZUR-SCENIC-Fusion-web-236x64-1.jpg\",\"width\":236,\"height\":64,\"caption\":\"AZUR SCENIC\"},\"image\":{\"@id\":\"https:\\\/\\\/www.azur-scenic.com\\\/en\\\/#\\\/schema\\\/logo\\\/image\\\/\"},\"sameAs\":[\"https:\\\/\\\/www.youtube.com\\\/channel\\\/UCPWM2mGPVUt4nYhNlm71WOA\",\"https:\\\/\\\/www.linkedin.com\\\/company\\\/33237605\\\/admin\\\/feed\\\/posts\\\/\"]}]}<\/script>\n<!-- \/ Yoast SEO plugin. -->","yoast_head_json":{"title":"Soundproof Cloth - Azur Scenic","robots":{"index":"index","follow":"follow","max-snippet":"max-snippet:-1","max-image-preview":"max-image-preview:large","max-video-preview":"max-video-preview:-1"},"canonical":"https:\/\/www.azur-scenic.com\/en\/product\/soundproof-cloth\/","og_locale":"en_US","og_type":"article","og_title":"Soundproof Cloth - Azur Scenic","og_description":"Are the noises from the surrounding area intruding on your space? Want to limit the noise impact of your premises? Want to divide a room to make two distinct spaces? Easily create distinct spaces both acoustically and visually thanks to our comprehensive solutions for multi-ply acoustic curtains. By combining alternate absorbent and insulating layers, they guarantee the best possible sound control! Available in 2 versions (5 or 7 layers), with a fine flat finish, M1 flame-retardant rated and easy to use, Soundproof Cloth is your ideal partner to resolve sound insulation challenges of all kinds.    \u00a0 Soundproof Cloth 5 Soundproof Cloth 7   Dimensions Made-to-measure Made-to-measure   Flame-retardant rating  M1  M1   Weight 2500 g\/m2 3500 g\/m2","og_url":"https:\/\/www.azur-scenic.com\/en\/product\/soundproof-cloth\/","og_site_name":"Azur Scenic","article_modified_time":"2024-11-14T12:55:34+00:00","og_image":[{"width":800,"height":534,"url":"https:\/\/www.azur-scenic.com\/wp-content\/uploads\/6e8ceb455f65832473e30025d03f0c3b.png","type":"image\/png"}],"twitter_card":"summary_large_image","twitter_misc":{"Est. reading time":"2 minutes"},"schema":{"@context":"https:\/\/schema.org","@graph":[{"@type":"WebPage","@id":"https:\/\/www.azur-scenic.com\/en\/product\/soundproof-cloth\/","url":"https:\/\/www.azur-scenic.com\/en\/product\/soundproof-cloth\/","name":"Soundproof Cloth - Azur Scenic","isPartOf":{"@id":"https:\/\/www.azur-scenic.com\/en\/#website"},"primaryImageOfPage":{"@id":"https:\/\/www.azur-scenic.com\/en\/product\/soundproof-cloth\/#primaryimage"},"image":{"@id":"https:\/\/www.azur-scenic.com\/en\/product\/soundproof-cloth\/#primaryimage"},"thumbnailUrl":"https:\/\/www.azur-scenic.com\/wp-content\/uploads\/6e8ceb455f65832473e30025d03f0c3b.png","datePublished":"2022-10-04T07:27:44+00:00","dateModified":"2024-11-14T12:55:34+00:00","breadcrumb":{"@id":"https:\/\/www.azur-scenic.com\/en\/product\/soundproof-cloth\/#breadcrumb"},"inLanguage":"en-US","potentialAction":[{"@type":"ReadAction","target":["https:\/\/www.azur-scenic.com\/en\/product\/soundproof-cloth\/"]}]},{"@type":"ImageObject","inLanguage":"en-US","@id":"https:\/\/www.azur-scenic.com\/en\/product\/soundproof-cloth\/#primaryimage","url":"https:\/\/www.azur-scenic.com\/wp-content\/uploads\/6e8ceb455f65832473e30025d03f0c3b.png","contentUrl":"https:\/\/www.azur-scenic.com\/wp-content\/uploads\/6e8ceb455f65832473e30025d03f0c3b.png","width":800,"height":534},{"@type":"BreadcrumbList","@id":"https:\/\/www.azur-scenic.com\/en\/product\/soundproof-cloth\/#breadcrumb","itemListElement":[{"@type":"ListItem","position":1,"name":"Accueil","item":"https:\/\/www.azur-scenic.com\/en\/"},{"@type":"ListItem","position":2,"name":"Produits","item":"https:\/\/www.azur-scenic.com\/en\/?page_id=21438"},{"@type":"ListItem","position":3,"name":"Soundproof Cloth"}]},{"@type":"WebSite","@id":"https:\/\/www.azur-scenic.com\/en\/#website","url":"https:\/\/www.azur-scenic.com\/en\/","name":"Azur Scenic","description":"Sp\u00e9cialiste de l\u2019\u00e9quipement sc\u00e9nique et de la d\u00e9coration int\u00e9rieure et \u00e9v\u00e9nementielle !","publisher":{"@id":"https:\/\/www.azur-scenic.com\/en\/#organization"},"potentialAction":[{"@type":"SearchAction","target":{"@type":"EntryPoint","urlTemplate":"https:\/\/www.azur-scenic.com\/en\/?s={search_term_string}"},"query-input":{"@type":"PropertyValueSpecification","valueRequired":true,"valueName":"search_term_string"}}],"inLanguage":"en-US"},{"@type":"Organization","@id":"https:\/\/www.azur-scenic.com\/en\/#organization","name":"AZUR SCENIC","url":"https:\/\/www.azur-scenic.com\/en\/","logo":{"@type":"ImageObject","inLanguage":"en-US","@id":"https:\/\/www.azur-scenic.com\/en\/#\/schema\/logo\/image\/","url":"https:\/\/www.azur-scenic.com\/wp-content\/uploads\/2022\/09\/LOGO-AZUR-SCENIC-Fusion-web-236x64-1.jpg","contentUrl":"https:\/\/www.azur-scenic.com\/wp-content\/uploads\/2022\/09\/LOGO-AZUR-SCENIC-Fusion-web-236x64-1.jpg","width":236,"height":64,"caption":"AZUR SCENIC"},"image":{"@id":"https:\/\/www.azur-scenic.com\/en\/#\/schema\/logo\/image\/"},"sameAs":["https:\/\/www.youtube.com\/channel\/UCPWM2mGPVUt4nYhNlm71WOA","https:\/\/www.linkedin.com\/company\/33237605\/admin\/feed\/posts\/"]}]}},"_links":{"self":[{"href":"https:\/\/www.azur-scenic.com\/en\/wp-json\/wp\/v2\/product\/17621","targetHints":{"allow":["GET"]}}],"collection":[{"href":"https:\/\/www.azur-scenic.com\/en\/wp-json\/wp\/v2\/product"}],"about":[{"href":"https:\/\/www.azur-scenic.com\/en\/wp-json\/wp\/v2\/types\/product"}],"wp:featuredmedia":[{"embeddable":true,"href":"https:\/\/www.azur-scenic.com\/en\/wp-json\/wp\/v2\/media\/7683"}],"wp:attachment":[{"href":"https:\/\/www.azur-scenic.com\/en\/wp-json\/wp\/v2\/media?parent=17621"}],"wp:term":[{"taxonomy":"product_brand","embeddable":true,"href":"https:\/\/www.azur-scenic.com\/en\/wp-json\/wp\/v2\/product_brand?post=17621"},{"taxonomy":"product_cat","embeddable":true,"href":"https:\/\/www.azur-scenic.com\/en\/wp-json\/wp\/v2\/product_cat?post=17621"},{"taxonomy":"product_tag","embeddable":true,"href":"https:\/\/www.azur-scenic.com\/en\/wp-json\/wp\/v2\/product_tag?post=17621"}],"curies":[{"name":"wp","href":"https:\/\/api.w.org\/{rel}","templated":true}]}}