{"id":17645,"date":"2022-10-04T07:27:36","date_gmt":"2022-10-04T07:27:36","guid":{"rendered":"https:\/\/www.azur-scenic.com\/produit\/tulle-gobelin\/"},"modified":"2023-08-02T12:52:47","modified_gmt":"2023-08-02T12:52:47","slug":"gobelin-scrim","status":"publish","type":"product","link":"https:\/\/www.azur-scenic.com\/en\/product\/gobelin-scrim\/","title":{"rendered":"Gobelin Scrim"},"content":{"rendered":"<table>\n<thead>\n<tr>\n<th style=\"width: 170px;\">Technical data<\/th>\n<th>Value<\/th>\n<th>Notes<\/th>\n<\/tr>\n<\/thead>\n<tbody>\n<tr>\n<td style=\"vertical-align: top;\">Mesh size<\/td>\n<td style=\"vertical-align: top;\">4 x 2 mm<\/td>\n<td>Sharkstooth mesh with 2-ply weave<\/td>\n<\/tr>\n<tr>\n<td style=\"vertical-align: top;\">Width<\/td>\n<td style=\"vertical-align: top;\">475 cm<br \/>\n640 cm<br \/>\n1100 cm<\/td>\n<td>Ref. 1415 (while stocks last)<br \/>\nRef. 1404 to 1405<br \/>\nRef. 1401 to 1403<\/td>\n<\/tr>\n<tr>\n<td style=\"vertical-align: top;\">Weight<\/td>\n<td style=\"vertical-align: top;\">90 g\/m\u00b2<\/td>\n<td>\u00a0<\/td>\n<\/tr>\n<tr>\n<td style=\"vertical-align: top;\">Thickness<\/td>\n<td style=\"vertical-align: top;\">1 mm<\/td>\n<td>\u00a0<\/td>\n<\/tr>\n<tr>\n<td style=\"vertical-align: top;\">Flame-retardant rating<\/td>\n<td style=\"vertical-align: top;\"><img decoding=\"async\" style=\"height: 20px; width: 20px;\" src=\"https:\/\/www.azur-scenic.com\/wp-content\/uploads\/icon-flag-france.png?1542281963\" \/> M1<br \/>\n<img decoding=\"async\" style=\"height: 20px; width: 20px;\" src=\"https:\/\/www.azur-scenic.com\/wp-content\/uploads\/icon-flag-uk.png\" \/> Type B<\/td>\n<td>Standard: NF P 92-503-507<br \/>\nStandard: BS 5867-2<\/td>\n<\/tr>\n<tr>\n<td style=\"vertical-align: top;\">Composition<\/td>\n<td style=\"vertical-align: top;\">95% Cotton,<br \/>\n5% Polyester<\/td>\n<td>Flame-retardant<\/td>\n<\/tr>\n<tr>\n<td style=\"vertical-align: top;\">Roll length<\/td>\n<td style=\"vertical-align: top;\">\u00b1 50 &#8211; 60 m<br \/>\nCentre-folded, bales<\/td>\n<td style=\"vertical-align: top;\">Cut-to-length possible<\/td>\n<\/tr>\n<\/tbody>\n<\/table>\n","protected":false},"excerpt":{"rendered":"<p>Unarguably our <strong><span style=\"color: #f88523;\">best-selling stage scrim<\/span><\/strong>, available in rectangular sharkstooth scrim, ideal for <strong><span style=\"color: #f88523;\">apparition and disappearing effects<\/span><\/strong> commonly used in the theatre.<br \/>\nBy playing with the lighting, you can make the elements positioned behind the scrim appear &#8211; the back lighting making the scrim see-through &#8211; or disappear completely from the spectators\u2019 view &#8211; front and\/or side lighting making the scrim opaque.<br \/>\nIt can also be used as an alternative <strong><span style=\"color: #f88523;\">front-projection<\/span><\/strong> and <span style=\"color: #f88523;\"><strong>rear-projection screen<\/strong><\/span>, or used in two layers to create <strong><span style=\"color: #f88523;\">shimmering effects<\/span><\/strong>.<br \/>\nThis scrim remains stable when tensioned and is perfect for <span style=\"color: #f88523;\"><strong>painting<\/strong><\/span> when making the most imaginative stage sets and scenery.<br \/>\nLike most scrim materials, it lets sound through, offering <span style=\"color: #f88523;\"><strong>perfect acoustic transparency<\/strong><\/span>, and can also be installed in front of sound reinforcement equipment without problems.<br \/>\n<span style=\"color: #f88523;\"><strong>M1<\/strong><\/span> flame-retardant rated and woven in a range of widths including <span style=\"color: #f88523;\"><strong>very wide<\/strong><\/span>, this scrim lets you cover large areas without panel seams so it can also be used as a stretch ceiling for large exhibition halls.<br \/>\nIn flame-retardant cotton, this scrim material is recommended for use protected from the elements.<\/p>\n<p>\u00a0<\/p>\n<table class=\"table\">\n<tbody>\n<tr>\n<td><strong>Width<\/strong>: 475 cm, 640 cm, 1100 cm<\/td>\n<td><strong>Weight<\/strong>: 90 g\/m\u00b2<\/td>\n<\/tr>\n<tr>\n<td><strong>Flame-retardant rating<\/strong>: <img decoding=\"async\" style=\"height: 20px; width: 20px;\" src=\"https:\/\/www.azur-scenic.com\/wp-content\/uploads\/icon-flag-france.png?1542281963\" \/> M1 <img decoding=\"async\" style=\"height: 20px; width: 20px;\" src=\"https:\/\/www.azur-scenic.com\/wp-content\/uploads\/icon-flag-uk.png\" \/> Type B<\/td>\n<td><strong>Composition<\/strong>: 95% Cotton,<br \/>\n5% Polyester<\/td>\n<\/tr>\n<\/tbody>\n<\/table>\n","protected":false},"featured_media":13879,"template":"","meta":{"_acf_changed":false},"product_brand":[],"product_cat":[898,893,1126,979,1127,897],"product_tag":[],"class_list":{"0":"post-17645","1":"product","2":"type-product","3":"status-publish","4":"has-post-thumbnail","6":"product_cat-all-products","7":"product_cat-stage-and-events-material","8":"product_cat-scrims-and-gauzes","9":"product_cat-acoustic-solutions","10":"product_cat-acoustic-transparency","11":"product_cat-theatre","12":"pa_couleurs-002-en","13":"pa_couleurs-003-en","14":"pa_couleurs-100-en","15":"pa_groupes-de-couleurs-white","16":"pa_groupes-de-couleurs-greys","17":"pa_groupes-de-couleurs-black","18":"pa_textiles-flame-retardant-rated","19":"pa_textiles-special-effects","20":"pa_textiles-front-projection","21":"pa_textiles-rear-projection","22":"pa_textiles-acoustic-transparency","23":"pa_textiles-transparent-and-translucent","24":"pa_textiles-very-large-width","26":"first","27":"instock","28":"shipping-taxable","29":"purchasable","30":"product-type-variable"},"acf":[],"yoast_head":"<!-- This site is optimized with the Yoast SEO plugin v27.1.1 - https:\/\/yoast.com\/product\/yoast-seo-wordpress\/ -->\n<title>Gobelin Scrim - Azur Scenic<\/title>\n<meta name=\"robots\" content=\"index, follow, max-snippet:-1, max-image-preview:large, max-video-preview:-1\" \/>\n<link rel=\"canonical\" href=\"https:\/\/www.azur-scenic.com\/en\/product\/gobelin-scrim\/\" \/>\n<meta property=\"og:locale\" content=\"en_US\" \/>\n<meta property=\"og:type\" content=\"article\" \/>\n<meta property=\"og:title\" content=\"Gobelin Scrim - Azur Scenic\" \/>\n<meta property=\"og:description\" content=\"Unarguably our best-selling stage scrim, available in rectangular sharkstooth scrim, ideal for apparition and disappearing effects commonly used in the theatre. By playing with the lighting, you can make the elements positioned behind the scrim appear - the back lighting making the scrim see-through - or disappear completely from the spectators\u2019 view - front and\/or side lighting making the scrim opaque. It can also be used as an alternative front-projection and rear-projection screen, or used in two layers to create shimmering effects. This scrim remains stable when tensioned and is perfect for painting when making the most imaginative stage sets and scenery. Like most scrim materials, it lets sound through, offering perfect acoustic transparency, and can also be installed in front of sound reinforcement equipment without problems. M1 flame-retardant rated and woven in a range of widths including very wide, this scrim lets you cover large areas without panel seams so it can also be used as a stretch ceiling for large exhibition halls. In flame-retardant cotton, this scrim material is recommended for use protected from the elements. \u00a0  Width: 475 cm, 640 cm, 1100 cm Weight: 90 g\/m\u00b2  Flame-retardant rating: M1 Type B Composition: 95% Cotton, 5% Polyester\" \/>\n<meta property=\"og:url\" content=\"https:\/\/www.azur-scenic.com\/en\/product\/gobelin-scrim\/\" \/>\n<meta property=\"og:site_name\" content=\"Azur Scenic\" \/>\n<meta property=\"article:modified_time\" content=\"2023-08-02T12:52:47+00:00\" \/>\n<meta property=\"og:image\" content=\"https:\/\/www.azur-scenic.com\/wp-content\/uploads\/GOBELIN-NOIR-scaled.jpg\" \/>\n\t<meta property=\"og:image:width\" content=\"2560\" \/>\n\t<meta property=\"og:image:height\" content=\"2560\" \/>\n\t<meta property=\"og:image:type\" content=\"image\/jpeg\" \/>\n<meta name=\"twitter:card\" content=\"summary_large_image\" \/>\n<script type=\"application\/ld+json\" class=\"yoast-schema-graph\">{\"@context\":\"https:\/\/schema.org\",\"@graph\":[{\"@type\":\"WebPage\",\"@id\":\"https:\/\/www.azur-scenic.com\/en\/product\/gobelin-scrim\/\",\"url\":\"https:\/\/www.azur-scenic.com\/en\/product\/gobelin-scrim\/\",\"name\":\"Gobelin Scrim - Azur Scenic\",\"isPartOf\":{\"@id\":\"https:\/\/www.azur-scenic.com\/en\/#website\"},\"primaryImageOfPage\":{\"@id\":\"https:\/\/www.azur-scenic.com\/en\/product\/gobelin-scrim\/#primaryimage\"},\"image\":{\"@id\":\"https:\/\/www.azur-scenic.com\/en\/product\/gobelin-scrim\/#primaryimage\"},\"thumbnailUrl\":\"https:\/\/www.azur-scenic.com\/wp-content\/uploads\/GOBELIN-NOIR-scaled.jpg\",\"datePublished\":\"2022-10-04T07:27:36+00:00\",\"dateModified\":\"2023-08-02T12:52:47+00:00\",\"breadcrumb\":{\"@id\":\"https:\/\/www.azur-scenic.com\/en\/product\/gobelin-scrim\/#breadcrumb\"},\"inLanguage\":\"en-US\",\"potentialAction\":[{\"@type\":\"ReadAction\",\"target\":[\"https:\/\/www.azur-scenic.com\/en\/product\/gobelin-scrim\/\"]}]},{\"@type\":\"ImageObject\",\"inLanguage\":\"en-US\",\"@id\":\"https:\/\/www.azur-scenic.com\/en\/product\/gobelin-scrim\/#primaryimage\",\"url\":\"https:\/\/www.azur-scenic.com\/wp-content\/uploads\/GOBELIN-NOIR-scaled.jpg\",\"contentUrl\":\"https:\/\/www.azur-scenic.com\/wp-content\/uploads\/GOBELIN-NOIR-scaled.jpg\",\"width\":2560,\"height\":2560,\"caption\":\"TULLE GOBELIN NOIR\"},{\"@type\":\"BreadcrumbList\",\"@id\":\"https:\/\/www.azur-scenic.com\/en\/product\/gobelin-scrim\/#breadcrumb\",\"itemListElement\":[{\"@type\":\"ListItem\",\"position\":1,\"name\":\"Accueil\",\"item\":\"https:\/\/www.azur-scenic.com\/en\/\"},{\"@type\":\"ListItem\",\"position\":2,\"name\":\"Produits\",\"item\":\"https:\/\/www.azur-scenic.com\/en\/?page_id=21438\"},{\"@type\":\"ListItem\",\"position\":3,\"name\":\"Gobelin Scrim\"}]},{\"@type\":\"WebSite\",\"@id\":\"https:\/\/www.azur-scenic.com\/en\/#website\",\"url\":\"https:\/\/www.azur-scenic.com\/en\/\",\"name\":\"Azur Scenic\",\"description\":\"Sp\u00e9cialiste de l\u2019\u00e9quipement sc\u00e9nique et de la d\u00e9coration int\u00e9rieure et \u00e9v\u00e9nementielle !\",\"publisher\":{\"@id\":\"https:\/\/www.azur-scenic.com\/en\/#organization\"},\"potentialAction\":[{\"@type\":\"SearchAction\",\"target\":{\"@type\":\"EntryPoint\",\"urlTemplate\":\"https:\/\/www.azur-scenic.com\/en\/?s={search_term_string}\"},\"query-input\":{\"@type\":\"PropertyValueSpecification\",\"valueRequired\":true,\"valueName\":\"search_term_string\"}}],\"inLanguage\":\"en-US\"},{\"@type\":\"Organization\",\"@id\":\"https:\/\/www.azur-scenic.com\/en\/#organization\",\"name\":\"AZUR SCENIC\",\"url\":\"https:\/\/www.azur-scenic.com\/en\/\",\"logo\":{\"@type\":\"ImageObject\",\"inLanguage\":\"en-US\",\"@id\":\"https:\/\/www.azur-scenic.com\/en\/#\/schema\/logo\/image\/\",\"url\":\"https:\/\/www.azur-scenic.com\/wp-content\/uploads\/2022\/09\/LOGO-AZUR-SCENIC-Fusion-web-236x64-1.jpg\",\"contentUrl\":\"https:\/\/www.azur-scenic.com\/wp-content\/uploads\/2022\/09\/LOGO-AZUR-SCENIC-Fusion-web-236x64-1.jpg\",\"width\":236,\"height\":64,\"caption\":\"AZUR SCENIC\"},\"image\":{\"@id\":\"https:\/\/www.azur-scenic.com\/en\/#\/schema\/logo\/image\/\"},\"sameAs\":[\"https:\/\/www.youtube.com\/channel\/UCPWM2mGPVUt4nYhNlm71WOA\",\"https:\/\/www.linkedin.com\/company\/33237605\/admin\/feed\/posts\/\"]}]}<\/script>\n<!-- \/ Yoast SEO plugin. -->","yoast_head_json":{"title":"Gobelin Scrim - Azur Scenic","robots":{"index":"index","follow":"follow","max-snippet":"max-snippet:-1","max-image-preview":"max-image-preview:large","max-video-preview":"max-video-preview:-1"},"canonical":"https:\/\/www.azur-scenic.com\/en\/product\/gobelin-scrim\/","og_locale":"en_US","og_type":"article","og_title":"Gobelin Scrim - Azur Scenic","og_description":"Unarguably our best-selling stage scrim, available in rectangular sharkstooth scrim, ideal for apparition and disappearing effects commonly used in the theatre. By playing with the lighting, you can make the elements positioned behind the scrim appear - the back lighting making the scrim see-through - or disappear completely from the spectators\u2019 view - front and\/or side lighting making the scrim opaque. It can also be used as an alternative front-projection and rear-projection screen, or used in two layers to create shimmering effects. This scrim remains stable when tensioned and is perfect for painting when making the most imaginative stage sets and scenery. Like most scrim materials, it lets sound through, offering perfect acoustic transparency, and can also be installed in front of sound reinforcement equipment without problems. M1 flame-retardant rated and woven in a range of widths including very wide, this scrim lets you cover large areas without panel seams so it can also be used as a stretch ceiling for large exhibition halls. In flame-retardant cotton, this scrim material is recommended for use protected from the elements. \u00a0  Width: 475 cm, 640 cm, 1100 cm Weight: 90 g\/m\u00b2  Flame-retardant rating: M1 Type B Composition: 95% Cotton, 5% Polyester","og_url":"https:\/\/www.azur-scenic.com\/en\/product\/gobelin-scrim\/","og_site_name":"Azur Scenic","article_modified_time":"2023-08-02T12:52:47+00:00","og_image":[{"width":2560,"height":2560,"url":"https:\/\/www.azur-scenic.com\/wp-content\/uploads\/GOBELIN-NOIR-scaled.jpg","type":"image\/jpeg"}],"twitter_card":"summary_large_image","schema":{"@context":"https:\/\/schema.org","@graph":[{"@type":"WebPage","@id":"https:\/\/www.azur-scenic.com\/en\/product\/gobelin-scrim\/","url":"https:\/\/www.azur-scenic.com\/en\/product\/gobelin-scrim\/","name":"Gobelin Scrim - Azur Scenic","isPartOf":{"@id":"https:\/\/www.azur-scenic.com\/en\/#website"},"primaryImageOfPage":{"@id":"https:\/\/www.azur-scenic.com\/en\/product\/gobelin-scrim\/#primaryimage"},"image":{"@id":"https:\/\/www.azur-scenic.com\/en\/product\/gobelin-scrim\/#primaryimage"},"thumbnailUrl":"https:\/\/www.azur-scenic.com\/wp-content\/uploads\/GOBELIN-NOIR-scaled.jpg","datePublished":"2022-10-04T07:27:36+00:00","dateModified":"2023-08-02T12:52:47+00:00","breadcrumb":{"@id":"https:\/\/www.azur-scenic.com\/en\/product\/gobelin-scrim\/#breadcrumb"},"inLanguage":"en-US","potentialAction":[{"@type":"ReadAction","target":["https:\/\/www.azur-scenic.com\/en\/product\/gobelin-scrim\/"]}]},{"@type":"ImageObject","inLanguage":"en-US","@id":"https:\/\/www.azur-scenic.com\/en\/product\/gobelin-scrim\/#primaryimage","url":"https:\/\/www.azur-scenic.com\/wp-content\/uploads\/GOBELIN-NOIR-scaled.jpg","contentUrl":"https:\/\/www.azur-scenic.com\/wp-content\/uploads\/GOBELIN-NOIR-scaled.jpg","width":2560,"height":2560,"caption":"TULLE GOBELIN NOIR"},{"@type":"BreadcrumbList","@id":"https:\/\/www.azur-scenic.com\/en\/product\/gobelin-scrim\/#breadcrumb","itemListElement":[{"@type":"ListItem","position":1,"name":"Accueil","item":"https:\/\/www.azur-scenic.com\/en\/"},{"@type":"ListItem","position":2,"name":"Produits","item":"https:\/\/www.azur-scenic.com\/en\/?page_id=21438"},{"@type":"ListItem","position":3,"name":"Gobelin Scrim"}]},{"@type":"WebSite","@id":"https:\/\/www.azur-scenic.com\/en\/#website","url":"https:\/\/www.azur-scenic.com\/en\/","name":"Azur Scenic","description":"Sp\u00e9cialiste de l\u2019\u00e9quipement sc\u00e9nique et de la d\u00e9coration int\u00e9rieure et \u00e9v\u00e9nementielle !","publisher":{"@id":"https:\/\/www.azur-scenic.com\/en\/#organization"},"potentialAction":[{"@type":"SearchAction","target":{"@type":"EntryPoint","urlTemplate":"https:\/\/www.azur-scenic.com\/en\/?s={search_term_string}"},"query-input":{"@type":"PropertyValueSpecification","valueRequired":true,"valueName":"search_term_string"}}],"inLanguage":"en-US"},{"@type":"Organization","@id":"https:\/\/www.azur-scenic.com\/en\/#organization","name":"AZUR SCENIC","url":"https:\/\/www.azur-scenic.com\/en\/","logo":{"@type":"ImageObject","inLanguage":"en-US","@id":"https:\/\/www.azur-scenic.com\/en\/#\/schema\/logo\/image\/","url":"https:\/\/www.azur-scenic.com\/wp-content\/uploads\/2022\/09\/LOGO-AZUR-SCENIC-Fusion-web-236x64-1.jpg","contentUrl":"https:\/\/www.azur-scenic.com\/wp-content\/uploads\/2022\/09\/LOGO-AZUR-SCENIC-Fusion-web-236x64-1.jpg","width":236,"height":64,"caption":"AZUR SCENIC"},"image":{"@id":"https:\/\/www.azur-scenic.com\/en\/#\/schema\/logo\/image\/"},"sameAs":["https:\/\/www.youtube.com\/channel\/UCPWM2mGPVUt4nYhNlm71WOA","https:\/\/www.linkedin.com\/company\/33237605\/admin\/feed\/posts\/"]}]}},"_links":{"self":[{"href":"https:\/\/www.azur-scenic.com\/en\/wp-json\/wp\/v2\/product\/17645","targetHints":{"allow":["GET"]}}],"collection":[{"href":"https:\/\/www.azur-scenic.com\/en\/wp-json\/wp\/v2\/product"}],"about":[{"href":"https:\/\/www.azur-scenic.com\/en\/wp-json\/wp\/v2\/types\/product"}],"wp:featuredmedia":[{"embeddable":true,"href":"https:\/\/www.azur-scenic.com\/en\/wp-json\/wp\/v2\/media\/13879"}],"wp:attachment":[{"href":"https:\/\/www.azur-scenic.com\/en\/wp-json\/wp\/v2\/media?parent=17645"}],"wp:term":[{"taxonomy":"product_brand","embeddable":true,"href":"https:\/\/www.azur-scenic.com\/en\/wp-json\/wp\/v2\/product_brand?post=17645"},{"taxonomy":"product_cat","embeddable":true,"href":"https:\/\/www.azur-scenic.com\/en\/wp-json\/wp\/v2\/product_cat?post=17645"},{"taxonomy":"product_tag","embeddable":true,"href":"https:\/\/www.azur-scenic.com\/en\/wp-json\/wp\/v2\/product_tag?post=17645"}],"curies":[{"name":"wp","href":"https:\/\/api.w.org\/{rel}","templated":true}]}}