{"id":17681,"date":"2022-10-04T07:27:36","date_gmt":"2022-10-04T07:27:36","guid":{"rendered":"https:\/\/www.azur-scenic.com\/produit\/tulle-laser-medium\/"},"modified":"2023-08-02T12:52:44","modified_gmt":"2023-08-02T12:52:44","slug":"laser-scrim-medium","status":"publish","type":"product","link":"https:\/\/www.azur-scenic.com\/en\/product\/laser-scrim-medium\/","title":{"rendered":"Laser Scrim Medium"},"content":{"rendered":"<table>\n<thead>\n<tr>\n<th style=\"width: 170px;\">Technical data<\/th>\n<th>Value<\/th>\n<th>Notes<\/th>\n<\/tr>\n<\/thead>\n<tbody>\n<tr>\n<td style=\"vertical-align: top;\">Mesh size<\/td>\n<td style=\"vertical-align: top;\">2 x 2 mm<\/td>\n<td style=\"vertical-align: top;\">Square mesh<\/td>\n<\/tr>\n<tr>\n<td style=\"vertical-align: top;\">Width<\/td>\n<td style=\"vertical-align: top;\">300 cm<\/td>\n<td>\u00a0<\/td>\n<\/tr>\n<tr>\n<td style=\"vertical-align: top;\">Weight<\/td>\n<td style=\"vertical-align: top;\">70 g\/m\u00b2<\/td>\n<td>\u00a0<\/td>\n<\/tr>\n<tr>\n<td style=\"vertical-align: top;\">Thickness<\/td>\n<td style=\"vertical-align: top;\">0.3 mm<\/td>\n<td>\u00a0<\/td>\n<\/tr>\n<tr>\n<td style=\"vertical-align: top;\">Flame-retardant rating<\/td>\n<td style=\"vertical-align: top;\"><img decoding=\"async\" style=\"height: 20px; width: 20px;\" src=\"https:\/\/www.azur-scenic.com\/wp-content\/uploads\/csm_icon-flag-france_3304e5e3f9.png\" \/> M1<\/td>\n<td style=\"vertical-align: top;\">Standard: NF P 92-503-507<\/td>\n<\/tr>\n<tr>\n<td style=\"vertical-align: top;\">Composition<\/td>\n<td style=\"vertical-align: top;\">100% Flame-retardant Polyester<\/td>\n<td>\u00a0<\/td>\n<\/tr>\n<tr>\n<td style=\"vertical-align: top;\">Roll length<\/td>\n<td style=\"vertical-align: top;\">30 m,<br \/>\nRolled centre-folded<\/td>\n<td style=\"vertical-align: top;\">Cut-to-length possible<\/td>\n<\/tr>\n<\/tbody>\n<\/table>\n","protected":false},"excerpt":{"rendered":"<p>A scrim that\u2019s <strong><span style=\"color: #f88523;\">ultra-light<\/span><\/strong> with an <strong><span style=\"color: #f88523;\">extra-fine mesh<\/span><\/strong>, it works extremely well with <strong><span style=\"color: #f88523;\">laser lightshows<\/span><\/strong> for creating <strong><span style=\"color: #f88523;\">breathtaking stage lighting<\/span><\/strong>. <strong><span style=\"color: #f88523;\">M1 flame-retardant<\/span><\/strong> rated, this scrim is available in 2 colours &#8211; white and black &#8211; for breathtaking <strong><span style=\"color: #f88523;\">laser effects<\/span><\/strong>.<br \/>\nWe recommend multi-layer use for <strong><span style=\"color: #f88523;\">incredible depth effects<\/span><\/strong>! Alternate and <strong><span style=\"color: #f88523;\">combine with Laser Voile<\/span><\/strong> for even more breathtaking effects!<br \/>\nLike most scrim materials, it allows sound to pass, offering perfect <strong><span style=\"color: #f88523;\">acoustic transparency<\/span><\/strong> meaning it can be installed in front of sound sources such as speakers, public address systems, etc&#8230;<br \/>\nVersatile and <strong><span style=\"color: #f88523;\">great-value<\/span><\/strong>, this \u201cbridal-veil\u201d scrim can be used both for <strong><span style=\"color: #f88523;\">front-projection<\/span><\/strong> and <strong><span style=\"color: #f88523;\">rear-projection<\/span><\/strong>, but also for <strong><span style=\"color: #f88523;\">decoration<\/span><\/strong> for all your events, including receptions, weddings, parties, etc.<br \/>\nIt is generally recommended to protect this flame-retardant polyester scrim from the elements.<\/p>\n<table class=\"table\">\n<tbody>\n<tr>\n<td><strong>Width<\/strong>: 300 cm<\/td>\n<td><strong>Weight<\/strong>: 70 g\/m\u00b2<\/td>\n<\/tr>\n<tr>\n<td><strong>Flame-retardant rating<\/strong>: <img decoding=\"async\" style=\"height: 20px; width: 20px;\" src=\"https:\/\/www.azur-scenic.com\/wp-content\/uploads\/csm_icon-flag-france_3304e5e3f9.png\" \/> M1<\/td>\n<td><strong>Composition<\/strong>: 100% Polyester &#8211; flame-retardant<\/td>\n<\/tr>\n<\/tbody>\n<\/table>\n","protected":false},"featured_media":13912,"template":"","meta":{"_acf_changed":false},"product_brand":[],"product_cat":[898,893,1126,979,1127,1106],"product_tag":[],"class_list":{"0":"post-17681","1":"product","2":"type-product","3":"status-publish","4":"has-post-thumbnail","6":"product_cat-all-products","7":"product_cat-stage-and-events-material","8":"product_cat-scrims-and-gauzes","9":"product_cat-acoustic-solutions","10":"product_cat-acoustic-transparency","11":"product_cat-events","12":"pa_couleurs-002-en","13":"pa_couleurs-003-en","14":"pa_groupes-de-couleurs-white","15":"pa_groupes-de-couleurs-black","16":"pa_textiles-flame-retardant-rated","17":"pa_textiles-special-effects","18":"pa_textiles-front-projection","19":"pa_textiles-rear-projection","20":"pa_textiles-acoustic-transparency","21":"pa_textiles-transparent-and-translucent","22":"pa_textiles-great-value","24":"first","25":"instock","26":"shipping-taxable","27":"purchasable","28":"product-type-variable"},"acf":[],"yoast_head":"<!-- This site is optimized with the Yoast SEO plugin v27.3 - https:\/\/yoast.com\/product\/yoast-seo-wordpress\/ -->\n<title>Laser Scrim Medium - Azur Scenic<\/title>\n<meta name=\"robots\" content=\"index, follow, max-snippet:-1, max-image-preview:large, max-video-preview:-1\" \/>\n<link rel=\"canonical\" href=\"https:\/\/www.azur-scenic.com\/en\/product\/laser-scrim-medium\/\" \/>\n<meta property=\"og:locale\" content=\"en_US\" \/>\n<meta property=\"og:type\" content=\"article\" \/>\n<meta property=\"og:title\" content=\"Laser Scrim Medium - Azur Scenic\" \/>\n<meta property=\"og:description\" content=\"A scrim that\u2019s ultra-light with an extra-fine mesh, it works extremely well with laser lightshows for creating breathtaking stage lighting. M1 flame-retardant rated, this scrim is available in 2 colours - white and black - for breathtaking laser effects. We recommend multi-layer use for incredible depth effects! Alternate and combine with Laser Voile for even more breathtaking effects! Like most scrim materials, it allows sound to pass, offering perfect acoustic transparency meaning it can be installed in front of sound sources such as speakers, public address systems, etc... Versatile and great-value, this \u201cbridal-veil\u201d scrim can be used both for front-projection and rear-projection, but also for decoration for all your events, including receptions, weddings, parties, etc. It is generally recommended to protect this flame-retardant polyester scrim from the elements.  Width: 300 cm Weight: 70 g\/m\u00b2  Flame-retardant rating: M1 Composition: 100% Polyester - flame-retardant\" \/>\n<meta property=\"og:url\" content=\"https:\/\/www.azur-scenic.com\/en\/product\/laser-scrim-medium\/\" \/>\n<meta property=\"og:site_name\" content=\"Azur Scenic\" \/>\n<meta property=\"article:modified_time\" content=\"2023-08-02T12:52:44+00:00\" \/>\n<meta property=\"og:image\" content=\"https:\/\/www.azur-scenic.com\/wp-content\/uploads\/LASER-MEDIUM-NOIR-scaled.jpg\" \/>\n\t<meta property=\"og:image:width\" content=\"2560\" \/>\n\t<meta property=\"og:image:height\" content=\"2560\" \/>\n\t<meta property=\"og:image:type\" content=\"image\/jpeg\" \/>\n<meta name=\"twitter:card\" content=\"summary_large_image\" \/>\n<script type=\"application\/ld+json\" class=\"yoast-schema-graph\">{\"@context\":\"https:\\\/\\\/schema.org\",\"@graph\":[{\"@type\":\"WebPage\",\"@id\":\"https:\\\/\\\/www.azur-scenic.com\\\/en\\\/product\\\/laser-scrim-medium\\\/\",\"url\":\"https:\\\/\\\/www.azur-scenic.com\\\/en\\\/product\\\/laser-scrim-medium\\\/\",\"name\":\"Laser Scrim Medium - Azur Scenic\",\"isPartOf\":{\"@id\":\"https:\\\/\\\/www.azur-scenic.com\\\/en\\\/#website\"},\"primaryImageOfPage\":{\"@id\":\"https:\\\/\\\/www.azur-scenic.com\\\/en\\\/product\\\/laser-scrim-medium\\\/#primaryimage\"},\"image\":{\"@id\":\"https:\\\/\\\/www.azur-scenic.com\\\/en\\\/product\\\/laser-scrim-medium\\\/#primaryimage\"},\"thumbnailUrl\":\"https:\\\/\\\/www.azur-scenic.com\\\/wp-content\\\/uploads\\\/LASER-MEDIUM-NOIR-scaled.jpg\",\"datePublished\":\"2022-10-04T07:27:36+00:00\",\"dateModified\":\"2023-08-02T12:52:44+00:00\",\"breadcrumb\":{\"@id\":\"https:\\\/\\\/www.azur-scenic.com\\\/en\\\/product\\\/laser-scrim-medium\\\/#breadcrumb\"},\"inLanguage\":\"en-US\",\"potentialAction\":[{\"@type\":\"ReadAction\",\"target\":[\"https:\\\/\\\/www.azur-scenic.com\\\/en\\\/product\\\/laser-scrim-medium\\\/\"]}]},{\"@type\":\"ImageObject\",\"inLanguage\":\"en-US\",\"@id\":\"https:\\\/\\\/www.azur-scenic.com\\\/en\\\/product\\\/laser-scrim-medium\\\/#primaryimage\",\"url\":\"https:\\\/\\\/www.azur-scenic.com\\\/wp-content\\\/uploads\\\/LASER-MEDIUM-NOIR-scaled.jpg\",\"contentUrl\":\"https:\\\/\\\/www.azur-scenic.com\\\/wp-content\\\/uploads\\\/LASER-MEDIUM-NOIR-scaled.jpg\",\"width\":2560,\"height\":2560,\"caption\":\"TULLE LASER MEDIUM NOIR\"},{\"@type\":\"BreadcrumbList\",\"@id\":\"https:\\\/\\\/www.azur-scenic.com\\\/en\\\/product\\\/laser-scrim-medium\\\/#breadcrumb\",\"itemListElement\":[{\"@type\":\"ListItem\",\"position\":1,\"name\":\"Accueil\",\"item\":\"https:\\\/\\\/www.azur-scenic.com\\\/en\\\/\"},{\"@type\":\"ListItem\",\"position\":2,\"name\":\"Produits\",\"item\":\"https:\\\/\\\/www.azur-scenic.com\\\/en\\\/?page_id=21438\"},{\"@type\":\"ListItem\",\"position\":3,\"name\":\"Laser Scrim Medium\"}]},{\"@type\":\"WebSite\",\"@id\":\"https:\\\/\\\/www.azur-scenic.com\\\/en\\\/#website\",\"url\":\"https:\\\/\\\/www.azur-scenic.com\\\/en\\\/\",\"name\":\"Azur Scenic\",\"description\":\"Sp\u00e9cialiste de l\u2019\u00e9quipement sc\u00e9nique et de la d\u00e9coration int\u00e9rieure et \u00e9v\u00e9nementielle !\",\"publisher\":{\"@id\":\"https:\\\/\\\/www.azur-scenic.com\\\/en\\\/#organization\"},\"potentialAction\":[{\"@type\":\"SearchAction\",\"target\":{\"@type\":\"EntryPoint\",\"urlTemplate\":\"https:\\\/\\\/www.azur-scenic.com\\\/en\\\/?s={search_term_string}\"},\"query-input\":{\"@type\":\"PropertyValueSpecification\",\"valueRequired\":true,\"valueName\":\"search_term_string\"}}],\"inLanguage\":\"en-US\"},{\"@type\":\"Organization\",\"@id\":\"https:\\\/\\\/www.azur-scenic.com\\\/en\\\/#organization\",\"name\":\"AZUR SCENIC\",\"url\":\"https:\\\/\\\/www.azur-scenic.com\\\/en\\\/\",\"logo\":{\"@type\":\"ImageObject\",\"inLanguage\":\"en-US\",\"@id\":\"https:\\\/\\\/www.azur-scenic.com\\\/en\\\/#\\\/schema\\\/logo\\\/image\\\/\",\"url\":\"https:\\\/\\\/www.azur-scenic.com\\\/wp-content\\\/uploads\\\/2022\\\/09\\\/LOGO-AZUR-SCENIC-Fusion-web-236x64-1.jpg\",\"contentUrl\":\"https:\\\/\\\/www.azur-scenic.com\\\/wp-content\\\/uploads\\\/2022\\\/09\\\/LOGO-AZUR-SCENIC-Fusion-web-236x64-1.jpg\",\"width\":236,\"height\":64,\"caption\":\"AZUR SCENIC\"},\"image\":{\"@id\":\"https:\\\/\\\/www.azur-scenic.com\\\/en\\\/#\\\/schema\\\/logo\\\/image\\\/\"},\"sameAs\":[\"https:\\\/\\\/www.youtube.com\\\/channel\\\/UCPWM2mGPVUt4nYhNlm71WOA\",\"https:\\\/\\\/www.linkedin.com\\\/company\\\/33237605\\\/admin\\\/feed\\\/posts\\\/\"]}]}<\/script>\n<!-- \/ Yoast SEO plugin. -->","yoast_head_json":{"title":"Laser Scrim Medium - Azur Scenic","robots":{"index":"index","follow":"follow","max-snippet":"max-snippet:-1","max-image-preview":"max-image-preview:large","max-video-preview":"max-video-preview:-1"},"canonical":"https:\/\/www.azur-scenic.com\/en\/product\/laser-scrim-medium\/","og_locale":"en_US","og_type":"article","og_title":"Laser Scrim Medium - Azur Scenic","og_description":"A scrim that\u2019s ultra-light with an extra-fine mesh, it works extremely well with laser lightshows for creating breathtaking stage lighting. M1 flame-retardant rated, this scrim is available in 2 colours - white and black - for breathtaking laser effects. We recommend multi-layer use for incredible depth effects! Alternate and combine with Laser Voile for even more breathtaking effects! Like most scrim materials, it allows sound to pass, offering perfect acoustic transparency meaning it can be installed in front of sound sources such as speakers, public address systems, etc... Versatile and great-value, this \u201cbridal-veil\u201d scrim can be used both for front-projection and rear-projection, but also for decoration for all your events, including receptions, weddings, parties, etc. It is generally recommended to protect this flame-retardant polyester scrim from the elements.  Width: 300 cm Weight: 70 g\/m\u00b2  Flame-retardant rating: M1 Composition: 100% Polyester - flame-retardant","og_url":"https:\/\/www.azur-scenic.com\/en\/product\/laser-scrim-medium\/","og_site_name":"Azur Scenic","article_modified_time":"2023-08-02T12:52:44+00:00","og_image":[{"width":2560,"height":2560,"url":"https:\/\/www.azur-scenic.com\/wp-content\/uploads\/LASER-MEDIUM-NOIR-scaled.jpg","type":"image\/jpeg"}],"twitter_card":"summary_large_image","schema":{"@context":"https:\/\/schema.org","@graph":[{"@type":"WebPage","@id":"https:\/\/www.azur-scenic.com\/en\/product\/laser-scrim-medium\/","url":"https:\/\/www.azur-scenic.com\/en\/product\/laser-scrim-medium\/","name":"Laser Scrim Medium - Azur Scenic","isPartOf":{"@id":"https:\/\/www.azur-scenic.com\/en\/#website"},"primaryImageOfPage":{"@id":"https:\/\/www.azur-scenic.com\/en\/product\/laser-scrim-medium\/#primaryimage"},"image":{"@id":"https:\/\/www.azur-scenic.com\/en\/product\/laser-scrim-medium\/#primaryimage"},"thumbnailUrl":"https:\/\/www.azur-scenic.com\/wp-content\/uploads\/LASER-MEDIUM-NOIR-scaled.jpg","datePublished":"2022-10-04T07:27:36+00:00","dateModified":"2023-08-02T12:52:44+00:00","breadcrumb":{"@id":"https:\/\/www.azur-scenic.com\/en\/product\/laser-scrim-medium\/#breadcrumb"},"inLanguage":"en-US","potentialAction":[{"@type":"ReadAction","target":["https:\/\/www.azur-scenic.com\/en\/product\/laser-scrim-medium\/"]}]},{"@type":"ImageObject","inLanguage":"en-US","@id":"https:\/\/www.azur-scenic.com\/en\/product\/laser-scrim-medium\/#primaryimage","url":"https:\/\/www.azur-scenic.com\/wp-content\/uploads\/LASER-MEDIUM-NOIR-scaled.jpg","contentUrl":"https:\/\/www.azur-scenic.com\/wp-content\/uploads\/LASER-MEDIUM-NOIR-scaled.jpg","width":2560,"height":2560,"caption":"TULLE LASER MEDIUM NOIR"},{"@type":"BreadcrumbList","@id":"https:\/\/www.azur-scenic.com\/en\/product\/laser-scrim-medium\/#breadcrumb","itemListElement":[{"@type":"ListItem","position":1,"name":"Accueil","item":"https:\/\/www.azur-scenic.com\/en\/"},{"@type":"ListItem","position":2,"name":"Produits","item":"https:\/\/www.azur-scenic.com\/en\/?page_id=21438"},{"@type":"ListItem","position":3,"name":"Laser Scrim Medium"}]},{"@type":"WebSite","@id":"https:\/\/www.azur-scenic.com\/en\/#website","url":"https:\/\/www.azur-scenic.com\/en\/","name":"Azur Scenic","description":"Sp\u00e9cialiste de l\u2019\u00e9quipement sc\u00e9nique et de la d\u00e9coration int\u00e9rieure et \u00e9v\u00e9nementielle !","publisher":{"@id":"https:\/\/www.azur-scenic.com\/en\/#organization"},"potentialAction":[{"@type":"SearchAction","target":{"@type":"EntryPoint","urlTemplate":"https:\/\/www.azur-scenic.com\/en\/?s={search_term_string}"},"query-input":{"@type":"PropertyValueSpecification","valueRequired":true,"valueName":"search_term_string"}}],"inLanguage":"en-US"},{"@type":"Organization","@id":"https:\/\/www.azur-scenic.com\/en\/#organization","name":"AZUR SCENIC","url":"https:\/\/www.azur-scenic.com\/en\/","logo":{"@type":"ImageObject","inLanguage":"en-US","@id":"https:\/\/www.azur-scenic.com\/en\/#\/schema\/logo\/image\/","url":"https:\/\/www.azur-scenic.com\/wp-content\/uploads\/2022\/09\/LOGO-AZUR-SCENIC-Fusion-web-236x64-1.jpg","contentUrl":"https:\/\/www.azur-scenic.com\/wp-content\/uploads\/2022\/09\/LOGO-AZUR-SCENIC-Fusion-web-236x64-1.jpg","width":236,"height":64,"caption":"AZUR SCENIC"},"image":{"@id":"https:\/\/www.azur-scenic.com\/en\/#\/schema\/logo\/image\/"},"sameAs":["https:\/\/www.youtube.com\/channel\/UCPWM2mGPVUt4nYhNlm71WOA","https:\/\/www.linkedin.com\/company\/33237605\/admin\/feed\/posts\/"]}]}},"_links":{"self":[{"href":"https:\/\/www.azur-scenic.com\/en\/wp-json\/wp\/v2\/product\/17681","targetHints":{"allow":["GET"]}}],"collection":[{"href":"https:\/\/www.azur-scenic.com\/en\/wp-json\/wp\/v2\/product"}],"about":[{"href":"https:\/\/www.azur-scenic.com\/en\/wp-json\/wp\/v2\/types\/product"}],"wp:featuredmedia":[{"embeddable":true,"href":"https:\/\/www.azur-scenic.com\/en\/wp-json\/wp\/v2\/media\/13912"}],"wp:attachment":[{"href":"https:\/\/www.azur-scenic.com\/en\/wp-json\/wp\/v2\/media?parent=17681"}],"wp:term":[{"taxonomy":"product_brand","embeddable":true,"href":"https:\/\/www.azur-scenic.com\/en\/wp-json\/wp\/v2\/product_brand?post=17681"},{"taxonomy":"product_cat","embeddable":true,"href":"https:\/\/www.azur-scenic.com\/en\/wp-json\/wp\/v2\/product_cat?post=17681"},{"taxonomy":"product_tag","embeddable":true,"href":"https:\/\/www.azur-scenic.com\/en\/wp-json\/wp\/v2\/product_tag?post=17681"}],"curies":[{"name":"wp","href":"https:\/\/api.w.org\/{rel}","templated":true}]}}