{"id":17693,"date":"2022-10-04T07:27:36","date_gmt":"2022-10-04T07:27:36","guid":{"rendered":"https:\/\/www.azur-scenic.com\/produit\/film-plastique-non-classe\/"},"modified":"2023-08-02T12:58:14","modified_gmt":"2023-08-02T12:58:14","slug":"plastic-film-not-flame-retardant-rated","status":"publish","type":"product","link":"https:\/\/www.azur-scenic.com\/en\/product\/plastic-film-not-flame-retardant-rated\/","title":{"rendered":"Plastic film, not flame-retardant rated"},"content":{"rendered":"<table>\n<thead>\n<tr>\n<th style=\"width: 170px;\">Technical data<\/th>\n<th style=\"text-align: center;\" colspan=\"3\">Value<\/th>\n<\/tr>\n<\/thead>\n<tbody>\n<tr>\n<td style=\"vertical-align: top;\">Reference<\/td>\n<td style=\"text-align: center; vertical-align: top;\">808<\/td>\n<td style=\"text-align: center; vertical-align: top;\">809<\/td>\n<td style=\"text-align: center; vertical-align: top;\">810<br \/>\nThick black<\/td>\n<\/tr>\n<tr>\n<td>Thickness<\/td>\n<td style=\"text-align: center; vertical-align: top;\">0.05 mm (50\u00a0\u03bc)<\/td>\n<td style=\"text-align: center; vertical-align: top;\">0.15 mm (150\u00a0\u03bc)<\/td>\n<td style=\"text-align: center; vertical-align: top;\">0.15 mm (150\u00a0\u03bc)<\/td>\n<\/tr>\n<tr>\n<td>Width<\/td>\n<td style=\"text-align: center; vertical-align: top;\">300 cm<\/td>\n<td style=\"text-align: center; vertical-align: top;\">300 cm<\/td>\n<td style=\"text-align: center; vertical-align: top;\">300 cm<\/td>\n<\/tr>\n<tr>\n<td>Supplied in<\/td>\n<td style=\"text-align: center; vertical-align: top;\">Length \u00b1 80 m<br \/>\nRolled centre-folded in 1.50 m<\/td>\n<td style=\"text-align: center; vertical-align: top;\">Length \u00b1 65 m<br \/>\nRolled centre-folded in 1.50 m<\/td>\n<td style=\"text-align: center; vertical-align: top;\">Length \u00b1 65 m<br \/>\nRolled centre-folded in 1.50 m<\/td>\n<\/tr>\n<\/tbody>\n<\/table>\n<p>\u00a0<\/p>\n<table>\n<thead>\n<tr>\n<th style=\"width: 170px;\">Technical data<\/th>\n<th>Value<\/th>\n<th>Notes<\/th>\n<\/tr>\n<\/thead>\n<tbody>\n<tr>\n<td style=\"vertical-align: top;\">Density<\/td>\n<td style=\"vertical-align: top;\">Approx. 0.92 g\/cm3<\/td>\n<td style=\"vertical-align: top;\">Standard: DIN 53479<\/td>\n<\/tr>\n<tr>\n<td style=\"vertical-align: top;\">Tensile strength<\/td>\n<td style=\"vertical-align: top;\">Longitudinal: > 14 N\/m\u00b2<br \/>\nTransverse: > 12 N\/m\u00b2<\/td>\n<td style=\"vertical-align: top;\">Standard: DIN EN ISO 527-3<\/td>\n<\/tr>\n<tr>\n<td style=\"vertical-align: top;\">Elongation at break<\/td>\n<td style=\"vertical-align: top;\">Longitudinal: > 200%<br \/>\nTransverse: > 250%<\/td>\n<td style=\"vertical-align: top;\">Standard: DIN EN ISO 527-3<\/td>\n<\/tr>\n<tr>\n<td style=\"vertical-align: top;\">Dart Drop resistance<\/td>\n<td style=\"vertical-align: top;\">> 1 g\/\u03bcm<\/td>\n<td style=\"vertical-align: top;\">Standard: ASTM D 1709-75<\/td>\n<\/tr>\n<tr>\n<td style=\"vertical-align: top;\">Friction coefficient<\/td>\n<td style=\"vertical-align: top;\">0.20 &#8211; 0.60<\/td>\n<td style=\"vertical-align: top;\">Standard: DIN EN ISO 8295<\/td>\n<\/tr>\n<tr>\n<td style=\"vertical-align: top;\">Composition<\/td>\n<td style=\"vertical-align: top;\">100% Polyethylene<\/td>\n<td>\u00a0<\/td>\n<\/tr>\n<\/tbody>\n<\/table>\n<p>\u00a0<\/p><\/p>\n","protected":false},"excerpt":{"rendered":"<p>A <strong><span style=\"color: #f88523;\">plastic packing film<\/span><\/strong> that\u2019s flexible, <strong><span style=\"color: #f88523;\">affordable<\/span><\/strong> and available in <strong><span style=\"color: #f88523;\">3 m widths<\/span><\/strong>.<\/p>\n<p>Product available in 2 thicknesses and 2 colours:<br \/>\n\u2022 Transparent (50\u00a0\u03bc and 150\u00a0\u03bc thicknesses)<br \/>\n\u2022 Black on 2 sides (150\u00a0\u03bc thickness only)<\/p>\n<table class=\"table\">\n<tbody>\n<tr>\n<td><strong>Width<\/strong>: 300 cm<\/td>\n<td><strong>Composition<\/strong>: 100% Polyethylene<\/td>\n<\/tr>\n<\/tbody>\n<\/table>\n","protected":false},"featured_media":7665,"template":"","meta":{"_acf_changed":false},"product_brand":[],"product_cat":[898,1200,1234,1223,1314],"product_tag":[],"class_list":{"0":"post-17693","1":"product","2":"type-product","3":"status-publish","4":"has-post-thumbnail","6":"product_cat-all-products","7":"product_cat-projection-screens-pvc-canvas","8":"product_cat-miscellaneous-pvc","9":"product_cat-accessories-consumables","10":"product_cat-protective-film","11":"pa_couleurs-000-en","12":"pa_couleurs-003-en","13":"pa_groupes-de-couleurs-white","14":"pa_groupes-de-couleurs-black","15":"pa_textiles-great-value","17":"first","18":"instock","19":"shipping-taxable","20":"purchasable","21":"product-type-variable"},"acf":[],"yoast_head":"<!-- This site is optimized with the Yoast SEO plugin v27.1.1 - https:\/\/yoast.com\/product\/yoast-seo-wordpress\/ -->\n<title>Plastic film, not flame-retardant rated - Azur Scenic<\/title>\n<meta name=\"robots\" content=\"index, follow, max-snippet:-1, max-image-preview:large, max-video-preview:-1\" \/>\n<link rel=\"canonical\" href=\"https:\/\/www.azur-scenic.com\/en\/product\/plastic-film-not-flame-retardant-rated\/\" \/>\n<meta property=\"og:locale\" content=\"en_US\" \/>\n<meta property=\"og:type\" content=\"article\" \/>\n<meta property=\"og:title\" content=\"Plastic film, not flame-retardant rated - Azur Scenic\" \/>\n<meta property=\"og:description\" content=\"A plastic packing film that\u2019s flexible, affordable and available in 3 m widths. Product available in 2 thicknesses and 2 colours: \u2022 Transparent (50\u00a0\u03bc and 150\u00a0\u03bc thicknesses) \u2022 Black on 2 sides (150\u00a0\u03bc thickness only)  Width: 300 cm Composition: 100% Polyethylene\" \/>\n<meta property=\"og:url\" content=\"https:\/\/www.azur-scenic.com\/en\/product\/plastic-film-not-flame-retardant-rated\/\" \/>\n<meta property=\"og:site_name\" content=\"Azur Scenic\" \/>\n<meta property=\"article:modified_time\" content=\"2023-08-02T12:58:14+00:00\" \/>\n<meta property=\"og:image\" content=\"https:\/\/www.azur-scenic.com\/wp-content\/uploads\/84cfb7420136b2a03703582539c54907.png\" \/>\n\t<meta property=\"og:image:width\" content=\"430\" \/>\n\t<meta property=\"og:image:height\" content=\"430\" \/>\n\t<meta property=\"og:image:type\" content=\"image\/png\" \/>\n<meta name=\"twitter:card\" content=\"summary_large_image\" \/>\n<script type=\"application\/ld+json\" class=\"yoast-schema-graph\">{\"@context\":\"https:\/\/schema.org\",\"@graph\":[{\"@type\":\"WebPage\",\"@id\":\"https:\/\/www.azur-scenic.com\/en\/product\/plastic-film-not-flame-retardant-rated\/\",\"url\":\"https:\/\/www.azur-scenic.com\/en\/product\/plastic-film-not-flame-retardant-rated\/\",\"name\":\"Plastic film, not flame-retardant rated - Azur Scenic\",\"isPartOf\":{\"@id\":\"https:\/\/www.azur-scenic.com\/en\/#website\"},\"primaryImageOfPage\":{\"@id\":\"https:\/\/www.azur-scenic.com\/en\/product\/plastic-film-not-flame-retardant-rated\/#primaryimage\"},\"image\":{\"@id\":\"https:\/\/www.azur-scenic.com\/en\/product\/plastic-film-not-flame-retardant-rated\/#primaryimage\"},\"thumbnailUrl\":\"https:\/\/www.azur-scenic.com\/wp-content\/uploads\/84cfb7420136b2a03703582539c54907.png\",\"datePublished\":\"2022-10-04T07:27:36+00:00\",\"dateModified\":\"2023-08-02T12:58:14+00:00\",\"breadcrumb\":{\"@id\":\"https:\/\/www.azur-scenic.com\/en\/product\/plastic-film-not-flame-retardant-rated\/#breadcrumb\"},\"inLanguage\":\"en-US\",\"potentialAction\":[{\"@type\":\"ReadAction\",\"target\":[\"https:\/\/www.azur-scenic.com\/en\/product\/plastic-film-not-flame-retardant-rated\/\"]}]},{\"@type\":\"ImageObject\",\"inLanguage\":\"en-US\",\"@id\":\"https:\/\/www.azur-scenic.com\/en\/product\/plastic-film-not-flame-retardant-rated\/#primaryimage\",\"url\":\"https:\/\/www.azur-scenic.com\/wp-content\/uploads\/84cfb7420136b2a03703582539c54907.png\",\"contentUrl\":\"https:\/\/www.azur-scenic.com\/wp-content\/uploads\/84cfb7420136b2a03703582539c54907.png\",\"width\":430,\"height\":430},{\"@type\":\"BreadcrumbList\",\"@id\":\"https:\/\/www.azur-scenic.com\/en\/product\/plastic-film-not-flame-retardant-rated\/#breadcrumb\",\"itemListElement\":[{\"@type\":\"ListItem\",\"position\":1,\"name\":\"Accueil\",\"item\":\"https:\/\/www.azur-scenic.com\/en\/\"},{\"@type\":\"ListItem\",\"position\":2,\"name\":\"Produits\",\"item\":\"https:\/\/www.azur-scenic.com\/en\/?page_id=21438\"},{\"@type\":\"ListItem\",\"position\":3,\"name\":\"Plastic film, not flame-retardant rated\"}]},{\"@type\":\"WebSite\",\"@id\":\"https:\/\/www.azur-scenic.com\/en\/#website\",\"url\":\"https:\/\/www.azur-scenic.com\/en\/\",\"name\":\"Azur Scenic\",\"description\":\"Sp\u00e9cialiste de l\u2019\u00e9quipement sc\u00e9nique et de la d\u00e9coration int\u00e9rieure et \u00e9v\u00e9nementielle !\",\"publisher\":{\"@id\":\"https:\/\/www.azur-scenic.com\/en\/#organization\"},\"potentialAction\":[{\"@type\":\"SearchAction\",\"target\":{\"@type\":\"EntryPoint\",\"urlTemplate\":\"https:\/\/www.azur-scenic.com\/en\/?s={search_term_string}\"},\"query-input\":{\"@type\":\"PropertyValueSpecification\",\"valueRequired\":true,\"valueName\":\"search_term_string\"}}],\"inLanguage\":\"en-US\"},{\"@type\":\"Organization\",\"@id\":\"https:\/\/www.azur-scenic.com\/en\/#organization\",\"name\":\"AZUR SCENIC\",\"url\":\"https:\/\/www.azur-scenic.com\/en\/\",\"logo\":{\"@type\":\"ImageObject\",\"inLanguage\":\"en-US\",\"@id\":\"https:\/\/www.azur-scenic.com\/en\/#\/schema\/logo\/image\/\",\"url\":\"https:\/\/www.azur-scenic.com\/wp-content\/uploads\/2022\/09\/LOGO-AZUR-SCENIC-Fusion-web-236x64-1.jpg\",\"contentUrl\":\"https:\/\/www.azur-scenic.com\/wp-content\/uploads\/2022\/09\/LOGO-AZUR-SCENIC-Fusion-web-236x64-1.jpg\",\"width\":236,\"height\":64,\"caption\":\"AZUR SCENIC\"},\"image\":{\"@id\":\"https:\/\/www.azur-scenic.com\/en\/#\/schema\/logo\/image\/\"},\"sameAs\":[\"https:\/\/www.youtube.com\/channel\/UCPWM2mGPVUt4nYhNlm71WOA\",\"https:\/\/www.linkedin.com\/company\/33237605\/admin\/feed\/posts\/\"]}]}<\/script>\n<!-- \/ Yoast SEO plugin. -->","yoast_head_json":{"title":"Plastic film, not flame-retardant rated - Azur Scenic","robots":{"index":"index","follow":"follow","max-snippet":"max-snippet:-1","max-image-preview":"max-image-preview:large","max-video-preview":"max-video-preview:-1"},"canonical":"https:\/\/www.azur-scenic.com\/en\/product\/plastic-film-not-flame-retardant-rated\/","og_locale":"en_US","og_type":"article","og_title":"Plastic film, not flame-retardant rated - Azur Scenic","og_description":"A plastic packing film that\u2019s flexible, affordable and available in 3 m widths. Product available in 2 thicknesses and 2 colours: \u2022 Transparent (50\u00a0\u03bc and 150\u00a0\u03bc thicknesses) \u2022 Black on 2 sides (150\u00a0\u03bc thickness only)  Width: 300 cm Composition: 100% Polyethylene","og_url":"https:\/\/www.azur-scenic.com\/en\/product\/plastic-film-not-flame-retardant-rated\/","og_site_name":"Azur Scenic","article_modified_time":"2023-08-02T12:58:14+00:00","og_image":[{"width":430,"height":430,"url":"https:\/\/www.azur-scenic.com\/wp-content\/uploads\/84cfb7420136b2a03703582539c54907.png","type":"image\/png"}],"twitter_card":"summary_large_image","schema":{"@context":"https:\/\/schema.org","@graph":[{"@type":"WebPage","@id":"https:\/\/www.azur-scenic.com\/en\/product\/plastic-film-not-flame-retardant-rated\/","url":"https:\/\/www.azur-scenic.com\/en\/product\/plastic-film-not-flame-retardant-rated\/","name":"Plastic film, not flame-retardant rated - Azur Scenic","isPartOf":{"@id":"https:\/\/www.azur-scenic.com\/en\/#website"},"primaryImageOfPage":{"@id":"https:\/\/www.azur-scenic.com\/en\/product\/plastic-film-not-flame-retardant-rated\/#primaryimage"},"image":{"@id":"https:\/\/www.azur-scenic.com\/en\/product\/plastic-film-not-flame-retardant-rated\/#primaryimage"},"thumbnailUrl":"https:\/\/www.azur-scenic.com\/wp-content\/uploads\/84cfb7420136b2a03703582539c54907.png","datePublished":"2022-10-04T07:27:36+00:00","dateModified":"2023-08-02T12:58:14+00:00","breadcrumb":{"@id":"https:\/\/www.azur-scenic.com\/en\/product\/plastic-film-not-flame-retardant-rated\/#breadcrumb"},"inLanguage":"en-US","potentialAction":[{"@type":"ReadAction","target":["https:\/\/www.azur-scenic.com\/en\/product\/plastic-film-not-flame-retardant-rated\/"]}]},{"@type":"ImageObject","inLanguage":"en-US","@id":"https:\/\/www.azur-scenic.com\/en\/product\/plastic-film-not-flame-retardant-rated\/#primaryimage","url":"https:\/\/www.azur-scenic.com\/wp-content\/uploads\/84cfb7420136b2a03703582539c54907.png","contentUrl":"https:\/\/www.azur-scenic.com\/wp-content\/uploads\/84cfb7420136b2a03703582539c54907.png","width":430,"height":430},{"@type":"BreadcrumbList","@id":"https:\/\/www.azur-scenic.com\/en\/product\/plastic-film-not-flame-retardant-rated\/#breadcrumb","itemListElement":[{"@type":"ListItem","position":1,"name":"Accueil","item":"https:\/\/www.azur-scenic.com\/en\/"},{"@type":"ListItem","position":2,"name":"Produits","item":"https:\/\/www.azur-scenic.com\/en\/?page_id=21438"},{"@type":"ListItem","position":3,"name":"Plastic film, not flame-retardant rated"}]},{"@type":"WebSite","@id":"https:\/\/www.azur-scenic.com\/en\/#website","url":"https:\/\/www.azur-scenic.com\/en\/","name":"Azur Scenic","description":"Sp\u00e9cialiste de l\u2019\u00e9quipement sc\u00e9nique et de la d\u00e9coration int\u00e9rieure et \u00e9v\u00e9nementielle !","publisher":{"@id":"https:\/\/www.azur-scenic.com\/en\/#organization"},"potentialAction":[{"@type":"SearchAction","target":{"@type":"EntryPoint","urlTemplate":"https:\/\/www.azur-scenic.com\/en\/?s={search_term_string}"},"query-input":{"@type":"PropertyValueSpecification","valueRequired":true,"valueName":"search_term_string"}}],"inLanguage":"en-US"},{"@type":"Organization","@id":"https:\/\/www.azur-scenic.com\/en\/#organization","name":"AZUR SCENIC","url":"https:\/\/www.azur-scenic.com\/en\/","logo":{"@type":"ImageObject","inLanguage":"en-US","@id":"https:\/\/www.azur-scenic.com\/en\/#\/schema\/logo\/image\/","url":"https:\/\/www.azur-scenic.com\/wp-content\/uploads\/2022\/09\/LOGO-AZUR-SCENIC-Fusion-web-236x64-1.jpg","contentUrl":"https:\/\/www.azur-scenic.com\/wp-content\/uploads\/2022\/09\/LOGO-AZUR-SCENIC-Fusion-web-236x64-1.jpg","width":236,"height":64,"caption":"AZUR SCENIC"},"image":{"@id":"https:\/\/www.azur-scenic.com\/en\/#\/schema\/logo\/image\/"},"sameAs":["https:\/\/www.youtube.com\/channel\/UCPWM2mGPVUt4nYhNlm71WOA","https:\/\/www.linkedin.com\/company\/33237605\/admin\/feed\/posts\/"]}]}},"_links":{"self":[{"href":"https:\/\/www.azur-scenic.com\/en\/wp-json\/wp\/v2\/product\/17693","targetHints":{"allow":["GET"]}}],"collection":[{"href":"https:\/\/www.azur-scenic.com\/en\/wp-json\/wp\/v2\/product"}],"about":[{"href":"https:\/\/www.azur-scenic.com\/en\/wp-json\/wp\/v2\/types\/product"}],"wp:featuredmedia":[{"embeddable":true,"href":"https:\/\/www.azur-scenic.com\/en\/wp-json\/wp\/v2\/media\/7665"}],"wp:attachment":[{"href":"https:\/\/www.azur-scenic.com\/en\/wp-json\/wp\/v2\/media?parent=17693"}],"wp:term":[{"taxonomy":"product_brand","embeddable":true,"href":"https:\/\/www.azur-scenic.com\/en\/wp-json\/wp\/v2\/product_brand?post=17693"},{"taxonomy":"product_cat","embeddable":true,"href":"https:\/\/www.azur-scenic.com\/en\/wp-json\/wp\/v2\/product_cat?post=17693"},{"taxonomy":"product_tag","embeddable":true,"href":"https:\/\/www.azur-scenic.com\/en\/wp-json\/wp\/v2\/product_tag?post=17693"}],"curies":[{"name":"wp","href":"https:\/\/api.w.org\/{rel}","templated":true}]}}