{"id":17696,"date":"2022-10-04T07:27:36","date_gmt":"2022-10-04T07:27:36","guid":{"rendered":"https:\/\/www.azur-scenic.com\/produit\/film-plastique-ignifuge\/"},"modified":"2023-08-02T12:57:37","modified_gmt":"2023-08-02T12:57:37","slug":"flame-retardant-plastic-film","status":"publish","type":"product","link":"https:\/\/www.azur-scenic.com\/en\/product\/flame-retardant-plastic-film\/","title":{"rendered":"Flame-retardant plastic film"},"content":{"rendered":"<table>\n<thead>\n<tr>\n<th style=\"width: 170px;\">Technical data<\/th>\n<th style=\"text-align: center;\" colspan=\"3\">Value<\/th>\n<\/tr>\n<\/thead>\n<tbody>\n<tr>\n<td>Reference<\/td>\n<td style=\"text-align: center; vertical-align: top;\">803 N<\/td>\n<td style=\"text-align: center; vertical-align: top;\">803 NB<\/td>\n<td style=\"text-align: center; vertical-align: top;\">804 NB<\/td>\n<\/tr>\n<tr>\n<td>Finish<\/td>\n<td style=\"text-align: center; vertical-align: top;\">2 black sides<\/td>\n<td style=\"text-align: center; vertical-align: top;\">Reversible<br \/>\n1 black side<br \/>\n1 white side<\/td>\n<td style=\"text-align: center; vertical-align: top;\">Reversible<br \/>\n1 black side<br \/>\n1 white side<\/td>\n<\/tr>\n<tr>\n<td>Width<\/td>\n<td style=\"text-align: center; vertical-align: top;\">600 cm<\/td>\n<td style=\"text-align: center; vertical-align: top;\">600 cm<\/td>\n<td style=\"text-align: center; vertical-align: top;\">300 cm<\/td>\n<\/tr>\n<tr>\n<td>Supplied in<\/td>\n<td style=\"text-align: center; vertical-align: top;\">Length 40 m<br \/>\nRolled centre-folded<\/td>\n<td style=\"text-align: center; vertical-align: top;\">Length 40 m<br \/>\nRolled centre-folded<\/td>\n<td style=\"text-align: center; vertical-align: top;\">Length 25 m<br \/>\nRolled centre-folded<\/td>\n<\/tr>\n<\/tbody>\n<\/table>\n<p>\u00a0<\/p>\n<table>\n<thead>\n<tr>\n<th style=\"width: 170px;\">Technical data<\/th>\n<th>Value<\/th>\n<th>Notes<\/th>\n<\/tr>\n<\/thead>\n<tbody>\n<tr>\n<td style=\"vertical-align: top;\">Weight<\/td>\n<td style=\"vertical-align: top;\">110 g\/m\u00b2<\/td>\n<td>\u00a0<\/td>\n<\/tr>\n<tr>\n<td style=\"vertical-align: top;\">Thickness<\/td>\n<td style=\"vertical-align: top;\">0.114 mm<\/td>\n<td style=\"vertical-align: top;\">Standard: DIN 53370<\/td>\n<\/tr>\n<tr>\n<td style=\"vertical-align: top;\">Flame-retardant rating<\/td>\n<td style=\"vertical-align: top;\"><img decoding=\"async\" style=\"height: 20px; width: 20px;\" src=\"https:\/\/www.azur-scenic.com\/wp-content\/uploads\/csm_icon-flag-france_3304e5e3f9.png\" \/> M1<\/td>\n<td>\u00a0<\/td>\n<\/tr>\n<tr>\n<td style=\"vertical-align: top;\">Density<\/td>\n<td style=\"vertical-align: top;\">Approx. 0.95 g\/cm3<\/td>\n<td style=\"vertical-align: top;\">Standard: DIN 53479<\/td>\n<\/tr>\n<tr>\n<td style=\"vertical-align: top;\">Tensile strength<\/td>\n<td style=\"vertical-align: top;\">Longitudinal: > 17 N\/m\u00b2<br \/>\nTransverse: > 15 N\/m\u00b2<\/td>\n<td style=\"vertical-align: top;\">Standard: DIN EN ISO 527-3<\/td>\n<\/tr>\n<tr>\n<td style=\"vertical-align: top;\">Elongation at break<\/td>\n<td style=\"vertical-align: top;\">Longitudinal: > 250%<br \/>\nTransverse: > 400%<\/td>\n<td style=\"vertical-align: top;\">Standard: DIN EN ISO 527-3<\/td>\n<\/tr>\n<tr>\n<td style=\"vertical-align: top;\">Dart Drop resistance<\/td>\n<td style=\"vertical-align: top;\">> 2 g\/\u03bcm<\/td>\n<td style=\"vertical-align: top;\">Standard: ASTM D 1709-75<\/td>\n<\/tr>\n<tr>\n<td style=\"vertical-align: top;\">Friction coefficient<\/td>\n<td style=\"vertical-align: top;\">0.20 &#8211; 0.60<\/td>\n<td style=\"vertical-align: top;\">Standard: DIN EN ISO 8295<\/td>\n<\/tr>\n<tr>\n<td style=\"vertical-align: top;\">Composition<\/td>\n<td style=\"vertical-align: top;\">100% Polyethylene<\/td>\n<td>\u00a0<\/td>\n<\/tr>\n<\/tbody>\n<\/table>\n<p>\u00a0<\/p><\/p>\n","protected":false},"excerpt":{"rendered":"<p>A very thin, flexible film offering <strong><span style=\"color: #f88523;\">great value<\/span><\/strong> for use as <strong><span style=\"color: #f88523;\">plastic packing film<\/span><\/strong>, <strong><span style=\"color: #f88523;\">M1 flame-retardant<\/span><\/strong> rated and available in <strong><span style=\"color: #f88523;\">large widths<\/span><\/strong>.<\/p>\n<p>Product available in 2 finishes:<br \/>\n\u2022 Black on 2 sides (6 m width only)<br \/>\n\u2022 1 black side, 1 white side (3 or 6 m widths)<br \/>\n\u00a0<\/p>\n<table class=\"table\">\n<tbody>\n<tr>\n<td><strong>Width<\/strong>: 600 cm<\/td>\n<td><strong>Weight<\/strong>: 110 g\/m\u00b2<\/td>\n<\/tr>\n<tr>\n<td><strong>Flame-retardant rating<\/strong>: <img decoding=\"async\" style=\"height: 20px; width: 20px;\" src=\"https:\/\/www.azur-scenic.com\/wp-content\/uploads\/csm_icon-flag-france_3304e5e3f9.png\" \/> M1<\/td>\n<td><strong>Composition<\/strong>: 100% Polyethylene<\/td>\n<\/tr>\n<\/tbody>\n<\/table>\n","protected":false},"featured_media":16578,"template":"","meta":{"_acf_changed":false},"product_brand":[],"product_cat":[898,1200,1234,1223,1314],"product_tag":[],"class_list":{"0":"post-17696","1":"product","2":"type-product","3":"status-publish","4":"has-post-thumbnail","6":"product_cat-all-products","7":"product_cat-projection-screens-pvc-canvas","8":"product_cat-miscellaneous-pvc","9":"product_cat-accessories-consumables","10":"product_cat-protective-film","11":"pa_couleurs-003-en","12":"pa_couleurs-050-en","13":"pa_groupes-de-couleurs-white","14":"pa_groupes-de-couleurs-black","15":"pa_textiles-flame-retardant-rated","16":"pa_textiles-very-large-width","17":"pa_textiles-great-value","19":"first","20":"instock","21":"shipping-taxable","22":"purchasable","23":"product-type-variable"},"acf":[],"yoast_head":"<!-- This site is optimized with the Yoast SEO plugin v27.3 - https:\/\/yoast.com\/product\/yoast-seo-wordpress\/ -->\n<title>Flame-retardant plastic film - Azur Scenic<\/title>\n<meta name=\"robots\" content=\"index, follow, max-snippet:-1, max-image-preview:large, max-video-preview:-1\" \/>\n<link rel=\"canonical\" href=\"https:\/\/www.azur-scenic.com\/en\/product\/flame-retardant-plastic-film\/\" \/>\n<meta property=\"og:locale\" content=\"en_US\" \/>\n<meta property=\"og:type\" content=\"article\" \/>\n<meta property=\"og:title\" content=\"Flame-retardant plastic film - Azur Scenic\" \/>\n<meta property=\"og:description\" content=\"A very thin, flexible film offering great value for use as plastic packing film, M1 flame-retardant rated and available in large widths. Product available in 2 finishes: \u2022 Black on 2 sides (6 m width only) \u2022 1 black side, 1 white side (3 or 6 m widths) \u00a0  Width: 600 cm Weight: 110 g\/m\u00b2  Flame-retardant rating: M1 Composition: 100% Polyethylene\" \/>\n<meta property=\"og:url\" content=\"https:\/\/www.azur-scenic.com\/en\/product\/flame-retardant-plastic-film\/\" \/>\n<meta property=\"og:site_name\" content=\"Azur Scenic\" \/>\n<meta property=\"article:modified_time\" content=\"2023-08-02T12:57:37+00:00\" \/>\n<meta property=\"og:image\" content=\"https:\/\/www.azur-scenic.com\/wp-content\/uploads\/FILM-PLASTIQUE-IGNIFUGE-BLANC-NOIR-scaled.jpg\" \/>\n\t<meta property=\"og:image:width\" content=\"2560\" \/>\n\t<meta property=\"og:image:height\" content=\"2560\" \/>\n\t<meta property=\"og:image:type\" content=\"image\/jpeg\" \/>\n<meta name=\"twitter:card\" content=\"summary_large_image\" \/>\n<script type=\"application\/ld+json\" class=\"yoast-schema-graph\">{\"@context\":\"https:\\\/\\\/schema.org\",\"@graph\":[{\"@type\":\"WebPage\",\"@id\":\"https:\\\/\\\/www.azur-scenic.com\\\/en\\\/product\\\/flame-retardant-plastic-film\\\/\",\"url\":\"https:\\\/\\\/www.azur-scenic.com\\\/en\\\/product\\\/flame-retardant-plastic-film\\\/\",\"name\":\"Flame-retardant plastic film - Azur Scenic\",\"isPartOf\":{\"@id\":\"https:\\\/\\\/www.azur-scenic.com\\\/en\\\/#website\"},\"primaryImageOfPage\":{\"@id\":\"https:\\\/\\\/www.azur-scenic.com\\\/en\\\/product\\\/flame-retardant-plastic-film\\\/#primaryimage\"},\"image\":{\"@id\":\"https:\\\/\\\/www.azur-scenic.com\\\/en\\\/product\\\/flame-retardant-plastic-film\\\/#primaryimage\"},\"thumbnailUrl\":\"https:\\\/\\\/www.azur-scenic.com\\\/wp-content\\\/uploads\\\/FILM-PLASTIQUE-IGNIFUGE-BLANC-NOIR-scaled.jpg\",\"datePublished\":\"2022-10-04T07:27:36+00:00\",\"dateModified\":\"2023-08-02T12:57:37+00:00\",\"breadcrumb\":{\"@id\":\"https:\\\/\\\/www.azur-scenic.com\\\/en\\\/product\\\/flame-retardant-plastic-film\\\/#breadcrumb\"},\"inLanguage\":\"en-US\",\"potentialAction\":[{\"@type\":\"ReadAction\",\"target\":[\"https:\\\/\\\/www.azur-scenic.com\\\/en\\\/product\\\/flame-retardant-plastic-film\\\/\"]}]},{\"@type\":\"ImageObject\",\"inLanguage\":\"en-US\",\"@id\":\"https:\\\/\\\/www.azur-scenic.com\\\/en\\\/product\\\/flame-retardant-plastic-film\\\/#primaryimage\",\"url\":\"https:\\\/\\\/www.azur-scenic.com\\\/wp-content\\\/uploads\\\/FILM-PLASTIQUE-IGNIFUGE-BLANC-NOIR-scaled.jpg\",\"contentUrl\":\"https:\\\/\\\/www.azur-scenic.com\\\/wp-content\\\/uploads\\\/FILM-PLASTIQUE-IGNIFUGE-BLANC-NOIR-scaled.jpg\",\"width\":2560,\"height\":2560,\"caption\":\"FILM PLASTIQUE IGNIFUGE BLANC NOIR\"},{\"@type\":\"BreadcrumbList\",\"@id\":\"https:\\\/\\\/www.azur-scenic.com\\\/en\\\/product\\\/flame-retardant-plastic-film\\\/#breadcrumb\",\"itemListElement\":[{\"@type\":\"ListItem\",\"position\":1,\"name\":\"Accueil\",\"item\":\"https:\\\/\\\/www.azur-scenic.com\\\/en\\\/\"},{\"@type\":\"ListItem\",\"position\":2,\"name\":\"Produits\",\"item\":\"https:\\\/\\\/www.azur-scenic.com\\\/en\\\/?page_id=21438\"},{\"@type\":\"ListItem\",\"position\":3,\"name\":\"Flame-retardant plastic film\"}]},{\"@type\":\"WebSite\",\"@id\":\"https:\\\/\\\/www.azur-scenic.com\\\/en\\\/#website\",\"url\":\"https:\\\/\\\/www.azur-scenic.com\\\/en\\\/\",\"name\":\"Azur Scenic\",\"description\":\"Sp\u00e9cialiste de l\u2019\u00e9quipement sc\u00e9nique et de la d\u00e9coration int\u00e9rieure et \u00e9v\u00e9nementielle !\",\"publisher\":{\"@id\":\"https:\\\/\\\/www.azur-scenic.com\\\/en\\\/#organization\"},\"potentialAction\":[{\"@type\":\"SearchAction\",\"target\":{\"@type\":\"EntryPoint\",\"urlTemplate\":\"https:\\\/\\\/www.azur-scenic.com\\\/en\\\/?s={search_term_string}\"},\"query-input\":{\"@type\":\"PropertyValueSpecification\",\"valueRequired\":true,\"valueName\":\"search_term_string\"}}],\"inLanguage\":\"en-US\"},{\"@type\":\"Organization\",\"@id\":\"https:\\\/\\\/www.azur-scenic.com\\\/en\\\/#organization\",\"name\":\"AZUR SCENIC\",\"url\":\"https:\\\/\\\/www.azur-scenic.com\\\/en\\\/\",\"logo\":{\"@type\":\"ImageObject\",\"inLanguage\":\"en-US\",\"@id\":\"https:\\\/\\\/www.azur-scenic.com\\\/en\\\/#\\\/schema\\\/logo\\\/image\\\/\",\"url\":\"https:\\\/\\\/www.azur-scenic.com\\\/wp-content\\\/uploads\\\/2022\\\/09\\\/LOGO-AZUR-SCENIC-Fusion-web-236x64-1.jpg\",\"contentUrl\":\"https:\\\/\\\/www.azur-scenic.com\\\/wp-content\\\/uploads\\\/2022\\\/09\\\/LOGO-AZUR-SCENIC-Fusion-web-236x64-1.jpg\",\"width\":236,\"height\":64,\"caption\":\"AZUR SCENIC\"},\"image\":{\"@id\":\"https:\\\/\\\/www.azur-scenic.com\\\/en\\\/#\\\/schema\\\/logo\\\/image\\\/\"},\"sameAs\":[\"https:\\\/\\\/www.youtube.com\\\/channel\\\/UCPWM2mGPVUt4nYhNlm71WOA\",\"https:\\\/\\\/www.linkedin.com\\\/company\\\/33237605\\\/admin\\\/feed\\\/posts\\\/\"]}]}<\/script>\n<!-- \/ Yoast SEO plugin. -->","yoast_head_json":{"title":"Flame-retardant plastic film - Azur Scenic","robots":{"index":"index","follow":"follow","max-snippet":"max-snippet:-1","max-image-preview":"max-image-preview:large","max-video-preview":"max-video-preview:-1"},"canonical":"https:\/\/www.azur-scenic.com\/en\/product\/flame-retardant-plastic-film\/","og_locale":"en_US","og_type":"article","og_title":"Flame-retardant plastic film - Azur Scenic","og_description":"A very thin, flexible film offering great value for use as plastic packing film, M1 flame-retardant rated and available in large widths. Product available in 2 finishes: \u2022 Black on 2 sides (6 m width only) \u2022 1 black side, 1 white side (3 or 6 m widths) \u00a0  Width: 600 cm Weight: 110 g\/m\u00b2  Flame-retardant rating: M1 Composition: 100% Polyethylene","og_url":"https:\/\/www.azur-scenic.com\/en\/product\/flame-retardant-plastic-film\/","og_site_name":"Azur Scenic","article_modified_time":"2023-08-02T12:57:37+00:00","og_image":[{"width":2560,"height":2560,"url":"https:\/\/www.azur-scenic.com\/wp-content\/uploads\/FILM-PLASTIQUE-IGNIFUGE-BLANC-NOIR-scaled.jpg","type":"image\/jpeg"}],"twitter_card":"summary_large_image","schema":{"@context":"https:\/\/schema.org","@graph":[{"@type":"WebPage","@id":"https:\/\/www.azur-scenic.com\/en\/product\/flame-retardant-plastic-film\/","url":"https:\/\/www.azur-scenic.com\/en\/product\/flame-retardant-plastic-film\/","name":"Flame-retardant plastic film - Azur Scenic","isPartOf":{"@id":"https:\/\/www.azur-scenic.com\/en\/#website"},"primaryImageOfPage":{"@id":"https:\/\/www.azur-scenic.com\/en\/product\/flame-retardant-plastic-film\/#primaryimage"},"image":{"@id":"https:\/\/www.azur-scenic.com\/en\/product\/flame-retardant-plastic-film\/#primaryimage"},"thumbnailUrl":"https:\/\/www.azur-scenic.com\/wp-content\/uploads\/FILM-PLASTIQUE-IGNIFUGE-BLANC-NOIR-scaled.jpg","datePublished":"2022-10-04T07:27:36+00:00","dateModified":"2023-08-02T12:57:37+00:00","breadcrumb":{"@id":"https:\/\/www.azur-scenic.com\/en\/product\/flame-retardant-plastic-film\/#breadcrumb"},"inLanguage":"en-US","potentialAction":[{"@type":"ReadAction","target":["https:\/\/www.azur-scenic.com\/en\/product\/flame-retardant-plastic-film\/"]}]},{"@type":"ImageObject","inLanguage":"en-US","@id":"https:\/\/www.azur-scenic.com\/en\/product\/flame-retardant-plastic-film\/#primaryimage","url":"https:\/\/www.azur-scenic.com\/wp-content\/uploads\/FILM-PLASTIQUE-IGNIFUGE-BLANC-NOIR-scaled.jpg","contentUrl":"https:\/\/www.azur-scenic.com\/wp-content\/uploads\/FILM-PLASTIQUE-IGNIFUGE-BLANC-NOIR-scaled.jpg","width":2560,"height":2560,"caption":"FILM PLASTIQUE IGNIFUGE BLANC NOIR"},{"@type":"BreadcrumbList","@id":"https:\/\/www.azur-scenic.com\/en\/product\/flame-retardant-plastic-film\/#breadcrumb","itemListElement":[{"@type":"ListItem","position":1,"name":"Accueil","item":"https:\/\/www.azur-scenic.com\/en\/"},{"@type":"ListItem","position":2,"name":"Produits","item":"https:\/\/www.azur-scenic.com\/en\/?page_id=21438"},{"@type":"ListItem","position":3,"name":"Flame-retardant plastic film"}]},{"@type":"WebSite","@id":"https:\/\/www.azur-scenic.com\/en\/#website","url":"https:\/\/www.azur-scenic.com\/en\/","name":"Azur Scenic","description":"Sp\u00e9cialiste de l\u2019\u00e9quipement sc\u00e9nique et de la d\u00e9coration int\u00e9rieure et \u00e9v\u00e9nementielle !","publisher":{"@id":"https:\/\/www.azur-scenic.com\/en\/#organization"},"potentialAction":[{"@type":"SearchAction","target":{"@type":"EntryPoint","urlTemplate":"https:\/\/www.azur-scenic.com\/en\/?s={search_term_string}"},"query-input":{"@type":"PropertyValueSpecification","valueRequired":true,"valueName":"search_term_string"}}],"inLanguage":"en-US"},{"@type":"Organization","@id":"https:\/\/www.azur-scenic.com\/en\/#organization","name":"AZUR SCENIC","url":"https:\/\/www.azur-scenic.com\/en\/","logo":{"@type":"ImageObject","inLanguage":"en-US","@id":"https:\/\/www.azur-scenic.com\/en\/#\/schema\/logo\/image\/","url":"https:\/\/www.azur-scenic.com\/wp-content\/uploads\/2022\/09\/LOGO-AZUR-SCENIC-Fusion-web-236x64-1.jpg","contentUrl":"https:\/\/www.azur-scenic.com\/wp-content\/uploads\/2022\/09\/LOGO-AZUR-SCENIC-Fusion-web-236x64-1.jpg","width":236,"height":64,"caption":"AZUR SCENIC"},"image":{"@id":"https:\/\/www.azur-scenic.com\/en\/#\/schema\/logo\/image\/"},"sameAs":["https:\/\/www.youtube.com\/channel\/UCPWM2mGPVUt4nYhNlm71WOA","https:\/\/www.linkedin.com\/company\/33237605\/admin\/feed\/posts\/"]}]}},"_links":{"self":[{"href":"https:\/\/www.azur-scenic.com\/en\/wp-json\/wp\/v2\/product\/17696","targetHints":{"allow":["GET"]}}],"collection":[{"href":"https:\/\/www.azur-scenic.com\/en\/wp-json\/wp\/v2\/product"}],"about":[{"href":"https:\/\/www.azur-scenic.com\/en\/wp-json\/wp\/v2\/types\/product"}],"wp:featuredmedia":[{"embeddable":true,"href":"https:\/\/www.azur-scenic.com\/en\/wp-json\/wp\/v2\/media\/16578"}],"wp:attachment":[{"href":"https:\/\/www.azur-scenic.com\/en\/wp-json\/wp\/v2\/media?parent=17696"}],"wp:term":[{"taxonomy":"product_brand","embeddable":true,"href":"https:\/\/www.azur-scenic.com\/en\/wp-json\/wp\/v2\/product_brand?post=17696"},{"taxonomy":"product_cat","embeddable":true,"href":"https:\/\/www.azur-scenic.com\/en\/wp-json\/wp\/v2\/product_cat?post=17696"},{"taxonomy":"product_tag","embeddable":true,"href":"https:\/\/www.azur-scenic.com\/en\/wp-json\/wp\/v2\/product_tag?post=17696"}],"curies":[{"name":"wp","href":"https:\/\/api.w.org\/{rel}","templated":true}]}}