{"id":17705,"date":"2022-10-04T07:27:36","date_gmt":"2022-10-04T07:27:36","guid":{"rendered":"https:\/\/www.azur-scenic.com\/produit\/outdoor-acoustic-divider\/"},"modified":"2023-08-02T12:58:16","modified_gmt":"2023-08-02T12:58:16","slug":"outdoor-acoustic-divider","status":"publish","type":"product","link":"https:\/\/www.azur-scenic.com\/en\/product\/outdoor-acoustic-divider\/","title":{"rendered":"Outdoor Acoustic Divider"},"content":{"rendered":"<table>\n<thead>\n<tr>\n<th style=\"width: 184px;\">Technical data<\/th>\n<th style=\"width: 124px;\">Value<\/th>\n<th style=\"width: 186px;\" colspan=\"2\">Notes<\/th>\n<\/tr>\n<\/thead>\n<tbody>\n<tr>\n<td style=\"width: 184px;\"><strong>Standard dimensions<\/strong><\/td>\n<td style=\"vertical-align: top; width: 124px;\">2 m x 1.20 m<br \/>\n2 m x 3.60 m<\/td>\n<td style=\"vertical-align: top; width: 186px;\" colspan=\"2\">(Other dimensions available to order)<\/td>\n<\/tr>\n<tr>\n<td style=\"width: 184px;\"><strong>Weight<\/strong><\/td>\n<td style=\"vertical-align: top; width: 124px;\">1660 g\/m<sup>2<\/sup><\/td>\n<td style=\"vertical-align: top; width: 186px;\" colspan=\"2\">(4 kg or 12 kg respectively for standard models)<\/td>\n<\/tr>\n<tr>\n<td style=\"width: 184px;\"><strong>Flame-retardant rating<\/strong><\/td>\n<td style=\"vertical-align: top; width: 124px;\"><img decoding=\"async\" style=\"height: 20px; width: 20px;\" src=\"https:\/\/www.azur-scenic.com\/wp-content\/uploads\/csm_icon-flag-france_3304e5e3f9.png\" \/> M1<\/td>\n<td style=\"width: 186px;\" colspan=\"2\" rowspan=\"1\">Standard: NF P 92-501<\/td>\n<\/tr>\n<tr>\n<td style=\"width: 184px;\"><strong>Composition<\/strong><\/td>\n<td style=\"vertical-align: top; width: 124px;\">Envelope:<br \/>\nInterior:<\/td>\n<td style=\"vertical-align: top; width: 186px;\" colspan=\"2\">PVC Tarpaulin (620 g\/m<sup>2<\/sup>)<br \/>\nPolyester fibre cushion (830 g\/m\u00b2)<br \/>\nGlass fibre, black with treatment (215 g\/m<sup>2<\/sup>)<\/td>\n<\/tr>\n<tr>\n<td style=\"width: 184px;\"><strong>Standard finishes<\/strong><\/td>\n<td style=\"width: 311px;\" colspan=\"3\" rowspan=\"1\">Eyelets (\u00d8 interior 16 mm) every 50 cm around edges<br \/>\n(Other finishes available to order)<\/td>\n<\/tr>\n<tr>\n<td colspan=\"4\"><strong>Acoustic properties<\/strong><\/td>\n<\/tr>\n<tr>\n<td style=\"width: 184px;\">Noise reduction<\/td>\n<td style=\"vertical-align: top; width: 124px;\">\u00a0<\/td>\n<td style=\"vertical-align: top; width: 186px;\" colspan=\"2\">Standard: ISO 717\/1<\/td>\n<\/tr>\n<tr>\n<td style=\"text-align: right; width: 313px;\" colspan=\"2\" rowspan=\"1\">Sound reduction:<\/td>\n<td style=\"vertical-align: top; width: 186px;\" colspan=\"2\" rowspan=\"1\">20 dB @ 1000 Hz<\/td>\n<\/tr>\n<tr>\n<td style=\"text-align: right; width: 313px;\" colspan=\"2\" rowspan=\"1\">Weighted apparent reduction:<\/td>\n<td style=\"vertical-align: top; width: 186px;\" colspan=\"2\">R\u2019W (C, Ctr): 17 dB (-1, -3)<\/td>\n<\/tr>\n<tr>\n<td style=\"width: 313px;\" colspan=\"2\">Acoustic absorption<\/td>\n<td style=\"vertical-align: top; width: 186px;\" colspan=\"2\">Standard: ISO 11654<\/td>\n<\/tr>\n<tr>\n<td style=\"text-align: right; width: 313px;\" colspan=\"2\" rowspan=\"1\">Weighted acoustic absorption:<\/td>\n<td style=\"vertical-align: top; width: 152px;\">\u03b1<sub>w<\/sub>: 0.50 MH<\/td>\n<td style=\"vertical-align: top;\">\u00a0<\/td>\n<\/tr>\n<\/tbody>\n<\/table>\n","protected":false},"excerpt":{"rendered":"<p>Outdoor Acoustic Divider: The <strong><span style=\"color: #f88523;\">M1 acoustic separators<\/span><\/strong> IN and <strong><span style=\"color: #f88523;\">OUTDOOR<\/span><\/strong> par excellence.<br \/>\nA large number of urban events are limited by, or even prohibited due to noise pollution regulations. You\u2019ve just found your perfect partner!<br \/>\nIdeal for <strong><span style=\"color: #f88523;\">urban events<\/span><\/strong>, <strong><span style=\"color: #f88523;\">festivals<\/span><\/strong> and <strong><span style=\"color: #f88523;\">concerts<\/span><\/strong> with <strong><span style=\"color: #f88523;\">multiple scene changes<\/span><\/strong>, the Acoustic Divider is the only <strong><span style=\"color: #f88523;\">waterproof M1-rated acoustic divider<\/span><\/strong> offering insulation up to an impressive 17\u00a0dB!<br \/>\nAvailable in 3 colours as well as a printable version, Outdoor Acoustic Divider is an <strong><span style=\"color: #f88523;\">ingenious light-weight solution<\/span><\/strong> that\u2019s <strong><span style=\"color: #f88523;\">easy to install<\/span><\/strong> allowing you to drastically <strong><span style=\"color: #f88523;\">limit<\/span><\/strong> <strong><span style=\"color: #f88523;\">noise<\/span><\/strong>.<\/p>\n<table class=\"table\">\n<tbody>\n<tr>\n<td><strong>Standard dimensions<\/strong>:<br \/>\n2 m x 1.20 m<br \/>\n2 m x 3.60 m<br \/>\n(Other dimensions available to order).<\/td>\n<td><strong>Composition<\/strong>:<br \/>\nPVC Tarpaulin (620 g\/m<sup>2<\/sup>),<br \/>\nPolyester fibre cushion (830 g\/m\u00b2),<br \/>\nGlass fibre, black with treatment (215 g\/m<sup>2<\/sup>).<\/td>\n<\/tr>\n<tr>\n<td><strong>Flame-retardant rating<\/strong>: <img decoding=\"async\" style=\"height: 20px; width: 20px;\" src=\"https:\/\/www.azur-scenic.com\/wp-content\/uploads\/csm_icon-flag-france_3304e5e3f9.png\" \/> M1<\/td>\n<td><strong>Weight<\/strong>: 1660 g\/m<sup>2<\/sup><\/td>\n<\/tr>\n<\/tbody>\n<\/table>\n","protected":false},"featured_media":7671,"template":"","meta":{"_acf_changed":false},"product_brand":[],"product_cat":[898,979,1304],"product_tag":[],"class_list":{"0":"post-17705","1":"product","2":"type-product","3":"status-publish","4":"has-post-thumbnail","6":"product_cat-all-products","7":"product_cat-acoustic-solutions","8":"product_cat-sound-insulation","9":"pa_couleurs-002-en","10":"pa_couleurs-003-en","11":"pa_couleurs-150-en","12":"pa_couleurs-760-en","13":"pa_groupes-de-couleurs-blue","14":"pa_groupes-de-couleurs-mixed","15":"pa_groupes-de-couleurs-greys","16":"pa_textiles-acoustic-absorbant","17":"pa_textiles-suitable-for-outdoors-use","18":"pa_textiles-flame-retardant-rated","19":"pa_textiles-printable","20":"pa_textiles-acoustic-insulation","21":"pa_textiles-black-out-and-or-screen-material","23":"first","24":"instock","25":"shipping-taxable","26":"purchasable","27":"product-type-variable"},"acf":[],"yoast_head":"<!-- This site is optimized with the Yoast SEO plugin v27.3 - https:\/\/yoast.com\/product\/yoast-seo-wordpress\/ -->\n<title>Outdoor Acoustic Divider - Azur Scenic<\/title>\n<meta name=\"robots\" content=\"index, follow, max-snippet:-1, max-image-preview:large, max-video-preview:-1\" \/>\n<link rel=\"canonical\" href=\"https:\/\/www.azur-scenic.com\/en\/product\/outdoor-acoustic-divider\/\" \/>\n<meta property=\"og:locale\" content=\"en_US\" \/>\n<meta property=\"og:type\" content=\"article\" \/>\n<meta property=\"og:title\" content=\"Outdoor Acoustic Divider - Azur Scenic\" \/>\n<meta property=\"og:description\" content=\"Outdoor Acoustic Divider: The M1 acoustic separators IN and OUTDOOR par excellence. A large number of urban events are limited by, or even prohibited due to noise pollution regulations. You\u2019ve just found your perfect partner! Ideal for urban events, festivals and concerts with multiple scene changes, the Acoustic Divider is the only waterproof M1-rated acoustic divider offering insulation up to an impressive 17\u00a0dB! Available in 3 colours as well as a printable version, Outdoor Acoustic Divider is an ingenious light-weight solution that\u2019s easy to install allowing you to drastically limit noise.  Standard dimensions: 2 m x 1.20 m 2 m x 3.60 m (Other dimensions available to order). Composition: PVC Tarpaulin (620 g\/m2), Polyester fibre cushion (830 g\/m\u00b2), Glass fibre, black with treatment (215 g\/m2).  Flame-retardant rating: M1 Weight: 1660 g\/m2\" \/>\n<meta property=\"og:url\" content=\"https:\/\/www.azur-scenic.com\/en\/product\/outdoor-acoustic-divider\/\" \/>\n<meta property=\"og:site_name\" content=\"Azur Scenic\" \/>\n<meta property=\"article:modified_time\" content=\"2023-08-02T12:58:16+00:00\" \/>\n<meta property=\"og:image\" content=\"https:\/\/www.azur-scenic.com\/wp-content\/uploads\/281e29aa46be00bac1f8784fd1716803-scaled.jpg\" \/>\n\t<meta property=\"og:image:width\" content=\"2560\" \/>\n\t<meta property=\"og:image:height\" content=\"2560\" \/>\n\t<meta property=\"og:image:type\" content=\"image\/jpeg\" \/>\n<meta name=\"twitter:card\" content=\"summary_large_image\" \/>\n<script type=\"application\/ld+json\" class=\"yoast-schema-graph\">{\"@context\":\"https:\\\/\\\/schema.org\",\"@graph\":[{\"@type\":\"WebPage\",\"@id\":\"https:\\\/\\\/www.azur-scenic.com\\\/en\\\/product\\\/outdoor-acoustic-divider\\\/\",\"url\":\"https:\\\/\\\/www.azur-scenic.com\\\/en\\\/product\\\/outdoor-acoustic-divider\\\/\",\"name\":\"Outdoor Acoustic Divider - Azur Scenic\",\"isPartOf\":{\"@id\":\"https:\\\/\\\/www.azur-scenic.com\\\/en\\\/#website\"},\"primaryImageOfPage\":{\"@id\":\"https:\\\/\\\/www.azur-scenic.com\\\/en\\\/product\\\/outdoor-acoustic-divider\\\/#primaryimage\"},\"image\":{\"@id\":\"https:\\\/\\\/www.azur-scenic.com\\\/en\\\/product\\\/outdoor-acoustic-divider\\\/#primaryimage\"},\"thumbnailUrl\":\"https:\\\/\\\/www.azur-scenic.com\\\/wp-content\\\/uploads\\\/281e29aa46be00bac1f8784fd1716803-scaled.jpg\",\"datePublished\":\"2022-10-04T07:27:36+00:00\",\"dateModified\":\"2023-08-02T12:58:16+00:00\",\"breadcrumb\":{\"@id\":\"https:\\\/\\\/www.azur-scenic.com\\\/en\\\/product\\\/outdoor-acoustic-divider\\\/#breadcrumb\"},\"inLanguage\":\"en-US\",\"potentialAction\":[{\"@type\":\"ReadAction\",\"target\":[\"https:\\\/\\\/www.azur-scenic.com\\\/en\\\/product\\\/outdoor-acoustic-divider\\\/\"]}]},{\"@type\":\"ImageObject\",\"inLanguage\":\"en-US\",\"@id\":\"https:\\\/\\\/www.azur-scenic.com\\\/en\\\/product\\\/outdoor-acoustic-divider\\\/#primaryimage\",\"url\":\"https:\\\/\\\/www.azur-scenic.com\\\/wp-content\\\/uploads\\\/281e29aa46be00bac1f8784fd1716803-scaled.jpg\",\"contentUrl\":\"https:\\\/\\\/www.azur-scenic.com\\\/wp-content\\\/uploads\\\/281e29aa46be00bac1f8784fd1716803-scaled.jpg\",\"width\":2560,\"height\":2560},{\"@type\":\"BreadcrumbList\",\"@id\":\"https:\\\/\\\/www.azur-scenic.com\\\/en\\\/product\\\/outdoor-acoustic-divider\\\/#breadcrumb\",\"itemListElement\":[{\"@type\":\"ListItem\",\"position\":1,\"name\":\"Accueil\",\"item\":\"https:\\\/\\\/www.azur-scenic.com\\\/en\\\/\"},{\"@type\":\"ListItem\",\"position\":2,\"name\":\"Produits\",\"item\":\"https:\\\/\\\/www.azur-scenic.com\\\/en\\\/?page_id=21438\"},{\"@type\":\"ListItem\",\"position\":3,\"name\":\"Outdoor Acoustic Divider\"}]},{\"@type\":\"WebSite\",\"@id\":\"https:\\\/\\\/www.azur-scenic.com\\\/en\\\/#website\",\"url\":\"https:\\\/\\\/www.azur-scenic.com\\\/en\\\/\",\"name\":\"Azur Scenic\",\"description\":\"Sp\u00e9cialiste de l\u2019\u00e9quipement sc\u00e9nique et de la d\u00e9coration int\u00e9rieure et \u00e9v\u00e9nementielle !\",\"publisher\":{\"@id\":\"https:\\\/\\\/www.azur-scenic.com\\\/en\\\/#organization\"},\"potentialAction\":[{\"@type\":\"SearchAction\",\"target\":{\"@type\":\"EntryPoint\",\"urlTemplate\":\"https:\\\/\\\/www.azur-scenic.com\\\/en\\\/?s={search_term_string}\"},\"query-input\":{\"@type\":\"PropertyValueSpecification\",\"valueRequired\":true,\"valueName\":\"search_term_string\"}}],\"inLanguage\":\"en-US\"},{\"@type\":\"Organization\",\"@id\":\"https:\\\/\\\/www.azur-scenic.com\\\/en\\\/#organization\",\"name\":\"AZUR SCENIC\",\"url\":\"https:\\\/\\\/www.azur-scenic.com\\\/en\\\/\",\"logo\":{\"@type\":\"ImageObject\",\"inLanguage\":\"en-US\",\"@id\":\"https:\\\/\\\/www.azur-scenic.com\\\/en\\\/#\\\/schema\\\/logo\\\/image\\\/\",\"url\":\"https:\\\/\\\/www.azur-scenic.com\\\/wp-content\\\/uploads\\\/2022\\\/09\\\/LOGO-AZUR-SCENIC-Fusion-web-236x64-1.jpg\",\"contentUrl\":\"https:\\\/\\\/www.azur-scenic.com\\\/wp-content\\\/uploads\\\/2022\\\/09\\\/LOGO-AZUR-SCENIC-Fusion-web-236x64-1.jpg\",\"width\":236,\"height\":64,\"caption\":\"AZUR SCENIC\"},\"image\":{\"@id\":\"https:\\\/\\\/www.azur-scenic.com\\\/en\\\/#\\\/schema\\\/logo\\\/image\\\/\"},\"sameAs\":[\"https:\\\/\\\/www.youtube.com\\\/channel\\\/UCPWM2mGPVUt4nYhNlm71WOA\",\"https:\\\/\\\/www.linkedin.com\\\/company\\\/33237605\\\/admin\\\/feed\\\/posts\\\/\"]}]}<\/script>\n<!-- \/ Yoast SEO plugin. -->","yoast_head_json":{"title":"Outdoor Acoustic Divider - Azur Scenic","robots":{"index":"index","follow":"follow","max-snippet":"max-snippet:-1","max-image-preview":"max-image-preview:large","max-video-preview":"max-video-preview:-1"},"canonical":"https:\/\/www.azur-scenic.com\/en\/product\/outdoor-acoustic-divider\/","og_locale":"en_US","og_type":"article","og_title":"Outdoor Acoustic Divider - Azur Scenic","og_description":"Outdoor Acoustic Divider: The M1 acoustic separators IN and OUTDOOR par excellence. A large number of urban events are limited by, or even prohibited due to noise pollution regulations. You\u2019ve just found your perfect partner! Ideal for urban events, festivals and concerts with multiple scene changes, the Acoustic Divider is the only waterproof M1-rated acoustic divider offering insulation up to an impressive 17\u00a0dB! Available in 3 colours as well as a printable version, Outdoor Acoustic Divider is an ingenious light-weight solution that\u2019s easy to install allowing you to drastically limit noise.  Standard dimensions: 2 m x 1.20 m 2 m x 3.60 m (Other dimensions available to order). Composition: PVC Tarpaulin (620 g\/m2), Polyester fibre cushion (830 g\/m\u00b2), Glass fibre, black with treatment (215 g\/m2).  Flame-retardant rating: M1 Weight: 1660 g\/m2","og_url":"https:\/\/www.azur-scenic.com\/en\/product\/outdoor-acoustic-divider\/","og_site_name":"Azur Scenic","article_modified_time":"2023-08-02T12:58:16+00:00","og_image":[{"width":2560,"height":2560,"url":"https:\/\/www.azur-scenic.com\/wp-content\/uploads\/281e29aa46be00bac1f8784fd1716803-scaled.jpg","type":"image\/jpeg"}],"twitter_card":"summary_large_image","schema":{"@context":"https:\/\/schema.org","@graph":[{"@type":"WebPage","@id":"https:\/\/www.azur-scenic.com\/en\/product\/outdoor-acoustic-divider\/","url":"https:\/\/www.azur-scenic.com\/en\/product\/outdoor-acoustic-divider\/","name":"Outdoor Acoustic Divider - Azur Scenic","isPartOf":{"@id":"https:\/\/www.azur-scenic.com\/en\/#website"},"primaryImageOfPage":{"@id":"https:\/\/www.azur-scenic.com\/en\/product\/outdoor-acoustic-divider\/#primaryimage"},"image":{"@id":"https:\/\/www.azur-scenic.com\/en\/product\/outdoor-acoustic-divider\/#primaryimage"},"thumbnailUrl":"https:\/\/www.azur-scenic.com\/wp-content\/uploads\/281e29aa46be00bac1f8784fd1716803-scaled.jpg","datePublished":"2022-10-04T07:27:36+00:00","dateModified":"2023-08-02T12:58:16+00:00","breadcrumb":{"@id":"https:\/\/www.azur-scenic.com\/en\/product\/outdoor-acoustic-divider\/#breadcrumb"},"inLanguage":"en-US","potentialAction":[{"@type":"ReadAction","target":["https:\/\/www.azur-scenic.com\/en\/product\/outdoor-acoustic-divider\/"]}]},{"@type":"ImageObject","inLanguage":"en-US","@id":"https:\/\/www.azur-scenic.com\/en\/product\/outdoor-acoustic-divider\/#primaryimage","url":"https:\/\/www.azur-scenic.com\/wp-content\/uploads\/281e29aa46be00bac1f8784fd1716803-scaled.jpg","contentUrl":"https:\/\/www.azur-scenic.com\/wp-content\/uploads\/281e29aa46be00bac1f8784fd1716803-scaled.jpg","width":2560,"height":2560},{"@type":"BreadcrumbList","@id":"https:\/\/www.azur-scenic.com\/en\/product\/outdoor-acoustic-divider\/#breadcrumb","itemListElement":[{"@type":"ListItem","position":1,"name":"Accueil","item":"https:\/\/www.azur-scenic.com\/en\/"},{"@type":"ListItem","position":2,"name":"Produits","item":"https:\/\/www.azur-scenic.com\/en\/?page_id=21438"},{"@type":"ListItem","position":3,"name":"Outdoor Acoustic Divider"}]},{"@type":"WebSite","@id":"https:\/\/www.azur-scenic.com\/en\/#website","url":"https:\/\/www.azur-scenic.com\/en\/","name":"Azur Scenic","description":"Sp\u00e9cialiste de l\u2019\u00e9quipement sc\u00e9nique et de la d\u00e9coration int\u00e9rieure et \u00e9v\u00e9nementielle !","publisher":{"@id":"https:\/\/www.azur-scenic.com\/en\/#organization"},"potentialAction":[{"@type":"SearchAction","target":{"@type":"EntryPoint","urlTemplate":"https:\/\/www.azur-scenic.com\/en\/?s={search_term_string}"},"query-input":{"@type":"PropertyValueSpecification","valueRequired":true,"valueName":"search_term_string"}}],"inLanguage":"en-US"},{"@type":"Organization","@id":"https:\/\/www.azur-scenic.com\/en\/#organization","name":"AZUR SCENIC","url":"https:\/\/www.azur-scenic.com\/en\/","logo":{"@type":"ImageObject","inLanguage":"en-US","@id":"https:\/\/www.azur-scenic.com\/en\/#\/schema\/logo\/image\/","url":"https:\/\/www.azur-scenic.com\/wp-content\/uploads\/2022\/09\/LOGO-AZUR-SCENIC-Fusion-web-236x64-1.jpg","contentUrl":"https:\/\/www.azur-scenic.com\/wp-content\/uploads\/2022\/09\/LOGO-AZUR-SCENIC-Fusion-web-236x64-1.jpg","width":236,"height":64,"caption":"AZUR SCENIC"},"image":{"@id":"https:\/\/www.azur-scenic.com\/en\/#\/schema\/logo\/image\/"},"sameAs":["https:\/\/www.youtube.com\/channel\/UCPWM2mGPVUt4nYhNlm71WOA","https:\/\/www.linkedin.com\/company\/33237605\/admin\/feed\/posts\/"]}]}},"_links":{"self":[{"href":"https:\/\/www.azur-scenic.com\/en\/wp-json\/wp\/v2\/product\/17705","targetHints":{"allow":["GET"]}}],"collection":[{"href":"https:\/\/www.azur-scenic.com\/en\/wp-json\/wp\/v2\/product"}],"about":[{"href":"https:\/\/www.azur-scenic.com\/en\/wp-json\/wp\/v2\/types\/product"}],"wp:featuredmedia":[{"embeddable":true,"href":"https:\/\/www.azur-scenic.com\/en\/wp-json\/wp\/v2\/media\/7671"}],"wp:attachment":[{"href":"https:\/\/www.azur-scenic.com\/en\/wp-json\/wp\/v2\/media?parent=17705"}],"wp:term":[{"taxonomy":"product_brand","embeddable":true,"href":"https:\/\/www.azur-scenic.com\/en\/wp-json\/wp\/v2\/product_brand?post=17705"},{"taxonomy":"product_cat","embeddable":true,"href":"https:\/\/www.azur-scenic.com\/en\/wp-json\/wp\/v2\/product_cat?post=17705"},{"taxonomy":"product_tag","embeddable":true,"href":"https:\/\/www.azur-scenic.com\/en\/wp-json\/wp\/v2\/product_tag?post=17705"}],"curies":[{"name":"wp","href":"https:\/\/api.w.org\/{rel}","templated":true}]}}