{"id":17724,"date":"2022-10-04T07:27:27","date_gmt":"2022-10-04T07:27:27","guid":{"rendered":"https:\/\/www.azur-scenic.com\/produit\/tulle-eurogobelin\/"},"modified":"2023-08-02T12:52:52","modified_gmt":"2023-08-02T12:52:52","slug":"eurogobelin-scrim","status":"publish","type":"product","link":"https:\/\/www.azur-scenic.com\/en\/product\/eurogobelin-scrim\/","title":{"rendered":"Eurogobelin Scrim"},"content":{"rendered":"<table>\n<thead>\n<tr>\n<th style=\"width: 170px;\">Technical data<\/th>\n<th style=\"width: 139px;\">Value<\/th>\n<th style=\"width: 181px;\">Notes<\/th>\n<\/tr>\n<\/thead>\n<tbody>\n<tr>\n<td style=\"vertical-align: top;\">Mesh size<\/td>\n<td style=\"vertical-align: top; width: 139px;\">5 x 2 mm<\/td>\n<td style=\"width: 181px;\">Sharkstooth mesh with 3-ply weave<\/td>\n<\/tr>\n<tr>\n<td style=\"vertical-align: top;\">Width<\/td>\n<td style=\"vertical-align: top; width: 139px;\">980 cm<br \/>\n1150 cm<\/td>\n<td style=\"width: 181px;\">\u00a0<\/td>\n<\/tr>\n<tr>\n<td style=\"vertical-align: top;\">Weight<\/td>\n<td style=\"vertical-align: top; width: 139px;\">90 g\/m\u00b2<\/td>\n<td style=\"width: 181px;\">\u00a0<\/td>\n<\/tr>\n<tr>\n<td style=\"vertical-align: top;\">Thickness<\/td>\n<td style=\"vertical-align: top; width: 139px;\">0.5 mm<\/td>\n<td style=\"width: 181px;\">\u00a0<\/td>\n<\/tr>\n<tr>\n<td style=\"vertical-align: top;\">Flame-retardant rating<\/td>\n<td style=\"vertical-align: top; width: 139px;\"><img decoding=\"async\" style=\"height: 20px; width: 20px;\" src=\"https:\/\/www.azur-scenic.com\/wp-content\/uploads\/csm_icon-flag-france_3304e5e3f9.png\" \/> M1<\/td>\n<td style=\"width: 181px;\">\u00a0<\/td>\n<\/tr>\n<tr>\n<td style=\"vertical-align: top;\">Composition<\/td>\n<td style=\"vertical-align: top; width: 139px;\">95% Cotton,<br \/>\n5% Polyester<\/td>\n<td style=\"width: 181px;\">Flame-retardant<\/td>\n<\/tr>\n<tr>\n<td style=\"vertical-align: top;\">Roll length<\/td>\n<td style=\"vertical-align: top; width: 139px;\">\u00b1 50 &#8211; 60 m<br \/>\nCentre-folded, bales<\/td>\n<td style=\"vertical-align: top; width: 181px;\">Cut-to-length possible<\/td>\n<\/tr>\n<\/tbody>\n<\/table>\n","protected":false},"excerpt":{"rendered":"<p>A super quality sharkstooth mesh scrim, particularly recommended for <span style=\"color: #f88523;\"><strong>opaque and transparent effects<\/strong><\/span> highly prized in the theatre.<br \/>\nWith its hard-wearing, stiff weave, this scrim is highly <span style=\"color: #f88523;\"><strong>resistant to deformation<\/strong><\/span> even under tension, making great for <span style=\"color: #f88523;\"><strong>painting<\/strong><\/span>allowing you to make sensational sets and scenery.<br \/>\nIt can also be used as a creative <span style=\"color: #f88523;\"><strong>front-projection<\/strong><\/span> and <span style=\"color: #f88523;\"><strong>rear-projection screen<\/strong><\/span>.<br \/>\nRated <span style=\"color: #f88523;\"><strong>\u00a0M1\u00a0flame-retardant <\/strong><\/span> and woven in <span style=\"color: #f88523;\"><strong>extra-large widths<\/strong><\/span>, this scrim lets you cover large areas without panel assembly.<br \/>\nLike most scrim materials, it lets sound through, offering perfect acoustic transparency.<\/p>\n<table class=\"table\">\n<tbody>\n<tr>\n<td><strong>Width<\/strong>: 980 cm &amp; 1150 cm<\/td>\n<td><strong>Weight<\/strong>: 90 g\/m\u00b2<\/td>\n<\/tr>\n<tr>\n<td><strong>Flame-retardant rating<\/strong>: <img decoding=\"async\" style=\"height: 20px; width: 20px;\" src=\"https:\/\/www.azur-scenic.com\/wp-content\/uploads\/csm_icon-flag-france_3304e5e3f9.png\" \/> M1<\/td>\n<td><strong>Composition<\/strong>: 95% Cotton,<br \/>\n5% Polyester<\/td>\n<\/tr>\n<\/tbody>\n<\/table>\n","protected":false},"featured_media":13867,"template":"","meta":{"_acf_changed":false},"product_brand":[],"product_cat":[898,893,1126,979,1127,897],"product_tag":[],"class_list":{"0":"post-17724","1":"product","2":"type-product","3":"status-publish","4":"has-post-thumbnail","6":"product_cat-all-products","7":"product_cat-stage-and-events-material","8":"product_cat-scrims-and-gauzes","9":"product_cat-acoustic-solutions","10":"product_cat-acoustic-transparency","11":"product_cat-theatre","12":"pa_couleurs-002-en","13":"pa_couleurs-003-en","14":"pa_couleurs-100-en","15":"pa_groupes-de-couleurs-white","16":"pa_groupes-de-couleurs-greys","17":"pa_groupes-de-couleurs-black","18":"pa_textiles-flame-retardant-rated","19":"pa_textiles-special-effects","20":"pa_textiles-front-projection","21":"pa_textiles-rear-projection","22":"pa_textiles-acoustic-transparency","23":"pa_textiles-transparent-and-translucent","24":"pa_textiles-very-large-width","26":"first","27":"instock","28":"shipping-taxable","29":"purchasable","30":"product-type-variable"},"acf":[],"yoast_head":"<!-- This site is optimized with the Yoast SEO plugin v27.3 - https:\/\/yoast.com\/product\/yoast-seo-wordpress\/ -->\n<title>Eurogobelin Scrim - Azur Scenic<\/title>\n<meta name=\"robots\" content=\"index, follow, max-snippet:-1, max-image-preview:large, max-video-preview:-1\" \/>\n<link rel=\"canonical\" href=\"https:\/\/www.azur-scenic.com\/en\/product\/eurogobelin-scrim\/\" \/>\n<meta property=\"og:locale\" content=\"en_US\" \/>\n<meta property=\"og:type\" content=\"article\" \/>\n<meta property=\"og:title\" content=\"Eurogobelin Scrim - Azur Scenic\" \/>\n<meta property=\"og:description\" content=\"A super quality sharkstooth mesh scrim, particularly recommended for opaque and transparent effects highly prized in the theatre. With its hard-wearing, stiff weave, this scrim is highly resistant to deformation even under tension, making great for paintingallowing you to make sensational sets and scenery. It can also be used as a creative front-projection and rear-projection screen. Rated \u00a0M1\u00a0flame-retardant and woven in extra-large widths, this scrim lets you cover large areas without panel assembly. Like most scrim materials, it lets sound through, offering perfect acoustic transparency.  Width: 980 cm &amp; 1150 cm Weight: 90 g\/m\u00b2  Flame-retardant rating: M1 Composition: 95% Cotton, 5% Polyester\" \/>\n<meta property=\"og:url\" content=\"https:\/\/www.azur-scenic.com\/en\/product\/eurogobelin-scrim\/\" \/>\n<meta property=\"og:site_name\" content=\"Azur Scenic\" \/>\n<meta property=\"article:modified_time\" content=\"2023-08-02T12:52:52+00:00\" \/>\n<meta property=\"og:image\" content=\"https:\/\/www.azur-scenic.com\/wp-content\/uploads\/EUROGOBELIN-NOIR-scaled.jpg\" \/>\n\t<meta property=\"og:image:width\" content=\"2560\" \/>\n\t<meta property=\"og:image:height\" content=\"2560\" \/>\n\t<meta property=\"og:image:type\" content=\"image\/jpeg\" \/>\n<meta name=\"twitter:card\" content=\"summary_large_image\" \/>\n<script type=\"application\/ld+json\" class=\"yoast-schema-graph\">{\"@context\":\"https:\\\/\\\/schema.org\",\"@graph\":[{\"@type\":\"WebPage\",\"@id\":\"https:\\\/\\\/www.azur-scenic.com\\\/en\\\/product\\\/eurogobelin-scrim\\\/\",\"url\":\"https:\\\/\\\/www.azur-scenic.com\\\/en\\\/product\\\/eurogobelin-scrim\\\/\",\"name\":\"Eurogobelin Scrim - Azur Scenic\",\"isPartOf\":{\"@id\":\"https:\\\/\\\/www.azur-scenic.com\\\/en\\\/#website\"},\"primaryImageOfPage\":{\"@id\":\"https:\\\/\\\/www.azur-scenic.com\\\/en\\\/product\\\/eurogobelin-scrim\\\/#primaryimage\"},\"image\":{\"@id\":\"https:\\\/\\\/www.azur-scenic.com\\\/en\\\/product\\\/eurogobelin-scrim\\\/#primaryimage\"},\"thumbnailUrl\":\"https:\\\/\\\/www.azur-scenic.com\\\/wp-content\\\/uploads\\\/EUROGOBELIN-NOIR-scaled.jpg\",\"datePublished\":\"2022-10-04T07:27:27+00:00\",\"dateModified\":\"2023-08-02T12:52:52+00:00\",\"breadcrumb\":{\"@id\":\"https:\\\/\\\/www.azur-scenic.com\\\/en\\\/product\\\/eurogobelin-scrim\\\/#breadcrumb\"},\"inLanguage\":\"en-US\",\"potentialAction\":[{\"@type\":\"ReadAction\",\"target\":[\"https:\\\/\\\/www.azur-scenic.com\\\/en\\\/product\\\/eurogobelin-scrim\\\/\"]}]},{\"@type\":\"ImageObject\",\"inLanguage\":\"en-US\",\"@id\":\"https:\\\/\\\/www.azur-scenic.com\\\/en\\\/product\\\/eurogobelin-scrim\\\/#primaryimage\",\"url\":\"https:\\\/\\\/www.azur-scenic.com\\\/wp-content\\\/uploads\\\/EUROGOBELIN-NOIR-scaled.jpg\",\"contentUrl\":\"https:\\\/\\\/www.azur-scenic.com\\\/wp-content\\\/uploads\\\/EUROGOBELIN-NOIR-scaled.jpg\",\"width\":2560,\"height\":2560,\"caption\":\"TULLE EUROGOBELIN NOIR\"},{\"@type\":\"BreadcrumbList\",\"@id\":\"https:\\\/\\\/www.azur-scenic.com\\\/en\\\/product\\\/eurogobelin-scrim\\\/#breadcrumb\",\"itemListElement\":[{\"@type\":\"ListItem\",\"position\":1,\"name\":\"Accueil\",\"item\":\"https:\\\/\\\/www.azur-scenic.com\\\/en\\\/\"},{\"@type\":\"ListItem\",\"position\":2,\"name\":\"Produits\",\"item\":\"https:\\\/\\\/www.azur-scenic.com\\\/en\\\/?page_id=21438\"},{\"@type\":\"ListItem\",\"position\":3,\"name\":\"Eurogobelin Scrim\"}]},{\"@type\":\"WebSite\",\"@id\":\"https:\\\/\\\/www.azur-scenic.com\\\/en\\\/#website\",\"url\":\"https:\\\/\\\/www.azur-scenic.com\\\/en\\\/\",\"name\":\"Azur Scenic\",\"description\":\"Sp\u00e9cialiste de l\u2019\u00e9quipement sc\u00e9nique et de la d\u00e9coration int\u00e9rieure et \u00e9v\u00e9nementielle !\",\"publisher\":{\"@id\":\"https:\\\/\\\/www.azur-scenic.com\\\/en\\\/#organization\"},\"potentialAction\":[{\"@type\":\"SearchAction\",\"target\":{\"@type\":\"EntryPoint\",\"urlTemplate\":\"https:\\\/\\\/www.azur-scenic.com\\\/en\\\/?s={search_term_string}\"},\"query-input\":{\"@type\":\"PropertyValueSpecification\",\"valueRequired\":true,\"valueName\":\"search_term_string\"}}],\"inLanguage\":\"en-US\"},{\"@type\":\"Organization\",\"@id\":\"https:\\\/\\\/www.azur-scenic.com\\\/en\\\/#organization\",\"name\":\"AZUR SCENIC\",\"url\":\"https:\\\/\\\/www.azur-scenic.com\\\/en\\\/\",\"logo\":{\"@type\":\"ImageObject\",\"inLanguage\":\"en-US\",\"@id\":\"https:\\\/\\\/www.azur-scenic.com\\\/en\\\/#\\\/schema\\\/logo\\\/image\\\/\",\"url\":\"https:\\\/\\\/www.azur-scenic.com\\\/wp-content\\\/uploads\\\/2022\\\/09\\\/LOGO-AZUR-SCENIC-Fusion-web-236x64-1.jpg\",\"contentUrl\":\"https:\\\/\\\/www.azur-scenic.com\\\/wp-content\\\/uploads\\\/2022\\\/09\\\/LOGO-AZUR-SCENIC-Fusion-web-236x64-1.jpg\",\"width\":236,\"height\":64,\"caption\":\"AZUR SCENIC\"},\"image\":{\"@id\":\"https:\\\/\\\/www.azur-scenic.com\\\/en\\\/#\\\/schema\\\/logo\\\/image\\\/\"},\"sameAs\":[\"https:\\\/\\\/www.youtube.com\\\/channel\\\/UCPWM2mGPVUt4nYhNlm71WOA\",\"https:\\\/\\\/www.linkedin.com\\\/company\\\/33237605\\\/admin\\\/feed\\\/posts\\\/\"]}]}<\/script>\n<!-- \/ Yoast SEO plugin. -->","yoast_head_json":{"title":"Eurogobelin Scrim - Azur Scenic","robots":{"index":"index","follow":"follow","max-snippet":"max-snippet:-1","max-image-preview":"max-image-preview:large","max-video-preview":"max-video-preview:-1"},"canonical":"https:\/\/www.azur-scenic.com\/en\/product\/eurogobelin-scrim\/","og_locale":"en_US","og_type":"article","og_title":"Eurogobelin Scrim - Azur Scenic","og_description":"A super quality sharkstooth mesh scrim, particularly recommended for opaque and transparent effects highly prized in the theatre. With its hard-wearing, stiff weave, this scrim is highly resistant to deformation even under tension, making great for paintingallowing you to make sensational sets and scenery. It can also be used as a creative front-projection and rear-projection screen. Rated \u00a0M1\u00a0flame-retardant and woven in extra-large widths, this scrim lets you cover large areas without panel assembly. Like most scrim materials, it lets sound through, offering perfect acoustic transparency.  Width: 980 cm &amp; 1150 cm Weight: 90 g\/m\u00b2  Flame-retardant rating: M1 Composition: 95% Cotton, 5% Polyester","og_url":"https:\/\/www.azur-scenic.com\/en\/product\/eurogobelin-scrim\/","og_site_name":"Azur Scenic","article_modified_time":"2023-08-02T12:52:52+00:00","og_image":[{"width":2560,"height":2560,"url":"https:\/\/www.azur-scenic.com\/wp-content\/uploads\/EUROGOBELIN-NOIR-scaled.jpg","type":"image\/jpeg"}],"twitter_card":"summary_large_image","schema":{"@context":"https:\/\/schema.org","@graph":[{"@type":"WebPage","@id":"https:\/\/www.azur-scenic.com\/en\/product\/eurogobelin-scrim\/","url":"https:\/\/www.azur-scenic.com\/en\/product\/eurogobelin-scrim\/","name":"Eurogobelin Scrim - Azur Scenic","isPartOf":{"@id":"https:\/\/www.azur-scenic.com\/en\/#website"},"primaryImageOfPage":{"@id":"https:\/\/www.azur-scenic.com\/en\/product\/eurogobelin-scrim\/#primaryimage"},"image":{"@id":"https:\/\/www.azur-scenic.com\/en\/product\/eurogobelin-scrim\/#primaryimage"},"thumbnailUrl":"https:\/\/www.azur-scenic.com\/wp-content\/uploads\/EUROGOBELIN-NOIR-scaled.jpg","datePublished":"2022-10-04T07:27:27+00:00","dateModified":"2023-08-02T12:52:52+00:00","breadcrumb":{"@id":"https:\/\/www.azur-scenic.com\/en\/product\/eurogobelin-scrim\/#breadcrumb"},"inLanguage":"en-US","potentialAction":[{"@type":"ReadAction","target":["https:\/\/www.azur-scenic.com\/en\/product\/eurogobelin-scrim\/"]}]},{"@type":"ImageObject","inLanguage":"en-US","@id":"https:\/\/www.azur-scenic.com\/en\/product\/eurogobelin-scrim\/#primaryimage","url":"https:\/\/www.azur-scenic.com\/wp-content\/uploads\/EUROGOBELIN-NOIR-scaled.jpg","contentUrl":"https:\/\/www.azur-scenic.com\/wp-content\/uploads\/EUROGOBELIN-NOIR-scaled.jpg","width":2560,"height":2560,"caption":"TULLE EUROGOBELIN NOIR"},{"@type":"BreadcrumbList","@id":"https:\/\/www.azur-scenic.com\/en\/product\/eurogobelin-scrim\/#breadcrumb","itemListElement":[{"@type":"ListItem","position":1,"name":"Accueil","item":"https:\/\/www.azur-scenic.com\/en\/"},{"@type":"ListItem","position":2,"name":"Produits","item":"https:\/\/www.azur-scenic.com\/en\/?page_id=21438"},{"@type":"ListItem","position":3,"name":"Eurogobelin Scrim"}]},{"@type":"WebSite","@id":"https:\/\/www.azur-scenic.com\/en\/#website","url":"https:\/\/www.azur-scenic.com\/en\/","name":"Azur Scenic","description":"Sp\u00e9cialiste de l\u2019\u00e9quipement sc\u00e9nique et de la d\u00e9coration int\u00e9rieure et \u00e9v\u00e9nementielle !","publisher":{"@id":"https:\/\/www.azur-scenic.com\/en\/#organization"},"potentialAction":[{"@type":"SearchAction","target":{"@type":"EntryPoint","urlTemplate":"https:\/\/www.azur-scenic.com\/en\/?s={search_term_string}"},"query-input":{"@type":"PropertyValueSpecification","valueRequired":true,"valueName":"search_term_string"}}],"inLanguage":"en-US"},{"@type":"Organization","@id":"https:\/\/www.azur-scenic.com\/en\/#organization","name":"AZUR SCENIC","url":"https:\/\/www.azur-scenic.com\/en\/","logo":{"@type":"ImageObject","inLanguage":"en-US","@id":"https:\/\/www.azur-scenic.com\/en\/#\/schema\/logo\/image\/","url":"https:\/\/www.azur-scenic.com\/wp-content\/uploads\/2022\/09\/LOGO-AZUR-SCENIC-Fusion-web-236x64-1.jpg","contentUrl":"https:\/\/www.azur-scenic.com\/wp-content\/uploads\/2022\/09\/LOGO-AZUR-SCENIC-Fusion-web-236x64-1.jpg","width":236,"height":64,"caption":"AZUR SCENIC"},"image":{"@id":"https:\/\/www.azur-scenic.com\/en\/#\/schema\/logo\/image\/"},"sameAs":["https:\/\/www.youtube.com\/channel\/UCPWM2mGPVUt4nYhNlm71WOA","https:\/\/www.linkedin.com\/company\/33237605\/admin\/feed\/posts\/"]}]}},"_links":{"self":[{"href":"https:\/\/www.azur-scenic.com\/en\/wp-json\/wp\/v2\/product\/17724","targetHints":{"allow":["GET"]}}],"collection":[{"href":"https:\/\/www.azur-scenic.com\/en\/wp-json\/wp\/v2\/product"}],"about":[{"href":"https:\/\/www.azur-scenic.com\/en\/wp-json\/wp\/v2\/types\/product"}],"wp:featuredmedia":[{"embeddable":true,"href":"https:\/\/www.azur-scenic.com\/en\/wp-json\/wp\/v2\/media\/13867"}],"wp:attachment":[{"href":"https:\/\/www.azur-scenic.com\/en\/wp-json\/wp\/v2\/media?parent=17724"}],"wp:term":[{"taxonomy":"product_brand","embeddable":true,"href":"https:\/\/www.azur-scenic.com\/en\/wp-json\/wp\/v2\/product_brand?post=17724"},{"taxonomy":"product_cat","embeddable":true,"href":"https:\/\/www.azur-scenic.com\/en\/wp-json\/wp\/v2\/product_cat?post=17724"},{"taxonomy":"product_tag","embeddable":true,"href":"https:\/\/www.azur-scenic.com\/en\/wp-json\/wp\/v2\/product_tag?post=17724"}],"curies":[{"name":"wp","href":"https:\/\/api.w.org\/{rel}","templated":true}]}}