{"id":17740,"date":"2022-10-04T07:27:27","date_gmt":"2022-10-04T07:27:27","guid":{"rendered":"https:\/\/www.azur-scenic.com\/produit\/tarlatane\/"},"modified":"2023-08-02T12:52:54","modified_gmt":"2023-08-02T12:52:54","slug":"tarlatan","status":"publish","type":"product","link":"https:\/\/www.azur-scenic.com\/en\/product\/tarlatan\/","title":{"rendered":"Tarlatan"},"content":{"rendered":"<table>\n<thead>\n<tr>\n<th style=\"width: 170px;\">Technical data<\/th>\n<th style=\"width: 92px;\">Value<\/th>\n<th style=\"width: 267px;\">Notes<\/th>\n<\/tr>\n<\/thead>\n<tbody>\n<tr>\n<td style=\"vertical-align: top;\">Width<\/td>\n<td style=\"vertical-align: top; width: 92px;\">160 cm<\/td>\n<td style=\"width: 267px;\">\u00a0<\/td>\n<\/tr>\n<tr>\n<td style=\"vertical-align: top;\">Weight<\/td>\n<td style=\"vertical-align: top; width: 92px;\">35 g\/m\u00b2<\/td>\n<td style=\"width: 267px;\">\u00a0<\/td>\n<\/tr>\n<tr>\n<td style=\"vertical-align: top;\">Thickness<\/td>\n<td style=\"vertical-align: top; width: 92px;\">0.2 mm<\/td>\n<td style=\"width: 267px;\">\u00a0<\/td>\n<\/tr>\n<tr>\n<td style=\"vertical-align: top;\">Flame-retardant rating<\/td>\n<td style=\"vertical-align: top; width: 92px;\">No rating<\/td>\n<td style=\"width: 267px;\">Flame-retardant treatment available on demand, full lengths only (please contact us for prices and delivery times)<br \/>\n<span style=\"font-size: 10pt;\"><em>Tarlatan may shrink during flame-retardant treatment. Furthermore, <\/em><\/span><span style=\"font-size: 13px;\"><em>when ordering a 50 m length with flame-retardant treatment <\/em><\/span><span style=\"font-size: 13px;\"><em> final length delivered will be <\/em><\/span><span style=\"font-size: 13px;\"><em>between 45 and 50 m.<\/em><\/span><\/td>\n<\/tr>\n<tr>\n<td style=\"vertical-align: top;\">Composition<\/td>\n<td style=\"vertical-align: top; width: 92px;\">100% Cotton<\/td>\n<td style=\"width: 267px;\">\u00a0<\/td>\n<\/tr>\n<tr>\n<td style=\"vertical-align: top;\">Roll length<\/td>\n<td style=\"vertical-align: top; width: 92px;\">50 m<br \/>\nRolled full-width<\/td>\n<td style=\"vertical-align: top; width: 267px;\">Sold by whole lengths only<br \/>\n(cut-to-length not available)<\/td>\n<\/tr>\n<\/tbody>\n<\/table>\n","protected":false},"excerpt":{"rendered":"<p>A <strong><span style=\"color: #f88523;\">light<\/span><\/strong> open-weave fabric with irregular appearance, tarlatan has the specific feature of being very well <span style=\"color: #f88523;\"><strong>primed<\/strong><\/span>, giving it a <span style=\"color: #f88523;\"><strong>stiffness<\/strong><\/span> and <span style=\"color: #f88523;\"><strong>malleability<\/strong><\/span>. This screen is entirely <span style=\"color: #f88523;\"><strong>non-stretch<\/strong><\/span>, and will hold whatever shape you want to give it.<br \/>\nThis <span style=\"color: #f88523;\"><strong>amazing value textile<\/strong><\/span> is particularly appreciated for <span style=\"color: #f88523;\"><strong>events decorations<\/strong><\/span>, but also for making <span style=\"color: #f88523;\"><strong>stage sets and scenery<\/strong><\/span>. With surface treatment, it allows you to give depth to your creations. It can also be used for making <span style=\"color: #f88523;\"><strong>wall-hangings<\/strong><\/span>, as well as <span style=\"color: #f88523;\"><strong>dressing stage structures<\/strong><\/span> and stands, or even for running up <span style=\"color: #f88523;\"><strong>curtains<\/strong><\/span>.<br \/>\nWoven entirely from natural cotton fibres, tarlatan is an <span style=\"color: #f88523;\"><strong>environmentally-friendly<\/strong><\/span> material.<br \/>\nLike most open-weave materials, tarlatan offers perfect <span style=\"color: #f88523;\"><strong>acoustic transparency<\/strong><\/span>.<\/p>\n<table class=\"table\">\n<tbody>\n<tr>\n<td><strong>Width<\/strong>: 160 cm<\/td>\n<td><strong>Weight<\/strong>: 35 g\/m\u00b2<\/td>\n<\/tr>\n<tr>\n<td><strong>Flame-retardant rating<\/strong>: No rating<\/td>\n<td><strong>Composition<\/strong>: 100% Cotton<\/td>\n<\/tr>\n<\/tbody>\n<\/table>\n","protected":false},"featured_media":14137,"template":"","meta":{"_acf_changed":false},"product_brand":[],"product_cat":[898,893,1332,1333,1334,1331],"product_tag":[],"class_list":{"0":"post-17740","1":"product","2":"type-product","3":"status-publish","4":"has-post-thumbnail","6":"product_cat-all-products","7":"product_cat-stage-and-events-material","8":"product_cat-paintable-canvases-keyed-tv-cloths","9":"product_cat-paintable-canvases","10":"product_cat-voiles-lightweight-fabrics","11":"product_cat-extra-light-canvas","12":"pa_couleurs-002-en","13":"pa_couleurs-003-en","14":"pa_groupes-de-couleurs-white","15":"pa_groupes-de-couleurs-black","16":"pa_textiles-acoustic-transparency","17":"pa_textiles-environmentally-friendly","18":"pa_textiles-great-value","20":"first","21":"instock","22":"shipping-taxable","23":"purchasable","24":"product-type-variable"},"acf":[],"yoast_head":"<!-- This site is optimized with the Yoast SEO plugin v27.3 - https:\/\/yoast.com\/product\/yoast-seo-wordpress\/ -->\n<title>Tarlatan - Azur Scenic<\/title>\n<meta name=\"robots\" content=\"index, follow, max-snippet:-1, max-image-preview:large, max-video-preview:-1\" \/>\n<link rel=\"canonical\" href=\"https:\/\/www.azur-scenic.com\/en\/product\/tarlatan\/\" \/>\n<meta property=\"og:locale\" content=\"en_US\" \/>\n<meta property=\"og:type\" content=\"article\" \/>\n<meta property=\"og:title\" content=\"Tarlatan - Azur Scenic\" \/>\n<meta property=\"og:description\" content=\"A light open-weave fabric with irregular appearance, tarlatan has the specific feature of being very well primed, giving it a stiffness and malleability. This screen is entirely non-stretch, and will hold whatever shape you want to give it. This amazing value textile is particularly appreciated for events decorations, but also for making stage sets and scenery. With surface treatment, it allows you to give depth to your creations. It can also be used for making wall-hangings, as well as dressing stage structures and stands, or even for running up curtains. Woven entirely from natural cotton fibres, tarlatan is an environmentally-friendly material. Like most open-weave materials, tarlatan offers perfect acoustic transparency.  Width: 160 cm Weight: 35 g\/m\u00b2  Flame-retardant rating: No rating Composition: 100% Cotton\" \/>\n<meta property=\"og:url\" content=\"https:\/\/www.azur-scenic.com\/en\/product\/tarlatan\/\" \/>\n<meta property=\"og:site_name\" content=\"Azur Scenic\" \/>\n<meta property=\"article:modified_time\" content=\"2023-08-02T12:52:54+00:00\" \/>\n<meta property=\"og:image\" content=\"https:\/\/www.azur-scenic.com\/wp-content\/uploads\/Tarlatane-Brun-scaled.jpg\" \/>\n\t<meta property=\"og:image:width\" content=\"2560\" \/>\n\t<meta property=\"og:image:height\" content=\"2560\" \/>\n\t<meta property=\"og:image:type\" content=\"image\/jpeg\" \/>\n<meta name=\"twitter:card\" content=\"summary_large_image\" \/>\n<script type=\"application\/ld+json\" class=\"yoast-schema-graph\">{\"@context\":\"https:\\\/\\\/schema.org\",\"@graph\":[{\"@type\":\"WebPage\",\"@id\":\"https:\\\/\\\/www.azur-scenic.com\\\/en\\\/product\\\/tarlatan\\\/\",\"url\":\"https:\\\/\\\/www.azur-scenic.com\\\/en\\\/product\\\/tarlatan\\\/\",\"name\":\"Tarlatan - Azur Scenic\",\"isPartOf\":{\"@id\":\"https:\\\/\\\/www.azur-scenic.com\\\/en\\\/#website\"},\"primaryImageOfPage\":{\"@id\":\"https:\\\/\\\/www.azur-scenic.com\\\/en\\\/product\\\/tarlatan\\\/#primaryimage\"},\"image\":{\"@id\":\"https:\\\/\\\/www.azur-scenic.com\\\/en\\\/product\\\/tarlatan\\\/#primaryimage\"},\"thumbnailUrl\":\"https:\\\/\\\/www.azur-scenic.com\\\/wp-content\\\/uploads\\\/Tarlatane-Brun-scaled.jpg\",\"datePublished\":\"2022-10-04T07:27:27+00:00\",\"dateModified\":\"2023-08-02T12:52:54+00:00\",\"breadcrumb\":{\"@id\":\"https:\\\/\\\/www.azur-scenic.com\\\/en\\\/product\\\/tarlatan\\\/#breadcrumb\"},\"inLanguage\":\"en-US\",\"potentialAction\":[{\"@type\":\"ReadAction\",\"target\":[\"https:\\\/\\\/www.azur-scenic.com\\\/en\\\/product\\\/tarlatan\\\/\"]}]},{\"@type\":\"ImageObject\",\"inLanguage\":\"en-US\",\"@id\":\"https:\\\/\\\/www.azur-scenic.com\\\/en\\\/product\\\/tarlatan\\\/#primaryimage\",\"url\":\"https:\\\/\\\/www.azur-scenic.com\\\/wp-content\\\/uploads\\\/Tarlatane-Brun-scaled.jpg\",\"contentUrl\":\"https:\\\/\\\/www.azur-scenic.com\\\/wp-content\\\/uploads\\\/Tarlatane-Brun-scaled.jpg\",\"width\":2560,\"height\":2560,\"caption\":\"Tarlatane Brun\"},{\"@type\":\"BreadcrumbList\",\"@id\":\"https:\\\/\\\/www.azur-scenic.com\\\/en\\\/product\\\/tarlatan\\\/#breadcrumb\",\"itemListElement\":[{\"@type\":\"ListItem\",\"position\":1,\"name\":\"Accueil\",\"item\":\"https:\\\/\\\/www.azur-scenic.com\\\/en\\\/\"},{\"@type\":\"ListItem\",\"position\":2,\"name\":\"Produits\",\"item\":\"https:\\\/\\\/www.azur-scenic.com\\\/en\\\/?page_id=21438\"},{\"@type\":\"ListItem\",\"position\":3,\"name\":\"Tarlatan\"}]},{\"@type\":\"WebSite\",\"@id\":\"https:\\\/\\\/www.azur-scenic.com\\\/en\\\/#website\",\"url\":\"https:\\\/\\\/www.azur-scenic.com\\\/en\\\/\",\"name\":\"Azur Scenic\",\"description\":\"Sp\u00e9cialiste de l\u2019\u00e9quipement sc\u00e9nique et de la d\u00e9coration int\u00e9rieure et \u00e9v\u00e9nementielle !\",\"publisher\":{\"@id\":\"https:\\\/\\\/www.azur-scenic.com\\\/en\\\/#organization\"},\"potentialAction\":[{\"@type\":\"SearchAction\",\"target\":{\"@type\":\"EntryPoint\",\"urlTemplate\":\"https:\\\/\\\/www.azur-scenic.com\\\/en\\\/?s={search_term_string}\"},\"query-input\":{\"@type\":\"PropertyValueSpecification\",\"valueRequired\":true,\"valueName\":\"search_term_string\"}}],\"inLanguage\":\"en-US\"},{\"@type\":\"Organization\",\"@id\":\"https:\\\/\\\/www.azur-scenic.com\\\/en\\\/#organization\",\"name\":\"AZUR SCENIC\",\"url\":\"https:\\\/\\\/www.azur-scenic.com\\\/en\\\/\",\"logo\":{\"@type\":\"ImageObject\",\"inLanguage\":\"en-US\",\"@id\":\"https:\\\/\\\/www.azur-scenic.com\\\/en\\\/#\\\/schema\\\/logo\\\/image\\\/\",\"url\":\"https:\\\/\\\/www.azur-scenic.com\\\/wp-content\\\/uploads\\\/2022\\\/09\\\/LOGO-AZUR-SCENIC-Fusion-web-236x64-1.jpg\",\"contentUrl\":\"https:\\\/\\\/www.azur-scenic.com\\\/wp-content\\\/uploads\\\/2022\\\/09\\\/LOGO-AZUR-SCENIC-Fusion-web-236x64-1.jpg\",\"width\":236,\"height\":64,\"caption\":\"AZUR SCENIC\"},\"image\":{\"@id\":\"https:\\\/\\\/www.azur-scenic.com\\\/en\\\/#\\\/schema\\\/logo\\\/image\\\/\"},\"sameAs\":[\"https:\\\/\\\/www.youtube.com\\\/channel\\\/UCPWM2mGPVUt4nYhNlm71WOA\",\"https:\\\/\\\/www.linkedin.com\\\/company\\\/33237605\\\/admin\\\/feed\\\/posts\\\/\"]}]}<\/script>\n<!-- \/ Yoast SEO plugin. -->","yoast_head_json":{"title":"Tarlatan - Azur Scenic","robots":{"index":"index","follow":"follow","max-snippet":"max-snippet:-1","max-image-preview":"max-image-preview:large","max-video-preview":"max-video-preview:-1"},"canonical":"https:\/\/www.azur-scenic.com\/en\/product\/tarlatan\/","og_locale":"en_US","og_type":"article","og_title":"Tarlatan - Azur Scenic","og_description":"A light open-weave fabric with irregular appearance, tarlatan has the specific feature of being very well primed, giving it a stiffness and malleability. This screen is entirely non-stretch, and will hold whatever shape you want to give it. This amazing value textile is particularly appreciated for events decorations, but also for making stage sets and scenery. With surface treatment, it allows you to give depth to your creations. It can also be used for making wall-hangings, as well as dressing stage structures and stands, or even for running up curtains. Woven entirely from natural cotton fibres, tarlatan is an environmentally-friendly material. Like most open-weave materials, tarlatan offers perfect acoustic transparency.  Width: 160 cm Weight: 35 g\/m\u00b2  Flame-retardant rating: No rating Composition: 100% Cotton","og_url":"https:\/\/www.azur-scenic.com\/en\/product\/tarlatan\/","og_site_name":"Azur Scenic","article_modified_time":"2023-08-02T12:52:54+00:00","og_image":[{"width":2560,"height":2560,"url":"https:\/\/www.azur-scenic.com\/wp-content\/uploads\/Tarlatane-Brun-scaled.jpg","type":"image\/jpeg"}],"twitter_card":"summary_large_image","schema":{"@context":"https:\/\/schema.org","@graph":[{"@type":"WebPage","@id":"https:\/\/www.azur-scenic.com\/en\/product\/tarlatan\/","url":"https:\/\/www.azur-scenic.com\/en\/product\/tarlatan\/","name":"Tarlatan - Azur Scenic","isPartOf":{"@id":"https:\/\/www.azur-scenic.com\/en\/#website"},"primaryImageOfPage":{"@id":"https:\/\/www.azur-scenic.com\/en\/product\/tarlatan\/#primaryimage"},"image":{"@id":"https:\/\/www.azur-scenic.com\/en\/product\/tarlatan\/#primaryimage"},"thumbnailUrl":"https:\/\/www.azur-scenic.com\/wp-content\/uploads\/Tarlatane-Brun-scaled.jpg","datePublished":"2022-10-04T07:27:27+00:00","dateModified":"2023-08-02T12:52:54+00:00","breadcrumb":{"@id":"https:\/\/www.azur-scenic.com\/en\/product\/tarlatan\/#breadcrumb"},"inLanguage":"en-US","potentialAction":[{"@type":"ReadAction","target":["https:\/\/www.azur-scenic.com\/en\/product\/tarlatan\/"]}]},{"@type":"ImageObject","inLanguage":"en-US","@id":"https:\/\/www.azur-scenic.com\/en\/product\/tarlatan\/#primaryimage","url":"https:\/\/www.azur-scenic.com\/wp-content\/uploads\/Tarlatane-Brun-scaled.jpg","contentUrl":"https:\/\/www.azur-scenic.com\/wp-content\/uploads\/Tarlatane-Brun-scaled.jpg","width":2560,"height":2560,"caption":"Tarlatane Brun"},{"@type":"BreadcrumbList","@id":"https:\/\/www.azur-scenic.com\/en\/product\/tarlatan\/#breadcrumb","itemListElement":[{"@type":"ListItem","position":1,"name":"Accueil","item":"https:\/\/www.azur-scenic.com\/en\/"},{"@type":"ListItem","position":2,"name":"Produits","item":"https:\/\/www.azur-scenic.com\/en\/?page_id=21438"},{"@type":"ListItem","position":3,"name":"Tarlatan"}]},{"@type":"WebSite","@id":"https:\/\/www.azur-scenic.com\/en\/#website","url":"https:\/\/www.azur-scenic.com\/en\/","name":"Azur Scenic","description":"Sp\u00e9cialiste de l\u2019\u00e9quipement sc\u00e9nique et de la d\u00e9coration int\u00e9rieure et \u00e9v\u00e9nementielle !","publisher":{"@id":"https:\/\/www.azur-scenic.com\/en\/#organization"},"potentialAction":[{"@type":"SearchAction","target":{"@type":"EntryPoint","urlTemplate":"https:\/\/www.azur-scenic.com\/en\/?s={search_term_string}"},"query-input":{"@type":"PropertyValueSpecification","valueRequired":true,"valueName":"search_term_string"}}],"inLanguage":"en-US"},{"@type":"Organization","@id":"https:\/\/www.azur-scenic.com\/en\/#organization","name":"AZUR SCENIC","url":"https:\/\/www.azur-scenic.com\/en\/","logo":{"@type":"ImageObject","inLanguage":"en-US","@id":"https:\/\/www.azur-scenic.com\/en\/#\/schema\/logo\/image\/","url":"https:\/\/www.azur-scenic.com\/wp-content\/uploads\/2022\/09\/LOGO-AZUR-SCENIC-Fusion-web-236x64-1.jpg","contentUrl":"https:\/\/www.azur-scenic.com\/wp-content\/uploads\/2022\/09\/LOGO-AZUR-SCENIC-Fusion-web-236x64-1.jpg","width":236,"height":64,"caption":"AZUR SCENIC"},"image":{"@id":"https:\/\/www.azur-scenic.com\/en\/#\/schema\/logo\/image\/"},"sameAs":["https:\/\/www.youtube.com\/channel\/UCPWM2mGPVUt4nYhNlm71WOA","https:\/\/www.linkedin.com\/company\/33237605\/admin\/feed\/posts\/"]}]}},"_links":{"self":[{"href":"https:\/\/www.azur-scenic.com\/en\/wp-json\/wp\/v2\/product\/17740","targetHints":{"allow":["GET"]}}],"collection":[{"href":"https:\/\/www.azur-scenic.com\/en\/wp-json\/wp\/v2\/product"}],"about":[{"href":"https:\/\/www.azur-scenic.com\/en\/wp-json\/wp\/v2\/types\/product"}],"wp:featuredmedia":[{"embeddable":true,"href":"https:\/\/www.azur-scenic.com\/en\/wp-json\/wp\/v2\/media\/14137"}],"wp:attachment":[{"href":"https:\/\/www.azur-scenic.com\/en\/wp-json\/wp\/v2\/media?parent=17740"}],"wp:term":[{"taxonomy":"product_brand","embeddable":true,"href":"https:\/\/www.azur-scenic.com\/en\/wp-json\/wp\/v2\/product_brand?post=17740"},{"taxonomy":"product_cat","embeddable":true,"href":"https:\/\/www.azur-scenic.com\/en\/wp-json\/wp\/v2\/product_cat?post=17740"},{"taxonomy":"product_tag","embeddable":true,"href":"https:\/\/www.azur-scenic.com\/en\/wp-json\/wp\/v2\/product_tag?post=17740"}],"curies":[{"name":"wp","href":"https:\/\/api.w.org\/{rel}","templated":true}]}}