{"id":17775,"date":"2022-10-04T07:27:23","date_gmt":"2022-10-04T07:27:23","guid":{"rendered":"https:\/\/www.azur-scenic.com\/produit\/retro-gris\/"},"modified":"2023-08-02T12:52:59","modified_gmt":"2023-08-02T12:52:59","slug":"rear-projection-screen-grey","status":"publish","type":"product","link":"https:\/\/www.azur-scenic.com\/en\/product\/rear-projection-screen-grey\/","title":{"rendered":"Rear-projection screen grey"},"content":{"rendered":"<table>\n<thead>\n<tr>\n<th style=\"width: 170px;\">Technical data<\/th>\n<th style=\"width: 187px;\">Value<\/th>\n<th style=\"width: 153px;\">Notes<\/th>\n<\/tr>\n<\/thead>\n<tbody>\n<tr>\n<td style=\"vertical-align: top;\">Width<\/td>\n<td style=\"vertical-align: top; width: 187px;\">230 cm<\/td>\n<td style=\"vertical-align: top; width: 153px;\">\u00a0<\/td>\n<\/tr>\n<tr>\n<td style=\"vertical-align: top;\">Weight<\/td>\n<td style=\"vertical-align: top; width: 187px;\">450 g\/m\u00b2<\/td>\n<td style=\"vertical-align: top; width: 153px;\">Standard: NF T 54-101<\/td>\n<\/tr>\n<tr>\n<td style=\"vertical-align: top;\">Thickness<\/td>\n<td style=\"vertical-align: top; width: 187px;\">0.3 mm<\/td>\n<td style=\"vertical-align: top; width: 153px;\">Standard: NF T 54-101<\/td>\n<\/tr>\n<tr>\n<td style=\"vertical-align: top;\">Flame-retardant rating<\/td>\n<td style=\"vertical-align: top; width: 187px;\"><img decoding=\"async\" style=\"height: 20px; width: 20px;\" src=\"https:\/\/www.azur-scenic.com\/wp-content\/uploads\/icon-flag-france.png?1542281963\" \/> M1<br \/>\n<img decoding=\"async\" style=\"height: 20px; width: 20px;\" src=\"https:\/\/www.azur-scenic.com\/wp-content\/uploads\/icon-flag-usa.png\" \/> Pass<\/td>\n<td style=\"vertical-align: top; width: 153px;\">Standard: NF P 92-503-507<br \/>\nStandard: NFPA 701<\/td>\n<\/tr>\n<tr>\n<td style=\"vertical-align: top;\">Composition<\/td>\n<td style=\"vertical-align: top; width: 187px;\">100% PVC<\/td>\n<td style=\"vertical-align: top; width: 153px;\">\u00a0<\/td>\n<\/tr>\n<tr>\n<td style=\"vertical-align: top;\">Roll length<\/td>\n<td style=\"vertical-align: top; width: 187px;\">100 m<\/td>\n<td style=\"vertical-align: top; width: 153px;\">Cut-to-length possible<\/td>\n<\/tr>\n<tr>\n<td style=\"vertical-align: top;\">Elongation at break<\/td>\n<td style=\"vertical-align: top; width: 187px;\">Machine direction: > 200%<br \/>\nTransverse direction: > 200%<\/td>\n<td style=\"vertical-align: top; width: 153px;\">NF EN ISO 527-3<\/td>\n<\/tr>\n<tr>\n<td style=\"vertical-align: top;\">Tensile strength<\/td>\n<td style=\"vertical-align: top; width: 187px;\">Machine direction: > 12 MPa<br \/>\nTransverse direction: > 12 MPa<\/td>\n<td style=\"vertical-align: top; width: 153px;\">NF EN ISO 527-3<\/td>\n<\/tr>\n<\/tbody>\n<\/table>\n","protected":false},"excerpt":{"rendered":"<p>The last-word in flexible PVC sheet, available in mid-grey and rated <strong><span style=\"color: #f88523;\">M1 flame-retardant<\/span><\/strong>, ideal for making <span style=\"color: #f88523;\"><strong>rear-projection screens<\/strong><\/span> and <span style=\"color: #f88523;\"><strong>cycloramas<\/strong><\/span>.<br \/>\nDuring manufacture, we ensure consistent transparency for <span style=\"color: #f88523;\"><strong>optimum optical properties<\/strong><\/span>. This grey colour does not create a <span style=\"color: #f88523;\"><strong>hot-spot<\/strong><\/span> allowing <span style=\"color: #f88523;\"><strong>high-definition projection<\/strong><\/span> with <span style=\"color: #f88523;\"><strong>excellent contrast<\/strong><\/span> and a very large angle of view.<br \/>\nWe also ensure <span style=\"color: #f88523;\"><strong>the flattest possible surface<\/strong><\/span>, working in our HF welding workshops to offer <span style=\"color: #f88523;\"><strong>super-thin, super-smooth and virtually-invisible welds<\/strong><\/span> for <span style=\"color: #f88523;\"><strong>suspended screens<\/strong><\/span>, <span style=\"color: #f88523;\"><strong>frame-tensioned<\/strong><\/span> screens and even <span style=\"color: #f88523;\"><strong>mounted on motorised rollers<\/strong><\/span>.<br \/>\nThis PVC screen is <span style=\"color: #f88523;\"><strong>washable<\/strong><\/span> and suitable for indoors and <span style=\"color: #f88523;\"><strong>outdoors use<\/strong><\/span>, and also has<span style=\"color: #f88523;\"><strong>sound insulation<\/strong><\/span> properties.<br \/>\nThis screen is also <span style=\"color: #f88523;\"><strong>printable<\/strong><\/span> to let you create the most imaginative stage sets and scenery.<\/p>\n<p>\u00a0<\/p>\n<table class=\"table\">\n<tbody>\n<tr>\n<td><strong>Width<\/strong>: 230 cm<\/td>\n<td><strong>Weight<\/strong>: 450 g\/m\u00b2<\/td>\n<\/tr>\n<tr>\n<td><strong>Flame-retardant rating<\/strong>: <img decoding=\"async\" style=\"height: 20px; width: 20px;\" src=\"https:\/\/www.azur-scenic.com\/wp-content\/uploads\/icon-flag-france.png?1542281963\" \/> M1 <img decoding=\"async\" style=\"height: 20px; width: 20px;\" src=\"https:\/\/www.azur-scenic.com\/wp-content\/uploads\/icon-flag-usa.png\" \/> Pass<\/td>\n<td><strong>Composition<\/strong>: 100% PVC<\/td>\n<\/tr>\n<\/tbody>\n<\/table>\n","protected":false},"featured_media":7551,"template":"","meta":{"_acf_changed":false},"product_brand":[],"product_cat":[898,1200,1369],"product_tag":[],"class_list":{"0":"post-17775","1":"product","2":"type-product","3":"status-publish","4":"has-post-thumbnail","6":"product_cat-all-products","7":"product_cat-projection-screens-pvc-canvas","8":"product_cat-rear-projection-screens","9":"pa_couleurs-100-en","10":"pa_groupes-de-couleurs-greys","11":"pa_textiles-suitable-for-outdoors-use","12":"pa_textiles-flame-retardant-rated","13":"pa_textiles-printable","14":"pa_textiles-acoustic-insulation","15":"pa_textiles-washable","16":"pa_textiles-rear-projection","17":"pa_textiles-transparent-and-translucent","19":"first","20":"instock","21":"shipping-taxable","22":"purchasable","23":"product-type-simple"},"acf":[],"yoast_head":"<!-- This site is optimized with the Yoast SEO plugin v27.3 - https:\/\/yoast.com\/product\/yoast-seo-wordpress\/ -->\n<title>Rear-projection screen grey - Azur Scenic<\/title>\n<meta name=\"robots\" content=\"index, follow, max-snippet:-1, max-image-preview:large, max-video-preview:-1\" \/>\n<link rel=\"canonical\" href=\"https:\/\/www.azur-scenic.com\/en\/product\/rear-projection-screen-grey\/\" \/>\n<meta property=\"og:locale\" content=\"en_US\" \/>\n<meta property=\"og:type\" content=\"article\" \/>\n<meta property=\"og:title\" content=\"Rear-projection screen grey - Azur Scenic\" \/>\n<meta property=\"og:description\" content=\"The last-word in flexible PVC sheet, available in mid-grey and rated M1 flame-retardant, ideal for making rear-projection screens and cycloramas. During manufacture, we ensure consistent transparency for optimum optical properties. This grey colour does not create a hot-spot allowing high-definition projection with excellent contrast and a very large angle of view. We also ensure the flattest possible surface, working in our HF welding workshops to offer super-thin, super-smooth and virtually-invisible welds for suspended screens, frame-tensioned screens and even mounted on motorised rollers. This PVC screen is washable and suitable for indoors and outdoors use, and also hassound insulation properties. This screen is also printable to let you create the most imaginative stage sets and scenery. \u00a0  Width: 230 cm Weight: 450 g\/m\u00b2  Flame-retardant rating: M1 Pass Composition: 100% PVC\" \/>\n<meta property=\"og:url\" content=\"https:\/\/www.azur-scenic.com\/en\/product\/rear-projection-screen-grey\/\" \/>\n<meta property=\"og:site_name\" content=\"Azur Scenic\" \/>\n<meta property=\"article:modified_time\" content=\"2023-08-02T12:52:59+00:00\" \/>\n<meta property=\"og:image\" content=\"https:\/\/www.azur-scenic.com\/wp-content\/uploads\/7f80fd2f512d8ad7bc52bf5407072dba.png\" \/>\n\t<meta property=\"og:image:width\" content=\"430\" \/>\n\t<meta property=\"og:image:height\" content=\"430\" \/>\n\t<meta property=\"og:image:type\" content=\"image\/png\" \/>\n<meta name=\"twitter:card\" content=\"summary_large_image\" \/>\n<script type=\"application\/ld+json\" class=\"yoast-schema-graph\">{\"@context\":\"https:\\\/\\\/schema.org\",\"@graph\":[{\"@type\":\"WebPage\",\"@id\":\"https:\\\/\\\/www.azur-scenic.com\\\/en\\\/product\\\/rear-projection-screen-grey\\\/\",\"url\":\"https:\\\/\\\/www.azur-scenic.com\\\/en\\\/product\\\/rear-projection-screen-grey\\\/\",\"name\":\"Rear-projection screen grey - Azur Scenic\",\"isPartOf\":{\"@id\":\"https:\\\/\\\/www.azur-scenic.com\\\/en\\\/#website\"},\"primaryImageOfPage\":{\"@id\":\"https:\\\/\\\/www.azur-scenic.com\\\/en\\\/product\\\/rear-projection-screen-grey\\\/#primaryimage\"},\"image\":{\"@id\":\"https:\\\/\\\/www.azur-scenic.com\\\/en\\\/product\\\/rear-projection-screen-grey\\\/#primaryimage\"},\"thumbnailUrl\":\"https:\\\/\\\/www.azur-scenic.com\\\/wp-content\\\/uploads\\\/7f80fd2f512d8ad7bc52bf5407072dba.png\",\"datePublished\":\"2022-10-04T07:27:23+00:00\",\"dateModified\":\"2023-08-02T12:52:59+00:00\",\"breadcrumb\":{\"@id\":\"https:\\\/\\\/www.azur-scenic.com\\\/en\\\/product\\\/rear-projection-screen-grey\\\/#breadcrumb\"},\"inLanguage\":\"en-US\",\"potentialAction\":[{\"@type\":\"ReadAction\",\"target\":[\"https:\\\/\\\/www.azur-scenic.com\\\/en\\\/product\\\/rear-projection-screen-grey\\\/\"]}]},{\"@type\":\"ImageObject\",\"inLanguage\":\"en-US\",\"@id\":\"https:\\\/\\\/www.azur-scenic.com\\\/en\\\/product\\\/rear-projection-screen-grey\\\/#primaryimage\",\"url\":\"https:\\\/\\\/www.azur-scenic.com\\\/wp-content\\\/uploads\\\/7f80fd2f512d8ad7bc52bf5407072dba.png\",\"contentUrl\":\"https:\\\/\\\/www.azur-scenic.com\\\/wp-content\\\/uploads\\\/7f80fd2f512d8ad7bc52bf5407072dba.png\",\"width\":430,\"height\":430},{\"@type\":\"BreadcrumbList\",\"@id\":\"https:\\\/\\\/www.azur-scenic.com\\\/en\\\/product\\\/rear-projection-screen-grey\\\/#breadcrumb\",\"itemListElement\":[{\"@type\":\"ListItem\",\"position\":1,\"name\":\"Accueil\",\"item\":\"https:\\\/\\\/www.azur-scenic.com\\\/en\\\/\"},{\"@type\":\"ListItem\",\"position\":2,\"name\":\"Produits\",\"item\":\"https:\\\/\\\/www.azur-scenic.com\\\/en\\\/?page_id=21438\"},{\"@type\":\"ListItem\",\"position\":3,\"name\":\"Rear-projection screen grey\"}]},{\"@type\":\"WebSite\",\"@id\":\"https:\\\/\\\/www.azur-scenic.com\\\/en\\\/#website\",\"url\":\"https:\\\/\\\/www.azur-scenic.com\\\/en\\\/\",\"name\":\"Azur Scenic\",\"description\":\"Sp\u00e9cialiste de l\u2019\u00e9quipement sc\u00e9nique et de la d\u00e9coration int\u00e9rieure et \u00e9v\u00e9nementielle !\",\"publisher\":{\"@id\":\"https:\\\/\\\/www.azur-scenic.com\\\/en\\\/#organization\"},\"potentialAction\":[{\"@type\":\"SearchAction\",\"target\":{\"@type\":\"EntryPoint\",\"urlTemplate\":\"https:\\\/\\\/www.azur-scenic.com\\\/en\\\/?s={search_term_string}\"},\"query-input\":{\"@type\":\"PropertyValueSpecification\",\"valueRequired\":true,\"valueName\":\"search_term_string\"}}],\"inLanguage\":\"en-US\"},{\"@type\":\"Organization\",\"@id\":\"https:\\\/\\\/www.azur-scenic.com\\\/en\\\/#organization\",\"name\":\"AZUR SCENIC\",\"url\":\"https:\\\/\\\/www.azur-scenic.com\\\/en\\\/\",\"logo\":{\"@type\":\"ImageObject\",\"inLanguage\":\"en-US\",\"@id\":\"https:\\\/\\\/www.azur-scenic.com\\\/en\\\/#\\\/schema\\\/logo\\\/image\\\/\",\"url\":\"https:\\\/\\\/www.azur-scenic.com\\\/wp-content\\\/uploads\\\/2022\\\/09\\\/LOGO-AZUR-SCENIC-Fusion-web-236x64-1.jpg\",\"contentUrl\":\"https:\\\/\\\/www.azur-scenic.com\\\/wp-content\\\/uploads\\\/2022\\\/09\\\/LOGO-AZUR-SCENIC-Fusion-web-236x64-1.jpg\",\"width\":236,\"height\":64,\"caption\":\"AZUR SCENIC\"},\"image\":{\"@id\":\"https:\\\/\\\/www.azur-scenic.com\\\/en\\\/#\\\/schema\\\/logo\\\/image\\\/\"},\"sameAs\":[\"https:\\\/\\\/www.youtube.com\\\/channel\\\/UCPWM2mGPVUt4nYhNlm71WOA\",\"https:\\\/\\\/www.linkedin.com\\\/company\\\/33237605\\\/admin\\\/feed\\\/posts\\\/\"]}]}<\/script>\n<!-- \/ Yoast SEO plugin. -->","yoast_head_json":{"title":"Rear-projection screen grey - Azur Scenic","robots":{"index":"index","follow":"follow","max-snippet":"max-snippet:-1","max-image-preview":"max-image-preview:large","max-video-preview":"max-video-preview:-1"},"canonical":"https:\/\/www.azur-scenic.com\/en\/product\/rear-projection-screen-grey\/","og_locale":"en_US","og_type":"article","og_title":"Rear-projection screen grey - Azur Scenic","og_description":"The last-word in flexible PVC sheet, available in mid-grey and rated M1 flame-retardant, ideal for making rear-projection screens and cycloramas. During manufacture, we ensure consistent transparency for optimum optical properties. This grey colour does not create a hot-spot allowing high-definition projection with excellent contrast and a very large angle of view. We also ensure the flattest possible surface, working in our HF welding workshops to offer super-thin, super-smooth and virtually-invisible welds for suspended screens, frame-tensioned screens and even mounted on motorised rollers. This PVC screen is washable and suitable for indoors and outdoors use, and also hassound insulation properties. This screen is also printable to let you create the most imaginative stage sets and scenery. \u00a0  Width: 230 cm Weight: 450 g\/m\u00b2  Flame-retardant rating: M1 Pass Composition: 100% PVC","og_url":"https:\/\/www.azur-scenic.com\/en\/product\/rear-projection-screen-grey\/","og_site_name":"Azur Scenic","article_modified_time":"2023-08-02T12:52:59+00:00","og_image":[{"width":430,"height":430,"url":"https:\/\/www.azur-scenic.com\/wp-content\/uploads\/7f80fd2f512d8ad7bc52bf5407072dba.png","type":"image\/png"}],"twitter_card":"summary_large_image","schema":{"@context":"https:\/\/schema.org","@graph":[{"@type":"WebPage","@id":"https:\/\/www.azur-scenic.com\/en\/product\/rear-projection-screen-grey\/","url":"https:\/\/www.azur-scenic.com\/en\/product\/rear-projection-screen-grey\/","name":"Rear-projection screen grey - Azur Scenic","isPartOf":{"@id":"https:\/\/www.azur-scenic.com\/en\/#website"},"primaryImageOfPage":{"@id":"https:\/\/www.azur-scenic.com\/en\/product\/rear-projection-screen-grey\/#primaryimage"},"image":{"@id":"https:\/\/www.azur-scenic.com\/en\/product\/rear-projection-screen-grey\/#primaryimage"},"thumbnailUrl":"https:\/\/www.azur-scenic.com\/wp-content\/uploads\/7f80fd2f512d8ad7bc52bf5407072dba.png","datePublished":"2022-10-04T07:27:23+00:00","dateModified":"2023-08-02T12:52:59+00:00","breadcrumb":{"@id":"https:\/\/www.azur-scenic.com\/en\/product\/rear-projection-screen-grey\/#breadcrumb"},"inLanguage":"en-US","potentialAction":[{"@type":"ReadAction","target":["https:\/\/www.azur-scenic.com\/en\/product\/rear-projection-screen-grey\/"]}]},{"@type":"ImageObject","inLanguage":"en-US","@id":"https:\/\/www.azur-scenic.com\/en\/product\/rear-projection-screen-grey\/#primaryimage","url":"https:\/\/www.azur-scenic.com\/wp-content\/uploads\/7f80fd2f512d8ad7bc52bf5407072dba.png","contentUrl":"https:\/\/www.azur-scenic.com\/wp-content\/uploads\/7f80fd2f512d8ad7bc52bf5407072dba.png","width":430,"height":430},{"@type":"BreadcrumbList","@id":"https:\/\/www.azur-scenic.com\/en\/product\/rear-projection-screen-grey\/#breadcrumb","itemListElement":[{"@type":"ListItem","position":1,"name":"Accueil","item":"https:\/\/www.azur-scenic.com\/en\/"},{"@type":"ListItem","position":2,"name":"Produits","item":"https:\/\/www.azur-scenic.com\/en\/?page_id=21438"},{"@type":"ListItem","position":3,"name":"Rear-projection screen grey"}]},{"@type":"WebSite","@id":"https:\/\/www.azur-scenic.com\/en\/#website","url":"https:\/\/www.azur-scenic.com\/en\/","name":"Azur Scenic","description":"Sp\u00e9cialiste de l\u2019\u00e9quipement sc\u00e9nique et de la d\u00e9coration int\u00e9rieure et \u00e9v\u00e9nementielle !","publisher":{"@id":"https:\/\/www.azur-scenic.com\/en\/#organization"},"potentialAction":[{"@type":"SearchAction","target":{"@type":"EntryPoint","urlTemplate":"https:\/\/www.azur-scenic.com\/en\/?s={search_term_string}"},"query-input":{"@type":"PropertyValueSpecification","valueRequired":true,"valueName":"search_term_string"}}],"inLanguage":"en-US"},{"@type":"Organization","@id":"https:\/\/www.azur-scenic.com\/en\/#organization","name":"AZUR SCENIC","url":"https:\/\/www.azur-scenic.com\/en\/","logo":{"@type":"ImageObject","inLanguage":"en-US","@id":"https:\/\/www.azur-scenic.com\/en\/#\/schema\/logo\/image\/","url":"https:\/\/www.azur-scenic.com\/wp-content\/uploads\/2022\/09\/LOGO-AZUR-SCENIC-Fusion-web-236x64-1.jpg","contentUrl":"https:\/\/www.azur-scenic.com\/wp-content\/uploads\/2022\/09\/LOGO-AZUR-SCENIC-Fusion-web-236x64-1.jpg","width":236,"height":64,"caption":"AZUR SCENIC"},"image":{"@id":"https:\/\/www.azur-scenic.com\/en\/#\/schema\/logo\/image\/"},"sameAs":["https:\/\/www.youtube.com\/channel\/UCPWM2mGPVUt4nYhNlm71WOA","https:\/\/www.linkedin.com\/company\/33237605\/admin\/feed\/posts\/"]}]}},"_links":{"self":[{"href":"https:\/\/www.azur-scenic.com\/en\/wp-json\/wp\/v2\/product\/17775","targetHints":{"allow":["GET"]}}],"collection":[{"href":"https:\/\/www.azur-scenic.com\/en\/wp-json\/wp\/v2\/product"}],"about":[{"href":"https:\/\/www.azur-scenic.com\/en\/wp-json\/wp\/v2\/types\/product"}],"wp:featuredmedia":[{"embeddable":true,"href":"https:\/\/www.azur-scenic.com\/en\/wp-json\/wp\/v2\/media\/7551"}],"wp:attachment":[{"href":"https:\/\/www.azur-scenic.com\/en\/wp-json\/wp\/v2\/media?parent=17775"}],"wp:term":[{"taxonomy":"product_brand","embeddable":true,"href":"https:\/\/www.azur-scenic.com\/en\/wp-json\/wp\/v2\/product_brand?post=17775"},{"taxonomy":"product_cat","embeddable":true,"href":"https:\/\/www.azur-scenic.com\/en\/wp-json\/wp\/v2\/product_cat?post=17775"},{"taxonomy":"product_tag","embeddable":true,"href":"https:\/\/www.azur-scenic.com\/en\/wp-json\/wp\/v2\/product_tag?post=17775"}],"curies":[{"name":"wp","href":"https:\/\/api.w.org\/{rel}","templated":true}]}}