{"id":17779,"date":"2022-10-04T07:27:23","date_gmt":"2022-10-04T07:27:23","guid":{"rendered":"https:\/\/www.azur-scenic.com\/produit\/ecran-frontal-blanc\/"},"modified":"2023-08-02T12:53:01","modified_gmt":"2023-08-02T12:53:01","slug":"white-front-projection-screen","status":"publish","type":"product","link":"https:\/\/www.azur-scenic.com\/en\/product\/white-front-projection-screen\/","title":{"rendered":"White front-projection screen"},"content":{"rendered":"<table>\n<thead>\n<tr>\n<th style=\"width: 149px;\">Technical data<\/th>\n<th style=\"width: 186px;\">Value<\/th>\n<th style=\"width: 180px;\">Notes<\/th>\n<\/tr>\n<\/thead>\n<tbody>\n<tr>\n<td style=\"vertical-align: top; width: 149px;\">Width<\/td>\n<td style=\"vertical-align: top; width: 186px;\">230 cm<\/td>\n<td style=\"vertical-align: top; width: 180px;\">\u00a0<\/td>\n<\/tr>\n<tr>\n<td style=\"vertical-align: top; width: 149px;\">Weight<\/td>\n<td style=\"vertical-align: top; width: 186px;\">450 g\/m\u00b2<\/td>\n<td style=\"vertical-align: top; width: 180px;\">Standard: NF T 54-101<\/td>\n<\/tr>\n<tr>\n<td style=\"vertical-align: top; width: 149px;\">Thickness<\/td>\n<td style=\"vertical-align: top; width: 186px;\">0.3 mm<\/td>\n<td style=\"vertical-align: top; width: 180px;\">Standard: NF T 54-101<\/td>\n<\/tr>\n<tr>\n<td style=\"vertical-align: top; width: 149px;\">Flame-retardant rating<\/td>\n<td style=\"vertical-align: top; width: 186px;\"><img decoding=\"async\" style=\"height: 20px; width: 20px;\" src=\"https:\/\/www.azur-scenic.com\/wp-content\/uploads\/icon-flag-france.png?1542281963\" \/> M1<br \/>\n<img decoding=\"async\" style=\"height: 20px; width: 20px;\" src=\"https:\/\/www.azur-scenic.com\/wp-content\/uploads\/icon-flag-usa.png\" \/> Pass<\/td>\n<td style=\"vertical-align: top; width: 180px;\">Standard: NF P 92-503-507<br \/>\nStandard: NFPA 701<\/td>\n<\/tr>\n<tr>\n<td style=\"vertical-align: top; width: 149px;\">Composition<\/td>\n<td style=\"vertical-align: top; width: 186px;\">100% PVC<\/td>\n<td style=\"vertical-align: top; width: 180px;\">\u00a0<\/td>\n<\/tr>\n<tr>\n<td style=\"vertical-align: top; width: 149px;\">Roll length<\/td>\n<td style=\"vertical-align: top; width: 186px;\">120 m<\/td>\n<td style=\"vertical-align: top; width: 180px;\">Cut-to-length possible<\/td>\n<\/tr>\n<tr>\n<td style=\"vertical-align: top; width: 149px;\">Elongation at break<\/td>\n<td style=\"vertical-align: top; width: 186px;\">Machine direction: > 160%<br \/>\nTransverse direction: > 160%<\/td>\n<td style=\"vertical-align: top; width: 180px;\">NF EN ISO 527-3<\/td>\n<\/tr>\n<tr>\n<td style=\"vertical-align: top; width: 149px;\">Tensile strength<\/td>\n<td style=\"vertical-align: top; width: 186px;\">Machine direction: > 12 MPa<br \/>\nTransverse direction: > 12 MPa<\/td>\n<td style=\"vertical-align: top; width: 180px;\">NF EN ISO 527-3<\/td>\n<\/tr>\n<\/tbody>\n<\/table>\n","protected":false},"excerpt":{"rendered":"<p>An outstanding <span style=\"color: #f88523;\"><strong>front-projection screen<\/strong><\/span>, in <strong><span style=\"color: #f88523;\">optical white colour<\/span><\/strong>, <span style=\"color: #f88523;\"><strong>M1 flame-retardant rated<\/strong><\/span>, for making all kinds of <span style=\"color: #f88523;\"><strong>front-projection screens<\/strong><\/span> such as <span style=\"color: #f88523;\"><strong>cinema screens<\/strong><\/span>.<br \/>\nDuring manufacture, we ensure a perfectly regular surface to offer you <span style=\"color: #f88523;\"><strong>optimum optical properties<\/strong><\/span>.<br \/>\nWe also ensure <span style=\"color: #f88523;\"><strong>the flattest possible surface<\/strong><\/span>, working in our HF welding workshops <span style=\"color: #f88523;\"><strong>to offer super-thin, super-smooth and virtually-invisible welds<\/strong><\/span> for <span style=\"color: #f88523;\"><strong>suspended screens<\/strong><\/span>, frame-tensioned screens and even <span style=\"color: #f88523;\"><strong>mounted on motorised rollers<\/strong><\/span>.<br \/>\nThis 100% PVC fabric is <span style=\"color: #f88523;\"><strong>washable<\/strong><\/span> and suitable for used both indoors and <span style=\"color: #f88523;\"><strong>outdoors<\/strong><\/span>.<br \/>\nIt also has <span style=\"color: #f88523;\"><strong>sound-insulation<\/strong><\/span> properties.<br \/>\nThis screen is also fully or partially <span style=\"color: #f88523;\"><strong>printable<\/strong><\/span> allowing you to use it in the most imaginative ways possible&#8230;<\/p>\n<p>\u00a0<\/p>\n<table class=\"table\">\n<tbody>\n<tr>\n<td><strong>Width<\/strong>: 230 cm<\/td>\n<td><strong>Weight<\/strong>: 450 g\/m\u00b2<\/td>\n<\/tr>\n<tr>\n<td><strong>Flame-retardant rating<\/strong>: <img decoding=\"async\" style=\"height: 20px; width: 20px;\" src=\"https:\/\/www.azur-scenic.com\/wp-content\/uploads\/icon-flag-france.png?1542281963\" \/> M1 <img decoding=\"async\" style=\"height: 20px; width: 20px;\" src=\"https:\/\/www.azur-scenic.com\/wp-content\/uploads\/icon-flag-usa.png\" \/> Pass<\/td>\n<td><strong>Composition<\/strong>: 100% PVC<\/td>\n<\/tr>\n<\/tbody>\n<\/table>\n","protected":false},"featured_media":16478,"template":"","meta":{"_acf_changed":false},"product_brand":[],"product_cat":[898,1200,1201],"product_tag":[],"class_list":{"0":"post-17779","1":"product","2":"type-product","3":"status-publish","4":"has-post-thumbnail","6":"product_cat-all-products","7":"product_cat-projection-screens-pvc-canvas","8":"product_cat-front-projection-screens","9":"pa_couleurs-002-en","10":"pa_groupes-de-couleurs-white","11":"pa_textiles-suitable-for-outdoors-use","12":"pa_textiles-flame-retardant-rated","13":"pa_textiles-printable","14":"pa_textiles-acoustic-insulation","15":"pa_textiles-washable","16":"pa_textiles-front-projection","18":"first","19":"instock","20":"shipping-taxable","21":"purchasable","22":"product-type-simple"},"acf":[],"yoast_head":"<!-- This site is optimized with the Yoast SEO plugin v27.1.1 - https:\/\/yoast.com\/product\/yoast-seo-wordpress\/ -->\n<title>White front-projection screen - Azur Scenic<\/title>\n<meta name=\"robots\" content=\"index, follow, max-snippet:-1, max-image-preview:large, max-video-preview:-1\" \/>\n<link rel=\"canonical\" href=\"https:\/\/www.azur-scenic.com\/en\/product\/white-front-projection-screen\/\" \/>\n<meta property=\"og:locale\" content=\"en_US\" \/>\n<meta property=\"og:type\" content=\"article\" \/>\n<meta property=\"og:title\" content=\"White front-projection screen - Azur Scenic\" \/>\n<meta property=\"og:description\" content=\"An outstanding front-projection screen, in optical white colour, M1 flame-retardant rated, for making all kinds of front-projection screens such as cinema screens. During manufacture, we ensure a perfectly regular surface to offer you optimum optical properties. We also ensure the flattest possible surface, working in our HF welding workshops to offer super-thin, super-smooth and virtually-invisible welds for suspended screens, frame-tensioned screens and even mounted on motorised rollers. This 100% PVC fabric is washable and suitable for used both indoors and outdoors. It also has sound-insulation properties. This screen is also fully or partially printable allowing you to use it in the most imaginative ways possible... \u00a0  Width: 230 cm Weight: 450 g\/m\u00b2  Flame-retardant rating: M1 Pass Composition: 100% PVC\" \/>\n<meta property=\"og:url\" content=\"https:\/\/www.azur-scenic.com\/en\/product\/white-front-projection-screen\/\" \/>\n<meta property=\"og:site_name\" content=\"Azur Scenic\" \/>\n<meta property=\"article:modified_time\" content=\"2023-08-02T12:53:01+00:00\" \/>\n<meta property=\"og:image\" content=\"https:\/\/www.azur-scenic.com\/wp-content\/uploads\/ECRAN-FRONTAL-BLANC.jpg\" \/>\n\t<meta property=\"og:image:width\" content=\"2026\" \/>\n\t<meta property=\"og:image:height\" content=\"2026\" \/>\n\t<meta property=\"og:image:type\" content=\"image\/jpeg\" \/>\n<meta name=\"twitter:card\" content=\"summary_large_image\" \/>\n<script type=\"application\/ld+json\" class=\"yoast-schema-graph\">{\"@context\":\"https:\/\/schema.org\",\"@graph\":[{\"@type\":\"WebPage\",\"@id\":\"https:\/\/www.azur-scenic.com\/en\/product\/white-front-projection-screen\/\",\"url\":\"https:\/\/www.azur-scenic.com\/en\/product\/white-front-projection-screen\/\",\"name\":\"White front-projection screen - Azur Scenic\",\"isPartOf\":{\"@id\":\"https:\/\/www.azur-scenic.com\/en\/#website\"},\"primaryImageOfPage\":{\"@id\":\"https:\/\/www.azur-scenic.com\/en\/product\/white-front-projection-screen\/#primaryimage\"},\"image\":{\"@id\":\"https:\/\/www.azur-scenic.com\/en\/product\/white-front-projection-screen\/#primaryimage\"},\"thumbnailUrl\":\"https:\/\/www.azur-scenic.com\/wp-content\/uploads\/ECRAN-FRONTAL-BLANC.jpg\",\"datePublished\":\"2022-10-04T07:27:23+00:00\",\"dateModified\":\"2023-08-02T12:53:01+00:00\",\"breadcrumb\":{\"@id\":\"https:\/\/www.azur-scenic.com\/en\/product\/white-front-projection-screen\/#breadcrumb\"},\"inLanguage\":\"en-US\",\"potentialAction\":[{\"@type\":\"ReadAction\",\"target\":[\"https:\/\/www.azur-scenic.com\/en\/product\/white-front-projection-screen\/\"]}]},{\"@type\":\"ImageObject\",\"inLanguage\":\"en-US\",\"@id\":\"https:\/\/www.azur-scenic.com\/en\/product\/white-front-projection-screen\/#primaryimage\",\"url\":\"https:\/\/www.azur-scenic.com\/wp-content\/uploads\/ECRAN-FRONTAL-BLANC.jpg\",\"contentUrl\":\"https:\/\/www.azur-scenic.com\/wp-content\/uploads\/ECRAN-FRONTAL-BLANC.jpg\",\"width\":2026,\"height\":2026,\"caption\":\"ECRAN FRONTAL BLANC\"},{\"@type\":\"BreadcrumbList\",\"@id\":\"https:\/\/www.azur-scenic.com\/en\/product\/white-front-projection-screen\/#breadcrumb\",\"itemListElement\":[{\"@type\":\"ListItem\",\"position\":1,\"name\":\"Accueil\",\"item\":\"https:\/\/www.azur-scenic.com\/en\/\"},{\"@type\":\"ListItem\",\"position\":2,\"name\":\"Produits\",\"item\":\"https:\/\/www.azur-scenic.com\/en\/?page_id=21438\"},{\"@type\":\"ListItem\",\"position\":3,\"name\":\"White front-projection screen\"}]},{\"@type\":\"WebSite\",\"@id\":\"https:\/\/www.azur-scenic.com\/en\/#website\",\"url\":\"https:\/\/www.azur-scenic.com\/en\/\",\"name\":\"Azur Scenic\",\"description\":\"Sp\u00e9cialiste de l\u2019\u00e9quipement sc\u00e9nique et de la d\u00e9coration int\u00e9rieure et \u00e9v\u00e9nementielle !\",\"publisher\":{\"@id\":\"https:\/\/www.azur-scenic.com\/en\/#organization\"},\"potentialAction\":[{\"@type\":\"SearchAction\",\"target\":{\"@type\":\"EntryPoint\",\"urlTemplate\":\"https:\/\/www.azur-scenic.com\/en\/?s={search_term_string}\"},\"query-input\":{\"@type\":\"PropertyValueSpecification\",\"valueRequired\":true,\"valueName\":\"search_term_string\"}}],\"inLanguage\":\"en-US\"},{\"@type\":\"Organization\",\"@id\":\"https:\/\/www.azur-scenic.com\/en\/#organization\",\"name\":\"AZUR SCENIC\",\"url\":\"https:\/\/www.azur-scenic.com\/en\/\",\"logo\":{\"@type\":\"ImageObject\",\"inLanguage\":\"en-US\",\"@id\":\"https:\/\/www.azur-scenic.com\/en\/#\/schema\/logo\/image\/\",\"url\":\"https:\/\/www.azur-scenic.com\/wp-content\/uploads\/2022\/09\/LOGO-AZUR-SCENIC-Fusion-web-236x64-1.jpg\",\"contentUrl\":\"https:\/\/www.azur-scenic.com\/wp-content\/uploads\/2022\/09\/LOGO-AZUR-SCENIC-Fusion-web-236x64-1.jpg\",\"width\":236,\"height\":64,\"caption\":\"AZUR SCENIC\"},\"image\":{\"@id\":\"https:\/\/www.azur-scenic.com\/en\/#\/schema\/logo\/image\/\"},\"sameAs\":[\"https:\/\/www.youtube.com\/channel\/UCPWM2mGPVUt4nYhNlm71WOA\",\"https:\/\/www.linkedin.com\/company\/33237605\/admin\/feed\/posts\/\"]}]}<\/script>\n<!-- \/ Yoast SEO plugin. -->","yoast_head_json":{"title":"White front-projection screen - Azur Scenic","robots":{"index":"index","follow":"follow","max-snippet":"max-snippet:-1","max-image-preview":"max-image-preview:large","max-video-preview":"max-video-preview:-1"},"canonical":"https:\/\/www.azur-scenic.com\/en\/product\/white-front-projection-screen\/","og_locale":"en_US","og_type":"article","og_title":"White front-projection screen - Azur Scenic","og_description":"An outstanding front-projection screen, in optical white colour, M1 flame-retardant rated, for making all kinds of front-projection screens such as cinema screens. During manufacture, we ensure a perfectly regular surface to offer you optimum optical properties. We also ensure the flattest possible surface, working in our HF welding workshops to offer super-thin, super-smooth and virtually-invisible welds for suspended screens, frame-tensioned screens and even mounted on motorised rollers. This 100% PVC fabric is washable and suitable for used both indoors and outdoors. It also has sound-insulation properties. This screen is also fully or partially printable allowing you to use it in the most imaginative ways possible... \u00a0  Width: 230 cm Weight: 450 g\/m\u00b2  Flame-retardant rating: M1 Pass Composition: 100% PVC","og_url":"https:\/\/www.azur-scenic.com\/en\/product\/white-front-projection-screen\/","og_site_name":"Azur Scenic","article_modified_time":"2023-08-02T12:53:01+00:00","og_image":[{"width":2026,"height":2026,"url":"https:\/\/www.azur-scenic.com\/wp-content\/uploads\/ECRAN-FRONTAL-BLANC.jpg","type":"image\/jpeg"}],"twitter_card":"summary_large_image","schema":{"@context":"https:\/\/schema.org","@graph":[{"@type":"WebPage","@id":"https:\/\/www.azur-scenic.com\/en\/product\/white-front-projection-screen\/","url":"https:\/\/www.azur-scenic.com\/en\/product\/white-front-projection-screen\/","name":"White front-projection screen - Azur Scenic","isPartOf":{"@id":"https:\/\/www.azur-scenic.com\/en\/#website"},"primaryImageOfPage":{"@id":"https:\/\/www.azur-scenic.com\/en\/product\/white-front-projection-screen\/#primaryimage"},"image":{"@id":"https:\/\/www.azur-scenic.com\/en\/product\/white-front-projection-screen\/#primaryimage"},"thumbnailUrl":"https:\/\/www.azur-scenic.com\/wp-content\/uploads\/ECRAN-FRONTAL-BLANC.jpg","datePublished":"2022-10-04T07:27:23+00:00","dateModified":"2023-08-02T12:53:01+00:00","breadcrumb":{"@id":"https:\/\/www.azur-scenic.com\/en\/product\/white-front-projection-screen\/#breadcrumb"},"inLanguage":"en-US","potentialAction":[{"@type":"ReadAction","target":["https:\/\/www.azur-scenic.com\/en\/product\/white-front-projection-screen\/"]}]},{"@type":"ImageObject","inLanguage":"en-US","@id":"https:\/\/www.azur-scenic.com\/en\/product\/white-front-projection-screen\/#primaryimage","url":"https:\/\/www.azur-scenic.com\/wp-content\/uploads\/ECRAN-FRONTAL-BLANC.jpg","contentUrl":"https:\/\/www.azur-scenic.com\/wp-content\/uploads\/ECRAN-FRONTAL-BLANC.jpg","width":2026,"height":2026,"caption":"ECRAN FRONTAL BLANC"},{"@type":"BreadcrumbList","@id":"https:\/\/www.azur-scenic.com\/en\/product\/white-front-projection-screen\/#breadcrumb","itemListElement":[{"@type":"ListItem","position":1,"name":"Accueil","item":"https:\/\/www.azur-scenic.com\/en\/"},{"@type":"ListItem","position":2,"name":"Produits","item":"https:\/\/www.azur-scenic.com\/en\/?page_id=21438"},{"@type":"ListItem","position":3,"name":"White front-projection screen"}]},{"@type":"WebSite","@id":"https:\/\/www.azur-scenic.com\/en\/#website","url":"https:\/\/www.azur-scenic.com\/en\/","name":"Azur Scenic","description":"Sp\u00e9cialiste de l\u2019\u00e9quipement sc\u00e9nique et de la d\u00e9coration int\u00e9rieure et \u00e9v\u00e9nementielle !","publisher":{"@id":"https:\/\/www.azur-scenic.com\/en\/#organization"},"potentialAction":[{"@type":"SearchAction","target":{"@type":"EntryPoint","urlTemplate":"https:\/\/www.azur-scenic.com\/en\/?s={search_term_string}"},"query-input":{"@type":"PropertyValueSpecification","valueRequired":true,"valueName":"search_term_string"}}],"inLanguage":"en-US"},{"@type":"Organization","@id":"https:\/\/www.azur-scenic.com\/en\/#organization","name":"AZUR SCENIC","url":"https:\/\/www.azur-scenic.com\/en\/","logo":{"@type":"ImageObject","inLanguage":"en-US","@id":"https:\/\/www.azur-scenic.com\/en\/#\/schema\/logo\/image\/","url":"https:\/\/www.azur-scenic.com\/wp-content\/uploads\/2022\/09\/LOGO-AZUR-SCENIC-Fusion-web-236x64-1.jpg","contentUrl":"https:\/\/www.azur-scenic.com\/wp-content\/uploads\/2022\/09\/LOGO-AZUR-SCENIC-Fusion-web-236x64-1.jpg","width":236,"height":64,"caption":"AZUR SCENIC"},"image":{"@id":"https:\/\/www.azur-scenic.com\/en\/#\/schema\/logo\/image\/"},"sameAs":["https:\/\/www.youtube.com\/channel\/UCPWM2mGPVUt4nYhNlm71WOA","https:\/\/www.linkedin.com\/company\/33237605\/admin\/feed\/posts\/"]}]}},"_links":{"self":[{"href":"https:\/\/www.azur-scenic.com\/en\/wp-json\/wp\/v2\/product\/17779","targetHints":{"allow":["GET"]}}],"collection":[{"href":"https:\/\/www.azur-scenic.com\/en\/wp-json\/wp\/v2\/product"}],"about":[{"href":"https:\/\/www.azur-scenic.com\/en\/wp-json\/wp\/v2\/types\/product"}],"wp:featuredmedia":[{"embeddable":true,"href":"https:\/\/www.azur-scenic.com\/en\/wp-json\/wp\/v2\/media\/16478"}],"wp:attachment":[{"href":"https:\/\/www.azur-scenic.com\/en\/wp-json\/wp\/v2\/media?parent=17779"}],"wp:term":[{"taxonomy":"product_brand","embeddable":true,"href":"https:\/\/www.azur-scenic.com\/en\/wp-json\/wp\/v2\/product_brand?post=17779"},{"taxonomy":"product_cat","embeddable":true,"href":"https:\/\/www.azur-scenic.com\/en\/wp-json\/wp\/v2\/product_cat?post=17779"},{"taxonomy":"product_tag","embeddable":true,"href":"https:\/\/www.azur-scenic.com\/en\/wp-json\/wp\/v2\/product_tag?post=17779"}],"curies":[{"name":"wp","href":"https:\/\/api.w.org\/{rel}","templated":true}]}}