{"id":17822,"date":"2022-10-04T07:27:05","date_gmt":"2022-10-04T07:27:05","guid":{"rendered":"https:\/\/www.azur-scenic.com\/produit\/moquette-costa-brava\/"},"modified":"2023-08-02T12:53:16","modified_gmt":"2023-08-02T12:53:16","slug":"costa-brava-carpet","status":"publish","type":"product","link":"https:\/\/www.azur-scenic.com\/en\/product\/costa-brava-carpet\/","title":{"rendered":"Costa Brava carpet"},"content":{"rendered":"<table style=\"width: 40.101%; height: 384px;\">\n<thead>\n<tr style=\"height: 24px;\">\n<th style=\"width: 170px; height: 24px;\">Technical data<\/th>\n<th style=\"width: 82px; height: 24px;\">Value<\/th>\n<th style=\"width: 277px; height: 24px;\">Notes<\/th>\n<\/tr>\n<\/thead>\n<tbody>\n<tr style=\"height: 144px;\">\n<td style=\"vertical-align: top; height: 144px;\">Width<\/td>\n<td style=\"vertical-align: top; width: 82px; height: 144px;\">200 cm<\/td>\n<td style=\"vertical-align: top; width: 277px; height: 144px;\"><em>Made to order in 400 cm width, minimum order 140 m\u00b2 per colour, please allow extra time for manufacture and delivery (please note: additional delivery charges apply for 4 m widths)<\/em><\/td>\n<\/tr>\n<tr style=\"height: 24px;\">\n<td style=\"vertical-align: top; height: 24px;\">Weight<\/td>\n<td style=\"vertical-align: top; width: 82px; height: 24px;\">620 g\/m\u00b2<\/td>\n<td style=\"vertical-align: top; width: 277px; height: 24px;\">\u00a0<\/td>\n<\/tr>\n<tr style=\"height: 24px;\">\n<td style=\"vertical-align: top; height: 24px;\">Thickness<\/td>\n<td style=\"vertical-align: top; width: 82px; height: 24px;\">2.5 mm<\/td>\n<td style=\"vertical-align: top; width: 277px; height: 24px;\">\u00a0<\/td>\n<\/tr>\n<tr style=\"height: 24px;\">\n<td style=\"vertical-align: top; height: 24px;\">Flame-retardant rating<\/td>\n<td style=\"vertical-align: top; width: 82px; height: 24px;\"><img decoding=\"async\" style=\"height: 20px; width: 20px;\" src=\"https:\/\/www.azur-scenic.com\/wp-content\/uploads\/icon-flag-europe.png\" \/> Bfl -S1<\/td>\n<td style=\"vertical-align: top; width: 277px; height: 24px;\">Standard: EN 13501-1<\/td>\n<\/tr>\n<tr style=\"height: 48px;\">\n<td style=\"vertical-align: top; height: 48px;\">Composition<\/td>\n<td style=\"vertical-align: top; height: 48px;\" colspan=\"2\" rowspan=\"1\">Pile: 100% Polypropylene<br \/>\nUnderlay: Synthetic latex<\/td>\n<\/tr>\n<tr style=\"height: 24px;\">\n<td style=\"vertical-align: top; height: 24px;\">Light fastness<\/td>\n<td style=\"vertical-align: top; width: 82px; height: 24px;\">\u2265 6<\/td>\n<td style=\"vertical-align: top; width: 277px; height: 24px;\">Standard: UNI EN ISO 105B02<\/td>\n<\/tr>\n<tr style=\"height: 72px;\">\n<td style=\"vertical-align: top; height: 72px;\">Roll length<\/td>\n<td style=\"vertical-align: top; width: 82px; height: 72px;\">35 ml<br \/>\n(70 m\u00b2)<\/td>\n<td style=\"vertical-align: top; width: 277px; height: 72px;\">Not available cut-to-length (full lengths only)<\/td>\n<\/tr>\n<\/tbody>\n<\/table>\n","protected":false},"excerpt":{"rendered":"<p>Bring a <strong><span style=\"color: #f88523;\">cabaret atmosphere<\/span><\/strong> to all your events with this <span style=\"color: #f88523;\"><strong>carpet<\/strong><\/span> rated Bfl-S1 <span style=\"color: #f88523;\"><strong>flame-retardant <\/strong><\/span>, and with a dazzling array of tiny <span style=\"color: #f88523;\"><strong>sequins<\/strong><\/span> in assorted colours!<br \/>\nAn essential product for all your Christmas and new year festive events, this thick carpet (620 g\/m\u00b2) offers a hard-wearing layer of sequins while remaining <span style=\"color: #f88523;\"><strong>great-value<\/strong><\/span>.<br \/>\nProduct specially for <span style=\"color: #f88523;\"><strong>events<\/strong><\/span> (receptions, parades, galas&#8230;), this carpet is particularly appreciated for one-shot use.<\/p>\n<table class=\"table\">\n<tbody>\n<tr>\n<td><strong>Width<\/strong>: 200 cm<\/td>\n<td><strong>Weight<\/strong>: 620 g\/m\u00b2<\/td>\n<\/tr>\n<tr>\n<td><strong>Flame-retardant rating<\/strong>: <img decoding=\"async\" style=\"height: 20px; width: 20px;\" src=\"https:\/\/www.azur-scenic.com\/wp-content\/uploads\/icon-flag-europe.png\" \/> Bfl -S1<\/td>\n<td><strong>Composition<\/strong>:<br \/>\nPile: 100% Polypropylene<br \/>\nUnderlay: Synthetic latex<\/td>\n<\/tr>\n<\/tbody>\n<\/table>\n","protected":false},"featured_media":15253,"template":"","meta":{"_acf_changed":false},"product_brand":[],"product_cat":[898,1353,1104,1385],"product_tag":[],"class_list":{"0":"post-17822","1":"product","2":"type-product","3":"status-publish","4":"has-post-thumbnail","6":"product_cat-all-products","7":"product_cat-metallic-fabrics","8":"product_cat-floor-coverings-dance-flooring","9":"product_cat-exhibition-carpet-mats","10":"pa_couleurs-002-090-en","11":"pa_couleurs-002-092-en","12":"pa_couleurs-002-095-en","13":"pa_couleurs-003-090-en","14":"pa_couleurs-003-099-en","15":"pa_couleurs-092-092-en","16":"pa_couleurs-120-090-en","17":"pa_couleurs-270-092-en","18":"pa_couleurs-760-700-en","19":"pa_groupes-de-couleurs-white","20":"pa_groupes-de-couleurs-blue","21":"pa_groupes-de-couleurs-greys","22":"pa_groupes-de-couleurs-yellow","23":"pa_groupes-de-couleurs-black","24":"pa_groupes-de-couleurs-red","25":"pa_textiles-gloss-lacquered-and-metallic","26":"pa_textiles-flame-retardant-rated","27":"pa_textiles-great-value","29":"first","30":"instock","31":"shipping-taxable","32":"purchasable","33":"product-type-variable"},"acf":[],"yoast_head":"<!-- This site is optimized with the Yoast SEO plugin v27.3 - https:\/\/yoast.com\/product\/yoast-seo-wordpress\/ -->\n<title>Costa Brava carpet - Azur Scenic<\/title>\n<meta name=\"robots\" content=\"index, follow, max-snippet:-1, max-image-preview:large, max-video-preview:-1\" \/>\n<link rel=\"canonical\" href=\"https:\/\/www.azur-scenic.com\/en\/product\/costa-brava-carpet\/\" \/>\n<meta property=\"og:locale\" content=\"en_US\" \/>\n<meta property=\"og:type\" content=\"article\" \/>\n<meta property=\"og:title\" content=\"Costa Brava carpet - Azur Scenic\" \/>\n<meta property=\"og:description\" content=\"Bring a cabaret atmosphere to all your events with this carpet rated Bfl-S1 flame-retardant , and with a dazzling array of tiny sequins in assorted colours! An essential product for all your Christmas and new year festive events, this thick carpet (620 g\/m\u00b2) offers a hard-wearing layer of sequins while remaining great-value. Product specially for events (receptions, parades, galas...), this carpet is particularly appreciated for one-shot use.  Width: 200 cm Weight: 620 g\/m\u00b2  Flame-retardant rating: Bfl -S1 Composition: Pile: 100% Polypropylene Underlay: Synthetic latex\" \/>\n<meta property=\"og:url\" content=\"https:\/\/www.azur-scenic.com\/en\/product\/costa-brava-carpet\/\" \/>\n<meta property=\"og:site_name\" content=\"Azur Scenic\" \/>\n<meta property=\"article:modified_time\" content=\"2023-08-02T12:53:16+00:00\" \/>\n<meta property=\"og:image\" content=\"https:\/\/www.azur-scenic.com\/wp-content\/uploads\/COSTA-BRAVA-OR-scaled.jpg\" \/>\n\t<meta property=\"og:image:width\" content=\"2560\" \/>\n\t<meta property=\"og:image:height\" content=\"2560\" \/>\n\t<meta property=\"og:image:type\" content=\"image\/jpeg\" \/>\n<meta name=\"twitter:card\" content=\"summary_large_image\" \/>\n<script type=\"application\/ld+json\" class=\"yoast-schema-graph\">{\"@context\":\"https:\\\/\\\/schema.org\",\"@graph\":[{\"@type\":\"WebPage\",\"@id\":\"https:\\\/\\\/www.azur-scenic.com\\\/en\\\/product\\\/costa-brava-carpet\\\/\",\"url\":\"https:\\\/\\\/www.azur-scenic.com\\\/en\\\/product\\\/costa-brava-carpet\\\/\",\"name\":\"Costa Brava carpet - Azur Scenic\",\"isPartOf\":{\"@id\":\"https:\\\/\\\/www.azur-scenic.com\\\/en\\\/#website\"},\"primaryImageOfPage\":{\"@id\":\"https:\\\/\\\/www.azur-scenic.com\\\/en\\\/product\\\/costa-brava-carpet\\\/#primaryimage\"},\"image\":{\"@id\":\"https:\\\/\\\/www.azur-scenic.com\\\/en\\\/product\\\/costa-brava-carpet\\\/#primaryimage\"},\"thumbnailUrl\":\"https:\\\/\\\/www.azur-scenic.com\\\/wp-content\\\/uploads\\\/COSTA-BRAVA-OR-scaled.jpg\",\"datePublished\":\"2022-10-04T07:27:05+00:00\",\"dateModified\":\"2023-08-02T12:53:16+00:00\",\"breadcrumb\":{\"@id\":\"https:\\\/\\\/www.azur-scenic.com\\\/en\\\/product\\\/costa-brava-carpet\\\/#breadcrumb\"},\"inLanguage\":\"en-US\",\"potentialAction\":[{\"@type\":\"ReadAction\",\"target\":[\"https:\\\/\\\/www.azur-scenic.com\\\/en\\\/product\\\/costa-brava-carpet\\\/\"]}]},{\"@type\":\"ImageObject\",\"inLanguage\":\"en-US\",\"@id\":\"https:\\\/\\\/www.azur-scenic.com\\\/en\\\/product\\\/costa-brava-carpet\\\/#primaryimage\",\"url\":\"https:\\\/\\\/www.azur-scenic.com\\\/wp-content\\\/uploads\\\/COSTA-BRAVA-OR-scaled.jpg\",\"contentUrl\":\"https:\\\/\\\/www.azur-scenic.com\\\/wp-content\\\/uploads\\\/COSTA-BRAVA-OR-scaled.jpg\",\"width\":2560,\"height\":2560,\"caption\":\"COSTA BRAVA OR\"},{\"@type\":\"BreadcrumbList\",\"@id\":\"https:\\\/\\\/www.azur-scenic.com\\\/en\\\/product\\\/costa-brava-carpet\\\/#breadcrumb\",\"itemListElement\":[{\"@type\":\"ListItem\",\"position\":1,\"name\":\"Accueil\",\"item\":\"https:\\\/\\\/www.azur-scenic.com\\\/en\\\/\"},{\"@type\":\"ListItem\",\"position\":2,\"name\":\"Produits\",\"item\":\"https:\\\/\\\/www.azur-scenic.com\\\/en\\\/?page_id=21438\"},{\"@type\":\"ListItem\",\"position\":3,\"name\":\"Costa Brava carpet\"}]},{\"@type\":\"WebSite\",\"@id\":\"https:\\\/\\\/www.azur-scenic.com\\\/en\\\/#website\",\"url\":\"https:\\\/\\\/www.azur-scenic.com\\\/en\\\/\",\"name\":\"Azur Scenic\",\"description\":\"Sp\u00e9cialiste de l\u2019\u00e9quipement sc\u00e9nique et de la d\u00e9coration int\u00e9rieure et \u00e9v\u00e9nementielle !\",\"publisher\":{\"@id\":\"https:\\\/\\\/www.azur-scenic.com\\\/en\\\/#organization\"},\"potentialAction\":[{\"@type\":\"SearchAction\",\"target\":{\"@type\":\"EntryPoint\",\"urlTemplate\":\"https:\\\/\\\/www.azur-scenic.com\\\/en\\\/?s={search_term_string}\"},\"query-input\":{\"@type\":\"PropertyValueSpecification\",\"valueRequired\":true,\"valueName\":\"search_term_string\"}}],\"inLanguage\":\"en-US\"},{\"@type\":\"Organization\",\"@id\":\"https:\\\/\\\/www.azur-scenic.com\\\/en\\\/#organization\",\"name\":\"AZUR SCENIC\",\"url\":\"https:\\\/\\\/www.azur-scenic.com\\\/en\\\/\",\"logo\":{\"@type\":\"ImageObject\",\"inLanguage\":\"en-US\",\"@id\":\"https:\\\/\\\/www.azur-scenic.com\\\/en\\\/#\\\/schema\\\/logo\\\/image\\\/\",\"url\":\"https:\\\/\\\/www.azur-scenic.com\\\/wp-content\\\/uploads\\\/2022\\\/09\\\/LOGO-AZUR-SCENIC-Fusion-web-236x64-1.jpg\",\"contentUrl\":\"https:\\\/\\\/www.azur-scenic.com\\\/wp-content\\\/uploads\\\/2022\\\/09\\\/LOGO-AZUR-SCENIC-Fusion-web-236x64-1.jpg\",\"width\":236,\"height\":64,\"caption\":\"AZUR SCENIC\"},\"image\":{\"@id\":\"https:\\\/\\\/www.azur-scenic.com\\\/en\\\/#\\\/schema\\\/logo\\\/image\\\/\"},\"sameAs\":[\"https:\\\/\\\/www.youtube.com\\\/channel\\\/UCPWM2mGPVUt4nYhNlm71WOA\",\"https:\\\/\\\/www.linkedin.com\\\/company\\\/33237605\\\/admin\\\/feed\\\/posts\\\/\"]}]}<\/script>\n<!-- \/ Yoast SEO plugin. -->","yoast_head_json":{"title":"Costa Brava carpet - Azur Scenic","robots":{"index":"index","follow":"follow","max-snippet":"max-snippet:-1","max-image-preview":"max-image-preview:large","max-video-preview":"max-video-preview:-1"},"canonical":"https:\/\/www.azur-scenic.com\/en\/product\/costa-brava-carpet\/","og_locale":"en_US","og_type":"article","og_title":"Costa Brava carpet - Azur Scenic","og_description":"Bring a cabaret atmosphere to all your events with this carpet rated Bfl-S1 flame-retardant , and with a dazzling array of tiny sequins in assorted colours! An essential product for all your Christmas and new year festive events, this thick carpet (620 g\/m\u00b2) offers a hard-wearing layer of sequins while remaining great-value. Product specially for events (receptions, parades, galas...), this carpet is particularly appreciated for one-shot use.  Width: 200 cm Weight: 620 g\/m\u00b2  Flame-retardant rating: Bfl -S1 Composition: Pile: 100% Polypropylene Underlay: Synthetic latex","og_url":"https:\/\/www.azur-scenic.com\/en\/product\/costa-brava-carpet\/","og_site_name":"Azur Scenic","article_modified_time":"2023-08-02T12:53:16+00:00","og_image":[{"width":2560,"height":2560,"url":"https:\/\/www.azur-scenic.com\/wp-content\/uploads\/COSTA-BRAVA-OR-scaled.jpg","type":"image\/jpeg"}],"twitter_card":"summary_large_image","schema":{"@context":"https:\/\/schema.org","@graph":[{"@type":"WebPage","@id":"https:\/\/www.azur-scenic.com\/en\/product\/costa-brava-carpet\/","url":"https:\/\/www.azur-scenic.com\/en\/product\/costa-brava-carpet\/","name":"Costa Brava carpet - Azur Scenic","isPartOf":{"@id":"https:\/\/www.azur-scenic.com\/en\/#website"},"primaryImageOfPage":{"@id":"https:\/\/www.azur-scenic.com\/en\/product\/costa-brava-carpet\/#primaryimage"},"image":{"@id":"https:\/\/www.azur-scenic.com\/en\/product\/costa-brava-carpet\/#primaryimage"},"thumbnailUrl":"https:\/\/www.azur-scenic.com\/wp-content\/uploads\/COSTA-BRAVA-OR-scaled.jpg","datePublished":"2022-10-04T07:27:05+00:00","dateModified":"2023-08-02T12:53:16+00:00","breadcrumb":{"@id":"https:\/\/www.azur-scenic.com\/en\/product\/costa-brava-carpet\/#breadcrumb"},"inLanguage":"en-US","potentialAction":[{"@type":"ReadAction","target":["https:\/\/www.azur-scenic.com\/en\/product\/costa-brava-carpet\/"]}]},{"@type":"ImageObject","inLanguage":"en-US","@id":"https:\/\/www.azur-scenic.com\/en\/product\/costa-brava-carpet\/#primaryimage","url":"https:\/\/www.azur-scenic.com\/wp-content\/uploads\/COSTA-BRAVA-OR-scaled.jpg","contentUrl":"https:\/\/www.azur-scenic.com\/wp-content\/uploads\/COSTA-BRAVA-OR-scaled.jpg","width":2560,"height":2560,"caption":"COSTA BRAVA OR"},{"@type":"BreadcrumbList","@id":"https:\/\/www.azur-scenic.com\/en\/product\/costa-brava-carpet\/#breadcrumb","itemListElement":[{"@type":"ListItem","position":1,"name":"Accueil","item":"https:\/\/www.azur-scenic.com\/en\/"},{"@type":"ListItem","position":2,"name":"Produits","item":"https:\/\/www.azur-scenic.com\/en\/?page_id=21438"},{"@type":"ListItem","position":3,"name":"Costa Brava carpet"}]},{"@type":"WebSite","@id":"https:\/\/www.azur-scenic.com\/en\/#website","url":"https:\/\/www.azur-scenic.com\/en\/","name":"Azur Scenic","description":"Sp\u00e9cialiste de l\u2019\u00e9quipement sc\u00e9nique et de la d\u00e9coration int\u00e9rieure et \u00e9v\u00e9nementielle !","publisher":{"@id":"https:\/\/www.azur-scenic.com\/en\/#organization"},"potentialAction":[{"@type":"SearchAction","target":{"@type":"EntryPoint","urlTemplate":"https:\/\/www.azur-scenic.com\/en\/?s={search_term_string}"},"query-input":{"@type":"PropertyValueSpecification","valueRequired":true,"valueName":"search_term_string"}}],"inLanguage":"en-US"},{"@type":"Organization","@id":"https:\/\/www.azur-scenic.com\/en\/#organization","name":"AZUR SCENIC","url":"https:\/\/www.azur-scenic.com\/en\/","logo":{"@type":"ImageObject","inLanguage":"en-US","@id":"https:\/\/www.azur-scenic.com\/en\/#\/schema\/logo\/image\/","url":"https:\/\/www.azur-scenic.com\/wp-content\/uploads\/2022\/09\/LOGO-AZUR-SCENIC-Fusion-web-236x64-1.jpg","contentUrl":"https:\/\/www.azur-scenic.com\/wp-content\/uploads\/2022\/09\/LOGO-AZUR-SCENIC-Fusion-web-236x64-1.jpg","width":236,"height":64,"caption":"AZUR SCENIC"},"image":{"@id":"https:\/\/www.azur-scenic.com\/en\/#\/schema\/logo\/image\/"},"sameAs":["https:\/\/www.youtube.com\/channel\/UCPWM2mGPVUt4nYhNlm71WOA","https:\/\/www.linkedin.com\/company\/33237605\/admin\/feed\/posts\/"]}]}},"_links":{"self":[{"href":"https:\/\/www.azur-scenic.com\/en\/wp-json\/wp\/v2\/product\/17822","targetHints":{"allow":["GET"]}}],"collection":[{"href":"https:\/\/www.azur-scenic.com\/en\/wp-json\/wp\/v2\/product"}],"about":[{"href":"https:\/\/www.azur-scenic.com\/en\/wp-json\/wp\/v2\/types\/product"}],"wp:featuredmedia":[{"embeddable":true,"href":"https:\/\/www.azur-scenic.com\/en\/wp-json\/wp\/v2\/media\/15253"}],"wp:attachment":[{"href":"https:\/\/www.azur-scenic.com\/en\/wp-json\/wp\/v2\/media?parent=17822"}],"wp:term":[{"taxonomy":"product_brand","embeddable":true,"href":"https:\/\/www.azur-scenic.com\/en\/wp-json\/wp\/v2\/product_brand?post=17822"},{"taxonomy":"product_cat","embeddable":true,"href":"https:\/\/www.azur-scenic.com\/en\/wp-json\/wp\/v2\/product_cat?post=17822"},{"taxonomy":"product_tag","embeddable":true,"href":"https:\/\/www.azur-scenic.com\/en\/wp-json\/wp\/v2\/product_tag?post=17822"}],"curies":[{"name":"wp","href":"https:\/\/api.w.org\/{rel}","templated":true}]}}