{"id":17856,"date":"2022-10-04T07:27:01","date_gmt":"2022-10-04T07:27:01","guid":{"rendered":"https:\/\/www.azur-scenic.com\/produit\/cristal-non-classe-feu\/"},"modified":"2023-08-02T12:53:22","modified_gmt":"2023-08-02T12:53:22","slug":"cristal-not-flame-retardant-rated","status":"publish","type":"product","link":"https:\/\/www.azur-scenic.com\/en\/product\/cristal-not-flame-retardant-rated\/","title":{"rendered":"Cristal (not flame-retardant rated)"},"content":{"rendered":"<table>\n<thead>\n<tr>\n<th style=\"width: 170px;\">Technical data<\/th>\n<th style=\"width: 122px;\">Value<\/th>\n<th style=\"width: 236px;\">Notes<\/th>\n<\/tr>\n<\/thead>\n<tbody>\n<tr>\n<td style=\"vertical-align: top;\">Width<\/td>\n<td style=\"vertical-align: top; width: 122px;\">140 cm<\/td>\n<td style=\"vertical-align: top; width: 236px;\">\u00a0<\/td>\n<\/tr>\n<tr>\n<td style=\"vertical-align: top;\">Weight<\/td>\n<td style=\"vertical-align: top; width: 122px;\">370 g\/m\u00b2<\/td>\n<td style=\"vertical-align: top; width: 236px;\"><em>Other grammages available to order from 620 to 1240 g\/m\u00b2 <\/em><\/td>\n<\/tr>\n<tr>\n<td style=\"vertical-align: top;\">Thickness<\/td>\n<td style=\"vertical-align: top; width: 122px;\">0.3 mm<\/td>\n<td style=\"vertical-align: top; width: 236px;\"><em>Other thicknesses available to order from 0.5 to 1 mm <\/em><\/td>\n<\/tr>\n<tr>\n<td style=\"vertical-align: top;\">Flame-retardant rating<\/td>\n<td style=\"vertical-align: top; width: 122px;\">Without<\/td>\n<td style=\"vertical-align: top; width: 236px;\"><em>For the M2 flame-retardant rated version, please contact your sales team member<\/em><br \/>\n<em>for our other Cristal products<\/em><\/td>\n<\/tr>\n<tr>\n<td style=\"vertical-align: top;\">Supplied in<\/td>\n<td style=\"vertical-align: top; width: 122px;\">65 m<br \/>\nRolled full-width<br \/>\n\u00b1 34 kg\/pce<\/td>\n<td style=\"vertical-align: top; width: 236px;\">Cut-to-length possible for 30\/100ths thickness<br \/>\n<em>Available in whole length only for other\u00a0<\/em><em>weights (meterage of lengths varies according to thickness)<\/em><\/td>\n<\/tr>\n<tr>\n<td style=\"vertical-align: top;\">Flexibility (grade)<\/td>\n<td style=\"vertical-align: top; width: 122px;\">3S<\/td>\n<td style=\"vertical-align: top; width: 236px;\">\u00a0<\/td>\n<\/tr>\n<tr>\n<td style=\"vertical-align: top;\">Lightness<\/td>\n<td style=\"vertical-align: top; width: 122px;\">88.7%<\/td>\n<td style=\"vertical-align: top; width: 236px;\">\u00a0<\/td>\n<\/tr>\n<tr>\n<td style=\"vertical-align: top;\">Tear-resistance<\/td>\n<td style=\"vertical-align: top; width: 122px;\" colspan=\"2\" rowspan=\"1\">Width: 21.2 N<br \/>\nLength: 19.8 N<\/td>\n<\/tr>\n<tr>\n<td style=\"vertical-align: top;\">Breaking strain<\/td>\n<td style=\"vertical-align: top; width: 122px;\" colspan=\"2\" rowspan=\"1\">Width: 25.6 MPa<br \/>\nLength: 29.3 MPa<\/td>\n<\/tr>\n<tr>\n<td style=\"vertical-align: top;\">Elongation at break<\/td>\n<td style=\"vertical-align: top; width: 122px;\" colspan=\"2\" rowspan=\"1\">Width: 350%<br \/>\nLength: 320%<\/td>\n<\/tr>\n<tr>\n<td style=\"vertical-align: top;\">Low-temperature resistance<\/td>\n<td style=\"vertical-align: top; width: 122px;\" colspan=\"2\" rowspan=\"1\">-40\u00b0C<\/td>\n<\/tr>\n<tr>\n<td style=\"vertical-align: top;\">Shrinkage<br \/>\n(80\u00b0C &#8211; 10 min)<\/td>\n<td style=\"vertical-align: top; width: 122px;\" colspan=\"2\" rowspan=\"1\">Width: 0.7%<br \/>\nLength: 2.2%<\/td>\n<\/tr>\n<\/tbody>\n<\/table>\n","protected":false},"excerpt":{"rendered":"<p><strong><span style=\"color: #0bace4;\">The more affordable, non-flame-retardant rated version of Cristal.<\/span><\/strong><\/p>\n<p>A <strong><span style=\"color: #f88523;\">flexible film<\/span><\/strong> in <span style=\"color: #f88523;\"><strong>transparent PVC<\/strong><\/span> with subtle blue reflections and available in different thicknesses (0.3 mm standard, and 0.5 to 1 mm to order).<br \/>\nWe make this tarpaulin product in our own workshops to allow even the most oversize projects, with a range of options for assembly and finishes, using <strong><span style=\"color: #f88523;\">HF welding<\/span><\/strong> technology.<br \/>\nThis <span style=\"color: #f88523;\"><strong>incredibly hard-wearing<\/strong><\/span> tarpaulin is <strong><span style=\"color: #f88523;\">waterproof<\/span><\/strong>, and <span style=\"color: #f88523;\"><strong>UV-resistant treated<\/strong><\/span> making it <span style=\"color: #f88523;\"><strong>easy<\/strong><\/span>&#8211;<strong><span style=\"color: #f88523;\">care<\/span><\/strong> and suitable for use <span style=\"color: #f88523;\"><strong>outdoors<\/strong><\/span>.<br \/>\nIt also has <strong><span style=\"color: #f88523;\">sound-insulation<\/span><\/strong> properties.<br \/>\nThis PVC film is suitable for a range of uses such as marking tents and big tops, and more&#8230;<br \/>\nDare to go off-piste! Control the transparency of the crystal and let your creativity speak by using it as an innovative<span style=\"color: #f88523;\"><strong>surface for front-projection<\/strong><\/span> or <span style=\"color: #f88523;\"><strong>rear-projection<\/strong><\/span> that\u2019s both <span style=\"color: #f88523;\"><strong> original and inconspicuous<\/strong><\/span>!<\/p>\n<p>\u00a0<\/p>\n<p>\u00a0<\/p>\n<table class=\"table\">\n<tbody>\n<tr>\n<td style=\"width: 144px;\"><strong>Width<\/strong>: 140 cm<\/td>\n<td style=\"width: 277px;\"><strong>Weight<\/strong>: 370 g\/m\u00b2<\/td>\n<\/tr>\n<tr>\n<td style=\"width: 144px;\"><strong>Flame-retardant rating<\/strong>: Without<\/td>\n<td style=\"width: 277px;\"><strong>Composition<\/strong>: 100% PVC<\/td>\n<\/tr>\n<\/tbody>\n<\/table>\n<p>\u00a0<\/p>\n<p>\u00a0<\/p>\n","protected":false},"featured_media":16490,"template":"","meta":{"_acf_changed":false},"product_brand":[],"product_cat":[898,1200,1234],"product_tag":[],"class_list":{"0":"post-17856","1":"product","2":"type-product","3":"status-publish","4":"has-post-thumbnail","6":"product_cat-all-products","7":"product_cat-projection-screens-pvc-canvas","8":"product_cat-miscellaneous-pvc","9":"pa_couleurs-000-en","10":"pa_groupes-de-couleurs-mixed","11":"pa_textiles-suitable-for-outdoors-use","12":"pa_textiles-acoustic-insulation","13":"pa_textiles-washable","14":"pa_textiles-front-projection","15":"pa_textiles-uv-resistant","16":"pa_textiles-rear-projection","17":"pa_textiles-transparent-and-translucent","19":"first","20":"instock","21":"shipping-taxable","22":"purchasable","23":"product-type-simple"},"acf":[],"yoast_head":"<!-- This site is optimized with the Yoast SEO plugin v27.3 - https:\/\/yoast.com\/product\/yoast-seo-wordpress\/ -->\n<title>Cristal (not flame-retardant rated) - Azur Scenic<\/title>\n<meta name=\"robots\" content=\"index, follow, max-snippet:-1, max-image-preview:large, max-video-preview:-1\" \/>\n<link rel=\"canonical\" href=\"https:\/\/www.azur-scenic.com\/en\/product\/cristal-not-flame-retardant-rated\/\" \/>\n<meta property=\"og:locale\" content=\"en_US\" \/>\n<meta property=\"og:type\" content=\"article\" \/>\n<meta property=\"og:title\" content=\"Cristal (not flame-retardant rated) - Azur Scenic\" \/>\n<meta property=\"og:description\" content=\"The more affordable, non-flame-retardant rated version of Cristal. A flexible film in transparent PVC with subtle blue reflections and available in different thicknesses (0.3 mm standard, and 0.5 to 1 mm to order). We make this tarpaulin product in our own workshops to allow even the most oversize projects, with a range of options for assembly and finishes, using HF welding technology. This incredibly hard-wearing tarpaulin is waterproof, and UV-resistant treated making it easy-care and suitable for use outdoors. It also has sound-insulation properties. This PVC film is suitable for a range of uses such as marking tents and big tops, and more... Dare to go off-piste! Control the transparency of the crystal and let your creativity speak by using it as an innovativesurface for front-projection or rear-projection that\u2019s both original and inconspicuous! \u00a0 \u00a0  Width: 140 cm Weight: 370 g\/m\u00b2  Flame-retardant rating: Without Composition: 100% PVC  \u00a0 \u00a0\" \/>\n<meta property=\"og:url\" content=\"https:\/\/www.azur-scenic.com\/en\/product\/cristal-not-flame-retardant-rated\/\" \/>\n<meta property=\"og:site_name\" content=\"Azur Scenic\" \/>\n<meta property=\"article:modified_time\" content=\"2023-08-02T12:53:22+00:00\" \/>\n<meta property=\"og:image\" content=\"https:\/\/www.azur-scenic.com\/wp-content\/uploads\/CRISTAL.jpg\" \/>\n\t<meta property=\"og:image:width\" content=\"1963\" \/>\n\t<meta property=\"og:image:height\" content=\"1963\" \/>\n\t<meta property=\"og:image:type\" content=\"image\/jpeg\" \/>\n<meta name=\"twitter:card\" content=\"summary_large_image\" \/>\n<meta name=\"twitter:label1\" content=\"Est. reading time\" \/>\n\t<meta name=\"twitter:data1\" content=\"1 minute\" \/>\n<script type=\"application\/ld+json\" class=\"yoast-schema-graph\">{\"@context\":\"https:\\\/\\\/schema.org\",\"@graph\":[{\"@type\":\"WebPage\",\"@id\":\"https:\\\/\\\/www.azur-scenic.com\\\/en\\\/product\\\/cristal-not-flame-retardant-rated\\\/\",\"url\":\"https:\\\/\\\/www.azur-scenic.com\\\/en\\\/product\\\/cristal-not-flame-retardant-rated\\\/\",\"name\":\"Cristal (not flame-retardant rated) - Azur Scenic\",\"isPartOf\":{\"@id\":\"https:\\\/\\\/www.azur-scenic.com\\\/en\\\/#website\"},\"primaryImageOfPage\":{\"@id\":\"https:\\\/\\\/www.azur-scenic.com\\\/en\\\/product\\\/cristal-not-flame-retardant-rated\\\/#primaryimage\"},\"image\":{\"@id\":\"https:\\\/\\\/www.azur-scenic.com\\\/en\\\/product\\\/cristal-not-flame-retardant-rated\\\/#primaryimage\"},\"thumbnailUrl\":\"https:\\\/\\\/www.azur-scenic.com\\\/wp-content\\\/uploads\\\/CRISTAL.jpg\",\"datePublished\":\"2022-10-04T07:27:01+00:00\",\"dateModified\":\"2023-08-02T12:53:22+00:00\",\"breadcrumb\":{\"@id\":\"https:\\\/\\\/www.azur-scenic.com\\\/en\\\/product\\\/cristal-not-flame-retardant-rated\\\/#breadcrumb\"},\"inLanguage\":\"en-US\",\"potentialAction\":[{\"@type\":\"ReadAction\",\"target\":[\"https:\\\/\\\/www.azur-scenic.com\\\/en\\\/product\\\/cristal-not-flame-retardant-rated\\\/\"]}]},{\"@type\":\"ImageObject\",\"inLanguage\":\"en-US\",\"@id\":\"https:\\\/\\\/www.azur-scenic.com\\\/en\\\/product\\\/cristal-not-flame-retardant-rated\\\/#primaryimage\",\"url\":\"https:\\\/\\\/www.azur-scenic.com\\\/wp-content\\\/uploads\\\/CRISTAL.jpg\",\"contentUrl\":\"https:\\\/\\\/www.azur-scenic.com\\\/wp-content\\\/uploads\\\/CRISTAL.jpg\",\"width\":1963,\"height\":1963,\"caption\":\"CRISTAL\"},{\"@type\":\"BreadcrumbList\",\"@id\":\"https:\\\/\\\/www.azur-scenic.com\\\/en\\\/product\\\/cristal-not-flame-retardant-rated\\\/#breadcrumb\",\"itemListElement\":[{\"@type\":\"ListItem\",\"position\":1,\"name\":\"Accueil\",\"item\":\"https:\\\/\\\/www.azur-scenic.com\\\/en\\\/\"},{\"@type\":\"ListItem\",\"position\":2,\"name\":\"Produits\",\"item\":\"https:\\\/\\\/www.azur-scenic.com\\\/en\\\/?page_id=21438\"},{\"@type\":\"ListItem\",\"position\":3,\"name\":\"Cristal (not flame-retardant rated)\"}]},{\"@type\":\"WebSite\",\"@id\":\"https:\\\/\\\/www.azur-scenic.com\\\/en\\\/#website\",\"url\":\"https:\\\/\\\/www.azur-scenic.com\\\/en\\\/\",\"name\":\"Azur Scenic\",\"description\":\"Sp\u00e9cialiste de l\u2019\u00e9quipement sc\u00e9nique et de la d\u00e9coration int\u00e9rieure et \u00e9v\u00e9nementielle !\",\"publisher\":{\"@id\":\"https:\\\/\\\/www.azur-scenic.com\\\/en\\\/#organization\"},\"potentialAction\":[{\"@type\":\"SearchAction\",\"target\":{\"@type\":\"EntryPoint\",\"urlTemplate\":\"https:\\\/\\\/www.azur-scenic.com\\\/en\\\/?s={search_term_string}\"},\"query-input\":{\"@type\":\"PropertyValueSpecification\",\"valueRequired\":true,\"valueName\":\"search_term_string\"}}],\"inLanguage\":\"en-US\"},{\"@type\":\"Organization\",\"@id\":\"https:\\\/\\\/www.azur-scenic.com\\\/en\\\/#organization\",\"name\":\"AZUR SCENIC\",\"url\":\"https:\\\/\\\/www.azur-scenic.com\\\/en\\\/\",\"logo\":{\"@type\":\"ImageObject\",\"inLanguage\":\"en-US\",\"@id\":\"https:\\\/\\\/www.azur-scenic.com\\\/en\\\/#\\\/schema\\\/logo\\\/image\\\/\",\"url\":\"https:\\\/\\\/www.azur-scenic.com\\\/wp-content\\\/uploads\\\/2022\\\/09\\\/LOGO-AZUR-SCENIC-Fusion-web-236x64-1.jpg\",\"contentUrl\":\"https:\\\/\\\/www.azur-scenic.com\\\/wp-content\\\/uploads\\\/2022\\\/09\\\/LOGO-AZUR-SCENIC-Fusion-web-236x64-1.jpg\",\"width\":236,\"height\":64,\"caption\":\"AZUR SCENIC\"},\"image\":{\"@id\":\"https:\\\/\\\/www.azur-scenic.com\\\/en\\\/#\\\/schema\\\/logo\\\/image\\\/\"},\"sameAs\":[\"https:\\\/\\\/www.youtube.com\\\/channel\\\/UCPWM2mGPVUt4nYhNlm71WOA\",\"https:\\\/\\\/www.linkedin.com\\\/company\\\/33237605\\\/admin\\\/feed\\\/posts\\\/\"]}]}<\/script>\n<!-- \/ Yoast SEO plugin. -->","yoast_head_json":{"title":"Cristal (not flame-retardant rated) - Azur Scenic","robots":{"index":"index","follow":"follow","max-snippet":"max-snippet:-1","max-image-preview":"max-image-preview:large","max-video-preview":"max-video-preview:-1"},"canonical":"https:\/\/www.azur-scenic.com\/en\/product\/cristal-not-flame-retardant-rated\/","og_locale":"en_US","og_type":"article","og_title":"Cristal (not flame-retardant rated) - Azur Scenic","og_description":"The more affordable, non-flame-retardant rated version of Cristal. A flexible film in transparent PVC with subtle blue reflections and available in different thicknesses (0.3 mm standard, and 0.5 to 1 mm to order). We make this tarpaulin product in our own workshops to allow even the most oversize projects, with a range of options for assembly and finishes, using HF welding technology. This incredibly hard-wearing tarpaulin is waterproof, and UV-resistant treated making it easy-care and suitable for use outdoors. It also has sound-insulation properties. This PVC film is suitable for a range of uses such as marking tents and big tops, and more... Dare to go off-piste! Control the transparency of the crystal and let your creativity speak by using it as an innovativesurface for front-projection or rear-projection that\u2019s both original and inconspicuous! \u00a0 \u00a0  Width: 140 cm Weight: 370 g\/m\u00b2  Flame-retardant rating: Without Composition: 100% PVC  \u00a0 \u00a0","og_url":"https:\/\/www.azur-scenic.com\/en\/product\/cristal-not-flame-retardant-rated\/","og_site_name":"Azur Scenic","article_modified_time":"2023-08-02T12:53:22+00:00","og_image":[{"width":1963,"height":1963,"url":"https:\/\/www.azur-scenic.com\/wp-content\/uploads\/CRISTAL.jpg","type":"image\/jpeg"}],"twitter_card":"summary_large_image","twitter_misc":{"Est. reading time":"1 minute"},"schema":{"@context":"https:\/\/schema.org","@graph":[{"@type":"WebPage","@id":"https:\/\/www.azur-scenic.com\/en\/product\/cristal-not-flame-retardant-rated\/","url":"https:\/\/www.azur-scenic.com\/en\/product\/cristal-not-flame-retardant-rated\/","name":"Cristal (not flame-retardant rated) - Azur Scenic","isPartOf":{"@id":"https:\/\/www.azur-scenic.com\/en\/#website"},"primaryImageOfPage":{"@id":"https:\/\/www.azur-scenic.com\/en\/product\/cristal-not-flame-retardant-rated\/#primaryimage"},"image":{"@id":"https:\/\/www.azur-scenic.com\/en\/product\/cristal-not-flame-retardant-rated\/#primaryimage"},"thumbnailUrl":"https:\/\/www.azur-scenic.com\/wp-content\/uploads\/CRISTAL.jpg","datePublished":"2022-10-04T07:27:01+00:00","dateModified":"2023-08-02T12:53:22+00:00","breadcrumb":{"@id":"https:\/\/www.azur-scenic.com\/en\/product\/cristal-not-flame-retardant-rated\/#breadcrumb"},"inLanguage":"en-US","potentialAction":[{"@type":"ReadAction","target":["https:\/\/www.azur-scenic.com\/en\/product\/cristal-not-flame-retardant-rated\/"]}]},{"@type":"ImageObject","inLanguage":"en-US","@id":"https:\/\/www.azur-scenic.com\/en\/product\/cristal-not-flame-retardant-rated\/#primaryimage","url":"https:\/\/www.azur-scenic.com\/wp-content\/uploads\/CRISTAL.jpg","contentUrl":"https:\/\/www.azur-scenic.com\/wp-content\/uploads\/CRISTAL.jpg","width":1963,"height":1963,"caption":"CRISTAL"},{"@type":"BreadcrumbList","@id":"https:\/\/www.azur-scenic.com\/en\/product\/cristal-not-flame-retardant-rated\/#breadcrumb","itemListElement":[{"@type":"ListItem","position":1,"name":"Accueil","item":"https:\/\/www.azur-scenic.com\/en\/"},{"@type":"ListItem","position":2,"name":"Produits","item":"https:\/\/www.azur-scenic.com\/en\/?page_id=21438"},{"@type":"ListItem","position":3,"name":"Cristal (not flame-retardant rated)"}]},{"@type":"WebSite","@id":"https:\/\/www.azur-scenic.com\/en\/#website","url":"https:\/\/www.azur-scenic.com\/en\/","name":"Azur Scenic","description":"Sp\u00e9cialiste de l\u2019\u00e9quipement sc\u00e9nique et de la d\u00e9coration int\u00e9rieure et \u00e9v\u00e9nementielle !","publisher":{"@id":"https:\/\/www.azur-scenic.com\/en\/#organization"},"potentialAction":[{"@type":"SearchAction","target":{"@type":"EntryPoint","urlTemplate":"https:\/\/www.azur-scenic.com\/en\/?s={search_term_string}"},"query-input":{"@type":"PropertyValueSpecification","valueRequired":true,"valueName":"search_term_string"}}],"inLanguage":"en-US"},{"@type":"Organization","@id":"https:\/\/www.azur-scenic.com\/en\/#organization","name":"AZUR SCENIC","url":"https:\/\/www.azur-scenic.com\/en\/","logo":{"@type":"ImageObject","inLanguage":"en-US","@id":"https:\/\/www.azur-scenic.com\/en\/#\/schema\/logo\/image\/","url":"https:\/\/www.azur-scenic.com\/wp-content\/uploads\/2022\/09\/LOGO-AZUR-SCENIC-Fusion-web-236x64-1.jpg","contentUrl":"https:\/\/www.azur-scenic.com\/wp-content\/uploads\/2022\/09\/LOGO-AZUR-SCENIC-Fusion-web-236x64-1.jpg","width":236,"height":64,"caption":"AZUR SCENIC"},"image":{"@id":"https:\/\/www.azur-scenic.com\/en\/#\/schema\/logo\/image\/"},"sameAs":["https:\/\/www.youtube.com\/channel\/UCPWM2mGPVUt4nYhNlm71WOA","https:\/\/www.linkedin.com\/company\/33237605\/admin\/feed\/posts\/"]}]}},"_links":{"self":[{"href":"https:\/\/www.azur-scenic.com\/en\/wp-json\/wp\/v2\/product\/17856","targetHints":{"allow":["GET"]}}],"collection":[{"href":"https:\/\/www.azur-scenic.com\/en\/wp-json\/wp\/v2\/product"}],"about":[{"href":"https:\/\/www.azur-scenic.com\/en\/wp-json\/wp\/v2\/types\/product"}],"wp:featuredmedia":[{"embeddable":true,"href":"https:\/\/www.azur-scenic.com\/en\/wp-json\/wp\/v2\/media\/16490"}],"wp:attachment":[{"href":"https:\/\/www.azur-scenic.com\/en\/wp-json\/wp\/v2\/media?parent=17856"}],"wp:term":[{"taxonomy":"product_brand","embeddable":true,"href":"https:\/\/www.azur-scenic.com\/en\/wp-json\/wp\/v2\/product_brand?post=17856"},{"taxonomy":"product_cat","embeddable":true,"href":"https:\/\/www.azur-scenic.com\/en\/wp-json\/wp\/v2\/product_cat?post=17856"},{"taxonomy":"product_tag","embeddable":true,"href":"https:\/\/www.azur-scenic.com\/en\/wp-json\/wp\/v2\/product_tag?post=17856"}],"curies":[{"name":"wp","href":"https:\/\/api.w.org\/{rel}","templated":true}]}}