{"id":17860,"date":"2022-10-04T07:27:00","date_gmt":"2022-10-04T07:27:00","guid":{"rendered":"https:\/\/www.azur-scenic.com\/produit\/cristal\/"},"modified":"2023-08-02T12:57:28","modified_gmt":"2023-08-02T12:57:28","slug":"cristal","status":"publish","type":"product","link":"https:\/\/www.azur-scenic.com\/en\/product\/cristal\/","title":{"rendered":"Cristal"},"content":{"rendered":"<table>\n<thead>\n<tr>\n<th style=\"width: 170px;\">Technical data<\/th>\n<th style=\"text-align: center;\" colspan=\"3\">Value<\/th>\n<\/tr>\n<\/thead>\n<tbody>\n<tr>\n<td style=\"vertical-align: top;\">Reference<\/td>\n<td style=\"text-align: center; vertical-align: top;\">2504<br \/>\nCristal 30\/100<\/td>\n<td style=\"text-align: center; vertical-align: top;\">2505<br \/>\nCristal 50\/100<\/td>\n<td style=\"text-align: center; vertical-align: top;\">2508<br \/>\nCristal 80\/100<\/td>\n<\/tr>\n<tr>\n<td style=\"vertical-align: top;\">Width<\/td>\n<td style=\"text-align: center; vertical-align: top;\">140 cm<\/td>\n<td style=\"text-align: center; vertical-align: top;\">140 cm<\/td>\n<td style=\"text-align: center; vertical-align: top;\">140 cm<\/td>\n<\/tr>\n<tr>\n<td style=\"vertical-align: top;\">Weight<\/td>\n<td style=\"text-align: center; vertical-align: top;\">390 g\/m\u00b2<\/td>\n<td style=\"text-align: center; vertical-align: top;\">650 g\/m\u00b2<\/td>\n<td style=\"text-align: center; vertical-align: top;\">1040 g\/m\u00b2<\/td>\n<\/tr>\n<tr>\n<td style=\"vertical-align: top;\">Thickness<\/td>\n<td style=\"text-align: center; vertical-align: top;\">0.3 mm<\/td>\n<td style=\"text-align: center; vertical-align: top;\">0.5 mm<\/td>\n<td style=\"text-align: center; vertical-align: top;\">0.8 mm<\/td>\n<\/tr>\n<tr>\n<td style=\"vertical-align: top;\">Flame-retardant rating<\/td>\n<td style=\"text-align: center; vertical-align: top;\"><img decoding=\"async\" style=\"height: 20px; width: 20px;\" src=\"https:\/\/www.azur-scenic.com\/wp-content\/uploads\/csm_icon-flag-france_3304e5e3f9.png\" \/> M2, <img decoding=\"async\" style=\"height: 20px; width: 20px;\" src=\"https:\/\/www.azur-scenic.com\/wp-content\/uploads\/icon-flag-allemagne.png\" \/> B1<\/td>\n<td style=\"text-align: center; vertical-align: top;\"><img decoding=\"async\" style=\"height: 20px; width: 20px;\" src=\"https:\/\/www.azur-scenic.com\/wp-content\/uploads\/csm_icon-flag-france_3304e5e3f9.png\" \/> M2, <img decoding=\"async\" style=\"height: 20px; width: 20px;\" src=\"https:\/\/www.azur-scenic.com\/wp-content\/uploads\/icon-flag-allemagne.png\" \/> B1<\/td>\n<td style=\"text-align: center; vertical-align: top;\"><img decoding=\"async\" style=\"height: 20px; width: 20px;\" src=\"https:\/\/www.azur-scenic.com\/wp-content\/uploads\/csm_icon-flag-france_3304e5e3f9.png\" \/> M2, <img decoding=\"async\" style=\"height: 20px; width: 20px;\" src=\"https:\/\/www.azur-scenic.com\/wp-content\/uploads\/icon-flag-allemagne.png\" \/> B1<\/td>\n<\/tr>\n<tr>\n<td style=\"vertical-align: top;\">Supplied in<\/td>\n<td style=\"text-align: center; vertical-align: top;\">Length 65 m<br \/>\nRolled full-width<br \/>\n\u00b1 36 kg\/pce<\/td>\n<td style=\"text-align: center; vertical-align: top;\">Length 40 m<br \/>\nRolled full-width<br \/>\n\u00b1 36 kg\/pce<\/td>\n<td style=\"text-align: center; vertical-align: top;\">Length 25 m<br \/>\nRolled full-width<br \/>\n\u00b1 36 kg\/pce<\/td>\n<\/tr>\n<tr>\n<td style=\"vertical-align: top;\">Cut-to-length<\/td>\n<td style=\"text-align: center; vertical-align: top;\">Yes<\/td>\n<td style=\"text-align: center; vertical-align: top;\">No<\/td>\n<td style=\"text-align: center; vertical-align: top;\">No<\/td>\n<\/tr>\n<tr>\n<td style=\"vertical-align: top;\">Flexibility (grade)<\/td>\n<td style=\"text-align: center; vertical-align: top;\">3S<\/td>\n<td style=\"text-align: center; vertical-align: top;\">3S<\/td>\n<td style=\"text-align: center; vertical-align: top;\">3S<\/td>\n<\/tr>\n<tr>\n<td style=\"vertical-align: top;\">Tear-resistance<\/td>\n<td style=\"text-align: center; vertical-align: top;\">Width: 19.3 N<br \/>\nLength: 17.2 N<\/td>\n<td style=\"text-align: center; vertical-align: top;\">Width: 31.3 N<br \/>\nLength: 29.1 N<\/td>\n<td style=\"text-align: center; vertical-align: top;\">Width: 52.4 N<br \/>\nLength: 51.5 N<\/td>\n<\/tr>\n<tr>\n<td style=\"vertical-align: top;\">Breaking strain<\/td>\n<td style=\"text-align: center; vertical-align: top;\">Width:<br \/>\n23.2 MPa<br \/>\nLength:<br \/>\n28.7 MPa<\/td>\n<td style=\"text-align: center; vertical-align: top;\">Width:<br \/>\n21.0 MPa<br \/>\nLength:<br \/>\n22.4 MPa<\/td>\n<td style=\"text-align: center; vertical-align: top;\">Width:<br \/>\n21.6 MPa<br \/>\nLength:<br \/>\n23.4 MPa<\/td>\n<\/tr>\n<tr>\n<td style=\"vertical-align: top;\">Elongation at break<\/td>\n<td style=\"text-align: center; vertical-align: top;\">Width: 340%<br \/>\nLength: 310%<\/td>\n<td style=\"text-align: center; vertical-align: top;\">Width: 350%<br \/>\nLength: 300%<\/td>\n<td style=\"text-align: center; vertical-align: top;\">Width: 350%<br \/>\nLength: 300%<\/td>\n<\/tr>\n<tr>\n<td style=\"vertical-align: top;\">Low-temperature resistance<\/td>\n<td style=\"text-align: center; vertical-align: top;\">-25\u00b0C<\/td>\n<td style=\"text-align: center; vertical-align: top;\">-10\u00b0C<\/td>\n<td style=\"text-align: center; vertical-align: top;\">-8\u00b0C<\/td>\n<\/tr>\n<tr>\n<td style=\"vertical-align: top;\">Shrinkage<\/td>\n<td style=\"text-align: center; vertical-align: top;\">Width: 0.9%<br \/>\nLength: 2.7%<\/td>\n<td style=\"text-align: center; vertical-align: top;\">Width: 0.9%<br \/>\nLength: 3.2%<\/td>\n<td style=\"text-align: center; vertical-align: top;\">Width: 1%<br \/>\nLength: 3.1%<\/td>\n<\/tr>\n<\/tbody>\n<\/table>\n","protected":false},"excerpt":{"rendered":"<p>A <span style=\"color: #f88523;\"><strong>flexible film<\/strong><\/span> in <span style=\"color: #f88523;\"><strong>transparent PVC<\/strong><\/span> with subtle blue reflections, <span style=\"color: #f88523;\"><strong>M2 rated<\/strong><\/span> and available in 3 different thicknesses (0.3 to 0.8 mm).<br \/>\nWe make this tarpaulin product in our own workshops to allow even the most oversize projects, with a range of options for assembly and finishes, using <strong><span style=\"color: #f88523;\">HF welding<\/span><\/strong> technology.<br \/>\nThis <span style=\"color: #f88523;\"><strong>incredibly hard-wearing<\/strong><\/span> tarpaulin is <span style=\"color: #f88523;\"><strong>waterproof<\/strong><\/span>, and <span style=\"color: #f88523;\"><strong>UV-resistant treated<\/strong><\/span> making it <span style=\"color: #f88523;\"><strong>easy<\/strong><\/span>&#8211;<span style=\"color: #f88523;\"><strong>care<\/strong><\/span> and suitable for use both indoors and <span style=\"color: #f88523;\"><strong>outdoors<\/strong><\/span>.<br \/>\nIt also has <span style=\"color: #f88523;\"><strong>sound-insulation<\/strong><\/span> properties.<br \/>\nThis PVC film is suitable for a range of uses such as marking tents and big tops, making stage sets, and more&#8230;<br \/>\nDare to go off-piste! Control the transparency of the crystal and let your creativity speak by using it as an innovative<span style=\"color: #f88523;\"><strong>surface for front-projection<\/strong><\/span> or <span style=\"color: #f88523;\"><strong>rear-projection<\/strong><\/span> that\u2019s both <span style=\"color: #f88523;\"><strong> original and inconspicuous<\/strong><\/span>!<\/p>\n<table class=\"table\">\n<tbody>\n<tr>\n<td style=\"width: 189px;\"><strong>Width<\/strong>: 140 cm<\/td>\n<td style=\"width: 244px;\"><strong>Weight<\/strong>: 390 g\/m\u00b2, 650 g\/m\u00b2, 1040 g\/m\u00b2<\/td>\n<\/tr>\n<tr>\n<td style=\"width: 189px;\"><strong>Flame-retardant rating<\/strong>: <img decoding=\"async\" style=\"height: 20px; width: 20px;\" src=\"https:\/\/www.azur-scenic.com\/wp-content\/uploads\/csm_icon-flag-france_3304e5e3f9.png\" \/> M2, <img decoding=\"async\" style=\"height: 20px; width: 20px;\" src=\"https:\/\/www.azur-scenic.com\/wp-content\/uploads\/icon-flag-allemagne.png\" \/> B1<\/td>\n<td style=\"width: 244px;\"><strong>Composition<\/strong>: 100% PVC<\/td>\n<\/tr>\n<\/tbody>\n<\/table>\n","protected":false},"featured_media":16490,"template":"","meta":{"_acf_changed":false},"product_brand":[],"product_cat":[898,1234],"product_tag":[],"class_list":{"0":"post-17860","1":"product","2":"type-product","3":"status-publish","4":"has-post-thumbnail","6":"product_cat-all-products","7":"product_cat-miscellaneous-pvc","8":"pa_couleurs-000-en","9":"pa_groupes-de-couleurs-mixed","10":"pa_textiles-suitable-for-outdoors-use","11":"pa_textiles-flame-retardant-rated","12":"pa_textiles-acoustic-insulation","13":"pa_textiles-washable","14":"pa_textiles-front-projection","15":"pa_textiles-uv-resistant","16":"pa_textiles-rear-projection","17":"pa_textiles-transparent-and-translucent","19":"first","20":"instock","21":"shipping-taxable","22":"purchasable","23":"product-type-simple"},"acf":[],"yoast_head":"<!-- This site is optimized with the Yoast SEO plugin v27.1.1 - https:\/\/yoast.com\/product\/yoast-seo-wordpress\/ -->\n<title>Cristal - Azur Scenic<\/title>\n<meta name=\"robots\" content=\"index, follow, max-snippet:-1, max-image-preview:large, max-video-preview:-1\" \/>\n<link rel=\"canonical\" href=\"https:\/\/www.azur-scenic.com\/en\/product\/cristal\/\" \/>\n<meta property=\"og:locale\" content=\"en_US\" \/>\n<meta property=\"og:type\" content=\"article\" \/>\n<meta property=\"og:title\" content=\"Cristal - Azur Scenic\" \/>\n<meta property=\"og:description\" content=\"A flexible film in transparent PVC with subtle blue reflections, M2 rated and available in 3 different thicknesses (0.3 to 0.8 mm). We make this tarpaulin product in our own workshops to allow even the most oversize projects, with a range of options for assembly and finishes, using HF welding technology. This incredibly hard-wearing tarpaulin is waterproof, and UV-resistant treated making it easy-care and suitable for use both indoors and outdoors. It also has sound-insulation properties. This PVC film is suitable for a range of uses such as marking tents and big tops, making stage sets, and more... Dare to go off-piste! Control the transparency of the crystal and let your creativity speak by using it as an innovativesurface for front-projection or rear-projection that\u2019s both original and inconspicuous!  Width: 140 cm Weight: 390 g\/m\u00b2, 650 g\/m\u00b2, 1040 g\/m\u00b2  Flame-retardant rating: M2, B1 Composition: 100% PVC\" \/>\n<meta property=\"og:url\" content=\"https:\/\/www.azur-scenic.com\/en\/product\/cristal\/\" \/>\n<meta property=\"og:site_name\" content=\"Azur Scenic\" \/>\n<meta property=\"article:modified_time\" content=\"2023-08-02T12:57:28+00:00\" \/>\n<meta property=\"og:image\" content=\"https:\/\/www.azur-scenic.com\/wp-content\/uploads\/CRISTAL.jpg\" \/>\n\t<meta property=\"og:image:width\" content=\"1963\" \/>\n\t<meta property=\"og:image:height\" content=\"1963\" \/>\n\t<meta property=\"og:image:type\" content=\"image\/jpeg\" \/>\n<meta name=\"twitter:card\" content=\"summary_large_image\" \/>\n<meta name=\"twitter:label1\" content=\"Est. reading time\" \/>\n\t<meta name=\"twitter:data1\" content=\"1 minute\" \/>\n<script type=\"application\/ld+json\" class=\"yoast-schema-graph\">{\"@context\":\"https:\/\/schema.org\",\"@graph\":[{\"@type\":\"WebPage\",\"@id\":\"https:\/\/www.azur-scenic.com\/en\/product\/cristal\/\",\"url\":\"https:\/\/www.azur-scenic.com\/en\/product\/cristal\/\",\"name\":\"Cristal - Azur Scenic\",\"isPartOf\":{\"@id\":\"https:\/\/www.azur-scenic.com\/en\/#website\"},\"primaryImageOfPage\":{\"@id\":\"https:\/\/www.azur-scenic.com\/en\/product\/cristal\/#primaryimage\"},\"image\":{\"@id\":\"https:\/\/www.azur-scenic.com\/en\/product\/cristal\/#primaryimage\"},\"thumbnailUrl\":\"https:\/\/www.azur-scenic.com\/wp-content\/uploads\/CRISTAL.jpg\",\"datePublished\":\"2022-10-04T07:27:00+00:00\",\"dateModified\":\"2023-08-02T12:57:28+00:00\",\"breadcrumb\":{\"@id\":\"https:\/\/www.azur-scenic.com\/en\/product\/cristal\/#breadcrumb\"},\"inLanguage\":\"en-US\",\"potentialAction\":[{\"@type\":\"ReadAction\",\"target\":[\"https:\/\/www.azur-scenic.com\/en\/product\/cristal\/\"]}]},{\"@type\":\"ImageObject\",\"inLanguage\":\"en-US\",\"@id\":\"https:\/\/www.azur-scenic.com\/en\/product\/cristal\/#primaryimage\",\"url\":\"https:\/\/www.azur-scenic.com\/wp-content\/uploads\/CRISTAL.jpg\",\"contentUrl\":\"https:\/\/www.azur-scenic.com\/wp-content\/uploads\/CRISTAL.jpg\",\"width\":1963,\"height\":1963,\"caption\":\"CRISTAL\"},{\"@type\":\"BreadcrumbList\",\"@id\":\"https:\/\/www.azur-scenic.com\/en\/product\/cristal\/#breadcrumb\",\"itemListElement\":[{\"@type\":\"ListItem\",\"position\":1,\"name\":\"Accueil\",\"item\":\"https:\/\/www.azur-scenic.com\/en\/\"},{\"@type\":\"ListItem\",\"position\":2,\"name\":\"Produits\",\"item\":\"https:\/\/www.azur-scenic.com\/en\/?page_id=21438\"},{\"@type\":\"ListItem\",\"position\":3,\"name\":\"Cristal\"}]},{\"@type\":\"WebSite\",\"@id\":\"https:\/\/www.azur-scenic.com\/en\/#website\",\"url\":\"https:\/\/www.azur-scenic.com\/en\/\",\"name\":\"Azur Scenic\",\"description\":\"Sp\u00e9cialiste de l\u2019\u00e9quipement sc\u00e9nique et de la d\u00e9coration int\u00e9rieure et \u00e9v\u00e9nementielle !\",\"publisher\":{\"@id\":\"https:\/\/www.azur-scenic.com\/en\/#organization\"},\"potentialAction\":[{\"@type\":\"SearchAction\",\"target\":{\"@type\":\"EntryPoint\",\"urlTemplate\":\"https:\/\/www.azur-scenic.com\/en\/?s={search_term_string}\"},\"query-input\":{\"@type\":\"PropertyValueSpecification\",\"valueRequired\":true,\"valueName\":\"search_term_string\"}}],\"inLanguage\":\"en-US\"},{\"@type\":\"Organization\",\"@id\":\"https:\/\/www.azur-scenic.com\/en\/#organization\",\"name\":\"AZUR SCENIC\",\"url\":\"https:\/\/www.azur-scenic.com\/en\/\",\"logo\":{\"@type\":\"ImageObject\",\"inLanguage\":\"en-US\",\"@id\":\"https:\/\/www.azur-scenic.com\/en\/#\/schema\/logo\/image\/\",\"url\":\"https:\/\/www.azur-scenic.com\/wp-content\/uploads\/2022\/09\/LOGO-AZUR-SCENIC-Fusion-web-236x64-1.jpg\",\"contentUrl\":\"https:\/\/www.azur-scenic.com\/wp-content\/uploads\/2022\/09\/LOGO-AZUR-SCENIC-Fusion-web-236x64-1.jpg\",\"width\":236,\"height\":64,\"caption\":\"AZUR SCENIC\"},\"image\":{\"@id\":\"https:\/\/www.azur-scenic.com\/en\/#\/schema\/logo\/image\/\"},\"sameAs\":[\"https:\/\/www.youtube.com\/channel\/UCPWM2mGPVUt4nYhNlm71WOA\",\"https:\/\/www.linkedin.com\/company\/33237605\/admin\/feed\/posts\/\"]}]}<\/script>\n<!-- \/ Yoast SEO plugin. -->","yoast_head_json":{"title":"Cristal - Azur Scenic","robots":{"index":"index","follow":"follow","max-snippet":"max-snippet:-1","max-image-preview":"max-image-preview:large","max-video-preview":"max-video-preview:-1"},"canonical":"https:\/\/www.azur-scenic.com\/en\/product\/cristal\/","og_locale":"en_US","og_type":"article","og_title":"Cristal - Azur Scenic","og_description":"A flexible film in transparent PVC with subtle blue reflections, M2 rated and available in 3 different thicknesses (0.3 to 0.8 mm). We make this tarpaulin product in our own workshops to allow even the most oversize projects, with a range of options for assembly and finishes, using HF welding technology. This incredibly hard-wearing tarpaulin is waterproof, and UV-resistant treated making it easy-care and suitable for use both indoors and outdoors. It also has sound-insulation properties. This PVC film is suitable for a range of uses such as marking tents and big tops, making stage sets, and more... Dare to go off-piste! Control the transparency of the crystal and let your creativity speak by using it as an innovativesurface for front-projection or rear-projection that\u2019s both original and inconspicuous!  Width: 140 cm Weight: 390 g\/m\u00b2, 650 g\/m\u00b2, 1040 g\/m\u00b2  Flame-retardant rating: M2, B1 Composition: 100% PVC","og_url":"https:\/\/www.azur-scenic.com\/en\/product\/cristal\/","og_site_name":"Azur Scenic","article_modified_time":"2023-08-02T12:57:28+00:00","og_image":[{"width":1963,"height":1963,"url":"https:\/\/www.azur-scenic.com\/wp-content\/uploads\/CRISTAL.jpg","type":"image\/jpeg"}],"twitter_card":"summary_large_image","twitter_misc":{"Est. reading time":"1 minute"},"schema":{"@context":"https:\/\/schema.org","@graph":[{"@type":"WebPage","@id":"https:\/\/www.azur-scenic.com\/en\/product\/cristal\/","url":"https:\/\/www.azur-scenic.com\/en\/product\/cristal\/","name":"Cristal - Azur Scenic","isPartOf":{"@id":"https:\/\/www.azur-scenic.com\/en\/#website"},"primaryImageOfPage":{"@id":"https:\/\/www.azur-scenic.com\/en\/product\/cristal\/#primaryimage"},"image":{"@id":"https:\/\/www.azur-scenic.com\/en\/product\/cristal\/#primaryimage"},"thumbnailUrl":"https:\/\/www.azur-scenic.com\/wp-content\/uploads\/CRISTAL.jpg","datePublished":"2022-10-04T07:27:00+00:00","dateModified":"2023-08-02T12:57:28+00:00","breadcrumb":{"@id":"https:\/\/www.azur-scenic.com\/en\/product\/cristal\/#breadcrumb"},"inLanguage":"en-US","potentialAction":[{"@type":"ReadAction","target":["https:\/\/www.azur-scenic.com\/en\/product\/cristal\/"]}]},{"@type":"ImageObject","inLanguage":"en-US","@id":"https:\/\/www.azur-scenic.com\/en\/product\/cristal\/#primaryimage","url":"https:\/\/www.azur-scenic.com\/wp-content\/uploads\/CRISTAL.jpg","contentUrl":"https:\/\/www.azur-scenic.com\/wp-content\/uploads\/CRISTAL.jpg","width":1963,"height":1963,"caption":"CRISTAL"},{"@type":"BreadcrumbList","@id":"https:\/\/www.azur-scenic.com\/en\/product\/cristal\/#breadcrumb","itemListElement":[{"@type":"ListItem","position":1,"name":"Accueil","item":"https:\/\/www.azur-scenic.com\/en\/"},{"@type":"ListItem","position":2,"name":"Produits","item":"https:\/\/www.azur-scenic.com\/en\/?page_id=21438"},{"@type":"ListItem","position":3,"name":"Cristal"}]},{"@type":"WebSite","@id":"https:\/\/www.azur-scenic.com\/en\/#website","url":"https:\/\/www.azur-scenic.com\/en\/","name":"Azur Scenic","description":"Sp\u00e9cialiste de l\u2019\u00e9quipement sc\u00e9nique et de la d\u00e9coration int\u00e9rieure et \u00e9v\u00e9nementielle !","publisher":{"@id":"https:\/\/www.azur-scenic.com\/en\/#organization"},"potentialAction":[{"@type":"SearchAction","target":{"@type":"EntryPoint","urlTemplate":"https:\/\/www.azur-scenic.com\/en\/?s={search_term_string}"},"query-input":{"@type":"PropertyValueSpecification","valueRequired":true,"valueName":"search_term_string"}}],"inLanguage":"en-US"},{"@type":"Organization","@id":"https:\/\/www.azur-scenic.com\/en\/#organization","name":"AZUR SCENIC","url":"https:\/\/www.azur-scenic.com\/en\/","logo":{"@type":"ImageObject","inLanguage":"en-US","@id":"https:\/\/www.azur-scenic.com\/en\/#\/schema\/logo\/image\/","url":"https:\/\/www.azur-scenic.com\/wp-content\/uploads\/2022\/09\/LOGO-AZUR-SCENIC-Fusion-web-236x64-1.jpg","contentUrl":"https:\/\/www.azur-scenic.com\/wp-content\/uploads\/2022\/09\/LOGO-AZUR-SCENIC-Fusion-web-236x64-1.jpg","width":236,"height":64,"caption":"AZUR SCENIC"},"image":{"@id":"https:\/\/www.azur-scenic.com\/en\/#\/schema\/logo\/image\/"},"sameAs":["https:\/\/www.youtube.com\/channel\/UCPWM2mGPVUt4nYhNlm71WOA","https:\/\/www.linkedin.com\/company\/33237605\/admin\/feed\/posts\/"]}]}},"_links":{"self":[{"href":"https:\/\/www.azur-scenic.com\/en\/wp-json\/wp\/v2\/product\/17860","targetHints":{"allow":["GET"]}}],"collection":[{"href":"https:\/\/www.azur-scenic.com\/en\/wp-json\/wp\/v2\/product"}],"about":[{"href":"https:\/\/www.azur-scenic.com\/en\/wp-json\/wp\/v2\/types\/product"}],"wp:featuredmedia":[{"embeddable":true,"href":"https:\/\/www.azur-scenic.com\/en\/wp-json\/wp\/v2\/media\/16490"}],"wp:attachment":[{"href":"https:\/\/www.azur-scenic.com\/en\/wp-json\/wp\/v2\/media?parent=17860"}],"wp:term":[{"taxonomy":"product_brand","embeddable":true,"href":"https:\/\/www.azur-scenic.com\/en\/wp-json\/wp\/v2\/product_brand?post=17860"},{"taxonomy":"product_cat","embeddable":true,"href":"https:\/\/www.azur-scenic.com\/en\/wp-json\/wp\/v2\/product_cat?post=17860"},{"taxonomy":"product_tag","embeddable":true,"href":"https:\/\/www.azur-scenic.com\/en\/wp-json\/wp\/v2\/product_tag?post=17860"}],"curies":[{"name":"wp","href":"https:\/\/api.w.org\/{rel}","templated":true}]}}