{"id":17861,"date":"2022-10-04T07:26:59","date_gmt":"2022-10-04T07:26:59","guid":{"rendered":"https:\/\/www.azur-scenic.com\/produit\/bache-320-bache-500\/"},"modified":"2023-08-02T12:57:29","modified_gmt":"2023-08-02T12:57:29","slug":"bache-320-tarpaulin-bache-500-tarpaulin","status":"publish","type":"product","link":"https:\/\/www.azur-scenic.com\/en\/product\/bache-320-tarpaulin-bache-500-tarpaulin\/","title":{"rendered":"Bache 320 tarpaulin &#8211; Bache 500 tarpaulin"},"content":{"rendered":"<table>\n<thead>\n<tr>\n<th style=\"width: 144px;\">Technical data<\/th>\n<th style=\"width: 90px;\">Value<\/th>\n<th style=\"width: 294px;\">Notes<\/th>\n<\/tr>\n<\/thead>\n<tbody>\n<tr>\n<td style=\"vertical-align: top; width: 144px;\">Width<\/td>\n<td style=\"vertical-align: top; width: 90px;\">320 cm<br \/>\n500 cm<\/td>\n<td style=\"vertical-align: top; width: 294px;\">(Ref. 2701)<br \/>\n(Ref. 2712)<\/td>\n<\/tr>\n<tr>\n<td style=\"vertical-align: top; width: 144px;\">Weight<\/td>\n<td style=\"vertical-align: top; width: 90px;\">510 g\/m\u00b2<\/td>\n<td style=\"vertical-align: top; width: 294px;\">\u00a0<\/td>\n<\/tr>\n<tr>\n<td style=\"vertical-align: top; width: 144px;\">Thickness<\/td>\n<td style=\"vertical-align: top; width: 90px;\">0.45 mm<\/td>\n<td style=\"vertical-align: top; width: 294px;\">\u00a0<\/td>\n<\/tr>\n<tr>\n<td style=\"vertical-align: top; width: 144px;\">Flame-retardant rating<\/td>\n<td style=\"vertical-align: top; width: 90px;\"><img decoding=\"async\" style=\"height: 20px; width: 20px;\" src=\"https:\/\/www.azur-scenic.com\/wp-content\/uploads\/csm_icon-flag-france_3304e5e3f9.png\" \/> M1<\/td>\n<td style=\"vertical-align: top; width: 294px;\">Standard: NF P 92-503-507<\/td>\n<\/tr>\n<tr>\n<td style=\"vertical-align: top; width: 144px;\">Composition<\/td>\n<td style=\"vertical-align: top; width: 389px;\" colspan=\"2\">100% PES base + PVC treatment<\/td>\n<\/tr>\n<tr>\n<td style=\"vertical-align: top; width: 144px;\">Roll length<\/td>\n<td style=\"vertical-align: top; width: 90px;\">50 m<\/td>\n<td style=\"vertical-align: top; width: 294px;\">Rolled full-width<br \/>\nAvailable cut-to-length only where product in stock<br \/>\nWarning: a 5 m roll requires special manual handling and transport.<\/td>\n<\/tr>\n<tr>\n<td style=\"vertical-align: top; width: 144px;\">Tensile strength at break<\/td>\n<td style=\"vertical-align: top; width: 389px;\" colspan=\"2\" rowspan=\"1\">Warp: 2300 N\/5 cm<br \/>\nWeft: 2000 N\/5 cm<\/td>\n<\/tr>\n<tr>\n<td style=\"vertical-align: top; width: 144px;\">Tear Force<\/td>\n<td style=\"vertical-align: top; width: 389px;\" colspan=\"2\" rowspan=\"1\">Warp: 200 N<br \/>\nWeft: 180 N<\/td>\n<\/tr>\n<\/tbody>\n<\/table>\n","protected":false},"excerpt":{"rendered":"<p>A <strong><span style=\"color: #f88523;\">white reinforced tarpaulin<\/span><\/strong> with <span style=\"color: #f88523;\"><strong>M1 flame-retardant rating<\/strong><\/span> and available in a <span style=\"color: #f88523;\"><strong>printable<\/strong><\/span> version in <span style=\"color: #f88523;\"><strong>extra-large widths<\/strong><\/span> (320 &amp; 500\u00a0cm), allowing you to build giant projects without panel assembly.<br \/>\nThanks to <span style=\"color: #f88523;\"><strong>HF welding<\/strong><\/span> technology available in our own workshops, we offer a service to make this tarpaulin to your specifications, bringing your projects to life (extremely hardwearing, waterproof seams with a range of finishes).<br \/>\nThis <span style=\"color: #f88523;\"><strong>sturdy<\/strong><\/span> and <strong><span style=\"color: #f88523;\">easy-care<\/span><\/strong> tarpaulin is ideal for use both indoors and <span style=\"color: #f88523;\"><strong>outdoors<\/strong><\/span>. It also has <strong><span style=\"color: #f88523;\">sound-insulation<\/span><\/strong> properties.<br \/>\nThis <span style=\"color: #f88523;\"><strong>printable<\/strong><\/span> tarpaulin is ideal for a range of uses such as tents and big tops, dressing boxes, sets and stands, kakemonos, and ore&#8230;<\/p>\n<table class=\"table\">\n<tbody>\n<tr>\n<td><strong>Width<\/strong>: 320 cm, 500 cm<\/td>\n<td><strong>Weight<\/strong>: 510 g\/m\u00b2<\/td>\n<\/tr>\n<tr>\n<td><strong>Flame-retardant rating<\/strong>: <img decoding=\"async\" style=\"height: 20px; width: 20px;\" src=\"https:\/\/www.azur-scenic.com\/wp-content\/uploads\/csm_icon-flag-france_3304e5e3f9.png\" \/> M1<\/td>\n<td><strong>Composition<\/strong>: 100% PES base<br \/>\n+ PVC treatment<\/td>\n<\/tr>\n<\/tbody>\n<\/table>\n","protected":false},"featured_media":7383,"template":"","meta":{"_acf_changed":false},"product_brand":[],"product_cat":[898,1200,1234],"product_tag":[],"class_list":{"0":"post-17861","1":"product","2":"type-product","3":"status-publish","4":"has-post-thumbnail","6":"product_cat-all-products","7":"product_cat-projection-screens-pvc-canvas","8":"product_cat-miscellaneous-pvc","9":"pa_couleurs-002-en","10":"pa_groupes-de-couleurs-white","11":"pa_textiles-suitable-for-outdoors-use","12":"pa_textiles-flame-retardant-rated","13":"pa_textiles-printable","14":"pa_textiles-acoustic-insulation","15":"pa_textiles-washable","16":"pa_textiles-very-large-width","18":"first","19":"instock","20":"shipping-taxable","21":"purchasable","22":"product-type-simple"},"acf":[],"yoast_head":"<!-- This site is optimized with the Yoast SEO plugin v27.3 - https:\/\/yoast.com\/product\/yoast-seo-wordpress\/ -->\n<title>Bache 320 tarpaulin - Bache 500 tarpaulin - Azur Scenic<\/title>\n<meta name=\"robots\" content=\"index, follow, max-snippet:-1, max-image-preview:large, max-video-preview:-1\" \/>\n<link rel=\"canonical\" href=\"https:\/\/www.azur-scenic.com\/en\/product\/bache-320-tarpaulin-bache-500-tarpaulin\/\" \/>\n<meta property=\"og:locale\" content=\"en_US\" \/>\n<meta property=\"og:type\" content=\"article\" \/>\n<meta property=\"og:title\" content=\"Bache 320 tarpaulin - Bache 500 tarpaulin - Azur Scenic\" \/>\n<meta property=\"og:description\" content=\"A white reinforced tarpaulin with M1 flame-retardant rating and available in a printable version in extra-large widths (320 &amp; 500\u00a0cm), allowing you to build giant projects without panel assembly. Thanks to HF welding technology available in our own workshops, we offer a service to make this tarpaulin to your specifications, bringing your projects to life (extremely hardwearing, waterproof seams with a range of finishes). This sturdy and easy-care tarpaulin is ideal for use both indoors and outdoors. It also has sound-insulation properties. This printable tarpaulin is ideal for a range of uses such as tents and big tops, dressing boxes, sets and stands, kakemonos, and ore...  Width: 320 cm, 500 cm Weight: 510 g\/m\u00b2  Flame-retardant rating: M1 Composition: 100% PES base + PVC treatment\" \/>\n<meta property=\"og:url\" content=\"https:\/\/www.azur-scenic.com\/en\/product\/bache-320-tarpaulin-bache-500-tarpaulin\/\" \/>\n<meta property=\"og:site_name\" content=\"Azur Scenic\" \/>\n<meta property=\"article:modified_time\" content=\"2023-08-02T12:57:29+00:00\" \/>\n<meta property=\"og:image\" content=\"https:\/\/www.azur-scenic.com\/wp-content\/uploads\/9b4edfd114ed0e9dc28fbb5f2494ce80.png\" \/>\n\t<meta property=\"og:image:width\" content=\"430\" \/>\n\t<meta property=\"og:image:height\" content=\"430\" \/>\n\t<meta property=\"og:image:type\" content=\"image\/png\" \/>\n<meta name=\"twitter:card\" content=\"summary_large_image\" \/>\n<script type=\"application\/ld+json\" class=\"yoast-schema-graph\">{\"@context\":\"https:\\\/\\\/schema.org\",\"@graph\":[{\"@type\":\"WebPage\",\"@id\":\"https:\\\/\\\/www.azur-scenic.com\\\/en\\\/product\\\/bache-320-tarpaulin-bache-500-tarpaulin\\\/\",\"url\":\"https:\\\/\\\/www.azur-scenic.com\\\/en\\\/product\\\/bache-320-tarpaulin-bache-500-tarpaulin\\\/\",\"name\":\"Bache 320 tarpaulin - Bache 500 tarpaulin - Azur Scenic\",\"isPartOf\":{\"@id\":\"https:\\\/\\\/www.azur-scenic.com\\\/en\\\/#website\"},\"primaryImageOfPage\":{\"@id\":\"https:\\\/\\\/www.azur-scenic.com\\\/en\\\/product\\\/bache-320-tarpaulin-bache-500-tarpaulin\\\/#primaryimage\"},\"image\":{\"@id\":\"https:\\\/\\\/www.azur-scenic.com\\\/en\\\/product\\\/bache-320-tarpaulin-bache-500-tarpaulin\\\/#primaryimage\"},\"thumbnailUrl\":\"https:\\\/\\\/www.azur-scenic.com\\\/wp-content\\\/uploads\\\/9b4edfd114ed0e9dc28fbb5f2494ce80.png\",\"datePublished\":\"2022-10-04T07:26:59+00:00\",\"dateModified\":\"2023-08-02T12:57:29+00:00\",\"breadcrumb\":{\"@id\":\"https:\\\/\\\/www.azur-scenic.com\\\/en\\\/product\\\/bache-320-tarpaulin-bache-500-tarpaulin\\\/#breadcrumb\"},\"inLanguage\":\"en-US\",\"potentialAction\":[{\"@type\":\"ReadAction\",\"target\":[\"https:\\\/\\\/www.azur-scenic.com\\\/en\\\/product\\\/bache-320-tarpaulin-bache-500-tarpaulin\\\/\"]}]},{\"@type\":\"ImageObject\",\"inLanguage\":\"en-US\",\"@id\":\"https:\\\/\\\/www.azur-scenic.com\\\/en\\\/product\\\/bache-320-tarpaulin-bache-500-tarpaulin\\\/#primaryimage\",\"url\":\"https:\\\/\\\/www.azur-scenic.com\\\/wp-content\\\/uploads\\\/9b4edfd114ed0e9dc28fbb5f2494ce80.png\",\"contentUrl\":\"https:\\\/\\\/www.azur-scenic.com\\\/wp-content\\\/uploads\\\/9b4edfd114ed0e9dc28fbb5f2494ce80.png\",\"width\":430,\"height\":430,\"caption\":\"BACHE 320 - 500\"},{\"@type\":\"BreadcrumbList\",\"@id\":\"https:\\\/\\\/www.azur-scenic.com\\\/en\\\/product\\\/bache-320-tarpaulin-bache-500-tarpaulin\\\/#breadcrumb\",\"itemListElement\":[{\"@type\":\"ListItem\",\"position\":1,\"name\":\"Accueil\",\"item\":\"https:\\\/\\\/www.azur-scenic.com\\\/en\\\/\"},{\"@type\":\"ListItem\",\"position\":2,\"name\":\"Produits\",\"item\":\"https:\\\/\\\/www.azur-scenic.com\\\/en\\\/?page_id=21438\"},{\"@type\":\"ListItem\",\"position\":3,\"name\":\"Bache 320 tarpaulin &#8211; Bache 500 tarpaulin\"}]},{\"@type\":\"WebSite\",\"@id\":\"https:\\\/\\\/www.azur-scenic.com\\\/en\\\/#website\",\"url\":\"https:\\\/\\\/www.azur-scenic.com\\\/en\\\/\",\"name\":\"Azur Scenic\",\"description\":\"Sp\u00e9cialiste de l\u2019\u00e9quipement sc\u00e9nique et de la d\u00e9coration int\u00e9rieure et \u00e9v\u00e9nementielle !\",\"publisher\":{\"@id\":\"https:\\\/\\\/www.azur-scenic.com\\\/en\\\/#organization\"},\"potentialAction\":[{\"@type\":\"SearchAction\",\"target\":{\"@type\":\"EntryPoint\",\"urlTemplate\":\"https:\\\/\\\/www.azur-scenic.com\\\/en\\\/?s={search_term_string}\"},\"query-input\":{\"@type\":\"PropertyValueSpecification\",\"valueRequired\":true,\"valueName\":\"search_term_string\"}}],\"inLanguage\":\"en-US\"},{\"@type\":\"Organization\",\"@id\":\"https:\\\/\\\/www.azur-scenic.com\\\/en\\\/#organization\",\"name\":\"AZUR SCENIC\",\"url\":\"https:\\\/\\\/www.azur-scenic.com\\\/en\\\/\",\"logo\":{\"@type\":\"ImageObject\",\"inLanguage\":\"en-US\",\"@id\":\"https:\\\/\\\/www.azur-scenic.com\\\/en\\\/#\\\/schema\\\/logo\\\/image\\\/\",\"url\":\"https:\\\/\\\/www.azur-scenic.com\\\/wp-content\\\/uploads\\\/2022\\\/09\\\/LOGO-AZUR-SCENIC-Fusion-web-236x64-1.jpg\",\"contentUrl\":\"https:\\\/\\\/www.azur-scenic.com\\\/wp-content\\\/uploads\\\/2022\\\/09\\\/LOGO-AZUR-SCENIC-Fusion-web-236x64-1.jpg\",\"width\":236,\"height\":64,\"caption\":\"AZUR SCENIC\"},\"image\":{\"@id\":\"https:\\\/\\\/www.azur-scenic.com\\\/en\\\/#\\\/schema\\\/logo\\\/image\\\/\"},\"sameAs\":[\"https:\\\/\\\/www.youtube.com\\\/channel\\\/UCPWM2mGPVUt4nYhNlm71WOA\",\"https:\\\/\\\/www.linkedin.com\\\/company\\\/33237605\\\/admin\\\/feed\\\/posts\\\/\"]}]}<\/script>\n<!-- \/ Yoast SEO plugin. -->","yoast_head_json":{"title":"Bache 320 tarpaulin - Bache 500 tarpaulin - Azur Scenic","robots":{"index":"index","follow":"follow","max-snippet":"max-snippet:-1","max-image-preview":"max-image-preview:large","max-video-preview":"max-video-preview:-1"},"canonical":"https:\/\/www.azur-scenic.com\/en\/product\/bache-320-tarpaulin-bache-500-tarpaulin\/","og_locale":"en_US","og_type":"article","og_title":"Bache 320 tarpaulin - Bache 500 tarpaulin - Azur Scenic","og_description":"A white reinforced tarpaulin with M1 flame-retardant rating and available in a printable version in extra-large widths (320 &amp; 500\u00a0cm), allowing you to build giant projects without panel assembly. Thanks to HF welding technology available in our own workshops, we offer a service to make this tarpaulin to your specifications, bringing your projects to life (extremely hardwearing, waterproof seams with a range of finishes). This sturdy and easy-care tarpaulin is ideal for use both indoors and outdoors. It also has sound-insulation properties. This printable tarpaulin is ideal for a range of uses such as tents and big tops, dressing boxes, sets and stands, kakemonos, and ore...  Width: 320 cm, 500 cm Weight: 510 g\/m\u00b2  Flame-retardant rating: M1 Composition: 100% PES base + PVC treatment","og_url":"https:\/\/www.azur-scenic.com\/en\/product\/bache-320-tarpaulin-bache-500-tarpaulin\/","og_site_name":"Azur Scenic","article_modified_time":"2023-08-02T12:57:29+00:00","og_image":[{"width":430,"height":430,"url":"https:\/\/www.azur-scenic.com\/wp-content\/uploads\/9b4edfd114ed0e9dc28fbb5f2494ce80.png","type":"image\/png"}],"twitter_card":"summary_large_image","schema":{"@context":"https:\/\/schema.org","@graph":[{"@type":"WebPage","@id":"https:\/\/www.azur-scenic.com\/en\/product\/bache-320-tarpaulin-bache-500-tarpaulin\/","url":"https:\/\/www.azur-scenic.com\/en\/product\/bache-320-tarpaulin-bache-500-tarpaulin\/","name":"Bache 320 tarpaulin - Bache 500 tarpaulin - Azur Scenic","isPartOf":{"@id":"https:\/\/www.azur-scenic.com\/en\/#website"},"primaryImageOfPage":{"@id":"https:\/\/www.azur-scenic.com\/en\/product\/bache-320-tarpaulin-bache-500-tarpaulin\/#primaryimage"},"image":{"@id":"https:\/\/www.azur-scenic.com\/en\/product\/bache-320-tarpaulin-bache-500-tarpaulin\/#primaryimage"},"thumbnailUrl":"https:\/\/www.azur-scenic.com\/wp-content\/uploads\/9b4edfd114ed0e9dc28fbb5f2494ce80.png","datePublished":"2022-10-04T07:26:59+00:00","dateModified":"2023-08-02T12:57:29+00:00","breadcrumb":{"@id":"https:\/\/www.azur-scenic.com\/en\/product\/bache-320-tarpaulin-bache-500-tarpaulin\/#breadcrumb"},"inLanguage":"en-US","potentialAction":[{"@type":"ReadAction","target":["https:\/\/www.azur-scenic.com\/en\/product\/bache-320-tarpaulin-bache-500-tarpaulin\/"]}]},{"@type":"ImageObject","inLanguage":"en-US","@id":"https:\/\/www.azur-scenic.com\/en\/product\/bache-320-tarpaulin-bache-500-tarpaulin\/#primaryimage","url":"https:\/\/www.azur-scenic.com\/wp-content\/uploads\/9b4edfd114ed0e9dc28fbb5f2494ce80.png","contentUrl":"https:\/\/www.azur-scenic.com\/wp-content\/uploads\/9b4edfd114ed0e9dc28fbb5f2494ce80.png","width":430,"height":430,"caption":"BACHE 320 - 500"},{"@type":"BreadcrumbList","@id":"https:\/\/www.azur-scenic.com\/en\/product\/bache-320-tarpaulin-bache-500-tarpaulin\/#breadcrumb","itemListElement":[{"@type":"ListItem","position":1,"name":"Accueil","item":"https:\/\/www.azur-scenic.com\/en\/"},{"@type":"ListItem","position":2,"name":"Produits","item":"https:\/\/www.azur-scenic.com\/en\/?page_id=21438"},{"@type":"ListItem","position":3,"name":"Bache 320 tarpaulin &#8211; Bache 500 tarpaulin"}]},{"@type":"WebSite","@id":"https:\/\/www.azur-scenic.com\/en\/#website","url":"https:\/\/www.azur-scenic.com\/en\/","name":"Azur Scenic","description":"Sp\u00e9cialiste de l\u2019\u00e9quipement sc\u00e9nique et de la d\u00e9coration int\u00e9rieure et \u00e9v\u00e9nementielle !","publisher":{"@id":"https:\/\/www.azur-scenic.com\/en\/#organization"},"potentialAction":[{"@type":"SearchAction","target":{"@type":"EntryPoint","urlTemplate":"https:\/\/www.azur-scenic.com\/en\/?s={search_term_string}"},"query-input":{"@type":"PropertyValueSpecification","valueRequired":true,"valueName":"search_term_string"}}],"inLanguage":"en-US"},{"@type":"Organization","@id":"https:\/\/www.azur-scenic.com\/en\/#organization","name":"AZUR SCENIC","url":"https:\/\/www.azur-scenic.com\/en\/","logo":{"@type":"ImageObject","inLanguage":"en-US","@id":"https:\/\/www.azur-scenic.com\/en\/#\/schema\/logo\/image\/","url":"https:\/\/www.azur-scenic.com\/wp-content\/uploads\/2022\/09\/LOGO-AZUR-SCENIC-Fusion-web-236x64-1.jpg","contentUrl":"https:\/\/www.azur-scenic.com\/wp-content\/uploads\/2022\/09\/LOGO-AZUR-SCENIC-Fusion-web-236x64-1.jpg","width":236,"height":64,"caption":"AZUR SCENIC"},"image":{"@id":"https:\/\/www.azur-scenic.com\/en\/#\/schema\/logo\/image\/"},"sameAs":["https:\/\/www.youtube.com\/channel\/UCPWM2mGPVUt4nYhNlm71WOA","https:\/\/www.linkedin.com\/company\/33237605\/admin\/feed\/posts\/"]}]}},"_links":{"self":[{"href":"https:\/\/www.azur-scenic.com\/en\/wp-json\/wp\/v2\/product\/17861","targetHints":{"allow":["GET"]}}],"collection":[{"href":"https:\/\/www.azur-scenic.com\/en\/wp-json\/wp\/v2\/product"}],"about":[{"href":"https:\/\/www.azur-scenic.com\/en\/wp-json\/wp\/v2\/types\/product"}],"wp:featuredmedia":[{"embeddable":true,"href":"https:\/\/www.azur-scenic.com\/en\/wp-json\/wp\/v2\/media\/7383"}],"wp:attachment":[{"href":"https:\/\/www.azur-scenic.com\/en\/wp-json\/wp\/v2\/media?parent=17861"}],"wp:term":[{"taxonomy":"product_brand","embeddable":true,"href":"https:\/\/www.azur-scenic.com\/en\/wp-json\/wp\/v2\/product_brand?post=17861"},{"taxonomy":"product_cat","embeddable":true,"href":"https:\/\/www.azur-scenic.com\/en\/wp-json\/wp\/v2\/product_cat?post=17861"},{"taxonomy":"product_tag","embeddable":true,"href":"https:\/\/www.azur-scenic.com\/en\/wp-json\/wp\/v2\/product_tag?post=17861"}],"curies":[{"name":"wp","href":"https:\/\/api.w.org\/{rel}","templated":true}]}}