{"id":17864,"date":"2022-10-04T07:26:58","date_gmt":"2022-10-04T07:26:58","guid":{"rendered":"https:\/\/www.azur-scenic.com\/produit\/moquette-riviera\/"},"modified":"2023-08-02T12:53:19","modified_gmt":"2023-08-02T12:53:19","slug":"riviera-carpet","status":"publish","type":"product","link":"https:\/\/www.azur-scenic.com\/en\/product\/riviera-carpet\/","title":{"rendered":"Riviera carpet"},"content":{"rendered":"<table>\n<thead>\n<tr>\n<th style=\"width: 170px;\">Technical data<\/th>\n<th style=\"width: 87px;\">Value<\/th>\n<th style=\"width: 272px;\">Notes<\/th>\n<\/tr>\n<\/thead>\n<tbody>\n<tr>\n<td style=\"vertical-align: top;\">Width<\/td>\n<td style=\"vertical-align: top; width: 87px;\">200 cm<\/td>\n<td style=\"vertical-align: top; width: 272px;\"><em>Made to order in 400 cm width, minimum order 140 m\u00b2 per colour, please allow extra time for manufacture and delivery (please note: additional delivery charges apply for 4 m widths)<\/em><\/td>\n<\/tr>\n<tr>\n<td style=\"vertical-align: top;\">Weight<\/td>\n<td style=\"vertical-align: top; width: 87px;\">620 g\/m\u00b2<\/td>\n<td style=\"vertical-align: top; width: 272px;\">\u00a0<\/td>\n<\/tr>\n<tr>\n<td style=\"vertical-align: top;\">Thickness<\/td>\n<td style=\"vertical-align: top; width: 87px;\">2.5 mm<\/td>\n<td style=\"vertical-align: top; width: 272px;\">\u00a0<\/td>\n<\/tr>\n<tr>\n<td style=\"vertical-align: top;\">Flame-retardant rating<\/td>\n<td style=\"vertical-align: top; width: 87px;\"><img decoding=\"async\" style=\"height: 20px; width: 20px;\" src=\"https:\/\/www.azur-scenic.com\/wp-content\/uploads\/icon-flag-europe.png\" \/> Bfl -S1<\/td>\n<td style=\"vertical-align: top; width: 272px;\">Standard: EN 13501-1<\/td>\n<\/tr>\n<tr>\n<td style=\"vertical-align: top;\">Composition<\/td>\n<td style=\"vertical-align: top;\" colspan=\"2\" rowspan=\"1\">Pile: 100% Polypropylene<br \/>\nUnderlay: Synthetic latex<\/td>\n<\/tr>\n<tr>\n<td style=\"vertical-align: top;\">Light fastness<\/td>\n<td style=\"vertical-align: top; width: 87px;\">\u2265 6<\/td>\n<td style=\"vertical-align: top; width: 272px;\">Standard: UNI EN ISO 105B02<\/td>\n<\/tr>\n<tr>\n<td style=\"vertical-align: top;\">Roll length<\/td>\n<td style=\"vertical-align: top; width: 87px;\">35 ml<br \/>\n(70 m\u00b2)<\/td>\n<td style=\"vertical-align: top; width: 272px;\"><em>Roll of 35 to 50 m length (70 to 100 m\u00b2) according to colour and stock. Please contact us before ordering to confirm the dimensions of the rolls in stock.<br \/>\n<\/em>Sold by the roll only (cut-to-length not available)<\/td>\n<\/tr>\n<\/tbody>\n<\/table>\n","protected":false},"excerpt":{"rendered":"<p>The last word in <strong><span style=\"color: #f88523;\">events carpet<\/span><\/strong>, rated <span style=\"color: #f88523;\"><strong>Bfl-S1 flame-retardant<\/strong><\/span> and available in 24 assorted colours.<br \/>\nDespite their <span style=\"color: #f88523;\"><strong>affordable price<\/strong><\/span>, our range of carpets are thick and hard-wearing (620 g\/m\u00b2).<br \/>\nCarpet recommended for single-use, generally recommended for <span style=\"color: #f88523;\"><strong>events<\/strong><\/span> use (trade-fairs, tradeshows, receptions&#8230;)<\/p>\n<p>A range of additional colours available to order (see technical specifications)<\/p>\n<p>\u00a0<\/p>\n<table class=\"table\">\n<tbody>\n<tr>\n<td><strong>Width<\/strong>: 200 cm<\/td>\n<td><strong>Weight<\/strong>: 620 g\/m\u00b2<\/td>\n<\/tr>\n<tr>\n<td><strong>Flame-retardant rating<\/strong>: <img decoding=\"async\" style=\"height: 20px; width: 20px;\" src=\"https:\/\/www.azur-scenic.com\/wp-content\/uploads\/icon-flag-europe.png\" \/> Bfl -S1<\/td>\n<td><strong>Composition<\/strong>:<br \/>\nPile: 100% Polypropylene<br \/>\nUnderlay: Synthetic latex<\/td>\n<\/tr>\n<\/tbody>\n<\/table>\n","protected":false},"featured_media":7440,"template":"","meta":{"_acf_changed":false},"product_brand":[],"product_cat":[898,1104,1385,1106],"product_tag":[],"class_list":{"0":"post-17864","1":"product","2":"type-product","3":"status-publish","4":"has-post-thumbnail","6":"product_cat-all-products","7":"product_cat-floor-coverings-dance-flooring","8":"product_cat-exhibition-carpet-mats","9":"product_cat-events","10":"pa_couleurs-002-en","11":"pa_couleurs-003-en","12":"pa_couleurs-120-en","13":"pa_couleurs-180-en","14":"pa_couleurs-195-en","15":"pa_couleurs-250-en","16":"pa_couleurs-270-en","17":"pa_couleurs-290-en","18":"pa_couleurs-350-en","19":"pa_couleurs-450-en","20":"pa_couleurs-501-en","21":"pa_couleurs-530-en","22":"pa_couleurs-550-en","23":"pa_couleurs-619-en","24":"pa_couleurs-625-en","25":"pa_couleurs-630-en","26":"pa_couleurs-678-en","27":"pa_couleurs-715-en","28":"pa_couleurs-750-en","29":"pa_couleurs-760-en","30":"pa_couleurs-790-en","31":"pa_couleurs-830-en","32":"pa_couleurs-850-en","33":"pa_couleurs-950-en","34":"pa_groupes-de-couleurs-white","35":"pa_groupes-de-couleurs-blue","36":"pa_groupes-de-couleurs-greys","37":"pa_groupes-de-couleurs-yellow","38":"pa_groupes-de-couleurs-brown-beige","39":"pa_groupes-de-couleurs-black","40":"pa_groupes-de-couleurs-orange","41":"pa_groupes-de-couleurs-pink","42":"pa_groupes-de-couleurs-red","43":"pa_groupes-de-couleurs-green","44":"pa_groupes-de-couleurs-purple","45":"pa_textiles-flame-retardant-rated","46":"pa_textiles-great-value","48":"first","49":"instock","50":"shipping-taxable","51":"purchasable","52":"product-type-variable"},"acf":[],"yoast_head":"<!-- This site is optimized with the Yoast SEO plugin v27.3 - https:\/\/yoast.com\/product\/yoast-seo-wordpress\/ -->\n<title>Riviera carpet - Azur Scenic<\/title>\n<meta name=\"robots\" content=\"index, follow, max-snippet:-1, max-image-preview:large, max-video-preview:-1\" \/>\n<link rel=\"canonical\" href=\"https:\/\/www.azur-scenic.com\/en\/product\/riviera-carpet\/\" \/>\n<meta property=\"og:locale\" content=\"en_US\" \/>\n<meta property=\"og:type\" content=\"article\" \/>\n<meta property=\"og:title\" content=\"Riviera carpet - Azur Scenic\" \/>\n<meta property=\"og:description\" content=\"The last word in events carpet, rated Bfl-S1 flame-retardant and available in 24 assorted colours. Despite their affordable price, our range of carpets are thick and hard-wearing (620 g\/m\u00b2). Carpet recommended for single-use, generally recommended for events use (trade-fairs, tradeshows, receptions...) A range of additional colours available to order (see technical specifications) \u00a0  Width: 200 cm Weight: 620 g\/m\u00b2  Flame-retardant rating: Bfl -S1 Composition: Pile: 100% Polypropylene Underlay: Synthetic latex\" \/>\n<meta property=\"og:url\" content=\"https:\/\/www.azur-scenic.com\/en\/product\/riviera-carpet\/\" \/>\n<meta property=\"og:site_name\" content=\"Azur Scenic\" \/>\n<meta property=\"article:modified_time\" content=\"2023-08-02T12:53:19+00:00\" \/>\n<meta property=\"og:image\" content=\"https:\/\/www.azur-scenic.com\/wp-content\/uploads\/4e746568b3a9c433e65c81d15a16ad65.png\" \/>\n\t<meta property=\"og:image:width\" content=\"430\" \/>\n\t<meta property=\"og:image:height\" content=\"430\" \/>\n\t<meta property=\"og:image:type\" content=\"image\/png\" \/>\n<meta name=\"twitter:card\" content=\"summary_large_image\" \/>\n<script type=\"application\/ld+json\" class=\"yoast-schema-graph\">{\"@context\":\"https:\\\/\\\/schema.org\",\"@graph\":[{\"@type\":\"WebPage\",\"@id\":\"https:\\\/\\\/www.azur-scenic.com\\\/en\\\/product\\\/riviera-carpet\\\/\",\"url\":\"https:\\\/\\\/www.azur-scenic.com\\\/en\\\/product\\\/riviera-carpet\\\/\",\"name\":\"Riviera carpet - Azur Scenic\",\"isPartOf\":{\"@id\":\"https:\\\/\\\/www.azur-scenic.com\\\/en\\\/#website\"},\"primaryImageOfPage\":{\"@id\":\"https:\\\/\\\/www.azur-scenic.com\\\/en\\\/product\\\/riviera-carpet\\\/#primaryimage\"},\"image\":{\"@id\":\"https:\\\/\\\/www.azur-scenic.com\\\/en\\\/product\\\/riviera-carpet\\\/#primaryimage\"},\"thumbnailUrl\":\"https:\\\/\\\/www.azur-scenic.com\\\/wp-content\\\/uploads\\\/4e746568b3a9c433e65c81d15a16ad65.png\",\"datePublished\":\"2022-10-04T07:26:58+00:00\",\"dateModified\":\"2023-08-02T12:53:19+00:00\",\"breadcrumb\":{\"@id\":\"https:\\\/\\\/www.azur-scenic.com\\\/en\\\/product\\\/riviera-carpet\\\/#breadcrumb\"},\"inLanguage\":\"en-US\",\"potentialAction\":[{\"@type\":\"ReadAction\",\"target\":[\"https:\\\/\\\/www.azur-scenic.com\\\/en\\\/product\\\/riviera-carpet\\\/\"]}]},{\"@type\":\"ImageObject\",\"inLanguage\":\"en-US\",\"@id\":\"https:\\\/\\\/www.azur-scenic.com\\\/en\\\/product\\\/riviera-carpet\\\/#primaryimage\",\"url\":\"https:\\\/\\\/www.azur-scenic.com\\\/wp-content\\\/uploads\\\/4e746568b3a9c433e65c81d15a16ad65.png\",\"contentUrl\":\"https:\\\/\\\/www.azur-scenic.com\\\/wp-content\\\/uploads\\\/4e746568b3a9c433e65c81d15a16ad65.png\",\"width\":430,\"height\":430},{\"@type\":\"BreadcrumbList\",\"@id\":\"https:\\\/\\\/www.azur-scenic.com\\\/en\\\/product\\\/riviera-carpet\\\/#breadcrumb\",\"itemListElement\":[{\"@type\":\"ListItem\",\"position\":1,\"name\":\"Accueil\",\"item\":\"https:\\\/\\\/www.azur-scenic.com\\\/en\\\/\"},{\"@type\":\"ListItem\",\"position\":2,\"name\":\"Produits\",\"item\":\"https:\\\/\\\/www.azur-scenic.com\\\/en\\\/?page_id=21438\"},{\"@type\":\"ListItem\",\"position\":3,\"name\":\"Riviera carpet\"}]},{\"@type\":\"WebSite\",\"@id\":\"https:\\\/\\\/www.azur-scenic.com\\\/en\\\/#website\",\"url\":\"https:\\\/\\\/www.azur-scenic.com\\\/en\\\/\",\"name\":\"Azur Scenic\",\"description\":\"Sp\u00e9cialiste de l\u2019\u00e9quipement sc\u00e9nique et de la d\u00e9coration int\u00e9rieure et \u00e9v\u00e9nementielle !\",\"publisher\":{\"@id\":\"https:\\\/\\\/www.azur-scenic.com\\\/en\\\/#organization\"},\"potentialAction\":[{\"@type\":\"SearchAction\",\"target\":{\"@type\":\"EntryPoint\",\"urlTemplate\":\"https:\\\/\\\/www.azur-scenic.com\\\/en\\\/?s={search_term_string}\"},\"query-input\":{\"@type\":\"PropertyValueSpecification\",\"valueRequired\":true,\"valueName\":\"search_term_string\"}}],\"inLanguage\":\"en-US\"},{\"@type\":\"Organization\",\"@id\":\"https:\\\/\\\/www.azur-scenic.com\\\/en\\\/#organization\",\"name\":\"AZUR SCENIC\",\"url\":\"https:\\\/\\\/www.azur-scenic.com\\\/en\\\/\",\"logo\":{\"@type\":\"ImageObject\",\"inLanguage\":\"en-US\",\"@id\":\"https:\\\/\\\/www.azur-scenic.com\\\/en\\\/#\\\/schema\\\/logo\\\/image\\\/\",\"url\":\"https:\\\/\\\/www.azur-scenic.com\\\/wp-content\\\/uploads\\\/2022\\\/09\\\/LOGO-AZUR-SCENIC-Fusion-web-236x64-1.jpg\",\"contentUrl\":\"https:\\\/\\\/www.azur-scenic.com\\\/wp-content\\\/uploads\\\/2022\\\/09\\\/LOGO-AZUR-SCENIC-Fusion-web-236x64-1.jpg\",\"width\":236,\"height\":64,\"caption\":\"AZUR SCENIC\"},\"image\":{\"@id\":\"https:\\\/\\\/www.azur-scenic.com\\\/en\\\/#\\\/schema\\\/logo\\\/image\\\/\"},\"sameAs\":[\"https:\\\/\\\/www.youtube.com\\\/channel\\\/UCPWM2mGPVUt4nYhNlm71WOA\",\"https:\\\/\\\/www.linkedin.com\\\/company\\\/33237605\\\/admin\\\/feed\\\/posts\\\/\"]}]}<\/script>\n<!-- \/ Yoast SEO plugin. -->","yoast_head_json":{"title":"Riviera carpet - Azur Scenic","robots":{"index":"index","follow":"follow","max-snippet":"max-snippet:-1","max-image-preview":"max-image-preview:large","max-video-preview":"max-video-preview:-1"},"canonical":"https:\/\/www.azur-scenic.com\/en\/product\/riviera-carpet\/","og_locale":"en_US","og_type":"article","og_title":"Riviera carpet - Azur Scenic","og_description":"The last word in events carpet, rated Bfl-S1 flame-retardant and available in 24 assorted colours. Despite their affordable price, our range of carpets are thick and hard-wearing (620 g\/m\u00b2). Carpet recommended for single-use, generally recommended for events use (trade-fairs, tradeshows, receptions...) A range of additional colours available to order (see technical specifications) \u00a0  Width: 200 cm Weight: 620 g\/m\u00b2  Flame-retardant rating: Bfl -S1 Composition: Pile: 100% Polypropylene Underlay: Synthetic latex","og_url":"https:\/\/www.azur-scenic.com\/en\/product\/riviera-carpet\/","og_site_name":"Azur Scenic","article_modified_time":"2023-08-02T12:53:19+00:00","og_image":[{"width":430,"height":430,"url":"https:\/\/www.azur-scenic.com\/wp-content\/uploads\/4e746568b3a9c433e65c81d15a16ad65.png","type":"image\/png"}],"twitter_card":"summary_large_image","schema":{"@context":"https:\/\/schema.org","@graph":[{"@type":"WebPage","@id":"https:\/\/www.azur-scenic.com\/en\/product\/riviera-carpet\/","url":"https:\/\/www.azur-scenic.com\/en\/product\/riviera-carpet\/","name":"Riviera carpet - Azur Scenic","isPartOf":{"@id":"https:\/\/www.azur-scenic.com\/en\/#website"},"primaryImageOfPage":{"@id":"https:\/\/www.azur-scenic.com\/en\/product\/riviera-carpet\/#primaryimage"},"image":{"@id":"https:\/\/www.azur-scenic.com\/en\/product\/riviera-carpet\/#primaryimage"},"thumbnailUrl":"https:\/\/www.azur-scenic.com\/wp-content\/uploads\/4e746568b3a9c433e65c81d15a16ad65.png","datePublished":"2022-10-04T07:26:58+00:00","dateModified":"2023-08-02T12:53:19+00:00","breadcrumb":{"@id":"https:\/\/www.azur-scenic.com\/en\/product\/riviera-carpet\/#breadcrumb"},"inLanguage":"en-US","potentialAction":[{"@type":"ReadAction","target":["https:\/\/www.azur-scenic.com\/en\/product\/riviera-carpet\/"]}]},{"@type":"ImageObject","inLanguage":"en-US","@id":"https:\/\/www.azur-scenic.com\/en\/product\/riviera-carpet\/#primaryimage","url":"https:\/\/www.azur-scenic.com\/wp-content\/uploads\/4e746568b3a9c433e65c81d15a16ad65.png","contentUrl":"https:\/\/www.azur-scenic.com\/wp-content\/uploads\/4e746568b3a9c433e65c81d15a16ad65.png","width":430,"height":430},{"@type":"BreadcrumbList","@id":"https:\/\/www.azur-scenic.com\/en\/product\/riviera-carpet\/#breadcrumb","itemListElement":[{"@type":"ListItem","position":1,"name":"Accueil","item":"https:\/\/www.azur-scenic.com\/en\/"},{"@type":"ListItem","position":2,"name":"Produits","item":"https:\/\/www.azur-scenic.com\/en\/?page_id=21438"},{"@type":"ListItem","position":3,"name":"Riviera carpet"}]},{"@type":"WebSite","@id":"https:\/\/www.azur-scenic.com\/en\/#website","url":"https:\/\/www.azur-scenic.com\/en\/","name":"Azur Scenic","description":"Sp\u00e9cialiste de l\u2019\u00e9quipement sc\u00e9nique et de la d\u00e9coration int\u00e9rieure et \u00e9v\u00e9nementielle !","publisher":{"@id":"https:\/\/www.azur-scenic.com\/en\/#organization"},"potentialAction":[{"@type":"SearchAction","target":{"@type":"EntryPoint","urlTemplate":"https:\/\/www.azur-scenic.com\/en\/?s={search_term_string}"},"query-input":{"@type":"PropertyValueSpecification","valueRequired":true,"valueName":"search_term_string"}}],"inLanguage":"en-US"},{"@type":"Organization","@id":"https:\/\/www.azur-scenic.com\/en\/#organization","name":"AZUR SCENIC","url":"https:\/\/www.azur-scenic.com\/en\/","logo":{"@type":"ImageObject","inLanguage":"en-US","@id":"https:\/\/www.azur-scenic.com\/en\/#\/schema\/logo\/image\/","url":"https:\/\/www.azur-scenic.com\/wp-content\/uploads\/2022\/09\/LOGO-AZUR-SCENIC-Fusion-web-236x64-1.jpg","contentUrl":"https:\/\/www.azur-scenic.com\/wp-content\/uploads\/2022\/09\/LOGO-AZUR-SCENIC-Fusion-web-236x64-1.jpg","width":236,"height":64,"caption":"AZUR SCENIC"},"image":{"@id":"https:\/\/www.azur-scenic.com\/en\/#\/schema\/logo\/image\/"},"sameAs":["https:\/\/www.youtube.com\/channel\/UCPWM2mGPVUt4nYhNlm71WOA","https:\/\/www.linkedin.com\/company\/33237605\/admin\/feed\/posts\/"]}]}},"_links":{"self":[{"href":"https:\/\/www.azur-scenic.com\/en\/wp-json\/wp\/v2\/product\/17864","targetHints":{"allow":["GET"]}}],"collection":[{"href":"https:\/\/www.azur-scenic.com\/en\/wp-json\/wp\/v2\/product"}],"about":[{"href":"https:\/\/www.azur-scenic.com\/en\/wp-json\/wp\/v2\/types\/product"}],"wp:featuredmedia":[{"embeddable":true,"href":"https:\/\/www.azur-scenic.com\/en\/wp-json\/wp\/v2\/media\/7440"}],"wp:attachment":[{"href":"https:\/\/www.azur-scenic.com\/en\/wp-json\/wp\/v2\/media?parent=17864"}],"wp:term":[{"taxonomy":"product_brand","embeddable":true,"href":"https:\/\/www.azur-scenic.com\/en\/wp-json\/wp\/v2\/product_brand?post=17864"},{"taxonomy":"product_cat","embeddable":true,"href":"https:\/\/www.azur-scenic.com\/en\/wp-json\/wp\/v2\/product_cat?post=17864"},{"taxonomy":"product_tag","embeddable":true,"href":"https:\/\/www.azur-scenic.com\/en\/wp-json\/wp\/v2\/product_tag?post=17864"}],"curies":[{"name":"wp","href":"https:\/\/api.w.org\/{rel}","templated":true}]}}