{"id":17945,"date":"2022-10-04T07:26:58","date_gmt":"2022-10-04T07:26:58","guid":{"rendered":"https:\/\/www.azur-scenic.com\/produit\/gazon-synthetique\/"},"modified":"2023-08-02T12:53:20","modified_gmt":"2023-08-02T12:53:20","slug":"artificial-turf","status":"publish","type":"product","link":"https:\/\/www.azur-scenic.com\/en\/product\/artificial-turf\/","title":{"rendered":"Artificial turf"},"content":{"rendered":"<table>\n<thead>\n<tr>\n<th style=\"width: 157px;\">Technical data<\/th>\n<th style=\"width: 99px;\">Value<\/th>\n<th style=\"width: 271px;\">Notes<\/th>\n<\/tr>\n<\/thead>\n<tbody>\n<tr>\n<td style=\"vertical-align: top; width: 157px;\">Width<\/td>\n<td style=\"vertical-align: top; width: 99px;\">200 cm<\/td>\n<td style=\"vertical-align: top; width: 271px;\"><em>Made to order in 400 cm width, minimum order 100 m\u00b2 per colour, please allow extra time for manufacture and delivery (please note: additional delivery charges apply for 4 m widths)<\/em><\/td>\n<\/tr>\n<tr>\n<td style=\"vertical-align: top; width: 157px;\">Weight<\/td>\n<td style=\"vertical-align: top; width: 99px;\">880 g\/m\u00b2<\/td>\n<td style=\"vertical-align: top; width: 271px;\">\u00a0<\/td>\n<\/tr>\n<tr>\n<td style=\"vertical-align: top; width: 157px;\">Thickness<\/td>\n<td style=\"vertical-align: top; width: 99px;\">7 mm<\/td>\n<td style=\"vertical-align: top; width: 271px;\">\u00a0<\/td>\n<\/tr>\n<tr>\n<td style=\"vertical-align: top; width: 157px;\">Flame-retardant rating<\/td>\n<td style=\"vertical-align: top; width: 99px;\"><img decoding=\"async\" style=\"height: 20px; width: 20px;\" src=\"https:\/\/www.azur-scenic.com\/wp-content\/uploads\/icon-flag-europe.png\" \/> Bfl -S1<\/td>\n<td style=\"vertical-align: top; width: 271px;\">Standard: EN 13501-1<\/td>\n<\/tr>\n<tr>\n<td style=\"vertical-align: top; width: 157px;\">Composition<\/td>\n<td style=\"vertical-align: top; width: 376px;\" colspan=\"2\" rowspan=\"1\">Pile: 100% Polypropylene<br \/>\nUnderlay: Synthetic latex<\/td>\n<\/tr>\n<tr>\n<td style=\"vertical-align: top; width: 157px;\">Light fastness<\/td>\n<td style=\"vertical-align: top; width: 99px;\">\u2265 6<\/td>\n<td style=\"vertical-align: top; width: 271px;\">Standard: UNI EN ISO 105B02<\/td>\n<\/tr>\n<tr>\n<td style=\"vertical-align: top; width: 157px;\">Roll length<\/td>\n<td style=\"vertical-align: top; width: 99px;\">25 ml<br \/>\n(50 m\u00b2)<\/td>\n<td style=\"vertical-align: top; width: 271px;\">Cut-to-length possible for basic grass green colour<\/td>\n<\/tr>\n<\/tbody>\n<\/table>\n","protected":false},"excerpt":{"rendered":"<p>Instantly give your spaces and events a <strong><span style=\"color: #f88523;\">natural look<\/span><\/strong> with this <span style=\"color: #f88523;\"><strong>artificial turf<\/strong><\/span>with a realistic look and <span style=\"color: #f88523;\"><strong>Bfl-S1 flame-retardant rating<\/strong><\/span>.<br \/>\nFlooring generally intended for <span style=\"color: #f88523;\"><strong>stage<\/strong><\/span> and <span style=\"color: #f88523;\"><strong>events uses<\/strong><\/span> (single-use recommended), it is ideal for all sorts of configurations including trade-fairs, exhibitions, fashion shows, decorating storefronts and widows, shows, stage sets, and scenery, etc.<br \/>\nCan be used <span style=\"color: #f88523;\"><strong>indoors<\/strong><\/span> and <span style=\"color: #f88523;\"><strong>outdoors<\/strong><\/span><\/p>\n<table class=\"table\">\n<tbody>\n<tr>\n<td><strong>Width<\/strong>: 200 cm<\/td>\n<td><strong>Weight<\/strong>: 880 g\/m\u00b2<\/td>\n<\/tr>\n<tr>\n<td><strong>Flame-retardant rating<\/strong>: <img decoding=\"async\" style=\"height: 20px; width: 20px;\" src=\"https:\/\/www.azur-scenic.com\/wp-content\/uploads\/icon-flag-europe.png\" \/> Bfl -S1<\/td>\n<td><strong>Composition<\/strong>:<br \/>\nPile: 100% Polypropylene<br \/>\nUnderlay: Synthetic latex<\/td>\n<\/tr>\n<\/tbody>\n<\/table>\n","protected":false},"featured_media":7434,"template":"","meta":{"_acf_changed":false},"product_brand":[],"product_cat":[898,1104,1385],"product_tag":[],"class_list":{"0":"post-17945","1":"product","2":"type-product","3":"status-publish","4":"has-post-thumbnail","6":"product_cat-all-products","7":"product_cat-floor-coverings-dance-flooring","8":"product_cat-exhibition-carpet-mats","9":"pa_couleurs-002-en","10":"pa_couleurs-003-en","11":"pa_couleurs-230-en","12":"pa_couleurs-625-en","13":"pa_couleurs-755-en","14":"pa_groupes-de-couleurs-white","15":"pa_groupes-de-couleurs-blue","16":"pa_groupes-de-couleurs-black","17":"pa_groupes-de-couleurs-red","18":"pa_groupes-de-couleurs-green","19":"pa_textiles-suitable-for-outdoors-use","20":"pa_textiles-flame-retardant-rated","22":"first","23":"instock","24":"shipping-taxable","25":"purchasable","26":"product-type-variable"},"acf":[],"yoast_head":"<!-- This site is optimized with the Yoast SEO plugin v27.5 - https:\/\/yoast.com\/product\/yoast-seo-wordpress\/ -->\n<title>Artificial turf - Azur Scenic<\/title>\n<meta name=\"robots\" content=\"index, follow, max-snippet:-1, max-image-preview:large, max-video-preview:-1\" \/>\n<link rel=\"canonical\" href=\"https:\/\/www.azur-scenic.com\/en\/product\/artificial-turf\/\" \/>\n<meta property=\"og:locale\" content=\"en_US\" \/>\n<meta property=\"og:type\" content=\"article\" \/>\n<meta property=\"og:title\" content=\"Artificial turf - Azur Scenic\" \/>\n<meta property=\"og:description\" content=\"Instantly give your spaces and events a natural look with this artificial turfwith a realistic look and Bfl-S1 flame-retardant rating. Flooring generally intended for stage and events uses (single-use recommended), it is ideal for all sorts of configurations including trade-fairs, exhibitions, fashion shows, decorating storefronts and widows, shows, stage sets, and scenery, etc. Can be used indoors and outdoors  Width: 200 cm Weight: 880 g\/m\u00b2  Flame-retardant rating: Bfl -S1 Composition: Pile: 100% Polypropylene Underlay: Synthetic latex\" \/>\n<meta property=\"og:url\" content=\"https:\/\/www.azur-scenic.com\/en\/product\/artificial-turf\/\" \/>\n<meta property=\"og:site_name\" content=\"Azur Scenic\" \/>\n<meta property=\"article:modified_time\" content=\"2023-08-02T12:53:20+00:00\" \/>\n<meta property=\"og:image\" content=\"https:\/\/www.azur-scenic.com\/wp-content\/uploads\/39ac873ec7f584f83b7ca094d5227049.png\" \/>\n\t<meta property=\"og:image:width\" content=\"430\" \/>\n\t<meta property=\"og:image:height\" content=\"430\" \/>\n\t<meta property=\"og:image:type\" content=\"image\/png\" \/>\n<meta name=\"twitter:card\" content=\"summary_large_image\" \/>\n<script type=\"application\/ld+json\" class=\"yoast-schema-graph\">{\"@context\":\"https:\\\/\\\/schema.org\",\"@graph\":[{\"@type\":\"WebPage\",\"@id\":\"https:\\\/\\\/www.azur-scenic.com\\\/en\\\/product\\\/artificial-turf\\\/\",\"url\":\"https:\\\/\\\/www.azur-scenic.com\\\/en\\\/product\\\/artificial-turf\\\/\",\"name\":\"Artificial turf - Azur Scenic\",\"isPartOf\":{\"@id\":\"https:\\\/\\\/www.azur-scenic.com\\\/en\\\/#website\"},\"primaryImageOfPage\":{\"@id\":\"https:\\\/\\\/www.azur-scenic.com\\\/en\\\/product\\\/artificial-turf\\\/#primaryimage\"},\"image\":{\"@id\":\"https:\\\/\\\/www.azur-scenic.com\\\/en\\\/product\\\/artificial-turf\\\/#primaryimage\"},\"thumbnailUrl\":\"https:\\\/\\\/www.azur-scenic.com\\\/wp-content\\\/uploads\\\/39ac873ec7f584f83b7ca094d5227049.png\",\"datePublished\":\"2022-10-04T07:26:58+00:00\",\"dateModified\":\"2023-08-02T12:53:20+00:00\",\"breadcrumb\":{\"@id\":\"https:\\\/\\\/www.azur-scenic.com\\\/en\\\/product\\\/artificial-turf\\\/#breadcrumb\"},\"inLanguage\":\"en-US\",\"potentialAction\":[{\"@type\":\"ReadAction\",\"target\":[\"https:\\\/\\\/www.azur-scenic.com\\\/en\\\/product\\\/artificial-turf\\\/\"]}]},{\"@type\":\"ImageObject\",\"inLanguage\":\"en-US\",\"@id\":\"https:\\\/\\\/www.azur-scenic.com\\\/en\\\/product\\\/artificial-turf\\\/#primaryimage\",\"url\":\"https:\\\/\\\/www.azur-scenic.com\\\/wp-content\\\/uploads\\\/39ac873ec7f584f83b7ca094d5227049.png\",\"contentUrl\":\"https:\\\/\\\/www.azur-scenic.com\\\/wp-content\\\/uploads\\\/39ac873ec7f584f83b7ca094d5227049.png\",\"width\":430,\"height\":430},{\"@type\":\"BreadcrumbList\",\"@id\":\"https:\\\/\\\/www.azur-scenic.com\\\/en\\\/product\\\/artificial-turf\\\/#breadcrumb\",\"itemListElement\":[{\"@type\":\"ListItem\",\"position\":1,\"name\":\"Accueil\",\"item\":\"https:\\\/\\\/www.azur-scenic.com\\\/en\\\/\"},{\"@type\":\"ListItem\",\"position\":2,\"name\":\"Produits\",\"item\":\"https:\\\/\\\/www.azur-scenic.com\\\/en\\\/?page_id=21438\"},{\"@type\":\"ListItem\",\"position\":3,\"name\":\"Artificial turf\"}]},{\"@type\":\"WebSite\",\"@id\":\"https:\\\/\\\/www.azur-scenic.com\\\/en\\\/#website\",\"url\":\"https:\\\/\\\/www.azur-scenic.com\\\/en\\\/\",\"name\":\"Azur Scenic\",\"description\":\"Sp\u00e9cialiste de l\u2019\u00e9quipement sc\u00e9nique et de la d\u00e9coration int\u00e9rieure et \u00e9v\u00e9nementielle !\",\"publisher\":{\"@id\":\"https:\\\/\\\/www.azur-scenic.com\\\/en\\\/#organization\"},\"potentialAction\":[{\"@type\":\"SearchAction\",\"target\":{\"@type\":\"EntryPoint\",\"urlTemplate\":\"https:\\\/\\\/www.azur-scenic.com\\\/en\\\/?s={search_term_string}\"},\"query-input\":{\"@type\":\"PropertyValueSpecification\",\"valueRequired\":true,\"valueName\":\"search_term_string\"}}],\"inLanguage\":\"en-US\"},{\"@type\":\"Organization\",\"@id\":\"https:\\\/\\\/www.azur-scenic.com\\\/en\\\/#organization\",\"name\":\"AZUR SCENIC\",\"url\":\"https:\\\/\\\/www.azur-scenic.com\\\/en\\\/\",\"logo\":{\"@type\":\"ImageObject\",\"inLanguage\":\"en-US\",\"@id\":\"https:\\\/\\\/www.azur-scenic.com\\\/en\\\/#\\\/schema\\\/logo\\\/image\\\/\",\"url\":\"https:\\\/\\\/www.azur-scenic.com\\\/wp-content\\\/uploads\\\/2022\\\/09\\\/LOGO-AZUR-SCENIC-Fusion-web-236x64-1.jpg\",\"contentUrl\":\"https:\\\/\\\/www.azur-scenic.com\\\/wp-content\\\/uploads\\\/2022\\\/09\\\/LOGO-AZUR-SCENIC-Fusion-web-236x64-1.jpg\",\"width\":236,\"height\":64,\"caption\":\"AZUR SCENIC\"},\"image\":{\"@id\":\"https:\\\/\\\/www.azur-scenic.com\\\/en\\\/#\\\/schema\\\/logo\\\/image\\\/\"},\"sameAs\":[\"https:\\\/\\\/www.youtube.com\\\/channel\\\/UCPWM2mGPVUt4nYhNlm71WOA\",\"https:\\\/\\\/www.linkedin.com\\\/company\\\/33237605\\\/admin\\\/feed\\\/posts\\\/\"]}]}<\/script>\n<!-- \/ Yoast SEO plugin. -->","yoast_head_json":{"title":"Artificial turf - Azur Scenic","robots":{"index":"index","follow":"follow","max-snippet":"max-snippet:-1","max-image-preview":"max-image-preview:large","max-video-preview":"max-video-preview:-1"},"canonical":"https:\/\/www.azur-scenic.com\/en\/product\/artificial-turf\/","og_locale":"en_US","og_type":"article","og_title":"Artificial turf - Azur Scenic","og_description":"Instantly give your spaces and events a natural look with this artificial turfwith a realistic look and Bfl-S1 flame-retardant rating. Flooring generally intended for stage and events uses (single-use recommended), it is ideal for all sorts of configurations including trade-fairs, exhibitions, fashion shows, decorating storefronts and widows, shows, stage sets, and scenery, etc. Can be used indoors and outdoors  Width: 200 cm Weight: 880 g\/m\u00b2  Flame-retardant rating: Bfl -S1 Composition: Pile: 100% Polypropylene Underlay: Synthetic latex","og_url":"https:\/\/www.azur-scenic.com\/en\/product\/artificial-turf\/","og_site_name":"Azur Scenic","article_modified_time":"2023-08-02T12:53:20+00:00","og_image":[{"width":430,"height":430,"url":"https:\/\/www.azur-scenic.com\/wp-content\/uploads\/39ac873ec7f584f83b7ca094d5227049.png","type":"image\/png"}],"twitter_card":"summary_large_image","schema":{"@context":"https:\/\/schema.org","@graph":[{"@type":"WebPage","@id":"https:\/\/www.azur-scenic.com\/en\/product\/artificial-turf\/","url":"https:\/\/www.azur-scenic.com\/en\/product\/artificial-turf\/","name":"Artificial turf - Azur Scenic","isPartOf":{"@id":"https:\/\/www.azur-scenic.com\/en\/#website"},"primaryImageOfPage":{"@id":"https:\/\/www.azur-scenic.com\/en\/product\/artificial-turf\/#primaryimage"},"image":{"@id":"https:\/\/www.azur-scenic.com\/en\/product\/artificial-turf\/#primaryimage"},"thumbnailUrl":"https:\/\/www.azur-scenic.com\/wp-content\/uploads\/39ac873ec7f584f83b7ca094d5227049.png","datePublished":"2022-10-04T07:26:58+00:00","dateModified":"2023-08-02T12:53:20+00:00","breadcrumb":{"@id":"https:\/\/www.azur-scenic.com\/en\/product\/artificial-turf\/#breadcrumb"},"inLanguage":"en-US","potentialAction":[{"@type":"ReadAction","target":["https:\/\/www.azur-scenic.com\/en\/product\/artificial-turf\/"]}]},{"@type":"ImageObject","inLanguage":"en-US","@id":"https:\/\/www.azur-scenic.com\/en\/product\/artificial-turf\/#primaryimage","url":"https:\/\/www.azur-scenic.com\/wp-content\/uploads\/39ac873ec7f584f83b7ca094d5227049.png","contentUrl":"https:\/\/www.azur-scenic.com\/wp-content\/uploads\/39ac873ec7f584f83b7ca094d5227049.png","width":430,"height":430},{"@type":"BreadcrumbList","@id":"https:\/\/www.azur-scenic.com\/en\/product\/artificial-turf\/#breadcrumb","itemListElement":[{"@type":"ListItem","position":1,"name":"Accueil","item":"https:\/\/www.azur-scenic.com\/en\/"},{"@type":"ListItem","position":2,"name":"Produits","item":"https:\/\/www.azur-scenic.com\/en\/?page_id=21438"},{"@type":"ListItem","position":3,"name":"Artificial turf"}]},{"@type":"WebSite","@id":"https:\/\/www.azur-scenic.com\/en\/#website","url":"https:\/\/www.azur-scenic.com\/en\/","name":"Azur Scenic","description":"Sp\u00e9cialiste de l\u2019\u00e9quipement sc\u00e9nique et de la d\u00e9coration int\u00e9rieure et \u00e9v\u00e9nementielle !","publisher":{"@id":"https:\/\/www.azur-scenic.com\/en\/#organization"},"potentialAction":[{"@type":"SearchAction","target":{"@type":"EntryPoint","urlTemplate":"https:\/\/www.azur-scenic.com\/en\/?s={search_term_string}"},"query-input":{"@type":"PropertyValueSpecification","valueRequired":true,"valueName":"search_term_string"}}],"inLanguage":"en-US"},{"@type":"Organization","@id":"https:\/\/www.azur-scenic.com\/en\/#organization","name":"AZUR SCENIC","url":"https:\/\/www.azur-scenic.com\/en\/","logo":{"@type":"ImageObject","inLanguage":"en-US","@id":"https:\/\/www.azur-scenic.com\/en\/#\/schema\/logo\/image\/","url":"https:\/\/www.azur-scenic.com\/wp-content\/uploads\/2022\/09\/LOGO-AZUR-SCENIC-Fusion-web-236x64-1.jpg","contentUrl":"https:\/\/www.azur-scenic.com\/wp-content\/uploads\/2022\/09\/LOGO-AZUR-SCENIC-Fusion-web-236x64-1.jpg","width":236,"height":64,"caption":"AZUR SCENIC"},"image":{"@id":"https:\/\/www.azur-scenic.com\/en\/#\/schema\/logo\/image\/"},"sameAs":["https:\/\/www.youtube.com\/channel\/UCPWM2mGPVUt4nYhNlm71WOA","https:\/\/www.linkedin.com\/company\/33237605\/admin\/feed\/posts\/"]}]}},"_links":{"self":[{"href":"https:\/\/www.azur-scenic.com\/en\/wp-json\/wp\/v2\/product\/17945","targetHints":{"allow":["GET"]}}],"collection":[{"href":"https:\/\/www.azur-scenic.com\/en\/wp-json\/wp\/v2\/product"}],"about":[{"href":"https:\/\/www.azur-scenic.com\/en\/wp-json\/wp\/v2\/types\/product"}],"wp:featuredmedia":[{"embeddable":true,"href":"https:\/\/www.azur-scenic.com\/en\/wp-json\/wp\/v2\/media\/7434"}],"wp:attachment":[{"href":"https:\/\/www.azur-scenic.com\/en\/wp-json\/wp\/v2\/media?parent=17945"}],"wp:term":[{"taxonomy":"product_brand","embeddable":true,"href":"https:\/\/www.azur-scenic.com\/en\/wp-json\/wp\/v2\/product_brand?post=17945"},{"taxonomy":"product_cat","embeddable":true,"href":"https:\/\/www.azur-scenic.com\/en\/wp-json\/wp\/v2\/product_cat?post=17945"},{"taxonomy":"product_tag","embeddable":true,"href":"https:\/\/www.azur-scenic.com\/en\/wp-json\/wp\/v2\/product_tag?post=17945"}],"curies":[{"name":"wp","href":"https:\/\/api.w.org\/{rel}","templated":true}]}}