{"id":17984,"date":"2022-10-04T07:26:57","date_gmt":"2022-10-04T07:26:57","guid":{"rendered":"https:\/\/www.azur-scenic.com\/produit\/velours-gounod\/"},"modified":"2023-08-02T12:53:41","modified_gmt":"2023-08-02T12:53:41","slug":"gounod-velour","status":"publish","type":"product","link":"https:\/\/www.azur-scenic.com\/en\/product\/gounod-velour\/","title":{"rendered":"Gounod velour"},"content":{"rendered":"<table>\n<thead>\n<tr>\n<th style=\"width: 150px;\">Technical data<\/th>\n<th style=\"width: 176px;\">Value<\/th>\n<th style=\"width: 202px;\">Notes<\/th>\n<\/tr>\n<\/thead>\n<tbody>\n<tr>\n<td style=\"vertical-align: top; width: 150px;\">Width<\/td>\n<td style=\"vertical-align: top; width: 176px;\">\u00b1 140 cm<\/td>\n<td style=\"vertical-align: top; width: 202px;\">\u00a0<\/td>\n<\/tr>\n<tr>\n<td style=\"vertical-align: top; width: 150px;\">Weight<\/td>\n<td style=\"vertical-align: top; width: 176px;\">450 g\/m\u00b2<\/td>\n<td style=\"vertical-align: top; width: 202px;\">\u00a0<\/td>\n<\/tr>\n<tr>\n<td style=\"vertical-align: top; width: 150px;\">Thickness<\/td>\n<td style=\"vertical-align: top; width: 176px;\">1.1 mm<\/td>\n<td style=\"vertical-align: top; width: 202px;\">\u00a0<\/td>\n<\/tr>\n<tr>\n<td style=\"vertical-align: top; width: 150px;\">Flame-retardant rating<\/td>\n<td style=\"vertical-align: top; width: 176px;\"><img decoding=\"async\" style=\"height: 20px; width: 20px;\" src=\"https:\/\/www.azur-scenic.com\/wp-content\/uploads\/csm_icon-flag-france_3304e5e3f9.png\" \/> M1<\/td>\n<td style=\"vertical-align: top; width: 202px;\">Standard: NF P 92 503-504-505<\/td>\n<\/tr>\n<tr>\n<td style=\"vertical-align: top; width: 150px;\">Composition<\/td>\n<td style=\"vertical-align: top; width: 176px;\">100% Cotton<\/td>\n<td style=\"vertical-align: top; width: 202px;\">\u00a0<\/td>\n<\/tr>\n<tr>\n<td style=\"vertical-align: top; width: 150px;\">Roll length<\/td>\n<td style=\"vertical-align: top; width: 176px;\">Approx. 30 to 40 m<\/td>\n<td style=\"vertical-align: top; width: 202px;\">Lengths not calibrated, variable lengths<br \/>\nCut-to-length possible<\/td>\n<\/tr>\n<tr>\n<td style=\"vertical-align: top; width: 150px;\">Acoustic properties<\/td>\n<td style=\"vertical-align: top; width: 176px;\">0.60 \u03b1w<br \/>\nC (highly absorbent)<\/td>\n<td style=\"vertical-align: top; width: 202px;\">Standard: ISO 354: 2004<\/td>\n<\/tr>\n<\/tbody>\n<\/table>\n<p>\u00a0<\/p><\/p>\n","protected":false},"excerpt":{"rendered":"<p>A medium-weight velour material offering <strong><span style=\"color: #f88523;\">excellent value for money<\/span><\/strong>, rated <span style=\"color: #f88523;\"><strong>M1 flame-retardant<\/strong><\/span>, and combining <span style=\"color: #f88523;\"><strong>acoustic properties<\/strong><\/span> and <span style=\"color: #f88523;\"><strong>opacity<\/strong><\/span>.<br \/>\nThis velour is available in a range of classic <span style=\"color: #f88523;\"><strong>theatrical colours<\/strong><\/span>, including black, 2 shades of red, grey, and navy blue.<br \/>\nThis velour is particularly appreciated for making <span style=\"color: #f88523;\"><strong>stage curtains<\/strong><\/span>, <span style=\"color: #f88523;\"><strong>banners<\/strong><\/span>, and more&#8230;<\/p>\n<table class=\"table\" style=\"background: #f7f7f7;\">\n<tbody>\n<tr>\n<td><strong>Width<\/strong>: \u00b1 140 cm<\/td>\n<td><strong>Weight<\/strong>: 450 g\/m\u00b2<\/td>\n<\/tr>\n<tr>\n<td><strong>Flame-retardant rating<\/strong>: <img decoding=\"async\" style=\"height: 20px; width: 20px;\" src=\"https:\/\/www.azur-scenic.com\/wp-content\/uploads\/csm_icon-flag-france_3304e5e3f9.png\" \/> M1<\/td>\n<td><strong>Composition<\/strong>: 100% Cotton<\/td>\n<\/tr>\n<\/tbody>\n<\/table>\n","protected":false},"featured_media":13381,"template":"","meta":{"_acf_changed":false},"product_brand":[],"product_cat":[898,893,894,1460,896,979,980,897],"product_tag":[],"class_list":{"0":"post-17984","1":"product","2":"type-product","3":"status-publish","4":"has-post-thumbnail","6":"product_cat-all-products","7":"product_cat-stage-and-events-material","8":"product_cat-velour","9":"product_cat-cotton-velour","10":"product_cat-black-out","11":"product_cat-acoustic-solutions","12":"product_cat-acoustic-absorption","13":"product_cat-theatre","14":"pa_couleurs-003-en","15":"pa_couleurs-108-en","16":"pa_couleurs-170-en","17":"pa_couleurs-250-en","18":"pa_couleurs-292-en","19":"pa_couleurs-790-en","20":"pa_groupes-de-couleurs-blue","21":"pa_groupes-de-couleurs-greys","22":"pa_groupes-de-couleurs-black","23":"pa_groupes-de-couleurs-red","24":"pa_textiles-acoustic-absorbant","25":"pa_textiles-flame-retardant-rated","26":"pa_textiles-black-out-and-or-screen-material","27":"pa_textiles-great-value","29":"first","30":"instock","31":"shipping-taxable","32":"purchasable","33":"product-type-variable"},"acf":[],"yoast_head":"<!-- This site is optimized with the Yoast SEO plugin v27.3 - https:\/\/yoast.com\/product\/yoast-seo-wordpress\/ -->\n<title>Gounod velour - Azur Scenic<\/title>\n<meta name=\"robots\" content=\"index, follow, max-snippet:-1, max-image-preview:large, max-video-preview:-1\" \/>\n<link rel=\"canonical\" href=\"https:\/\/www.azur-scenic.com\/en\/product\/gounod-velour\/\" \/>\n<meta property=\"og:locale\" content=\"en_US\" \/>\n<meta property=\"og:type\" content=\"article\" \/>\n<meta property=\"og:title\" content=\"Gounod velour - Azur Scenic\" \/>\n<meta property=\"og:description\" content=\"A medium-weight velour material offering excellent value for money, rated M1 flame-retardant, and combining acoustic properties and opacity. This velour is available in a range of classic theatrical colours, including black, 2 shades of red, grey, and navy blue. This velour is particularly appreciated for making stage curtains, banners, and more...  Width: \u00b1 140 cm Weight: 450 g\/m\u00b2  Flame-retardant rating: M1 Composition: 100% Cotton\" \/>\n<meta property=\"og:url\" content=\"https:\/\/www.azur-scenic.com\/en\/product\/gounod-velour\/\" \/>\n<meta property=\"og:site_name\" content=\"Azur Scenic\" \/>\n<meta property=\"article:modified_time\" content=\"2023-08-02T12:53:41+00:00\" \/>\n<meta property=\"og:image\" content=\"https:\/\/www.azur-scenic.com\/wp-content\/uploads\/Velours-Gounod-Noir-scaled.jpg\" \/>\n\t<meta property=\"og:image:width\" content=\"2560\" \/>\n\t<meta property=\"og:image:height\" content=\"2560\" \/>\n\t<meta property=\"og:image:type\" content=\"image\/jpeg\" \/>\n<meta name=\"twitter:card\" content=\"summary_large_image\" \/>\n<script type=\"application\/ld+json\" class=\"yoast-schema-graph\">{\"@context\":\"https:\\\/\\\/schema.org\",\"@graph\":[{\"@type\":\"WebPage\",\"@id\":\"https:\\\/\\\/www.azur-scenic.com\\\/en\\\/product\\\/gounod-velour\\\/\",\"url\":\"https:\\\/\\\/www.azur-scenic.com\\\/en\\\/product\\\/gounod-velour\\\/\",\"name\":\"Gounod velour - Azur Scenic\",\"isPartOf\":{\"@id\":\"https:\\\/\\\/www.azur-scenic.com\\\/en\\\/#website\"},\"primaryImageOfPage\":{\"@id\":\"https:\\\/\\\/www.azur-scenic.com\\\/en\\\/product\\\/gounod-velour\\\/#primaryimage\"},\"image\":{\"@id\":\"https:\\\/\\\/www.azur-scenic.com\\\/en\\\/product\\\/gounod-velour\\\/#primaryimage\"},\"thumbnailUrl\":\"https:\\\/\\\/www.azur-scenic.com\\\/wp-content\\\/uploads\\\/Velours-Gounod-Noir-scaled.jpg\",\"datePublished\":\"2022-10-04T07:26:57+00:00\",\"dateModified\":\"2023-08-02T12:53:41+00:00\",\"breadcrumb\":{\"@id\":\"https:\\\/\\\/www.azur-scenic.com\\\/en\\\/product\\\/gounod-velour\\\/#breadcrumb\"},\"inLanguage\":\"en-US\",\"potentialAction\":[{\"@type\":\"ReadAction\",\"target\":[\"https:\\\/\\\/www.azur-scenic.com\\\/en\\\/product\\\/gounod-velour\\\/\"]}]},{\"@type\":\"ImageObject\",\"inLanguage\":\"en-US\",\"@id\":\"https:\\\/\\\/www.azur-scenic.com\\\/en\\\/product\\\/gounod-velour\\\/#primaryimage\",\"url\":\"https:\\\/\\\/www.azur-scenic.com\\\/wp-content\\\/uploads\\\/Velours-Gounod-Noir-scaled.jpg\",\"contentUrl\":\"https:\\\/\\\/www.azur-scenic.com\\\/wp-content\\\/uploads\\\/Velours-Gounod-Noir-scaled.jpg\",\"width\":2560,\"height\":2560,\"caption\":\"Velours Gounod Noir\"},{\"@type\":\"BreadcrumbList\",\"@id\":\"https:\\\/\\\/www.azur-scenic.com\\\/en\\\/product\\\/gounod-velour\\\/#breadcrumb\",\"itemListElement\":[{\"@type\":\"ListItem\",\"position\":1,\"name\":\"Accueil\",\"item\":\"https:\\\/\\\/www.azur-scenic.com\\\/en\\\/\"},{\"@type\":\"ListItem\",\"position\":2,\"name\":\"Produits\",\"item\":\"https:\\\/\\\/www.azur-scenic.com\\\/en\\\/?page_id=21438\"},{\"@type\":\"ListItem\",\"position\":3,\"name\":\"Gounod velour\"}]},{\"@type\":\"WebSite\",\"@id\":\"https:\\\/\\\/www.azur-scenic.com\\\/en\\\/#website\",\"url\":\"https:\\\/\\\/www.azur-scenic.com\\\/en\\\/\",\"name\":\"Azur Scenic\",\"description\":\"Sp\u00e9cialiste de l\u2019\u00e9quipement sc\u00e9nique et de la d\u00e9coration int\u00e9rieure et \u00e9v\u00e9nementielle !\",\"publisher\":{\"@id\":\"https:\\\/\\\/www.azur-scenic.com\\\/en\\\/#organization\"},\"potentialAction\":[{\"@type\":\"SearchAction\",\"target\":{\"@type\":\"EntryPoint\",\"urlTemplate\":\"https:\\\/\\\/www.azur-scenic.com\\\/en\\\/?s={search_term_string}\"},\"query-input\":{\"@type\":\"PropertyValueSpecification\",\"valueRequired\":true,\"valueName\":\"search_term_string\"}}],\"inLanguage\":\"en-US\"},{\"@type\":\"Organization\",\"@id\":\"https:\\\/\\\/www.azur-scenic.com\\\/en\\\/#organization\",\"name\":\"AZUR SCENIC\",\"url\":\"https:\\\/\\\/www.azur-scenic.com\\\/en\\\/\",\"logo\":{\"@type\":\"ImageObject\",\"inLanguage\":\"en-US\",\"@id\":\"https:\\\/\\\/www.azur-scenic.com\\\/en\\\/#\\\/schema\\\/logo\\\/image\\\/\",\"url\":\"https:\\\/\\\/www.azur-scenic.com\\\/wp-content\\\/uploads\\\/2022\\\/09\\\/LOGO-AZUR-SCENIC-Fusion-web-236x64-1.jpg\",\"contentUrl\":\"https:\\\/\\\/www.azur-scenic.com\\\/wp-content\\\/uploads\\\/2022\\\/09\\\/LOGO-AZUR-SCENIC-Fusion-web-236x64-1.jpg\",\"width\":236,\"height\":64,\"caption\":\"AZUR SCENIC\"},\"image\":{\"@id\":\"https:\\\/\\\/www.azur-scenic.com\\\/en\\\/#\\\/schema\\\/logo\\\/image\\\/\"},\"sameAs\":[\"https:\\\/\\\/www.youtube.com\\\/channel\\\/UCPWM2mGPVUt4nYhNlm71WOA\",\"https:\\\/\\\/www.linkedin.com\\\/company\\\/33237605\\\/admin\\\/feed\\\/posts\\\/\"]}]}<\/script>\n<!-- \/ Yoast SEO plugin. -->","yoast_head_json":{"title":"Gounod velour - Azur Scenic","robots":{"index":"index","follow":"follow","max-snippet":"max-snippet:-1","max-image-preview":"max-image-preview:large","max-video-preview":"max-video-preview:-1"},"canonical":"https:\/\/www.azur-scenic.com\/en\/product\/gounod-velour\/","og_locale":"en_US","og_type":"article","og_title":"Gounod velour - Azur Scenic","og_description":"A medium-weight velour material offering excellent value for money, rated M1 flame-retardant, and combining acoustic properties and opacity. This velour is available in a range of classic theatrical colours, including black, 2 shades of red, grey, and navy blue. This velour is particularly appreciated for making stage curtains, banners, and more...  Width: \u00b1 140 cm Weight: 450 g\/m\u00b2  Flame-retardant rating: M1 Composition: 100% Cotton","og_url":"https:\/\/www.azur-scenic.com\/en\/product\/gounod-velour\/","og_site_name":"Azur Scenic","article_modified_time":"2023-08-02T12:53:41+00:00","og_image":[{"width":2560,"height":2560,"url":"https:\/\/www.azur-scenic.com\/wp-content\/uploads\/Velours-Gounod-Noir-scaled.jpg","type":"image\/jpeg"}],"twitter_card":"summary_large_image","schema":{"@context":"https:\/\/schema.org","@graph":[{"@type":"WebPage","@id":"https:\/\/www.azur-scenic.com\/en\/product\/gounod-velour\/","url":"https:\/\/www.azur-scenic.com\/en\/product\/gounod-velour\/","name":"Gounod velour - Azur Scenic","isPartOf":{"@id":"https:\/\/www.azur-scenic.com\/en\/#website"},"primaryImageOfPage":{"@id":"https:\/\/www.azur-scenic.com\/en\/product\/gounod-velour\/#primaryimage"},"image":{"@id":"https:\/\/www.azur-scenic.com\/en\/product\/gounod-velour\/#primaryimage"},"thumbnailUrl":"https:\/\/www.azur-scenic.com\/wp-content\/uploads\/Velours-Gounod-Noir-scaled.jpg","datePublished":"2022-10-04T07:26:57+00:00","dateModified":"2023-08-02T12:53:41+00:00","breadcrumb":{"@id":"https:\/\/www.azur-scenic.com\/en\/product\/gounod-velour\/#breadcrumb"},"inLanguage":"en-US","potentialAction":[{"@type":"ReadAction","target":["https:\/\/www.azur-scenic.com\/en\/product\/gounod-velour\/"]}]},{"@type":"ImageObject","inLanguage":"en-US","@id":"https:\/\/www.azur-scenic.com\/en\/product\/gounod-velour\/#primaryimage","url":"https:\/\/www.azur-scenic.com\/wp-content\/uploads\/Velours-Gounod-Noir-scaled.jpg","contentUrl":"https:\/\/www.azur-scenic.com\/wp-content\/uploads\/Velours-Gounod-Noir-scaled.jpg","width":2560,"height":2560,"caption":"Velours Gounod Noir"},{"@type":"BreadcrumbList","@id":"https:\/\/www.azur-scenic.com\/en\/product\/gounod-velour\/#breadcrumb","itemListElement":[{"@type":"ListItem","position":1,"name":"Accueil","item":"https:\/\/www.azur-scenic.com\/en\/"},{"@type":"ListItem","position":2,"name":"Produits","item":"https:\/\/www.azur-scenic.com\/en\/?page_id=21438"},{"@type":"ListItem","position":3,"name":"Gounod velour"}]},{"@type":"WebSite","@id":"https:\/\/www.azur-scenic.com\/en\/#website","url":"https:\/\/www.azur-scenic.com\/en\/","name":"Azur Scenic","description":"Sp\u00e9cialiste de l\u2019\u00e9quipement sc\u00e9nique et de la d\u00e9coration int\u00e9rieure et \u00e9v\u00e9nementielle !","publisher":{"@id":"https:\/\/www.azur-scenic.com\/en\/#organization"},"potentialAction":[{"@type":"SearchAction","target":{"@type":"EntryPoint","urlTemplate":"https:\/\/www.azur-scenic.com\/en\/?s={search_term_string}"},"query-input":{"@type":"PropertyValueSpecification","valueRequired":true,"valueName":"search_term_string"}}],"inLanguage":"en-US"},{"@type":"Organization","@id":"https:\/\/www.azur-scenic.com\/en\/#organization","name":"AZUR SCENIC","url":"https:\/\/www.azur-scenic.com\/en\/","logo":{"@type":"ImageObject","inLanguage":"en-US","@id":"https:\/\/www.azur-scenic.com\/en\/#\/schema\/logo\/image\/","url":"https:\/\/www.azur-scenic.com\/wp-content\/uploads\/2022\/09\/LOGO-AZUR-SCENIC-Fusion-web-236x64-1.jpg","contentUrl":"https:\/\/www.azur-scenic.com\/wp-content\/uploads\/2022\/09\/LOGO-AZUR-SCENIC-Fusion-web-236x64-1.jpg","width":236,"height":64,"caption":"AZUR SCENIC"},"image":{"@id":"https:\/\/www.azur-scenic.com\/en\/#\/schema\/logo\/image\/"},"sameAs":["https:\/\/www.youtube.com\/channel\/UCPWM2mGPVUt4nYhNlm71WOA","https:\/\/www.linkedin.com\/company\/33237605\/admin\/feed\/posts\/"]}]}},"_links":{"self":[{"href":"https:\/\/www.azur-scenic.com\/en\/wp-json\/wp\/v2\/product\/17984","targetHints":{"allow":["GET"]}}],"collection":[{"href":"https:\/\/www.azur-scenic.com\/en\/wp-json\/wp\/v2\/product"}],"about":[{"href":"https:\/\/www.azur-scenic.com\/en\/wp-json\/wp\/v2\/types\/product"}],"wp:featuredmedia":[{"embeddable":true,"href":"https:\/\/www.azur-scenic.com\/en\/wp-json\/wp\/v2\/media\/13381"}],"wp:attachment":[{"href":"https:\/\/www.azur-scenic.com\/en\/wp-json\/wp\/v2\/media?parent=17984"}],"wp:term":[{"taxonomy":"product_brand","embeddable":true,"href":"https:\/\/www.azur-scenic.com\/en\/wp-json\/wp\/v2\/product_brand?post=17984"},{"taxonomy":"product_cat","embeddable":true,"href":"https:\/\/www.azur-scenic.com\/en\/wp-json\/wp\/v2\/product_cat?post=17984"},{"taxonomy":"product_tag","embeddable":true,"href":"https:\/\/www.azur-scenic.com\/en\/wp-json\/wp\/v2\/product_tag?post=17984"}],"curies":[{"name":"wp","href":"https:\/\/api.w.org\/{rel}","templated":true}]}}