{"id":18005,"date":"2022-10-04T07:26:52","date_gmt":"2022-10-04T07:26:52","guid":{"rendered":"https:\/\/www.azur-scenic.com\/produit\/velours-delalande\/"},"modified":"2023-08-02T12:53:46","modified_gmt":"2023-08-02T12:53:46","slug":"delalande-velour","status":"publish","type":"product","link":"https:\/\/www.azur-scenic.com\/en\/product\/delalande-velour\/","title":{"rendered":"Delalande Velour"},"content":{"rendered":"<table>\n<thead>\n<tr>\n<th style=\"width: 170px;\">Technical data<\/th>\n<th style=\"width: 109px;\">Value<\/th>\n<th style=\"width: 191px;\">Notes<\/th>\n<\/tr>\n<\/thead>\n<tbody>\n<tr>\n<td style=\"vertical-align: top;\">Width<\/td>\n<td style=\"vertical-align: top; width: 109px;\">155 cm<\/td>\n<td style=\"vertical-align: top; width: 191px;\">\u00a0<\/td>\n<\/tr>\n<tr>\n<td style=\"vertical-align: top;\">Weight<\/td>\n<td style=\"vertical-align: top; width: 109px;\">570 g\/m\u00b2<\/td>\n<td style=\"vertical-align: top; width: 191px;\">\u00a0<\/td>\n<\/tr>\n<tr>\n<td style=\"vertical-align: top;\">Thickness<\/td>\n<td style=\"vertical-align: top; width: 109px;\">2.4 mm<\/td>\n<td style=\"vertical-align: top; width: 191px;\">\u00a0<\/td>\n<\/tr>\n<tr>\n<td style=\"vertical-align: top;\">Flame-retardant rating<\/td>\n<td style=\"vertical-align: top; width: 109px;\"><img decoding=\"async\" style=\"height: 20px; width: 20px;\" src=\"https:\/\/www.azur-scenic.com\/wp-content\/uploads\/csm_icon-flag-france_3304e5e3f9.png\" \/> M1<\/td>\n<td style=\"vertical-align: top; width: 191px;\">Standard: NF P 92 503-504-505<\/td>\n<\/tr>\n<tr>\n<td style=\"vertical-align: top;\">Composition<\/td>\n<td style=\"vertical-align: top;\" colspan=\"2\" rowspan=\"1\">100% FR Polyester<\/td>\n<\/tr>\n<tr>\n<td style=\"vertical-align: top;\">Roll length<\/td>\n<td style=\"vertical-align: top; width: 109px;\">Approx. 30 &#8211; 35 m<\/td>\n<td style=\"vertical-align: top; width: 191px;\">Lengths not calibrated, variable lengths<br \/>\nCut-to-length possible<\/td>\n<\/tr>\n<tr>\n<td style=\"vertical-align: top;\">Tensile strength at break<\/td>\n<td style=\"vertical-align: top; width: 109px;\">Warp: > 95 kg<br \/>\nWeft: > 100 kg<\/td>\n<td style=\"vertical-align: top; width: 191px;\">Standard: ISO 13934-1<\/td>\n<\/tr>\n<tr>\n<td style=\"vertical-align: top;\">Elongation at break<\/td>\n<td style=\"vertical-align: top; width: 109px;\">Warp: > 10%<br \/>\nWeft: > 20%<\/td>\n<td style=\"vertical-align: top; width: 191px;\">Standard: ISO 13934-1<\/td>\n<\/tr>\n<tr>\n<td style=\"vertical-align: top;\">Tear Force<\/td>\n<td style=\"vertical-align: top; width: 109px;\">Warp: > 40 N<br \/>\nWeft: > 40 N<\/td>\n<td style=\"vertical-align: top; width: 191px;\">Standard: ISO 13937-3<\/td>\n<\/tr>\n<tr>\n<td style=\"vertical-align: top;\">Abrasion resistance<\/td>\n<td style=\"vertical-align: top; width: 109px;\">60,000 cycles<\/td>\n<td style=\"vertical-align: top; width: 191px;\">Standard: ISO 12947 (Martindale)<\/td>\n<\/tr>\n<tr>\n<td style=\"vertical-align: top;\">Acoustic properties<br \/>\nWSAC<br \/>\nSAC<br \/>\nNRC<br \/>\nSAA<\/td>\n<td style=\"vertical-align: top; width: 109px;\">1 \u03b1w<br \/>\nA <span style=\"font-size: 10px;\">(extreme absorption)<\/span><br \/>\n0.95<br \/>\n0.95<\/td>\n<td style=\"vertical-align: top; width: 191px;\">Standards:<br \/>\nISO 354 &#8211;\u00a0ISO 11654\u00a0&#8211;\u00a0ASTM C423<\/td>\n<\/tr>\n<\/tbody>\n<\/table>\n","protected":false},"excerpt":{"rendered":"<p>A <span style=\"color: #f88523;\"><strong>heavy<\/strong><\/span>velour material with\u00a0<strong><span style=\"color: #f88523;\">exceptional acoustic absorption properties<\/span><\/strong> and rated <span style=\"color: #f88523;\"><strong>M1 flame-retardant<\/strong><\/span>.<br \/>\nThis <span style=\"color: #f88523;\"><strong>yarn-dyed<\/strong><\/span> velour is available in an impressive range of attractive <span style=\"color: #f88523;\"><strong>colours<\/strong><\/span>, and offers the advantage of very little difference in shade between production runs.<br \/>\nThis FR polyester velour is particularly\u00a0<span style=\"color: #f88523;\"><strong>hard-wearing<\/strong><\/span>\u00a0and is also <span style=\"color: #f88523;\"><strong>washable<\/strong><\/span>, which makes it perfect for making <span style=\"color: #f88523;\"><strong>curtains<\/strong><\/span> for use both indoors and <span style=\"color: #f88523;\"><strong>outdoors<\/strong><\/span>.<br \/>\nWoven in <span style=\"color: #f88523;\"><strong>1.55 m widths<\/strong><\/span>, this velour lets you make banners larger than standard sizes normally available, while limiting the number of seams.<\/p>\n<table class=\"table\" style=\"background: #f7f7f7;\">\n<tbody>\n<tr>\n<td><strong>Width<\/strong>: 155 cm<\/td>\n<td><strong>Weight<\/strong>: 570 g\/m\u00b2<\/td>\n<\/tr>\n<tr>\n<td><strong>Flame-retardant rating<\/strong>: <img decoding=\"async\" style=\"height: 20px; width: 20px;\" src=\"https:\/\/www.azur-scenic.com\/wp-content\/uploads\/csm_icon-flag-france_3304e5e3f9.png\" \/> M1<\/td>\n<td><strong>Composition<\/strong>: 100% FR Polyester<\/td>\n<\/tr>\n<\/tbody>\n<\/table>\n","protected":false},"featured_media":14937,"template":"","meta":{"_acf_changed":false},"product_brand":[],"product_cat":[898,893,894,895],"product_tag":[],"class_list":{"0":"post-18005","1":"product","2":"type-product","3":"status-publish","4":"has-post-thumbnail","6":"product_cat-all-products","7":"product_cat-stage-and-events-material","8":"product_cat-velour","9":"product_cat-polyester-velour","10":"pa_couleurs-003-en","11":"pa_couleurs-180-en","12":"pa_couleurs-200-en","13":"pa_couleurs-270-en","14":"pa_couleurs-290-en","15":"pa_couleurs-330-en","16":"pa_couleurs-440-en","17":"pa_couleurs-445-en","18":"pa_couleurs-518-en","19":"pa_couleurs-533-en","20":"pa_couleurs-550-en","21":"pa_couleurs-570-en","22":"pa_couleurs-630-en","23":"pa_couleurs-655-en","24":"pa_couleurs-740-en","25":"pa_couleurs-765-en","26":"pa_couleurs-770-en","27":"pa_couleurs-790-en","28":"pa_couleurs-870-en","29":"pa_groupes-de-couleurs-blue","30":"pa_groupes-de-couleurs-greys","31":"pa_groupes-de-couleurs-yellow","32":"pa_groupes-de-couleurs-brown-beige","33":"pa_groupes-de-couleurs-black","34":"pa_groupes-de-couleurs-orange","35":"pa_groupes-de-couleurs-red","36":"pa_groupes-de-couleurs-green","37":"pa_groupes-de-couleurs-purple","38":"pa_textiles-acoustic-absorbant","39":"pa_textiles-suitable-for-outdoors-use","40":"pa_textiles-flame-retardant-rated","41":"pa_textiles-washable","42":"pa_textiles-very-large-width","44":"first","45":"instock","46":"shipping-taxable","47":"purchasable","48":"product-type-variable"},"acf":[],"yoast_head":"<!-- This site is optimized with the Yoast SEO plugin v27.3 - https:\/\/yoast.com\/product\/yoast-seo-wordpress\/ -->\n<title>Delalande Velour - Azur Scenic<\/title>\n<meta name=\"robots\" content=\"index, follow, max-snippet:-1, max-image-preview:large, max-video-preview:-1\" \/>\n<link rel=\"canonical\" href=\"https:\/\/www.azur-scenic.com\/en\/product\/delalande-velour\/\" \/>\n<meta property=\"og:locale\" content=\"en_US\" \/>\n<meta property=\"og:type\" content=\"article\" \/>\n<meta property=\"og:title\" content=\"Delalande Velour - Azur Scenic\" \/>\n<meta property=\"og:description\" content=\"A heavyvelour material with\u00a0exceptional acoustic absorption properties and rated M1 flame-retardant. This yarn-dyed velour is available in an impressive range of attractive colours, and offers the advantage of very little difference in shade between production runs. This FR polyester velour is particularly\u00a0hard-wearing\u00a0and is also washable, which makes it perfect for making curtains for use both indoors and outdoors. Woven in 1.55 m widths, this velour lets you make banners larger than standard sizes normally available, while limiting the number of seams.  Width: 155 cm Weight: 570 g\/m\u00b2  Flame-retardant rating: M1 Composition: 100% FR Polyester\" \/>\n<meta property=\"og:url\" content=\"https:\/\/www.azur-scenic.com\/en\/product\/delalande-velour\/\" \/>\n<meta property=\"og:site_name\" content=\"Azur Scenic\" \/>\n<meta property=\"article:modified_time\" content=\"2023-08-02T12:53:46+00:00\" \/>\n<meta property=\"og:image\" content=\"https:\/\/www.azur-scenic.com\/wp-content\/uploads\/Velours-Delalande-Noir-1.jpg\" \/>\n\t<meta property=\"og:image:width\" content=\"1525\" \/>\n\t<meta property=\"og:image:height\" content=\"1525\" \/>\n\t<meta property=\"og:image:type\" content=\"image\/jpeg\" \/>\n<meta name=\"twitter:card\" content=\"summary_large_image\" \/>\n<script type=\"application\/ld+json\" class=\"yoast-schema-graph\">{\"@context\":\"https:\\\/\\\/schema.org\",\"@graph\":[{\"@type\":\"WebPage\",\"@id\":\"https:\\\/\\\/www.azur-scenic.com\\\/en\\\/product\\\/delalande-velour\\\/\",\"url\":\"https:\\\/\\\/www.azur-scenic.com\\\/en\\\/product\\\/delalande-velour\\\/\",\"name\":\"Delalande Velour - Azur Scenic\",\"isPartOf\":{\"@id\":\"https:\\\/\\\/www.azur-scenic.com\\\/en\\\/#website\"},\"primaryImageOfPage\":{\"@id\":\"https:\\\/\\\/www.azur-scenic.com\\\/en\\\/product\\\/delalande-velour\\\/#primaryimage\"},\"image\":{\"@id\":\"https:\\\/\\\/www.azur-scenic.com\\\/en\\\/product\\\/delalande-velour\\\/#primaryimage\"},\"thumbnailUrl\":\"https:\\\/\\\/www.azur-scenic.com\\\/wp-content\\\/uploads\\\/Velours-Delalande-Noir-1.jpg\",\"datePublished\":\"2022-10-04T07:26:52+00:00\",\"dateModified\":\"2023-08-02T12:53:46+00:00\",\"breadcrumb\":{\"@id\":\"https:\\\/\\\/www.azur-scenic.com\\\/en\\\/product\\\/delalande-velour\\\/#breadcrumb\"},\"inLanguage\":\"en-US\",\"potentialAction\":[{\"@type\":\"ReadAction\",\"target\":[\"https:\\\/\\\/www.azur-scenic.com\\\/en\\\/product\\\/delalande-velour\\\/\"]}]},{\"@type\":\"ImageObject\",\"inLanguage\":\"en-US\",\"@id\":\"https:\\\/\\\/www.azur-scenic.com\\\/en\\\/product\\\/delalande-velour\\\/#primaryimage\",\"url\":\"https:\\\/\\\/www.azur-scenic.com\\\/wp-content\\\/uploads\\\/Velours-Delalande-Noir-1.jpg\",\"contentUrl\":\"https:\\\/\\\/www.azur-scenic.com\\\/wp-content\\\/uploads\\\/Velours-Delalande-Noir-1.jpg\",\"width\":1525,\"height\":1525,\"caption\":\"Velours Delalande Noir\"},{\"@type\":\"BreadcrumbList\",\"@id\":\"https:\\\/\\\/www.azur-scenic.com\\\/en\\\/product\\\/delalande-velour\\\/#breadcrumb\",\"itemListElement\":[{\"@type\":\"ListItem\",\"position\":1,\"name\":\"Accueil\",\"item\":\"https:\\\/\\\/www.azur-scenic.com\\\/en\\\/\"},{\"@type\":\"ListItem\",\"position\":2,\"name\":\"Produits\",\"item\":\"https:\\\/\\\/www.azur-scenic.com\\\/en\\\/?page_id=21438\"},{\"@type\":\"ListItem\",\"position\":3,\"name\":\"Delalande Velour\"}]},{\"@type\":\"WebSite\",\"@id\":\"https:\\\/\\\/www.azur-scenic.com\\\/en\\\/#website\",\"url\":\"https:\\\/\\\/www.azur-scenic.com\\\/en\\\/\",\"name\":\"Azur Scenic\",\"description\":\"Sp\u00e9cialiste de l\u2019\u00e9quipement sc\u00e9nique et de la d\u00e9coration int\u00e9rieure et \u00e9v\u00e9nementielle !\",\"publisher\":{\"@id\":\"https:\\\/\\\/www.azur-scenic.com\\\/en\\\/#organization\"},\"potentialAction\":[{\"@type\":\"SearchAction\",\"target\":{\"@type\":\"EntryPoint\",\"urlTemplate\":\"https:\\\/\\\/www.azur-scenic.com\\\/en\\\/?s={search_term_string}\"},\"query-input\":{\"@type\":\"PropertyValueSpecification\",\"valueRequired\":true,\"valueName\":\"search_term_string\"}}],\"inLanguage\":\"en-US\"},{\"@type\":\"Organization\",\"@id\":\"https:\\\/\\\/www.azur-scenic.com\\\/en\\\/#organization\",\"name\":\"AZUR SCENIC\",\"url\":\"https:\\\/\\\/www.azur-scenic.com\\\/en\\\/\",\"logo\":{\"@type\":\"ImageObject\",\"inLanguage\":\"en-US\",\"@id\":\"https:\\\/\\\/www.azur-scenic.com\\\/en\\\/#\\\/schema\\\/logo\\\/image\\\/\",\"url\":\"https:\\\/\\\/www.azur-scenic.com\\\/wp-content\\\/uploads\\\/2022\\\/09\\\/LOGO-AZUR-SCENIC-Fusion-web-236x64-1.jpg\",\"contentUrl\":\"https:\\\/\\\/www.azur-scenic.com\\\/wp-content\\\/uploads\\\/2022\\\/09\\\/LOGO-AZUR-SCENIC-Fusion-web-236x64-1.jpg\",\"width\":236,\"height\":64,\"caption\":\"AZUR SCENIC\"},\"image\":{\"@id\":\"https:\\\/\\\/www.azur-scenic.com\\\/en\\\/#\\\/schema\\\/logo\\\/image\\\/\"},\"sameAs\":[\"https:\\\/\\\/www.youtube.com\\\/channel\\\/UCPWM2mGPVUt4nYhNlm71WOA\",\"https:\\\/\\\/www.linkedin.com\\\/company\\\/33237605\\\/admin\\\/feed\\\/posts\\\/\"]}]}<\/script>\n<!-- \/ Yoast SEO plugin. -->","yoast_head_json":{"title":"Delalande Velour - Azur Scenic","robots":{"index":"index","follow":"follow","max-snippet":"max-snippet:-1","max-image-preview":"max-image-preview:large","max-video-preview":"max-video-preview:-1"},"canonical":"https:\/\/www.azur-scenic.com\/en\/product\/delalande-velour\/","og_locale":"en_US","og_type":"article","og_title":"Delalande Velour - Azur Scenic","og_description":"A heavyvelour material with\u00a0exceptional acoustic absorption properties and rated M1 flame-retardant. This yarn-dyed velour is available in an impressive range of attractive colours, and offers the advantage of very little difference in shade between production runs. This FR polyester velour is particularly\u00a0hard-wearing\u00a0and is also washable, which makes it perfect for making curtains for use both indoors and outdoors. Woven in 1.55 m widths, this velour lets you make banners larger than standard sizes normally available, while limiting the number of seams.  Width: 155 cm Weight: 570 g\/m\u00b2  Flame-retardant rating: M1 Composition: 100% FR Polyester","og_url":"https:\/\/www.azur-scenic.com\/en\/product\/delalande-velour\/","og_site_name":"Azur Scenic","article_modified_time":"2023-08-02T12:53:46+00:00","og_image":[{"width":1525,"height":1525,"url":"https:\/\/www.azur-scenic.com\/wp-content\/uploads\/Velours-Delalande-Noir-1.jpg","type":"image\/jpeg"}],"twitter_card":"summary_large_image","schema":{"@context":"https:\/\/schema.org","@graph":[{"@type":"WebPage","@id":"https:\/\/www.azur-scenic.com\/en\/product\/delalande-velour\/","url":"https:\/\/www.azur-scenic.com\/en\/product\/delalande-velour\/","name":"Delalande Velour - Azur Scenic","isPartOf":{"@id":"https:\/\/www.azur-scenic.com\/en\/#website"},"primaryImageOfPage":{"@id":"https:\/\/www.azur-scenic.com\/en\/product\/delalande-velour\/#primaryimage"},"image":{"@id":"https:\/\/www.azur-scenic.com\/en\/product\/delalande-velour\/#primaryimage"},"thumbnailUrl":"https:\/\/www.azur-scenic.com\/wp-content\/uploads\/Velours-Delalande-Noir-1.jpg","datePublished":"2022-10-04T07:26:52+00:00","dateModified":"2023-08-02T12:53:46+00:00","breadcrumb":{"@id":"https:\/\/www.azur-scenic.com\/en\/product\/delalande-velour\/#breadcrumb"},"inLanguage":"en-US","potentialAction":[{"@type":"ReadAction","target":["https:\/\/www.azur-scenic.com\/en\/product\/delalande-velour\/"]}]},{"@type":"ImageObject","inLanguage":"en-US","@id":"https:\/\/www.azur-scenic.com\/en\/product\/delalande-velour\/#primaryimage","url":"https:\/\/www.azur-scenic.com\/wp-content\/uploads\/Velours-Delalande-Noir-1.jpg","contentUrl":"https:\/\/www.azur-scenic.com\/wp-content\/uploads\/Velours-Delalande-Noir-1.jpg","width":1525,"height":1525,"caption":"Velours Delalande Noir"},{"@type":"BreadcrumbList","@id":"https:\/\/www.azur-scenic.com\/en\/product\/delalande-velour\/#breadcrumb","itemListElement":[{"@type":"ListItem","position":1,"name":"Accueil","item":"https:\/\/www.azur-scenic.com\/en\/"},{"@type":"ListItem","position":2,"name":"Produits","item":"https:\/\/www.azur-scenic.com\/en\/?page_id=21438"},{"@type":"ListItem","position":3,"name":"Delalande Velour"}]},{"@type":"WebSite","@id":"https:\/\/www.azur-scenic.com\/en\/#website","url":"https:\/\/www.azur-scenic.com\/en\/","name":"Azur Scenic","description":"Sp\u00e9cialiste de l\u2019\u00e9quipement sc\u00e9nique et de la d\u00e9coration int\u00e9rieure et \u00e9v\u00e9nementielle !","publisher":{"@id":"https:\/\/www.azur-scenic.com\/en\/#organization"},"potentialAction":[{"@type":"SearchAction","target":{"@type":"EntryPoint","urlTemplate":"https:\/\/www.azur-scenic.com\/en\/?s={search_term_string}"},"query-input":{"@type":"PropertyValueSpecification","valueRequired":true,"valueName":"search_term_string"}}],"inLanguage":"en-US"},{"@type":"Organization","@id":"https:\/\/www.azur-scenic.com\/en\/#organization","name":"AZUR SCENIC","url":"https:\/\/www.azur-scenic.com\/en\/","logo":{"@type":"ImageObject","inLanguage":"en-US","@id":"https:\/\/www.azur-scenic.com\/en\/#\/schema\/logo\/image\/","url":"https:\/\/www.azur-scenic.com\/wp-content\/uploads\/2022\/09\/LOGO-AZUR-SCENIC-Fusion-web-236x64-1.jpg","contentUrl":"https:\/\/www.azur-scenic.com\/wp-content\/uploads\/2022\/09\/LOGO-AZUR-SCENIC-Fusion-web-236x64-1.jpg","width":236,"height":64,"caption":"AZUR SCENIC"},"image":{"@id":"https:\/\/www.azur-scenic.com\/en\/#\/schema\/logo\/image\/"},"sameAs":["https:\/\/www.youtube.com\/channel\/UCPWM2mGPVUt4nYhNlm71WOA","https:\/\/www.linkedin.com\/company\/33237605\/admin\/feed\/posts\/"]}]}},"_links":{"self":[{"href":"https:\/\/www.azur-scenic.com\/en\/wp-json\/wp\/v2\/product\/18005","targetHints":{"allow":["GET"]}}],"collection":[{"href":"https:\/\/www.azur-scenic.com\/en\/wp-json\/wp\/v2\/product"}],"about":[{"href":"https:\/\/www.azur-scenic.com\/en\/wp-json\/wp\/v2\/types\/product"}],"wp:featuredmedia":[{"embeddable":true,"href":"https:\/\/www.azur-scenic.com\/en\/wp-json\/wp\/v2\/media\/14937"}],"wp:attachment":[{"href":"https:\/\/www.azur-scenic.com\/en\/wp-json\/wp\/v2\/media?parent=18005"}],"wp:term":[{"taxonomy":"product_brand","embeddable":true,"href":"https:\/\/www.azur-scenic.com\/en\/wp-json\/wp\/v2\/product_brand?post=18005"},{"taxonomy":"product_cat","embeddable":true,"href":"https:\/\/www.azur-scenic.com\/en\/wp-json\/wp\/v2\/product_cat?post=18005"},{"taxonomy":"product_tag","embeddable":true,"href":"https:\/\/www.azur-scenic.com\/en\/wp-json\/wp\/v2\/product_tag?post=18005"}],"curies":[{"name":"wp","href":"https:\/\/api.w.org\/{rel}","templated":true}]}}