{"id":18159,"date":"2022-10-04T07:26:35","date_gmt":"2022-10-04T07:26:35","guid":{"rendered":"https:\/\/www.azur-scenic.com\/produit\/velours-amazone\/"},"modified":"2023-08-02T12:53:58","modified_gmt":"2023-08-02T12:53:58","slug":"amazone-velour","status":"publish","type":"product","link":"https:\/\/www.azur-scenic.com\/en\/product\/amazone-velour\/","title":{"rendered":"Amazone Velour"},"content":{"rendered":"<table>\n<thead>\n<tr>\n<th style=\"width: 170px;\">Technical data<\/th>\n<th style=\"width: 158px;\">Value<\/th>\n<th style=\"width: 201px;\">Notes<\/th>\n<\/tr>\n<\/thead>\n<tbody>\n<tr>\n<td style=\"vertical-align: top;\">Width<\/td>\n<td style=\"vertical-align: top; width: 158px;\">140 cm<\/td>\n<td style=\"vertical-align: top; width: 201px;\">\u00a0<\/td>\n<\/tr>\n<tr>\n<td style=\"vertical-align: top;\">Weight<\/td>\n<td style=\"vertical-align: top; width: 158px;\">500 g\/m\u00b2<\/td>\n<td style=\"vertical-align: top; width: 201px;\">Standard: UNE EN 12.127<\/td>\n<\/tr>\n<tr>\n<td style=\"vertical-align: top;\">Thickness<\/td>\n<td style=\"vertical-align: top; width: 158px;\">2.4 mm<\/td>\n<td style=\"vertical-align: top; width: 201px;\">\u00a0<\/td>\n<\/tr>\n<tr>\n<td style=\"vertical-align: top;\">Flame-retardant rating<\/td>\n<td style=\"vertical-align: top; width: 158px;\"><img decoding=\"async\" style=\"height: 20px; width: 20px;\" src=\"https:\/\/www.azur-scenic.com\/wp-content\/uploads\/csm_icon-flag-france_3304e5e3f9.png\" \/> M1<br \/>\n<img decoding=\"async\" style=\"height: 20px; width: 20px;\" src=\"https:\/\/www.azur-scenic.com\/wp-content\/uploads\/icon-flag-espagne.png\" \/> C1<\/td>\n<td style=\"vertical-align: top; width: 201px;\">\u00a0<\/td>\n<\/tr>\n<tr>\n<td style=\"vertical-align: top;\">Composition<\/td>\n<td style=\"vertical-align: top;\" colspan=\"2\" rowspan=\"1\">62% Trevira CS, 38% FR Polyester<\/td>\n<\/tr>\n<tr>\n<td style=\"vertical-align: top;\">Roll length<\/td>\n<td style=\"vertical-align: top; width: 158px;\">Approx. 30 m<\/td>\n<td style=\"vertical-align: top; width: 201px;\">Lengths not calibrated, variable lengths<br \/>\nCut-to-length available according to colour stock<\/td>\n<\/tr>\n<tr>\n<td style=\"vertical-align: top;\">Tensile strength<\/td>\n<td style=\"vertical-align: top; width: 158px;\">Warp: 1300<br \/>\nWeft: 1160<\/td>\n<td style=\"vertical-align: top; width: 201px;\">Standard: ISO 13934-1 2013<\/td>\n<\/tr>\n<tr>\n<td style=\"vertical-align: top;\">Abrasion resistance<\/td>\n<td style=\"vertical-align: top; width: 158px;\">> 100,000 cycles<\/td>\n<td style=\"vertical-align: top; width: 201px;\">Standard: ISO 12947: 1999<\/td>\n<\/tr>\n<tr>\n<td style=\"vertical-align: top;\">Pilling <span style=\"font-size: 13px;\">(resistance to bobbling)<\/span><\/td>\n<td style=\"vertical-align: top; width: 158px;\">Class A<\/td>\n<td style=\"vertical-align: top; width: 201px;\">Standard: ISO 12945-2<\/td>\n<\/tr>\n<tr>\n<td style=\"vertical-align: top;\">Colour fastness to light<\/td>\n<td style=\"vertical-align: top; width: 158px;\">4-5<\/td>\n<td style=\"vertical-align: top; width: 201px;\">Standard: ISO 105-B02-2013-2<\/td>\n<\/tr>\n<tr>\n<td style=\"vertical-align: top;\">Acoustic properties<\/td>\n<td style=\"vertical-align: top; width: 158px;\">0.70 \u03b1w<br \/>\nC <span style=\"font-size: 13px;\">(highly absorbent)<\/span><\/td>\n<td style=\"vertical-align: top; width: 201px;\">Standard: ISO 354: 2004<\/td>\n<\/tr>\n<\/tbody>\n<\/table>\n<p>\u00a0<\/p><\/p>\n","protected":false},"excerpt":{"rendered":"<p>A heavy velour material with <span style=\"color: #f88523;\"><strong>acoustic properties<\/strong><\/span>, rated <span style=\"color: #f88523;\"><strong>M1 flame-retardant<\/strong><\/span> and available in a wide range of <strong><span style=\"color: #f88523;\">attractive colours<\/span><\/strong>.<br \/>\n<span style=\"color: #f88523;\"><strong>Washable<\/strong><\/span> velour in FR Trevira CS polyester, with good <strong><span style=\"color: #f88523;\">UV resistance<\/span><\/strong>, perfect for <span style=\"color: #f88523;\"><strong>indoor and outdoor use<\/strong><\/span>.<br \/>\nThis <span style=\"color: #f88523;\"><strong>opaque<\/strong><\/span> velour is particularly suitable for making <strong><span style=\"color: #f88523;\">stage curtains<\/span><\/strong>.<\/p>\n<table class=\"table\" style=\"background: #f7f7f7;\">\n<tbody>\n<tr>\n<td><strong>Width<\/strong>: 140 cm<\/td>\n<td><strong>Weight<\/strong>: 500 g\/m\u00b2<\/td>\n<\/tr>\n<tr>\n<td><strong>Flame-retardant rating<\/strong>: <img decoding=\"async\" style=\"height: 20px; width: 20px;\" src=\"https:\/\/www.azur-scenic.com\/wp-content\/uploads\/csm_icon-flag-france_3304e5e3f9.png\" \/> M1 <img decoding=\"async\" style=\"height: 20px; width: 20px;\" src=\"https:\/\/www.azur-scenic.com\/wp-content\/uploads\/icon-flag-espagne.png\" \/> C1<\/td>\n<td><strong>Composition<\/strong>: 62% Trevira CS,<br \/>\n38% FR Polyester<\/td>\n<\/tr>\n<\/tbody>\n<\/table>\n","protected":false},"featured_media":16290,"template":"","meta":{"_acf_changed":false},"product_brand":[],"product_cat":[898,893,894,895,896,979,980,897],"product_tag":[],"class_list":{"0":"post-18159","1":"product","2":"type-product","3":"status-publish","4":"has-post-thumbnail","6":"product_cat-all-products","7":"product_cat-stage-and-events-material","8":"product_cat-velour","9":"product_cat-polyester-velour","10":"product_cat-black-out","11":"product_cat-acoustic-solutions","12":"product_cat-acoustic-absorption","13":"product_cat-theatre","14":"pa_couleurs-001-en","15":"pa_couleurs-002-en","16":"pa_couleurs-003-en","17":"pa_couleurs-130-en","18":"pa_couleurs-170-en","19":"pa_couleurs-200-en","20":"pa_couleurs-250-en","21":"pa_couleurs-290-en","22":"pa_couleurs-340-en","23":"pa_couleurs-370-en","24":"pa_couleurs-380-en","25":"pa_couleurs-440-en","26":"pa_couleurs-450-en","27":"pa_couleurs-500-en","28":"pa_couleurs-501-en","29":"pa_couleurs-510-en","30":"pa_couleurs-530-en","31":"pa_couleurs-540-en","32":"pa_couleurs-550-en","33":"pa_couleurs-570-en","34":"pa_couleurs-620-en","35":"pa_couleurs-640-en","36":"pa_couleurs-660-en","37":"pa_couleurs-680-en","38":"pa_couleurs-690-en","39":"pa_couleurs-710-en","40":"pa_couleurs-750-en","41":"pa_couleurs-770-en","42":"pa_couleurs-780-en","43":"pa_couleurs-782-en","44":"pa_couleurs-784-en","45":"pa_couleurs-786-en","46":"pa_couleurs-790-en","47":"pa_couleurs-800-en","48":"pa_couleurs-950-en","49":"pa_couleurs-990-en","50":"pa_groupes-de-couleurs-white","51":"pa_groupes-de-couleurs-blue","52":"pa_groupes-de-couleurs-off-white","53":"pa_groupes-de-couleurs-greys","54":"pa_groupes-de-couleurs-yellow","55":"pa_groupes-de-couleurs-brown-beige","56":"pa_groupes-de-couleurs-black","57":"pa_groupes-de-couleurs-orange","58":"pa_groupes-de-couleurs-pink","59":"pa_groupes-de-couleurs-red","60":"pa_groupes-de-couleurs-green","61":"pa_groupes-de-couleurs-purple","62":"pa_textiles-acoustic-absorbant","63":"pa_textiles-suitable-for-outdoors-use","64":"pa_textiles-flame-retardant-rated","65":"pa_textiles-washable","66":"pa_textiles-black-out-and-or-screen-material","67":"pa_textiles-uv-resistant","68":"pa_textiles-trevira-cs","70":"first","71":"instock","72":"shipping-taxable","73":"purchasable","74":"product-type-variable"},"acf":[],"yoast_head":"<!-- This site is optimized with the Yoast SEO plugin v27.3 - https:\/\/yoast.com\/product\/yoast-seo-wordpress\/ -->\n<title>Amazone Velour - Azur Scenic<\/title>\n<meta name=\"robots\" content=\"index, follow, max-snippet:-1, max-image-preview:large, max-video-preview:-1\" \/>\n<link rel=\"canonical\" href=\"https:\/\/www.azur-scenic.com\/en\/product\/amazone-velour\/\" \/>\n<meta property=\"og:locale\" content=\"en_US\" \/>\n<meta property=\"og:type\" content=\"article\" \/>\n<meta property=\"og:title\" content=\"Amazone Velour - Azur Scenic\" \/>\n<meta property=\"og:description\" content=\"A heavy velour material with acoustic properties, rated M1 flame-retardant and available in a wide range of attractive colours. Washable velour in FR Trevira CS polyester, with good UV resistance, perfect for indoor and outdoor use. This opaque velour is particularly suitable for making stage curtains.  Width: 140 cm Weight: 500 g\/m\u00b2  Flame-retardant rating: M1 C1 Composition: 62% Trevira CS, 38% FR Polyester\" \/>\n<meta property=\"og:url\" content=\"https:\/\/www.azur-scenic.com\/en\/product\/amazone-velour\/\" \/>\n<meta property=\"og:site_name\" content=\"Azur Scenic\" \/>\n<meta property=\"article:modified_time\" content=\"2023-08-02T12:53:58+00:00\" \/>\n<meta property=\"og:image\" content=\"https:\/\/www.azur-scenic.com\/wp-content\/uploads\/Velours-Amazone-Noir-2-scaled.jpg\" \/>\n\t<meta property=\"og:image:width\" content=\"2560\" \/>\n\t<meta property=\"og:image:height\" content=\"2560\" \/>\n\t<meta property=\"og:image:type\" content=\"image\/jpeg\" \/>\n<meta name=\"twitter:card\" content=\"summary_large_image\" \/>\n<script type=\"application\/ld+json\" class=\"yoast-schema-graph\">{\"@context\":\"https:\\\/\\\/schema.org\",\"@graph\":[{\"@type\":\"WebPage\",\"@id\":\"https:\\\/\\\/www.azur-scenic.com\\\/en\\\/product\\\/amazone-velour\\\/\",\"url\":\"https:\\\/\\\/www.azur-scenic.com\\\/en\\\/product\\\/amazone-velour\\\/\",\"name\":\"Amazone Velour - Azur Scenic\",\"isPartOf\":{\"@id\":\"https:\\\/\\\/www.azur-scenic.com\\\/en\\\/#website\"},\"primaryImageOfPage\":{\"@id\":\"https:\\\/\\\/www.azur-scenic.com\\\/en\\\/product\\\/amazone-velour\\\/#primaryimage\"},\"image\":{\"@id\":\"https:\\\/\\\/www.azur-scenic.com\\\/en\\\/product\\\/amazone-velour\\\/#primaryimage\"},\"thumbnailUrl\":\"https:\\\/\\\/www.azur-scenic.com\\\/wp-content\\\/uploads\\\/Velours-Amazone-Noir-2-scaled.jpg\",\"datePublished\":\"2022-10-04T07:26:35+00:00\",\"dateModified\":\"2023-08-02T12:53:58+00:00\",\"breadcrumb\":{\"@id\":\"https:\\\/\\\/www.azur-scenic.com\\\/en\\\/product\\\/amazone-velour\\\/#breadcrumb\"},\"inLanguage\":\"en-US\",\"potentialAction\":[{\"@type\":\"ReadAction\",\"target\":[\"https:\\\/\\\/www.azur-scenic.com\\\/en\\\/product\\\/amazone-velour\\\/\"]}]},{\"@type\":\"ImageObject\",\"inLanguage\":\"en-US\",\"@id\":\"https:\\\/\\\/www.azur-scenic.com\\\/en\\\/product\\\/amazone-velour\\\/#primaryimage\",\"url\":\"https:\\\/\\\/www.azur-scenic.com\\\/wp-content\\\/uploads\\\/Velours-Amazone-Noir-2-scaled.jpg\",\"contentUrl\":\"https:\\\/\\\/www.azur-scenic.com\\\/wp-content\\\/uploads\\\/Velours-Amazone-Noir-2-scaled.jpg\",\"width\":2560,\"height\":2560,\"caption\":\"Velours Amazone Noir\"},{\"@type\":\"BreadcrumbList\",\"@id\":\"https:\\\/\\\/www.azur-scenic.com\\\/en\\\/product\\\/amazone-velour\\\/#breadcrumb\",\"itemListElement\":[{\"@type\":\"ListItem\",\"position\":1,\"name\":\"Accueil\",\"item\":\"https:\\\/\\\/www.azur-scenic.com\\\/en\\\/\"},{\"@type\":\"ListItem\",\"position\":2,\"name\":\"Produits\",\"item\":\"https:\\\/\\\/www.azur-scenic.com\\\/en\\\/?page_id=21438\"},{\"@type\":\"ListItem\",\"position\":3,\"name\":\"Amazone Velour\"}]},{\"@type\":\"WebSite\",\"@id\":\"https:\\\/\\\/www.azur-scenic.com\\\/en\\\/#website\",\"url\":\"https:\\\/\\\/www.azur-scenic.com\\\/en\\\/\",\"name\":\"Azur Scenic\",\"description\":\"Sp\u00e9cialiste de l\u2019\u00e9quipement sc\u00e9nique et de la d\u00e9coration int\u00e9rieure et \u00e9v\u00e9nementielle !\",\"publisher\":{\"@id\":\"https:\\\/\\\/www.azur-scenic.com\\\/en\\\/#organization\"},\"potentialAction\":[{\"@type\":\"SearchAction\",\"target\":{\"@type\":\"EntryPoint\",\"urlTemplate\":\"https:\\\/\\\/www.azur-scenic.com\\\/en\\\/?s={search_term_string}\"},\"query-input\":{\"@type\":\"PropertyValueSpecification\",\"valueRequired\":true,\"valueName\":\"search_term_string\"}}],\"inLanguage\":\"en-US\"},{\"@type\":\"Organization\",\"@id\":\"https:\\\/\\\/www.azur-scenic.com\\\/en\\\/#organization\",\"name\":\"AZUR SCENIC\",\"url\":\"https:\\\/\\\/www.azur-scenic.com\\\/en\\\/\",\"logo\":{\"@type\":\"ImageObject\",\"inLanguage\":\"en-US\",\"@id\":\"https:\\\/\\\/www.azur-scenic.com\\\/en\\\/#\\\/schema\\\/logo\\\/image\\\/\",\"url\":\"https:\\\/\\\/www.azur-scenic.com\\\/wp-content\\\/uploads\\\/2022\\\/09\\\/LOGO-AZUR-SCENIC-Fusion-web-236x64-1.jpg\",\"contentUrl\":\"https:\\\/\\\/www.azur-scenic.com\\\/wp-content\\\/uploads\\\/2022\\\/09\\\/LOGO-AZUR-SCENIC-Fusion-web-236x64-1.jpg\",\"width\":236,\"height\":64,\"caption\":\"AZUR SCENIC\"},\"image\":{\"@id\":\"https:\\\/\\\/www.azur-scenic.com\\\/en\\\/#\\\/schema\\\/logo\\\/image\\\/\"},\"sameAs\":[\"https:\\\/\\\/www.youtube.com\\\/channel\\\/UCPWM2mGPVUt4nYhNlm71WOA\",\"https:\\\/\\\/www.linkedin.com\\\/company\\\/33237605\\\/admin\\\/feed\\\/posts\\\/\"]}]}<\/script>\n<!-- \/ Yoast SEO plugin. -->","yoast_head_json":{"title":"Amazone Velour - Azur Scenic","robots":{"index":"index","follow":"follow","max-snippet":"max-snippet:-1","max-image-preview":"max-image-preview:large","max-video-preview":"max-video-preview:-1"},"canonical":"https:\/\/www.azur-scenic.com\/en\/product\/amazone-velour\/","og_locale":"en_US","og_type":"article","og_title":"Amazone Velour - Azur Scenic","og_description":"A heavy velour material with acoustic properties, rated M1 flame-retardant and available in a wide range of attractive colours. Washable velour in FR Trevira CS polyester, with good UV resistance, perfect for indoor and outdoor use. This opaque velour is particularly suitable for making stage curtains.  Width: 140 cm Weight: 500 g\/m\u00b2  Flame-retardant rating: M1 C1 Composition: 62% Trevira CS, 38% FR Polyester","og_url":"https:\/\/www.azur-scenic.com\/en\/product\/amazone-velour\/","og_site_name":"Azur Scenic","article_modified_time":"2023-08-02T12:53:58+00:00","og_image":[{"width":2560,"height":2560,"url":"https:\/\/www.azur-scenic.com\/wp-content\/uploads\/Velours-Amazone-Noir-2-scaled.jpg","type":"image\/jpeg"}],"twitter_card":"summary_large_image","schema":{"@context":"https:\/\/schema.org","@graph":[{"@type":"WebPage","@id":"https:\/\/www.azur-scenic.com\/en\/product\/amazone-velour\/","url":"https:\/\/www.azur-scenic.com\/en\/product\/amazone-velour\/","name":"Amazone Velour - Azur Scenic","isPartOf":{"@id":"https:\/\/www.azur-scenic.com\/en\/#website"},"primaryImageOfPage":{"@id":"https:\/\/www.azur-scenic.com\/en\/product\/amazone-velour\/#primaryimage"},"image":{"@id":"https:\/\/www.azur-scenic.com\/en\/product\/amazone-velour\/#primaryimage"},"thumbnailUrl":"https:\/\/www.azur-scenic.com\/wp-content\/uploads\/Velours-Amazone-Noir-2-scaled.jpg","datePublished":"2022-10-04T07:26:35+00:00","dateModified":"2023-08-02T12:53:58+00:00","breadcrumb":{"@id":"https:\/\/www.azur-scenic.com\/en\/product\/amazone-velour\/#breadcrumb"},"inLanguage":"en-US","potentialAction":[{"@type":"ReadAction","target":["https:\/\/www.azur-scenic.com\/en\/product\/amazone-velour\/"]}]},{"@type":"ImageObject","inLanguage":"en-US","@id":"https:\/\/www.azur-scenic.com\/en\/product\/amazone-velour\/#primaryimage","url":"https:\/\/www.azur-scenic.com\/wp-content\/uploads\/Velours-Amazone-Noir-2-scaled.jpg","contentUrl":"https:\/\/www.azur-scenic.com\/wp-content\/uploads\/Velours-Amazone-Noir-2-scaled.jpg","width":2560,"height":2560,"caption":"Velours Amazone Noir"},{"@type":"BreadcrumbList","@id":"https:\/\/www.azur-scenic.com\/en\/product\/amazone-velour\/#breadcrumb","itemListElement":[{"@type":"ListItem","position":1,"name":"Accueil","item":"https:\/\/www.azur-scenic.com\/en\/"},{"@type":"ListItem","position":2,"name":"Produits","item":"https:\/\/www.azur-scenic.com\/en\/?page_id=21438"},{"@type":"ListItem","position":3,"name":"Amazone Velour"}]},{"@type":"WebSite","@id":"https:\/\/www.azur-scenic.com\/en\/#website","url":"https:\/\/www.azur-scenic.com\/en\/","name":"Azur Scenic","description":"Sp\u00e9cialiste de l\u2019\u00e9quipement sc\u00e9nique et de la d\u00e9coration int\u00e9rieure et \u00e9v\u00e9nementielle !","publisher":{"@id":"https:\/\/www.azur-scenic.com\/en\/#organization"},"potentialAction":[{"@type":"SearchAction","target":{"@type":"EntryPoint","urlTemplate":"https:\/\/www.azur-scenic.com\/en\/?s={search_term_string}"},"query-input":{"@type":"PropertyValueSpecification","valueRequired":true,"valueName":"search_term_string"}}],"inLanguage":"en-US"},{"@type":"Organization","@id":"https:\/\/www.azur-scenic.com\/en\/#organization","name":"AZUR SCENIC","url":"https:\/\/www.azur-scenic.com\/en\/","logo":{"@type":"ImageObject","inLanguage":"en-US","@id":"https:\/\/www.azur-scenic.com\/en\/#\/schema\/logo\/image\/","url":"https:\/\/www.azur-scenic.com\/wp-content\/uploads\/2022\/09\/LOGO-AZUR-SCENIC-Fusion-web-236x64-1.jpg","contentUrl":"https:\/\/www.azur-scenic.com\/wp-content\/uploads\/2022\/09\/LOGO-AZUR-SCENIC-Fusion-web-236x64-1.jpg","width":236,"height":64,"caption":"AZUR SCENIC"},"image":{"@id":"https:\/\/www.azur-scenic.com\/en\/#\/schema\/logo\/image\/"},"sameAs":["https:\/\/www.youtube.com\/channel\/UCPWM2mGPVUt4nYhNlm71WOA","https:\/\/www.linkedin.com\/company\/33237605\/admin\/feed\/posts\/"]}]}},"_links":{"self":[{"href":"https:\/\/www.azur-scenic.com\/en\/wp-json\/wp\/v2\/product\/18159","targetHints":{"allow":["GET"]}}],"collection":[{"href":"https:\/\/www.azur-scenic.com\/en\/wp-json\/wp\/v2\/product"}],"about":[{"href":"https:\/\/www.azur-scenic.com\/en\/wp-json\/wp\/v2\/types\/product"}],"wp:featuredmedia":[{"embeddable":true,"href":"https:\/\/www.azur-scenic.com\/en\/wp-json\/wp\/v2\/media\/16290"}],"wp:attachment":[{"href":"https:\/\/www.azur-scenic.com\/en\/wp-json\/wp\/v2\/media?parent=18159"}],"wp:term":[{"taxonomy":"product_brand","embeddable":true,"href":"https:\/\/www.azur-scenic.com\/en\/wp-json\/wp\/v2\/product_brand?post=18159"},{"taxonomy":"product_cat","embeddable":true,"href":"https:\/\/www.azur-scenic.com\/en\/wp-json\/wp\/v2\/product_cat?post=18159"},{"taxonomy":"product_tag","embeddable":true,"href":"https:\/\/www.azur-scenic.com\/en\/wp-json\/wp\/v2\/product_tag?post=18159"}],"curies":[{"name":"wp","href":"https:\/\/api.w.org\/{rel}","templated":true}]}}