{"id":18467,"date":"2022-10-04T07:26:07","date_gmt":"2022-10-04T07:26:07","guid":{"rendered":"https:\/\/www.azur-scenic.com\/produit\/voile\/"},"modified":"2023-08-02T12:54:37","modified_gmt":"2023-08-02T12:54:37","slug":"voile","status":"publish","type":"product","link":"https:\/\/www.azur-scenic.com\/en\/product\/voile\/","title":{"rendered":"Voile"},"content":{"rendered":"<table>\n<thead>\n<tr>\n<th style=\"width: 170px;\">Technical data<\/th>\n<th>Value<\/th>\n<th>Notes<\/th>\n<\/tr>\n<\/thead>\n<tbody>\n<tr>\n<td style=\"vertical-align: top;\">Width<\/td>\n<td style=\"vertical-align: top;\">300 cm<br \/>\n420 cm<\/td>\n<td style=\"vertical-align: top;\">All colours<br \/>\nColours only: 002 &#8211; 003 &#8211; 040<\/td>\n<\/tr>\n<tr>\n<td style=\"vertical-align: top;\">Weight<\/td>\n<td style=\"vertical-align: top;\">50 g\/m\u00b2<\/td>\n<td style=\"vertical-align: top;\">\u00a0<\/td>\n<\/tr>\n<tr>\n<td style=\"vertical-align: top;\">Thickness<\/td>\n<td style=\"vertical-align: top;\">0.1 mm<\/td>\n<td style=\"vertical-align: top;\">\u00a0<\/td>\n<\/tr>\n<tr>\n<td style=\"vertical-align: top;\">Flame-retardant rating<\/td>\n<td style=\"vertical-align: top;\"><img decoding=\"async\" style=\"height: 20px; width: 20px;\" src=\"https:\/\/www.azur-scenic.com\/wp-content\/uploads\/csm_icon-flag-france_3304e5e3f9.png\" \/> M1<\/td>\n<td style=\"vertical-align: top;\">\u00a0<\/td>\n<\/tr>\n<tr>\n<td style=\"vertical-align: top;\">Composition<\/td>\n<td style=\"vertical-align: top;\">100% FR Polyester<\/td>\n<td style=\"vertical-align: top;\">\u00a0<\/td>\n<\/tr>\n<tr>\n<td style=\"vertical-align: top;\">Roll length<\/td>\n<td style=\"vertical-align: top;\">60 m<br \/>\nRolled centre-folded<\/td>\n<td style=\"vertical-align: top;\">Cut-to-length possible<\/td>\n<\/tr>\n<\/tbody>\n<\/table>\n","protected":false},"excerpt":{"rendered":"<p>A totally <strong><span style=\"color: #f88523;\">transparent<\/span><\/strong> voile with an extra-fine and almost invisible weave allowing you to delicately soften harsh lighting while retaining the brightness of your spaces.<br \/>\nThis <strong><span style=\"color: #f88523;\">great-value<\/span><\/strong> voile is <strong><span style=\"color: #f88523;\">M1 flame-retardant<\/span><\/strong> rated and is particularly suited to making <span style=\"color: #f88523;\"><strong>hangings<\/strong><\/span> and <span style=\"color: #f88523;\"><strong>curtains<\/strong><\/span>, as well as <span style=\"color: #f88523;\"><strong>events decorations<\/strong><\/span> and <strong><span style=\"color: #f88523;\">stage sets and scenery<\/span><\/strong>.<br \/>\nParticularly <span style=\"color: #f88523;\"><strong>light<\/strong><\/span>, it lends itself particularly to dressing and decorations for <span style=\"color: #f88523;\"><strong>ceilings<\/strong><\/span>.<br \/>\n100% FR Polyester, this ripstop sail cloth is <span style=\"color: #f88523;\"><strong>washable<\/strong><\/span> and can therefore be used both <span style=\"color: #f88523;\"><strong>indoors<\/strong><\/span> and <span style=\"color: #f88523;\"><strong>outdoors<\/strong><\/span>.<\/p>\n<table class=\"table\" style=\"background: #f7f7f7;\">\n<tbody>\n<tr>\n<td><strong>Width<\/strong>: 300 cm, 400 cm<\/td>\n<td><strong>Weight<\/strong>: 50 g\/m\u00b2<\/td>\n<\/tr>\n<tr>\n<td><strong>Flame-retardant rating<\/strong>: <img decoding=\"async\" style=\"height: 20px; width: 20px;\" src=\"https:\/\/www.azur-scenic.com\/wp-content\/uploads\/csm_icon-flag-france_3304e5e3f9.png\" \/> M1<\/td>\n<td style=\"vertical-align: top;\"><strong>Composition<\/strong>: 100% FR Polyester<\/td>\n<\/tr>\n<\/tbody>\n<\/table>\n","protected":false},"featured_media":15626,"template":"","meta":{"_acf_changed":false},"product_brand":[],"product_cat":[898,893,1334,1352],"product_tag":[],"class_list":{"0":"post-18467","1":"product","2":"type-product","3":"status-publish","4":"has-post-thumbnail","6":"product_cat-all-products","7":"product_cat-stage-and-events-material","8":"product_cat-voiles-lightweight-fabrics","9":"product_cat-voiles","10":"pa_couleurs-002-en","11":"pa_couleurs-003-en","12":"pa_couleurs-040-en","13":"pa_couleurs-170-en","14":"pa_couleurs-200-en","15":"pa_couleurs-230-en","16":"pa_couleurs-270-en","17":"pa_couleurs-290-en","18":"pa_couleurs-320-en","19":"pa_couleurs-325-en","20":"pa_couleurs-350-en","21":"pa_couleurs-420-en","22":"pa_couleurs-500-en","23":"pa_couleurs-510-en","24":"pa_couleurs-730-en","25":"pa_couleurs-765-en","26":"pa_couleurs-790-en","27":"pa_couleurs-810-en","28":"pa_couleurs-870-en","29":"pa_couleurs-930-en","30":"pa_couleurs-990-en","31":"pa_groupes-de-couleurs-white","32":"pa_groupes-de-couleurs-blue","33":"pa_groupes-de-couleurs-off-white","34":"pa_groupes-de-couleurs-greys","35":"pa_groupes-de-couleurs-yellow","36":"pa_groupes-de-couleurs-brown-beige","37":"pa_groupes-de-couleurs-black","38":"pa_groupes-de-couleurs-orange","39":"pa_groupes-de-couleurs-pink","40":"pa_groupes-de-couleurs-red","41":"pa_groupes-de-couleurs-purple","42":"pa_textiles-suitable-for-outdoors-use","43":"pa_textiles-flame-retardant-rated","44":"pa_textiles-washable","45":"pa_textiles-transparent-and-translucent","46":"pa_textiles-great-value","48":"first","49":"instock","50":"shipping-taxable","51":"purchasable","52":"product-type-variable"},"acf":[],"yoast_head":"<!-- This site is optimized with the Yoast SEO plugin v27.3 - https:\/\/yoast.com\/product\/yoast-seo-wordpress\/ -->\n<title>Voile - Azur Scenic<\/title>\n<meta name=\"robots\" content=\"index, follow, max-snippet:-1, max-image-preview:large, max-video-preview:-1\" \/>\n<link rel=\"canonical\" href=\"https:\/\/www.azur-scenic.com\/en\/product\/voile\/\" \/>\n<meta property=\"og:locale\" content=\"en_US\" \/>\n<meta property=\"og:type\" content=\"article\" \/>\n<meta property=\"og:title\" content=\"Voile - Azur Scenic\" \/>\n<meta property=\"og:description\" content=\"A totally transparent voile with an extra-fine and almost invisible weave allowing you to delicately soften harsh lighting while retaining the brightness of your spaces. This great-value voile is M1 flame-retardant rated and is particularly suited to making hangings and curtains, as well as events decorations and stage sets and scenery. Particularly light, it lends itself particularly to dressing and decorations for ceilings. 100% FR Polyester, this ripstop sail cloth is washable and can therefore be used both indoors and outdoors.  Width: 300 cm, 400 cm Weight: 50 g\/m\u00b2  Flame-retardant rating: M1 Composition: 100% FR Polyester\" \/>\n<meta property=\"og:url\" content=\"https:\/\/www.azur-scenic.com\/en\/product\/voile\/\" \/>\n<meta property=\"og:site_name\" content=\"Azur Scenic\" \/>\n<meta property=\"article:modified_time\" content=\"2023-08-02T12:54:37+00:00\" \/>\n<meta property=\"og:image\" content=\"https:\/\/www.azur-scenic.com\/wp-content\/uploads\/VOILE-BLANC.jpg\" \/>\n\t<meta property=\"og:image:width\" content=\"1828\" \/>\n\t<meta property=\"og:image:height\" content=\"1828\" \/>\n\t<meta property=\"og:image:type\" content=\"image\/jpeg\" \/>\n<meta name=\"twitter:card\" content=\"summary_large_image\" \/>\n<script type=\"application\/ld+json\" class=\"yoast-schema-graph\">{\"@context\":\"https:\\\/\\\/schema.org\",\"@graph\":[{\"@type\":\"WebPage\",\"@id\":\"https:\\\/\\\/www.azur-scenic.com\\\/en\\\/product\\\/voile\\\/\",\"url\":\"https:\\\/\\\/www.azur-scenic.com\\\/en\\\/product\\\/voile\\\/\",\"name\":\"Voile - Azur Scenic\",\"isPartOf\":{\"@id\":\"https:\\\/\\\/www.azur-scenic.com\\\/en\\\/#website\"},\"primaryImageOfPage\":{\"@id\":\"https:\\\/\\\/www.azur-scenic.com\\\/en\\\/product\\\/voile\\\/#primaryimage\"},\"image\":{\"@id\":\"https:\\\/\\\/www.azur-scenic.com\\\/en\\\/product\\\/voile\\\/#primaryimage\"},\"thumbnailUrl\":\"https:\\\/\\\/www.azur-scenic.com\\\/wp-content\\\/uploads\\\/VOILE-BLANC.jpg\",\"datePublished\":\"2022-10-04T07:26:07+00:00\",\"dateModified\":\"2023-08-02T12:54:37+00:00\",\"breadcrumb\":{\"@id\":\"https:\\\/\\\/www.azur-scenic.com\\\/en\\\/product\\\/voile\\\/#breadcrumb\"},\"inLanguage\":\"en-US\",\"potentialAction\":[{\"@type\":\"ReadAction\",\"target\":[\"https:\\\/\\\/www.azur-scenic.com\\\/en\\\/product\\\/voile\\\/\"]}]},{\"@type\":\"ImageObject\",\"inLanguage\":\"en-US\",\"@id\":\"https:\\\/\\\/www.azur-scenic.com\\\/en\\\/product\\\/voile\\\/#primaryimage\",\"url\":\"https:\\\/\\\/www.azur-scenic.com\\\/wp-content\\\/uploads\\\/VOILE-BLANC.jpg\",\"contentUrl\":\"https:\\\/\\\/www.azur-scenic.com\\\/wp-content\\\/uploads\\\/VOILE-BLANC.jpg\",\"width\":1828,\"height\":1828,\"caption\":\"VOILE BLANC\"},{\"@type\":\"BreadcrumbList\",\"@id\":\"https:\\\/\\\/www.azur-scenic.com\\\/en\\\/product\\\/voile\\\/#breadcrumb\",\"itemListElement\":[{\"@type\":\"ListItem\",\"position\":1,\"name\":\"Accueil\",\"item\":\"https:\\\/\\\/www.azur-scenic.com\\\/en\\\/\"},{\"@type\":\"ListItem\",\"position\":2,\"name\":\"Produits\",\"item\":\"https:\\\/\\\/www.azur-scenic.com\\\/en\\\/?page_id=21438\"},{\"@type\":\"ListItem\",\"position\":3,\"name\":\"Voile\"}]},{\"@type\":\"WebSite\",\"@id\":\"https:\\\/\\\/www.azur-scenic.com\\\/en\\\/#website\",\"url\":\"https:\\\/\\\/www.azur-scenic.com\\\/en\\\/\",\"name\":\"Azur Scenic\",\"description\":\"Sp\u00e9cialiste de l\u2019\u00e9quipement sc\u00e9nique et de la d\u00e9coration int\u00e9rieure et \u00e9v\u00e9nementielle !\",\"publisher\":{\"@id\":\"https:\\\/\\\/www.azur-scenic.com\\\/en\\\/#organization\"},\"potentialAction\":[{\"@type\":\"SearchAction\",\"target\":{\"@type\":\"EntryPoint\",\"urlTemplate\":\"https:\\\/\\\/www.azur-scenic.com\\\/en\\\/?s={search_term_string}\"},\"query-input\":{\"@type\":\"PropertyValueSpecification\",\"valueRequired\":true,\"valueName\":\"search_term_string\"}}],\"inLanguage\":\"en-US\"},{\"@type\":\"Organization\",\"@id\":\"https:\\\/\\\/www.azur-scenic.com\\\/en\\\/#organization\",\"name\":\"AZUR SCENIC\",\"url\":\"https:\\\/\\\/www.azur-scenic.com\\\/en\\\/\",\"logo\":{\"@type\":\"ImageObject\",\"inLanguage\":\"en-US\",\"@id\":\"https:\\\/\\\/www.azur-scenic.com\\\/en\\\/#\\\/schema\\\/logo\\\/image\\\/\",\"url\":\"https:\\\/\\\/www.azur-scenic.com\\\/wp-content\\\/uploads\\\/2022\\\/09\\\/LOGO-AZUR-SCENIC-Fusion-web-236x64-1.jpg\",\"contentUrl\":\"https:\\\/\\\/www.azur-scenic.com\\\/wp-content\\\/uploads\\\/2022\\\/09\\\/LOGO-AZUR-SCENIC-Fusion-web-236x64-1.jpg\",\"width\":236,\"height\":64,\"caption\":\"AZUR SCENIC\"},\"image\":{\"@id\":\"https:\\\/\\\/www.azur-scenic.com\\\/en\\\/#\\\/schema\\\/logo\\\/image\\\/\"},\"sameAs\":[\"https:\\\/\\\/www.youtube.com\\\/channel\\\/UCPWM2mGPVUt4nYhNlm71WOA\",\"https:\\\/\\\/www.linkedin.com\\\/company\\\/33237605\\\/admin\\\/feed\\\/posts\\\/\"]}]}<\/script>\n<!-- \/ Yoast SEO plugin. -->","yoast_head_json":{"title":"Voile - Azur Scenic","robots":{"index":"index","follow":"follow","max-snippet":"max-snippet:-1","max-image-preview":"max-image-preview:large","max-video-preview":"max-video-preview:-1"},"canonical":"https:\/\/www.azur-scenic.com\/en\/product\/voile\/","og_locale":"en_US","og_type":"article","og_title":"Voile - Azur Scenic","og_description":"A totally transparent voile with an extra-fine and almost invisible weave allowing you to delicately soften harsh lighting while retaining the brightness of your spaces. This great-value voile is M1 flame-retardant rated and is particularly suited to making hangings and curtains, as well as events decorations and stage sets and scenery. Particularly light, it lends itself particularly to dressing and decorations for ceilings. 100% FR Polyester, this ripstop sail cloth is washable and can therefore be used both indoors and outdoors.  Width: 300 cm, 400 cm Weight: 50 g\/m\u00b2  Flame-retardant rating: M1 Composition: 100% FR Polyester","og_url":"https:\/\/www.azur-scenic.com\/en\/product\/voile\/","og_site_name":"Azur Scenic","article_modified_time":"2023-08-02T12:54:37+00:00","og_image":[{"width":1828,"height":1828,"url":"https:\/\/www.azur-scenic.com\/wp-content\/uploads\/VOILE-BLANC.jpg","type":"image\/jpeg"}],"twitter_card":"summary_large_image","schema":{"@context":"https:\/\/schema.org","@graph":[{"@type":"WebPage","@id":"https:\/\/www.azur-scenic.com\/en\/product\/voile\/","url":"https:\/\/www.azur-scenic.com\/en\/product\/voile\/","name":"Voile - Azur Scenic","isPartOf":{"@id":"https:\/\/www.azur-scenic.com\/en\/#website"},"primaryImageOfPage":{"@id":"https:\/\/www.azur-scenic.com\/en\/product\/voile\/#primaryimage"},"image":{"@id":"https:\/\/www.azur-scenic.com\/en\/product\/voile\/#primaryimage"},"thumbnailUrl":"https:\/\/www.azur-scenic.com\/wp-content\/uploads\/VOILE-BLANC.jpg","datePublished":"2022-10-04T07:26:07+00:00","dateModified":"2023-08-02T12:54:37+00:00","breadcrumb":{"@id":"https:\/\/www.azur-scenic.com\/en\/product\/voile\/#breadcrumb"},"inLanguage":"en-US","potentialAction":[{"@type":"ReadAction","target":["https:\/\/www.azur-scenic.com\/en\/product\/voile\/"]}]},{"@type":"ImageObject","inLanguage":"en-US","@id":"https:\/\/www.azur-scenic.com\/en\/product\/voile\/#primaryimage","url":"https:\/\/www.azur-scenic.com\/wp-content\/uploads\/VOILE-BLANC.jpg","contentUrl":"https:\/\/www.azur-scenic.com\/wp-content\/uploads\/VOILE-BLANC.jpg","width":1828,"height":1828,"caption":"VOILE BLANC"},{"@type":"BreadcrumbList","@id":"https:\/\/www.azur-scenic.com\/en\/product\/voile\/#breadcrumb","itemListElement":[{"@type":"ListItem","position":1,"name":"Accueil","item":"https:\/\/www.azur-scenic.com\/en\/"},{"@type":"ListItem","position":2,"name":"Produits","item":"https:\/\/www.azur-scenic.com\/en\/?page_id=21438"},{"@type":"ListItem","position":3,"name":"Voile"}]},{"@type":"WebSite","@id":"https:\/\/www.azur-scenic.com\/en\/#website","url":"https:\/\/www.azur-scenic.com\/en\/","name":"Azur Scenic","description":"Sp\u00e9cialiste de l\u2019\u00e9quipement sc\u00e9nique et de la d\u00e9coration int\u00e9rieure et \u00e9v\u00e9nementielle !","publisher":{"@id":"https:\/\/www.azur-scenic.com\/en\/#organization"},"potentialAction":[{"@type":"SearchAction","target":{"@type":"EntryPoint","urlTemplate":"https:\/\/www.azur-scenic.com\/en\/?s={search_term_string}"},"query-input":{"@type":"PropertyValueSpecification","valueRequired":true,"valueName":"search_term_string"}}],"inLanguage":"en-US"},{"@type":"Organization","@id":"https:\/\/www.azur-scenic.com\/en\/#organization","name":"AZUR SCENIC","url":"https:\/\/www.azur-scenic.com\/en\/","logo":{"@type":"ImageObject","inLanguage":"en-US","@id":"https:\/\/www.azur-scenic.com\/en\/#\/schema\/logo\/image\/","url":"https:\/\/www.azur-scenic.com\/wp-content\/uploads\/2022\/09\/LOGO-AZUR-SCENIC-Fusion-web-236x64-1.jpg","contentUrl":"https:\/\/www.azur-scenic.com\/wp-content\/uploads\/2022\/09\/LOGO-AZUR-SCENIC-Fusion-web-236x64-1.jpg","width":236,"height":64,"caption":"AZUR SCENIC"},"image":{"@id":"https:\/\/www.azur-scenic.com\/en\/#\/schema\/logo\/image\/"},"sameAs":["https:\/\/www.youtube.com\/channel\/UCPWM2mGPVUt4nYhNlm71WOA","https:\/\/www.linkedin.com\/company\/33237605\/admin\/feed\/posts\/"]}]}},"_links":{"self":[{"href":"https:\/\/www.azur-scenic.com\/en\/wp-json\/wp\/v2\/product\/18467","targetHints":{"allow":["GET"]}}],"collection":[{"href":"https:\/\/www.azur-scenic.com\/en\/wp-json\/wp\/v2\/product"}],"about":[{"href":"https:\/\/www.azur-scenic.com\/en\/wp-json\/wp\/v2\/types\/product"}],"wp:featuredmedia":[{"embeddable":true,"href":"https:\/\/www.azur-scenic.com\/en\/wp-json\/wp\/v2\/media\/15626"}],"wp:attachment":[{"href":"https:\/\/www.azur-scenic.com\/en\/wp-json\/wp\/v2\/media?parent=18467"}],"wp:term":[{"taxonomy":"product_brand","embeddable":true,"href":"https:\/\/www.azur-scenic.com\/en\/wp-json\/wp\/v2\/product_brand?post=18467"},{"taxonomy":"product_cat","embeddable":true,"href":"https:\/\/www.azur-scenic.com\/en\/wp-json\/wp\/v2\/product_cat?post=18467"},{"taxonomy":"product_tag","embeddable":true,"href":"https:\/\/www.azur-scenic.com\/en\/wp-json\/wp\/v2\/product_tag?post=18467"}],"curies":[{"name":"wp","href":"https:\/\/api.w.org\/{rel}","templated":true}]}}