{"id":18641,"date":"2022-10-04T07:26:00","date_gmt":"2022-10-04T07:26:00","guid":{"rendered":"https:\/\/www.azur-scenic.com\/produit\/voile-laser\/"},"modified":"2023-08-02T12:54:44","modified_gmt":"2023-08-02T12:54:44","slug":"laser-voile","status":"publish","type":"product","link":"https:\/\/www.azur-scenic.com\/en\/product\/laser-voile\/","title":{"rendered":"Laser Voile"},"content":{"rendered":"<table>\n<thead>\n<tr>\n<th style=\"width: 170px;\">Technical data<\/th>\n<th>Value<\/th>\n<th>Notes<\/th>\n<\/tr>\n<\/thead>\n<tbody>\n<tr>\n<td style=\"vertical-align: top;\">Width<\/td>\n<td style=\"vertical-align: top;\">308 cm<\/td>\n<td style=\"vertical-align: top;\">\u00a0<\/td>\n<\/tr>\n<tr>\n<td style=\"vertical-align: top;\">Weight<\/td>\n<td style=\"vertical-align: top;\">22 g\/m\u00b2<\/td>\n<td style=\"vertical-align: top;\">\u00a0<\/td>\n<\/tr>\n<tr>\n<td style=\"vertical-align: top;\">Thickness<\/td>\n<td style=\"vertical-align: top;\">0.10 mm<\/td>\n<td style=\"vertical-align: top;\">\u00a0<\/td>\n<\/tr>\n<tr>\n<td style=\"vertical-align: top;\">Flame-retardant rating<\/td>\n<td style=\"vertical-align: top;\"><img decoding=\"async\" style=\"height: 20px; width: 20px;\" src=\"https:\/\/www.azur-scenic.com\/wp-content\/uploads\/icon-flag-europe.png\" \/> B-s1,d0<\/td>\n<td style=\"vertical-align: top;\">Standard: EN 13501-1<\/td>\n<\/tr>\n<tr>\n<td style=\"vertical-align: top;\">Composition<\/td>\n<td style=\"vertical-align: top;\">52.5% Trevira CS,<br \/>\n47.5% Polyamide<\/td>\n<td style=\"vertical-align: top;\">\u00a0<\/td>\n<\/tr>\n<tr>\n<td style=\"vertical-align: top;\">Roll length<\/td>\n<td style=\"vertical-align: top;\">30 m, rolled full-width<\/td>\n<td style=\"vertical-align: top;\">Cut-to-length possible<\/td>\n<\/tr>\n<tr>\n<td style=\"vertical-align: top;\">Light fastness<\/td>\n<td style=\"vertical-align: top;\">6<\/td>\n<td style=\"vertical-align: top;\">Standard: DIN EN ISO 105-B02<\/td>\n<\/tr>\n<tr>\n<td style=\"vertical-align: top;\">Tear Force<\/td>\n<td style=\"vertical-align: top;\">Warp: 7.1 N<br \/>\nWeft: 4.7 N<\/td>\n<td style=\"vertical-align: top;\">Standard: DIN EN ISO 9073-4<\/td>\n<\/tr>\n<tr>\n<td style=\"vertical-align: top;\">Air permeability<\/td>\n<td style=\"vertical-align: top;\">100 Pa: > 3000 l (m\u00b2s)<br \/>\n200 Pa: > 3000 l (m\u00b2s)<\/td>\n<td style=\"vertical-align: top;\">Standard: DIN EN ISO 9237<\/td>\n<\/tr>\n<\/tbody>\n<\/table>\n<p>\u00a0<\/p><\/p>\n","protected":false},"excerpt":{"rendered":"<p>An <strong><span style=\"color: #f88523;\">extra-light and almost invisible<\/span><\/strong> voile that works perfectly with <span style=\"color: #f88523;\"><strong>laser lights<\/strong><\/span> to create <strong><span style=\"color: #f88523;\">stunning lighting effects<\/span><\/strong>.<br \/>\nWe offer this <span style=\"color: #f88523;\"><strong>B-s1,d0 flame-retardant rated<\/strong><\/span> material in 2 colours, particularly suited to <strong><span style=\"color: #f88523;\">laser effects<\/span><\/strong>, as well as bright white, and very dark grey, both featuring a galaxy of shimmering sequins.<\/p>\n<p>This versatile voile is also great for making decorative <strong><span style=\"color: #f88523;\">curtains<\/span><\/strong>.<\/p>\n<table class=\"table\" style=\"background: #f7f7f7;\">\n<tbody>\n<tr>\n<td><strong>Width<\/strong>: 308 cm<\/td>\n<td><strong>Weight<\/strong>: 22 g\/m\u00b2<\/td>\n<\/tr>\n<tr>\n<td><strong>Flame-retardant rating<\/strong>: <img decoding=\"async\" style=\"height: 20px; width: 20px;\" src=\"https:\/\/www.azur-scenic.com\/wp-content\/uploads\/icon-flag-europe.png\" \/> B-s1,d0<\/td>\n<td style=\"vertical-align: top;\"><strong>Composition<\/strong>: 52.5% Trevira CS,<br \/>\n47.5% Polyamide<\/td>\n<\/tr>\n<\/tbody>\n<\/table>\n","protected":false},"featured_media":7218,"template":"","meta":{"_acf_changed":false},"product_brand":[],"product_cat":[898,893,1334,1352,1106],"product_tag":[],"class_list":{"0":"post-18641","1":"product","2":"type-product","3":"status-publish","4":"has-post-thumbnail","6":"product_cat-all-products","7":"product_cat-stage-and-events-material","8":"product_cat-voiles-lightweight-fabrics","9":"product_cat-voiles","10":"product_cat-events","11":"pa_couleurs-002-en","12":"pa_couleurs-170-en","13":"pa_groupes-de-couleurs-white","14":"pa_groupes-de-couleurs-greys","15":"pa_textiles-gloss-lacquered-and-metallic","16":"pa_textiles-flame-retardant-rated","17":"pa_textiles-special-effects","18":"pa_textiles-transparent-and-translucent","20":"first","21":"instock","22":"shipping-taxable","23":"purchasable","24":"product-type-variable"},"acf":[],"yoast_head":"<!-- This site is optimized with the Yoast SEO plugin v27.3 - https:\/\/yoast.com\/product\/yoast-seo-wordpress\/ -->\n<title>Laser Voile - Azur Scenic<\/title>\n<meta name=\"robots\" content=\"index, follow, max-snippet:-1, max-image-preview:large, max-video-preview:-1\" \/>\n<link rel=\"canonical\" href=\"https:\/\/www.azur-scenic.com\/en\/product\/laser-voile\/\" \/>\n<meta property=\"og:locale\" content=\"en_US\" \/>\n<meta property=\"og:type\" content=\"article\" \/>\n<meta property=\"og:title\" content=\"Laser Voile - Azur Scenic\" \/>\n<meta property=\"og:description\" content=\"An extra-light and almost invisible voile that works perfectly with laser lights to create stunning lighting effects. We offer this B-s1,d0 flame-retardant rated material in 2 colours, particularly suited to laser effects, as well as bright white, and very dark grey, both featuring a galaxy of shimmering sequins. This versatile voile is also great for making decorative curtains.  Width: 308 cm Weight: 22 g\/m\u00b2  Flame-retardant rating: B-s1,d0 Composition: 52.5% Trevira CS, 47.5% Polyamide\" \/>\n<meta property=\"og:url\" content=\"https:\/\/www.azur-scenic.com\/en\/product\/laser-voile\/\" \/>\n<meta property=\"og:site_name\" content=\"Azur Scenic\" \/>\n<meta property=\"article:modified_time\" content=\"2023-08-02T12:54:44+00:00\" \/>\n<meta property=\"og:image\" content=\"https:\/\/www.azur-scenic.com\/wp-content\/uploads\/7954ad5aaf840371d0261c007fe16f58.png\" \/>\n\t<meta property=\"og:image:width\" content=\"430\" \/>\n\t<meta property=\"og:image:height\" content=\"430\" \/>\n\t<meta property=\"og:image:type\" content=\"image\/png\" \/>\n<meta name=\"twitter:card\" content=\"summary_large_image\" \/>\n<script type=\"application\/ld+json\" class=\"yoast-schema-graph\">{\"@context\":\"https:\\\/\\\/schema.org\",\"@graph\":[{\"@type\":\"WebPage\",\"@id\":\"https:\\\/\\\/www.azur-scenic.com\\\/en\\\/product\\\/laser-voile\\\/\",\"url\":\"https:\\\/\\\/www.azur-scenic.com\\\/en\\\/product\\\/laser-voile\\\/\",\"name\":\"Laser Voile - Azur Scenic\",\"isPartOf\":{\"@id\":\"https:\\\/\\\/www.azur-scenic.com\\\/en\\\/#website\"},\"primaryImageOfPage\":{\"@id\":\"https:\\\/\\\/www.azur-scenic.com\\\/en\\\/product\\\/laser-voile\\\/#primaryimage\"},\"image\":{\"@id\":\"https:\\\/\\\/www.azur-scenic.com\\\/en\\\/product\\\/laser-voile\\\/#primaryimage\"},\"thumbnailUrl\":\"https:\\\/\\\/www.azur-scenic.com\\\/wp-content\\\/uploads\\\/7954ad5aaf840371d0261c007fe16f58.png\",\"datePublished\":\"2022-10-04T07:26:00+00:00\",\"dateModified\":\"2023-08-02T12:54:44+00:00\",\"breadcrumb\":{\"@id\":\"https:\\\/\\\/www.azur-scenic.com\\\/en\\\/product\\\/laser-voile\\\/#breadcrumb\"},\"inLanguage\":\"en-US\",\"potentialAction\":[{\"@type\":\"ReadAction\",\"target\":[\"https:\\\/\\\/www.azur-scenic.com\\\/en\\\/product\\\/laser-voile\\\/\"]}]},{\"@type\":\"ImageObject\",\"inLanguage\":\"en-US\",\"@id\":\"https:\\\/\\\/www.azur-scenic.com\\\/en\\\/product\\\/laser-voile\\\/#primaryimage\",\"url\":\"https:\\\/\\\/www.azur-scenic.com\\\/wp-content\\\/uploads\\\/7954ad5aaf840371d0261c007fe16f58.png\",\"contentUrl\":\"https:\\\/\\\/www.azur-scenic.com\\\/wp-content\\\/uploads\\\/7954ad5aaf840371d0261c007fe16f58.png\",\"width\":430,\"height\":430},{\"@type\":\"BreadcrumbList\",\"@id\":\"https:\\\/\\\/www.azur-scenic.com\\\/en\\\/product\\\/laser-voile\\\/#breadcrumb\",\"itemListElement\":[{\"@type\":\"ListItem\",\"position\":1,\"name\":\"Accueil\",\"item\":\"https:\\\/\\\/www.azur-scenic.com\\\/en\\\/\"},{\"@type\":\"ListItem\",\"position\":2,\"name\":\"Produits\",\"item\":\"https:\\\/\\\/www.azur-scenic.com\\\/en\\\/?page_id=21438\"},{\"@type\":\"ListItem\",\"position\":3,\"name\":\"Laser Voile\"}]},{\"@type\":\"WebSite\",\"@id\":\"https:\\\/\\\/www.azur-scenic.com\\\/en\\\/#website\",\"url\":\"https:\\\/\\\/www.azur-scenic.com\\\/en\\\/\",\"name\":\"Azur Scenic\",\"description\":\"Sp\u00e9cialiste de l\u2019\u00e9quipement sc\u00e9nique et de la d\u00e9coration int\u00e9rieure et \u00e9v\u00e9nementielle !\",\"publisher\":{\"@id\":\"https:\\\/\\\/www.azur-scenic.com\\\/en\\\/#organization\"},\"potentialAction\":[{\"@type\":\"SearchAction\",\"target\":{\"@type\":\"EntryPoint\",\"urlTemplate\":\"https:\\\/\\\/www.azur-scenic.com\\\/en\\\/?s={search_term_string}\"},\"query-input\":{\"@type\":\"PropertyValueSpecification\",\"valueRequired\":true,\"valueName\":\"search_term_string\"}}],\"inLanguage\":\"en-US\"},{\"@type\":\"Organization\",\"@id\":\"https:\\\/\\\/www.azur-scenic.com\\\/en\\\/#organization\",\"name\":\"AZUR SCENIC\",\"url\":\"https:\\\/\\\/www.azur-scenic.com\\\/en\\\/\",\"logo\":{\"@type\":\"ImageObject\",\"inLanguage\":\"en-US\",\"@id\":\"https:\\\/\\\/www.azur-scenic.com\\\/en\\\/#\\\/schema\\\/logo\\\/image\\\/\",\"url\":\"https:\\\/\\\/www.azur-scenic.com\\\/wp-content\\\/uploads\\\/2022\\\/09\\\/LOGO-AZUR-SCENIC-Fusion-web-236x64-1.jpg\",\"contentUrl\":\"https:\\\/\\\/www.azur-scenic.com\\\/wp-content\\\/uploads\\\/2022\\\/09\\\/LOGO-AZUR-SCENIC-Fusion-web-236x64-1.jpg\",\"width\":236,\"height\":64,\"caption\":\"AZUR SCENIC\"},\"image\":{\"@id\":\"https:\\\/\\\/www.azur-scenic.com\\\/en\\\/#\\\/schema\\\/logo\\\/image\\\/\"},\"sameAs\":[\"https:\\\/\\\/www.youtube.com\\\/channel\\\/UCPWM2mGPVUt4nYhNlm71WOA\",\"https:\\\/\\\/www.linkedin.com\\\/company\\\/33237605\\\/admin\\\/feed\\\/posts\\\/\"]}]}<\/script>\n<!-- \/ Yoast SEO plugin. -->","yoast_head_json":{"title":"Laser Voile - Azur Scenic","robots":{"index":"index","follow":"follow","max-snippet":"max-snippet:-1","max-image-preview":"max-image-preview:large","max-video-preview":"max-video-preview:-1"},"canonical":"https:\/\/www.azur-scenic.com\/en\/product\/laser-voile\/","og_locale":"en_US","og_type":"article","og_title":"Laser Voile - Azur Scenic","og_description":"An extra-light and almost invisible voile that works perfectly with laser lights to create stunning lighting effects. We offer this B-s1,d0 flame-retardant rated material in 2 colours, particularly suited to laser effects, as well as bright white, and very dark grey, both featuring a galaxy of shimmering sequins. This versatile voile is also great for making decorative curtains.  Width: 308 cm Weight: 22 g\/m\u00b2  Flame-retardant rating: B-s1,d0 Composition: 52.5% Trevira CS, 47.5% Polyamide","og_url":"https:\/\/www.azur-scenic.com\/en\/product\/laser-voile\/","og_site_name":"Azur Scenic","article_modified_time":"2023-08-02T12:54:44+00:00","og_image":[{"width":430,"height":430,"url":"https:\/\/www.azur-scenic.com\/wp-content\/uploads\/7954ad5aaf840371d0261c007fe16f58.png","type":"image\/png"}],"twitter_card":"summary_large_image","schema":{"@context":"https:\/\/schema.org","@graph":[{"@type":"WebPage","@id":"https:\/\/www.azur-scenic.com\/en\/product\/laser-voile\/","url":"https:\/\/www.azur-scenic.com\/en\/product\/laser-voile\/","name":"Laser Voile - Azur Scenic","isPartOf":{"@id":"https:\/\/www.azur-scenic.com\/en\/#website"},"primaryImageOfPage":{"@id":"https:\/\/www.azur-scenic.com\/en\/product\/laser-voile\/#primaryimage"},"image":{"@id":"https:\/\/www.azur-scenic.com\/en\/product\/laser-voile\/#primaryimage"},"thumbnailUrl":"https:\/\/www.azur-scenic.com\/wp-content\/uploads\/7954ad5aaf840371d0261c007fe16f58.png","datePublished":"2022-10-04T07:26:00+00:00","dateModified":"2023-08-02T12:54:44+00:00","breadcrumb":{"@id":"https:\/\/www.azur-scenic.com\/en\/product\/laser-voile\/#breadcrumb"},"inLanguage":"en-US","potentialAction":[{"@type":"ReadAction","target":["https:\/\/www.azur-scenic.com\/en\/product\/laser-voile\/"]}]},{"@type":"ImageObject","inLanguage":"en-US","@id":"https:\/\/www.azur-scenic.com\/en\/product\/laser-voile\/#primaryimage","url":"https:\/\/www.azur-scenic.com\/wp-content\/uploads\/7954ad5aaf840371d0261c007fe16f58.png","contentUrl":"https:\/\/www.azur-scenic.com\/wp-content\/uploads\/7954ad5aaf840371d0261c007fe16f58.png","width":430,"height":430},{"@type":"BreadcrumbList","@id":"https:\/\/www.azur-scenic.com\/en\/product\/laser-voile\/#breadcrumb","itemListElement":[{"@type":"ListItem","position":1,"name":"Accueil","item":"https:\/\/www.azur-scenic.com\/en\/"},{"@type":"ListItem","position":2,"name":"Produits","item":"https:\/\/www.azur-scenic.com\/en\/?page_id=21438"},{"@type":"ListItem","position":3,"name":"Laser Voile"}]},{"@type":"WebSite","@id":"https:\/\/www.azur-scenic.com\/en\/#website","url":"https:\/\/www.azur-scenic.com\/en\/","name":"Azur Scenic","description":"Sp\u00e9cialiste de l\u2019\u00e9quipement sc\u00e9nique et de la d\u00e9coration int\u00e9rieure et \u00e9v\u00e9nementielle !","publisher":{"@id":"https:\/\/www.azur-scenic.com\/en\/#organization"},"potentialAction":[{"@type":"SearchAction","target":{"@type":"EntryPoint","urlTemplate":"https:\/\/www.azur-scenic.com\/en\/?s={search_term_string}"},"query-input":{"@type":"PropertyValueSpecification","valueRequired":true,"valueName":"search_term_string"}}],"inLanguage":"en-US"},{"@type":"Organization","@id":"https:\/\/www.azur-scenic.com\/en\/#organization","name":"AZUR SCENIC","url":"https:\/\/www.azur-scenic.com\/en\/","logo":{"@type":"ImageObject","inLanguage":"en-US","@id":"https:\/\/www.azur-scenic.com\/en\/#\/schema\/logo\/image\/","url":"https:\/\/www.azur-scenic.com\/wp-content\/uploads\/2022\/09\/LOGO-AZUR-SCENIC-Fusion-web-236x64-1.jpg","contentUrl":"https:\/\/www.azur-scenic.com\/wp-content\/uploads\/2022\/09\/LOGO-AZUR-SCENIC-Fusion-web-236x64-1.jpg","width":236,"height":64,"caption":"AZUR SCENIC"},"image":{"@id":"https:\/\/www.azur-scenic.com\/en\/#\/schema\/logo\/image\/"},"sameAs":["https:\/\/www.youtube.com\/channel\/UCPWM2mGPVUt4nYhNlm71WOA","https:\/\/www.linkedin.com\/company\/33237605\/admin\/feed\/posts\/"]}]}},"_links":{"self":[{"href":"https:\/\/www.azur-scenic.com\/en\/wp-json\/wp\/v2\/product\/18641","targetHints":{"allow":["GET"]}}],"collection":[{"href":"https:\/\/www.azur-scenic.com\/en\/wp-json\/wp\/v2\/product"}],"about":[{"href":"https:\/\/www.azur-scenic.com\/en\/wp-json\/wp\/v2\/types\/product"}],"wp:featuredmedia":[{"embeddable":true,"href":"https:\/\/www.azur-scenic.com\/en\/wp-json\/wp\/v2\/media\/7218"}],"wp:attachment":[{"href":"https:\/\/www.azur-scenic.com\/en\/wp-json\/wp\/v2\/media?parent=18641"}],"wp:term":[{"taxonomy":"product_brand","embeddable":true,"href":"https:\/\/www.azur-scenic.com\/en\/wp-json\/wp\/v2\/product_brand?post=18641"},{"taxonomy":"product_cat","embeddable":true,"href":"https:\/\/www.azur-scenic.com\/en\/wp-json\/wp\/v2\/product_cat?post=18641"},{"taxonomy":"product_tag","embeddable":true,"href":"https:\/\/www.azur-scenic.com\/en\/wp-json\/wp\/v2\/product_tag?post=18641"}],"curies":[{"name":"wp","href":"https:\/\/api.w.org\/{rel}","templated":true}]}}