{"id":18693,"date":"2022-10-04T07:25:54","date_gmt":"2022-10-04T07:25:54","guid":{"rendered":"https:\/\/www.azur-scenic.com\/produit\/acousticvoile-pearl\/"},"modified":"2023-08-02T12:54:55","modified_gmt":"2023-08-02T12:54:55","slug":"acousticvoile-pearl","status":"publish","type":"product","link":"https:\/\/www.azur-scenic.com\/en\/product\/acousticvoile-pearl\/","title":{"rendered":"AcousticVoile Pearl"},"content":{"rendered":"<table>\n<thead>\n<tr>\n<th style=\"width: 170px;\">Technical data<\/th>\n<th>Value<\/th>\n<th>Notes<\/th>\n<\/tr>\n<\/thead>\n<tbody>\n<tr>\n<td style=\"vertical-align: top;\">Width<\/td>\n<td style=\"vertical-align: top;\">295 cm<\/td>\n<td style=\"vertical-align: top;\">\u00a0<\/td>\n<\/tr>\n<tr>\n<td style=\"vertical-align: top;\">Weight<\/td>\n<td style=\"vertical-align: top;\">130 g\/m\u00b2<\/td>\n<td style=\"vertical-align: top;\">\u00a0<\/td>\n<\/tr>\n<tr>\n<td style=\"vertical-align: top;\">Thickness<\/td>\n<td style=\"vertical-align: top;\">0.7\u00a0mm<\/td>\n<td style=\"vertical-align: top;\">\u00a0<\/td>\n<\/tr>\n<tr>\n<td style=\"vertical-align: top;\">Flame-retardant rating<\/td>\n<td style=\"vertical-align: top;\"><img decoding=\"async\" style=\"height: 20px; width: 20px;\" src=\"https:\/\/www.azur-scenic.com\/wp-content\/uploads\/csm_icon-flag-france_3304e5e3f9.png\" \/> M1<br \/>\n<img decoding=\"async\" style=\"height: 20px; width: 20px;\" src=\"https:\/\/www.azur-scenic.com\/wp-content\/uploads\/icon-flag-europe.png\" \/> Class 1<br \/>\n<img decoding=\"async\" style=\"height: 20px; width: 20px;\" src=\"https:\/\/www.azur-scenic.com\/wp-content\/uploads\/icon-flag-allemagne.png\" \/> B1<br \/>\n<img decoding=\"async\" style=\"height: 20px; width: 20px;\" src=\" https:\/\/www.azur-scenic.com\/wp-content\/uploads\/icon-flag-uk.png\" \/> Type C<br \/>\n<img decoding=\"async\" style=\"height: 20px; width: 20px;\" src=\"https:\/\/www.azur-scenic.com\/wp-content\/uploads\/icon-flag-italie.png\" \/> Class 1<br \/>\n<img decoding=\"async\" style=\"height: 20px; width: 20px;\" src=\"https:\/\/www.azur-scenic.com\/wp-content\/uploads\/icon-flag-usa.png\" \/> Complies<\/td>\n<td style=\"vertical-align: top;\">Standard: NF P 92 \/ 503-507<br \/>\nStandard: EN 13773<br \/>\nStandard: DIN 4102<br \/>\nStandard: BS 5867 &#8211; 2<br \/>\nStandard: UNI VF 8456 &#8211; 8457<br \/>\nStandard: NFPA 701: 2010-1<\/td>\n<\/tr>\n<tr>\n<td style=\"vertical-align: top;\">Composition<\/td>\n<td style=\"vertical-align: top;\" colspan=\"2\" rowspan=\"1\">100% FR Trevira CS Polyester <\/td>\n<\/tr>\n<tr>\n<td style=\"vertical-align: top;\">Roll length<\/td>\n<td style=\"vertical-align: top;\">25 m<\/td>\n<td style=\"vertical-align: top;\">Cut-to-length available according to colour stock<\/td>\n<\/tr>\n<tr>\n<td style=\"vertical-align: top;\">Friction\/abrasion resistance<\/td>\n<td style=\"vertical-align: top;\">Wet 4-5<br \/>\nDry 4-5<br \/>\nWet 5<br \/>\nDry 5<\/td>\n<td style=\"vertical-align: top;\">\n<p>Standard: ISO 105 X12 <span style=\"font-size: 13px;\">(rating 1-5)<\/span><\/p>\n<p>Standard: AATCC 8 <span style=\"font-size: 13px;\">(rating 1-5)<\/span><\/p>\n<\/td>\n<\/tr>\n<tr>\n<td style=\"vertical-align: top;\">Light fastness<\/td>\n<td style=\"vertical-align: top;\">5<br \/>\n5<\/td>\n<td style=\"vertical-align: top;\">Standard: ISO 105 B02 <span style=\"font-size: 13px;\">(rating 1-8)<\/span><br \/>\nStandard: AATC 16.3: 60 hours <span style=\"font-size: 13px;\">(rating 1-8)<\/span><\/td>\n<\/tr>\n<tr>\n<td style=\"vertical-align: top;\">Acoustic properties<\/td>\n<td style=\"vertical-align: top;\">0.80 \u03b1w<\/td>\n<td style=\"vertical-align: top;\">Standard: ISO 354<\/td>\n<\/tr>\n<\/tbody>\n<\/table>\n<p>\u00a0<\/p><\/p>\n","protected":false},"excerpt":{"rendered":"<p>A light voile material with <strong><span style=\"color: #f88523;\">unique acoustic properties<\/span><\/strong>, <strong><span style=\"color: #f88523;\">M1<\/span><\/strong> flame-retardant rating and available in a wide range of <span style=\"color: #f88523;\"><strong>decorative colours<\/strong><\/span>.<br \/>\nAcousticVoile Pearl is <strong><span style=\"color: #f88523;\">the most absorbent voile on the market<\/span><\/strong>.<br \/>\nThe unique structure of this voile material allows the <strong><span style=\"color: #f88523;\">sound absorption<\/span><\/strong> of noise sources within a space while retaining <strong><span style=\"color: #f88523;\">lighting<\/span><\/strong> thanks to the fabric\u2019s transparency.<br \/>\n<strong><span style=\"color: #f88523;\">Sparkling lam\u00e9<\/span><\/strong> effect material with embroidered motif.<br \/>\n<span style=\"color: #f88523;\"><strong>Washable Trevira CS<\/strong><\/span> FR polyester voile, with high <strong><span style=\"color: #f88523;\">UV resistance<\/span><\/strong>, perfect for <strong><span style=\"color: #f88523;\">interior and exterior use<\/span><\/strong>.<br \/>\n<span style=\"color: #f88523;\"><strong>Oeko-Tex<\/strong><\/span> certified, this voile material is made using environmentally-friendly production techniques.<\/p>\n<table class=\"table\" style=\"background: #f7f7f7;\">\n<tbody>\n<tr>\n<td><strong>Width<\/strong>: 295 cm<\/td>\n<td><strong>Weight<\/strong>: 130 g\/m\u00b2<\/td>\n<\/tr>\n<tr>\n<td><strong>Flame-retardant rating<\/strong>:<br \/>\n<img decoding=\"async\" style=\"height: 20px; width: 20px;\" src=\"https:\/\/www.azur-scenic.com\/wp-content\/uploads\/csm_icon-flag-france_3304e5e3f9.png\" \/> M1 <img decoding=\"async\" style=\"height: 20px; width: 20px;\" src=\"https:\/\/www.azur-scenic.com\/wp-content\/uploads\/icon-flag-europe.png\" \/> Class 1\u00a0<img decoding=\"async\" style=\"height: 20px; width: 20px;\" src=\"https:\/\/www.azur-scenic.com\/wp-content\/uploads\/icon-flag-allemagne.png\" \/> B1 <img decoding=\"async\" style=\"height: 20px; width: 20px;\" src=\"https:\/\/www.azur-scenic.com\/wp-content\/uploads\/icon-flag-uk.png\" \/> Type C<br \/>\n<img decoding=\"async\" style=\"height: 20px; width: 20px;\" src=\"https:\/\/www.azur-scenic.com\/wp-content\/uploads\/icon-flag-italie.png\" \/> Class 1 <img decoding=\"async\" style=\"height: 20px; width: 20px;\" src=\"https:\/\/www.azur-scenic.com\/wp-content\/uploads\/icon-flag-usa.png\" \/> Complies<\/td>\n<td style=\"vertical-align: top;\"><strong>Composition<\/strong>:<br \/>\n100% FR Trevira CS Polyester <\/td>\n<\/tr>\n<\/tbody>\n<\/table>\n","protected":false},"featured_media":15213,"template":"","meta":{"_acf_changed":false},"product_brand":[],"product_cat":[898,893,1334,1579,979,980,1027],"product_tag":[],"class_list":{"0":"post-18693","1":"product","2":"type-product","3":"status-publish","4":"has-post-thumbnail","6":"product_cat-all-products","7":"product_cat-stage-and-events-material","8":"product_cat-voiles-lightweight-fabrics","9":"product_cat-acoustic-voile","10":"product_cat-acoustic-solutions","11":"product_cat-acoustic-absorption","12":"product_cat-decoration","13":"pa_couleurs-001-002-en","14":"pa_couleurs-002-002-en","15":"pa_couleurs-002-108-en","16":"pa_couleurs-090-170-en","17":"pa_couleurs-120-108-en","18":"pa_couleurs-320-002-en","19":"pa_couleurs-420-170-en","20":"pa_couleurs-450-002-en","21":"pa_couleurs-500-170-en","22":"pa_couleurs-500-720-en","23":"pa_couleurs-640-110-en","24":"pa_couleurs-720-110-en","25":"pa_groupes-de-couleurs-white","26":"pa_groupes-de-couleurs-blue","27":"pa_groupes-de-couleurs-off-white","28":"pa_groupes-de-couleurs-greys","29":"pa_groupes-de-couleurs-yellow","30":"pa_groupes-de-couleurs-brown-beige","31":"pa_groupes-de-couleurs-black","32":"pa_groupes-de-couleurs-orange","33":"pa_groupes-de-couleurs-green","34":"pa_textiles-acoustic-absorbant","35":"pa_textiles-suitable-for-outdoors-use","36":"pa_textiles-gloss-lacquered-and-metallic","37":"pa_textiles-flame-retardant-rated","38":"pa_textiles-washable","39":"pa_textiles-oeko-tex","40":"pa_textiles-uv-resistant","41":"pa_textiles-transparent-and-translucent","42":"pa_textiles-trevira-cs","43":"pa_textiles-environmentally-friendly","45":"first","46":"instock","47":"shipping-taxable","48":"purchasable","49":"product-type-variable"},"acf":[],"yoast_head":"<!-- This site is optimized with the Yoast SEO plugin v27.3 - https:\/\/yoast.com\/product\/yoast-seo-wordpress\/ -->\n<title>AcousticVoile Pearl - Azur Scenic<\/title>\n<meta name=\"robots\" content=\"index, follow, max-snippet:-1, max-image-preview:large, max-video-preview:-1\" \/>\n<link rel=\"canonical\" href=\"https:\/\/www.azur-scenic.com\/en\/product\/acousticvoile-pearl\/\" \/>\n<meta property=\"og:locale\" content=\"en_US\" \/>\n<meta property=\"og:type\" content=\"article\" \/>\n<meta property=\"og:title\" content=\"AcousticVoile Pearl - Azur Scenic\" \/>\n<meta property=\"og:description\" content=\"A light voile material with unique acoustic properties, M1 flame-retardant rating and available in a wide range of decorative colours. AcousticVoile Pearl is the most absorbent voile on the market. The unique structure of this voile material allows the sound absorption of noise sources within a space while retaining lighting thanks to the fabric\u2019s transparency. Sparkling lam\u00e9 effect material with embroidered motif. Washable Trevira CS FR polyester voile, with high UV resistance, perfect for interior and exterior use. Oeko-Tex certified, this voile material is made using environmentally-friendly production techniques.  Width: 295 cm Weight: 130 g\/m\u00b2  Flame-retardant rating: M1 Class 1\u00a0 B1 Type C Class 1 Complies Composition: 100% FR Trevira CS Polyester\" \/>\n<meta property=\"og:url\" content=\"https:\/\/www.azur-scenic.com\/en\/product\/acousticvoile-pearl\/\" \/>\n<meta property=\"og:site_name\" content=\"Azur Scenic\" \/>\n<meta property=\"article:modified_time\" content=\"2023-08-02T12:54:55+00:00\" \/>\n<meta property=\"og:image\" content=\"https:\/\/www.azur-scenic.com\/wp-content\/uploads\/ACOUSTIC-PEARL-ECRU-BLANC-scaled.jpg\" \/>\n\t<meta property=\"og:image:width\" content=\"2560\" \/>\n\t<meta property=\"og:image:height\" content=\"2560\" \/>\n\t<meta property=\"og:image:type\" content=\"image\/jpeg\" \/>\n<meta name=\"twitter:card\" content=\"summary_large_image\" \/>\n<script type=\"application\/ld+json\" class=\"yoast-schema-graph\">{\"@context\":\"https:\\\/\\\/schema.org\",\"@graph\":[{\"@type\":\"WebPage\",\"@id\":\"https:\\\/\\\/www.azur-scenic.com\\\/en\\\/product\\\/acousticvoile-pearl\\\/\",\"url\":\"https:\\\/\\\/www.azur-scenic.com\\\/en\\\/product\\\/acousticvoile-pearl\\\/\",\"name\":\"AcousticVoile Pearl - Azur Scenic\",\"isPartOf\":{\"@id\":\"https:\\\/\\\/www.azur-scenic.com\\\/en\\\/#website\"},\"primaryImageOfPage\":{\"@id\":\"https:\\\/\\\/www.azur-scenic.com\\\/en\\\/product\\\/acousticvoile-pearl\\\/#primaryimage\"},\"image\":{\"@id\":\"https:\\\/\\\/www.azur-scenic.com\\\/en\\\/product\\\/acousticvoile-pearl\\\/#primaryimage\"},\"thumbnailUrl\":\"https:\\\/\\\/www.azur-scenic.com\\\/wp-content\\\/uploads\\\/ACOUSTIC-PEARL-ECRU-BLANC-scaled.jpg\",\"datePublished\":\"2022-10-04T07:25:54+00:00\",\"dateModified\":\"2023-08-02T12:54:55+00:00\",\"breadcrumb\":{\"@id\":\"https:\\\/\\\/www.azur-scenic.com\\\/en\\\/product\\\/acousticvoile-pearl\\\/#breadcrumb\"},\"inLanguage\":\"en-US\",\"potentialAction\":[{\"@type\":\"ReadAction\",\"target\":[\"https:\\\/\\\/www.azur-scenic.com\\\/en\\\/product\\\/acousticvoile-pearl\\\/\"]}]},{\"@type\":\"ImageObject\",\"inLanguage\":\"en-US\",\"@id\":\"https:\\\/\\\/www.azur-scenic.com\\\/en\\\/product\\\/acousticvoile-pearl\\\/#primaryimage\",\"url\":\"https:\\\/\\\/www.azur-scenic.com\\\/wp-content\\\/uploads\\\/ACOUSTIC-PEARL-ECRU-BLANC-scaled.jpg\",\"contentUrl\":\"https:\\\/\\\/www.azur-scenic.com\\\/wp-content\\\/uploads\\\/ACOUSTIC-PEARL-ECRU-BLANC-scaled.jpg\",\"width\":2560,\"height\":2560,\"caption\":\"ACOUSTIC PEARL ECRU BLANC\"},{\"@type\":\"BreadcrumbList\",\"@id\":\"https:\\\/\\\/www.azur-scenic.com\\\/en\\\/product\\\/acousticvoile-pearl\\\/#breadcrumb\",\"itemListElement\":[{\"@type\":\"ListItem\",\"position\":1,\"name\":\"Accueil\",\"item\":\"https:\\\/\\\/www.azur-scenic.com\\\/en\\\/\"},{\"@type\":\"ListItem\",\"position\":2,\"name\":\"Produits\",\"item\":\"https:\\\/\\\/www.azur-scenic.com\\\/en\\\/?page_id=21438\"},{\"@type\":\"ListItem\",\"position\":3,\"name\":\"AcousticVoile Pearl\"}]},{\"@type\":\"WebSite\",\"@id\":\"https:\\\/\\\/www.azur-scenic.com\\\/en\\\/#website\",\"url\":\"https:\\\/\\\/www.azur-scenic.com\\\/en\\\/\",\"name\":\"Azur Scenic\",\"description\":\"Sp\u00e9cialiste de l\u2019\u00e9quipement sc\u00e9nique et de la d\u00e9coration int\u00e9rieure et \u00e9v\u00e9nementielle !\",\"publisher\":{\"@id\":\"https:\\\/\\\/www.azur-scenic.com\\\/en\\\/#organization\"},\"potentialAction\":[{\"@type\":\"SearchAction\",\"target\":{\"@type\":\"EntryPoint\",\"urlTemplate\":\"https:\\\/\\\/www.azur-scenic.com\\\/en\\\/?s={search_term_string}\"},\"query-input\":{\"@type\":\"PropertyValueSpecification\",\"valueRequired\":true,\"valueName\":\"search_term_string\"}}],\"inLanguage\":\"en-US\"},{\"@type\":\"Organization\",\"@id\":\"https:\\\/\\\/www.azur-scenic.com\\\/en\\\/#organization\",\"name\":\"AZUR SCENIC\",\"url\":\"https:\\\/\\\/www.azur-scenic.com\\\/en\\\/\",\"logo\":{\"@type\":\"ImageObject\",\"inLanguage\":\"en-US\",\"@id\":\"https:\\\/\\\/www.azur-scenic.com\\\/en\\\/#\\\/schema\\\/logo\\\/image\\\/\",\"url\":\"https:\\\/\\\/www.azur-scenic.com\\\/wp-content\\\/uploads\\\/2022\\\/09\\\/LOGO-AZUR-SCENIC-Fusion-web-236x64-1.jpg\",\"contentUrl\":\"https:\\\/\\\/www.azur-scenic.com\\\/wp-content\\\/uploads\\\/2022\\\/09\\\/LOGO-AZUR-SCENIC-Fusion-web-236x64-1.jpg\",\"width\":236,\"height\":64,\"caption\":\"AZUR SCENIC\"},\"image\":{\"@id\":\"https:\\\/\\\/www.azur-scenic.com\\\/en\\\/#\\\/schema\\\/logo\\\/image\\\/\"},\"sameAs\":[\"https:\\\/\\\/www.youtube.com\\\/channel\\\/UCPWM2mGPVUt4nYhNlm71WOA\",\"https:\\\/\\\/www.linkedin.com\\\/company\\\/33237605\\\/admin\\\/feed\\\/posts\\\/\"]}]}<\/script>\n<!-- \/ Yoast SEO plugin. -->","yoast_head_json":{"title":"AcousticVoile Pearl - Azur Scenic","robots":{"index":"index","follow":"follow","max-snippet":"max-snippet:-1","max-image-preview":"max-image-preview:large","max-video-preview":"max-video-preview:-1"},"canonical":"https:\/\/www.azur-scenic.com\/en\/product\/acousticvoile-pearl\/","og_locale":"en_US","og_type":"article","og_title":"AcousticVoile Pearl - Azur Scenic","og_description":"A light voile material with unique acoustic properties, M1 flame-retardant rating and available in a wide range of decorative colours. AcousticVoile Pearl is the most absorbent voile on the market. The unique structure of this voile material allows the sound absorption of noise sources within a space while retaining lighting thanks to the fabric\u2019s transparency. Sparkling lam\u00e9 effect material with embroidered motif. Washable Trevira CS FR polyester voile, with high UV resistance, perfect for interior and exterior use. Oeko-Tex certified, this voile material is made using environmentally-friendly production techniques.  Width: 295 cm Weight: 130 g\/m\u00b2  Flame-retardant rating: M1 Class 1\u00a0 B1 Type C Class 1 Complies Composition: 100% FR Trevira CS Polyester","og_url":"https:\/\/www.azur-scenic.com\/en\/product\/acousticvoile-pearl\/","og_site_name":"Azur Scenic","article_modified_time":"2023-08-02T12:54:55+00:00","og_image":[{"width":2560,"height":2560,"url":"https:\/\/www.azur-scenic.com\/wp-content\/uploads\/ACOUSTIC-PEARL-ECRU-BLANC-scaled.jpg","type":"image\/jpeg"}],"twitter_card":"summary_large_image","schema":{"@context":"https:\/\/schema.org","@graph":[{"@type":"WebPage","@id":"https:\/\/www.azur-scenic.com\/en\/product\/acousticvoile-pearl\/","url":"https:\/\/www.azur-scenic.com\/en\/product\/acousticvoile-pearl\/","name":"AcousticVoile Pearl - Azur Scenic","isPartOf":{"@id":"https:\/\/www.azur-scenic.com\/en\/#website"},"primaryImageOfPage":{"@id":"https:\/\/www.azur-scenic.com\/en\/product\/acousticvoile-pearl\/#primaryimage"},"image":{"@id":"https:\/\/www.azur-scenic.com\/en\/product\/acousticvoile-pearl\/#primaryimage"},"thumbnailUrl":"https:\/\/www.azur-scenic.com\/wp-content\/uploads\/ACOUSTIC-PEARL-ECRU-BLANC-scaled.jpg","datePublished":"2022-10-04T07:25:54+00:00","dateModified":"2023-08-02T12:54:55+00:00","breadcrumb":{"@id":"https:\/\/www.azur-scenic.com\/en\/product\/acousticvoile-pearl\/#breadcrumb"},"inLanguage":"en-US","potentialAction":[{"@type":"ReadAction","target":["https:\/\/www.azur-scenic.com\/en\/product\/acousticvoile-pearl\/"]}]},{"@type":"ImageObject","inLanguage":"en-US","@id":"https:\/\/www.azur-scenic.com\/en\/product\/acousticvoile-pearl\/#primaryimage","url":"https:\/\/www.azur-scenic.com\/wp-content\/uploads\/ACOUSTIC-PEARL-ECRU-BLANC-scaled.jpg","contentUrl":"https:\/\/www.azur-scenic.com\/wp-content\/uploads\/ACOUSTIC-PEARL-ECRU-BLANC-scaled.jpg","width":2560,"height":2560,"caption":"ACOUSTIC PEARL ECRU BLANC"},{"@type":"BreadcrumbList","@id":"https:\/\/www.azur-scenic.com\/en\/product\/acousticvoile-pearl\/#breadcrumb","itemListElement":[{"@type":"ListItem","position":1,"name":"Accueil","item":"https:\/\/www.azur-scenic.com\/en\/"},{"@type":"ListItem","position":2,"name":"Produits","item":"https:\/\/www.azur-scenic.com\/en\/?page_id=21438"},{"@type":"ListItem","position":3,"name":"AcousticVoile Pearl"}]},{"@type":"WebSite","@id":"https:\/\/www.azur-scenic.com\/en\/#website","url":"https:\/\/www.azur-scenic.com\/en\/","name":"Azur Scenic","description":"Sp\u00e9cialiste de l\u2019\u00e9quipement sc\u00e9nique et de la d\u00e9coration int\u00e9rieure et \u00e9v\u00e9nementielle !","publisher":{"@id":"https:\/\/www.azur-scenic.com\/en\/#organization"},"potentialAction":[{"@type":"SearchAction","target":{"@type":"EntryPoint","urlTemplate":"https:\/\/www.azur-scenic.com\/en\/?s={search_term_string}"},"query-input":{"@type":"PropertyValueSpecification","valueRequired":true,"valueName":"search_term_string"}}],"inLanguage":"en-US"},{"@type":"Organization","@id":"https:\/\/www.azur-scenic.com\/en\/#organization","name":"AZUR SCENIC","url":"https:\/\/www.azur-scenic.com\/en\/","logo":{"@type":"ImageObject","inLanguage":"en-US","@id":"https:\/\/www.azur-scenic.com\/en\/#\/schema\/logo\/image\/","url":"https:\/\/www.azur-scenic.com\/wp-content\/uploads\/2022\/09\/LOGO-AZUR-SCENIC-Fusion-web-236x64-1.jpg","contentUrl":"https:\/\/www.azur-scenic.com\/wp-content\/uploads\/2022\/09\/LOGO-AZUR-SCENIC-Fusion-web-236x64-1.jpg","width":236,"height":64,"caption":"AZUR SCENIC"},"image":{"@id":"https:\/\/www.azur-scenic.com\/en\/#\/schema\/logo\/image\/"},"sameAs":["https:\/\/www.youtube.com\/channel\/UCPWM2mGPVUt4nYhNlm71WOA","https:\/\/www.linkedin.com\/company\/33237605\/admin\/feed\/posts\/"]}]}},"_links":{"self":[{"href":"https:\/\/www.azur-scenic.com\/en\/wp-json\/wp\/v2\/product\/18693","targetHints":{"allow":["GET"]}}],"collection":[{"href":"https:\/\/www.azur-scenic.com\/en\/wp-json\/wp\/v2\/product"}],"about":[{"href":"https:\/\/www.azur-scenic.com\/en\/wp-json\/wp\/v2\/types\/product"}],"wp:featuredmedia":[{"embeddable":true,"href":"https:\/\/www.azur-scenic.com\/en\/wp-json\/wp\/v2\/media\/15213"}],"wp:attachment":[{"href":"https:\/\/www.azur-scenic.com\/en\/wp-json\/wp\/v2\/media?parent=18693"}],"wp:term":[{"taxonomy":"product_brand","embeddable":true,"href":"https:\/\/www.azur-scenic.com\/en\/wp-json\/wp\/v2\/product_brand?post=18693"},{"taxonomy":"product_cat","embeddable":true,"href":"https:\/\/www.azur-scenic.com\/en\/wp-json\/wp\/v2\/product_cat?post=18693"},{"taxonomy":"product_tag","embeddable":true,"href":"https:\/\/www.azur-scenic.com\/en\/wp-json\/wp\/v2\/product_tag?post=18693"}],"curies":[{"name":"wp","href":"https:\/\/api.w.org\/{rel}","templated":true}]}}