{"id":18727,"date":"2022-10-04T07:25:54","date_gmt":"2022-10-04T07:25:54","guid":{"rendered":"https:\/\/www.azur-scenic.com\/produit\/ponge-de-soie\/"},"modified":"2023-08-02T12:57:33","modified_gmt":"2023-08-02T12:57:33","slug":"silk-pongee","status":"publish","type":"product","link":"https:\/\/www.azur-scenic.com\/en\/product\/silk-pongee\/","title":{"rendered":"Silk pongee"},"content":{"rendered":"<table>\n<thead>\n<tr>\n<th style=\"width: 170px;\">Technical data<\/th>\n<th style=\"width: 76px;\">Value<\/th>\n<th style=\"width: 283px;\">Notes<\/th>\n<\/tr>\n<\/thead>\n<tbody>\n<tr>\n<td style=\"vertical-align: top;\">Width<\/td>\n<td style=\"vertical-align: top; width: 76px;\">140 cm<\/td>\n<td style=\"vertical-align: top; width: 283px;\">\u00a0<\/td>\n<\/tr>\n<tr>\n<td style=\"vertical-align: top;\">Weight<\/td>\n<td style=\"vertical-align: top; width: 76px;\">22 g\/m\u00b2<br \/>\n35 g\/m\u00b2<\/td>\n<td style=\"vertical-align: top; width: 283px;\">Lightweight silk pongee (ref. 4801)<br \/>\nHeavy silk pongee (ref. 4802)<\/td>\n<\/tr>\n<tr>\n<td style=\"vertical-align: top;\">Thickness<\/td>\n<td style=\"vertical-align: top; width: 76px;\">\u00b1 0.1 mm<\/td>\n<td style=\"vertical-align: top; width: 283px;\">\u00a0<\/td>\n<\/tr>\n<tr>\n<td style=\"vertical-align: top;\">Flame-retardant rating<\/td>\n<td style=\"vertical-align: top; width: 76px;\"><img decoding=\"async\" style=\"height: 20px; width: 20px;\" src=\"https:\/\/www.azur-scenic.com\/wp-content\/uploads\/csm_icon-flag-france_3304e5e3f9.png\" \/> M1<\/td>\n<td style=\"vertical-align: top; width: 283px;\">\u00a0<\/td>\n<\/tr>\n<tr>\n<td style=\"vertical-align: top;\">Composition<\/td>\n<td style=\"vertical-align: top; width: 76px;\">100% Silk<\/td>\n<td style=\"vertical-align: top; width: 283px;\">Natural fibre, environmentally-friendly and biodegradable<\/td>\n<\/tr>\n<tr>\n<td style=\"vertical-align: top;\">Roll length<\/td>\n<td style=\"vertical-align: top; width: 76px;\">\u00b1 70 m<\/td>\n<td style=\"vertical-align: top; width: 283px;\">Rolled full-width<br \/>\nLengths not calibrated<br \/>\nAvailable to buy cut-to-length for standard colours (002 &#8211; 003 &#8211; 030)<\/td>\n<\/tr>\n<tr>\n<td style=\"vertical-align: top;\"><em>Important information concerning<\/em><br \/>\n<em>flame-retardant treatment<\/em><\/td>\n<td style=\"vertical-align: top;\" colspan=\"2\"><em>During flame-retardant treatment silk can shrink.<\/em><br \/>\n<em>When delivered it is possible that the silk will have a width slightly less than the <\/em><em>advertised 140 cm.<\/em><br \/>\n<em>It is also possible that the length of the rolls delivered will be slightly less than <\/em><em>the quantity ordered (corresponding to the real quantity before flame-retardant treatment).<\/em><br \/>\n<em>We recommend ordering a quantity <\/em><em>10% greater than actually required.<\/em><\/td>\n<\/tr>\n<\/tbody>\n<\/table>\n<p>\u00a0<\/p><\/p>\n","protected":false},"excerpt":{"rendered":"<p>Made of <strong><span style=\"color: #f88523;\">100% Silk<\/span><\/strong>, these 2 silk pongees are <span style=\"color: #f88523;\"><strong>natural<\/strong><\/span> and<span style=\"color: #f88523;\"><strong>environmentally-friendly materials<\/strong><\/span>.<br \/>\n<strong><span style=\"color: #f88523;\">Rated M1<\/span><\/strong>, these fabrics comply with safety standards for public spaces.<br \/>\nThis light and airy <span style=\"color: #f88523;\"><strong>extra-light silk <\/strong><\/span> material is available in <span style=\"color: #f88523;\"><strong>2 weights<\/strong><\/span> (22 g and 35 g\/m\u00b2) each with a greater or lower transparency to suit the requirements of all your projects.<\/p>\n<p>These silks are perfect elements for <span style=\"color: #f88523;\"><strong>theatre sets<\/strong><\/span>, <span style=\"color: #f88523;\"><strong>curtains<\/strong><\/span>, Kabuki drops, scrim curtains, and more&#8230; Let your imagination run riot and take advantage of the incredible<span style=\"color: #f88523;\"><strong>lightness<\/strong><\/span> and <span style=\"color: #f88523;\"><strong>flowing, floating character <\/strong><\/span> of these silks to make <strong><span style=\"color: #f88523;\">the most amazing special effects<\/span><\/strong>!<\/p>\n<p>\u00a0<\/p>\n<p><strong>Custom order colours available for dyed silks in whole lengths<\/strong><\/p>\n<p>\u00a0<\/p>\n<table class=\"table\" style=\"background: #f7f7f7;\">\n<tbody>\n<tr>\n<td><strong>Width<\/strong>: 140 cm<\/td>\n<td><strong>Weight<\/strong>: 22 g\/m\u00b2, 35 g\/m\u00b2<\/td>\n<\/tr>\n<tr>\n<td><strong>Flame-retardant rating<\/strong>: <img decoding=\"async\" style=\"height: 20px; width: 20px;\" src=\"https:\/\/www.azur-scenic.com\/wp-content\/uploads\/csm_icon-flag-france_3304e5e3f9.png\" \/> M1<\/td>\n<td style=\"vertical-align: top;\"><strong>Composition<\/strong>: 100% Silk<\/td>\n<\/tr>\n<\/tbody>\n<\/table>\n","protected":false},"featured_media":7158,"template":"","meta":{"_acf_changed":false},"product_brand":[],"product_cat":[898,893,1334,1623,981,1624,897],"product_tag":[],"class_list":{"0":"post-18727","1":"product","2":"type-product","3":"status-publish","4":"has-post-thumbnail","6":"product_cat-all-products","7":"product_cat-stage-and-events-material","8":"product_cat-voiles-lightweight-fabrics","9":"product_cat-silks-imitation-silks","10":"product_cat-decorative-fabrics","11":"product_cat-satin-gloss-fabrics","12":"product_cat-theatre","13":"pa_couleurs-002-en","14":"pa_couleurs-003-en","15":"pa_couleurs-030-en","16":"pa_groupes-de-couleurs-white","17":"pa_groupes-de-couleurs-off-white","18":"pa_groupes-de-couleurs-black","19":"pa_textiles-flame-retardant-rated","20":"pa_textiles-special-effects","21":"pa_textiles-environmentally-friendly","23":"first","24":"instock","25":"shipping-taxable","26":"purchasable","27":"product-type-variable"},"acf":[],"yoast_head":"<!-- This site is optimized with the Yoast SEO plugin v27.3 - https:\/\/yoast.com\/product\/yoast-seo-wordpress\/ -->\n<title>Silk pongee - Azur Scenic<\/title>\n<meta name=\"robots\" content=\"index, follow, max-snippet:-1, max-image-preview:large, max-video-preview:-1\" \/>\n<link rel=\"canonical\" href=\"https:\/\/www.azur-scenic.com\/en\/product\/silk-pongee\/\" \/>\n<meta property=\"og:locale\" content=\"en_US\" \/>\n<meta property=\"og:type\" content=\"article\" \/>\n<meta property=\"og:title\" content=\"Silk pongee - Azur Scenic\" \/>\n<meta property=\"og:description\" content=\"Made of 100% Silk, these 2 silk pongees are natural andenvironmentally-friendly materials. Rated M1, these fabrics comply with safety standards for public spaces. This light and airy extra-light silk material is available in 2 weights (22 g and 35 g\/m\u00b2) each with a greater or lower transparency to suit the requirements of all your projects. These silks are perfect elements for theatre sets, curtains, Kabuki drops, scrim curtains, and more... Let your imagination run riot and take advantage of the incrediblelightness and flowing, floating character of these silks to make the most amazing special effects! \u00a0 Custom order colours available for dyed silks in whole lengths \u00a0  Width: 140 cm Weight: 22 g\/m\u00b2, 35 g\/m\u00b2  Flame-retardant rating: M1 Composition: 100% Silk\" \/>\n<meta property=\"og:url\" content=\"https:\/\/www.azur-scenic.com\/en\/product\/silk-pongee\/\" \/>\n<meta property=\"og:site_name\" content=\"Azur Scenic\" \/>\n<meta property=\"article:modified_time\" content=\"2023-08-02T12:57:33+00:00\" \/>\n<meta property=\"og:image\" content=\"https:\/\/www.azur-scenic.com\/wp-content\/uploads\/b91820d012f61c7d0ed3bd380ead5f1b.png\" \/>\n\t<meta property=\"og:image:width\" content=\"430\" \/>\n\t<meta property=\"og:image:height\" content=\"430\" \/>\n\t<meta property=\"og:image:type\" content=\"image\/png\" \/>\n<meta name=\"twitter:card\" content=\"summary_large_image\" \/>\n<meta name=\"twitter:label1\" content=\"Est. reading time\" \/>\n\t<meta name=\"twitter:data1\" content=\"1 minute\" \/>\n<script type=\"application\/ld+json\" class=\"yoast-schema-graph\">{\"@context\":\"https:\\\/\\\/schema.org\",\"@graph\":[{\"@type\":\"WebPage\",\"@id\":\"https:\\\/\\\/www.azur-scenic.com\\\/en\\\/product\\\/silk-pongee\\\/\",\"url\":\"https:\\\/\\\/www.azur-scenic.com\\\/en\\\/product\\\/silk-pongee\\\/\",\"name\":\"Silk pongee - Azur Scenic\",\"isPartOf\":{\"@id\":\"https:\\\/\\\/www.azur-scenic.com\\\/en\\\/#website\"},\"primaryImageOfPage\":{\"@id\":\"https:\\\/\\\/www.azur-scenic.com\\\/en\\\/product\\\/silk-pongee\\\/#primaryimage\"},\"image\":{\"@id\":\"https:\\\/\\\/www.azur-scenic.com\\\/en\\\/product\\\/silk-pongee\\\/#primaryimage\"},\"thumbnailUrl\":\"https:\\\/\\\/www.azur-scenic.com\\\/wp-content\\\/uploads\\\/b91820d012f61c7d0ed3bd380ead5f1b.png\",\"datePublished\":\"2022-10-04T07:25:54+00:00\",\"dateModified\":\"2023-08-02T12:57:33+00:00\",\"breadcrumb\":{\"@id\":\"https:\\\/\\\/www.azur-scenic.com\\\/en\\\/product\\\/silk-pongee\\\/#breadcrumb\"},\"inLanguage\":\"en-US\",\"potentialAction\":[{\"@type\":\"ReadAction\",\"target\":[\"https:\\\/\\\/www.azur-scenic.com\\\/en\\\/product\\\/silk-pongee\\\/\"]}]},{\"@type\":\"ImageObject\",\"inLanguage\":\"en-US\",\"@id\":\"https:\\\/\\\/www.azur-scenic.com\\\/en\\\/product\\\/silk-pongee\\\/#primaryimage\",\"url\":\"https:\\\/\\\/www.azur-scenic.com\\\/wp-content\\\/uploads\\\/b91820d012f61c7d0ed3bd380ead5f1b.png\",\"contentUrl\":\"https:\\\/\\\/www.azur-scenic.com\\\/wp-content\\\/uploads\\\/b91820d012f61c7d0ed3bd380ead5f1b.png\",\"width\":430,\"height\":430},{\"@type\":\"BreadcrumbList\",\"@id\":\"https:\\\/\\\/www.azur-scenic.com\\\/en\\\/product\\\/silk-pongee\\\/#breadcrumb\",\"itemListElement\":[{\"@type\":\"ListItem\",\"position\":1,\"name\":\"Accueil\",\"item\":\"https:\\\/\\\/www.azur-scenic.com\\\/en\\\/\"},{\"@type\":\"ListItem\",\"position\":2,\"name\":\"Produits\",\"item\":\"https:\\\/\\\/www.azur-scenic.com\\\/en\\\/?page_id=21438\"},{\"@type\":\"ListItem\",\"position\":3,\"name\":\"Silk pongee\"}]},{\"@type\":\"WebSite\",\"@id\":\"https:\\\/\\\/www.azur-scenic.com\\\/en\\\/#website\",\"url\":\"https:\\\/\\\/www.azur-scenic.com\\\/en\\\/\",\"name\":\"Azur Scenic\",\"description\":\"Sp\u00e9cialiste de l\u2019\u00e9quipement sc\u00e9nique et de la d\u00e9coration int\u00e9rieure et \u00e9v\u00e9nementielle !\",\"publisher\":{\"@id\":\"https:\\\/\\\/www.azur-scenic.com\\\/en\\\/#organization\"},\"potentialAction\":[{\"@type\":\"SearchAction\",\"target\":{\"@type\":\"EntryPoint\",\"urlTemplate\":\"https:\\\/\\\/www.azur-scenic.com\\\/en\\\/?s={search_term_string}\"},\"query-input\":{\"@type\":\"PropertyValueSpecification\",\"valueRequired\":true,\"valueName\":\"search_term_string\"}}],\"inLanguage\":\"en-US\"},{\"@type\":\"Organization\",\"@id\":\"https:\\\/\\\/www.azur-scenic.com\\\/en\\\/#organization\",\"name\":\"AZUR SCENIC\",\"url\":\"https:\\\/\\\/www.azur-scenic.com\\\/en\\\/\",\"logo\":{\"@type\":\"ImageObject\",\"inLanguage\":\"en-US\",\"@id\":\"https:\\\/\\\/www.azur-scenic.com\\\/en\\\/#\\\/schema\\\/logo\\\/image\\\/\",\"url\":\"https:\\\/\\\/www.azur-scenic.com\\\/wp-content\\\/uploads\\\/2022\\\/09\\\/LOGO-AZUR-SCENIC-Fusion-web-236x64-1.jpg\",\"contentUrl\":\"https:\\\/\\\/www.azur-scenic.com\\\/wp-content\\\/uploads\\\/2022\\\/09\\\/LOGO-AZUR-SCENIC-Fusion-web-236x64-1.jpg\",\"width\":236,\"height\":64,\"caption\":\"AZUR SCENIC\"},\"image\":{\"@id\":\"https:\\\/\\\/www.azur-scenic.com\\\/en\\\/#\\\/schema\\\/logo\\\/image\\\/\"},\"sameAs\":[\"https:\\\/\\\/www.youtube.com\\\/channel\\\/UCPWM2mGPVUt4nYhNlm71WOA\",\"https:\\\/\\\/www.linkedin.com\\\/company\\\/33237605\\\/admin\\\/feed\\\/posts\\\/\"]}]}<\/script>\n<!-- \/ Yoast SEO plugin. -->","yoast_head_json":{"title":"Silk pongee - Azur Scenic","robots":{"index":"index","follow":"follow","max-snippet":"max-snippet:-1","max-image-preview":"max-image-preview:large","max-video-preview":"max-video-preview:-1"},"canonical":"https:\/\/www.azur-scenic.com\/en\/product\/silk-pongee\/","og_locale":"en_US","og_type":"article","og_title":"Silk pongee - Azur Scenic","og_description":"Made of 100% Silk, these 2 silk pongees are natural andenvironmentally-friendly materials. Rated M1, these fabrics comply with safety standards for public spaces. This light and airy extra-light silk material is available in 2 weights (22 g and 35 g\/m\u00b2) each with a greater or lower transparency to suit the requirements of all your projects. These silks are perfect elements for theatre sets, curtains, Kabuki drops, scrim curtains, and more... Let your imagination run riot and take advantage of the incrediblelightness and flowing, floating character of these silks to make the most amazing special effects! \u00a0 Custom order colours available for dyed silks in whole lengths \u00a0  Width: 140 cm Weight: 22 g\/m\u00b2, 35 g\/m\u00b2  Flame-retardant rating: M1 Composition: 100% Silk","og_url":"https:\/\/www.azur-scenic.com\/en\/product\/silk-pongee\/","og_site_name":"Azur Scenic","article_modified_time":"2023-08-02T12:57:33+00:00","og_image":[{"width":430,"height":430,"url":"https:\/\/www.azur-scenic.com\/wp-content\/uploads\/b91820d012f61c7d0ed3bd380ead5f1b.png","type":"image\/png"}],"twitter_card":"summary_large_image","twitter_misc":{"Est. reading time":"1 minute"},"schema":{"@context":"https:\/\/schema.org","@graph":[{"@type":"WebPage","@id":"https:\/\/www.azur-scenic.com\/en\/product\/silk-pongee\/","url":"https:\/\/www.azur-scenic.com\/en\/product\/silk-pongee\/","name":"Silk pongee - Azur Scenic","isPartOf":{"@id":"https:\/\/www.azur-scenic.com\/en\/#website"},"primaryImageOfPage":{"@id":"https:\/\/www.azur-scenic.com\/en\/product\/silk-pongee\/#primaryimage"},"image":{"@id":"https:\/\/www.azur-scenic.com\/en\/product\/silk-pongee\/#primaryimage"},"thumbnailUrl":"https:\/\/www.azur-scenic.com\/wp-content\/uploads\/b91820d012f61c7d0ed3bd380ead5f1b.png","datePublished":"2022-10-04T07:25:54+00:00","dateModified":"2023-08-02T12:57:33+00:00","breadcrumb":{"@id":"https:\/\/www.azur-scenic.com\/en\/product\/silk-pongee\/#breadcrumb"},"inLanguage":"en-US","potentialAction":[{"@type":"ReadAction","target":["https:\/\/www.azur-scenic.com\/en\/product\/silk-pongee\/"]}]},{"@type":"ImageObject","inLanguage":"en-US","@id":"https:\/\/www.azur-scenic.com\/en\/product\/silk-pongee\/#primaryimage","url":"https:\/\/www.azur-scenic.com\/wp-content\/uploads\/b91820d012f61c7d0ed3bd380ead5f1b.png","contentUrl":"https:\/\/www.azur-scenic.com\/wp-content\/uploads\/b91820d012f61c7d0ed3bd380ead5f1b.png","width":430,"height":430},{"@type":"BreadcrumbList","@id":"https:\/\/www.azur-scenic.com\/en\/product\/silk-pongee\/#breadcrumb","itemListElement":[{"@type":"ListItem","position":1,"name":"Accueil","item":"https:\/\/www.azur-scenic.com\/en\/"},{"@type":"ListItem","position":2,"name":"Produits","item":"https:\/\/www.azur-scenic.com\/en\/?page_id=21438"},{"@type":"ListItem","position":3,"name":"Silk pongee"}]},{"@type":"WebSite","@id":"https:\/\/www.azur-scenic.com\/en\/#website","url":"https:\/\/www.azur-scenic.com\/en\/","name":"Azur Scenic","description":"Sp\u00e9cialiste de l\u2019\u00e9quipement sc\u00e9nique et de la d\u00e9coration int\u00e9rieure et \u00e9v\u00e9nementielle !","publisher":{"@id":"https:\/\/www.azur-scenic.com\/en\/#organization"},"potentialAction":[{"@type":"SearchAction","target":{"@type":"EntryPoint","urlTemplate":"https:\/\/www.azur-scenic.com\/en\/?s={search_term_string}"},"query-input":{"@type":"PropertyValueSpecification","valueRequired":true,"valueName":"search_term_string"}}],"inLanguage":"en-US"},{"@type":"Organization","@id":"https:\/\/www.azur-scenic.com\/en\/#organization","name":"AZUR SCENIC","url":"https:\/\/www.azur-scenic.com\/en\/","logo":{"@type":"ImageObject","inLanguage":"en-US","@id":"https:\/\/www.azur-scenic.com\/en\/#\/schema\/logo\/image\/","url":"https:\/\/www.azur-scenic.com\/wp-content\/uploads\/2022\/09\/LOGO-AZUR-SCENIC-Fusion-web-236x64-1.jpg","contentUrl":"https:\/\/www.azur-scenic.com\/wp-content\/uploads\/2022\/09\/LOGO-AZUR-SCENIC-Fusion-web-236x64-1.jpg","width":236,"height":64,"caption":"AZUR SCENIC"},"image":{"@id":"https:\/\/www.azur-scenic.com\/en\/#\/schema\/logo\/image\/"},"sameAs":["https:\/\/www.youtube.com\/channel\/UCPWM2mGPVUt4nYhNlm71WOA","https:\/\/www.linkedin.com\/company\/33237605\/admin\/feed\/posts\/"]}]}},"_links":{"self":[{"href":"https:\/\/www.azur-scenic.com\/en\/wp-json\/wp\/v2\/product\/18727","targetHints":{"allow":["GET"]}}],"collection":[{"href":"https:\/\/www.azur-scenic.com\/en\/wp-json\/wp\/v2\/product"}],"about":[{"href":"https:\/\/www.azur-scenic.com\/en\/wp-json\/wp\/v2\/types\/product"}],"wp:featuredmedia":[{"embeddable":true,"href":"https:\/\/www.azur-scenic.com\/en\/wp-json\/wp\/v2\/media\/7158"}],"wp:attachment":[{"href":"https:\/\/www.azur-scenic.com\/en\/wp-json\/wp\/v2\/media?parent=18727"}],"wp:term":[{"taxonomy":"product_brand","embeddable":true,"href":"https:\/\/www.azur-scenic.com\/en\/wp-json\/wp\/v2\/product_brand?post=18727"},{"taxonomy":"product_cat","embeddable":true,"href":"https:\/\/www.azur-scenic.com\/en\/wp-json\/wp\/v2\/product_cat?post=18727"},{"taxonomy":"product_tag","embeddable":true,"href":"https:\/\/www.azur-scenic.com\/en\/wp-json\/wp\/v2\/product_tag?post=18727"}],"curies":[{"name":"wp","href":"https:\/\/api.w.org\/{rel}","templated":true}]}}