{"id":18731,"date":"2022-10-04T07:25:49","date_gmt":"2022-10-04T07:25:49","guid":{"rendered":"https:\/\/www.azur-scenic.com\/produit\/toile-de-spi-fun-xl\/"},"modified":"2023-08-02T12:57:32","modified_gmt":"2023-08-02T12:57:32","slug":"fun-xl-ripstop-sail-cloth","status":"publish","type":"product","link":"https:\/\/www.azur-scenic.com\/en\/product\/fun-xl-ripstop-sail-cloth\/","title":{"rendered":"Fun XL ripstop sail cloth"},"content":{"rendered":"<table>\n<thead>\n<tr>\n<th style=\"width: 170px;\">Technical data<\/th>\n<th>Value<\/th>\n<th>Notes<\/th>\n<\/tr>\n<\/thead>\n<tbody>\n<tr>\n<td style=\"vertical-align: top;\">Width<\/td>\n<td style=\"vertical-align: top;\">310 cm<br \/>\n505 cm<\/td>\n<td style=\"vertical-align: top;\">\u00a0<\/td>\n<\/tr>\n<tr>\n<td style=\"vertical-align: top;\">Weight<\/td>\n<td style=\"vertical-align: top;\">65 g\/m\u00b2<\/td>\n<td style=\"vertical-align: top;\">\u00a0<\/td>\n<\/tr>\n<tr>\n<td style=\"vertical-align: top;\">Thickness<\/td>\n<td style=\"vertical-align: top;\">0.08 mm<\/td>\n<td style=\"vertical-align: top;\">\u00a0<\/td>\n<\/tr>\n<tr>\n<td style=\"vertical-align: top;\">Flame-retardant rating<\/td>\n<td style=\"vertical-align: top;\">Flame-retardant treatment<\/td>\n<td style=\"vertical-align: top;\">Flame-retardant certification status.<br \/>\nNo M1 report for this article.<\/td>\n<\/tr>\n<tr>\n<td style=\"vertical-align: top;\">Composition<\/td>\n<td style=\"vertical-align: top;\" colspan=\"2\" rowspan=\"1\">100% FR Polyester<\/td>\n<\/tr>\n<tr>\n<td style=\"vertical-align: top;\">Roll length<\/td>\n<td style=\"vertical-align: top;\">25 to 50 m<\/td>\n<td style=\"vertical-align: top;\">Rolled full-width<br \/>\nLengths not calibrated, variable lengths<br \/>\nCut-to-length possible<\/td>\n<\/tr>\n<\/tbody>\n<\/table>\n<p>\u00a0<\/p><\/p>\n","protected":false},"excerpt":{"rendered":"<p>The last word in translucent ripstop <span style=\"color: #f88523;\"><strong>sail cloth<\/strong><\/span> available in <strong><span style=\"color: #f88523;\">2 large widths<\/span><\/strong>, perfect for large-scale projects by limiting the panel seams. With its \u201ctracing paper\u201d effect this material features a <span style=\"color: #f88523;\"><strong>square weave<\/strong><\/span> in white-on-white.<br \/>\n<span style=\"color: #f88523;\"><strong>Certified flame-retardant<\/strong><\/span> (without M1 rating report), it complies with safety standards for public spaces.<br \/>\nTraditionally used for creating inflatable structures, this versatile material is also ideal for making <span style=\"color: #f88523;\"><strong>stage sets<\/strong><\/span>, decorative <span style=\"color: #f88523;\"><strong>curtains<\/strong><\/span>, and for <strong><span style=\"color: #f88523;\">dressing stands<\/span><\/strong> and other <span style=\"color: #f88523;\"><strong>structures<\/strong><\/span>&#8230;<br \/>\nIts translucent appearance makes an excellent light <span style=\"color: #f88523;\"><strong>diffuser<\/strong><\/span>, and it also makes a great way of <span style=\"color: #f88523;\"><strong>creating innovative projection <\/strong><\/span> and <strong><span style=\"color: #f88523;\">rear-projection<\/span><\/strong> screens.<br \/>\n100% FR Polyester, this sail cloth is <span style=\"color: #f88523;\"><strong>washable<\/strong><\/span> and can therefore be used both <span style=\"color: #f88523;\"><strong>indoors<\/strong><\/span> and <span style=\"color: #f88523;\"><strong>outdoors<\/strong><\/span>.<\/p>\n<p><em>Our collection also features Fun Ripstop Sail Cloth in 160 cm width with M1 rating and available in 9 colours<\/em><\/p>\n<table class=\"table\" style=\"background: #f7f7f7;\">\n<tbody>\n<tr>\n<td><strong>Width<\/strong>: 310 cm, 505 cm<\/td>\n<td><strong>Weight<\/strong>: 65 g\/m\u00b2<\/td>\n<\/tr>\n<tr>\n<td><strong>Flame-retardant rating<\/strong>: Flame-retardant treatment<\/td>\n<td style=\"vertical-align: top;\"><strong>Composition<\/strong>: 100% FR Polyester<\/td>\n<\/tr>\n<\/tbody>\n<\/table>\n","protected":false},"featured_media":7128,"template":"","meta":{"_acf_changed":false},"product_brand":[],"product_cat":[898,893,1334,1331],"product_tag":[],"class_list":{"0":"post-18731","1":"product","2":"type-product","3":"status-publish","4":"has-post-thumbnail","6":"product_cat-all-products","7":"product_cat-stage-and-events-material","8":"product_cat-voiles-lightweight-fabrics","9":"product_cat-extra-light-canvas","10":"pa_couleurs-002-en","11":"pa_groupes-de-couleurs-white","12":"pa_textiles-suitable-for-outdoors-use","13":"pa_textiles-flame-retardant-rated","14":"pa_textiles-washable","15":"pa_textiles-front-projection","16":"pa_textiles-rear-projection","17":"pa_textiles-very-large-width","19":"first","20":"instock","21":"shipping-taxable","22":"purchasable","23":"product-type-simple"},"acf":[],"yoast_head":"<!-- This site is optimized with the Yoast SEO plugin v27.3 - https:\/\/yoast.com\/product\/yoast-seo-wordpress\/ -->\n<title>Fun XL ripstop sail cloth - Azur Scenic<\/title>\n<meta name=\"robots\" content=\"index, follow, max-snippet:-1, max-image-preview:large, max-video-preview:-1\" \/>\n<link rel=\"canonical\" href=\"https:\/\/www.azur-scenic.com\/en\/product\/fun-xl-ripstop-sail-cloth\/\" \/>\n<meta property=\"og:locale\" content=\"en_US\" \/>\n<meta property=\"og:type\" content=\"article\" \/>\n<meta property=\"og:title\" content=\"Fun XL ripstop sail cloth - Azur Scenic\" \/>\n<meta property=\"og:description\" content=\"The last word in translucent ripstop sail cloth available in 2 large widths, perfect for large-scale projects by limiting the panel seams. With its \u201ctracing paper\u201d effect this material features a square weave in white-on-white. Certified flame-retardant (without M1 rating report), it complies with safety standards for public spaces. Traditionally used for creating inflatable structures, this versatile material is also ideal for making stage sets, decorative curtains, and for dressing stands and other structures... Its translucent appearance makes an excellent light diffuser, and it also makes a great way of creating innovative projection and rear-projection screens. 100% FR Polyester, this sail cloth is washable and can therefore be used both indoors and outdoors. Our collection also features Fun Ripstop Sail Cloth in 160 cm width with M1 rating and available in 9 colours  Width: 310 cm, 505 cm Weight: 65 g\/m\u00b2  Flame-retardant rating: Flame-retardant treatment Composition: 100% FR Polyester\" \/>\n<meta property=\"og:url\" content=\"https:\/\/www.azur-scenic.com\/en\/product\/fun-xl-ripstop-sail-cloth\/\" \/>\n<meta property=\"og:site_name\" content=\"Azur Scenic\" \/>\n<meta property=\"article:modified_time\" content=\"2023-08-02T12:57:32+00:00\" \/>\n<meta property=\"og:image\" content=\"https:\/\/www.azur-scenic.com\/wp-content\/uploads\/13150debaf285b91d6d0e1d6b4866623.png\" \/>\n\t<meta property=\"og:image:width\" content=\"430\" \/>\n\t<meta property=\"og:image:height\" content=\"430\" \/>\n\t<meta property=\"og:image:type\" content=\"image\/png\" \/>\n<meta name=\"twitter:card\" content=\"summary_large_image\" \/>\n<script type=\"application\/ld+json\" class=\"yoast-schema-graph\">{\"@context\":\"https:\\\/\\\/schema.org\",\"@graph\":[{\"@type\":\"WebPage\",\"@id\":\"https:\\\/\\\/www.azur-scenic.com\\\/en\\\/product\\\/fun-xl-ripstop-sail-cloth\\\/\",\"url\":\"https:\\\/\\\/www.azur-scenic.com\\\/en\\\/product\\\/fun-xl-ripstop-sail-cloth\\\/\",\"name\":\"Fun XL ripstop sail cloth - Azur Scenic\",\"isPartOf\":{\"@id\":\"https:\\\/\\\/www.azur-scenic.com\\\/en\\\/#website\"},\"primaryImageOfPage\":{\"@id\":\"https:\\\/\\\/www.azur-scenic.com\\\/en\\\/product\\\/fun-xl-ripstop-sail-cloth\\\/#primaryimage\"},\"image\":{\"@id\":\"https:\\\/\\\/www.azur-scenic.com\\\/en\\\/product\\\/fun-xl-ripstop-sail-cloth\\\/#primaryimage\"},\"thumbnailUrl\":\"https:\\\/\\\/www.azur-scenic.com\\\/wp-content\\\/uploads\\\/13150debaf285b91d6d0e1d6b4866623.png\",\"datePublished\":\"2022-10-04T07:25:49+00:00\",\"dateModified\":\"2023-08-02T12:57:32+00:00\",\"breadcrumb\":{\"@id\":\"https:\\\/\\\/www.azur-scenic.com\\\/en\\\/product\\\/fun-xl-ripstop-sail-cloth\\\/#breadcrumb\"},\"inLanguage\":\"en-US\",\"potentialAction\":[{\"@type\":\"ReadAction\",\"target\":[\"https:\\\/\\\/www.azur-scenic.com\\\/en\\\/product\\\/fun-xl-ripstop-sail-cloth\\\/\"]}]},{\"@type\":\"ImageObject\",\"inLanguage\":\"en-US\",\"@id\":\"https:\\\/\\\/www.azur-scenic.com\\\/en\\\/product\\\/fun-xl-ripstop-sail-cloth\\\/#primaryimage\",\"url\":\"https:\\\/\\\/www.azur-scenic.com\\\/wp-content\\\/uploads\\\/13150debaf285b91d6d0e1d6b4866623.png\",\"contentUrl\":\"https:\\\/\\\/www.azur-scenic.com\\\/wp-content\\\/uploads\\\/13150debaf285b91d6d0e1d6b4866623.png\",\"width\":430,\"height\":430},{\"@type\":\"BreadcrumbList\",\"@id\":\"https:\\\/\\\/www.azur-scenic.com\\\/en\\\/product\\\/fun-xl-ripstop-sail-cloth\\\/#breadcrumb\",\"itemListElement\":[{\"@type\":\"ListItem\",\"position\":1,\"name\":\"Accueil\",\"item\":\"https:\\\/\\\/www.azur-scenic.com\\\/en\\\/\"},{\"@type\":\"ListItem\",\"position\":2,\"name\":\"Produits\",\"item\":\"https:\\\/\\\/www.azur-scenic.com\\\/en\\\/?page_id=21438\"},{\"@type\":\"ListItem\",\"position\":3,\"name\":\"Fun XL ripstop sail cloth\"}]},{\"@type\":\"WebSite\",\"@id\":\"https:\\\/\\\/www.azur-scenic.com\\\/en\\\/#website\",\"url\":\"https:\\\/\\\/www.azur-scenic.com\\\/en\\\/\",\"name\":\"Azur Scenic\",\"description\":\"Sp\u00e9cialiste de l\u2019\u00e9quipement sc\u00e9nique et de la d\u00e9coration int\u00e9rieure et \u00e9v\u00e9nementielle !\",\"publisher\":{\"@id\":\"https:\\\/\\\/www.azur-scenic.com\\\/en\\\/#organization\"},\"potentialAction\":[{\"@type\":\"SearchAction\",\"target\":{\"@type\":\"EntryPoint\",\"urlTemplate\":\"https:\\\/\\\/www.azur-scenic.com\\\/en\\\/?s={search_term_string}\"},\"query-input\":{\"@type\":\"PropertyValueSpecification\",\"valueRequired\":true,\"valueName\":\"search_term_string\"}}],\"inLanguage\":\"en-US\"},{\"@type\":\"Organization\",\"@id\":\"https:\\\/\\\/www.azur-scenic.com\\\/en\\\/#organization\",\"name\":\"AZUR SCENIC\",\"url\":\"https:\\\/\\\/www.azur-scenic.com\\\/en\\\/\",\"logo\":{\"@type\":\"ImageObject\",\"inLanguage\":\"en-US\",\"@id\":\"https:\\\/\\\/www.azur-scenic.com\\\/en\\\/#\\\/schema\\\/logo\\\/image\\\/\",\"url\":\"https:\\\/\\\/www.azur-scenic.com\\\/wp-content\\\/uploads\\\/2022\\\/09\\\/LOGO-AZUR-SCENIC-Fusion-web-236x64-1.jpg\",\"contentUrl\":\"https:\\\/\\\/www.azur-scenic.com\\\/wp-content\\\/uploads\\\/2022\\\/09\\\/LOGO-AZUR-SCENIC-Fusion-web-236x64-1.jpg\",\"width\":236,\"height\":64,\"caption\":\"AZUR SCENIC\"},\"image\":{\"@id\":\"https:\\\/\\\/www.azur-scenic.com\\\/en\\\/#\\\/schema\\\/logo\\\/image\\\/\"},\"sameAs\":[\"https:\\\/\\\/www.youtube.com\\\/channel\\\/UCPWM2mGPVUt4nYhNlm71WOA\",\"https:\\\/\\\/www.linkedin.com\\\/company\\\/33237605\\\/admin\\\/feed\\\/posts\\\/\"]}]}<\/script>\n<!-- \/ Yoast SEO plugin. -->","yoast_head_json":{"title":"Fun XL ripstop sail cloth - Azur Scenic","robots":{"index":"index","follow":"follow","max-snippet":"max-snippet:-1","max-image-preview":"max-image-preview:large","max-video-preview":"max-video-preview:-1"},"canonical":"https:\/\/www.azur-scenic.com\/en\/product\/fun-xl-ripstop-sail-cloth\/","og_locale":"en_US","og_type":"article","og_title":"Fun XL ripstop sail cloth - Azur Scenic","og_description":"The last word in translucent ripstop sail cloth available in 2 large widths, perfect for large-scale projects by limiting the panel seams. With its \u201ctracing paper\u201d effect this material features a square weave in white-on-white. Certified flame-retardant (without M1 rating report), it complies with safety standards for public spaces. Traditionally used for creating inflatable structures, this versatile material is also ideal for making stage sets, decorative curtains, and for dressing stands and other structures... Its translucent appearance makes an excellent light diffuser, and it also makes a great way of creating innovative projection and rear-projection screens. 100% FR Polyester, this sail cloth is washable and can therefore be used both indoors and outdoors. Our collection also features Fun Ripstop Sail Cloth in 160 cm width with M1 rating and available in 9 colours  Width: 310 cm, 505 cm Weight: 65 g\/m\u00b2  Flame-retardant rating: Flame-retardant treatment Composition: 100% FR Polyester","og_url":"https:\/\/www.azur-scenic.com\/en\/product\/fun-xl-ripstop-sail-cloth\/","og_site_name":"Azur Scenic","article_modified_time":"2023-08-02T12:57:32+00:00","og_image":[{"width":430,"height":430,"url":"https:\/\/www.azur-scenic.com\/wp-content\/uploads\/13150debaf285b91d6d0e1d6b4866623.png","type":"image\/png"}],"twitter_card":"summary_large_image","schema":{"@context":"https:\/\/schema.org","@graph":[{"@type":"WebPage","@id":"https:\/\/www.azur-scenic.com\/en\/product\/fun-xl-ripstop-sail-cloth\/","url":"https:\/\/www.azur-scenic.com\/en\/product\/fun-xl-ripstop-sail-cloth\/","name":"Fun XL ripstop sail cloth - Azur Scenic","isPartOf":{"@id":"https:\/\/www.azur-scenic.com\/en\/#website"},"primaryImageOfPage":{"@id":"https:\/\/www.azur-scenic.com\/en\/product\/fun-xl-ripstop-sail-cloth\/#primaryimage"},"image":{"@id":"https:\/\/www.azur-scenic.com\/en\/product\/fun-xl-ripstop-sail-cloth\/#primaryimage"},"thumbnailUrl":"https:\/\/www.azur-scenic.com\/wp-content\/uploads\/13150debaf285b91d6d0e1d6b4866623.png","datePublished":"2022-10-04T07:25:49+00:00","dateModified":"2023-08-02T12:57:32+00:00","breadcrumb":{"@id":"https:\/\/www.azur-scenic.com\/en\/product\/fun-xl-ripstop-sail-cloth\/#breadcrumb"},"inLanguage":"en-US","potentialAction":[{"@type":"ReadAction","target":["https:\/\/www.azur-scenic.com\/en\/product\/fun-xl-ripstop-sail-cloth\/"]}]},{"@type":"ImageObject","inLanguage":"en-US","@id":"https:\/\/www.azur-scenic.com\/en\/product\/fun-xl-ripstop-sail-cloth\/#primaryimage","url":"https:\/\/www.azur-scenic.com\/wp-content\/uploads\/13150debaf285b91d6d0e1d6b4866623.png","contentUrl":"https:\/\/www.azur-scenic.com\/wp-content\/uploads\/13150debaf285b91d6d0e1d6b4866623.png","width":430,"height":430},{"@type":"BreadcrumbList","@id":"https:\/\/www.azur-scenic.com\/en\/product\/fun-xl-ripstop-sail-cloth\/#breadcrumb","itemListElement":[{"@type":"ListItem","position":1,"name":"Accueil","item":"https:\/\/www.azur-scenic.com\/en\/"},{"@type":"ListItem","position":2,"name":"Produits","item":"https:\/\/www.azur-scenic.com\/en\/?page_id=21438"},{"@type":"ListItem","position":3,"name":"Fun XL ripstop sail cloth"}]},{"@type":"WebSite","@id":"https:\/\/www.azur-scenic.com\/en\/#website","url":"https:\/\/www.azur-scenic.com\/en\/","name":"Azur Scenic","description":"Sp\u00e9cialiste de l\u2019\u00e9quipement sc\u00e9nique et de la d\u00e9coration int\u00e9rieure et \u00e9v\u00e9nementielle !","publisher":{"@id":"https:\/\/www.azur-scenic.com\/en\/#organization"},"potentialAction":[{"@type":"SearchAction","target":{"@type":"EntryPoint","urlTemplate":"https:\/\/www.azur-scenic.com\/en\/?s={search_term_string}"},"query-input":{"@type":"PropertyValueSpecification","valueRequired":true,"valueName":"search_term_string"}}],"inLanguage":"en-US"},{"@type":"Organization","@id":"https:\/\/www.azur-scenic.com\/en\/#organization","name":"AZUR SCENIC","url":"https:\/\/www.azur-scenic.com\/en\/","logo":{"@type":"ImageObject","inLanguage":"en-US","@id":"https:\/\/www.azur-scenic.com\/en\/#\/schema\/logo\/image\/","url":"https:\/\/www.azur-scenic.com\/wp-content\/uploads\/2022\/09\/LOGO-AZUR-SCENIC-Fusion-web-236x64-1.jpg","contentUrl":"https:\/\/www.azur-scenic.com\/wp-content\/uploads\/2022\/09\/LOGO-AZUR-SCENIC-Fusion-web-236x64-1.jpg","width":236,"height":64,"caption":"AZUR SCENIC"},"image":{"@id":"https:\/\/www.azur-scenic.com\/en\/#\/schema\/logo\/image\/"},"sameAs":["https:\/\/www.youtube.com\/channel\/UCPWM2mGPVUt4nYhNlm71WOA","https:\/\/www.linkedin.com\/company\/33237605\/admin\/feed\/posts\/"]}]}},"_links":{"self":[{"href":"https:\/\/www.azur-scenic.com\/en\/wp-json\/wp\/v2\/product\/18731","targetHints":{"allow":["GET"]}}],"collection":[{"href":"https:\/\/www.azur-scenic.com\/en\/wp-json\/wp\/v2\/product"}],"about":[{"href":"https:\/\/www.azur-scenic.com\/en\/wp-json\/wp\/v2\/types\/product"}],"wp:featuredmedia":[{"embeddable":true,"href":"https:\/\/www.azur-scenic.com\/en\/wp-json\/wp\/v2\/media\/7128"}],"wp:attachment":[{"href":"https:\/\/www.azur-scenic.com\/en\/wp-json\/wp\/v2\/media?parent=18731"}],"wp:term":[{"taxonomy":"product_brand","embeddable":true,"href":"https:\/\/www.azur-scenic.com\/en\/wp-json\/wp\/v2\/product_brand?post=18731"},{"taxonomy":"product_cat","embeddable":true,"href":"https:\/\/www.azur-scenic.com\/en\/wp-json\/wp\/v2\/product_cat?post=18731"},{"taxonomy":"product_tag","embeddable":true,"href":"https:\/\/www.azur-scenic.com\/en\/wp-json\/wp\/v2\/product_tag?post=18731"}],"curies":[{"name":"wp","href":"https:\/\/api.w.org\/{rel}","templated":true}]}}