{"id":18734,"date":"2022-10-04T07:25:48","date_gmt":"2022-10-04T07:25:48","guid":{"rendered":"https:\/\/www.azur-scenic.com\/produit\/silky-drop\/"},"modified":"2024-01-22T11:00:49","modified_gmt":"2024-01-22T11:00:49","slug":"silky-drop","status":"publish","type":"product","link":"https:\/\/www.azur-scenic.com\/en\/product\/silky-drop\/","title":{"rendered":"Silky Drop"},"content":{"rendered":"<table>\n<thead>\n<tr>\n<th style=\"width: 170px;\">Technical data<\/th>\n<th style=\"width: 109px;\">Value<\/th>\n<th style=\"width: 250px;\">Notes<\/th>\n<\/tr>\n<\/thead>\n<tbody>\n<tr>\n<td style=\"vertical-align: top;\">Width<\/td>\n<td style=\"vertical-align: top; width: 109px;\">\u00b1 140 &#8211; 150 cm<\/td>\n<td style=\"vertical-align: top; width: 250px;\">\u00a0<\/td>\n<\/tr>\n<tr>\n<td style=\"vertical-align: top;\">Weight<\/td>\n<td style=\"vertical-align: top; width: 109px;\">80 g\/m\u00b2<\/td>\n<td style=\"vertical-align: top; width: 250px;\">\u00a0<\/td>\n<\/tr>\n<tr>\n<td style=\"vertical-align: top;\">Thickness<\/td>\n<td style=\"vertical-align: top; width: 109px;\">0.2 mm<\/td>\n<td style=\"vertical-align: top; width: 250px;\">\u00a0<\/td>\n<\/tr>\n<tr>\n<td style=\"vertical-align: top;\">Flame-retardant rating<\/td>\n<td style=\"vertical-align: top; width: 109px;\">Flame retardant\u00a0<\/td>\n<td style=\"vertical-align: top; width: 250px;\">(No M1 certificate)<\/td>\n<\/tr>\n<tr>\n<td style=\"vertical-align: top;\">Composition<\/td>\n<td style=\"vertical-align: top;\" colspan=\"2\" rowspan=\"1\">100% Flame-retardant Polyester<\/td>\n<\/tr>\n<tr>\n<td style=\"vertical-align: top;\">Roll length<\/td>\n<td style=\"vertical-align: top; width: 109px;\">\u00b1 50 m<\/td>\n<td style=\"vertical-align: top; width: 250px;\">Rolled full-width<br \/>\nLengths not calibrated<br \/>\nAvailable to buy cut-to-length: according to stock and colour<\/td>\n<\/tr>\n<tr>\n<td style=\"vertical-align: top;\"><em>Important information concerning<\/em><br \/>\n<em>flame-retardant treatment<\/em><\/td>\n<td style=\"vertical-align: top;\" colspan=\"2\"><em>During flame-retardant treatment the material may shrink.<br \/>\nWhen delivered it is possible that the fabric will have a width slightly less than the advertised 150 cm.<br \/>\nIt is also possible that the length of the rolls delivered will be slightly less than the quantity ordered (corresponding to the real quantity before flame-retardant treatment).<br \/>\nWe recommend ordering a quantity 10% greater than actually required.<\/em><\/td>\n<\/tr>\n<\/tbody>\n<\/table>\n<p>&nbsp;<\/p>\n","protected":false},"excerpt":{"rendered":"<p>Get the <span style=\"color: #f88523;\"><strong>light<\/strong><\/span>, <strong><span style=\"color: #f88523;\">flowing<\/span><\/strong> character of silk in an affordable version with this high-quality <strong><span style=\"color: #f88523;\">imitation silk<\/span><\/strong> polyester satin.<br \/>\n<span style=\"color: #f88523;\"><b>Flame retardant<\/b><\/span>, these fabrics comply with safety standards for public spaces.<br \/>\nWith a very floaty character, this material is available in <span style=\"color: #f88523;\"><strong>3 classic colours<\/strong><\/span>\u00a0(black, white and cream), as well as a range of over <span style=\"color: #f88523;\"><strong>80 seasonal colours\u00a0<\/strong><\/span>ideally suited to you projects.<br \/>\nThey\u2019re perfect for <strong><span style=\"color: #f88523;\">theatre sets<\/span><\/strong>, <span style=\"color: #f88523;\"><strong>curtains<\/strong><\/span> and even for designing amazing <span style=\"color: #f88523;\"><strong>kabuki drops<\/strong><\/span>, scrim curtains&#8230;<br \/>\nlet your imagination guide you and create <span style=\"color: #f88523;\"><strong>amazing special effects<\/strong><\/span> thanks to Silky Drop!<\/p>\n<table class=\"table\" style=\"background: #f7f7f7;\">\n<tbody>\n<tr>\n<td><strong>Width<\/strong>: \u00b1 140 &#8211; 150 cm<\/td>\n<td><strong>Weight<\/strong>: 80 g\/m\u00b2<\/td>\n<\/tr>\n<tr>\n<td><strong>Flame-retardant rating<\/strong>: Flame retardant<\/td>\n<td style=\"vertical-align: top;\"><strong>Composition<\/strong>: 100% Flame-retardant Polyester<\/td>\n<\/tr>\n<\/tbody>\n<\/table>\n","protected":false},"featured_media":7152,"template":"","meta":{"_acf_changed":false},"product_brand":[],"product_cat":[898,893,1334,1623,981,1624,897],"product_tag":[],"class_list":{"0":"post-18734","1":"product","2":"type-product","3":"status-publish","4":"has-post-thumbnail","6":"product_cat-all-products","7":"product_cat-stage-and-events-material","8":"product_cat-voiles-lightweight-fabrics","9":"product_cat-silks-imitation-silks","10":"product_cat-decorative-fabrics","11":"product_cat-satin-gloss-fabrics","12":"product_cat-theatre","13":"pa_couleurs-002-en","14":"pa_couleurs-003-en","15":"pa_couleurs-030-en","16":"pa_couleurs-999-en","17":"pa_groupes-de-couleurs-white","18":"pa_groupes-de-couleurs-off-white","19":"pa_groupes-de-couleurs-black","20":"pa_textiles-flame-retardant-rated","21":"pa_textiles-special-effects","23":"first","24":"instock","25":"shipping-taxable","26":"purchasable","27":"product-type-variable"},"acf":[],"yoast_head":"<!-- This site is optimized with the Yoast SEO plugin v27.3 - https:\/\/yoast.com\/product\/yoast-seo-wordpress\/ -->\n<title>Silky Drop - Azur Scenic<\/title>\n<meta name=\"robots\" content=\"index, follow, max-snippet:-1, max-image-preview:large, max-video-preview:-1\" \/>\n<link rel=\"canonical\" href=\"https:\/\/www.azur-scenic.com\/en\/product\/silky-drop\/\" \/>\n<meta property=\"og:locale\" content=\"en_US\" \/>\n<meta property=\"og:type\" content=\"article\" \/>\n<meta property=\"og:title\" content=\"Silky Drop - Azur Scenic\" \/>\n<meta property=\"og:description\" content=\"Get the light, flowing character of silk in an affordable version with this high-quality imitation silk polyester satin. Flame retardant, these fabrics comply with safety standards for public spaces. With a very floaty character, this material is available in 3 classic colours\u00a0(black, white and cream), as well as a range of over 80 seasonal colours\u00a0ideally suited to you projects. They\u2019re perfect for theatre sets, curtains and even for designing amazing kabuki drops, scrim curtains... let your imagination guide you and create amazing special effects thanks to Silky Drop!    Width: \u00b1 140 - 150 cm Weight: 80 g\/m\u00b2   Flame-retardant rating: Flame retardant Composition: 100% Flame-retardant Polyester\" \/>\n<meta property=\"og:url\" content=\"https:\/\/www.azur-scenic.com\/en\/product\/silky-drop\/\" \/>\n<meta property=\"og:site_name\" content=\"Azur Scenic\" \/>\n<meta property=\"article:modified_time\" content=\"2024-01-22T11:00:49+00:00\" \/>\n<meta property=\"og:image\" content=\"https:\/\/www.azur-scenic.com\/wp-content\/uploads\/a7986fa0991767d9d373c81fb2943771.png\" \/>\n\t<meta property=\"og:image:width\" content=\"430\" \/>\n\t<meta property=\"og:image:height\" content=\"430\" \/>\n\t<meta property=\"og:image:type\" content=\"image\/png\" \/>\n<meta name=\"twitter:card\" content=\"summary_large_image\" \/>\n<meta name=\"twitter:label1\" content=\"Est. reading time\" \/>\n\t<meta name=\"twitter:data1\" content=\"1 minute\" \/>\n<script type=\"application\/ld+json\" class=\"yoast-schema-graph\">{\"@context\":\"https:\\\/\\\/schema.org\",\"@graph\":[{\"@type\":\"WebPage\",\"@id\":\"https:\\\/\\\/www.azur-scenic.com\\\/en\\\/product\\\/silky-drop\\\/\",\"url\":\"https:\\\/\\\/www.azur-scenic.com\\\/en\\\/product\\\/silky-drop\\\/\",\"name\":\"Silky Drop - Azur Scenic\",\"isPartOf\":{\"@id\":\"https:\\\/\\\/www.azur-scenic.com\\\/en\\\/#website\"},\"primaryImageOfPage\":{\"@id\":\"https:\\\/\\\/www.azur-scenic.com\\\/en\\\/product\\\/silky-drop\\\/#primaryimage\"},\"image\":{\"@id\":\"https:\\\/\\\/www.azur-scenic.com\\\/en\\\/product\\\/silky-drop\\\/#primaryimage\"},\"thumbnailUrl\":\"https:\\\/\\\/www.azur-scenic.com\\\/wp-content\\\/uploads\\\/a7986fa0991767d9d373c81fb2943771.png\",\"datePublished\":\"2022-10-04T07:25:48+00:00\",\"dateModified\":\"2024-01-22T11:00:49+00:00\",\"breadcrumb\":{\"@id\":\"https:\\\/\\\/www.azur-scenic.com\\\/en\\\/product\\\/silky-drop\\\/#breadcrumb\"},\"inLanguage\":\"en-US\",\"potentialAction\":[{\"@type\":\"ReadAction\",\"target\":[\"https:\\\/\\\/www.azur-scenic.com\\\/en\\\/product\\\/silky-drop\\\/\"]}]},{\"@type\":\"ImageObject\",\"inLanguage\":\"en-US\",\"@id\":\"https:\\\/\\\/www.azur-scenic.com\\\/en\\\/product\\\/silky-drop\\\/#primaryimage\",\"url\":\"https:\\\/\\\/www.azur-scenic.com\\\/wp-content\\\/uploads\\\/a7986fa0991767d9d373c81fb2943771.png\",\"contentUrl\":\"https:\\\/\\\/www.azur-scenic.com\\\/wp-content\\\/uploads\\\/a7986fa0991767d9d373c81fb2943771.png\",\"width\":430,\"height\":430},{\"@type\":\"BreadcrumbList\",\"@id\":\"https:\\\/\\\/www.azur-scenic.com\\\/en\\\/product\\\/silky-drop\\\/#breadcrumb\",\"itemListElement\":[{\"@type\":\"ListItem\",\"position\":1,\"name\":\"Accueil\",\"item\":\"https:\\\/\\\/www.azur-scenic.com\\\/en\\\/\"},{\"@type\":\"ListItem\",\"position\":2,\"name\":\"Produits\",\"item\":\"https:\\\/\\\/www.azur-scenic.com\\\/en\\\/?page_id=21438\"},{\"@type\":\"ListItem\",\"position\":3,\"name\":\"Silky Drop\"}]},{\"@type\":\"WebSite\",\"@id\":\"https:\\\/\\\/www.azur-scenic.com\\\/en\\\/#website\",\"url\":\"https:\\\/\\\/www.azur-scenic.com\\\/en\\\/\",\"name\":\"Azur Scenic\",\"description\":\"Sp\u00e9cialiste de l\u2019\u00e9quipement sc\u00e9nique et de la d\u00e9coration int\u00e9rieure et \u00e9v\u00e9nementielle !\",\"publisher\":{\"@id\":\"https:\\\/\\\/www.azur-scenic.com\\\/en\\\/#organization\"},\"potentialAction\":[{\"@type\":\"SearchAction\",\"target\":{\"@type\":\"EntryPoint\",\"urlTemplate\":\"https:\\\/\\\/www.azur-scenic.com\\\/en\\\/?s={search_term_string}\"},\"query-input\":{\"@type\":\"PropertyValueSpecification\",\"valueRequired\":true,\"valueName\":\"search_term_string\"}}],\"inLanguage\":\"en-US\"},{\"@type\":\"Organization\",\"@id\":\"https:\\\/\\\/www.azur-scenic.com\\\/en\\\/#organization\",\"name\":\"AZUR SCENIC\",\"url\":\"https:\\\/\\\/www.azur-scenic.com\\\/en\\\/\",\"logo\":{\"@type\":\"ImageObject\",\"inLanguage\":\"en-US\",\"@id\":\"https:\\\/\\\/www.azur-scenic.com\\\/en\\\/#\\\/schema\\\/logo\\\/image\\\/\",\"url\":\"https:\\\/\\\/www.azur-scenic.com\\\/wp-content\\\/uploads\\\/2022\\\/09\\\/LOGO-AZUR-SCENIC-Fusion-web-236x64-1.jpg\",\"contentUrl\":\"https:\\\/\\\/www.azur-scenic.com\\\/wp-content\\\/uploads\\\/2022\\\/09\\\/LOGO-AZUR-SCENIC-Fusion-web-236x64-1.jpg\",\"width\":236,\"height\":64,\"caption\":\"AZUR SCENIC\"},\"image\":{\"@id\":\"https:\\\/\\\/www.azur-scenic.com\\\/en\\\/#\\\/schema\\\/logo\\\/image\\\/\"},\"sameAs\":[\"https:\\\/\\\/www.youtube.com\\\/channel\\\/UCPWM2mGPVUt4nYhNlm71WOA\",\"https:\\\/\\\/www.linkedin.com\\\/company\\\/33237605\\\/admin\\\/feed\\\/posts\\\/\"]}]}<\/script>\n<!-- \/ Yoast SEO plugin. -->","yoast_head_json":{"title":"Silky Drop - Azur Scenic","robots":{"index":"index","follow":"follow","max-snippet":"max-snippet:-1","max-image-preview":"max-image-preview:large","max-video-preview":"max-video-preview:-1"},"canonical":"https:\/\/www.azur-scenic.com\/en\/product\/silky-drop\/","og_locale":"en_US","og_type":"article","og_title":"Silky Drop - Azur Scenic","og_description":"Get the light, flowing character of silk in an affordable version with this high-quality imitation silk polyester satin. Flame retardant, these fabrics comply with safety standards for public spaces. With a very floaty character, this material is available in 3 classic colours\u00a0(black, white and cream), as well as a range of over 80 seasonal colours\u00a0ideally suited to you projects. They\u2019re perfect for theatre sets, curtains and even for designing amazing kabuki drops, scrim curtains... let your imagination guide you and create amazing special effects thanks to Silky Drop!    Width: \u00b1 140 - 150 cm Weight: 80 g\/m\u00b2   Flame-retardant rating: Flame retardant Composition: 100% Flame-retardant Polyester","og_url":"https:\/\/www.azur-scenic.com\/en\/product\/silky-drop\/","og_site_name":"Azur Scenic","article_modified_time":"2024-01-22T11:00:49+00:00","og_image":[{"width":430,"height":430,"url":"https:\/\/www.azur-scenic.com\/wp-content\/uploads\/a7986fa0991767d9d373c81fb2943771.png","type":"image\/png"}],"twitter_card":"summary_large_image","twitter_misc":{"Est. reading time":"1 minute"},"schema":{"@context":"https:\/\/schema.org","@graph":[{"@type":"WebPage","@id":"https:\/\/www.azur-scenic.com\/en\/product\/silky-drop\/","url":"https:\/\/www.azur-scenic.com\/en\/product\/silky-drop\/","name":"Silky Drop - Azur Scenic","isPartOf":{"@id":"https:\/\/www.azur-scenic.com\/en\/#website"},"primaryImageOfPage":{"@id":"https:\/\/www.azur-scenic.com\/en\/product\/silky-drop\/#primaryimage"},"image":{"@id":"https:\/\/www.azur-scenic.com\/en\/product\/silky-drop\/#primaryimage"},"thumbnailUrl":"https:\/\/www.azur-scenic.com\/wp-content\/uploads\/a7986fa0991767d9d373c81fb2943771.png","datePublished":"2022-10-04T07:25:48+00:00","dateModified":"2024-01-22T11:00:49+00:00","breadcrumb":{"@id":"https:\/\/www.azur-scenic.com\/en\/product\/silky-drop\/#breadcrumb"},"inLanguage":"en-US","potentialAction":[{"@type":"ReadAction","target":["https:\/\/www.azur-scenic.com\/en\/product\/silky-drop\/"]}]},{"@type":"ImageObject","inLanguage":"en-US","@id":"https:\/\/www.azur-scenic.com\/en\/product\/silky-drop\/#primaryimage","url":"https:\/\/www.azur-scenic.com\/wp-content\/uploads\/a7986fa0991767d9d373c81fb2943771.png","contentUrl":"https:\/\/www.azur-scenic.com\/wp-content\/uploads\/a7986fa0991767d9d373c81fb2943771.png","width":430,"height":430},{"@type":"BreadcrumbList","@id":"https:\/\/www.azur-scenic.com\/en\/product\/silky-drop\/#breadcrumb","itemListElement":[{"@type":"ListItem","position":1,"name":"Accueil","item":"https:\/\/www.azur-scenic.com\/en\/"},{"@type":"ListItem","position":2,"name":"Produits","item":"https:\/\/www.azur-scenic.com\/en\/?page_id=21438"},{"@type":"ListItem","position":3,"name":"Silky Drop"}]},{"@type":"WebSite","@id":"https:\/\/www.azur-scenic.com\/en\/#website","url":"https:\/\/www.azur-scenic.com\/en\/","name":"Azur Scenic","description":"Sp\u00e9cialiste de l\u2019\u00e9quipement sc\u00e9nique et de la d\u00e9coration int\u00e9rieure et \u00e9v\u00e9nementielle !","publisher":{"@id":"https:\/\/www.azur-scenic.com\/en\/#organization"},"potentialAction":[{"@type":"SearchAction","target":{"@type":"EntryPoint","urlTemplate":"https:\/\/www.azur-scenic.com\/en\/?s={search_term_string}"},"query-input":{"@type":"PropertyValueSpecification","valueRequired":true,"valueName":"search_term_string"}}],"inLanguage":"en-US"},{"@type":"Organization","@id":"https:\/\/www.azur-scenic.com\/en\/#organization","name":"AZUR SCENIC","url":"https:\/\/www.azur-scenic.com\/en\/","logo":{"@type":"ImageObject","inLanguage":"en-US","@id":"https:\/\/www.azur-scenic.com\/en\/#\/schema\/logo\/image\/","url":"https:\/\/www.azur-scenic.com\/wp-content\/uploads\/2022\/09\/LOGO-AZUR-SCENIC-Fusion-web-236x64-1.jpg","contentUrl":"https:\/\/www.azur-scenic.com\/wp-content\/uploads\/2022\/09\/LOGO-AZUR-SCENIC-Fusion-web-236x64-1.jpg","width":236,"height":64,"caption":"AZUR SCENIC"},"image":{"@id":"https:\/\/www.azur-scenic.com\/en\/#\/schema\/logo\/image\/"},"sameAs":["https:\/\/www.youtube.com\/channel\/UCPWM2mGPVUt4nYhNlm71WOA","https:\/\/www.linkedin.com\/company\/33237605\/admin\/feed\/posts\/"]}]}},"_links":{"self":[{"href":"https:\/\/www.azur-scenic.com\/en\/wp-json\/wp\/v2\/product\/18734","targetHints":{"allow":["GET"]}}],"collection":[{"href":"https:\/\/www.azur-scenic.com\/en\/wp-json\/wp\/v2\/product"}],"about":[{"href":"https:\/\/www.azur-scenic.com\/en\/wp-json\/wp\/v2\/types\/product"}],"wp:featuredmedia":[{"embeddable":true,"href":"https:\/\/www.azur-scenic.com\/en\/wp-json\/wp\/v2\/media\/7152"}],"wp:attachment":[{"href":"https:\/\/www.azur-scenic.com\/en\/wp-json\/wp\/v2\/media?parent=18734"}],"wp:term":[{"taxonomy":"product_brand","embeddable":true,"href":"https:\/\/www.azur-scenic.com\/en\/wp-json\/wp\/v2\/product_brand?post=18734"},{"taxonomy":"product_cat","embeddable":true,"href":"https:\/\/www.azur-scenic.com\/en\/wp-json\/wp\/v2\/product_cat?post=18734"},{"taxonomy":"product_tag","embeddable":true,"href":"https:\/\/www.azur-scenic.com\/en\/wp-json\/wp\/v2\/product_tag?post=18734"}],"curies":[{"name":"wp","href":"https:\/\/api.w.org\/{rel}","templated":true}]}}